{"id":3413,"date":"2025-09-10T17:14:43","date_gmt":"2025-09-10T14:14:43","guid":{"rendered":"http:\/\/147.182.243.37\/?page_id=3413"},"modified":"2025-09-13T11:26:04","modified_gmt":"2025-09-13T08:26:04","slug":"departures","status":"publish","type":"page","link":"https:\/\/istanbul-ist-international-airport.com\/cs\/departures\/","title":{"rendered":"Istanbul Airport Departures"},"content":{"rendered":"<iframe loading=\"lazy\" frameborder=\"0\" style=\"border:0; width: 100%; height: 95%; min-height: 650px; margin:0; padding:0;\" src=\"https:\/\/www.avionio.com\/widget\/en\/ist\/departures\"><\/iframe>\n\n\n\n<h2 itemprop=\"alternateName\" class=\"wp-block-heading\"><strong>Mezin\u00e1rodn\u00ed stav let\u016f z leti\u0161t\u011b Istanbul<\/strong><\/h2>\n\n\n\n<p>Kdy\u017e zahajujete sv\u00e9 aktivn\u00ed cestov\u00e1n\u00ed z b\u00e1je\u010dn\u00e9ho, ale hektick\u00e9ho istanbulsk\u00e9ho leti\u0161t\u011b, pravd\u011bpodobn\u011b m\u00e1te ur\u010dit\u00e1 p\u0159\u00e1n\u00ed ohledn\u011b toho, aby va\u0161e \u010dek\u00e1n\u00ed na let a odlet byly co nejkomfortn\u011bj\u0161\u00ed a abyste se vyhnuli jak\u00fdmkoli specifick\u00fdm obt\u00ed\u017e\u00edm spojen\u00fdm s aktivn\u00edmi odletov\u00fdmi postupy a \u010dasov\u00e1n\u00edm. Mus\u00edte souhlasit, \u017ee zme\u0161k\u00e1n\u00ed letu je pro ka\u017ed\u00e9ho aktivn\u00edho cestovatele opravdov\u00e1 no\u010dn\u00ed m\u016fra, a pokud se to stane, ztr\u00e1c\u00edte v\u00edc ne\u017e jen pen\u00edze, va\u0161e \u010dasov\u00e9 pl\u00e1ny se ocitnou v probl\u00e9mech a va\u0161e aktivn\u00ed pl\u00e1ny jsou ohro\u017eeny.<br>Proto je nezbytn\u00e9 v\u011bd\u011bt, kde hledat rychl\u00e9 p\u0159ipom\u00ednky ohledn\u011b aktivn\u00edho \u010dasu odletu va\u0161eho letu, zejm\u00e9na na leti\u0161ti v Istanbulu. V na\u0161em pr\u016fvodci aktivn\u00edmi \u010dasy odlet\u016f na leti\u0161ti v Istanbulu, kter\u00fd sd\u00edl\u00edme, se budeme zab\u00fdvat nejd\u016fle\u017eit\u011bj\u0161\u00edmi ot\u00e1zkami ohledn\u011b toho, co d\u011blat, kam j\u00edt a jak z\u00edskat pomoc s informacemi o odletech z leti\u0161t\u011b.<br>Zde m\u016f\u017eete ud\u011blat to nejlep\u0161\u00ed, co se t\u00fdk\u00e1 kontroly stavu va\u0161eho letu na istanbulsk\u00e9m leti\u0161ti. Zde je tabulka, kter\u00e1 poskytuje ofici\u00e1ln\u00ed informace p\u0159\u00edmo ze slu\u017eeb pro kontrolu odlet\u016f\/p\u0159\u00edlet\u016f a informa\u010dn\u00edch displej\u016f leti\u0161t\u011b.<\/p>\n\n\n\n<h2 itemprop=\"alternateName\" class=\"wp-block-heading\"><strong>Jak zkontrolovat odlety let\u016f z leti\u0161t\u011b Istanbul?<\/strong><\/h2>\n\n\n\n<p>Zjednodu\u0161me va\u0161e pl\u00e1ny na odlet z istanbulsk\u00e9ho leti\u0161t\u011b pomoc\u00ed n\u011bkolika u\u017eite\u010dn\u00fdch tip\u016f, kter\u00e9 cestuj\u00edc\u00edmu pomohou nastoupit bez probl\u00e9m\u016f. Nejprve se vyplat\u00ed zv\u00e1\u017eit va\u0161e odletov\u00e9 aktivity a ud\u011blat z nich jak\u00fdsi nezbytn\u00fd pr\u016fvodce krok za krokem. Co by se m\u011blo zv\u00e1\u017eit a ud\u011blat? Uve\u010fme to v na\u0161em harmonogramu.<\/p>\n\n\n\n<p>1. Zkontrolujte si doklady, abyste se ujistili, \u017ee m\u00e1te v\u0161echny k dispozici. Abyste si mohli u\u017e\u00edt let z leti\u0161t\u011b Istanbul, mus\u00edte m\u00edt p\u0159ipravenou letenku (pap\u00edrovou, elektronickou nebo palubn\u00ed l\u00edstek) a platn\u00fd cestovn\u00ed pas nebo ob\u010dansk\u00fd pr\u016fkaz. D\u00e1le m\u016f\u017eete p\u0159edlo\u017eit v\u00edzum, cestovn\u00ed poji\u0161t\u011bn\u00ed a doklad o rezervaci hotelu\/dopravy v c\u00edlov\u00e9 destinaci.<\/p>\n\n\n\n<p>2. Z\u00edskejte informace o tom, jak se dostat na leti\u0161t\u011b. Mezi mo\u017enosti dopravy, kter\u00e9 turist\u00e9 obvykle vyu\u017e\u00edvaj\u00ed, pat\u0159\u00ed taxi, metro, autobusov\u00e1 doprava a pron\u00e1jem soukrom\u00fdch vozidel.<\/p>\n\n\n\n<p>3. Vyhledejte sv\u016fj termin\u00e1l, abyste byli p\u0159ipraveni zah\u00e1jit cestu podle letov\u00e9ho \u0159\u00e1du. Jako obvykle jsou v\u0161echny \u010dasy a vstupy uvedeny na velk\u00fdch obrazovk\u00e1ch p\u0159ed va\u0161\u00edm n\u00e1stupn\u00edm prostorem. V\u0161echny informace jsou p\u0159izp\u016fsobeny pro turecky mluv\u00edc\u00ed a anglicky mluv\u00edc\u00ed osoby.<\/p>\n\n\n\n<p>4. Nezapome\u0148te si nechat n\u011bjak\u00fd \u010das na bezpe\u010dnostn\u00ed kontroly.<br>Tip: P\u0159i pr\u016fchodu bezpe\u010dnostn\u00ed kontrolou m\u011bjte cenn\u00e9 nebo k\u0159ehk\u00e9 v\u011bci v ta\u0161ce, abyste zajistili jejich bezpe\u010dnost.&nbsp;<\/p>\n\n\n\n<p>5. Projd\u011bte odbaven\u00edm.<br><strong>M\u011bli byste pamatovat na to, \u017ee tureck\u00fd rezident plat\u00ed odletovou da\u0148, kdy\u017e odl\u00e9t\u00e1 z istanbulsk\u00e9ho leti\u0161t\u011b.<\/strong><\/p>\n\n\n\n<p>6. Projd\u011bte pasovou kontrolou. Tento krok lze pro tureck\u00e9 z\u00e1kazn\u00edky tak\u00e9 zjednodu\u0161it, proto\u017ee mohou na leti\u0161ti vyu\u017e\u00edt e-passport pointy.<\/p>\n\n\n\n<p>7. Nakonec sledujte \u010dasy sv\u00e9ho letu pomoc\u00ed jedn\u00e9 z metod, kter\u00e9 pop\u00ed\u0161eme d\u00e1le.<\/p>\n\n\n\n<h2 itemprop=\"alternateName\" class=\"wp-block-heading\"><strong>Jak zkontrolovat stav dne\u0161n\u00edho letu na leti\u0161ti v Istanbulu?<\/strong><\/h2>\n\n\n\n<p>P\u0159i hled\u00e1n\u00ed zp\u016fsobu, jak se informovat o z\u00edt\u0159ej\u0161\u00edch nebo i dne\u0161n\u00edch odletech z istanbulsk\u00e9ho leti\u0161t\u011b, nepot\u0159ebujete zbyte\u010dn\u00e9 starosti. Sta\u010d\u00ed vyu\u017e\u00edt seznam kontaktn\u00edch metod, kter\u00e9 v\u00e1s informuj\u00ed o rezervac\u00edch, odletech, zru\u0161en\u00edch nebo jednodu\u0161e o novink\u00e1ch z leti\u0161t\u011b.<br>\u2013 Informa\u010dn\u00ed kancel\u00e1\u0159 na leti\u0161ti je va\u0161\u00edm spolehliv\u00fdm pomocn\u00edkem, proto\u017ee jej\u00ed person\u00e1l v\u00e1m snadno poskytne podrobnosti o va\u0161em letu. Tyto ofici\u00e1ln\u00ed body se nach\u00e1zej\u00ed v cel\u00e9m are\u00e1lu termin\u00e1lu na leti\u0161ti. \u2013 Ofici\u00e1ln\u00ed komunika\u010dn\u00ed kan\u00e1ly nab\u00edzen\u00e9 t\u00fdmem leti\u0161t\u011b. Pat\u0159\u00ed mezi n\u011b linka podpory WhatsApp, hork\u00e1 linka leti\u0161t\u011b a e-mail. \u2013 Vyu\u017eit\u00ed webov\u00fdch str\u00e1nek leti\u0161t\u011b je tak\u00e9 v\u00fdhodn\u00e9. Z\u00edsk\u00e1v\u00e1n\u00ed informac\u00ed o rezervac\u00edch, novink\u00e1ch od leteck\u00fdch spole\u010dnost\u00ed a letech v re\u00e1ln\u00e9m \u010dase je snadn\u00e9 pomoc\u00ed webov\u00fdch str\u00e1nek poskytovan\u00fdch odpov\u011bdn\u00fdmi org\u00e1ny leti\u0161t\u011b. Krom\u011b toho jich existuje n\u011bkolik, tak\u017ee si m\u016f\u017eete vybrat a proch\u00e1zet webov\u00e9 str\u00e1nky, kter\u00e9 v\u00e1m poskytnou pot\u0159ebn\u00e9 informace po odsouhlasen\u00ed jejich cookies. M\u016f\u017eete nap\u0159\u00edklad zadat&nbsp;<a href=\"https:\/\/istanbul-ist-international-airport.com\/\">IST<\/a>&nbsp;web, kde mus\u00edte odeslat bal\u00ed\u010dek z\u00e1sad ochrany osobn\u00edch \u00fadaj\u016f, abyste si mohli p\u0159e\u010d\u00edst v\u00edce o odletech. Dal\u0161\u00ed web je ofici\u00e1ln\u00ed str\u00e1nka, kter\u00e1 je k dispozici v angli\u010dtin\u011b\/ture\u010dtin\u011b\/ru\u0161tin\u011b\/\u0161pan\u011bl\u0161tin\u011b. Na t\u00e9to webov\u00e9 str\u00e1nce se tak\u00e9 nach\u00e1z\u00ed slu\u017eba Airport Online, kter\u00e1 je tak\u00e9 v\u00fdhodn\u00e1 d\u00edky sv\u00e9mu v\u00edcejazy\u010dn\u00e9mu rozhran\u00ed v angli\u010dtin\u011b\/ture\u010dtin\u011b\/ru\u0161tin\u011b\/\u0161pan\u011bl\u0161tin\u011b. \u2013 Aplikace jsou v\u00e1m k dispozici, aby v\u00e1m pomohly rezervovat let, zru\u0161it jej nebo v\u00e1s v\u010das informovaly o v\u0161ech odletech a zpo\u017ed\u011bn\u00edch. Tam m\u016f\u017eete z\u00edskat r\u016fzn\u00e9 slu\u017eby p\u0159\u00edmo v telefonu. M\u016f\u017eete si po\u0159\u00eddit aplikaci leti\u0161t\u011b nebo podobn\u011b pou\u017e\u00edt sledova\u010d, jako je IST+Radar.<\/p>\n\n\n\n<h3 itemprop=\"alternateName\" class=\"wp-block-heading\"><strong>Jak zru\u0161it let z leti\u0161t\u011b Istanbul?<\/strong><\/h3>\n\n\n\n<p>Jakmile si cestuj\u00edc\u00ed zakoup\u00ed letenky na let z istanbulsk\u00e9ho leti\u0161t\u011b, mus\u00ed m\u00edt jasn\u00e9 pov\u011bdom\u00ed o mo\u017en\u00fdch zru\u0161en\u00edch letu. V\u0161echny aktu\u00e1ln\u00ed zm\u011bny v letov\u00e9m \u0159\u00e1du, zru\u0161en\u00e9 lety a dal\u0161\u00ed neo\u010dek\u00e1van\u00e9 okolnosti jsou obvykle uvedeny na webov\u00fdch str\u00e1nk\u00e1ch leti\u0161t\u011b. N\u011bkte\u0159\u00ed provozovatel\u00e9 let\u016f, jako nap\u0159\u00edklad Turkish Airlines, zas\u00edlaj\u00ed e-maily nebo textov\u00e9 zpr\u00e1vy ve sv\u00e9m zpravodaji klient\u016fm, kte\u0159\u00ed si rezervuj\u00ed jejich lety. P\u0159e\u010dt\u011bte si pros\u00edm o sv\u00fdch potvrzen\u00fdch pr\u00e1vech v p\u0159\u00edpad\u011b zpo\u017ed\u011bn\u00ed nebo zru\u0161en\u00ed letu na odkazech na str\u00e1nk\u00e1ch leteck\u00fdch spole\u010dnost\u00ed nebo na webov\u00fdch str\u00e1nk\u00e1ch IGA.<\/p>","protected":false},"excerpt":{"rendered":"<p>International flight status from Istanbul Airport When you start your active tour from the fabulous yet hectic Istanbul Airport, you probably have some desires about making your flight expectation and departure as full of comfort as it is possible and avoiding any specific difficulty related to active departure procedures and timings. You should agree that [&hellip;]<\/p>","protected":false},"author":1,"featured_media":3652,"parent":0,"menu_order":0,"comment_status":"closed","ping_status":"closed","template":"home.php","meta":{"_acf_changed":false,"footnotes":""},"class_list":["post-3413","page","type-page","status-publish","has-post-thumbnail","hentry"],"acf":[],"yoast_head":"<!-- This site is optimized with the Yoast SEO plugin v27.4 - https:\/\/yoast.com\/product\/yoast-seo-wordpress\/ -->\n<title>Istanbul Airport Departures - Istanbul International Airport (IST) - Turkey&#039;s new airport<\/title>\n<meta name=\"robots\" content=\"index, follow, max-snippet:-1, max-image-preview:large, max-video-preview:-1\" \/>\n<link rel=\"canonical\" href=\"https:\/\/istanbul-ist-international-airport.com\/cs\/departures\/\" \/>\n<meta property=\"og:locale\" content=\"cs_CZ\" \/>\n<meta property=\"og:type\" content=\"article\" \/>\n<meta property=\"og:title\" content=\"Istanbul Airport Departures - Istanbul International Airport (IST) - Turkey&#039;s new airport\" \/>\n<meta property=\"og:description\" content=\"International flight status from Istanbul Airport When you start your active tour from the fabulous yet hectic Istanbul Airport, you probably have some desires about making your flight expectation and departure as full of comfort as it is possible and avoiding any specific difficulty related to active departure procedures and timings. You should agree that [&hellip;]\" \/>\n<meta property=\"og:url\" content=\"https:\/\/istanbul-ist-international-airport.com\/cs\/departures\/\" \/>\n<meta property=\"og:site_name\" content=\"Istanbul International Airport (IST) - Turkey&#039;s new airport\" \/>\n<meta property=\"article:modified_time\" content=\"2025-09-13T08:26:04+00:00\" \/>\n<meta property=\"og:image\" content=\"https:\/\/istanbul-ist-international-airport.com\/wp-content\/uploads\/2025\/09\/flights-scaled.jpg\" \/>\n\t<meta property=\"og:image:width\" content=\"2560\" \/>\n\t<meta property=\"og:image:height\" content=\"978\" \/>\n\t<meta property=\"og:image:type\" content=\"image\/jpeg\" \/>\n<meta name=\"twitter:card\" content=\"summary_large_image\" \/>\n<meta name=\"twitter:label1\" content=\"Odhadovan\u00e1 doba \u010dten\u00ed\" \/>\n\t<meta name=\"twitter:data1\" content=\"4 minuty\" \/>\n<script type=\"application\/ld+json\" class=\"yoast-schema-graph\">{\"@context\":\"https:\\\/\\\/schema.org\",\"@graph\":[{\"@type\":\"WebPage\",\"@id\":\"https:\\\/\\\/istanbul-ist-international-airport.com\\\/cs\\\/departures\\\/\",\"url\":\"https:\\\/\\\/istanbul-ist-international-airport.com\\\/cs\\\/departures\\\/\",\"name\":\"Istanbul Airport Departures - Istanbul International Airport (IST) - Turkey&#039;s new airport\",\"isPartOf\":{\"@id\":\"https:\\\/\\\/istanbul-ist-international-airport.com\\\/cs\\\/#website\"},\"primaryImageOfPage\":{\"@id\":\"https:\\\/\\\/istanbul-ist-international-airport.com\\\/cs\\\/departures\\\/#primaryimage\"},\"image\":{\"@id\":\"https:\\\/\\\/istanbul-ist-international-airport.com\\\/cs\\\/departures\\\/#primaryimage\"},\"thumbnailUrl\":\"https:\\\/\\\/istanbul-ist-international-airport.com\\\/wp-content\\\/uploads\\\/2025\\\/09\\\/flights-scaled.jpg\",\"datePublished\":\"2025-09-10T14:14:43+00:00\",\"dateModified\":\"2025-09-13T08:26:04+00:00\",\"breadcrumb\":{\"@id\":\"https:\\\/\\\/istanbul-ist-international-airport.com\\\/cs\\\/departures\\\/#breadcrumb\"},\"inLanguage\":\"cs\",\"potentialAction\":[{\"@type\":\"ReadAction\",\"target\":[\"https:\\\/\\\/istanbul-ist-international-airport.com\\\/cs\\\/departures\\\/\"]}]},{\"@type\":\"ImageObject\",\"inLanguage\":\"cs\",\"@id\":\"https:\\\/\\\/istanbul-ist-international-airport.com\\\/cs\\\/departures\\\/#primaryimage\",\"url\":\"https:\\\/\\\/istanbul-ist-international-airport.com\\\/wp-content\\\/uploads\\\/2025\\\/09\\\/flights-scaled.jpg\",\"contentUrl\":\"https:\\\/\\\/istanbul-ist-international-airport.com\\\/wp-content\\\/uploads\\\/2025\\\/09\\\/flights-scaled.jpg\",\"width\":2560,\"height\":978},{\"@type\":\"BreadcrumbList\",\"@id\":\"https:\\\/\\\/istanbul-ist-international-airport.com\\\/cs\\\/departures\\\/#breadcrumb\",\"itemListElement\":[{\"@type\":\"ListItem\",\"position\":1,\"name\":\"Home\",\"item\":\"https:\\\/\\\/istanbul-ist-international-airport.com\\\/\"},{\"@type\":\"ListItem\",\"position\":2,\"name\":\"Istanbul Airport Departures\"}]},{\"@type\":\"WebSite\",\"@id\":\"https:\\\/\\\/istanbul-ist-international-airport.com\\\/cs\\\/#website\",\"url\":\"https:\\\/\\\/istanbul-ist-international-airport.com\\\/cs\\\/\",\"name\":\"Istanbul International Airport (IST) - Turkey&#039;s new airport\",\"description\":\"Navigating Istanbul International Airport: A Traveler\u2019s Guide.\",\"potentialAction\":[{\"@type\":\"SearchAction\",\"target\":{\"@type\":\"EntryPoint\",\"urlTemplate\":\"https:\\\/\\\/istanbul-ist-international-airport.com\\\/cs\\\/?s={search_term_string}\"},\"query-input\":{\"@type\":\"PropertyValueSpecification\",\"valueRequired\":true,\"valueName\":\"search_term_string\"}}],\"inLanguage\":\"cs\"}]}<\/script>\n<!-- \/ Yoast SEO plugin. -->","yoast_head_json":{"title":"Odlety z leti\u0161t\u011b Istanbul \u2013 Mezin\u00e1rodn\u00ed leti\u0161t\u011b Istanbul (IST) \u2013 Nov\u00e9 leti\u0161t\u011b v Turecku","robots":{"index":"index","follow":"follow","max-snippet":"max-snippet:-1","max-image-preview":"max-image-preview:large","max-video-preview":"max-video-preview:-1"},"canonical":"https:\/\/istanbul-ist-international-airport.com\/cs\/departures\/","og_locale":"cs_CZ","og_type":"article","og_title":"Istanbul Airport Departures - Istanbul International Airport (IST) - Turkey&#039;s new airport","og_description":"International flight status from Istanbul Airport When you start your active tour from the fabulous yet hectic Istanbul Airport, you probably have some desires about making your flight expectation and departure as full of comfort as it is possible and avoiding any specific difficulty related to active departure procedures and timings. You should agree that [&hellip;]","og_url":"https:\/\/istanbul-ist-international-airport.com\/cs\/departures\/","og_site_name":"Istanbul International Airport (IST) - Turkey&#039;s new airport","article_modified_time":"2025-09-13T08:26:04+00:00","og_image":[{"width":2560,"height":978,"url":"https:\/\/istanbul-ist-international-airport.com\/wp-content\/uploads\/2025\/09\/flights-scaled.jpg","type":"image\/jpeg"}],"twitter_card":"summary_large_image","twitter_misc":{"Odhadovan\u00e1 doba \u010dten\u00ed":"4 minuty"},"schema":{"@context":"https:\/\/schema.org","@graph":[{"@type":"WebPage","@id":"https:\/\/istanbul-ist-international-airport.com\/cs\/departures\/","url":"https:\/\/istanbul-ist-international-airport.com\/cs\/departures\/","name":"Odlety z leti\u0161t\u011b Istanbul \u2013 Mezin\u00e1rodn\u00ed leti\u0161t\u011b Istanbul (IST) \u2013 Nov\u00e9 leti\u0161t\u011b v Turecku","isPartOf":{"@id":"https:\/\/istanbul-ist-international-airport.com\/cs\/#website"},"primaryImageOfPage":{"@id":"https:\/\/istanbul-ist-international-airport.com\/cs\/departures\/#primaryimage"},"image":{"@id":"https:\/\/istanbul-ist-international-airport.com\/cs\/departures\/#primaryimage"},"thumbnailUrl":"https:\/\/istanbul-ist-international-airport.com\/wp-content\/uploads\/2025\/09\/flights-scaled.jpg","datePublished":"2025-09-10T14:14:43+00:00","dateModified":"2025-09-13T08:26:04+00:00","breadcrumb":{"@id":"https:\/\/istanbul-ist-international-airport.com\/cs\/departures\/#breadcrumb"},"inLanguage":"cs","potentialAction":[{"@type":"ReadAction","target":["https:\/\/istanbul-ist-international-airport.com\/cs\/departures\/"]}]},{"@type":"ImageObject","inLanguage":"cs","@id":"https:\/\/istanbul-ist-international-airport.com\/cs\/departures\/#primaryimage","url":"https:\/\/istanbul-ist-international-airport.com\/wp-content\/uploads\/2025\/09\/flights-scaled.jpg","contentUrl":"https:\/\/istanbul-ist-international-airport.com\/wp-content\/uploads\/2025\/09\/flights-scaled.jpg","width":2560,"height":978},{"@type":"BreadcrumbList","@id":"https:\/\/istanbul-ist-international-airport.com\/cs\/departures\/#breadcrumb","itemListElement":[{"@type":"ListItem","position":1,"name":"Home","item":"https:\/\/istanbul-ist-international-airport.com\/"},{"@type":"ListItem","position":2,"name":"Istanbul Airport Departures"}]},{"@type":"WebSite","@id":"https:\/\/istanbul-ist-international-airport.com\/cs\/#website","url":"https:\/\/istanbul-ist-international-airport.com\/cs\/","name":"Istanbul International Airport (IST) - Turkey&#039;s new airport","description":"Navigating Istanbul International Airport: A Traveler\u2019s Guide.","potentialAction":[{"@type":"SearchAction","target":{"@type":"EntryPoint","urlTemplate":"https:\/\/istanbul-ist-international-airport.com\/cs\/?s={search_term_string}"},"query-input":{"@type":"PropertyValueSpecification","valueRequired":true,"valueName":"search_term_string"}}],"inLanguage":"cs"}]}},"_links":{"self":[{"href":"https:\/\/istanbul-ist-international-airport.com\/cs\/wp-json\/wp\/v2\/pages\/3413","targetHints":{"allow":["GET"]}}],"collection":[{"href":"https:\/\/istanbul-ist-international-airport.com\/cs\/wp-json\/wp\/v2\/pages"}],"about":[{"href":"https:\/\/istanbul-ist-international-airport.com\/cs\/wp-json\/wp\/v2\/types\/page"}],"author":[{"embeddable":true,"href":"https:\/\/istanbul-ist-international-airport.com\/cs\/wp-json\/wp\/v2\/users\/1"}],"replies":[{"embeddable":true,"href":"https:\/\/istanbul-ist-international-airport.com\/cs\/wp-json\/wp\/v2\/comments?post=3413"}],"version-history":[{"count":2,"href":"https:\/\/istanbul-ist-international-airport.com\/cs\/wp-json\/wp\/v2\/pages\/3413\/revisions"}],"predecessor-version":[{"id":3670,"href":"https:\/\/istanbul-ist-international-airport.com\/cs\/wp-json\/wp\/v2\/pages\/3413\/revisions\/3670"}],"wp:featuredmedia":[{"embeddable":true,"href":"https:\/\/istanbul-ist-international-airport.com\/cs\/wp-json\/wp\/v2\/media\/3652"}],"wp:attachment":[{"href":"https:\/\/istanbul-ist-international-airport.com\/cs\/wp-json\/wp\/v2\/media?parent=3413"}],"curies":[{"name":"wp","href":"https:\/\/api.w.org\/{rel}","templated":true}]}}