{"id":3449,"date":"2025-09-10T17:20:56","date_gmt":"2025-09-10T14:20:56","guid":{"rendered":"http:\/\/147.182.243.37\/?page_id=3449"},"modified":"2025-09-13T14:09:43","modified_gmt":"2025-09-13T11:09:43","slug":"istanbul-airport-to-kadikoy","status":"publish","type":"page","link":"https:\/\/istanbul-ist-international-airport.com\/cs\/istanbul-airport-to-kadikoy\/","title":{"rendered":"Transfer z leti\u0161t\u011b Istanbul na leti\u0161t\u011b Kadikoy"},"content":{"rendered":"<h2 itemprop=\"alternateName\" class=\"wp-block-heading\"><strong>Jak se dostat z leti\u0161t\u011b Istanbul do Kad\u0131k\u00f6y<\/strong><\/h2>\n\n\n\n<p>How to get from Istanbul Airport to Kadikoy One of the safest and most relaxing parts of Istanbul is Kadikoy. This district is a cradle of street food, picturesque architecture, and incredible sea views. From its shores, you can see the beauty of Sultanahmet and the power of the Bosphorus. Thus, people who travel to [\u2026]<br>V na\u0161em blogu jsme se rozhodli shrnout ty nejm\u00e9n\u011b stresuj\u00edc\u00ed zp\u016fsoby, jak se dostat z leti\u0161t\u011b Istanbul do Kad\u0131k\u00f6y. N\u011bkter\u00e9 z nich jsou levn\u011bj\u0161\u00ed, zat\u00edmco jin\u00e9 mo\u017enosti transferu jsou luxusn\u00ed. Pom\u016f\u017eeme v\u00e1m s pl\u00e1nov\u00e1n\u00edm trasy a pod\u011bl\u00edme se o tipy, jak si vybrat nejlep\u0161\u00ed transfery a u\u017e\u00edt si cestu z Arnavutk\u00f6y do Kad\u0131k\u00f6y.<\/p>\n\n\n\n<h3 itemprop=\"alternateName\" class=\"wp-block-heading\"><strong>Vzd\u00e1lenost z Kad\u0131k\u00f6y na leti\u0161t\u011b Istanbul<\/strong><\/h3>\n\n\n\n<p>\u010ctvr\u0165 Kad\u0131k\u00f6y se nach\u00e1z\u00ed na severn\u00edm pob\u0159e\u017e\u00ed Marmary na asijsk\u00e9 (anatolsk\u00e9) stran\u011b Istanbulu. Jak daleko je od istanbulsk\u00e9ho leti\u0161t\u011b? Mus\u00edte urazit vzd\u00e1lenost 54 km, abyste se tam dostali. Krom\u011b samotn\u00e9 vzd\u00e1lenosti je cesta do Kad\u0131k\u00f6ye pom\u011brn\u011b obt\u00ed\u017en\u00e1, proto\u017ee si mus\u00edte napl\u00e1novat cestu p\u0159es \u00fazk\u00e9 m\u00edsto Bosporu. Kdy\u017e jedete autem, mus\u00edte platit m\u00fdtn\u00e9 za pr\u016fjezd mosty, a pokud d\u00e1v\u00e1te p\u0159ednost ve\u0159ejn\u00e9 doprav\u011b, m\u016f\u017eete vyu\u017e\u00edt tunel Marmaray a pokra\u010dovat podvodn\u00edm vlakem, kter\u00fd jezd\u00ed z Halkali.<br>Upozor\u0148ujeme, \u017ee pokud m\u00e1te mezip\u0159ist\u00e1n\u00ed na leti\u0161ti v Istanbulu a chcete se projet do Kadik\u00f6ye ve sv\u00e9m voln\u00e9m \u010dase, mus\u00edte si zkontrolovat \u010das n\u00e1vratu. M\u011bli byste si nechat v\u00edce ne\u017e 3 hodiny na cestu k termin\u00e1lu a odbaven\u00ed, abyste nezme\u0161kali letadlo a vyhnuli se probl\u00e9m\u016fm s rychl\u00fdm b\u011bhem k leti\u0161tn\u00edmu termin\u00e1lu.<br>Ne\u017e za\u010dneme tento blogov\u00fd \u010dl\u00e1nek a prozkoum\u00e1me r\u016fzn\u00e9 mo\u017enosti dopravy a \u010das, kter\u00fd pot\u0159ebujete str\u00e1vit, abyste se snadno dostali do Kadik\u00f6y, poj\u010fme si nejprve p\u0159e\u010d\u00edst o z\u00e1kladn\u00edch cen\u00e1ch a \u010dasov\u00e9m harmonogramu ve\u0159ejn\u00e9 dopravy, kter\u00e1 je na t\u00e9to trase k dispozici. Informace o \u010dase a n\u00e1kladech na vybran\u00e9 trasy z\u00edsk\u00e1te v tabulce n\u00ed\u017ee.<\/p>\n\n\n\n<figure class=\"wp-block-table\"><table class=\"has-fixed-layout\"><thead><tr><th>P\u0159evod<\/th><th>Time<\/th><th>Cena<br><\/th><\/tr><\/thead><tbody><tr><td>Taxi<\/td><td>40 minut<br><\/td><td>od 310 TL<br><\/td><\/tr><tr><td>Bus<\/td><td>1 hodina a 30 minut<br><\/td><td>od 67 TL<br><\/td><\/tr><tr><td>Metro<\/td><td>40 minut<br><\/td><td>16,99 K\u010d<br><\/td><\/tr><\/tbody><\/table><\/figure>\n\n\n\n<h2 itemprop=\"alternateName\" class=\"wp-block-heading\"><strong>P\u016fj\u010dovna aut z leti\u0161t\u011b Istanbul do Kadik\u00f6y<\/strong><\/h2>\n\n\n\n<p>Jednou z nejatraktivn\u011bj\u0161\u00edch my\u0161lenek, jak se dostat z&nbsp;<a href=\"https:\/\/istanbul-ist-international-airport.com\/\">IST<\/a>&nbsp;do Kad\u0131k\u00f6y je pron\u00e1jem auta. Leti\u0161t\u011b Istanbul host\u00ed n\u011bkolik autop\u016fj\u010doven, v\u010detn\u011b mezin\u00e1rodn\u00edch, kter\u00e9 poskytuj\u00ed vozidla jak\u00e9koli t\u0159\u00eddy a kapacity. Nicm\u00e9n\u011b, pokud zvol\u00edte tuto mo\u017enost, m\u011bli byste si b\u00fdt v\u011bdomi n\u011bkolika specifick\u00fdch rys\u016f. Za prv\u00e9, m\u011bli byste b\u00fdt \u0159idi\u010dem s minim\u00e1ln\u00ed prax\u00ed dvou let. Druh\u00fdm je provoz na istanbulsk\u00fdch ulic\u00edch. Je rychl\u00fd a nep\u0159edv\u00eddateln\u00fd. Ujist\u011bte se tedy, \u017ee spl\u0148ujete po\u017eadavky a jste p\u0159ipraveni se pot\u00fdkat s obt\u00ed\u017eemi istanbulsk\u00e9ho m\u011bstsk\u00e9ho provozu.<br>Co se t\u00fd\u010de ceny za pron\u00e1jem auta, je standardn\u00ed a p\u0159i v\u00fdb\u011bru vozidla nez\u00e1le\u017e\u00ed na tom, jestli jedete do Kadik\u00f6y, nebo zda se chcete projet do Izmiru, Ankary, Antalye, nebo do jin\u00e9ho m\u011bsta.<\/p>\n\n\n\n<h2 itemprop=\"alternateName\" class=\"wp-block-heading\"><strong>Taxi z Leti\u0161t\u011b Istanbul do Kad\u0131k\u00f6y.<\/strong><\/h2>\n\n\n\n<p>Druh\u00fd zp\u016fsob dopravy, kter\u00fd cestuj\u00edc\u00edm zaru\u010duje pohodl\u00ed a soukrom\u00ed, je taxi slu\u017eba. Taxi si m\u016f\u017eete objednat p\u0159\u00edmo na leti\u0161ti v Istanbulu nebo dokonce online je\u0161t\u011b p\u0159ed p\u0159ist\u00e1n\u00edm va\u0161eho letu (IST). Na istanbulsk\u00e9m leti\u0161ti operuje mnoho taxislu\u017eeb, v\u010detn\u011b mezin\u00e1rodn\u00edch spole\u010dnost\u00ed, kter\u00e9 poskytuj\u00ed profesion\u00e1ln\u00ed \u0159idi\u010de hovo\u0159\u00edc\u00ed anglicky. Ti v\u00e1s mohou odv\u00e9zt do va\u0161eho hotelu v dan\u00e9 \u010dtvrti nebo na nejbli\u017e\u0161\u00ed leti\u0161t\u011b v Kadikoy, Sabiha Gokcen, pokud m\u00e1te vnitrost\u00e1tn\u00ed let odtud.<\/p>\n\n\n\n<h3 itemprop=\"alternateName\" class=\"wp-block-heading\"><strong>Cena taxi z mezin\u00e1rodn\u00edho leti\u0161t\u011b Istanbul do Kadikoy<\/strong><\/h3>\n\n\n\n<p>Cena taxislu\u017eby, kterou si objedn\u00e1te, abyste se dostali do Kadik\u00f6y, se li\u0161\u00ed v z\u00e1vislosti na denn\u00ed dob\u011b, ro\u010dn\u00edm obdob\u00ed a typu objednan\u00e9ho tax\u00edku. \u017dlut\u00e9 tax\u00edky jsou levn\u00e9 a jejich slu\u017eby v\u00e1s vyjdou od 310 TL. U modr\u00fdch a \u010dern\u00fdch tax\u00edk\u016f ceny stoupaj\u00ed a\u017e na 550\u2013600 TL.<\/p>\n\n\n\n<h2 itemprop=\"alternateName\" class=\"wp-block-heading\"><strong>Autobus z leti\u0161t\u011b Istanbul do Kadikoy<\/strong><\/h2>\n\n\n\n<p>Autobusy pat\u0159\u00ed mezi cenov\u011b dostupn\u00e9 mo\u017enosti dopravy, p\u0159esto vy\u017eaduj\u00ed dlouh\u00e9 \u010dek\u00e1n\u00ed, ne\u017e se dostanete do vybran\u00fdch destinac\u00ed.<br>Pokud se chcete dostat autobusem do Kadik\u00f6y, m\u00e1te na v\u00fdb\u011br z n\u011bkolika autobusov\u00fdch linek.<\/p>\n\n\n\n<ul class=\"wp-block-list\">\n<li>Autobusy HAVAIST, kter\u00e9 spojuj\u00ed leti\u0161t\u011b s r\u016fzn\u00fdmi \u010d\u00e1stmi Istanbulu. Do Kadikoye nejezd\u00ed p\u0159\u00edm\u00fd autobus, ale m\u016f\u017eete p\u0159estoupit z HAVAIST na HAVABUS, kter\u00fd jezd\u00ed na leti\u0161t\u011b v okol\u00ed.<\/li>\n\n\n\n<li>Pokud se neboj\u00edte pou\u017e\u00edvat m\u011bstsk\u00e9 autobusy, m\u016f\u017eete vyu\u017e\u00edt kombinaci autobusov\u00e9 linky IETT H-3 a linky Marmaray. Doba j\u00edzdy je pom\u011brn\u011b dlouh\u00e1, ale n\u00e1klady jsou n\u00edzk\u00e9.<\/li>\n<\/ul>\n\n\n\n<h3 itemprop=\"alternateName\" class=\"wp-block-heading\"><strong>Kolik stoj\u00ed j\u00edzdenka autobusem z nov\u00e9ho istanbulsk\u00e9ho leti\u0161t\u011b do Kadik\u00f6ye?<\/strong><\/h3>\n\n\n\n<p>Pokud vyu\u017eijete autobusov\u00e9 linky na leti\u0161t\u011b, mus\u00edte zaplatit 110 TL za jednosm\u011brnou j\u00edzdenku. M\u016f\u017eete si ji zakoupit online pomoc\u00ed aplikace IST nebo ji z\u00edskat v hotovosti v pokladn\u011b na autobusov\u00e9m n\u00e1dra\u017e\u00ed leti\u0161t\u011b.<br>U autobus\u016f IETT jsou ceny j\u00edzdenek ni\u017e\u0161\u00ed a za cestu do Kadik\u00f6y zaplat\u00edte pouze 67 TL. M\u011bjte v\u0161ak na pam\u011bti dodate\u010dn\u00e9 poplatky za zavazadla. J\u00edzdenky si m\u016f\u017eete zakoupit na webov\u00fdch str\u00e1nk\u00e1ch autobusov\u00e9 spole\u010dnosti nebo p\u0159\u00edmo na autobusov\u00e9m n\u00e1dra\u017e\u00ed. Krom\u011b toho je akceptov\u00e1na i Istanbulkart.<\/p>\n\n\n\n<h2 itemprop=\"alternateName\" class=\"wp-block-heading\"><strong>Metro z leti\u0161t\u011b Istanbul do Kadik\u00f6y: Jak se tam dostat metrem<\/strong><\/h2>\n\n\n\n<p>Metro v Turecku je jedn\u00edm z nejrychlej\u0161\u00edch a nejdostupn\u011bj\u0161\u00edch zp\u016fsob\u016f dopravy z leti\u0161t\u011b do v\u0161ech \u010d\u00e1st\u00ed m\u011bsta. Leti\u0161t\u011b Istanbul m\u00e1 vlastn\u00ed linku metra, M11, kter\u00e1 ale nedosahuje do Kadikoy. Tak\u017ee, chcete-li nav\u0161t\u00edvit toto centrum j\u00eddla a nakupov\u00e1n\u00ed, mus\u00edte se \u0159\u00eddit t\u00edmto pr\u016fvodcem:<\/p>\n\n\n\n<ul class=\"wp-block-list\">\n<li>Kupte si Istanbulkart a dobijte si ji kreditn\u00ed kartou nebo v hotovosti. M\u016f\u017eete to ud\u011blat i na webov\u00fdch str\u00e1nk\u00e1ch leti\u0161t\u011b nebo na jednom z prodejn\u00edch m\u00edst po cel\u00e9m IST.<\/li>\n\n\n\n<li>Dosta\u0148te se na stanici metra na leti\u0161ti, kter\u00e1 se nach\u00e1z\u00ed na stran\u011b v\u00fdchodu (snadno ji najdete podle zna\u010dky).<\/li>\n\n\n\n<li>Nasedn\u011bte na metro a pak p\u0159estupte na linky M7 a M2.<\/li>\n\n\n\n<li>Nastupte na Marmaray z Yenikapi.<\/li>\n<\/ul>\n\n\n\n<h3 itemprop=\"alternateName\" class=\"wp-block-heading\"><strong>Kolik stoj\u00ed j\u00edzdenka na metro z IST do Kadikoy?<\/strong><\/h3>\n\n\n\n<p>Jedna j\u00edzda metrem v\u00e1s stoj\u00ed pouh\u00fdch 16,99 TL. Cena je pevn\u00e1 a je to nejdostupn\u011bj\u0161\u00ed mo\u017enost dopravy z istanbulsk\u00e9ho leti\u0161t\u011b. Mimochodem, m\u016f\u017eete platit jednou kartou Istanbulkart za 5 j\u00edzdenek najednou.<\/p>\n\n\n\n<h2 itemprop=\"alternateName\" class=\"wp-block-heading\"><strong>Luxusn\u00ed soukrom\u00e9 transfery z leti\u0161t\u011b Istanbul do Kadikoy<\/strong><\/h2>\n\n\n\n<p>Pro rodinu a skupiny turist\u016f je soukrom\u00fd transfer kyvadlovou dopravou skute\u010dn\u00fdm po\u017eehn\u00e1n\u00edm. Soukromou kyvadlovou dopravu pro n\u00e1v\u0161t\u011bvn\u00edky istanbulsk\u00e9ho leti\u0161t\u011b nab\u00edz\u00ed mnoho spole\u010dnost\u00ed:<\/p>\n\n\n\n<ul class=\"wp-block-list\">\n<li>Istanbulsk\u00e9 leti\u0161t\u011b m\u00e1 vlastn\u00ed soukromou kyvadlovou dopravu, tak\u017ee si ji m\u016f\u017eete objednat online na webov\u00fdch str\u00e1nk\u00e1ch leti\u0161t\u011b.<\/li>\n\n\n\n<li>T\u00e9m\u011b\u0159 ka\u017ed\u00fd hotel nab\u00edz\u00ed soukrom\u00e9 transfery pro hotelov\u00e9 z\u00e1kazn\u00edky, kte\u0159\u00ed si rezervuj\u00ed pokoj. Pokud m\u00e1te adresu sv\u00e9ho ubytov\u00e1n\u00ed v Kadikoy, kontaktujte pros\u00edm spr\u00e1vu hotelu a z\u00edskejte informace o mo\u017en\u00fdch soukrom\u00fdch transferech.<\/li>\n\n\n\n<li>Nez\u00e1visl\u00e9 m\u00edstn\u00ed dopravn\u00ed spole\u010dnosti tak\u00e9 nab\u00edzej\u00ed slu\u017eby soukrom\u00fdch transfer\u016f. M\u016f\u017eete si vybrat nejpohodln\u011bj\u0161\u00ed transfer a dokonce i exkluzivn\u00ed luxusn\u00ed transfery.<\/li>\n<\/ul>","protected":false},"excerpt":{"rendered":"<p>How to get from Istanbul Airport to Kadikoy One of the safest and most relaxing parts of Istanbul is Kadikoy. This district is a cradle of street food, picturesque architecture, and incredible sea views. From its shores, you can see the beauty of Sultanahmet and the power of the Bosphorus. Thus, people who travel to [\u2026]<\/p>","protected":false},"author":1,"featured_media":3731,"parent":0,"menu_order":0,"comment_status":"closed","ping_status":"closed","template":"home.php","meta":{"_acf_changed":false,"footnotes":""},"class_list":["post-3449","page","type-page","status-publish","has-post-thumbnail","hentry"],"acf":[],"yoast_head":"<!-- This site is optimized with the Yoast SEO plugin v27.4 - https:\/\/yoast.com\/product\/yoast-seo-wordpress\/ -->\n<title>Airport transfer from Istanbul Airport to Kadikoy Airport - Istanbul International Airport (IST) - Turkey&#039;s new airport<\/title>\n<meta name=\"robots\" content=\"index, follow, max-snippet:-1, max-image-preview:large, max-video-preview:-1\" \/>\n<link rel=\"canonical\" href=\"https:\/\/istanbul-ist-international-airport.com\/cs\/istanbul-airport-to-kadikoy\/\" \/>\n<meta property=\"og:locale\" content=\"cs_CZ\" \/>\n<meta property=\"og:type\" content=\"article\" \/>\n<meta property=\"og:title\" content=\"Airport transfer from Istanbul Airport to Kadikoy Airport - Istanbul International Airport (IST) - Turkey&#039;s new airport\" \/>\n<meta property=\"og:description\" content=\"How to get from Istanbul Airport to Kadikoy One of the safest and most relaxing parts of Istanbul is Kadikoy. This district is a cradle of street food, picturesque architecture, and incredible sea views. From its shores, you can see the beauty of Sultanahmet and the power of the Bosphorus. Thus, people who travel to [&hellip;]\" \/>\n<meta property=\"og:url\" content=\"https:\/\/istanbul-ist-international-airport.com\/cs\/istanbul-airport-to-kadikoy\/\" \/>\n<meta property=\"og:site_name\" content=\"Istanbul International Airport (IST) - Turkey&#039;s new airport\" \/>\n<meta property=\"article:modified_time\" content=\"2025-09-13T11:09:43+00:00\" \/>\n<meta property=\"og:image\" content=\"https:\/\/istanbul-ist-international-airport.com\/wp-content\/uploads\/2025\/09\/kadikoy-scaled-1.jpg\" \/>\n\t<meta property=\"og:image:width\" content=\"2560\" \/>\n\t<meta property=\"og:image:height\" content=\"1393\" \/>\n\t<meta property=\"og:image:type\" content=\"image\/jpeg\" \/>\n<meta name=\"twitter:card\" content=\"summary_large_image\" \/>\n<meta name=\"twitter:label1\" content=\"Odhadovan\u00e1 doba \u010dten\u00ed\" \/>\n\t<meta name=\"twitter:data1\" content=\"6 minut\" \/>\n<script type=\"application\/ld+json\" class=\"yoast-schema-graph\">{\"@context\":\"https:\\\/\\\/schema.org\",\"@graph\":[{\"@type\":\"WebPage\",\"@id\":\"https:\\\/\\\/istanbul-ist-international-airport.com\\\/cs\\\/istanbul-airport-to-kadikoy\\\/\",\"url\":\"https:\\\/\\\/istanbul-ist-international-airport.com\\\/cs\\\/istanbul-airport-to-kadikoy\\\/\",\"name\":\"Airport transfer from Istanbul Airport to Kadikoy Airport - Istanbul International Airport (IST) - Turkey&#039;s new airport\",\"isPartOf\":{\"@id\":\"https:\\\/\\\/istanbul-ist-international-airport.com\\\/cs\\\/#website\"},\"primaryImageOfPage\":{\"@id\":\"https:\\\/\\\/istanbul-ist-international-airport.com\\\/cs\\\/istanbul-airport-to-kadikoy\\\/#primaryimage\"},\"image\":{\"@id\":\"https:\\\/\\\/istanbul-ist-international-airport.com\\\/cs\\\/istanbul-airport-to-kadikoy\\\/#primaryimage\"},\"thumbnailUrl\":\"https:\\\/\\\/istanbul-ist-international-airport.com\\\/wp-content\\\/uploads\\\/2025\\\/09\\\/kadikoy-scaled-1.jpg\",\"datePublished\":\"2025-09-10T14:20:56+00:00\",\"dateModified\":\"2025-09-13T11:09:43+00:00\",\"breadcrumb\":{\"@id\":\"https:\\\/\\\/istanbul-ist-international-airport.com\\\/cs\\\/istanbul-airport-to-kadikoy\\\/#breadcrumb\"},\"inLanguage\":\"cs\",\"potentialAction\":[{\"@type\":\"ReadAction\",\"target\":[\"https:\\\/\\\/istanbul-ist-international-airport.com\\\/cs\\\/istanbul-airport-to-kadikoy\\\/\"]}]},{\"@type\":\"ImageObject\",\"inLanguage\":\"cs\",\"@id\":\"https:\\\/\\\/istanbul-ist-international-airport.com\\\/cs\\\/istanbul-airport-to-kadikoy\\\/#primaryimage\",\"url\":\"https:\\\/\\\/istanbul-ist-international-airport.com\\\/wp-content\\\/uploads\\\/2025\\\/09\\\/kadikoy-scaled-1.jpg\",\"contentUrl\":\"https:\\\/\\\/istanbul-ist-international-airport.com\\\/wp-content\\\/uploads\\\/2025\\\/09\\\/kadikoy-scaled-1.jpg\",\"width\":2560,\"height\":1393},{\"@type\":\"BreadcrumbList\",\"@id\":\"https:\\\/\\\/istanbul-ist-international-airport.com\\\/cs\\\/istanbul-airport-to-kadikoy\\\/#breadcrumb\",\"itemListElement\":[{\"@type\":\"ListItem\",\"position\":1,\"name\":\"Home\",\"item\":\"https:\\\/\\\/istanbul-ist-international-airport.com\\\/\"},{\"@type\":\"ListItem\",\"position\":2,\"name\":\"Airport transfer from Istanbul Airport to Kadikoy Airport\"}]},{\"@type\":\"WebSite\",\"@id\":\"https:\\\/\\\/istanbul-ist-international-airport.com\\\/cs\\\/#website\",\"url\":\"https:\\\/\\\/istanbul-ist-international-airport.com\\\/cs\\\/\",\"name\":\"Istanbul International Airport (IST) - Turkey&#039;s new airport\",\"description\":\"Navigating Istanbul International Airport: A Traveler\u2019s Guide.\",\"potentialAction\":[{\"@type\":\"SearchAction\",\"target\":{\"@type\":\"EntryPoint\",\"urlTemplate\":\"https:\\\/\\\/istanbul-ist-international-airport.com\\\/cs\\\/?s={search_term_string}\"},\"query-input\":{\"@type\":\"PropertyValueSpecification\",\"valueRequired\":true,\"valueName\":\"search_term_string\"}}],\"inLanguage\":\"cs\"}]}<\/script>\n<!-- \/ Yoast SEO plugin. -->","yoast_head_json":{"title":"Transfer z leti\u0161t\u011b Istanbul na leti\u0161t\u011b Kadikoy \u2013 Mezin\u00e1rodn\u00ed leti\u0161t\u011b Istanbul (IST) \u2013 nov\u00e9 leti\u0161t\u011b v Turecku","robots":{"index":"index","follow":"follow","max-snippet":"max-snippet:-1","max-image-preview":"max-image-preview:large","max-video-preview":"max-video-preview:-1"},"canonical":"https:\/\/istanbul-ist-international-airport.com\/cs\/istanbul-airport-to-kadikoy\/","og_locale":"cs_CZ","og_type":"article","og_title":"Airport transfer from Istanbul Airport to Kadikoy Airport - Istanbul International Airport (IST) - Turkey&#039;s new airport","og_description":"How to get from Istanbul Airport to Kadikoy One of the safest and most relaxing parts of Istanbul is Kadikoy. This district is a cradle of street food, picturesque architecture, and incredible sea views. From its shores, you can see the beauty of Sultanahmet and the power of the Bosphorus. Thus, people who travel to [&hellip;]","og_url":"https:\/\/istanbul-ist-international-airport.com\/cs\/istanbul-airport-to-kadikoy\/","og_site_name":"Istanbul International Airport (IST) - Turkey&#039;s new airport","article_modified_time":"2025-09-13T11:09:43+00:00","og_image":[{"width":2560,"height":1393,"url":"https:\/\/istanbul-ist-international-airport.com\/wp-content\/uploads\/2025\/09\/kadikoy-scaled-1.jpg","type":"image\/jpeg"}],"twitter_card":"summary_large_image","twitter_misc":{"Odhadovan\u00e1 doba \u010dten\u00ed":"6 minut"},"schema":{"@context":"https:\/\/schema.org","@graph":[{"@type":"WebPage","@id":"https:\/\/istanbul-ist-international-airport.com\/cs\/istanbul-airport-to-kadikoy\/","url":"https:\/\/istanbul-ist-international-airport.com\/cs\/istanbul-airport-to-kadikoy\/","name":"Transfer z leti\u0161t\u011b Istanbul na leti\u0161t\u011b Kadikoy \u2013 Mezin\u00e1rodn\u00ed leti\u0161t\u011b Istanbul (IST) \u2013 nov\u00e9 leti\u0161t\u011b v Turecku","isPartOf":{"@id":"https:\/\/istanbul-ist-international-airport.com\/cs\/#website"},"primaryImageOfPage":{"@id":"https:\/\/istanbul-ist-international-airport.com\/cs\/istanbul-airport-to-kadikoy\/#primaryimage"},"image":{"@id":"https:\/\/istanbul-ist-international-airport.com\/cs\/istanbul-airport-to-kadikoy\/#primaryimage"},"thumbnailUrl":"https:\/\/istanbul-ist-international-airport.com\/wp-content\/uploads\/2025\/09\/kadikoy-scaled-1.jpg","datePublished":"2025-09-10T14:20:56+00:00","dateModified":"2025-09-13T11:09:43+00:00","breadcrumb":{"@id":"https:\/\/istanbul-ist-international-airport.com\/cs\/istanbul-airport-to-kadikoy\/#breadcrumb"},"inLanguage":"cs","potentialAction":[{"@type":"ReadAction","target":["https:\/\/istanbul-ist-international-airport.com\/cs\/istanbul-airport-to-kadikoy\/"]}]},{"@type":"ImageObject","inLanguage":"cs","@id":"https:\/\/istanbul-ist-international-airport.com\/cs\/istanbul-airport-to-kadikoy\/#primaryimage","url":"https:\/\/istanbul-ist-international-airport.com\/wp-content\/uploads\/2025\/09\/kadikoy-scaled-1.jpg","contentUrl":"https:\/\/istanbul-ist-international-airport.com\/wp-content\/uploads\/2025\/09\/kadikoy-scaled-1.jpg","width":2560,"height":1393},{"@type":"BreadcrumbList","@id":"https:\/\/istanbul-ist-international-airport.com\/cs\/istanbul-airport-to-kadikoy\/#breadcrumb","itemListElement":[{"@type":"ListItem","position":1,"name":"Home","item":"https:\/\/istanbul-ist-international-airport.com\/"},{"@type":"ListItem","position":2,"name":"Airport transfer from Istanbul Airport to Kadikoy Airport"}]},{"@type":"WebSite","@id":"https:\/\/istanbul-ist-international-airport.com\/cs\/#website","url":"https:\/\/istanbul-ist-international-airport.com\/cs\/","name":"Istanbul International Airport (IST) - Turkey&#039;s new airport","description":"Navigating Istanbul International Airport: A Traveler\u2019s Guide.","potentialAction":[{"@type":"SearchAction","target":{"@type":"EntryPoint","urlTemplate":"https:\/\/istanbul-ist-international-airport.com\/cs\/?s={search_term_string}"},"query-input":{"@type":"PropertyValueSpecification","valueRequired":true,"valueName":"search_term_string"}}],"inLanguage":"cs"}]}},"_links":{"self":[{"href":"https:\/\/istanbul-ist-international-airport.com\/cs\/wp-json\/wp\/v2\/pages\/3449","targetHints":{"allow":["GET"]}}],"collection":[{"href":"https:\/\/istanbul-ist-international-airport.com\/cs\/wp-json\/wp\/v2\/pages"}],"about":[{"href":"https:\/\/istanbul-ist-international-airport.com\/cs\/wp-json\/wp\/v2\/types\/page"}],"author":[{"embeddable":true,"href":"https:\/\/istanbul-ist-international-airport.com\/cs\/wp-json\/wp\/v2\/users\/1"}],"replies":[{"embeddable":true,"href":"https:\/\/istanbul-ist-international-airport.com\/cs\/wp-json\/wp\/v2\/comments?post=3449"}],"version-history":[{"count":2,"href":"https:\/\/istanbul-ist-international-airport.com\/cs\/wp-json\/wp\/v2\/pages\/3449\/revisions"}],"predecessor-version":[{"id":3733,"href":"https:\/\/istanbul-ist-international-airport.com\/cs\/wp-json\/wp\/v2\/pages\/3449\/revisions\/3733"}],"wp:featuredmedia":[{"embeddable":true,"href":"https:\/\/istanbul-ist-international-airport.com\/cs\/wp-json\/wp\/v2\/media\/3731"}],"wp:attachment":[{"href":"https:\/\/istanbul-ist-international-airport.com\/cs\/wp-json\/wp\/v2\/media?parent=3449"}],"curies":[{"name":"wp","href":"https:\/\/api.w.org\/{rel}","templated":true}]}}