{"id":3463,"date":"2025-09-10T17:22:12","date_gmt":"2025-09-10T14:22:12","guid":{"rendered":"http:\/\/147.182.243.37\/?page_id=3463"},"modified":"2025-09-13T14:33:05","modified_gmt":"2025-09-13T11:33:05","slug":"about","status":"publish","type":"page","link":"https:\/\/istanbul-ist-international-airport.com\/cs\/about\/","title":{"rendered":"About"},"content":{"rendered":"<h2 itemprop=\"alternateName\" class=\"wp-block-heading\"><strong>O n\u00e1s<\/strong><\/h2>\n\n\n\n<p>Na t\u00e9to webov\u00e9 str\u00e1nce naleznete v\u0161echny informace t\u00fdkaj\u00edc\u00ed se&nbsp;<a href=\"https:\/\/istanbul-ist-international-airport.com\/\">Istanbul International Airport (IST)<\/a>:<\/p>\n\n\n\n<ul class=\"wp-block-list\">\n<li>Lety (p\u0159\u00edlety, odlety a leteck\u00e9 spole\u010dnosti)<\/li>\n\n\n\n<li>Pr\u016fvodci leti\u0161ti<\/li>\n\n\n\n<li>Vybaven\u00ed leti\u0161t\u011b<\/li>\n\n\n\n<li>Informace pro cestuj\u00edc\u00ed<\/li>\n\n\n\n<li>Transportation<\/li>\n<\/ul>\n\n\n\n<h2 itemprop=\"alternateName\" class=\"wp-block-heading\"><strong>Contact Info<\/strong><\/h2>\n\n\n\n<p><a href=\"mailto:info@airportglobe.com\">info@airportglobe.com<\/a><\/p>\n\n\n\n<h2 itemprop=\"alternateName\" class=\"wp-block-heading\"><strong>U\u017eite\u010dn\u00e1 pozn\u00e1mka<\/strong><\/h2>\n\n\n\n<p>S pot\u011b\u0161en\u00edm v\u00e1s v\u00edt\u00e1me na na\u0161ich webov\u00fdch str\u00e1nk\u00e1ch, kter\u00e9 jsou neofici\u00e1ln\u00edm pr\u016fvodcem leti\u0161t\u011bm Istanbul a nesouvisej\u00ed p\u0159\u00edmo ani nep\u0159\u00edmo s ofici\u00e1ln\u00edmi webov\u00fdmi str\u00e1nkami leti\u0161t\u011b. Na\u0161\u00edm c\u00edlem je pomoci v\u0161em cestovatel\u016fm poskytov\u00e1n\u00edm u\u017eite\u010dn\u00fdch a aktu\u00e1ln\u00edch informac\u00ed o leti\u0161ti.<\/p>\n\n\n\n<p>A\u010dkoli jsme se sna\u017eili, jak nejl\u00e9pe jsme mohli, zkontrolovat obsah na na\u0161ich webov\u00fdch str\u00e1nk\u00e1ch, mohou obsahovat chyby nebo opomenut\u00ed, za kter\u00e9 neneseme odpov\u011bdnost.<\/p>","protected":false},"excerpt":{"rendered":"<p>O n\u00e1s Na t\u00e9to webov\u00e9 str\u00e1nce naleznete v\u0161echny informace t\u00fdkaj\u00edc\u00ed se Mezin\u00e1rodn\u00edho leti\u0161t\u011b Istanbul (IST): Kontaktn\u00ed informace info@airportglobe.com U\u017eite\u010dn\u00e1 pozn\u00e1mka R\u00e1di v\u00e1s v\u00edt\u00e1me na na\u0161ich webov\u00fdch str\u00e1nk\u00e1ch, kter\u00e9 jsou neofici\u00e1ln\u00edm pr\u016fvodcem po istanbulsk\u00e9m leti\u0161ti a nejsou p\u0159\u00edmo ani nep\u0159\u00edmo spojeny s ofici\u00e1ln\u00edmi webov\u00fdmi str\u00e1nkami leti\u0161t\u011b. Na\u0161\u00edm c\u00edlem je pom\u00e1hat v\u0161em cestovatel\u016fm [\u2026]<\/p>","protected":false},"author":1,"featured_media":3752,"parent":0,"menu_order":0,"comment_status":"closed","ping_status":"closed","template":"home.php","meta":{"_acf_changed":false,"footnotes":""},"class_list":["post-3463","page","type-page","status-publish","has-post-thumbnail","hentry"],"acf":[],"yoast_head":"<!-- This site is optimized with the Yoast SEO plugin v27.4 - https:\/\/yoast.com\/product\/yoast-seo-wordpress\/ -->\n<title>About - Istanbul International Airport (IST) - Turkey&#039;s new airport<\/title>\n<meta name=\"robots\" content=\"index, follow, max-snippet:-1, max-image-preview:large, max-video-preview:-1\" \/>\n<link rel=\"canonical\" href=\"https:\/\/istanbul-ist-international-airport.com\/cs\/about\/\" \/>\n<meta property=\"og:locale\" content=\"cs_CZ\" \/>\n<meta property=\"og:type\" content=\"article\" \/>\n<meta property=\"og:title\" content=\"About - Istanbul International Airport (IST) - Turkey&#039;s new airport\" \/>\n<meta property=\"og:description\" content=\"About us In this webpage you can find all the information regarding&nbsp;Istanbul International Airport (IST): Contact Info info@airportglobe.com Useful Note We are pleased to welcome you to our website, which is an unofficial guide to Istanbul Airport, not directly or indirectly related to the official airport website. Our goal is to help all travelers by [&hellip;]\" \/>\n<meta property=\"og:url\" content=\"https:\/\/istanbul-ist-international-airport.com\/cs\/about\/\" \/>\n<meta property=\"og:site_name\" content=\"Istanbul International Airport (IST) - Turkey&#039;s new airport\" \/>\n<meta property=\"article:modified_time\" content=\"2025-09-13T11:33:05+00:00\" \/>\n<meta property=\"og:image\" content=\"https:\/\/istanbul-ist-international-airport.com\/wp-content\/uploads\/2025\/09\/about.jpg\" \/>\n\t<meta property=\"og:image:width\" content=\"2160\" \/>\n\t<meta property=\"og:image:height\" content=\"825\" \/>\n\t<meta property=\"og:image:type\" content=\"image\/jpeg\" \/>\n<meta name=\"twitter:card\" content=\"summary_large_image\" \/>\n<meta name=\"twitter:label1\" content=\"Odhadovan\u00e1 doba \u010dten\u00ed\" \/>\n\t<meta name=\"twitter:data1\" content=\"1 minuta\" \/>\n<script type=\"application\/ld+json\" class=\"yoast-schema-graph\">{\"@context\":\"https:\\\/\\\/schema.org\",\"@graph\":[{\"@type\":\"WebPage\",\"@id\":\"https:\\\/\\\/istanbul-ist-international-airport.com\\\/cs\\\/about\\\/\",\"url\":\"https:\\\/\\\/istanbul-ist-international-airport.com\\\/cs\\\/about\\\/\",\"name\":\"About - Istanbul International Airport (IST) - Turkey&#039;s new airport\",\"isPartOf\":{\"@id\":\"https:\\\/\\\/istanbul-ist-international-airport.com\\\/cs\\\/#website\"},\"primaryImageOfPage\":{\"@id\":\"https:\\\/\\\/istanbul-ist-international-airport.com\\\/cs\\\/about\\\/#primaryimage\"},\"image\":{\"@id\":\"https:\\\/\\\/istanbul-ist-international-airport.com\\\/cs\\\/about\\\/#primaryimage\"},\"thumbnailUrl\":\"https:\\\/\\\/istanbul-ist-international-airport.com\\\/wp-content\\\/uploads\\\/2025\\\/09\\\/about.jpg\",\"datePublished\":\"2025-09-10T14:22:12+00:00\",\"dateModified\":\"2025-09-13T11:33:05+00:00\",\"breadcrumb\":{\"@id\":\"https:\\\/\\\/istanbul-ist-international-airport.com\\\/cs\\\/about\\\/#breadcrumb\"},\"inLanguage\":\"cs\",\"potentialAction\":[{\"@type\":\"ReadAction\",\"target\":[\"https:\\\/\\\/istanbul-ist-international-airport.com\\\/cs\\\/about\\\/\"]}]},{\"@type\":\"ImageObject\",\"inLanguage\":\"cs\",\"@id\":\"https:\\\/\\\/istanbul-ist-international-airport.com\\\/cs\\\/about\\\/#primaryimage\",\"url\":\"https:\\\/\\\/istanbul-ist-international-airport.com\\\/wp-content\\\/uploads\\\/2025\\\/09\\\/about.jpg\",\"contentUrl\":\"https:\\\/\\\/istanbul-ist-international-airport.com\\\/wp-content\\\/uploads\\\/2025\\\/09\\\/about.jpg\",\"width\":2160,\"height\":825},{\"@type\":\"BreadcrumbList\",\"@id\":\"https:\\\/\\\/istanbul-ist-international-airport.com\\\/cs\\\/about\\\/#breadcrumb\",\"itemListElement\":[{\"@type\":\"ListItem\",\"position\":1,\"name\":\"Home\",\"item\":\"https:\\\/\\\/istanbul-ist-international-airport.com\\\/\"},{\"@type\":\"ListItem\",\"position\":2,\"name\":\"About\"}]},{\"@type\":\"WebSite\",\"@id\":\"https:\\\/\\\/istanbul-ist-international-airport.com\\\/cs\\\/#website\",\"url\":\"https:\\\/\\\/istanbul-ist-international-airport.com\\\/cs\\\/\",\"name\":\"Istanbul International Airport (IST) - Turkey&#039;s new airport\",\"description\":\"Navigating Istanbul International Airport: A Traveler\u2019s Guide.\",\"potentialAction\":[{\"@type\":\"SearchAction\",\"target\":{\"@type\":\"EntryPoint\",\"urlTemplate\":\"https:\\\/\\\/istanbul-ist-international-airport.com\\\/cs\\\/?s={search_term_string}\"},\"query-input\":{\"@type\":\"PropertyValueSpecification\",\"valueRequired\":true,\"valueName\":\"search_term_string\"}}],\"inLanguage\":\"cs\"}]}<\/script>\n<!-- \/ Yoast SEO plugin. -->","yoast_head_json":{"title":"O n\u00e1s \u2013 Mezin\u00e1rodn\u00ed leti\u0161t\u011b Istanbul (IST) \u2013 Nov\u00e9 leti\u0161t\u011b Turecka","robots":{"index":"index","follow":"follow","max-snippet":"max-snippet:-1","max-image-preview":"max-image-preview:large","max-video-preview":"max-video-preview:-1"},"canonical":"https:\/\/istanbul-ist-international-airport.com\/cs\/about\/","og_locale":"cs_CZ","og_type":"article","og_title":"About - Istanbul International Airport (IST) - Turkey&#039;s new airport","og_description":"About us In this webpage you can find all the information regarding&nbsp;Istanbul International Airport (IST): Contact Info info@airportglobe.com Useful Note We are pleased to welcome you to our website, which is an unofficial guide to Istanbul Airport, not directly or indirectly related to the official airport website. Our goal is to help all travelers by [&hellip;]","og_url":"https:\/\/istanbul-ist-international-airport.com\/cs\/about\/","og_site_name":"Istanbul International Airport (IST) - Turkey&#039;s new airport","article_modified_time":"2025-09-13T11:33:05+00:00","og_image":[{"width":2160,"height":825,"url":"https:\/\/istanbul-ist-international-airport.com\/wp-content\/uploads\/2025\/09\/about.jpg","type":"image\/jpeg"}],"twitter_card":"summary_large_image","twitter_misc":{"Odhadovan\u00e1 doba \u010dten\u00ed":"1 minuta"},"schema":{"@context":"https:\/\/schema.org","@graph":[{"@type":"WebPage","@id":"https:\/\/istanbul-ist-international-airport.com\/cs\/about\/","url":"https:\/\/istanbul-ist-international-airport.com\/cs\/about\/","name":"O n\u00e1s \u2013 Mezin\u00e1rodn\u00ed leti\u0161t\u011b Istanbul (IST) \u2013 Nov\u00e9 leti\u0161t\u011b Turecka","isPartOf":{"@id":"https:\/\/istanbul-ist-international-airport.com\/cs\/#website"},"primaryImageOfPage":{"@id":"https:\/\/istanbul-ist-international-airport.com\/cs\/about\/#primaryimage"},"image":{"@id":"https:\/\/istanbul-ist-international-airport.com\/cs\/about\/#primaryimage"},"thumbnailUrl":"https:\/\/istanbul-ist-international-airport.com\/wp-content\/uploads\/2025\/09\/about.jpg","datePublished":"2025-09-10T14:22:12+00:00","dateModified":"2025-09-13T11:33:05+00:00","breadcrumb":{"@id":"https:\/\/istanbul-ist-international-airport.com\/cs\/about\/#breadcrumb"},"inLanguage":"cs","potentialAction":[{"@type":"ReadAction","target":["https:\/\/istanbul-ist-international-airport.com\/cs\/about\/"]}]},{"@type":"ImageObject","inLanguage":"cs","@id":"https:\/\/istanbul-ist-international-airport.com\/cs\/about\/#primaryimage","url":"https:\/\/istanbul-ist-international-airport.com\/wp-content\/uploads\/2025\/09\/about.jpg","contentUrl":"https:\/\/istanbul-ist-international-airport.com\/wp-content\/uploads\/2025\/09\/about.jpg","width":2160,"height":825},{"@type":"BreadcrumbList","@id":"https:\/\/istanbul-ist-international-airport.com\/cs\/about\/#breadcrumb","itemListElement":[{"@type":"ListItem","position":1,"name":"Home","item":"https:\/\/istanbul-ist-international-airport.com\/"},{"@type":"ListItem","position":2,"name":"About"}]},{"@type":"WebSite","@id":"https:\/\/istanbul-ist-international-airport.com\/cs\/#website","url":"https:\/\/istanbul-ist-international-airport.com\/cs\/","name":"Istanbul International Airport (IST) - Turkey&#039;s new airport","description":"Navigating Istanbul International Airport: A Traveler\u2019s Guide.","potentialAction":[{"@type":"SearchAction","target":{"@type":"EntryPoint","urlTemplate":"https:\/\/istanbul-ist-international-airport.com\/cs\/?s={search_term_string}"},"query-input":{"@type":"PropertyValueSpecification","valueRequired":true,"valueName":"search_term_string"}}],"inLanguage":"cs"}]}},"_links":{"self":[{"href":"https:\/\/istanbul-ist-international-airport.com\/cs\/wp-json\/wp\/v2\/pages\/3463","targetHints":{"allow":["GET"]}}],"collection":[{"href":"https:\/\/istanbul-ist-international-airport.com\/cs\/wp-json\/wp\/v2\/pages"}],"about":[{"href":"https:\/\/istanbul-ist-international-airport.com\/cs\/wp-json\/wp\/v2\/types\/page"}],"author":[{"embeddable":true,"href":"https:\/\/istanbul-ist-international-airport.com\/cs\/wp-json\/wp\/v2\/users\/1"}],"replies":[{"embeddable":true,"href":"https:\/\/istanbul-ist-international-airport.com\/cs\/wp-json\/wp\/v2\/comments?post=3463"}],"version-history":[{"count":2,"href":"https:\/\/istanbul-ist-international-airport.com\/cs\/wp-json\/wp\/v2\/pages\/3463\/revisions"}],"predecessor-version":[{"id":3754,"href":"https:\/\/istanbul-ist-international-airport.com\/cs\/wp-json\/wp\/v2\/pages\/3463\/revisions\/3754"}],"wp:featuredmedia":[{"embeddable":true,"href":"https:\/\/istanbul-ist-international-airport.com\/cs\/wp-json\/wp\/v2\/media\/3752"}],"wp:attachment":[{"href":"https:\/\/istanbul-ist-international-airport.com\/cs\/wp-json\/wp\/v2\/media?parent=3463"}],"curies":[{"name":"wp","href":"https:\/\/api.w.org\/{rel}","templated":true}]}}