{"id":3467,"date":"2025-09-10T17:22:33","date_gmt":"2025-09-10T14:22:33","guid":{"rendered":"http:\/\/147.182.243.37\/?page_id=3467"},"modified":"2025-09-13T14:36:46","modified_gmt":"2025-09-13T11:36:46","slug":"istanbul-airport-terminal","status":"publish","type":"page","link":"https:\/\/istanbul-ist-international-airport.com\/cs\/istanbul-airport-terminal\/","title":{"rendered":"Istanbul Airport Terminal"},"content":{"rendered":"<h2 itemprop=\"alternateName\" class=\"wp-block-heading\"><strong>P\u0159ehled termin\u00e1lu na nov\u00e9m istanbulsk\u00e9m leti\u0161ti<\/strong><\/h2>\n\n\n\n<p>Nesm\u00edrn\u00fd&nbsp;<a href=\"https:\/\/istanbul-ist-international-airport.com\/\">Leti\u0161t\u011b Istanbul<\/a>&nbsp;Termin\u00e1l se rozprost\u00edr\u00e1 na rozlehl\u00e9 plo\u0161e 1 440 000 metr\u016f \u010dtvere\u010dn\u00edch a je proslul\u00fd jako nejv\u011bt\u0161\u00ed budova termin\u00e1lu na sv\u011bt\u011b, v\u0161e pod jednou st\u0159echou. D\u00edky sv\u00e9mu nejmodern\u011bj\u0161\u00edmu designu je zbrusu nov\u00fd termin\u00e1l rozd\u011blen na prostor pro odlety a z\u00f3nu pro p\u0159\u00edlety. Pro zaji\u0161t\u011bn\u00ed snadn\u00e9ho p\u0159\u00edstupu pro ty, kte\u0159\u00ed p\u0159ij\u00ed\u017ed\u011bj\u00ed autem, jsou tyrkysov\u00e1 a zelen\u00e1 parkovi\u0161t\u011b ur\u010dena pro vnitrost\u00e1tn\u00ed lety, zat\u00edmco \u017elut\u00e1, \u010derven\u00e1 a modr\u00e1 parkovac\u00ed m\u00edsta slou\u017e\u00ed mezin\u00e1rodn\u00edm let\u016fm.<\/p>\n\n\n\n<p>Cestuj\u00edc\u00ed mohou vstoupit do odletov\u00e9 haly sedmi r\u016fzn\u00fdmi vchody. Obecn\u011b plat\u00ed, \u017ee vchody 1 a 2 jsou v\u00fdhodn\u011bj\u0161\u00ed pro vnitrost\u00e1tn\u00ed lety, zat\u00edmco zb\u00fdvaj\u00edc\u00ed vchody vedou k odbavovac\u00edm p\u0159ep\u00e1\u017ek\u00e1m pro mezin\u00e1rodn\u00ed lety. Cestuj\u00edc\u00ed vnitrost\u00e1tn\u00edch let\u016f by m\u011bli zam\u00ed\u0159it k odbavovac\u00edm p\u0159ep\u00e1\u017ek\u00e1m D a E, kter\u00e9 zahrnuj\u00ed samoobslu\u017en\u00e9 mo\u017enosti, a pot\u00e9 pokra\u010dovat k pasov\u00e9 kontrole, kter\u00e1 se nach\u00e1z\u00ed v bl\u00edzkosti uli\u010dky D. Na druhou stranu, cestuj\u00edc\u00ed l\u00e9taj\u00edc\u00ed do zahrani\u010d\u00ed by se m\u011bli vydat k uli\u010dk\u00e1m E (se samoobslu\u017enou odbavovac\u00ed p\u0159ep\u00e1\u017ekou), F, G, H a J, p\u0159i\u010dem\u017e p\u0159\u00edslu\u0161n\u00e1 pasov\u00e1 kontrola se nach\u00e1z\u00ed p\u0159\u00edmo naproti t\u011bmto uli\u010dk\u00e1m. D\u016fle\u017eit\u00e9 je poznamenat, \u017ee vchod 5 je vyhrazen v\u00fdhradn\u011b pro cestuj\u00edc\u00ed business t\u0159\u00eddy a \u010dleny Miles &amp; More, kte\u0159\u00ed nastupuj\u00ed na mezin\u00e1rodn\u00ed let.<\/p>\n\n\n\n<p>Krom\u011b toho byly pro speci\u00e1ln\u00ed kategorie cestuj\u00edc\u00edch vyhrazeny speci\u00e1ln\u00ed odbavovac\u00ed p\u0159ep\u00e1\u017eky. Velk\u00e9 skupiny cestuj\u00edc\u00edch a jednotlivci se speci\u00e1ln\u00edmi pot\u0159ebami budou odbaveni v uli\u010dce G, zat\u00edmco uli\u010dka K je vyhrazena pro rodiny. Cestuj\u00edc\u00ed p\u0159ij\u00ed\u017ed\u011bj\u00edc\u00ed z USA, Velk\u00e9 Brit\u00e1nie a Kanady by m\u011bli proj\u00edt odbavovac\u00ed p\u0159ep\u00e1\u017ekou K, zat\u00edmco \u010dlenov\u00e9 Star Alliance Gold a cestuj\u00edc\u00ed v business t\u0159\u00edd\u011b Turkish Airlines by m\u011bli zam\u00ed\u0159it do uli\u010dky L.<\/p>\n\n\n\n<p>A kone\u010dn\u011b, nov\u00fd istanbulsk\u00fd termin\u00e1l se py\u0161n\u00ed p\u011bti moly. Mola A, B, D a F jsou ur\u010dena pro mezin\u00e1rodn\u00ed n\u00e1stupn\u00ed br\u00e1ny, zat\u00edmco molo G a t\u0159i n\u00e1stupn\u00ed prostory v mole F slou\u017e\u00ed vnitrost\u00e1tn\u00edm let\u016fm.<\/p>\n\n\n\n<p>Za zm\u00ednku stoj\u00ed, \u017ee a\u010dkoli m\u00e1 istanbulsk\u00e9 leti\u0161t\u011b v sou\u010dasn\u00e9 dob\u011b pouze jednu budovu termin\u00e1lu, do roku 2025, kdy bude jeho v\u00fdstavba pln\u011b dokon\u010dena, se nov\u00e9 leteck\u00e9 centrum bude py\u0161nit \u010dty\u0159mi propojen\u00fdmi termin\u00e1ly, mezi nimi\u017e bude pohodln\u00fd pohyb usnad\u0148ovat \u017eelezni\u010dn\u00ed syst\u00e9m.<\/p>\n\n\n\n<h2 itemprop=\"alternateName\" class=\"wp-block-heading\"><strong>Vynikaj\u00edc\u00ed nov\u00fd termin\u00e1l istanbulsk\u00e9ho leti\u0161t\u011b<\/strong><\/h2>\n\n\n\n<p>Nov\u00fd termin\u00e1l leti\u0161t\u011b p\u0159edstavuje pozoruhodn\u00e9 spojen\u00ed sou\u010dasn\u00e9 architektury s n\u00e1rodn\u00ed histori\u00ed a kulturou. Jeho grandi\u00f3zn\u00ed rozm\u011bry okam\u017eit\u011b upoutaj\u00ed pozornost a vyza\u0159uj\u00ed ohromuj\u00edc\u00ed pocit velkoleposti. Nav\u00edc rozlehl\u00e9 stropy, rozs\u00e1hl\u00e1 okna a sv\u011btl\u00edky vytv\u00e1\u0159ej\u00ed povzbuzuj\u00edc\u00ed a \u017eivou atmosf\u00e9ru. Pozoruhodn\u00e9 je, \u017ee termin\u00e1l zahrnuje chytr\u00fd design, kter\u00fd zd\u016fraz\u0148uje kl\u00ed\u010dov\u00e9 z\u00f3ny, jako jsou odbavovac\u00ed prostory s vylep\u0161en\u00fdm osv\u011btlen\u00edm, a decentn\u011b tak podtrhuje jejich v\u00fdznam. Krom\u011b modern\u00edch prvk\u016f termin\u00e1l vzd\u00e1v\u00e1 hold historii a n\u00e1bo\u017eenstv\u00ed, co\u017e je patrn\u00e9 z isl\u00e1msky inspirovan\u00fdch oblouk\u016f a k\u0159ivek p\u0159ipom\u00ednaj\u00edc\u00edch me\u0161ity, stejn\u011b jako z podmaniv\u00e9 podoby hlavn\u00ed haly s proslul\u00fdm Bosporsk\u00fdm pr\u016flivem.<\/p>\n\n\n\n<p>Nicm\u00e9n\u011b, skute\u010dn\u00fdm vrcholem leti\u0161t\u011b je jeho ikonick\u00e1 \u0159\u00eddic\u00ed v\u011b\u017e letov\u00e9ho provozu, kter\u00e1 z\u00edskala nespo\u010det ocen\u011bn\u00ed a uzn\u00e1n\u00ed. Ty\u010d\u00ed se do \u00factyhodn\u00e9 v\u00fd\u0161ky 90 metr\u016f a n\u00e1padn\u011b p\u0159ipom\u00edn\u00e1 tulip\u00e1n, symbol hluboce zako\u0159en\u011bn\u00fd v historick\u00e9m d\u011bdictv\u00ed Istanbulu.<\/p>\n\n\n\n<h2 itemprop=\"alternateName\" class=\"wp-block-heading\"><strong>Hlavn\u00ed Nev\u00fdhoda Termin\u00e1lu Leti\u0161t\u011b Istanbul<\/strong><\/h2>\n\n\n\n<p>Nov\u00e9 istanbulsk\u00e9 leti\u0161t\u011b se sice chlub\u00ed p\u016fsobiv\u00fdm a technologicky vysp\u011bl\u00fdm prost\u0159ed\u00edm, m\u00e1 v\u0161ak jednu v\u00fdraznou nev\u00fdhodu. Navzdory rozd\u011blen\u00ed do p\u011bti samostatn\u00fdch odbavovac\u00edch hal se zde nach\u00e1z\u00ed pouze jedna bezpe\u010dnostn\u00ed kontrola pro vnitrost\u00e1tn\u00ed lety a jedna pro mezin\u00e1rodn\u00ed cestuj\u00edc\u00ed. Tato skute\u010dnost v kombinaci s absenc\u00ed intern\u00edho tranzitn\u00edho syst\u00e9mu, jako jsou kyvadlov\u00e9 autobusy nebo vlaky, zvy\u0161uje riziko potenci\u00e1ln\u00edch zpo\u017ed\u011bn\u00ed let\u016f. Krom\u011b toho st\u00e1vaj\u00edc\u00ed pohybliv\u00e9 chodn\u00edky nedostate\u010dn\u011b kompenzuj\u00ed zna\u010dn\u00e9 vzd\u00e1lenosti mezi branami, stejn\u011b jako z centr\u00e1ln\u00ed termin\u00e1lov\u00e9 z\u00f3ny ke ka\u017ed\u00e9mu molu, co\u017e v kone\u010dn\u00e9m d\u016fsledku \u010din\u00ed intern\u00ed transfery \u010dasov\u011b n\u00e1ro\u010dn\u00fdmi a \u00fanavn\u00fdmi.<\/p>\n\n\n\n<p>Proto se doporu\u010duje, aby cestuj\u00edc\u00ed dorazili na istanbulsk\u00e9 mezin\u00e1rodn\u00ed leti\u0161t\u011b alespo\u0148 2,5\u20133 hodiny p\u0159ed pl\u00e1novan\u00fdm odletem, aby si zajistili bezprobl\u00e9movou cestu ke sv\u00fdm p\u0159\u00edslu\u0161n\u00fdm odletov\u00fdm bran\u00e1m.<\/p>","protected":false},"excerpt":{"rendered":"<p>An Overview of the Terminal at New Istanbul Aiport The immense&nbsp;Istanbul airport&nbsp;terminal stretches across a vast 1,440,000 square meter area and is renowned as the largest terminal building in the world, all under one roof. With its state-of-the-art design, the brand-new terminal is separated into a departure area and an arrival zone. To ensure ease [&hellip;]<\/p>","protected":false},"author":1,"featured_media":3757,"parent":0,"menu_order":0,"comment_status":"closed","ping_status":"closed","template":"home.php","meta":{"_acf_changed":false,"footnotes":""},"class_list":["post-3467","page","type-page","status-publish","has-post-thumbnail","hentry"],"acf":[],"yoast_head":"<!-- This site is optimized with the Yoast SEO plugin v27.5 - https:\/\/yoast.com\/product\/yoast-seo-wordpress\/ -->\n<title>Istanbul Airport Terminal - Istanbul International Airport (IST) - Turkey&#039;s new airport<\/title>\n<meta name=\"robots\" content=\"index, follow, max-snippet:-1, max-image-preview:large, max-video-preview:-1\" \/>\n<link rel=\"canonical\" href=\"https:\/\/istanbul-ist-international-airport.com\/cs\/istanbul-airport-terminal\/\" \/>\n<meta property=\"og:locale\" content=\"cs_CZ\" \/>\n<meta property=\"og:type\" content=\"article\" \/>\n<meta property=\"og:title\" content=\"Istanbul Airport Terminal - Istanbul International Airport (IST) - Turkey&#039;s new airport\" \/>\n<meta property=\"og:description\" content=\"An Overview of the Terminal at New Istanbul Aiport The immense&nbsp;Istanbul airport&nbsp;terminal stretches across a vast 1,440,000 square meter area and is renowned as the largest terminal building in the world, all under one roof. With its state-of-the-art design, the brand-new terminal is separated into a departure area and an arrival zone. To ensure ease [&hellip;]\" \/>\n<meta property=\"og:url\" content=\"https:\/\/istanbul-ist-international-airport.com\/cs\/istanbul-airport-terminal\/\" \/>\n<meta property=\"og:site_name\" content=\"Istanbul International Airport (IST) - Turkey&#039;s new airport\" \/>\n<meta property=\"article:modified_time\" content=\"2025-09-13T11:36:46+00:00\" \/>\n<meta property=\"og:image\" content=\"https:\/\/istanbul-ist-international-airport.com\/wp-content\/uploads\/2025\/09\/ist_1.jpg\" \/>\n\t<meta property=\"og:image:width\" content=\"2160\" \/>\n\t<meta property=\"og:image:height\" content=\"825\" \/>\n\t<meta property=\"og:image:type\" content=\"image\/jpeg\" \/>\n<meta name=\"twitter:card\" content=\"summary_large_image\" \/>\n<meta name=\"twitter:label1\" content=\"Odhadovan\u00e1 doba \u010dten\u00ed\" \/>\n\t<meta name=\"twitter:data1\" content=\"3 minuty\" \/>\n<script type=\"application\/ld+json\" class=\"yoast-schema-graph\">{\"@context\":\"https:\\\/\\\/schema.org\",\"@graph\":[{\"@type\":\"WebPage\",\"@id\":\"https:\\\/\\\/istanbul-ist-international-airport.com\\\/cs\\\/istanbul-airport-terminal\\\/\",\"url\":\"https:\\\/\\\/istanbul-ist-international-airport.com\\\/cs\\\/istanbul-airport-terminal\\\/\",\"name\":\"Istanbul Airport Terminal - Istanbul International Airport (IST) - Turkey&#039;s new airport\",\"isPartOf\":{\"@id\":\"https:\\\/\\\/istanbul-ist-international-airport.com\\\/cs\\\/#website\"},\"primaryImageOfPage\":{\"@id\":\"https:\\\/\\\/istanbul-ist-international-airport.com\\\/cs\\\/istanbul-airport-terminal\\\/#primaryimage\"},\"image\":{\"@id\":\"https:\\\/\\\/istanbul-ist-international-airport.com\\\/cs\\\/istanbul-airport-terminal\\\/#primaryimage\"},\"thumbnailUrl\":\"https:\\\/\\\/istanbul-ist-international-airport.com\\\/wp-content\\\/uploads\\\/2025\\\/09\\\/ist_1.jpg\",\"datePublished\":\"2025-09-10T14:22:33+00:00\",\"dateModified\":\"2025-09-13T11:36:46+00:00\",\"breadcrumb\":{\"@id\":\"https:\\\/\\\/istanbul-ist-international-airport.com\\\/cs\\\/istanbul-airport-terminal\\\/#breadcrumb\"},\"inLanguage\":\"cs\",\"potentialAction\":[{\"@type\":\"ReadAction\",\"target\":[\"https:\\\/\\\/istanbul-ist-international-airport.com\\\/cs\\\/istanbul-airport-terminal\\\/\"]}]},{\"@type\":\"ImageObject\",\"inLanguage\":\"cs\",\"@id\":\"https:\\\/\\\/istanbul-ist-international-airport.com\\\/cs\\\/istanbul-airport-terminal\\\/#primaryimage\",\"url\":\"https:\\\/\\\/istanbul-ist-international-airport.com\\\/wp-content\\\/uploads\\\/2025\\\/09\\\/ist_1.jpg\",\"contentUrl\":\"https:\\\/\\\/istanbul-ist-international-airport.com\\\/wp-content\\\/uploads\\\/2025\\\/09\\\/ist_1.jpg\",\"width\":2160,\"height\":825},{\"@type\":\"BreadcrumbList\",\"@id\":\"https:\\\/\\\/istanbul-ist-international-airport.com\\\/cs\\\/istanbul-airport-terminal\\\/#breadcrumb\",\"itemListElement\":[{\"@type\":\"ListItem\",\"position\":1,\"name\":\"Home\",\"item\":\"https:\\\/\\\/istanbul-ist-international-airport.com\\\/\"},{\"@type\":\"ListItem\",\"position\":2,\"name\":\"Istanbul Airport Terminal\"}]},{\"@type\":\"WebSite\",\"@id\":\"https:\\\/\\\/istanbul-ist-international-airport.com\\\/cs\\\/#website\",\"url\":\"https:\\\/\\\/istanbul-ist-international-airport.com\\\/cs\\\/\",\"name\":\"Istanbul International Airport (IST) - Turkey&#039;s new airport\",\"description\":\"Navigating Istanbul International Airport: A Traveler\u2019s Guide.\",\"potentialAction\":[{\"@type\":\"SearchAction\",\"target\":{\"@type\":\"EntryPoint\",\"urlTemplate\":\"https:\\\/\\\/istanbul-ist-international-airport.com\\\/cs\\\/?s={search_term_string}\"},\"query-input\":{\"@type\":\"PropertyValueSpecification\",\"valueRequired\":true,\"valueName\":\"search_term_string\"}}],\"inLanguage\":\"cs\"}]}<\/script>\n<!-- \/ Yoast SEO plugin. -->","yoast_head_json":{"title":"Termin\u00e1l leti\u0161t\u011b Istanbul \u2013 Mezin\u00e1rodn\u00ed leti\u0161t\u011b Istanbul (IST) \u2013 nov\u00e9 tureck\u00e9 leti\u0161t\u011b","robots":{"index":"index","follow":"follow","max-snippet":"max-snippet:-1","max-image-preview":"max-image-preview:large","max-video-preview":"max-video-preview:-1"},"canonical":"https:\/\/istanbul-ist-international-airport.com\/cs\/istanbul-airport-terminal\/","og_locale":"cs_CZ","og_type":"article","og_title":"Istanbul Airport Terminal - Istanbul International Airport (IST) - Turkey&#039;s new airport","og_description":"An Overview of the Terminal at New Istanbul Aiport The immense&nbsp;Istanbul airport&nbsp;terminal stretches across a vast 1,440,000 square meter area and is renowned as the largest terminal building in the world, all under one roof. With its state-of-the-art design, the brand-new terminal is separated into a departure area and an arrival zone. To ensure ease [&hellip;]","og_url":"https:\/\/istanbul-ist-international-airport.com\/cs\/istanbul-airport-terminal\/","og_site_name":"Istanbul International Airport (IST) - Turkey&#039;s new airport","article_modified_time":"2025-09-13T11:36:46+00:00","og_image":[{"width":2160,"height":825,"url":"https:\/\/istanbul-ist-international-airport.com\/wp-content\/uploads\/2025\/09\/ist_1.jpg","type":"image\/jpeg"}],"twitter_card":"summary_large_image","twitter_misc":{"Odhadovan\u00e1 doba \u010dten\u00ed":"3 minuty"},"schema":{"@context":"https:\/\/schema.org","@graph":[{"@type":"WebPage","@id":"https:\/\/istanbul-ist-international-airport.com\/cs\/istanbul-airport-terminal\/","url":"https:\/\/istanbul-ist-international-airport.com\/cs\/istanbul-airport-terminal\/","name":"Termin\u00e1l leti\u0161t\u011b Istanbul \u2013 Mezin\u00e1rodn\u00ed leti\u0161t\u011b Istanbul (IST) \u2013 nov\u00e9 tureck\u00e9 leti\u0161t\u011b","isPartOf":{"@id":"https:\/\/istanbul-ist-international-airport.com\/cs\/#website"},"primaryImageOfPage":{"@id":"https:\/\/istanbul-ist-international-airport.com\/cs\/istanbul-airport-terminal\/#primaryimage"},"image":{"@id":"https:\/\/istanbul-ist-international-airport.com\/cs\/istanbul-airport-terminal\/#primaryimage"},"thumbnailUrl":"https:\/\/istanbul-ist-international-airport.com\/wp-content\/uploads\/2025\/09\/ist_1.jpg","datePublished":"2025-09-10T14:22:33+00:00","dateModified":"2025-09-13T11:36:46+00:00","breadcrumb":{"@id":"https:\/\/istanbul-ist-international-airport.com\/cs\/istanbul-airport-terminal\/#breadcrumb"},"inLanguage":"cs","potentialAction":[{"@type":"ReadAction","target":["https:\/\/istanbul-ist-international-airport.com\/cs\/istanbul-airport-terminal\/"]}]},{"@type":"ImageObject","inLanguage":"cs","@id":"https:\/\/istanbul-ist-international-airport.com\/cs\/istanbul-airport-terminal\/#primaryimage","url":"https:\/\/istanbul-ist-international-airport.com\/wp-content\/uploads\/2025\/09\/ist_1.jpg","contentUrl":"https:\/\/istanbul-ist-international-airport.com\/wp-content\/uploads\/2025\/09\/ist_1.jpg","width":2160,"height":825},{"@type":"BreadcrumbList","@id":"https:\/\/istanbul-ist-international-airport.com\/cs\/istanbul-airport-terminal\/#breadcrumb","itemListElement":[{"@type":"ListItem","position":1,"name":"Home","item":"https:\/\/istanbul-ist-international-airport.com\/"},{"@type":"ListItem","position":2,"name":"Istanbul Airport Terminal"}]},{"@type":"WebSite","@id":"https:\/\/istanbul-ist-international-airport.com\/cs\/#website","url":"https:\/\/istanbul-ist-international-airport.com\/cs\/","name":"Istanbul International Airport (IST) - Turkey&#039;s new airport","description":"Navigating Istanbul International Airport: A Traveler\u2019s Guide.","potentialAction":[{"@type":"SearchAction","target":{"@type":"EntryPoint","urlTemplate":"https:\/\/istanbul-ist-international-airport.com\/cs\/?s={search_term_string}"},"query-input":{"@type":"PropertyValueSpecification","valueRequired":true,"valueName":"search_term_string"}}],"inLanguage":"cs"}]}},"_links":{"self":[{"href":"https:\/\/istanbul-ist-international-airport.com\/cs\/wp-json\/wp\/v2\/pages\/3467","targetHints":{"allow":["GET"]}}],"collection":[{"href":"https:\/\/istanbul-ist-international-airport.com\/cs\/wp-json\/wp\/v2\/pages"}],"about":[{"href":"https:\/\/istanbul-ist-international-airport.com\/cs\/wp-json\/wp\/v2\/types\/page"}],"author":[{"embeddable":true,"href":"https:\/\/istanbul-ist-international-airport.com\/cs\/wp-json\/wp\/v2\/users\/1"}],"replies":[{"embeddable":true,"href":"https:\/\/istanbul-ist-international-airport.com\/cs\/wp-json\/wp\/v2\/comments?post=3467"}],"version-history":[{"count":2,"href":"https:\/\/istanbul-ist-international-airport.com\/cs\/wp-json\/wp\/v2\/pages\/3467\/revisions"}],"predecessor-version":[{"id":3759,"href":"https:\/\/istanbul-ist-international-airport.com\/cs\/wp-json\/wp\/v2\/pages\/3467\/revisions\/3759"}],"wp:featuredmedia":[{"embeddable":true,"href":"https:\/\/istanbul-ist-international-airport.com\/cs\/wp-json\/wp\/v2\/media\/3757"}],"wp:attachment":[{"href":"https:\/\/istanbul-ist-international-airport.com\/cs\/wp-json\/wp\/v2\/media?parent=3467"}],"curies":[{"name":"wp","href":"https:\/\/api.w.org\/{rel}","templated":true}]}}