{"id":3409,"date":"2025-09-10T17:14:05","date_gmt":"2025-09-10T14:14:05","guid":{"rendered":"http:\/\/147.182.243.37\/?page_id=3409"},"modified":"2025-09-13T11:02:35","modified_gmt":"2025-09-13T08:02:35","slug":"flights-from-and-to-istanbul-airport","status":"publish","type":"page","link":"https:\/\/istanbul-ist-international-airport.com\/de\/flights-from-and-to-istanbul-airport\/","title":{"rendered":"Istanbul Airport Flights (IST) Information"},"content":{"rendered":"<h2 itemprop=\"alternateName\" class=\"wp-block-heading\"><strong>How to check all the information about your flight at Istanbul Airport...<\/strong><\/h2>\n\n\n\n<p>Lassen Sie uns die wichtigsten und aktuellsten Informationen \u00fcber Fl\u00fcge und deren Verfolgung \u00fcberpr\u00fcfen in&nbsp;<a href=\"https:\/\/istanbul-ist-international-airport.com\/\">Flughafen Istanbul<\/a>Tausende von G\u00e4sten besuchen ihn t\u00e4glich, um ihre gesponserte Reise von seinem Terminal aus zu beginnen oder die Ankunft ihres Fluges zu genie\u00dfen. T\u00e4glich werden am Flughafen \u00fcber 1.500 Fl\u00fcge, Inlands- und Auslandsfl\u00fcge, abgefertigt, und seine ger\u00e4umigen Terminals k\u00f6nnen selbst erfahrene Passagiere verwirren. In diesem Blog finden Sie daher die n\u00fctzlichsten Informationen \u00fcber IST-Flugabflug- und Flugankunftsverfolgungsmethoden sowie Ideen, wie Sie Schwierigkeiten oder pl\u00f6tzliche Ereignisse im Zusammenhang mit verpassten Flugzeiten und Fl\u00fcgen vermeiden k\u00f6nnen.<br>Sie sollten zustimmen, dass die Buchung von Flugtickets nur der Anfang ist und es notwendig ist, regelm\u00e4\u00dfig Fluginformationen zu Ankunft und Abflug zu \u00fcberpr\u00fcfen, um \u00fcber jede \u00c4nderung in jedem Intervall auf dem Laufenden zu bleiben und Probleme mit Ihrem Flug zu vermeiden.<br>Jeder Passagier w\u00fcnscht sich Komfort w\u00e4hrend seines Fluges. Dennoch passieren oft Fehler und hektische Zwischenf\u00e4lle in Bezug auf die Zeitplanung, und es liegt an Ihnen, diese erfolgreich zu vermeiden, indem Sie diesem informativen Leitfaden zum \u00dcberpr\u00fcfen der Ankunfts- und Abflugzeiten des Flughafens folgen.<\/p>\n\n\n\n<h3 itemprop=\"alternateName\" class=\"wp-block-heading\"><strong>Die Ideen, um den Abflug vom Flughafen Istanbul zu \u00fcberpr\u00fcfen<\/strong><\/h3>\n\n\n\n<p>Ihre Buchungen wurden also best\u00e4tigt und reserviert, und Sie m\u00f6chten genau wissen, ob alles in Ordnung ist. Das ist ganz einfach m\u00f6glich. Gem\u00e4\u00df Ihren Rechten k\u00f6nnen Sie genaue Informationen \u00fcber Ihren Abflug von Istanbul mit den folgenden Methoden erhalten, die vom B\u00fcro des Flughafens angeboten werden.<br>1. \u00dcberpr\u00fcfen Sie den aktuellen Flugplan auf der Website des Flughafens. F\u00fcr die Bequemlichkeit aller Passagiere, nicht nur der t\u00fcrkischsprachigen, ist die Website in verschiedenen Sprachen verf\u00fcgbar (klicken Sie einfach auf die t\u00fcrkische Flagge in der Kopfzeile, um zwischen Englisch\/T\u00fcrk\u00e7e\/\u0420\u0443\u0441\u0441\u043a\u0438\u0439\/Espanol\/Deutch\/Franz\u00f6sisch\/Arabisch\/Mandarin zu w\u00e4hlen). Vergessen Sie nicht, die Datenschutzrichtlinien, die Allgemeinen Gesch\u00e4ftsbedingungen zu lesen und die Annahme des Cookie-Pakets zu best\u00e4tigen, um auf alle Vorteile zuzugreifen, die von den lokalen Beh\u00f6rden online durch Zustimmung zu diesen gew\u00e4hrt werden. Au\u00dferdem k\u00f6nnen Sie den schnellen Newsletter der IGA abonnieren, um Updates zu erhalten und dar\u00fcber informiert zu bleiben.<br>Hier k\u00f6nnen Sie eine der folgenden Methoden zur \u00dcberpr\u00fcfung von Abflug\/Ankunft w\u00e4hlen:<\/p>\n\n\n\n<ul class=\"wp-block-list\">\n<li>Geben Sie Ihre Flugnummer auf der Hauptseite der Website ein, um zu suchen und sofort alle Informationen \u00fcber Ihr Flugzeug, Flugaktualisierungen, Abflugzeit usw. zu erhalten. Wenn Sie jemanden treffen und begr\u00fc\u00dfen m\u00f6chten, der hier aus jedem Punkt der Welt wie Hessen oder Tokio ankommt, k\u00f6nnen Sie auch die m\u00f6glichen Ankunftszeiten w\u00e4hlen, um Ihre Zeit zu verwalten und den schnellsten Shuttle nach IGA zu bekommen.<\/li>\n\n\n\n<li>Alle Fl\u00fcge, sowohl internationale Routen, z.B. von Dhaka oder Madinah al Munavarrah, Tatarstan oder Kampanien, als auch Inlandsfl\u00fcge (von Erzurum oder Ankara) oder sogar Transferfl\u00fcge, werden in der Flugplantabelle auf der offiziellen IST-Website deutlich angegeben. Sie k\u00f6nnen dieses Informations-Widget auf jeden Fall nutzen, um anstehende Fl\u00fcge heute und morgen zu kontrollieren oder zu pr\u00fcfen, welcher Flugplan gestern galt, sowie Ihre Buchungen zu stornieren oder mit diesem Service m\u00f6gliche Versp\u00e4tungen vorherzusagen.<\/li>\n<\/ul>\n\n\n\n<p>Sie k\u00f6nnen auch Ihren pers\u00f6nlichen Assistenten oder eine Concierge-Agentur bitten, Sie bei der Zeitleistenverfolgung und eingehenden Aktualisierungen zu unterst\u00fctzen, um per E-Mail, regelm\u00e4\u00dfiger Online-\u00dcberpr\u00fcfung oder telefonischer Beratung Ihrer Wahl auf dem Laufenden zu bleiben. In der Regel sparen Sie mit dieser hochwertigen, privaten Option Zeit und Geld.<\/p>\n\n\n\n<p><strong>Tabelle\/Widget von der Seite<\/strong><br><strong>\u00dcbrigens, wusstest du, dass die durchschnittliche Anzahl der Fl\u00fcge am Flughafen Istanbul \u00fcber 1.300 betr\u00e4gt?<br><\/strong>2. Sobald Sie Tickets gebucht haben und eine schnelle Benachrichtigung \u00fcber Ihren Flugstatus w\u00fcnschen und detaillierte Informationen dar\u00fcber erhalten m\u00f6chten, ist die beste L\u00f6sung, eine offizielle, gesch\u00fctzte Anwendung herunterzuladen, die vom offiziellen Team entwickelt wurde. F\u00fcr Android OS k\u00f6nnen Sie hier klicken. F\u00fcr iOS klicken Sie bitte auf diesen Link. Diese kleine App bietet Ihnen zahlreiche Vorteile wie die spezifische Suche nach Fl\u00fcgen und Fluggesellschaften, Ticketstornierung, Ihre Flugdokumentation, Notfallerinnerungen, Ihre Kaufhistorie und Provision sowie sogar die M\u00f6glichkeit, die Lounge-Buchung im Falle von Flugversp\u00e4tungen oder langen Ausfallzeiten fortzusetzen. Die App informiert Sie \u00fcber jede \u00c4nderung oder Versp\u00e4tung, um Sie rechtzeitig auf dem Laufenden zu halten. Wenn Sie Apps von Drittanbietern verwenden, k\u00f6nnen Sie etwas wie All-Flight herunterladen, das als eine der gefragtesten unter den unabh\u00e4ngigen Apps zur Verfolgung des Flugplans und des Flugstatus gilt.<br>3. Nutzen Sie WhatsApp, um das Personal zu kontaktieren und Informationen \u00fcber Ihren Flug sowie die notwendige Hilfe von den Experten zu erhalten. Das Team antwortet freundlich auf Anfragen und bietet sofortige Updates zu allen Fluginformationen, einschlie\u00dflich Ihrer Sitzplatzzuweisung und zus\u00e4tzlichen verf\u00fcgbaren Dienstleistungen. Sie k\u00f6nnen es \u00fcber diesen Messenger kontaktieren, indem Sie die Nummer +904441442 hinzuf\u00fcgen. 4. Kontaktieren Sie uns telefonisch. Es gibt eine Hotline, die rund um die Uhr besetzt ist. Das Team nimmt Anrufe von Passagieren rund um die Uhr unter der Nummer 4441442 entgegen. Wenn Sie also Zweifel an den Informationen \u00fcber Ihren Flug und die Abflugzeiten haben, kontaktieren Sie bitte den Flughafen, um weitere Details zu erhalten, da deren Aufzeichnungen Ihnen diese liefern.<br>5. Wenn Sie bereits hier sind, ist es einfach, die Abflugsinformationen zu erhalten. Sie k\u00f6nnen sich jede Informationstafel in der N\u00e4he von Lounge-Bereichen und im gesamten Terminal ansehen. Wie \u00fcblich befinden sie sich in der N\u00e4he der zentralen Terminalbereiche. Hier werden die Informationen \u00fcber die Zeiten regelm\u00e4\u00dfig in Echtzeit im Men\u00fc aktualisiert, so dass es fast unm\u00f6glich ist, Ihr Flugzeug zu verpassen.<br>6. Was k\u00f6nnen Sie schlie\u00dflich noch tun, um Ihren Flug zum IGA zu verfolgen, und wo k\u00f6nnen Sie das tun? Das ist ein besonderes Angebot f\u00fcr VIP-Kunden. Sie k\u00f6nnen Ihren pers\u00f6nlichen Assistenten mit der Beschaffung anstehender Informationen beauftragen. Die Beamten stellen VIPs gerne solche Dienstleistungen zur Verf\u00fcgung und senden Newsletter oder E-Mails an Ihren zust\u00e4ndigen Vertreter, um Sie vor Flugausf\u00e4llen und Vers\u00e4umnissen zu sch\u00fctzen. Ihr Partner hat den Finger am Puls und erinnert Sie an Ihre Flugzeiten oder damit zusammenh\u00e4ngende \u00c4nderungen.<\/p>\n\n\n\n<h3 itemprop=\"alternateName\" class=\"wp-block-heading\"><strong>Die Methoden zur \u00dcberpr\u00fcfung der Ankunftsfl\u00fcge am Flughafen Istanbul<\/strong><\/h3>\n\n\n\n<p>Wenn Sie jemanden treffen m\u00fcssen, der am Flughafen Istanbul ankommt, machen Sie sich keine Sorgen. Sie k\u00f6nnen Ank\u00fcnfte \u00e4hnlich wie Abfl\u00fcge verfolgen. Nutzen Sie einfach die oben genannten L\u00f6sungen, und Sie werden keine Termine verpassen und Flugzeuge treffen, die rechtzeitig in IGA einsteigen.<\/p>","protected":false},"excerpt":{"rendered":"<p>So pr\u00fcfen Sie alle Informationen zu Ihrem Flug am Flughafen Istanbul. Lassen Sie uns die wichtigsten und aktuellsten Informationen \u00fcber Fl\u00fcge und deren Verfolgung im Flughafen Istanbul \u00fcberpr\u00fcfen. Tausende von G\u00e4sten besuchen ihn t\u00e4glich, um ihre gesponserte Reise von seinem Terminal aus zu beginnen oder die Ankunft ihres Fluges zu genie\u00dfen. Jeden Tag wickelt der Flughafen \u00fcber [\u2026] ab.<\/p>","protected":false},"author":1,"featured_media":3652,"parent":0,"menu_order":0,"comment_status":"closed","ping_status":"closed","template":"home.php","meta":{"_acf_changed":false,"footnotes":""},"class_list":["post-3409","page","type-page","status-publish","has-post-thumbnail","hentry"],"acf":[],"yoast_head":"<!-- This site is optimized with the Yoast SEO plugin v27.4 - https:\/\/yoast.com\/product\/yoast-seo-wordpress\/ -->\n<title>Istanbul Airport Flights (IST) Information - Istanbul International Airport (IST) - Turkey&#039;s new airport<\/title>\n<meta name=\"robots\" content=\"index, follow, max-snippet:-1, max-image-preview:large, max-video-preview:-1\" \/>\n<link rel=\"canonical\" href=\"https:\/\/istanbul-ist-international-airport.com\/de\/flights-from-and-to-istanbul-airport\/\" \/>\n<meta property=\"og:locale\" content=\"de_DE\" \/>\n<meta property=\"og:type\" content=\"article\" \/>\n<meta property=\"og:title\" content=\"Istanbul Airport Flights (IST) Information - Istanbul International Airport (IST) - Turkey&#039;s new airport\" \/>\n<meta property=\"og:description\" content=\"How to check all the information about your flight at Istanbul Airport Let\u2019s check the most important and up-to-date information about flights and their tracking in&nbsp;Istanbul airport. Thousands of guests daily visit it to start their sponsored journey from its terminal or to enjoy the arrival of their flight. Each day the airport processes over [&hellip;]\" \/>\n<meta property=\"og:url\" content=\"https:\/\/istanbul-ist-international-airport.com\/de\/flights-from-and-to-istanbul-airport\/\" \/>\n<meta property=\"og:site_name\" content=\"Istanbul International Airport (IST) - Turkey&#039;s new airport\" \/>\n<meta property=\"article:modified_time\" content=\"2025-09-13T08:02:35+00:00\" \/>\n<meta property=\"og:image\" content=\"https:\/\/istanbul-ist-international-airport.com\/wp-content\/uploads\/2025\/09\/flights-scaled.jpg\" \/>\n\t<meta property=\"og:image:width\" content=\"2560\" \/>\n\t<meta property=\"og:image:height\" content=\"978\" \/>\n\t<meta property=\"og:image:type\" content=\"image\/jpeg\" \/>\n<meta name=\"twitter:card\" content=\"summary_large_image\" \/>\n<meta name=\"twitter:label1\" content=\"Gesch\u00e4tzte Lesezeit\" \/>\n\t<meta name=\"twitter:data1\" content=\"5\u00a0Minuten\" \/>\n<script type=\"application\/ld+json\" class=\"yoast-schema-graph\">{\"@context\":\"https:\\\/\\\/schema.org\",\"@graph\":[{\"@type\":\"WebPage\",\"@id\":\"https:\\\/\\\/istanbul-ist-international-airport.com\\\/de\\\/flights-from-and-to-istanbul-airport\\\/\",\"url\":\"https:\\\/\\\/istanbul-ist-international-airport.com\\\/de\\\/flights-from-and-to-istanbul-airport\\\/\",\"name\":\"Istanbul Airport Flights (IST) Information - Istanbul International Airport (IST) - Turkey&#039;s new airport\",\"isPartOf\":{\"@id\":\"https:\\\/\\\/istanbul-ist-international-airport.com\\\/de\\\/#website\"},\"primaryImageOfPage\":{\"@id\":\"https:\\\/\\\/istanbul-ist-international-airport.com\\\/de\\\/flights-from-and-to-istanbul-airport\\\/#primaryimage\"},\"image\":{\"@id\":\"https:\\\/\\\/istanbul-ist-international-airport.com\\\/de\\\/flights-from-and-to-istanbul-airport\\\/#primaryimage\"},\"thumbnailUrl\":\"https:\\\/\\\/istanbul-ist-international-airport.com\\\/wp-content\\\/uploads\\\/2025\\\/09\\\/flights-scaled.jpg\",\"datePublished\":\"2025-09-10T14:14:05+00:00\",\"dateModified\":\"2025-09-13T08:02:35+00:00\",\"breadcrumb\":{\"@id\":\"https:\\\/\\\/istanbul-ist-international-airport.com\\\/de\\\/flights-from-and-to-istanbul-airport\\\/#breadcrumb\"},\"inLanguage\":\"de\",\"potentialAction\":[{\"@type\":\"ReadAction\",\"target\":[\"https:\\\/\\\/istanbul-ist-international-airport.com\\\/de\\\/flights-from-and-to-istanbul-airport\\\/\"]}]},{\"@type\":\"ImageObject\",\"inLanguage\":\"de\",\"@id\":\"https:\\\/\\\/istanbul-ist-international-airport.com\\\/de\\\/flights-from-and-to-istanbul-airport\\\/#primaryimage\",\"url\":\"https:\\\/\\\/istanbul-ist-international-airport.com\\\/wp-content\\\/uploads\\\/2025\\\/09\\\/flights-scaled.jpg\",\"contentUrl\":\"https:\\\/\\\/istanbul-ist-international-airport.com\\\/wp-content\\\/uploads\\\/2025\\\/09\\\/flights-scaled.jpg\",\"width\":2560,\"height\":978},{\"@type\":\"BreadcrumbList\",\"@id\":\"https:\\\/\\\/istanbul-ist-international-airport.com\\\/de\\\/flights-from-and-to-istanbul-airport\\\/#breadcrumb\",\"itemListElement\":[{\"@type\":\"ListItem\",\"position\":1,\"name\":\"Home\",\"item\":\"https:\\\/\\\/istanbul-ist-international-airport.com\\\/\"},{\"@type\":\"ListItem\",\"position\":2,\"name\":\"Istanbul Airport Flights (IST) Information\"}]},{\"@type\":\"WebSite\",\"@id\":\"https:\\\/\\\/istanbul-ist-international-airport.com\\\/de\\\/#website\",\"url\":\"https:\\\/\\\/istanbul-ist-international-airport.com\\\/de\\\/\",\"name\":\"Istanbul International Airport (IST) - Turkey&#039;s new airport\",\"description\":\"Navigating Istanbul International Airport: A Traveler\u2019s Guide.\",\"potentialAction\":[{\"@type\":\"SearchAction\",\"target\":{\"@type\":\"EntryPoint\",\"urlTemplate\":\"https:\\\/\\\/istanbul-ist-international-airport.com\\\/de\\\/?s={search_term_string}\"},\"query-input\":{\"@type\":\"PropertyValueSpecification\",\"valueRequired\":true,\"valueName\":\"search_term_string\"}}],\"inLanguage\":\"de\"}]}<\/script>\n<!-- \/ Yoast SEO plugin. -->","yoast_head_json":{"title":"Istanbul Airport Fl\u00fcge (IST) Informationen - Istanbul International Airport (IST) - der neue Flughafen der T\u00fcrkei","robots":{"index":"index","follow":"follow","max-snippet":"max-snippet:-1","max-image-preview":"max-image-preview:large","max-video-preview":"max-video-preview:-1"},"canonical":"https:\/\/istanbul-ist-international-airport.com\/de\/flights-from-and-to-istanbul-airport\/","og_locale":"de_DE","og_type":"article","og_title":"Istanbul Airport Flights (IST) Information - Istanbul International Airport (IST) - Turkey&#039;s new airport","og_description":"How to check all the information about your flight at Istanbul Airport Let\u2019s check the most important and up-to-date information about flights and their tracking in&nbsp;Istanbul airport. Thousands of guests daily visit it to start their sponsored journey from its terminal or to enjoy the arrival of their flight. Each day the airport processes over [&hellip;]","og_url":"https:\/\/istanbul-ist-international-airport.com\/de\/flights-from-and-to-istanbul-airport\/","og_site_name":"Istanbul International Airport (IST) - Turkey&#039;s new airport","article_modified_time":"2025-09-13T08:02:35+00:00","og_image":[{"width":2560,"height":978,"url":"https:\/\/istanbul-ist-international-airport.com\/wp-content\/uploads\/2025\/09\/flights-scaled.jpg","type":"image\/jpeg"}],"twitter_card":"summary_large_image","twitter_misc":{"Gesch\u00e4tzte Lesezeit":"5\u00a0Minuten"},"schema":{"@context":"https:\/\/schema.org","@graph":[{"@type":"WebPage","@id":"https:\/\/istanbul-ist-international-airport.com\/de\/flights-from-and-to-istanbul-airport\/","url":"https:\/\/istanbul-ist-international-airport.com\/de\/flights-from-and-to-istanbul-airport\/","name":"Istanbul Airport Fl\u00fcge (IST) Informationen - Istanbul International Airport (IST) - der neue Flughafen der T\u00fcrkei","isPartOf":{"@id":"https:\/\/istanbul-ist-international-airport.com\/de\/#website"},"primaryImageOfPage":{"@id":"https:\/\/istanbul-ist-international-airport.com\/de\/flights-from-and-to-istanbul-airport\/#primaryimage"},"image":{"@id":"https:\/\/istanbul-ist-international-airport.com\/de\/flights-from-and-to-istanbul-airport\/#primaryimage"},"thumbnailUrl":"https:\/\/istanbul-ist-international-airport.com\/wp-content\/uploads\/2025\/09\/flights-scaled.jpg","datePublished":"2025-09-10T14:14:05+00:00","dateModified":"2025-09-13T08:02:35+00:00","breadcrumb":{"@id":"https:\/\/istanbul-ist-international-airport.com\/de\/flights-from-and-to-istanbul-airport\/#breadcrumb"},"inLanguage":"de","potentialAction":[{"@type":"ReadAction","target":["https:\/\/istanbul-ist-international-airport.com\/de\/flights-from-and-to-istanbul-airport\/"]}]},{"@type":"ImageObject","inLanguage":"de","@id":"https:\/\/istanbul-ist-international-airport.com\/de\/flights-from-and-to-istanbul-airport\/#primaryimage","url":"https:\/\/istanbul-ist-international-airport.com\/wp-content\/uploads\/2025\/09\/flights-scaled.jpg","contentUrl":"https:\/\/istanbul-ist-international-airport.com\/wp-content\/uploads\/2025\/09\/flights-scaled.jpg","width":2560,"height":978},{"@type":"BreadcrumbList","@id":"https:\/\/istanbul-ist-international-airport.com\/de\/flights-from-and-to-istanbul-airport\/#breadcrumb","itemListElement":[{"@type":"ListItem","position":1,"name":"Home","item":"https:\/\/istanbul-ist-international-airport.com\/"},{"@type":"ListItem","position":2,"name":"Istanbul Airport Flights (IST) Information"}]},{"@type":"WebSite","@id":"https:\/\/istanbul-ist-international-airport.com\/de\/#website","url":"https:\/\/istanbul-ist-international-airport.com\/de\/","name":"Istanbul International Airport (IST) - Turkey&#039;s new airport","description":"Navigating Istanbul International Airport: A Traveler\u2019s Guide.","potentialAction":[{"@type":"SearchAction","target":{"@type":"EntryPoint","urlTemplate":"https:\/\/istanbul-ist-international-airport.com\/de\/?s={search_term_string}"},"query-input":{"@type":"PropertyValueSpecification","valueRequired":true,"valueName":"search_term_string"}}],"inLanguage":"de"}]}},"_links":{"self":[{"href":"https:\/\/istanbul-ist-international-airport.com\/de\/wp-json\/wp\/v2\/pages\/3409","targetHints":{"allow":["GET"]}}],"collection":[{"href":"https:\/\/istanbul-ist-international-airport.com\/de\/wp-json\/wp\/v2\/pages"}],"about":[{"href":"https:\/\/istanbul-ist-international-airport.com\/de\/wp-json\/wp\/v2\/types\/page"}],"author":[{"embeddable":true,"href":"https:\/\/istanbul-ist-international-airport.com\/de\/wp-json\/wp\/v2\/users\/1"}],"replies":[{"embeddable":true,"href":"https:\/\/istanbul-ist-international-airport.com\/de\/wp-json\/wp\/v2\/comments?post=3409"}],"version-history":[{"count":4,"href":"https:\/\/istanbul-ist-international-airport.com\/de\/wp-json\/wp\/v2\/pages\/3409\/revisions"}],"predecessor-version":[{"id":3656,"href":"https:\/\/istanbul-ist-international-airport.com\/de\/wp-json\/wp\/v2\/pages\/3409\/revisions\/3656"}],"wp:featuredmedia":[{"embeddable":true,"href":"https:\/\/istanbul-ist-international-airport.com\/de\/wp-json\/wp\/v2\/media\/3652"}],"wp:attachment":[{"href":"https:\/\/istanbul-ist-international-airport.com\/de\/wp-json\/wp\/v2\/media?parent=3409"}],"curies":[{"name":"wp","href":"https:\/\/api.w.org\/{rel}","templated":true}]}}