{"id":3415,"date":"2025-09-10T17:15:00","date_gmt":"2025-09-10T14:15:00","guid":{"rendered":"http:\/\/147.182.243.37\/?page_id=3415"},"modified":"2025-09-13T11:35:15","modified_gmt":"2025-09-13T08:35:15","slug":"istanbul-airport-airlines","status":"publish","type":"page","link":"https:\/\/istanbul-ist-international-airport.com\/de\/istanbul-airport-airlines\/","title":{"rendered":"Istanbul Airport Airlines"},"content":{"rendered":"<h2 itemprop=\"alternateName\" class=\"wp-block-heading\"><strong>Fluggesellschaften, die am Flughafen Istanbul operieren<\/strong><\/h2>\n\n\n\n<p>Der&nbsp;<a href=\"https:\/\/istanbul-ist-international-airport.com\/\">moderner Flughafen Istanbul<\/a>&nbsp;hat die Aufgaben des Istanbuler Atat\u00fcrk-Flughafens \u00fcbernommen und dient nun als prim\u00e4rer Knotenpunkt f\u00fcr alle Fl\u00fcge von und nach Istanbul. Der Flughafen Sabiha G\u00f6k\u00e7en, der zweitwichtigste Flughafen der Stadt, ist weiterhin als wichtiger Flugplatz in Betrieb. Infolgedessen beherbergt der neue Istanbuler Flughafen eine Vielzahl von gro\u00dfen internationalen und nationalen Fluggesellschaften sowie beliebte Billigfluggesellschaften.<\/p>\n\n\n\n<p>Zu den Fluggesellschaften, die derzeit am Flughafen Istanbul t\u00e4tig sind, geh\u00f6ren:<\/p>\n\n\n\n<figure class=\"wp-block-table\"><table class=\"has-fixed-layout\"><thead><tr><th>Fluggesellschaft<\/th><th>IATA-Code<\/th><\/tr><\/thead><tbody><tr><td>INDIGO<\/td><td>6E<\/td><\/tr><tr><td>AFRIQIYAH AIRWAYS<\/td><td>8U<\/td><\/tr><tr><td>AIR MOLDOVA<br><\/td><td>9U<\/td><\/tr><tr><td>AEGEAN AIRLINES<br><\/td><td>A3<\/td><\/tr><tr><td>AIR FRANCE<br><\/td><td>AF<\/td><\/tr><tr><td>AIR ALG\u00c9RIE<br><\/td><td>AH<\/td><\/tr><tr><td>BELAVIA<br><\/td><td>B2<\/td><\/tr><tr><td>BRITISH AIRWAYS<br><\/td><td>BA<\/td><\/tr><tr><td>CHINA SOUTHERN AIRLINES<br><\/td><td>CZ<\/td><\/tr><tr><td>EMIRATES<br><\/td><td>EK<\/td><\/tr><tr><td>IRAN ASEMAN AIRLINES<br><\/td><td>EP<\/td><\/tr><tr><td>ETHIOPIAN AIRLINES<br><\/td><td>ET<\/td><\/tr><tr><td>ETIHAD AIRWAYS<br><\/td><td>EY<\/td><\/tr><tr><td>FLY JIRDAN<br><\/td><td>FJR<\/td><\/tr><tr><td>GHADAMES AIR TRANSPORT<br><\/td><td>G6<\/td><\/tr><tr><td>GULF AIR<br><\/td><td>GF<\/td><\/tr><tr><td>ATA AIRLINES<br><\/td><td>I3<\/td><\/tr><tr><td>FLYBAHDAD<\/td><td>WENN<\/td><\/tr><tr><td>IRAN AIR<br><\/td><td>IR<\/td><\/tr><tr><td>AJERBAIJAN AIRLINES<br><\/td><td>J2<\/td><\/tr><tr><td>BADR AIRLINES<br><\/td><td>J4<\/td><\/tr><tr><td>AIR SERBIA<br><\/td><td>JU<\/td><\/tr><tr><td>AIR ASTANA<br><\/td><td>KC<\/td><\/tr><tr><td>ATLASGLOBAL<br><\/td><td>KK<\/td><\/tr><tr><td>EGYPTAIR<\/td><td>MS<\/td><\/tr><tr><td>ALL NIPPON AIRWAYS<br><\/td><td>NH<\/td><\/tr><tr><td>ASIANA AIRLINES<br><\/td><td>OZ<\/td><\/tr><tr><td>AEROFLOT<\/td><td>SU<\/td><\/tr><tr><td>BURAQ AIR<br><\/td><td>UZ<\/td><\/tr><tr><td>AIR ALBANIA<br><\/td><td>ZB<\/td><\/tr><\/tbody><\/table><\/figure>\n\n\n<section class=\"content_banner\" target=\"blank\" rel=\"nofollow\">\n  <a href=\"https:\/\/getexperience.com\/\" class=\"wrap\" style=\"background-image: url(;\">\n    <div class=\"meta\">\n      <b class=\"mini-title\">GetExperience.com<\/b>\n      <p>GetExperience.com Marktplatz f\u00fcr Touren, Ausfl\u00fcge, Sport und Unterhaltung f\u00fcr jeden Geschmack und zu den besten Preisen.<\/p>\n    <\/div>\n    <div class=\"bg\"><img decoding=\"async\" itemprop=\"image\" src=\"\/wp-content\/uploads\/2025\/09\/img_air-scaled.jpg)\" alt=\"GetExperience.com\"><\/div>\n  <\/a>\n<\/section>","protected":false},"excerpt":{"rendered":"<p>Fluggesellschaften, die am Flughafen Istanbul operieren Der moderne Flughafen Istanbul hat die Aufgaben des Flughafens Istanbul Atat\u00fcrk \u00fcbernommen und dient nun als wichtigster Knotenpunkt f\u00fcr alle Fl\u00fcge von und nach Istanbul. Der Sabiha G\u00f6k\u00e7en Flughafen, der zweitwichtigste Flughafen der Stadt, ist weiterhin als wichtiger Flugplatz in Betrieb. Infolgedessen beherbergt der neue Flughafen Istanbul eine Vielzahl von [\u2026]<\/p>","protected":false},"author":1,"featured_media":3671,"parent":0,"menu_order":0,"comment_status":"closed","ping_status":"closed","template":"home.php","meta":{"_acf_changed":false,"footnotes":""},"class_list":["post-3415","page","type-page","status-publish","has-post-thumbnail","hentry"],"acf":[],"yoast_head":"<!-- This site is optimized with the Yoast SEO plugin v27.4 - https:\/\/yoast.com\/product\/yoast-seo-wordpress\/ -->\n<title>Istanbul Airport Airlines - Istanbul International Airport (IST) - Turkey&#039;s new airport<\/title>\n<meta name=\"robots\" content=\"index, follow, max-snippet:-1, max-image-preview:large, max-video-preview:-1\" \/>\n<link rel=\"canonical\" href=\"https:\/\/istanbul-ist-international-airport.com\/de\/istanbul-airport-airlines\/\" \/>\n<meta property=\"og:locale\" content=\"de_DE\" \/>\n<meta property=\"og:type\" content=\"article\" \/>\n<meta property=\"og:title\" content=\"Istanbul Airport Airlines - Istanbul International Airport (IST) - Turkey&#039;s new airport\" \/>\n<meta property=\"og:description\" content=\"Airlines Operating at Istanbul Airport The&nbsp;modern Istanbul Airport&nbsp;has taken over the duties of Istanbul Atat\u00fcrk Airport, now serving as the primary hub for all flights to and from Istanbul. Sabiha G\u00f6k\u00e7en Airport, the city\u2019s secondary airport, continues to operate as a vital airfield. As a result, the new Istanbul Airport hosts a wide array of [&hellip;]\" \/>\n<meta property=\"og:url\" content=\"https:\/\/istanbul-ist-international-airport.com\/de\/istanbul-airport-airlines\/\" \/>\n<meta property=\"og:site_name\" content=\"Istanbul International Airport (IST) - Turkey&#039;s new airport\" \/>\n<meta property=\"article:modified_time\" content=\"2025-09-13T08:35:15+00:00\" \/>\n<meta property=\"og:image\" content=\"https:\/\/istanbul-ist-international-airport.com\/wp-content\/uploads\/2025\/09\/istanbul-airport-airlines.jpg\" \/>\n\t<meta property=\"og:image:width\" content=\"2160\" \/>\n\t<meta property=\"og:image:height\" content=\"825\" \/>\n\t<meta property=\"og:image:type\" content=\"image\/jpeg\" \/>\n<meta name=\"twitter:card\" content=\"summary_large_image\" \/>\n<meta name=\"twitter:label1\" content=\"Gesch\u00e4tzte Lesezeit\" \/>\n\t<meta name=\"twitter:data1\" content=\"1\u00a0Minute\" \/>\n<script type=\"application\/ld+json\" class=\"yoast-schema-graph\">{\"@context\":\"https:\\\/\\\/schema.org\",\"@graph\":[{\"@type\":\"WebPage\",\"@id\":\"https:\\\/\\\/istanbul-ist-international-airport.com\\\/de\\\/istanbul-airport-airlines\\\/\",\"url\":\"https:\\\/\\\/istanbul-ist-international-airport.com\\\/de\\\/istanbul-airport-airlines\\\/\",\"name\":\"Istanbul Airport Airlines - Istanbul International Airport (IST) - Turkey&#039;s new airport\",\"isPartOf\":{\"@id\":\"https:\\\/\\\/istanbul-ist-international-airport.com\\\/de\\\/#website\"},\"primaryImageOfPage\":{\"@id\":\"https:\\\/\\\/istanbul-ist-international-airport.com\\\/de\\\/istanbul-airport-airlines\\\/#primaryimage\"},\"image\":{\"@id\":\"https:\\\/\\\/istanbul-ist-international-airport.com\\\/de\\\/istanbul-airport-airlines\\\/#primaryimage\"},\"thumbnailUrl\":\"https:\\\/\\\/istanbul-ist-international-airport.com\\\/wp-content\\\/uploads\\\/2025\\\/09\\\/istanbul-airport-airlines.jpg\",\"datePublished\":\"2025-09-10T14:15:00+00:00\",\"dateModified\":\"2025-09-13T08:35:15+00:00\",\"breadcrumb\":{\"@id\":\"https:\\\/\\\/istanbul-ist-international-airport.com\\\/de\\\/istanbul-airport-airlines\\\/#breadcrumb\"},\"inLanguage\":\"de\",\"potentialAction\":[{\"@type\":\"ReadAction\",\"target\":[\"https:\\\/\\\/istanbul-ist-international-airport.com\\\/de\\\/istanbul-airport-airlines\\\/\"]}]},{\"@type\":\"ImageObject\",\"inLanguage\":\"de\",\"@id\":\"https:\\\/\\\/istanbul-ist-international-airport.com\\\/de\\\/istanbul-airport-airlines\\\/#primaryimage\",\"url\":\"https:\\\/\\\/istanbul-ist-international-airport.com\\\/wp-content\\\/uploads\\\/2025\\\/09\\\/istanbul-airport-airlines.jpg\",\"contentUrl\":\"https:\\\/\\\/istanbul-ist-international-airport.com\\\/wp-content\\\/uploads\\\/2025\\\/09\\\/istanbul-airport-airlines.jpg\",\"width\":2160,\"height\":825},{\"@type\":\"BreadcrumbList\",\"@id\":\"https:\\\/\\\/istanbul-ist-international-airport.com\\\/de\\\/istanbul-airport-airlines\\\/#breadcrumb\",\"itemListElement\":[{\"@type\":\"ListItem\",\"position\":1,\"name\":\"Home\",\"item\":\"https:\\\/\\\/istanbul-ist-international-airport.com\\\/\"},{\"@type\":\"ListItem\",\"position\":2,\"name\":\"Istanbul Airport Airlines\"}]},{\"@type\":\"WebSite\",\"@id\":\"https:\\\/\\\/istanbul-ist-international-airport.com\\\/de\\\/#website\",\"url\":\"https:\\\/\\\/istanbul-ist-international-airport.com\\\/de\\\/\",\"name\":\"Istanbul International Airport (IST) - Turkey&#039;s new airport\",\"description\":\"Navigating Istanbul International Airport: A Traveler\u2019s Guide.\",\"potentialAction\":[{\"@type\":\"SearchAction\",\"target\":{\"@type\":\"EntryPoint\",\"urlTemplate\":\"https:\\\/\\\/istanbul-ist-international-airport.com\\\/de\\\/?s={search_term_string}\"},\"query-input\":{\"@type\":\"PropertyValueSpecification\",\"valueRequired\":true,\"valueName\":\"search_term_string\"}}],\"inLanguage\":\"de\"}]}<\/script>\n<!-- \/ Yoast SEO plugin. -->","yoast_head_json":{"title":"Flughafen Istanbul Airlines - Internationaler Flughafen Istanbul (IST) - Der neue Flughafen der T\u00fcrkei","robots":{"index":"index","follow":"follow","max-snippet":"max-snippet:-1","max-image-preview":"max-image-preview:large","max-video-preview":"max-video-preview:-1"},"canonical":"https:\/\/istanbul-ist-international-airport.com\/de\/istanbul-airport-airlines\/","og_locale":"de_DE","og_type":"article","og_title":"Istanbul Airport Airlines - Istanbul International Airport (IST) - Turkey&#039;s new airport","og_description":"Airlines Operating at Istanbul Airport The&nbsp;modern Istanbul Airport&nbsp;has taken over the duties of Istanbul Atat\u00fcrk Airport, now serving as the primary hub for all flights to and from Istanbul. Sabiha G\u00f6k\u00e7en Airport, the city\u2019s secondary airport, continues to operate as a vital airfield. As a result, the new Istanbul Airport hosts a wide array of [&hellip;]","og_url":"https:\/\/istanbul-ist-international-airport.com\/de\/istanbul-airport-airlines\/","og_site_name":"Istanbul International Airport (IST) - Turkey&#039;s new airport","article_modified_time":"2025-09-13T08:35:15+00:00","og_image":[{"width":2160,"height":825,"url":"https:\/\/istanbul-ist-international-airport.com\/wp-content\/uploads\/2025\/09\/istanbul-airport-airlines.jpg","type":"image\/jpeg"}],"twitter_card":"summary_large_image","twitter_misc":{"Gesch\u00e4tzte Lesezeit":"1\u00a0Minute"},"schema":{"@context":"https:\/\/schema.org","@graph":[{"@type":"WebPage","@id":"https:\/\/istanbul-ist-international-airport.com\/de\/istanbul-airport-airlines\/","url":"https:\/\/istanbul-ist-international-airport.com\/de\/istanbul-airport-airlines\/","name":"Flughafen Istanbul Airlines - Internationaler Flughafen Istanbul (IST) - Der neue Flughafen der T\u00fcrkei","isPartOf":{"@id":"https:\/\/istanbul-ist-international-airport.com\/de\/#website"},"primaryImageOfPage":{"@id":"https:\/\/istanbul-ist-international-airport.com\/de\/istanbul-airport-airlines\/#primaryimage"},"image":{"@id":"https:\/\/istanbul-ist-international-airport.com\/de\/istanbul-airport-airlines\/#primaryimage"},"thumbnailUrl":"https:\/\/istanbul-ist-international-airport.com\/wp-content\/uploads\/2025\/09\/istanbul-airport-airlines.jpg","datePublished":"2025-09-10T14:15:00+00:00","dateModified":"2025-09-13T08:35:15+00:00","breadcrumb":{"@id":"https:\/\/istanbul-ist-international-airport.com\/de\/istanbul-airport-airlines\/#breadcrumb"},"inLanguage":"de","potentialAction":[{"@type":"ReadAction","target":["https:\/\/istanbul-ist-international-airport.com\/de\/istanbul-airport-airlines\/"]}]},{"@type":"ImageObject","inLanguage":"de","@id":"https:\/\/istanbul-ist-international-airport.com\/de\/istanbul-airport-airlines\/#primaryimage","url":"https:\/\/istanbul-ist-international-airport.com\/wp-content\/uploads\/2025\/09\/istanbul-airport-airlines.jpg","contentUrl":"https:\/\/istanbul-ist-international-airport.com\/wp-content\/uploads\/2025\/09\/istanbul-airport-airlines.jpg","width":2160,"height":825},{"@type":"BreadcrumbList","@id":"https:\/\/istanbul-ist-international-airport.com\/de\/istanbul-airport-airlines\/#breadcrumb","itemListElement":[{"@type":"ListItem","position":1,"name":"Home","item":"https:\/\/istanbul-ist-international-airport.com\/"},{"@type":"ListItem","position":2,"name":"Istanbul Airport Airlines"}]},{"@type":"WebSite","@id":"https:\/\/istanbul-ist-international-airport.com\/de\/#website","url":"https:\/\/istanbul-ist-international-airport.com\/de\/","name":"Istanbul International Airport (IST) - Turkey&#039;s new airport","description":"Navigating Istanbul International Airport: A Traveler\u2019s Guide.","potentialAction":[{"@type":"SearchAction","target":{"@type":"EntryPoint","urlTemplate":"https:\/\/istanbul-ist-international-airport.com\/de\/?s={search_term_string}"},"query-input":{"@type":"PropertyValueSpecification","valueRequired":true,"valueName":"search_term_string"}}],"inLanguage":"de"}]}},"_links":{"self":[{"href":"https:\/\/istanbul-ist-international-airport.com\/de\/wp-json\/wp\/v2\/pages\/3415","targetHints":{"allow":["GET"]}}],"collection":[{"href":"https:\/\/istanbul-ist-international-airport.com\/de\/wp-json\/wp\/v2\/pages"}],"about":[{"href":"https:\/\/istanbul-ist-international-airport.com\/de\/wp-json\/wp\/v2\/types\/page"}],"author":[{"embeddable":true,"href":"https:\/\/istanbul-ist-international-airport.com\/de\/wp-json\/wp\/v2\/users\/1"}],"replies":[{"embeddable":true,"href":"https:\/\/istanbul-ist-international-airport.com\/de\/wp-json\/wp\/v2\/comments?post=3415"}],"version-history":[{"count":4,"href":"https:\/\/istanbul-ist-international-airport.com\/de\/wp-json\/wp\/v2\/pages\/3415\/revisions"}],"predecessor-version":[{"id":3676,"href":"https:\/\/istanbul-ist-international-airport.com\/de\/wp-json\/wp\/v2\/pages\/3415\/revisions\/3676"}],"wp:featuredmedia":[{"embeddable":true,"href":"https:\/\/istanbul-ist-international-airport.com\/de\/wp-json\/wp\/v2\/media\/3671"}],"wp:attachment":[{"href":"https:\/\/istanbul-ist-international-airport.com\/de\/wp-json\/wp\/v2\/media?parent=3415"}],"curies":[{"name":"wp","href":"https:\/\/api.w.org\/{rel}","templated":true}]}}