{"id":3417,"date":"2025-09-10T17:15:17","date_gmt":"2025-09-10T14:15:17","guid":{"rendered":"http:\/\/147.182.243.37\/?page_id=3417"},"modified":"2025-09-13T11:44:44","modified_gmt":"2025-09-13T08:44:44","slug":"istanbul-airport-guide","status":"publish","type":"page","link":"https:\/\/istanbul-ist-international-airport.com\/de\/istanbul-airport-guide\/","title":{"rendered":"Istanbul Airport Guide"},"content":{"rendered":"<h2 itemprop=\"alternateName\" class=\"wp-block-heading\"><strong>Allgemeine Flughafeninformationen<\/strong><\/h2>\n\n\n\n<p>Der&nbsp;<a href=\"https:\/\/istanbul-ist-international-airport.com\/\">Neuer Flughafen Istanbul<\/a>Istanbul Airport, der Stolz der T\u00fcrkei, empfing am 29. Oktober 2018 seine ersten Passagiere. Es handelt sich um ein riesiges Projekt, das bis 2028 abgeschlossen sein soll. Nach Abschluss aller vier Bauphasen wird der Flughafen eine Kapazit\u00e4t von \u00fcber 200 Millionen Passagieren pro Jahr haben und damit alle anderen Flugh\u00e4fen der Welt \u00fcbertreffen. Mit sechs Start- und Landebahnen wird er bis zu 500 Flugzeuge aufnehmen k\u00f6nnen. Dar\u00fcber hinaus verf\u00fcgt diese hochmoderne Einrichtung \u00fcber das gr\u00f6sste Duty-Free-Zentrum der Welt und weist ein bemerkenswertes Kontrollturmdesign auf, das von Tulpen inspiriert ist. Der Istanbul Airport ist ein wichtiger Luftverkehrsknotenpunkt, der Europa und Asien, den Westen und den Osten verbindet - ein Ort, der dazu bestimmt ist, einer der bedeutendsten Flugh\u00e4fen der Welt zu werden.<\/p>\n\n\n\n<h2 itemprop=\"alternateName\" class=\"wp-block-heading\"><strong>Terminals<\/strong><\/h2>\n\n\n\n<p>Der neue Flughafen Istanbul bietet das gr\u00f6\u00dfte Terminalgeb\u00e4ude der Welt, alles unter einem Dach! Es ist ein weitl\u00e4ufiger Terminalbereich, der in 5 Piers unterteilt ist und sowohl Inlands- als auch Auslandsfl\u00fcge abfertigt. Trotz seines beeindruckenden Erscheinungsbildes l\u00e4sst die Funktionalit\u00e4t des Istanbuler Terminals jedoch zu w\u00fcnschen \u00fcbrig. Um dies zu beheben, sind Pl\u00e4ne im Gange, drei weitere Terminalgeb\u00e4ude zum Istanbuler Flughafenkomplex hinzuzuf\u00fcgen, um dessen betriebliche Effizienz weiter zu steigern.<\/p>\n\n\n\n<h2 itemprop=\"alternateName\" class=\"wp-block-heading\"><a href=\"https:\/\/istanbul-ist-international-airport.com\/istanbul-airport-hotels\/\"><strong>Hotels<\/strong><\/a><\/h2>\n\n\n\n<p>Istanbul bietet eine F\u00fclle von Unterkunftsm\u00f6glichkeiten mit einer gro\u00dfen Auswahl, um jedem Geschmack und Budget gerecht zu werden. Von charmanten Boutique-G\u00e4steh\u00e4usern, die traditionellen Charme verspr\u00fchen, bis hin zu modernen, verschwenderischen Hotels, die h\u00f6chsten Luxus bieten, und von gem\u00fctlichen Bed &amp; Breakfasts bis hin zu preisg\u00fcnstigen Hostels und Motels ist f\u00fcr jeden etwas dabei. Dar\u00fcber hinaus gibt es zahlreiche Unterkunftsm\u00f6glichkeiten in ganz Istanbul und sogar in unmittelbarer N\u00e4he des Flughafens. Und f\u00fcr diejenigen, die Bequemlichkeit suchen, bietet das Yotel Istanbul Airport Hotel einen zweifellos herrlichen Aufenthalt.<\/p>\n\n\n\n<h2 itemprop=\"alternateName\" class=\"wp-block-heading\"><strong>Einrichtungen und Dienstleistungen<\/strong><\/h2>\n\n\n\n<p>Der Istanbul New Airport bietet alle Funktionen, die man von einem Flughafen dieser Gr\u00f6\u00dfenordnung und Bedeutung erwarten w\u00fcrde: erstklassige Dienstleistungen, modernste Sicherheitsma\u00dfnahmen unter Einsatz neuester Technologien, hochmoderne Annehmlichkeiten, die reibungslose Boarding- und Check-in-Prozesse gew\u00e4hrleisten, und das alles unter Einhaltung umweltfreundlicher Praktiken. Seien Sie versichert, dass Ihre Freizeit am Istanbul International Airport au\u00dfergew\u00f6hnlich sein wird. Erkunden Sie das umfangreiche Angebot an Einrichtungen und Dienstleistungen am Istanbul Airport, um Ihr Erlebnis w\u00e4hrend Ihres Besuchs zu maximieren!<\/p>\n\n\n\n<h2 itemprop=\"alternateName\" class=\"wp-block-heading\"><a href=\"https:\/\/istanbul-ist-international-airport.com\/istanbul-airport-parking\/\"><strong>Parken<\/strong><\/a><\/h2>\n\n\n\n<p>Machen Sie sich Sorgen, wo Sie Ihr Auto am Flughafen Istanbul parken sollen? Keine Sorge! Der Istanbul Grand Airport (IGA) verf\u00fcgt \u00fcber das weltweit gr\u00f6\u00dfte mehrst\u00f6ckige Parkhaus und bietet erstklassige Parkservices und zus\u00e4tzliche Annehmlichkeiten wie Autow\u00e4sche und Reifenwechsel. Mit einer Kapazit\u00e4t von bis zu 40.000 Fahrzeugen ist das Parkhaus des Flughafens Istanbul f\u00fcr Sie da. Seien Sie versichert, es besteht kein Grund zur Sorge.<\/p>\n\n\n\n<h2 itemprop=\"alternateName\" class=\"wp-block-heading\"><strong>Zwischenstopp am Flughafen<\/strong><\/h2>\n\n\n\n<p>Haben Sie einen l\u00e4ngeren Aufenthalt am Istanbuler Flughafen? Nutzen Sie diese Gelegenheit, um ganz in die fesselnde und exotische Sch\u00f6nheit Istanbuls einzutauchen. Wie viel Zeit steht Ihnen zur Verf\u00fcgung? Wonach ist Ihnen der Sinn? Istanbul bietet so viele M\u00f6glichkeiten, dass die Entscheidung schwerfallen k\u00f6nnte. Wenn Sie nicht nur den neuen Flughafen, sondern auch die Stadt erkunden m\u00f6chten, lassen Sie sich von uns einige interessante Ideen vorstellen, wie Sie Ihren Aufenthalt am Istanbuler Flughafen optimal nutzen k\u00f6nnen.<\/p>","protected":false},"excerpt":{"rendered":"<p>Allgemeine Flughafeninformationen Der neue Flughafen Istanbul, der Stolz der T\u00fcrkei, empfing seine ersten Passagiere am 29. Oktober 2018. Es handelt sich um ein riesiges Projekt, das bis 2028 abgeschlossen sein soll. Sobald alle vier Bauphasen abgeschlossen sind, wird der Flughafen eine Kapazit\u00e4t von \u00fcber 200 Millionen Passagieren pro Jahr haben und damit alle anderen \u00fcbertreffen [\u2026]<\/p>","protected":false},"author":1,"featured_media":3679,"parent":0,"menu_order":0,"comment_status":"closed","ping_status":"closed","template":"home.php","meta":{"_acf_changed":false,"footnotes":""},"class_list":["post-3417","page","type-page","status-publish","has-post-thumbnail","hentry"],"acf":[],"yoast_head":"<!-- This site is optimized with the Yoast SEO plugin v27.4 - https:\/\/yoast.com\/product\/yoast-seo-wordpress\/ -->\n<title>Istanbul Airport Guide - Istanbul International Airport (IST) - Turkey&#039;s new airport<\/title>\n<meta name=\"robots\" content=\"index, follow, max-snippet:-1, max-image-preview:large, max-video-preview:-1\" \/>\n<link rel=\"canonical\" href=\"https:\/\/istanbul-ist-international-airport.com\/de\/istanbul-airport-guide\/\" \/>\n<meta property=\"og:locale\" content=\"de_DE\" \/>\n<meta property=\"og:type\" content=\"article\" \/>\n<meta property=\"og:title\" content=\"Istanbul Airport Guide - Istanbul International Airport (IST) - Turkey&#039;s new airport\" \/>\n<meta property=\"og:description\" content=\"General Airport Information The&nbsp;Istanbul New Airport, Turkey\u2019s pride, welcomed its first passengers on October 29, 2018. It is a massive project that is set to be completed by 2028. Once all four phases of its construction are finished, the airport will have the capacity to cater to over 200 million passengers yearly, surpassing any other [&hellip;]\" \/>\n<meta property=\"og:url\" content=\"https:\/\/istanbul-ist-international-airport.com\/de\/istanbul-airport-guide\/\" \/>\n<meta property=\"og:site_name\" content=\"Istanbul International Airport (IST) - Turkey&#039;s new airport\" \/>\n<meta property=\"article:modified_time\" content=\"2025-09-13T08:44:44+00:00\" \/>\n<meta property=\"og:image\" content=\"https:\/\/istanbul-ist-international-airport.com\/wp-content\/uploads\/2025\/09\/guide.jpg\" \/>\n\t<meta property=\"og:image:width\" content=\"2160\" \/>\n\t<meta property=\"og:image:height\" content=\"825\" \/>\n\t<meta property=\"og:image:type\" content=\"image\/jpeg\" \/>\n<meta name=\"twitter:card\" content=\"summary_large_image\" \/>\n<meta name=\"twitter:label1\" content=\"Gesch\u00e4tzte Lesezeit\" \/>\n\t<meta name=\"twitter:data1\" content=\"3\u00a0Minuten\" \/>\n<script type=\"application\/ld+json\" class=\"yoast-schema-graph\">{\"@context\":\"https:\\\/\\\/schema.org\",\"@graph\":[{\"@type\":\"WebPage\",\"@id\":\"https:\\\/\\\/istanbul-ist-international-airport.com\\\/de\\\/istanbul-airport-guide\\\/\",\"url\":\"https:\\\/\\\/istanbul-ist-international-airport.com\\\/de\\\/istanbul-airport-guide\\\/\",\"name\":\"Istanbul Airport Guide - Istanbul International Airport (IST) - Turkey&#039;s new airport\",\"isPartOf\":{\"@id\":\"https:\\\/\\\/istanbul-ist-international-airport.com\\\/de\\\/#website\"},\"primaryImageOfPage\":{\"@id\":\"https:\\\/\\\/istanbul-ist-international-airport.com\\\/de\\\/istanbul-airport-guide\\\/#primaryimage\"},\"image\":{\"@id\":\"https:\\\/\\\/istanbul-ist-international-airport.com\\\/de\\\/istanbul-airport-guide\\\/#primaryimage\"},\"thumbnailUrl\":\"https:\\\/\\\/istanbul-ist-international-airport.com\\\/wp-content\\\/uploads\\\/2025\\\/09\\\/guide.jpg\",\"datePublished\":\"2025-09-10T14:15:17+00:00\",\"dateModified\":\"2025-09-13T08:44:44+00:00\",\"breadcrumb\":{\"@id\":\"https:\\\/\\\/istanbul-ist-international-airport.com\\\/de\\\/istanbul-airport-guide\\\/#breadcrumb\"},\"inLanguage\":\"de\",\"potentialAction\":[{\"@type\":\"ReadAction\",\"target\":[\"https:\\\/\\\/istanbul-ist-international-airport.com\\\/de\\\/istanbul-airport-guide\\\/\"]}]},{\"@type\":\"ImageObject\",\"inLanguage\":\"de\",\"@id\":\"https:\\\/\\\/istanbul-ist-international-airport.com\\\/de\\\/istanbul-airport-guide\\\/#primaryimage\",\"url\":\"https:\\\/\\\/istanbul-ist-international-airport.com\\\/wp-content\\\/uploads\\\/2025\\\/09\\\/guide.jpg\",\"contentUrl\":\"https:\\\/\\\/istanbul-ist-international-airport.com\\\/wp-content\\\/uploads\\\/2025\\\/09\\\/guide.jpg\",\"width\":2160,\"height\":825},{\"@type\":\"BreadcrumbList\",\"@id\":\"https:\\\/\\\/istanbul-ist-international-airport.com\\\/de\\\/istanbul-airport-guide\\\/#breadcrumb\",\"itemListElement\":[{\"@type\":\"ListItem\",\"position\":1,\"name\":\"Home\",\"item\":\"https:\\\/\\\/istanbul-ist-international-airport.com\\\/\"},{\"@type\":\"ListItem\",\"position\":2,\"name\":\"Istanbul Airport Guide\"}]},{\"@type\":\"WebSite\",\"@id\":\"https:\\\/\\\/istanbul-ist-international-airport.com\\\/de\\\/#website\",\"url\":\"https:\\\/\\\/istanbul-ist-international-airport.com\\\/de\\\/\",\"name\":\"Istanbul International Airport (IST) - Turkey&#039;s new airport\",\"description\":\"Navigating Istanbul International Airport: A Traveler\u2019s Guide.\",\"potentialAction\":[{\"@type\":\"SearchAction\",\"target\":{\"@type\":\"EntryPoint\",\"urlTemplate\":\"https:\\\/\\\/istanbul-ist-international-airport.com\\\/de\\\/?s={search_term_string}\"},\"query-input\":{\"@type\":\"PropertyValueSpecification\",\"valueRequired\":true,\"valueName\":\"search_term_string\"}}],\"inLanguage\":\"de\"}]}<\/script>\n<!-- \/ Yoast SEO plugin. -->","yoast_head_json":{"title":"Istanbul Airport Guide - Istanbul Internationaler Flughafen (IST) - Der neue Flughafen der T\u00fcrkei","robots":{"index":"index","follow":"follow","max-snippet":"max-snippet:-1","max-image-preview":"max-image-preview:large","max-video-preview":"max-video-preview:-1"},"canonical":"https:\/\/istanbul-ist-international-airport.com\/de\/istanbul-airport-guide\/","og_locale":"de_DE","og_type":"article","og_title":"Istanbul Airport Guide - Istanbul International Airport (IST) - Turkey&#039;s new airport","og_description":"General Airport Information The&nbsp;Istanbul New Airport, Turkey\u2019s pride, welcomed its first passengers on October 29, 2018. It is a massive project that is set to be completed by 2028. Once all four phases of its construction are finished, the airport will have the capacity to cater to over 200 million passengers yearly, surpassing any other [&hellip;]","og_url":"https:\/\/istanbul-ist-international-airport.com\/de\/istanbul-airport-guide\/","og_site_name":"Istanbul International Airport (IST) - Turkey&#039;s new airport","article_modified_time":"2025-09-13T08:44:44+00:00","og_image":[{"width":2160,"height":825,"url":"https:\/\/istanbul-ist-international-airport.com\/wp-content\/uploads\/2025\/09\/guide.jpg","type":"image\/jpeg"}],"twitter_card":"summary_large_image","twitter_misc":{"Gesch\u00e4tzte Lesezeit":"3\u00a0Minuten"},"schema":{"@context":"https:\/\/schema.org","@graph":[{"@type":"WebPage","@id":"https:\/\/istanbul-ist-international-airport.com\/de\/istanbul-airport-guide\/","url":"https:\/\/istanbul-ist-international-airport.com\/de\/istanbul-airport-guide\/","name":"Istanbul Airport Guide - Istanbul Internationaler Flughafen (IST) - Der neue Flughafen der T\u00fcrkei","isPartOf":{"@id":"https:\/\/istanbul-ist-international-airport.com\/de\/#website"},"primaryImageOfPage":{"@id":"https:\/\/istanbul-ist-international-airport.com\/de\/istanbul-airport-guide\/#primaryimage"},"image":{"@id":"https:\/\/istanbul-ist-international-airport.com\/de\/istanbul-airport-guide\/#primaryimage"},"thumbnailUrl":"https:\/\/istanbul-ist-international-airport.com\/wp-content\/uploads\/2025\/09\/guide.jpg","datePublished":"2025-09-10T14:15:17+00:00","dateModified":"2025-09-13T08:44:44+00:00","breadcrumb":{"@id":"https:\/\/istanbul-ist-international-airport.com\/de\/istanbul-airport-guide\/#breadcrumb"},"inLanguage":"de","potentialAction":[{"@type":"ReadAction","target":["https:\/\/istanbul-ist-international-airport.com\/de\/istanbul-airport-guide\/"]}]},{"@type":"ImageObject","inLanguage":"de","@id":"https:\/\/istanbul-ist-international-airport.com\/de\/istanbul-airport-guide\/#primaryimage","url":"https:\/\/istanbul-ist-international-airport.com\/wp-content\/uploads\/2025\/09\/guide.jpg","contentUrl":"https:\/\/istanbul-ist-international-airport.com\/wp-content\/uploads\/2025\/09\/guide.jpg","width":2160,"height":825},{"@type":"BreadcrumbList","@id":"https:\/\/istanbul-ist-international-airport.com\/de\/istanbul-airport-guide\/#breadcrumb","itemListElement":[{"@type":"ListItem","position":1,"name":"Home","item":"https:\/\/istanbul-ist-international-airport.com\/"},{"@type":"ListItem","position":2,"name":"Istanbul Airport Guide"}]},{"@type":"WebSite","@id":"https:\/\/istanbul-ist-international-airport.com\/de\/#website","url":"https:\/\/istanbul-ist-international-airport.com\/de\/","name":"Istanbul International Airport (IST) - Turkey&#039;s new airport","description":"Navigating Istanbul International Airport: A Traveler\u2019s Guide.","potentialAction":[{"@type":"SearchAction","target":{"@type":"EntryPoint","urlTemplate":"https:\/\/istanbul-ist-international-airport.com\/de\/?s={search_term_string}"},"query-input":{"@type":"PropertyValueSpecification","valueRequired":true,"valueName":"search_term_string"}}],"inLanguage":"de"}]}},"_links":{"self":[{"href":"https:\/\/istanbul-ist-international-airport.com\/de\/wp-json\/wp\/v2\/pages\/3417","targetHints":{"allow":["GET"]}}],"collection":[{"href":"https:\/\/istanbul-ist-international-airport.com\/de\/wp-json\/wp\/v2\/pages"}],"about":[{"href":"https:\/\/istanbul-ist-international-airport.com\/de\/wp-json\/wp\/v2\/types\/page"}],"author":[{"embeddable":true,"href":"https:\/\/istanbul-ist-international-airport.com\/de\/wp-json\/wp\/v2\/users\/1"}],"replies":[{"embeddable":true,"href":"https:\/\/istanbul-ist-international-airport.com\/de\/wp-json\/wp\/v2\/comments?post=3417"}],"version-history":[{"count":2,"href":"https:\/\/istanbul-ist-international-airport.com\/de\/wp-json\/wp\/v2\/pages\/3417\/revisions"}],"predecessor-version":[{"id":3678,"href":"https:\/\/istanbul-ist-international-airport.com\/de\/wp-json\/wp\/v2\/pages\/3417\/revisions\/3678"}],"wp:featuredmedia":[{"embeddable":true,"href":"https:\/\/istanbul-ist-international-airport.com\/de\/wp-json\/wp\/v2\/media\/3679"}],"wp:attachment":[{"href":"https:\/\/istanbul-ist-international-airport.com\/de\/wp-json\/wp\/v2\/media?parent=3417"}],"curies":[{"name":"wp","href":"https:\/\/api.w.org\/{rel}","templated":true}]}}