{"id":3439,"date":"2025-09-10T17:20:06","date_gmt":"2025-09-10T14:20:06","guid":{"rendered":"http:\/\/147.182.243.37\/?page_id=3439"},"modified":"2025-09-13T13:48:25","modified_gmt":"2025-09-13T10:48:25","slug":"istanbul-airport-transportation","status":"publish","type":"page","link":"https:\/\/istanbul-ist-international-airport.com\/de\/istanbul-airport-transportation\/","title":{"rendered":"Istanbul Airport Transportation"},"content":{"rendered":"<h2 itemprop=\"alternateName\" class=\"wp-block-heading\"><strong>Taxis<\/strong><\/h2>\n\n\n\n<p>Sobald Sie ankommen in&nbsp;<a href=\"https:\/\/istanbul-ist-international-airport.com\/\">Neuer internationaler Flughafen Istanbul<\/a>, haben Sie verschiedene M\u00f6glichkeiten, um Ihr gew\u00fcnschtes Ziel zu erreichen. Eine bequeme M\u00f6glichkeit ist die Nutzung der am Flughafen verf\u00fcgbaren Taxidienste. Taxis in Istanbul werden je nach Komfort und Erschwinglichkeit in drei Kategorien eingeteilt. Die orangefarbenen Taxis geh\u00f6ren zur Economy-Klasse und bieten die g\u00fcnstigsten Fahrpreise. Wenn Sie eine komfortablere Fahrt bevorzugen, k\u00f6nnen Sie sich f\u00fcr die blauen Taxis entscheiden, die etwas teurer sind, aber ein besseres Erlebnis bieten. Und f\u00fcr diejenigen, die Wert auf Luxus und Komfort legen, bieten die schwarzen Taxis die luxuri\u00f6seste Fahrt, wenn auch zu einem h\u00f6heren Preis. Im Durchschnitt kostet eine 40-min\u00fctige Taxifahrt etwa 17 \u20ac (16,90 $, oder 310 \u20ba), aber bitte beachten Sie, dass die Preise und die Fahrzeit je nach Verkehrslage variieren k\u00f6nnen.<\/p>\n\n\n\n<h2 itemprop=\"alternateName\" class=\"wp-block-heading\"><strong>Bus<\/strong><\/h2>\n\n\n\n<p>Alternativ k\u00f6nnen Sie auch einen Bus vom Flughafen Istanbul ins Stadtzentrum nehmen. Hawaist- und IETT-Busse verkehren in kurzen Abst\u00e4nden und sind 24 Stunden am Tag verf\u00fcgbar, was den Reisenden Komfort bietet. Die Busfahrpreise liegen je nach gew\u00e4hlter Strecke zwischen 15,33 und 85 t\u00fcrkischen Lira (entspricht 0,84\u20134,66 Euro oder 0,80\u20134,60 US$).<\/p>\n\n\n\n<h2 itemprop=\"alternateName\" class=\"wp-block-heading\"><strong>Metro<\/strong><\/h2>\n\n\n\n<p>F\u00fcr eine schnellere und kosteng\u00fcnstigere Option ist die neue Metrolinie M11 \u201cHayrettepe \u2013 Istanbul Neuer Flughafen\u201d jetzt in Betrieb. Diese Metrolinie verbindet den Flughafen Istanbul in nur 24 Minuten mit Kayasem. Obwohl sie derzeit in Kayasem h\u00e4lt, ist geplant, die Linie weiter nach Hayrettepe zu verl\u00e4ngern. Die Wahl der Metro bietet Ihnen eine bequeme, erschwingliche und effiziente M\u00f6glichkeit, den Flughafen zu erreichen und von dort abzufahren.<\/p>\n\n\n\n<h2 itemprop=\"alternateName\" class=\"wp-block-heading\"><a href=\"https:\/\/istanbul-ist-international-airport.com\/istanbul-private-transfer\/\"><strong>Privater Flughafentransfer<\/strong><\/a><\/h2>\n\n\n\n<p>Wenn Sie personalisierte Transportdienste bevorzugen, stehen Ihnen am Flughafen Istanbul private Transferunternehmen zur Verf\u00fcgung. Diese Dienste bieten Ihnen private Fahrer, die Ihnen gerne mit Ihrem Gep\u00e4ck behilflich sind und eine schnelle und komfortable Reise zu Ihrer Unterkunft in Istanbul gew\u00e4hrleisten. Diese Option ist besonders geeignet f\u00fcr Reisende, die ein exklusives und stressfreies Reiseerlebnis suchen.<\/p>\n\n\n\n<h2 itemprop=\"alternateName\" class=\"wp-block-heading\"><a href=\"https:\/\/istanbul-ist-international-airport.com\/rent-a-car\/\"><strong>Mietwagen<\/strong><\/a><\/h2>\n\n\n\n<p>Alternativ dazu, f\u00fcr gr\u00f6sstm\u00f6gliche Freiheit und Flexibilit\u00e4t, um Istanbul nach Ihren eigenen Vorstellungen zu erkunden, sind zahlreiche Autovermietungen am Flughafen Istanbul t\u00e4tig. Diese Unternehmen bieten eine breite Palette von Dienstleistungen an, die es Ihnen erm\u00f6glichen, das beste Mietwagenangebot auszuw\u00e4hlen, das Ihren Anforderungen entspricht. Entdecken Sie die verf\u00fcgbaren Optionen am Flughafen und w\u00e4hlen Sie das bequemste Transportmittel f\u00fcr Ihren Aufenthalt in Istanbul.<\/p>\n\n\n<div class=\"full-bg\">\n  <img decoding=\"async\" itemprop=\"image\" src=\"https:\/\/istanbul-ist-international-airport.com\/wp-content\/uploads\/2025\/09\/tr_line-scaled.jpg\" alt=\"image\">\n<\/div>\n\n\n<h2 itemprop=\"alternateName\" class=\"wp-block-heading\"><a href=\"https:\/\/istanbul-ist-international-airport.com\/istanbul-airport-to-istanbul-city-centre\/\"><strong>Flughafen Istanbul \u2013 Istanbul Stadtzentrum<\/strong><\/a><\/h2>\n\n\n\n<p>Es gibt mehrere M\u00f6glichkeiten, vom Flughafen Istanbul ins Stadtzentrum, dem Stadtteil Sultanahmet, zu gelangen. Wenn Sie sich f\u00fcr private Transfers und Mietwagen interessieren, bieten viele Unternehmen diese Dienstleistungen am Flughafen Atat\u00fcrk an. Taxis stehen am Flughafen auch zu jeder Tageszeit zur Verf\u00fcgung. Havaist-Busse fahren alle 30 Minuten nach Sultanahmet. Alternativ k\u00f6nnen Sie die neue U-Bahn-Linie nutzen, um vom Flughafen ins Zentrum zu gelangen.<\/p>\n\n\n\n<h2 itemprop=\"alternateName\" class=\"wp-block-heading\"><a href=\"https:\/\/istanbul-ist-international-airport.com\/taksim-square-to-istanbul-airport\/\"><strong>Flughafen Istanbul \u2013 Taksim<\/strong><\/a><\/h2>\n\n\n\n<p>Der Taksim-Platz ist das Zentrum des modernen Istanbul und zieht Einheimische und Touristen an. Es ist ein malerisches Viertel der Stadt. Wenn sich Ihre Unterkunft hier befindet, wie kommen Sie dorthin, nachdem Sie am Istanbul International Airport angekommen sind? Gl\u00fccklicherweise gibt es mehrere Transportm\u00f6glichkeiten vom Istanbul New Airport zum Taksim-Platz.<\/p>\n\n\n\n<h2 itemprop=\"alternateName\" class=\"wp-block-heading\"><a href=\"https:\/\/istanbul-ist-international-airport.com\/sabiha-gokcen-airport-to-istanbul\/\"><strong>Flughafen Istanbul \u2013 Flughafen Sabiha G\u00f6k\u00e7en<\/strong><\/a><\/h2>\n\n\n\n<p>Reisende k\u00f6nnen vom Flughafen Istanbul zum Flughafen Sabiha Gokcen, dem alten Flughafen der Stadt, mit dem Taxi oder Bus gelangen. Zuk\u00fcnftig wird Reisenden auch die M\u00f6glichkeit geboten, einen neuen Hochgeschwindigkeitszug zu nutzen, der die beiden Flugh\u00e4fen miteinander verbindet, die Reisezeit verk\u00fcrzt und den Transfer erleichtert.<\/p>","protected":false},"excerpt":{"rendered":"<p>Taxis Once you arrive at&nbsp;Istanbul new International Airport, you have various options to reach your desired destination. One convenient choice is to avail of the taxi services available at the airport. Taxis in Istanbul are classified into three categories based on their level of comfort and affordability. The orange taxis belong to the economy class, [&hellip;]<\/p>","protected":false},"author":1,"featured_media":3714,"parent":0,"menu_order":0,"comment_status":"closed","ping_status":"closed","template":"home.php","meta":{"_acf_changed":false,"footnotes":""},"class_list":["post-3439","page","type-page","status-publish","has-post-thumbnail","hentry"],"acf":[],"yoast_head":"<!-- This site is optimized with the Yoast SEO plugin v27.4 - https:\/\/yoast.com\/product\/yoast-seo-wordpress\/ -->\n<title>Istanbul Airport Transportation - Istanbul International Airport (IST) - Turkey&#039;s new airport<\/title>\n<meta name=\"robots\" content=\"index, follow, max-snippet:-1, max-image-preview:large, max-video-preview:-1\" \/>\n<link rel=\"canonical\" href=\"https:\/\/istanbul-ist-international-airport.com\/de\/istanbul-airport-transportation\/\" \/>\n<meta property=\"og:locale\" content=\"de_DE\" \/>\n<meta property=\"og:type\" content=\"article\" \/>\n<meta property=\"og:title\" content=\"Istanbul Airport Transportation - Istanbul International Airport (IST) - Turkey&#039;s new airport\" \/>\n<meta property=\"og:description\" content=\"Taxis Once you arrive at&nbsp;Istanbul new International Airport, you have various options to reach your desired destination. One convenient choice is to avail of the taxi services available at the airport. Taxis in Istanbul are classified into three categories based on their level of comfort and affordability. The orange taxis belong to the economy class, [&hellip;]\" \/>\n<meta property=\"og:url\" content=\"https:\/\/istanbul-ist-international-airport.com\/de\/istanbul-airport-transportation\/\" \/>\n<meta property=\"og:site_name\" content=\"Istanbul International Airport (IST) - Turkey&#039;s new airport\" \/>\n<meta property=\"article:modified_time\" content=\"2025-09-13T10:48:25+00:00\" \/>\n<meta property=\"og:image\" content=\"https:\/\/istanbul-ist-international-airport.com\/wp-content\/uploads\/2025\/09\/tr.jpg\" \/>\n\t<meta property=\"og:image:width\" content=\"2160\" \/>\n\t<meta property=\"og:image:height\" content=\"825\" \/>\n\t<meta property=\"og:image:type\" content=\"image\/jpeg\" \/>\n<meta name=\"twitter:card\" content=\"summary_large_image\" \/>\n<meta name=\"twitter:label1\" content=\"Gesch\u00e4tzte Lesezeit\" \/>\n\t<meta name=\"twitter:data1\" content=\"3\u00a0Minuten\" \/>\n<script type=\"application\/ld+json\" class=\"yoast-schema-graph\">{\"@context\":\"https:\\\/\\\/schema.org\",\"@graph\":[{\"@type\":\"WebPage\",\"@id\":\"https:\\\/\\\/istanbul-ist-international-airport.com\\\/de\\\/istanbul-airport-transportation\\\/\",\"url\":\"https:\\\/\\\/istanbul-ist-international-airport.com\\\/de\\\/istanbul-airport-transportation\\\/\",\"name\":\"Istanbul Airport Transportation - Istanbul International Airport (IST) - Turkey&#039;s new airport\",\"isPartOf\":{\"@id\":\"https:\\\/\\\/istanbul-ist-international-airport.com\\\/de\\\/#website\"},\"primaryImageOfPage\":{\"@id\":\"https:\\\/\\\/istanbul-ist-international-airport.com\\\/de\\\/istanbul-airport-transportation\\\/#primaryimage\"},\"image\":{\"@id\":\"https:\\\/\\\/istanbul-ist-international-airport.com\\\/de\\\/istanbul-airport-transportation\\\/#primaryimage\"},\"thumbnailUrl\":\"https:\\\/\\\/istanbul-ist-international-airport.com\\\/wp-content\\\/uploads\\\/2025\\\/09\\\/tr.jpg\",\"datePublished\":\"2025-09-10T14:20:06+00:00\",\"dateModified\":\"2025-09-13T10:48:25+00:00\",\"breadcrumb\":{\"@id\":\"https:\\\/\\\/istanbul-ist-international-airport.com\\\/de\\\/istanbul-airport-transportation\\\/#breadcrumb\"},\"inLanguage\":\"de\",\"potentialAction\":[{\"@type\":\"ReadAction\",\"target\":[\"https:\\\/\\\/istanbul-ist-international-airport.com\\\/de\\\/istanbul-airport-transportation\\\/\"]}]},{\"@type\":\"ImageObject\",\"inLanguage\":\"de\",\"@id\":\"https:\\\/\\\/istanbul-ist-international-airport.com\\\/de\\\/istanbul-airport-transportation\\\/#primaryimage\",\"url\":\"https:\\\/\\\/istanbul-ist-international-airport.com\\\/wp-content\\\/uploads\\\/2025\\\/09\\\/tr.jpg\",\"contentUrl\":\"https:\\\/\\\/istanbul-ist-international-airport.com\\\/wp-content\\\/uploads\\\/2025\\\/09\\\/tr.jpg\",\"width\":2160,\"height\":825},{\"@type\":\"BreadcrumbList\",\"@id\":\"https:\\\/\\\/istanbul-ist-international-airport.com\\\/de\\\/istanbul-airport-transportation\\\/#breadcrumb\",\"itemListElement\":[{\"@type\":\"ListItem\",\"position\":1,\"name\":\"Home\",\"item\":\"https:\\\/\\\/istanbul-ist-international-airport.com\\\/\"},{\"@type\":\"ListItem\",\"position\":2,\"name\":\"Istanbul Airport Transportation\"}]},{\"@type\":\"WebSite\",\"@id\":\"https:\\\/\\\/istanbul-ist-international-airport.com\\\/de\\\/#website\",\"url\":\"https:\\\/\\\/istanbul-ist-international-airport.com\\\/de\\\/\",\"name\":\"Istanbul International Airport (IST) - Turkey&#039;s new airport\",\"description\":\"Navigating Istanbul International Airport: A Traveler\u2019s Guide.\",\"potentialAction\":[{\"@type\":\"SearchAction\",\"target\":{\"@type\":\"EntryPoint\",\"urlTemplate\":\"https:\\\/\\\/istanbul-ist-international-airport.com\\\/de\\\/?s={search_term_string}\"},\"query-input\":{\"@type\":\"PropertyValueSpecification\",\"valueRequired\":true,\"valueName\":\"search_term_string\"}}],\"inLanguage\":\"de\"}]}<\/script>\n<!-- \/ Yoast SEO plugin. -->","yoast_head_json":{"title":"Flughafentransfer Istanbul \u2013 Istanbul International Airport (IST) \u2013 Der neue Flughafen der T\u00fcrkei","robots":{"index":"index","follow":"follow","max-snippet":"max-snippet:-1","max-image-preview":"max-image-preview:large","max-video-preview":"max-video-preview:-1"},"canonical":"https:\/\/istanbul-ist-international-airport.com\/de\/istanbul-airport-transportation\/","og_locale":"de_DE","og_type":"article","og_title":"Istanbul Airport Transportation - Istanbul International Airport (IST) - Turkey&#039;s new airport","og_description":"Taxis Once you arrive at&nbsp;Istanbul new International Airport, you have various options to reach your desired destination. One convenient choice is to avail of the taxi services available at the airport. Taxis in Istanbul are classified into three categories based on their level of comfort and affordability. The orange taxis belong to the economy class, [&hellip;]","og_url":"https:\/\/istanbul-ist-international-airport.com\/de\/istanbul-airport-transportation\/","og_site_name":"Istanbul International Airport (IST) - Turkey&#039;s new airport","article_modified_time":"2025-09-13T10:48:25+00:00","og_image":[{"width":2160,"height":825,"url":"https:\/\/istanbul-ist-international-airport.com\/wp-content\/uploads\/2025\/09\/tr.jpg","type":"image\/jpeg"}],"twitter_card":"summary_large_image","twitter_misc":{"Gesch\u00e4tzte Lesezeit":"3\u00a0Minuten"},"schema":{"@context":"https:\/\/schema.org","@graph":[{"@type":"WebPage","@id":"https:\/\/istanbul-ist-international-airport.com\/de\/istanbul-airport-transportation\/","url":"https:\/\/istanbul-ist-international-airport.com\/de\/istanbul-airport-transportation\/","name":"Flughafentransfer Istanbul \u2013 Istanbul International Airport (IST) \u2013 Der neue Flughafen der T\u00fcrkei","isPartOf":{"@id":"https:\/\/istanbul-ist-international-airport.com\/de\/#website"},"primaryImageOfPage":{"@id":"https:\/\/istanbul-ist-international-airport.com\/de\/istanbul-airport-transportation\/#primaryimage"},"image":{"@id":"https:\/\/istanbul-ist-international-airport.com\/de\/istanbul-airport-transportation\/#primaryimage"},"thumbnailUrl":"https:\/\/istanbul-ist-international-airport.com\/wp-content\/uploads\/2025\/09\/tr.jpg","datePublished":"2025-09-10T14:20:06+00:00","dateModified":"2025-09-13T10:48:25+00:00","breadcrumb":{"@id":"https:\/\/istanbul-ist-international-airport.com\/de\/istanbul-airport-transportation\/#breadcrumb"},"inLanguage":"de","potentialAction":[{"@type":"ReadAction","target":["https:\/\/istanbul-ist-international-airport.com\/de\/istanbul-airport-transportation\/"]}]},{"@type":"ImageObject","inLanguage":"de","@id":"https:\/\/istanbul-ist-international-airport.com\/de\/istanbul-airport-transportation\/#primaryimage","url":"https:\/\/istanbul-ist-international-airport.com\/wp-content\/uploads\/2025\/09\/tr.jpg","contentUrl":"https:\/\/istanbul-ist-international-airport.com\/wp-content\/uploads\/2025\/09\/tr.jpg","width":2160,"height":825},{"@type":"BreadcrumbList","@id":"https:\/\/istanbul-ist-international-airport.com\/de\/istanbul-airport-transportation\/#breadcrumb","itemListElement":[{"@type":"ListItem","position":1,"name":"Home","item":"https:\/\/istanbul-ist-international-airport.com\/"},{"@type":"ListItem","position":2,"name":"Istanbul Airport Transportation"}]},{"@type":"WebSite","@id":"https:\/\/istanbul-ist-international-airport.com\/de\/#website","url":"https:\/\/istanbul-ist-international-airport.com\/de\/","name":"Istanbul International Airport (IST) - Turkey&#039;s new airport","description":"Navigating Istanbul International Airport: A Traveler\u2019s Guide.","potentialAction":[{"@type":"SearchAction","target":{"@type":"EntryPoint","urlTemplate":"https:\/\/istanbul-ist-international-airport.com\/de\/?s={search_term_string}"},"query-input":{"@type":"PropertyValueSpecification","valueRequired":true,"valueName":"search_term_string"}}],"inLanguage":"de"}]}},"_links":{"self":[{"href":"https:\/\/istanbul-ist-international-airport.com\/de\/wp-json\/wp\/v2\/pages\/3439","targetHints":{"allow":["GET"]}}],"collection":[{"href":"https:\/\/istanbul-ist-international-airport.com\/de\/wp-json\/wp\/v2\/pages"}],"about":[{"href":"https:\/\/istanbul-ist-international-airport.com\/de\/wp-json\/wp\/v2\/types\/page"}],"author":[{"embeddable":true,"href":"https:\/\/istanbul-ist-international-airport.com\/de\/wp-json\/wp\/v2\/users\/1"}],"replies":[{"embeddable":true,"href":"https:\/\/istanbul-ist-international-airport.com\/de\/wp-json\/wp\/v2\/comments?post=3439"}],"version-history":[{"count":2,"href":"https:\/\/istanbul-ist-international-airport.com\/de\/wp-json\/wp\/v2\/pages\/3439\/revisions"}],"predecessor-version":[{"id":3718,"href":"https:\/\/istanbul-ist-international-airport.com\/de\/wp-json\/wp\/v2\/pages\/3439\/revisions\/3718"}],"wp:featuredmedia":[{"embeddable":true,"href":"https:\/\/istanbul-ist-international-airport.com\/de\/wp-json\/wp\/v2\/media\/3714"}],"wp:attachment":[{"href":"https:\/\/istanbul-ist-international-airport.com\/de\/wp-json\/wp\/v2\/media?parent=3439"}],"curies":[{"name":"wp","href":"https:\/\/api.w.org\/{rel}","templated":true}]}}