{"id":3467,"date":"2025-09-10T17:22:33","date_gmt":"2025-09-10T14:22:33","guid":{"rendered":"http:\/\/147.182.243.37\/?page_id=3467"},"modified":"2025-09-13T14:36:46","modified_gmt":"2025-09-13T11:36:46","slug":"istanbul-airport-terminal","status":"publish","type":"page","link":"https:\/\/istanbul-ist-international-airport.com\/de\/istanbul-airport-terminal\/","title":{"rendered":"Istanbul Airport Terminal"},"content":{"rendered":"<h2 itemprop=\"alternateName\" class=\"wp-block-heading\"><strong>Ein \u00dcberblick \u00fcber das Terminal am neuen Flughafen Istanbul<\/strong><\/h2>\n\n\n\n<p>Die Unermessliche&nbsp;<a href=\"https:\/\/istanbul-ist-international-airport.com\/\">Flughafen Istanbul<\/a>&nbsp;Das Terminal erstreckt sich \u00fcber eine riesige Fl\u00e4che von 1.440.000 Quadratmetern und ist als das gr\u00f6\u00dfte Terminalgeb\u00e4ude der Welt unter einem Dach bekannt. Mit seinem hochmodernen Design ist das brandneue Terminal in einen Abflug- und einen Ankunftsbereich unterteilt. Um die Erreichbarkeit f\u00fcr ankommende Autofahrer zu gew\u00e4hrleisten, sind die t\u00fcrkisfarbenen und gr\u00fcnen Parkpl\u00e4tze f\u00fcr Inlandsfl\u00fcge vorgesehen, w\u00e4hrend die gelben, roten und blauen Parkbereiche f\u00fcr internationale Fl\u00fcge bestimmt sind.<\/p>\n\n\n\n<p>Passagiere k\u00f6nnen die Abflugebene durch sieben verschiedene T\u00fcren betreten. Im Allgemeinen sind die T\u00fcren 1 und 2 g\u00fcnstiger f\u00fcr Inlandsfl\u00fcge, w\u00e4hrend die \u00fcbrigen T\u00fcren zu den internationalen Check-in-Schaltern f\u00fchren. Inlandsreisende sollten sich zu den Check-in-Schaltern D und E begeben, die auch Self-Service-Optionen umfassen, und dann zum Passkontrollbereich in der N\u00e4he von Gang D weitergehen. Auf der anderen Seite sollten sich Passagiere, die ins Ausland fliegen, zu den G\u00e4ngen E (mit einem Self-Service-Check-in-Schalter), F, G, H und J begeben, wobei sich der entsprechende Passkontrollbereich direkt gegen\u00fcber diesen G\u00e4ngen befindet. Es ist wichtig zu beachten, dass Eingang 5 ausschlie\u00dflich f\u00fcr Business-Class-Passagiere und Miles &amp; More-Mitglieder bestimmt ist, die einen internationalen Flug antreten werden.<\/p>\n\n\n\n<p>Dar\u00fcber hinaus wurden spezielle Check-in-Schalter f\u00fcr besondere Passagierkategorien eingerichtet. Gro\u00dfe Reisegruppen und Personen mit besonderen Bed\u00fcrfnissen werden in Gang G abgefertigt, w\u00e4hrend Gang K Familien vorbehalten ist. Reisende aus den USA, Gro\u00dfbritannien und Kanada sollten den Check-in-Schalter K passieren, w\u00e4hrend Star Alliance Gold Mitglieder und Turkish Airlines Business-Class-Passagiere sich zu Gang L begeben sollten.<\/p>\n\n\n\n<p>Schlie\u00dflich verf\u00fcgt das neue Istanbuler Terminal \u00fcber f\u00fcnf Piers. Die Piers A, B, D und F sind internationalen Flugsteigen zugewiesen, w\u00e4hrend Pier G und drei Boardingbereiche in Pier F f\u00fcr Inlandsfl\u00fcge vorgesehen sind.<\/p>\n\n\n\n<p>Es ist erw\u00e4hnenswert, dass der Flughafen Istanbul derzeit zwar nur ein Terminalgeb\u00e4ude hat, aber bis 2025, wenn der Bau vollst\u00e4ndig abgeschlossen ist, wird das neue Luftfahrtdrehkreuz \u00fcber vier miteinander verbundene Terminals verf\u00fcgen, wobei ein Bahnsystem die bequeme Bewegung zwischen ihnen erm\u00f6glicht.<\/p>\n\n\n\n<h2 itemprop=\"alternateName\" class=\"wp-block-heading\"><strong>Das herausragende neue Terminal des Istanbuler Flughafens<\/strong><\/h2>\n\n\n\n<p>Das neue Flughafenterminal stellt eine bemerkenswerte Verschmelzung zeitgen\u00f6ssischer Architektur mit nationaler Geschichte und Kultur dar. Seine Gr\u00f6\u00dfe erregt sofort Aufmerksamkeit und strahlt ein erstaunliches Gef\u00fchl von Erhabenheit aus. Dar\u00fcber hinaus schaffen die weiten Decken, die weitl\u00e4ufigen Panoramafenster und die Oberlichter eine belebende und lebhafte Atmosph\u00e4re. Bemerkenswert ist, dass das Terminal ein cleveres Design beinhaltet, das die wichtigen Zonen wie Check-in-Bereiche mit verbesserter Beleuchtung hervorhebt und ihre Bedeutung subtil unterstreicht. Zus\u00e4tzlich zu seinen modernen Elementen erweist das Terminal der Geschichte und Religion Ehre, was sich in seinen islamisch inspirierten B\u00f6gen und Kurven, die an Moscheen erinnern, sowie in der fesselnden \u00c4hnlichkeit der Haupthalle mit der ber\u00fchmten Bosporusstra\u00dfe zeigt.<\/p>\n\n\n\n<p>Das eigentliche Prunkst\u00fcck des Flughafens ist jedoch sein ikonischer Flugsicherungsturm, der unz\u00e4hlige Auszeichnungen und Ehrungen erhalten hat. Mit einer beeindruckenden H\u00f6he von 90 Metern \u00e4hnelt der Turm auffallend einer Tulpe, einem Symbol, das tief in Istanbuls historischem Erbe verwurzelt ist.<\/p>\n\n\n\n<h2 itemprop=\"alternateName\" class=\"wp-block-heading\"><strong>Der gr\u00f6\u00dfte Nachteil des Istanbuler Flughafenterminals<\/strong><\/h2>\n\n\n\n<p>W\u00e4hrend der neue Flughafen Istanbul eine beeindruckende und technologisch fortschrittliche Umgebung bietet, hat er einen bemerkenswerten Nachteil. Trotz seiner Aufteilung in f\u00fcnf separate Hallen gibt es nur einen Sicherheitsbereich f\u00fcr Inlandsfl\u00fcge und einen weiteren f\u00fcr internationale Passagiere. Dies, in Kombination mit dem Fehlen eines internen Transportsystems wie Shuttlebussen oder Z\u00fcgen, erh\u00f6ht das Risiko potenzieller Flugversp\u00e4tungen. Dar\u00fcber hinaus sind die vorhandenen Laufb\u00e4nder nicht ausreichend, um die betr\u00e4chtliche Gehstrecke zwischen den Gates sowie von der zentralen Terminalzone zu jedem Pier zu bew\u00e4ltigen, was interne Transfers letztendlich zeitaufw\u00e4ndig und m\u00fchsam macht.<\/p>\n\n\n\n<p>Folglich wird Flugg\u00e4sten empfohlen, mindestens 2,5\u20133 Stunden vor ihren planm\u00e4\u00dfigen Fl\u00fcgen am Istanbul International Airport einzutreffen, um eine stressfreie Reise zu ihren jeweiligen Flugsteigen zu gew\u00e4hrleisten.<\/p>","protected":false},"excerpt":{"rendered":"<p>Ein \u00dcberblick \u00fcber das Terminal des neuen Flughafens Istanbul Das immense Terminal des Flughafens Istanbul erstreckt sich \u00fcber eine riesige Fl\u00e4che von 1.440.000 Quadratmetern und ist als das gr\u00f6\u00dfte Terminalgeb\u00e4ude der Welt bekannt, alles unter einem Dach. Mit seinem hochmodernen Design ist das brandneue Terminal in einen Abflugbereich und einen Ankunftsbereich unterteilt. Um die Benutzerfreundlichkeit zu gew\u00e4hrleisten [\u2026]<\/p>","protected":false},"author":1,"featured_media":3757,"parent":0,"menu_order":0,"comment_status":"closed","ping_status":"closed","template":"home.php","meta":{"_acf_changed":false,"footnotes":""},"class_list":["post-3467","page","type-page","status-publish","has-post-thumbnail","hentry"],"acf":[],"yoast_head":"<!-- This site is optimized with the Yoast SEO plugin v27.5 - https:\/\/yoast.com\/product\/yoast-seo-wordpress\/ -->\n<title>Istanbul Airport Terminal - Istanbul International Airport (IST) - Turkey&#039;s new airport<\/title>\n<meta name=\"robots\" content=\"index, follow, max-snippet:-1, max-image-preview:large, max-video-preview:-1\" \/>\n<link rel=\"canonical\" href=\"https:\/\/istanbul-ist-international-airport.com\/de\/istanbul-airport-terminal\/\" \/>\n<meta property=\"og:locale\" content=\"de_DE\" \/>\n<meta property=\"og:type\" content=\"article\" \/>\n<meta property=\"og:title\" content=\"Istanbul Airport Terminal - Istanbul International Airport (IST) - Turkey&#039;s new airport\" \/>\n<meta property=\"og:description\" content=\"An Overview of the Terminal at New Istanbul Aiport The immense&nbsp;Istanbul airport&nbsp;terminal stretches across a vast 1,440,000 square meter area and is renowned as the largest terminal building in the world, all under one roof. With its state-of-the-art design, the brand-new terminal is separated into a departure area and an arrival zone. To ensure ease [&hellip;]\" \/>\n<meta property=\"og:url\" content=\"https:\/\/istanbul-ist-international-airport.com\/de\/istanbul-airport-terminal\/\" \/>\n<meta property=\"og:site_name\" content=\"Istanbul International Airport (IST) - Turkey&#039;s new airport\" \/>\n<meta property=\"article:modified_time\" content=\"2025-09-13T11:36:46+00:00\" \/>\n<meta property=\"og:image\" content=\"https:\/\/istanbul-ist-international-airport.com\/wp-content\/uploads\/2025\/09\/ist_1.jpg\" \/>\n\t<meta property=\"og:image:width\" content=\"2160\" \/>\n\t<meta property=\"og:image:height\" content=\"825\" \/>\n\t<meta property=\"og:image:type\" content=\"image\/jpeg\" \/>\n<meta name=\"twitter:card\" content=\"summary_large_image\" \/>\n<meta name=\"twitter:label1\" content=\"Gesch\u00e4tzte Lesezeit\" \/>\n\t<meta name=\"twitter:data1\" content=\"3\u00a0Minuten\" \/>\n<script type=\"application\/ld+json\" class=\"yoast-schema-graph\">{\"@context\":\"https:\\\/\\\/schema.org\",\"@graph\":[{\"@type\":\"WebPage\",\"@id\":\"https:\\\/\\\/istanbul-ist-international-airport.com\\\/de\\\/istanbul-airport-terminal\\\/\",\"url\":\"https:\\\/\\\/istanbul-ist-international-airport.com\\\/de\\\/istanbul-airport-terminal\\\/\",\"name\":\"Istanbul Airport Terminal - Istanbul International Airport (IST) - Turkey&#039;s new airport\",\"isPartOf\":{\"@id\":\"https:\\\/\\\/istanbul-ist-international-airport.com\\\/de\\\/#website\"},\"primaryImageOfPage\":{\"@id\":\"https:\\\/\\\/istanbul-ist-international-airport.com\\\/de\\\/istanbul-airport-terminal\\\/#primaryimage\"},\"image\":{\"@id\":\"https:\\\/\\\/istanbul-ist-international-airport.com\\\/de\\\/istanbul-airport-terminal\\\/#primaryimage\"},\"thumbnailUrl\":\"https:\\\/\\\/istanbul-ist-international-airport.com\\\/wp-content\\\/uploads\\\/2025\\\/09\\\/ist_1.jpg\",\"datePublished\":\"2025-09-10T14:22:33+00:00\",\"dateModified\":\"2025-09-13T11:36:46+00:00\",\"breadcrumb\":{\"@id\":\"https:\\\/\\\/istanbul-ist-international-airport.com\\\/de\\\/istanbul-airport-terminal\\\/#breadcrumb\"},\"inLanguage\":\"de\",\"potentialAction\":[{\"@type\":\"ReadAction\",\"target\":[\"https:\\\/\\\/istanbul-ist-international-airport.com\\\/de\\\/istanbul-airport-terminal\\\/\"]}]},{\"@type\":\"ImageObject\",\"inLanguage\":\"de\",\"@id\":\"https:\\\/\\\/istanbul-ist-international-airport.com\\\/de\\\/istanbul-airport-terminal\\\/#primaryimage\",\"url\":\"https:\\\/\\\/istanbul-ist-international-airport.com\\\/wp-content\\\/uploads\\\/2025\\\/09\\\/ist_1.jpg\",\"contentUrl\":\"https:\\\/\\\/istanbul-ist-international-airport.com\\\/wp-content\\\/uploads\\\/2025\\\/09\\\/ist_1.jpg\",\"width\":2160,\"height\":825},{\"@type\":\"BreadcrumbList\",\"@id\":\"https:\\\/\\\/istanbul-ist-international-airport.com\\\/de\\\/istanbul-airport-terminal\\\/#breadcrumb\",\"itemListElement\":[{\"@type\":\"ListItem\",\"position\":1,\"name\":\"Home\",\"item\":\"https:\\\/\\\/istanbul-ist-international-airport.com\\\/\"},{\"@type\":\"ListItem\",\"position\":2,\"name\":\"Istanbul Airport Terminal\"}]},{\"@type\":\"WebSite\",\"@id\":\"https:\\\/\\\/istanbul-ist-international-airport.com\\\/de\\\/#website\",\"url\":\"https:\\\/\\\/istanbul-ist-international-airport.com\\\/de\\\/\",\"name\":\"Istanbul International Airport (IST) - Turkey&#039;s new airport\",\"description\":\"Navigating Istanbul International Airport: A Traveler\u2019s Guide.\",\"potentialAction\":[{\"@type\":\"SearchAction\",\"target\":{\"@type\":\"EntryPoint\",\"urlTemplate\":\"https:\\\/\\\/istanbul-ist-international-airport.com\\\/de\\\/?s={search_term_string}\"},\"query-input\":{\"@type\":\"PropertyValueSpecification\",\"valueRequired\":true,\"valueName\":\"search_term_string\"}}],\"inLanguage\":\"de\"}]}<\/script>\n<!-- \/ Yoast SEO plugin. -->","yoast_head_json":{"title":"Istanbul Flughafen Terminal - Istanbul Internationaler Flughafen (IST) - Der neue Flughafen der T\u00fcrkei","robots":{"index":"index","follow":"follow","max-snippet":"max-snippet:-1","max-image-preview":"max-image-preview:large","max-video-preview":"max-video-preview:-1"},"canonical":"https:\/\/istanbul-ist-international-airport.com\/de\/istanbul-airport-terminal\/","og_locale":"de_DE","og_type":"article","og_title":"Istanbul Airport Terminal - Istanbul International Airport (IST) - Turkey&#039;s new airport","og_description":"An Overview of the Terminal at New Istanbul Aiport The immense&nbsp;Istanbul airport&nbsp;terminal stretches across a vast 1,440,000 square meter area and is renowned as the largest terminal building in the world, all under one roof. With its state-of-the-art design, the brand-new terminal is separated into a departure area and an arrival zone. To ensure ease [&hellip;]","og_url":"https:\/\/istanbul-ist-international-airport.com\/de\/istanbul-airport-terminal\/","og_site_name":"Istanbul International Airport (IST) - Turkey&#039;s new airport","article_modified_time":"2025-09-13T11:36:46+00:00","og_image":[{"width":2160,"height":825,"url":"https:\/\/istanbul-ist-international-airport.com\/wp-content\/uploads\/2025\/09\/ist_1.jpg","type":"image\/jpeg"}],"twitter_card":"summary_large_image","twitter_misc":{"Gesch\u00e4tzte Lesezeit":"3\u00a0Minuten"},"schema":{"@context":"https:\/\/schema.org","@graph":[{"@type":"WebPage","@id":"https:\/\/istanbul-ist-international-airport.com\/de\/istanbul-airport-terminal\/","url":"https:\/\/istanbul-ist-international-airport.com\/de\/istanbul-airport-terminal\/","name":"Istanbul Flughafen Terminal - Istanbul Internationaler Flughafen (IST) - Der neue Flughafen der T\u00fcrkei","isPartOf":{"@id":"https:\/\/istanbul-ist-international-airport.com\/de\/#website"},"primaryImageOfPage":{"@id":"https:\/\/istanbul-ist-international-airport.com\/de\/istanbul-airport-terminal\/#primaryimage"},"image":{"@id":"https:\/\/istanbul-ist-international-airport.com\/de\/istanbul-airport-terminal\/#primaryimage"},"thumbnailUrl":"https:\/\/istanbul-ist-international-airport.com\/wp-content\/uploads\/2025\/09\/ist_1.jpg","datePublished":"2025-09-10T14:22:33+00:00","dateModified":"2025-09-13T11:36:46+00:00","breadcrumb":{"@id":"https:\/\/istanbul-ist-international-airport.com\/de\/istanbul-airport-terminal\/#breadcrumb"},"inLanguage":"de","potentialAction":[{"@type":"ReadAction","target":["https:\/\/istanbul-ist-international-airport.com\/de\/istanbul-airport-terminal\/"]}]},{"@type":"ImageObject","inLanguage":"de","@id":"https:\/\/istanbul-ist-international-airport.com\/de\/istanbul-airport-terminal\/#primaryimage","url":"https:\/\/istanbul-ist-international-airport.com\/wp-content\/uploads\/2025\/09\/ist_1.jpg","contentUrl":"https:\/\/istanbul-ist-international-airport.com\/wp-content\/uploads\/2025\/09\/ist_1.jpg","width":2160,"height":825},{"@type":"BreadcrumbList","@id":"https:\/\/istanbul-ist-international-airport.com\/de\/istanbul-airport-terminal\/#breadcrumb","itemListElement":[{"@type":"ListItem","position":1,"name":"Home","item":"https:\/\/istanbul-ist-international-airport.com\/"},{"@type":"ListItem","position":2,"name":"Istanbul Airport Terminal"}]},{"@type":"WebSite","@id":"https:\/\/istanbul-ist-international-airport.com\/de\/#website","url":"https:\/\/istanbul-ist-international-airport.com\/de\/","name":"Istanbul International Airport (IST) - Turkey&#039;s new airport","description":"Navigating Istanbul International Airport: A Traveler\u2019s Guide.","potentialAction":[{"@type":"SearchAction","target":{"@type":"EntryPoint","urlTemplate":"https:\/\/istanbul-ist-international-airport.com\/de\/?s={search_term_string}"},"query-input":{"@type":"PropertyValueSpecification","valueRequired":true,"valueName":"search_term_string"}}],"inLanguage":"de"}]}},"_links":{"self":[{"href":"https:\/\/istanbul-ist-international-airport.com\/de\/wp-json\/wp\/v2\/pages\/3467","targetHints":{"allow":["GET"]}}],"collection":[{"href":"https:\/\/istanbul-ist-international-airport.com\/de\/wp-json\/wp\/v2\/pages"}],"about":[{"href":"https:\/\/istanbul-ist-international-airport.com\/de\/wp-json\/wp\/v2\/types\/page"}],"author":[{"embeddable":true,"href":"https:\/\/istanbul-ist-international-airport.com\/de\/wp-json\/wp\/v2\/users\/1"}],"replies":[{"embeddable":true,"href":"https:\/\/istanbul-ist-international-airport.com\/de\/wp-json\/wp\/v2\/comments?post=3467"}],"version-history":[{"count":2,"href":"https:\/\/istanbul-ist-international-airport.com\/de\/wp-json\/wp\/v2\/pages\/3467\/revisions"}],"predecessor-version":[{"id":3759,"href":"https:\/\/istanbul-ist-international-airport.com\/de\/wp-json\/wp\/v2\/pages\/3467\/revisions\/3759"}],"wp:featuredmedia":[{"embeddable":true,"href":"https:\/\/istanbul-ist-international-airport.com\/de\/wp-json\/wp\/v2\/media\/3757"}],"wp:attachment":[{"href":"https:\/\/istanbul-ist-international-airport.com\/de\/wp-json\/wp\/v2\/media?parent=3467"}],"curies":[{"name":"wp","href":"https:\/\/api.w.org\/{rel}","templated":true}]}}