{"id":3417,"date":"2025-09-10T17:15:17","date_gmt":"2025-09-10T14:15:17","guid":{"rendered":"http:\/\/147.182.243.37\/?page_id=3417"},"modified":"2025-09-13T11:44:44","modified_gmt":"2025-09-13T08:44:44","slug":"istanbul-airport-guide","status":"publish","type":"page","link":"https:\/\/istanbul-ist-international-airport.com\/es\/istanbul-airport-guide\/","title":{"rendered":"Istanbul Airport Guide"},"content":{"rendered":"<h2 itemprop=\"alternateName\" class=\"wp-block-heading\"><strong>Informaci\u00f3n General del Aeropuerto<\/strong><\/h2>\n\n\n\n<p>El&nbsp;<a href=\"https:\/\/istanbul-ist-international-airport.com\/\">Nuevo Aeropuerto de Estambul<\/a>, el orgullo de Turqu\u00eda, recibi\u00f3 a sus primeros pasajeros el 29 de octubre de 2018. Es un proyecto masivo que est\u00e1 programado para completarse en 2028. Una vez que se completen las cuatro fases de su construcci\u00f3n, el aeropuerto tendr\u00e1 la capacidad de atender a m\u00e1s de 200 millones de pasajeros al a\u00f1o, superando a cualquier otro aeropuerto del mundo. Con seis pistas, podr\u00e1 dar cabida a hasta 500 aeronaves. Adem\u00e1s, esta instalaci\u00f3n de vanguardia cuenta con el centro libre de impuestos m\u00e1s grande a nivel mundial y exhibe un notable dise\u00f1o de torre de control inspirado en tulipanes. El Aeropuerto de Estambul se erige como un centro de aviaci\u00f3n crucial que conecta Europa y Asia, Occidente y Oriente, un lugar destinado a convertirse en uno de los aeropuertos m\u00e1s importantes a escala global.<\/p>\n\n\n\n<h2 itemprop=\"alternateName\" class=\"wp-block-heading\"><strong>Terminales<\/strong><\/h2>\n\n\n\n<p>\u00a1El nuevo aeropuerto de Estambul cuenta con el edificio terminal m\u00e1s grande del mundo, \u00a1todo bajo un mismo techo! Es una extensa \u00e1rea terminal dividida en 5 muelles, que atiende vuelos nacionales e internacionales. Sin embargo, a pesar de su impresionante apariencia, la funcionalidad de la terminal de Estambul deja algo que desear. Para abordar esto, hay planes en marcha para agregar tres edificios terminales adicionales al complejo del aeropuerto de Estambul, mejorando a\u00fan m\u00e1s su eficiencia operativa.<\/p>\n\n\n\n<h2 itemprop=\"alternateName\" class=\"wp-block-heading\"><a href=\"https:\/\/istanbul-ist-international-airport.com\/istanbul-airport-hotels\/\"><strong>Hoteles<\/strong><\/a><\/h2>\n\n\n\n<p>Estambul cuenta con una pl\u00e9tora de opciones de alojamiento con una amplia gama para satisfacer todas las preferencias y presupuestos. Desde encantadoras casas de hu\u00e9spedes boutique que irradian encanto tradicional hasta hoteles lujosos y contempor\u00e1neos que ofrecen el m\u00e1ximo lujo, y desde acogedores bed and breakfasts hasta hostales y moteles econ\u00f3micos, hay algo para todos los gustos. Adem\u00e1s, hay numerosas opciones de alojamiento repartidas por todo Estambul e incluso en las proximidades del aeropuerto. Y para aquellos que buscan comodidad, el Yotel Istanbul Airport Hotel ofrece sin duda una estancia deliciosa.<\/p>\n\n\n\n<h2 itemprop=\"alternateName\" class=\"wp-block-heading\"><strong>Instalaciones y Servicios<\/strong><\/h2>\n\n\n\n<p>El Nuevo Aeropuerto de Estambul cuenta con todas las caracter\u00edsticas que uno esperar\u00eda de un aeropuerto de su magnitud e importancia: servicios superiores, medidas de seguridad de vanguardia que utilizan la \u00faltima tecnolog\u00eda, comodidades de \u00faltima generaci\u00f3n que garantizan procedimientos de embarque y facturaci\u00f3n optimizados, todo ello manteniendo pr\u00e1cticas respetuosas con el medio ambiente. Tenga la seguridad de que su tiempo de ocio en el Aeropuerto Internacional de Estambul ser\u00e1 sencillamente excepcional. Explore la amplia gama de instalaciones y servicios del Aeropuerto de Estambul para maximizar su experiencia durante su visita.<\/p>\n\n\n\n<h2 itemprop=\"alternateName\" class=\"wp-block-heading\"><a href=\"https:\/\/istanbul-ist-international-airport.com\/istanbul-airport-parking\/\"><strong>Estacionamiento<\/strong><\/a><\/h2>\n\n\n\n<p>\u00bfLe preocupa estacionar su coche en el aeropuerto de Estambul? \u00a1No se preocupe! El Gran Aeropuerto de Estambul (IGA) cuenta con la mayor instalaci\u00f3n de estacionamiento de varias plantas del mundo, que ofrece servicios de estacionamiento de primera categor\u00eda y servicios adicionales como lavado de coches y cambio de neum\u00e1ticos. Con una capacidad para albergar hasta 40.000 veh\u00edculos, el estacionamiento del aeropuerto de Estambul le tiene cubierto. Tenga la seguridad de que no hay necesidad de preocuparse.<\/p>\n\n\n\n<h2 itemprop=\"alternateName\" class=\"wp-block-heading\"><strong>Escala en el aeropuerto<\/strong><\/h2>\n\n\n\n<p>\u00bfTe enfrentas a una larga escala en el aeropuerto de Estambul? Aprovecha esta oportunidad para sumergirte por completo en la cautivadora y ex\u00f3tica belleza de Estambul. \u00bfDe cu\u00e1nto tiempo dispones? \u00bfQu\u00e9 te apetece? Estambul ofrece tal abundancia de opciones que tomar una decisi\u00f3n podr\u00eda resultar un desaf\u00edo. Si deseas explorar no solo el nuevo aeropuerto sino tambi\u00e9n la ciudad, perm\u00edtenos presentarte algunas ideas intrigantes para maximizar tu experiencia de escala en el aeropuerto de Estambul.<\/p>","protected":false},"excerpt":{"rendered":"<p>Informaci\u00f3n general del aeropuerto El Nuevo Aeropuerto de Estambul, el orgullo de Turqu\u00eda, recibi\u00f3 a sus primeros pasajeros el 29 de octubre de 2018. Es un proyecto masivo que se completar\u00e1 en 2028. Una vez que se completen las cuatro fases de su construcci\u00f3n, el aeropuerto tendr\u00e1 la capacidad de atender a m\u00e1s de 200 millones de pasajeros al a\u00f1o, superando a cualquier otro [...]<\/p>","protected":false},"author":1,"featured_media":3679,"parent":0,"menu_order":0,"comment_status":"closed","ping_status":"closed","template":"home.php","meta":{"_acf_changed":false,"footnotes":""},"class_list":["post-3417","page","type-page","status-publish","has-post-thumbnail","hentry"],"acf":[],"yoast_head":"<!-- This site is optimized with the Yoast SEO plugin v27.4 - https:\/\/yoast.com\/product\/yoast-seo-wordpress\/ -->\n<title>Istanbul Airport Guide - Istanbul International Airport (IST) - Turkey&#039;s new airport<\/title>\n<meta name=\"robots\" content=\"index, follow, max-snippet:-1, max-image-preview:large, max-video-preview:-1\" \/>\n<link rel=\"canonical\" href=\"https:\/\/istanbul-ist-international-airport.com\/es\/istanbul-airport-guide\/\" \/>\n<meta property=\"og:locale\" content=\"es_ES\" \/>\n<meta property=\"og:type\" content=\"article\" \/>\n<meta property=\"og:title\" content=\"Istanbul Airport Guide - Istanbul International Airport (IST) - Turkey&#039;s new airport\" \/>\n<meta property=\"og:description\" content=\"General Airport Information The&nbsp;Istanbul New Airport, Turkey\u2019s pride, welcomed its first passengers on October 29, 2018. It is a massive project that is set to be completed by 2028. Once all four phases of its construction are finished, the airport will have the capacity to cater to over 200 million passengers yearly, surpassing any other [&hellip;]\" \/>\n<meta property=\"og:url\" content=\"https:\/\/istanbul-ist-international-airport.com\/es\/istanbul-airport-guide\/\" \/>\n<meta property=\"og:site_name\" content=\"Istanbul International Airport (IST) - Turkey&#039;s new airport\" \/>\n<meta property=\"article:modified_time\" content=\"2025-09-13T08:44:44+00:00\" \/>\n<meta property=\"og:image\" content=\"https:\/\/istanbul-ist-international-airport.com\/wp-content\/uploads\/2025\/09\/guide.jpg\" \/>\n\t<meta property=\"og:image:width\" content=\"2160\" \/>\n\t<meta property=\"og:image:height\" content=\"825\" \/>\n\t<meta property=\"og:image:type\" content=\"image\/jpeg\" \/>\n<meta name=\"twitter:card\" content=\"summary_large_image\" \/>\n<meta name=\"twitter:label1\" content=\"Tiempo de lectura\" \/>\n\t<meta name=\"twitter:data1\" content=\"3 minutos\" \/>\n<script type=\"application\/ld+json\" class=\"yoast-schema-graph\">{\"@context\":\"https:\\\/\\\/schema.org\",\"@graph\":[{\"@type\":\"WebPage\",\"@id\":\"https:\\\/\\\/istanbul-ist-international-airport.com\\\/es\\\/istanbul-airport-guide\\\/\",\"url\":\"https:\\\/\\\/istanbul-ist-international-airport.com\\\/es\\\/istanbul-airport-guide\\\/\",\"name\":\"Istanbul Airport Guide - Istanbul International Airport (IST) - Turkey&#039;s new airport\",\"isPartOf\":{\"@id\":\"https:\\\/\\\/istanbul-ist-international-airport.com\\\/es\\\/#website\"},\"primaryImageOfPage\":{\"@id\":\"https:\\\/\\\/istanbul-ist-international-airport.com\\\/es\\\/istanbul-airport-guide\\\/#primaryimage\"},\"image\":{\"@id\":\"https:\\\/\\\/istanbul-ist-international-airport.com\\\/es\\\/istanbul-airport-guide\\\/#primaryimage\"},\"thumbnailUrl\":\"https:\\\/\\\/istanbul-ist-international-airport.com\\\/wp-content\\\/uploads\\\/2025\\\/09\\\/guide.jpg\",\"datePublished\":\"2025-09-10T14:15:17+00:00\",\"dateModified\":\"2025-09-13T08:44:44+00:00\",\"breadcrumb\":{\"@id\":\"https:\\\/\\\/istanbul-ist-international-airport.com\\\/es\\\/istanbul-airport-guide\\\/#breadcrumb\"},\"inLanguage\":\"es\",\"potentialAction\":[{\"@type\":\"ReadAction\",\"target\":[\"https:\\\/\\\/istanbul-ist-international-airport.com\\\/es\\\/istanbul-airport-guide\\\/\"]}]},{\"@type\":\"ImageObject\",\"inLanguage\":\"es\",\"@id\":\"https:\\\/\\\/istanbul-ist-international-airport.com\\\/es\\\/istanbul-airport-guide\\\/#primaryimage\",\"url\":\"https:\\\/\\\/istanbul-ist-international-airport.com\\\/wp-content\\\/uploads\\\/2025\\\/09\\\/guide.jpg\",\"contentUrl\":\"https:\\\/\\\/istanbul-ist-international-airport.com\\\/wp-content\\\/uploads\\\/2025\\\/09\\\/guide.jpg\",\"width\":2160,\"height\":825},{\"@type\":\"BreadcrumbList\",\"@id\":\"https:\\\/\\\/istanbul-ist-international-airport.com\\\/es\\\/istanbul-airport-guide\\\/#breadcrumb\",\"itemListElement\":[{\"@type\":\"ListItem\",\"position\":1,\"name\":\"Home\",\"item\":\"https:\\\/\\\/istanbul-ist-international-airport.com\\\/\"},{\"@type\":\"ListItem\",\"position\":2,\"name\":\"Istanbul Airport Guide\"}]},{\"@type\":\"WebSite\",\"@id\":\"https:\\\/\\\/istanbul-ist-international-airport.com\\\/es\\\/#website\",\"url\":\"https:\\\/\\\/istanbul-ist-international-airport.com\\\/es\\\/\",\"name\":\"Istanbul International Airport (IST) - Turkey&#039;s new airport\",\"description\":\"Navigating Istanbul International Airport: A Traveler\u2019s Guide.\",\"potentialAction\":[{\"@type\":\"SearchAction\",\"target\":{\"@type\":\"EntryPoint\",\"urlTemplate\":\"https:\\\/\\\/istanbul-ist-international-airport.com\\\/es\\\/?s={search_term_string}\"},\"query-input\":{\"@type\":\"PropertyValueSpecification\",\"valueRequired\":true,\"valueName\":\"search_term_string\"}}],\"inLanguage\":\"es\"}]}<\/script>\n<!-- \/ Yoast SEO plugin. -->","yoast_head_json":{"title":"Gu\u00eda del Aeropuerto de Estambul - Aeropuerto Internacional de Estambul (IST) - El nuevo aeropuerto de Turqu\u00eda","robots":{"index":"index","follow":"follow","max-snippet":"max-snippet:-1","max-image-preview":"max-image-preview:large","max-video-preview":"max-video-preview:-1"},"canonical":"https:\/\/istanbul-ist-international-airport.com\/es\/istanbul-airport-guide\/","og_locale":"es_ES","og_type":"article","og_title":"Istanbul Airport Guide - Istanbul International Airport (IST) - Turkey&#039;s new airport","og_description":"General Airport Information The&nbsp;Istanbul New Airport, Turkey\u2019s pride, welcomed its first passengers on October 29, 2018. It is a massive project that is set to be completed by 2028. Once all four phases of its construction are finished, the airport will have the capacity to cater to over 200 million passengers yearly, surpassing any other [&hellip;]","og_url":"https:\/\/istanbul-ist-international-airport.com\/es\/istanbul-airport-guide\/","og_site_name":"Istanbul International Airport (IST) - Turkey&#039;s new airport","article_modified_time":"2025-09-13T08:44:44+00:00","og_image":[{"width":2160,"height":825,"url":"https:\/\/istanbul-ist-international-airport.com\/wp-content\/uploads\/2025\/09\/guide.jpg","type":"image\/jpeg"}],"twitter_card":"summary_large_image","twitter_misc":{"Tiempo de lectura":"3 minutos"},"schema":{"@context":"https:\/\/schema.org","@graph":[{"@type":"WebPage","@id":"https:\/\/istanbul-ist-international-airport.com\/es\/istanbul-airport-guide\/","url":"https:\/\/istanbul-ist-international-airport.com\/es\/istanbul-airport-guide\/","name":"Gu\u00eda del Aeropuerto de Estambul - Aeropuerto Internacional de Estambul (IST) - El nuevo aeropuerto de Turqu\u00eda","isPartOf":{"@id":"https:\/\/istanbul-ist-international-airport.com\/es\/#website"},"primaryImageOfPage":{"@id":"https:\/\/istanbul-ist-international-airport.com\/es\/istanbul-airport-guide\/#primaryimage"},"image":{"@id":"https:\/\/istanbul-ist-international-airport.com\/es\/istanbul-airport-guide\/#primaryimage"},"thumbnailUrl":"https:\/\/istanbul-ist-international-airport.com\/wp-content\/uploads\/2025\/09\/guide.jpg","datePublished":"2025-09-10T14:15:17+00:00","dateModified":"2025-09-13T08:44:44+00:00","breadcrumb":{"@id":"https:\/\/istanbul-ist-international-airport.com\/es\/istanbul-airport-guide\/#breadcrumb"},"inLanguage":"es","potentialAction":[{"@type":"ReadAction","target":["https:\/\/istanbul-ist-international-airport.com\/es\/istanbul-airport-guide\/"]}]},{"@type":"ImageObject","inLanguage":"es","@id":"https:\/\/istanbul-ist-international-airport.com\/es\/istanbul-airport-guide\/#primaryimage","url":"https:\/\/istanbul-ist-international-airport.com\/wp-content\/uploads\/2025\/09\/guide.jpg","contentUrl":"https:\/\/istanbul-ist-international-airport.com\/wp-content\/uploads\/2025\/09\/guide.jpg","width":2160,"height":825},{"@type":"BreadcrumbList","@id":"https:\/\/istanbul-ist-international-airport.com\/es\/istanbul-airport-guide\/#breadcrumb","itemListElement":[{"@type":"ListItem","position":1,"name":"Home","item":"https:\/\/istanbul-ist-international-airport.com\/"},{"@type":"ListItem","position":2,"name":"Istanbul Airport Guide"}]},{"@type":"WebSite","@id":"https:\/\/istanbul-ist-international-airport.com\/es\/#website","url":"https:\/\/istanbul-ist-international-airport.com\/es\/","name":"Istanbul International Airport (IST) - Turkey&#039;s new airport","description":"Navigating Istanbul International Airport: A Traveler\u2019s Guide.","potentialAction":[{"@type":"SearchAction","target":{"@type":"EntryPoint","urlTemplate":"https:\/\/istanbul-ist-international-airport.com\/es\/?s={search_term_string}"},"query-input":{"@type":"PropertyValueSpecification","valueRequired":true,"valueName":"search_term_string"}}],"inLanguage":"es"}]}},"_links":{"self":[{"href":"https:\/\/istanbul-ist-international-airport.com\/es\/wp-json\/wp\/v2\/pages\/3417","targetHints":{"allow":["GET"]}}],"collection":[{"href":"https:\/\/istanbul-ist-international-airport.com\/es\/wp-json\/wp\/v2\/pages"}],"about":[{"href":"https:\/\/istanbul-ist-international-airport.com\/es\/wp-json\/wp\/v2\/types\/page"}],"author":[{"embeddable":true,"href":"https:\/\/istanbul-ist-international-airport.com\/es\/wp-json\/wp\/v2\/users\/1"}],"replies":[{"embeddable":true,"href":"https:\/\/istanbul-ist-international-airport.com\/es\/wp-json\/wp\/v2\/comments?post=3417"}],"version-history":[{"count":2,"href":"https:\/\/istanbul-ist-international-airport.com\/es\/wp-json\/wp\/v2\/pages\/3417\/revisions"}],"predecessor-version":[{"id":3678,"href":"https:\/\/istanbul-ist-international-airport.com\/es\/wp-json\/wp\/v2\/pages\/3417\/revisions\/3678"}],"wp:featuredmedia":[{"embeddable":true,"href":"https:\/\/istanbul-ist-international-airport.com\/es\/wp-json\/wp\/v2\/media\/3679"}],"wp:attachment":[{"href":"https:\/\/istanbul-ist-international-airport.com\/es\/wp-json\/wp\/v2\/media?parent=3417"}],"curies":[{"name":"wp","href":"https:\/\/api.w.org\/{rel}","templated":true}]}}