{"id":3455,"date":"2025-09-10T17:21:28","date_gmt":"2025-09-10T14:21:28","guid":{"rendered":"http:\/\/147.182.243.37\/?page_id=3455"},"modified":"2025-09-13T14:22:19","modified_gmt":"2025-09-13T11:22:19","slug":"istanbul-airport-taxis","status":"publish","type":"page","link":"https:\/\/istanbul-ist-international-airport.com\/es\/istanbul-airport-taxis\/","title":{"rendered":"Istanbul Airport Taxis"},"content":{"rendered":"<h2 itemprop=\"alternateName\" class=\"wp-block-heading\"><strong>\u00bfPor qu\u00e9 tomar un taxi en el aeropuerto de Estambul?<\/strong><\/h2>\n\n\n\n<p>Con un taxi del aeropuerto de Estambul, sin duda viajar\u00e1 con comodidad y estilo. Los taxis de Estambul se dividen en tres categor\u00edas: los taxis naranjas tipo \u201cC\u201d son veh\u00edculos peque\u00f1os y econ\u00f3micos (como Fiat Aegea, Renault Clio, etc.), mientras que los taxis azules tipo \u201cD\u201d son coches de valor medio, m\u00e1s c\u00f3modos (como Opel Insignia, etc.). Por \u00faltimo, los taxis negros tipo \u201cE\u201d son lujosos y ofrecen servicios de primera calidad. La tarifa de cada categor\u00eda se establece en consecuencia. Por lo tanto, si viaja con un presupuesto limitado, deber\u00eda tomar un taxi barato de color naranja, mientras que si el precio no es un problema, puede disfrutar de un traslado perfecto y elegante con los taxis negros, que son los m\u00e1s caros.<\/p>\n\n\n\n<h2 itemprop=\"alternateName\" class=\"wp-block-heading\"><strong>Tarifas y Precios de Taxis en el Aeropuerto de Estambul<\/strong><\/h2>\n\n\n\n<p>Los taxis del aeropuerto de Estambul tienen tax\u00edmetro y, por lo tanto, no hay precios fijos predeterminados para los viajes al centro de la ciudad. En cualquier caso, como&nbsp;<a href=\"https:\/\/istanbul-ist-international-airport.com\/\">Istanbul Airport<\/a>&nbsp;est\u00e1 ubicado en el distrito de Arnavutk\u00f6y, a una distancia de 40 km del \u00e1rea de Taksim, puede esperar llegar a su destino en aproximadamente 40 minutos y que se le cobre aproximadamente 17\u20ac\/16,90$ (310\u20ba). Ya no existen tarifas nocturnas separadas, pero debe tener en cuenta que el famoso tr\u00e1fico de Estambul puede aumentar dr\u00e1sticamente el precio final.<\/p>\n\n\n\n<p>Seleccionamos una de las mejores, m\u00e1s fiables y convenientes compa\u00f1\u00edas de taxis de 5 estrellas en el aeropuerto para tu traslado desde el aeropuerto de Estambul, bas\u00e1ndonos en las rese\u00f1as de los usuarios en varias plataformas como Google, Tripadvisor y Trustpilot. Welcome Pickups ofrece una gran experiencia y seguridad a sus viajeros.<\/p>\n\n\n\n<ul class=\"wp-block-list\">\n<li>Conductores locales de habla inglesa<\/li>\n\n\n\n<li>Tarifa plana, prepagada<\/li>\n\n\n\n<li>Monitorizaci\u00f3n de vuelos para retrasos<\/li>\n\n\n\n<li>Atenci\u00f3n al cliente 24\/7 + cancelaci\u00f3n gratuita<\/li>\n<\/ul>\n\n\n<section class=\"content_banner\" target=\"blank\" rel=\"nofollow\">\n  <a href=\"https:\/\/getexperience.com\/\" class=\"wrap\" style=\"background-image: url(;\">\n    <div class=\"meta\">\n      <b class=\"mini-title\">GetExperience.com<\/b>\n      <p>Mercado para tours, excursiones, deportes y entretenimiento para todos los gustos y a los mejores precios.<\/p>\n    <\/div>\n    <div class=\"bg\"><img decoding=\"async\" itemprop=\"image\" src=\"\/wp-content\/uploads\/2025\/09\/img_air-scaled.jpg)\" alt=\"GetExperience.com\"><\/div>\n  <\/a>\n<\/section>\n\n\n<h2 itemprop=\"alternateName\" class=\"wp-block-heading\"><strong>Tarifas de Taxi del Aeropuerto de Estambul a Destinos Populares<\/strong><\/h2>\n\n\n\n<p>Eche un vistazo a las tarifas de los taxis del aeropuerto de Estambul a los destinos m\u00e1s populares de la ciudad:<\/p>\n\n\n\n<figure class=\"wp-block-table\"><table class=\"has-fixed-layout\"><thead><tr><th>Opciones<\/th><th>Precio (\u20ac)<br><\/th><th>Precio ($)<br><\/th><th>Precio (\u20ba)<br><\/th><th>Duraci\u00f3n<\/th><\/tr><\/thead><tbody><tr><td>Centro de la ciudad<br><\/td><td>17<\/td><td>16.90<br><\/td><td>310<\/td><td>40 min<br><\/td><\/tr><tr><td>Sultanahmet<br><\/td><td>19.18<br><\/td><td>19.10<br><\/td><td>350<br><\/td><td>50 min<br><\/td><\/tr><tr><td>Levent<br><\/td><td>15.35<br><\/td><td>15.30<br><\/td><td>280<br><\/td><td>47 min<br><\/td><\/tr><tr><td>SAW<\/td><td>30.14<br><\/td><td>30<br><\/td><td>550<br><\/td><td>65 min<br><\/td><\/tr><tr><td>Kadikoy<br><\/td><td>23.84<br><\/td><td>23.80<br><\/td><td>435<br><\/td><td>70 min<br><\/td><\/tr><tr><td>Besiktas<br><\/td><td>17.81<br><\/td><td>17.70<br><\/td><td>325<br><\/td><td>36 min<br><\/td><\/tr><tr><td>Tuzla<br><\/td><td>34<\/td><td>33.90<br><\/td><td>620<br><\/td><td>53 min<br><\/td><\/tr><\/tbody><\/table><\/figure>\n\n\n\n<h2 itemprop=\"alternateName\" class=\"wp-block-heading\"><strong>\u00bfD\u00f3nde est\u00e1 la parada de taxis en el Aeropuerto de Estambul?<\/strong><\/h2>\n\n\n\n<p>Es extremadamente importante tomar su taxi del aeropuerto en la parada de taxis oficial para evitar estafas o cobros excesivos. En el aeropuerto de Estambul, encontrar\u00e1 los taxis del aeropuerto haciendo fila fuera de las \u00e1reas de Llegadas nacionales e internacionales, en la secci\u00f3n Plaza. Las paradas de taxis oficiales tambi\u00e9n se pueden encontrar en la planta de Salidas y en la planta de Otras Llegadas. Sin embargo, si ha reservado previamente su traslado en taxi, el lugar de recogida ser\u00e1 en la planta -2.&nbsp;<\/p>\n\n\n\n<h2 itemprop=\"alternateName\" class=\"wp-block-heading\"><strong>Taxi desde el aeropuerto de Estambul al hotel<\/strong><\/h2>\n\n\n\n<p>Si su hotel no ofrece servicio de recogida y traslado al aeropuerto y quiere evitar las molestias del transporte p\u00fablico, entonces los taxis del aeropuerto de Estambul son la elecci\u00f3n perfecta para su traslado a su hotel o alojamiento. Los taxis del aeropuerto est\u00e1n a su disposici\u00f3n sin importar el d\u00eda o la hora en que aterrice en el aeropuerto de Estambul, ofrecen servicios puerta a puerta desde el aeropuerto hasta el hotel y ofrecen viajes relajados y sin estr\u00e9s. Despu\u00e9s de un vuelo largo y agotador, \u00bfse le ocurre algo mejor?<\/p>\n\n\n\n<h2 itemprop=\"alternateName\" class=\"wp-block-heading\"><strong>Consejos para tomar un taxi en el Aeropuerto de Estambul<\/strong><\/h2>\n\n\n\n<ul class=\"wp-block-list\">\n<li>La mayor\u00eda de los taxistas de Estambul no aceptan tarjetas de cr\u00e9dito\/d\u00e9bito y, por lo tanto, deber\u00edas tener efectivo contigo.<\/li>\n\n\n\n<li>Se aconseja pagar en liras turcas (la moneda local) a pesar de poder pagar en euros\/d\u00f3lares, ya que el tipo de cambio no ser\u00e1 favorable.<\/li>\n\n\n\n<li>Deber\u00edas usar una aplicaci\u00f3n de navegaci\u00f3n durante tu traslado para asegurarte de que tu taxista ha elegido la ruta m\u00e1s r\u00e1pida.<\/li>\n\n\n\n<li>La tarifa del taxi se calcula mediante un tax\u00edmetro, por trayecto y no por persona.<\/li>\n\n\n\n<li>Comprueba siempre que el tax\u00edmetro est\u00e9 reiniciado y encendido al subirte al taxi.<\/li>\n\n\n\n<li>Siempre es buena idea tener la direcci\u00f3n de tu hotel escrita, ya que la mayor\u00eda de los taxistas turcos no hablan ingl\u00e9s.<\/li>\n\n\n\n<li>Si tiene prisa o si viaja con un presupuesto limitado, debe evitar tomar un taxi durante las horas pico (7:30 am \u2013 9:00 am y 5:00 pm \u2013 7:30 pm), ya que el tr\u00e1fico ser\u00e1 intenso.<\/li>\n\n\n\n<li>Nunca conf\u00edes en individuos que ofrecen servicios de taxi. Siempre y en cualquier caso, debes tomar tu taxi en la parada oficial.<\/li>\n\n\n\n<li>Dos de las aplicaciones de taxi m\u00e1s conocidas en Estambul son BiTaksi e iTaksi, en caso de que quieras reservar tu taxi con antelaci\u00f3n.<\/li>\n<\/ul>","protected":false},"excerpt":{"rendered":"<p>Why Take an Istanbul Airport Taxi With an Istanbul airport taxi, you will definitely travel in comfort and style. Istanbul taxis are divided into three categories: orange \u201cC\u201d type taxis are small, economical vehicles (like Fiat Aegea, Renault Clio, etc.)&nbsp;while blue \u201cD\u201d type taxis are medium-value, more comfortable cars (like&nbsp;Opel Insignia, etc). Lastly, the black [&hellip;]<\/p>","protected":false},"author":1,"featured_media":3740,"parent":0,"menu_order":0,"comment_status":"closed","ping_status":"closed","template":"home.php","meta":{"_acf_changed":false,"footnotes":""},"class_list":["post-3455","page","type-page","status-publish","has-post-thumbnail","hentry"],"acf":[],"yoast_head":"<!-- This site is optimized with the Yoast SEO plugin v27.5 - https:\/\/yoast.com\/product\/yoast-seo-wordpress\/ -->\n<title>Istanbul Airport Taxis - Istanbul International Airport (IST) - Turkey&#039;s new airport<\/title>\n<meta name=\"robots\" content=\"index, follow, max-snippet:-1, max-image-preview:large, max-video-preview:-1\" \/>\n<link rel=\"canonical\" href=\"https:\/\/istanbul-ist-international-airport.com\/es\/istanbul-airport-taxis\/\" \/>\n<meta property=\"og:locale\" content=\"es_ES\" \/>\n<meta property=\"og:type\" content=\"article\" \/>\n<meta property=\"og:title\" content=\"Istanbul Airport Taxis - Istanbul International Airport (IST) - Turkey&#039;s new airport\" \/>\n<meta property=\"og:description\" content=\"Why Take an Istanbul Airport Taxi With an Istanbul airport taxi, you will definitely travel in comfort and style. Istanbul taxis are divided into three categories: orange \u201cC\u201d type taxis are small, economical vehicles (like Fiat Aegea, Renault Clio, etc.)&nbsp;while blue \u201cD\u201d type taxis are medium-value, more comfortable cars (like&nbsp;Opel Insignia, etc). Lastly, the black [&hellip;]\" \/>\n<meta property=\"og:url\" content=\"https:\/\/istanbul-ist-international-airport.com\/es\/istanbul-airport-taxis\/\" \/>\n<meta property=\"og:site_name\" content=\"Istanbul International Airport (IST) - Turkey&#039;s new airport\" \/>\n<meta property=\"article:modified_time\" content=\"2025-09-13T11:22:19+00:00\" \/>\n<meta property=\"og:image\" content=\"https:\/\/istanbul-ist-international-airport.com\/wp-content\/uploads\/2025\/09\/istanbul-airport-taxis.jpg\" \/>\n\t<meta property=\"og:image:width\" content=\"2160\" \/>\n\t<meta property=\"og:image:height\" content=\"825\" \/>\n\t<meta property=\"og:image:type\" content=\"image\/jpeg\" \/>\n<meta name=\"twitter:card\" content=\"summary_large_image\" \/>\n<meta name=\"twitter:label1\" content=\"Tiempo de lectura\" \/>\n\t<meta name=\"twitter:data1\" content=\"4 minutos\" \/>\n<script type=\"application\/ld+json\" class=\"yoast-schema-graph\">{\"@context\":\"https:\\\/\\\/schema.org\",\"@graph\":[{\"@type\":\"WebPage\",\"@id\":\"https:\\\/\\\/istanbul-ist-international-airport.com\\\/es\\\/istanbul-airport-taxis\\\/\",\"url\":\"https:\\\/\\\/istanbul-ist-international-airport.com\\\/es\\\/istanbul-airport-taxis\\\/\",\"name\":\"Istanbul Airport Taxis - Istanbul International Airport (IST) - Turkey&#039;s new airport\",\"isPartOf\":{\"@id\":\"https:\\\/\\\/istanbul-ist-international-airport.com\\\/es\\\/#website\"},\"primaryImageOfPage\":{\"@id\":\"https:\\\/\\\/istanbul-ist-international-airport.com\\\/es\\\/istanbul-airport-taxis\\\/#primaryimage\"},\"image\":{\"@id\":\"https:\\\/\\\/istanbul-ist-international-airport.com\\\/es\\\/istanbul-airport-taxis\\\/#primaryimage\"},\"thumbnailUrl\":\"https:\\\/\\\/istanbul-ist-international-airport.com\\\/wp-content\\\/uploads\\\/2025\\\/09\\\/istanbul-airport-taxis.jpg\",\"datePublished\":\"2025-09-10T14:21:28+00:00\",\"dateModified\":\"2025-09-13T11:22:19+00:00\",\"breadcrumb\":{\"@id\":\"https:\\\/\\\/istanbul-ist-international-airport.com\\\/es\\\/istanbul-airport-taxis\\\/#breadcrumb\"},\"inLanguage\":\"es\",\"potentialAction\":[{\"@type\":\"ReadAction\",\"target\":[\"https:\\\/\\\/istanbul-ist-international-airport.com\\\/es\\\/istanbul-airport-taxis\\\/\"]}]},{\"@type\":\"ImageObject\",\"inLanguage\":\"es\",\"@id\":\"https:\\\/\\\/istanbul-ist-international-airport.com\\\/es\\\/istanbul-airport-taxis\\\/#primaryimage\",\"url\":\"https:\\\/\\\/istanbul-ist-international-airport.com\\\/wp-content\\\/uploads\\\/2025\\\/09\\\/istanbul-airport-taxis.jpg\",\"contentUrl\":\"https:\\\/\\\/istanbul-ist-international-airport.com\\\/wp-content\\\/uploads\\\/2025\\\/09\\\/istanbul-airport-taxis.jpg\",\"width\":2160,\"height\":825},{\"@type\":\"BreadcrumbList\",\"@id\":\"https:\\\/\\\/istanbul-ist-international-airport.com\\\/es\\\/istanbul-airport-taxis\\\/#breadcrumb\",\"itemListElement\":[{\"@type\":\"ListItem\",\"position\":1,\"name\":\"Home\",\"item\":\"https:\\\/\\\/istanbul-ist-international-airport.com\\\/\"},{\"@type\":\"ListItem\",\"position\":2,\"name\":\"Istanbul Airport Taxis\"}]},{\"@type\":\"WebSite\",\"@id\":\"https:\\\/\\\/istanbul-ist-international-airport.com\\\/es\\\/#website\",\"url\":\"https:\\\/\\\/istanbul-ist-international-airport.com\\\/es\\\/\",\"name\":\"Istanbul International Airport (IST) - Turkey&#039;s new airport\",\"description\":\"Navigating Istanbul International Airport: A Traveler\u2019s Guide.\",\"potentialAction\":[{\"@type\":\"SearchAction\",\"target\":{\"@type\":\"EntryPoint\",\"urlTemplate\":\"https:\\\/\\\/istanbul-ist-international-airport.com\\\/es\\\/?s={search_term_string}\"},\"query-input\":{\"@type\":\"PropertyValueSpecification\",\"valueRequired\":true,\"valueName\":\"search_term_string\"}}],\"inLanguage\":\"es\"}]}<\/script>\n<!-- \/ Yoast SEO plugin. -->","yoast_head_json":{"title":"Taxis del aeropuerto de Estambul - Aeropuerto Internacional de Estambul (IST) - El nuevo aeropuerto de Turqu\u00eda","robots":{"index":"index","follow":"follow","max-snippet":"max-snippet:-1","max-image-preview":"max-image-preview:large","max-video-preview":"max-video-preview:-1"},"canonical":"https:\/\/istanbul-ist-international-airport.com\/es\/istanbul-airport-taxis\/","og_locale":"es_ES","og_type":"article","og_title":"Istanbul Airport Taxis - Istanbul International Airport (IST) - Turkey&#039;s new airport","og_description":"Why Take an Istanbul Airport Taxi With an Istanbul airport taxi, you will definitely travel in comfort and style. Istanbul taxis are divided into three categories: orange \u201cC\u201d type taxis are small, economical vehicles (like Fiat Aegea, Renault Clio, etc.)&nbsp;while blue \u201cD\u201d type taxis are medium-value, more comfortable cars (like&nbsp;Opel Insignia, etc). Lastly, the black [&hellip;]","og_url":"https:\/\/istanbul-ist-international-airport.com\/es\/istanbul-airport-taxis\/","og_site_name":"Istanbul International Airport (IST) - Turkey&#039;s new airport","article_modified_time":"2025-09-13T11:22:19+00:00","og_image":[{"width":2160,"height":825,"url":"https:\/\/istanbul-ist-international-airport.com\/wp-content\/uploads\/2025\/09\/istanbul-airport-taxis.jpg","type":"image\/jpeg"}],"twitter_card":"summary_large_image","twitter_misc":{"Tiempo de lectura":"4 minutos"},"schema":{"@context":"https:\/\/schema.org","@graph":[{"@type":"WebPage","@id":"https:\/\/istanbul-ist-international-airport.com\/es\/istanbul-airport-taxis\/","url":"https:\/\/istanbul-ist-international-airport.com\/es\/istanbul-airport-taxis\/","name":"Taxis del aeropuerto de Estambul - Aeropuerto Internacional de Estambul (IST) - El nuevo aeropuerto de Turqu\u00eda","isPartOf":{"@id":"https:\/\/istanbul-ist-international-airport.com\/es\/#website"},"primaryImageOfPage":{"@id":"https:\/\/istanbul-ist-international-airport.com\/es\/istanbul-airport-taxis\/#primaryimage"},"image":{"@id":"https:\/\/istanbul-ist-international-airport.com\/es\/istanbul-airport-taxis\/#primaryimage"},"thumbnailUrl":"https:\/\/istanbul-ist-international-airport.com\/wp-content\/uploads\/2025\/09\/istanbul-airport-taxis.jpg","datePublished":"2025-09-10T14:21:28+00:00","dateModified":"2025-09-13T11:22:19+00:00","breadcrumb":{"@id":"https:\/\/istanbul-ist-international-airport.com\/es\/istanbul-airport-taxis\/#breadcrumb"},"inLanguage":"es","potentialAction":[{"@type":"ReadAction","target":["https:\/\/istanbul-ist-international-airport.com\/es\/istanbul-airport-taxis\/"]}]},{"@type":"ImageObject","inLanguage":"es","@id":"https:\/\/istanbul-ist-international-airport.com\/es\/istanbul-airport-taxis\/#primaryimage","url":"https:\/\/istanbul-ist-international-airport.com\/wp-content\/uploads\/2025\/09\/istanbul-airport-taxis.jpg","contentUrl":"https:\/\/istanbul-ist-international-airport.com\/wp-content\/uploads\/2025\/09\/istanbul-airport-taxis.jpg","width":2160,"height":825},{"@type":"BreadcrumbList","@id":"https:\/\/istanbul-ist-international-airport.com\/es\/istanbul-airport-taxis\/#breadcrumb","itemListElement":[{"@type":"ListItem","position":1,"name":"Home","item":"https:\/\/istanbul-ist-international-airport.com\/"},{"@type":"ListItem","position":2,"name":"Istanbul Airport Taxis"}]},{"@type":"WebSite","@id":"https:\/\/istanbul-ist-international-airport.com\/es\/#website","url":"https:\/\/istanbul-ist-international-airport.com\/es\/","name":"Istanbul International Airport (IST) - Turkey&#039;s new airport","description":"Navigating Istanbul International Airport: A Traveler\u2019s Guide.","potentialAction":[{"@type":"SearchAction","target":{"@type":"EntryPoint","urlTemplate":"https:\/\/istanbul-ist-international-airport.com\/es\/?s={search_term_string}"},"query-input":{"@type":"PropertyValueSpecification","valueRequired":true,"valueName":"search_term_string"}}],"inLanguage":"es"}]}},"_links":{"self":[{"href":"https:\/\/istanbul-ist-international-airport.com\/es\/wp-json\/wp\/v2\/pages\/3455","targetHints":{"allow":["GET"]}}],"collection":[{"href":"https:\/\/istanbul-ist-international-airport.com\/es\/wp-json\/wp\/v2\/pages"}],"about":[{"href":"https:\/\/istanbul-ist-international-airport.com\/es\/wp-json\/wp\/v2\/types\/page"}],"author":[{"embeddable":true,"href":"https:\/\/istanbul-ist-international-airport.com\/es\/wp-json\/wp\/v2\/users\/1"}],"replies":[{"embeddable":true,"href":"https:\/\/istanbul-ist-international-airport.com\/es\/wp-json\/wp\/v2\/comments?post=3455"}],"version-history":[{"count":2,"href":"https:\/\/istanbul-ist-international-airport.com\/es\/wp-json\/wp\/v2\/pages\/3455\/revisions"}],"predecessor-version":[{"id":3742,"href":"https:\/\/istanbul-ist-international-airport.com\/es\/wp-json\/wp\/v2\/pages\/3455\/revisions\/3742"}],"wp:featuredmedia":[{"embeddable":true,"href":"https:\/\/istanbul-ist-international-airport.com\/es\/wp-json\/wp\/v2\/media\/3740"}],"wp:attachment":[{"href":"https:\/\/istanbul-ist-international-airport.com\/es\/wp-json\/wp\/v2\/media?parent=3455"}],"curies":[{"name":"wp","href":"https:\/\/api.w.org\/{rel}","templated":true}]}}