{"id":3467,"date":"2025-09-10T17:22:33","date_gmt":"2025-09-10T14:22:33","guid":{"rendered":"http:\/\/147.182.243.37\/?page_id=3467"},"modified":"2025-09-13T14:36:46","modified_gmt":"2025-09-13T11:36:46","slug":"istanbul-airport-terminal","status":"publish","type":"page","link":"https:\/\/istanbul-ist-international-airport.com\/es\/istanbul-airport-terminal\/","title":{"rendered":"Istanbul Airport Terminal"},"content":{"rendered":"<h2 itemprop=\"alternateName\" class=\"wp-block-heading\"><strong>Descripci\u00f3n general de la terminal del Nuevo Aeropuerto de Estambul<\/strong><\/h2>\n\n\n\n<p>Lo inmenso&nbsp;<a href=\"https:\/\/istanbul-ist-international-airport.com\/\">Istanbul airport<\/a>&nbsp;La terminal se extiende sobre una vasta \u00e1rea de 1.440.000 metros cuadrados y es reconocida como el edificio terminal m\u00e1s grande del mundo, todo bajo un mismo techo. Con su dise\u00f1o de vanguardia, la nueva terminal est\u00e1 separada en una zona de salidas y una zona de llegadas. Para garantizar la facilidad de acceso a quienes llegan en coche, los aparcamientos turquesa y verde est\u00e1n destinados a vuelos dom\u00e9sticos, mientras que las zonas de aparcamiento amarilla, roja y azul atienden a los vuelos internacionales.<\/p>\n\n\n\n<p>Los pasajeros pueden acceder al nivel de salidas a trav\u00e9s de siete puertas diferentes. Generalmente, las puertas 1 y 2 son m\u00e1s convenientes para vuelos nacionales, mientras que las puertas restantes conducen a los mostradores de facturaci\u00f3n internacional. Los viajeros nacionales deben dirigirse a los mostradores de facturaci\u00f3n D y E, que incluyen opciones de autoservicio, y luego continuar al \u00e1rea de control de pasaportes ubicada cerca del pasillo D. Por otro lado, los pasajeros que vuelan al extranjero deber\u00e1n dirigirse a los pasillos E (que cuenta con un mostrador de facturaci\u00f3n de autoservicio), F, G, H y J, con el \u00e1rea de control de pasaportes correspondiente situada justo enfrente de estos pasillos. Es importante tener en cuenta que la entrada 5 es exclusivamente para pasajeros de clase ejecutiva y miembros de Miles &amp; More que vayan a embarcar en un vuelo internacional.<\/p>\n\n\n\n<p>Adem\u00e1s, se han designado mostradores de facturaci\u00f3n espec\u00edficos para categor\u00edas especiales de pasajeros. Los grupos grandes de viaje y las personas con necesidades especiales son atendidos en el pasillo G, mientras que el pasillo K est\u00e1 dedicado a familias. Los viajeros procedentes de EE. UU., Reino Unido y Canad\u00e1 deben pasar por el mostrador de facturaci\u00f3n K, mientras que los miembros Star Alliance Gold y los pasajeros de clase business de Turkish Airlines deben dirigirse al pasillo L.<\/p>\n\n\n\n<p>Por \u00faltimo, la nueva terminal de Estambul cuenta con cinco muelles. Los muelles A, B, D y F est\u00e1n asignados a puertas de embarque internacionales, mientras que el muelle G y tres \u00e1reas de embarque en el muelle F atienden vuelos dom\u00e9sticos.<\/p>\n\n\n\n<p>Cabe destacar que, si bien el aeropuerto de Estambul actualmente solo tiene un edificio terminal, para 2025, cuando su construcci\u00f3n est\u00e9 completamente terminada, el nuevo centro de aviaci\u00f3n contar\u00e1 con cuatro terminales interconectadas, con un sistema ferroviario que facilitar\u00e1 el movimiento conveniente entre ellas.<\/p>\n\n\n\n<h2 itemprop=\"alternateName\" class=\"wp-block-heading\"><strong>La Excepcional Nueva Terminal del Aeropuerto de Estambul<\/strong><\/h2>\n\n\n\n<p>La nueva terminal del aeropuerto representa una fusi\u00f3n notable de arquitectura contempor\u00e1nea con la historia y cultura nacionales. Su gran tama\u00f1o capta inmediatamente la atenci\u00f3n, exudando una asombrosa sensaci\u00f3n de magnificencia. Adem\u00e1s, los vastos techos, los amplios ventanales y las claraboyas crean un ambiente estimulante y animado. En particular, la terminal incorpora un dise\u00f1o inteligente que acent\u00faa las zonas vitales, como las \u00e1reas de facturaci\u00f3n, con una iluminaci\u00f3n mejorada, enfatizando sutilmente su importancia. Adem\u00e1s de sus elementos modernos, la terminal rinde homenaje a la historia y la religi\u00f3n, evidente a trav\u00e9s de sus arcos y curvas de inspiraci\u00f3n isl\u00e1mica que recuerdan a las mezquitas, as\u00ed como el cautivador parecido del vest\u00edbulo principal al famoso estrecho del B\u00f3sforo.<\/p>\n\n\n\n<p>Sin embargo, la verdadera pi\u00e8ce de r\u00e9sistance del aeropuerto reside en su ic\u00f3nica torre de control de tr\u00e1fico a\u00e9reo, que ha cosechado innumerables premios y galardones. Con una impresionante altura de 90 metros, la torre guarda un sorprendente parecido con el tulip\u00e1n, un s\u00edmbolo profundamente arraigado en el patrimonio hist\u00f3rico de Estambul.<\/p>\n\n\n\n<h2 itemprop=\"alternateName\" class=\"wp-block-heading\"><strong>El principal inconveniente de la terminal del aeropuerto de Estambul<\/strong><\/h2>\n\n\n\n<p>Si bien el nuevo aeropuerto de Estambul presume de un entorno impresionante y tecnol\u00f3gicamente avanzado, tiene un inconveniente notable. A pesar de su divisi\u00f3n en cinco terminales independientes, solo hay un \u00e1rea de seguridad aeroportuaria para vuelos nacionales y otra para pasajeros internacionales. Esto, combinado con la ausencia de un sistema de tr\u00e1nsito interno como autobuses o trenes de enlace, intensifica el riesgo de posibles retrasos en los vuelos. Adem\u00e1s, las cintas transportadoras existentes no se adaptan adecuadamente a la considerable distancia a pie entre las puertas, as\u00ed como desde la zona central de la terminal hasta cada muelle, lo que en \u00faltima instancia hace que los traslados internos sean lentos y arduos.<\/p>\n\n\n\n<p>En consecuencia, se aconseja a los pasajeros que lleguen al Aeropuerto Internacional de Estambul al menos 2.5 a 3 horas antes de la hora programada de sus vuelos para garantizar un viaje sin estr\u00e9s a sus respectivas puertas de embarque.<\/p>","protected":false},"excerpt":{"rendered":"<p>An Overview of the Terminal at New Istanbul Aiport The immense&nbsp;Istanbul airport&nbsp;terminal stretches across a vast 1,440,000 square meter area and is renowned as the largest terminal building in the world, all under one roof. With its state-of-the-art design, the brand-new terminal is separated into a departure area and an arrival zone. To ensure ease [&hellip;]<\/p>","protected":false},"author":1,"featured_media":3757,"parent":0,"menu_order":0,"comment_status":"closed","ping_status":"closed","template":"home.php","meta":{"_acf_changed":false,"footnotes":""},"class_list":["post-3467","page","type-page","status-publish","has-post-thumbnail","hentry"],"acf":[],"yoast_head":"<!-- This site is optimized with the Yoast SEO plugin v27.5 - https:\/\/yoast.com\/product\/yoast-seo-wordpress\/ -->\n<title>Istanbul Airport Terminal - Istanbul International Airport (IST) - Turkey&#039;s new airport<\/title>\n<meta name=\"robots\" content=\"index, follow, max-snippet:-1, max-image-preview:large, max-video-preview:-1\" \/>\n<link rel=\"canonical\" href=\"https:\/\/istanbul-ist-international-airport.com\/es\/istanbul-airport-terminal\/\" \/>\n<meta property=\"og:locale\" content=\"es_ES\" \/>\n<meta property=\"og:type\" content=\"article\" \/>\n<meta property=\"og:title\" content=\"Istanbul Airport Terminal - Istanbul International Airport (IST) - Turkey&#039;s new airport\" \/>\n<meta property=\"og:description\" content=\"An Overview of the Terminal at New Istanbul Aiport The immense&nbsp;Istanbul airport&nbsp;terminal stretches across a vast 1,440,000 square meter area and is renowned as the largest terminal building in the world, all under one roof. With its state-of-the-art design, the brand-new terminal is separated into a departure area and an arrival zone. To ensure ease [&hellip;]\" \/>\n<meta property=\"og:url\" content=\"https:\/\/istanbul-ist-international-airport.com\/es\/istanbul-airport-terminal\/\" \/>\n<meta property=\"og:site_name\" content=\"Istanbul International Airport (IST) - Turkey&#039;s new airport\" \/>\n<meta property=\"article:modified_time\" content=\"2025-09-13T11:36:46+00:00\" \/>\n<meta property=\"og:image\" content=\"https:\/\/istanbul-ist-international-airport.com\/wp-content\/uploads\/2025\/09\/ist_1.jpg\" \/>\n\t<meta property=\"og:image:width\" content=\"2160\" \/>\n\t<meta property=\"og:image:height\" content=\"825\" \/>\n\t<meta property=\"og:image:type\" content=\"image\/jpeg\" \/>\n<meta name=\"twitter:card\" content=\"summary_large_image\" \/>\n<meta name=\"twitter:label1\" content=\"Tiempo de lectura\" \/>\n\t<meta name=\"twitter:data1\" content=\"3 minutos\" \/>\n<script type=\"application\/ld+json\" class=\"yoast-schema-graph\">{\"@context\":\"https:\\\/\\\/schema.org\",\"@graph\":[{\"@type\":\"WebPage\",\"@id\":\"https:\\\/\\\/istanbul-ist-international-airport.com\\\/es\\\/istanbul-airport-terminal\\\/\",\"url\":\"https:\\\/\\\/istanbul-ist-international-airport.com\\\/es\\\/istanbul-airport-terminal\\\/\",\"name\":\"Istanbul Airport Terminal - Istanbul International Airport (IST) - Turkey&#039;s new airport\",\"isPartOf\":{\"@id\":\"https:\\\/\\\/istanbul-ist-international-airport.com\\\/es\\\/#website\"},\"primaryImageOfPage\":{\"@id\":\"https:\\\/\\\/istanbul-ist-international-airport.com\\\/es\\\/istanbul-airport-terminal\\\/#primaryimage\"},\"image\":{\"@id\":\"https:\\\/\\\/istanbul-ist-international-airport.com\\\/es\\\/istanbul-airport-terminal\\\/#primaryimage\"},\"thumbnailUrl\":\"https:\\\/\\\/istanbul-ist-international-airport.com\\\/wp-content\\\/uploads\\\/2025\\\/09\\\/ist_1.jpg\",\"datePublished\":\"2025-09-10T14:22:33+00:00\",\"dateModified\":\"2025-09-13T11:36:46+00:00\",\"breadcrumb\":{\"@id\":\"https:\\\/\\\/istanbul-ist-international-airport.com\\\/es\\\/istanbul-airport-terminal\\\/#breadcrumb\"},\"inLanguage\":\"es\",\"potentialAction\":[{\"@type\":\"ReadAction\",\"target\":[\"https:\\\/\\\/istanbul-ist-international-airport.com\\\/es\\\/istanbul-airport-terminal\\\/\"]}]},{\"@type\":\"ImageObject\",\"inLanguage\":\"es\",\"@id\":\"https:\\\/\\\/istanbul-ist-international-airport.com\\\/es\\\/istanbul-airport-terminal\\\/#primaryimage\",\"url\":\"https:\\\/\\\/istanbul-ist-international-airport.com\\\/wp-content\\\/uploads\\\/2025\\\/09\\\/ist_1.jpg\",\"contentUrl\":\"https:\\\/\\\/istanbul-ist-international-airport.com\\\/wp-content\\\/uploads\\\/2025\\\/09\\\/ist_1.jpg\",\"width\":2160,\"height\":825},{\"@type\":\"BreadcrumbList\",\"@id\":\"https:\\\/\\\/istanbul-ist-international-airport.com\\\/es\\\/istanbul-airport-terminal\\\/#breadcrumb\",\"itemListElement\":[{\"@type\":\"ListItem\",\"position\":1,\"name\":\"Home\",\"item\":\"https:\\\/\\\/istanbul-ist-international-airport.com\\\/\"},{\"@type\":\"ListItem\",\"position\":2,\"name\":\"Istanbul Airport Terminal\"}]},{\"@type\":\"WebSite\",\"@id\":\"https:\\\/\\\/istanbul-ist-international-airport.com\\\/es\\\/#website\",\"url\":\"https:\\\/\\\/istanbul-ist-international-airport.com\\\/es\\\/\",\"name\":\"Istanbul International Airport (IST) - Turkey&#039;s new airport\",\"description\":\"Navigating Istanbul International Airport: A Traveler\u2019s Guide.\",\"potentialAction\":[{\"@type\":\"SearchAction\",\"target\":{\"@type\":\"EntryPoint\",\"urlTemplate\":\"https:\\\/\\\/istanbul-ist-international-airport.com\\\/es\\\/?s={search_term_string}\"},\"query-input\":{\"@type\":\"PropertyValueSpecification\",\"valueRequired\":true,\"valueName\":\"search_term_string\"}}],\"inLanguage\":\"es\"}]}<\/script>\n<!-- \/ Yoast SEO plugin. -->","yoast_head_json":{"title":"Terminal del Aeropuerto de Estambul - Aeropuerto Internacional de Estambul (IST) - El nuevo aeropuerto de Turqu\u00eda","robots":{"index":"index","follow":"follow","max-snippet":"max-snippet:-1","max-image-preview":"max-image-preview:large","max-video-preview":"max-video-preview:-1"},"canonical":"https:\/\/istanbul-ist-international-airport.com\/es\/istanbul-airport-terminal\/","og_locale":"es_ES","og_type":"article","og_title":"Istanbul Airport Terminal - Istanbul International Airport (IST) - Turkey&#039;s new airport","og_description":"An Overview of the Terminal at New Istanbul Aiport The immense&nbsp;Istanbul airport&nbsp;terminal stretches across a vast 1,440,000 square meter area and is renowned as the largest terminal building in the world, all under one roof. With its state-of-the-art design, the brand-new terminal is separated into a departure area and an arrival zone. To ensure ease [&hellip;]","og_url":"https:\/\/istanbul-ist-international-airport.com\/es\/istanbul-airport-terminal\/","og_site_name":"Istanbul International Airport (IST) - Turkey&#039;s new airport","article_modified_time":"2025-09-13T11:36:46+00:00","og_image":[{"width":2160,"height":825,"url":"https:\/\/istanbul-ist-international-airport.com\/wp-content\/uploads\/2025\/09\/ist_1.jpg","type":"image\/jpeg"}],"twitter_card":"summary_large_image","twitter_misc":{"Tiempo de lectura":"3 minutos"},"schema":{"@context":"https:\/\/schema.org","@graph":[{"@type":"WebPage","@id":"https:\/\/istanbul-ist-international-airport.com\/es\/istanbul-airport-terminal\/","url":"https:\/\/istanbul-ist-international-airport.com\/es\/istanbul-airport-terminal\/","name":"Terminal del Aeropuerto de Estambul - Aeropuerto Internacional de Estambul (IST) - El nuevo aeropuerto de Turqu\u00eda","isPartOf":{"@id":"https:\/\/istanbul-ist-international-airport.com\/es\/#website"},"primaryImageOfPage":{"@id":"https:\/\/istanbul-ist-international-airport.com\/es\/istanbul-airport-terminal\/#primaryimage"},"image":{"@id":"https:\/\/istanbul-ist-international-airport.com\/es\/istanbul-airport-terminal\/#primaryimage"},"thumbnailUrl":"https:\/\/istanbul-ist-international-airport.com\/wp-content\/uploads\/2025\/09\/ist_1.jpg","datePublished":"2025-09-10T14:22:33+00:00","dateModified":"2025-09-13T11:36:46+00:00","breadcrumb":{"@id":"https:\/\/istanbul-ist-international-airport.com\/es\/istanbul-airport-terminal\/#breadcrumb"},"inLanguage":"es","potentialAction":[{"@type":"ReadAction","target":["https:\/\/istanbul-ist-international-airport.com\/es\/istanbul-airport-terminal\/"]}]},{"@type":"ImageObject","inLanguage":"es","@id":"https:\/\/istanbul-ist-international-airport.com\/es\/istanbul-airport-terminal\/#primaryimage","url":"https:\/\/istanbul-ist-international-airport.com\/wp-content\/uploads\/2025\/09\/ist_1.jpg","contentUrl":"https:\/\/istanbul-ist-international-airport.com\/wp-content\/uploads\/2025\/09\/ist_1.jpg","width":2160,"height":825},{"@type":"BreadcrumbList","@id":"https:\/\/istanbul-ist-international-airport.com\/es\/istanbul-airport-terminal\/#breadcrumb","itemListElement":[{"@type":"ListItem","position":1,"name":"Home","item":"https:\/\/istanbul-ist-international-airport.com\/"},{"@type":"ListItem","position":2,"name":"Istanbul Airport Terminal"}]},{"@type":"WebSite","@id":"https:\/\/istanbul-ist-international-airport.com\/es\/#website","url":"https:\/\/istanbul-ist-international-airport.com\/es\/","name":"Istanbul International Airport (IST) - Turkey&#039;s new airport","description":"Navigating Istanbul International Airport: A Traveler\u2019s Guide.","potentialAction":[{"@type":"SearchAction","target":{"@type":"EntryPoint","urlTemplate":"https:\/\/istanbul-ist-international-airport.com\/es\/?s={search_term_string}"},"query-input":{"@type":"PropertyValueSpecification","valueRequired":true,"valueName":"search_term_string"}}],"inLanguage":"es"}]}},"_links":{"self":[{"href":"https:\/\/istanbul-ist-international-airport.com\/es\/wp-json\/wp\/v2\/pages\/3467","targetHints":{"allow":["GET"]}}],"collection":[{"href":"https:\/\/istanbul-ist-international-airport.com\/es\/wp-json\/wp\/v2\/pages"}],"about":[{"href":"https:\/\/istanbul-ist-international-airport.com\/es\/wp-json\/wp\/v2\/types\/page"}],"author":[{"embeddable":true,"href":"https:\/\/istanbul-ist-international-airport.com\/es\/wp-json\/wp\/v2\/users\/1"}],"replies":[{"embeddable":true,"href":"https:\/\/istanbul-ist-international-airport.com\/es\/wp-json\/wp\/v2\/comments?post=3467"}],"version-history":[{"count":2,"href":"https:\/\/istanbul-ist-international-airport.com\/es\/wp-json\/wp\/v2\/pages\/3467\/revisions"}],"predecessor-version":[{"id":3759,"href":"https:\/\/istanbul-ist-international-airport.com\/es\/wp-json\/wp\/v2\/pages\/3467\/revisions\/3759"}],"wp:featuredmedia":[{"embeddable":true,"href":"https:\/\/istanbul-ist-international-airport.com\/es\/wp-json\/wp\/v2\/media\/3757"}],"wp:attachment":[{"href":"https:\/\/istanbul-ist-international-airport.com\/es\/wp-json\/wp\/v2\/media?parent=3467"}],"curies":[{"name":"wp","href":"https:\/\/api.w.org\/{rel}","templated":true}]}}