{"id":3471,"date":"2025-09-10T17:22:57","date_gmt":"2025-09-10T14:22:57","guid":{"rendered":"http:\/\/147.182.243.37\/?page_id=3471"},"modified":"2025-09-13T14:44:53","modified_gmt":"2025-09-13T11:44:53","slug":"istanbul-visa","status":"publish","type":"page","link":"https:\/\/istanbul-ist-international-airport.com\/es\/istanbul-visa\/","title":{"rendered":"Informaci\u00f3n para extranjeros que visitan el Aeropuerto de Estambul"},"content":{"rendered":"<h2 itemprop=\"alternateName\" class=\"wp-block-heading\"><strong>Los Requisitos Principales para Obtener una Visa en Turqu\u00eda<\/strong><\/h2>\n\n\n\n<p>Turqu\u00eda es un pa\u00eds maravilloso que merece la pena visitar sin duda. Adem\u00e1s, como Estambul proporciona el centro de transporte m\u00e1s concurrido de la regi\u00f3n, millones de personas vuelan diariamente a IGA, y muchas de ellas quieren visitar Turqu\u00eda. Este art\u00edculo est\u00e1 dedicado al factor m\u00e1s cr\u00edtico para una visita exitosa a Turqu\u00eda. Es decir, vamos a hablar de los requisitos de visado proporcionados por el gobierno turco para los extranjeros que llegan a Turqu\u00eda con diversos fines, desde el turismo hasta las pr\u00e1cticas o el permiso de trabajo.<br>Lo primero que hay que tener en cuenta es que Turqu\u00eda ofrece varios tipos de permisos para extranjeros, entre ellos los siguientes:<\/p>\n\n\n\n<ul class=\"wp-block-list\">\n<li>Visa de turista<\/li>\n\n\n\n<li>Visado de tr\u00e1nsito simple\/doble<\/li>\n\n\n\n<li>Visa de negocios\/comercio<\/li>\n\n\n\n<li>Visado para conferencia\/reuni\u00f3n\/feria\/exposici\u00f3n<\/li>\n\n\n\n<li>Visado para actividades deportivas\/culturales<\/li>\n\n\n\n<li>Visita oficial<\/li>\n\n\n\n<li>Visados de pr\u00e1cticas de varios tipos<\/li>\n\n\n\n<li>Visados de trabajo<\/li>\n\n\n\n<li>Visa de reunificaci\u00f3n familiar<\/li>\n\n\n\n<li>Visado de tratamiento m\u00e9dico<\/li>\n\n\n\n<li>Visados especiales para arque\u00f3logos, operadores tur\u00edsticos, gente de mar, etc.<\/li>\n<\/ul>\n\n\n\n<p>Los m\u00e1s populares son los visados de turista y de negocios. Debido a la demanda, el Gobierno turco permite solicitar una visa electr\u00f3nica especial si una persona desea visitar Turqu\u00eda con fines tur\u00edsticos o de negocios.<br>Tenga en cuenta: todos los dem\u00e1s tipos de visados requieren su solicitud directa en la Representaci\u00f3n Turca en el extranjero.<\/p>\n\n\n\n<h2 itemprop=\"alternateName\" class=\"wp-block-heading\"><strong>\u00bfQu\u00e9 es el servicio de visa electr\u00f3nica y c\u00f3mo solicitarla?<\/strong><\/h2>\n\n\n\n<p>El 17 de abril de 2013, se lanz\u00f3 el servicio de E-Visa en Turqu\u00eda para ayudar a los extranjeros a obtener visados con facilidad. Debido al formato electr\u00f3nico, este servicio proporciona un proceso de solicitud simplificado y se tarda de media unos 3 minutos en solicitar un visado turco.<\/p>\n\n\n\n<h3 itemprop=\"alternateName\" class=\"wp-block-heading\"><strong>\u00bfD\u00f3nde puedo solicitar la visa electr\u00f3nica?<\/strong><\/h3>\n\n\n\n<p>Puede obtener su visa electr\u00f3nica en cualquier lugar y en cualquier momento. Todo lo que necesita es una conexi\u00f3n a Internet estable para ingresar al servicio y completar el formulario de solicitud. Por favor, entre en el sitio web oficial y siga sus instrucciones para solicitar una visa electr\u00f3nica.<\/p>\n\n\n\n<h3 itemprop=\"alternateName\" class=\"wp-block-heading\"><strong>\u00bfPuedo obtener una visa turca en el aeropuerto a mi llegada?<\/strong><\/h3>\n\n\n\n<p>S\u00ed, esta opci\u00f3n tambi\u00e9n est\u00e1 disponible para turistas y visitantes de negocios. Puede solicitar una visa turca al momento de su llegada a&nbsp;<a href=\"https:\/\/istanbul-ist-international-airport.com\/\">el aeropuerto<\/a>. Tenga en cuenta que las tarifas de visado en el aeropuerto son m\u00e1s elevadas que si solicita una visa electr\u00f3nica.<\/p>\n\n\n\n<h3 itemprop=\"alternateName\" class=\"wp-block-heading\"><strong>\u00bfQu\u00e9 pa\u00edses est\u00e1n exentos de la solicitud obligatoria de visa?<\/strong><\/h3>\n\n\n\n<p>Turqu\u00eda ofrece una pol\u00edtica flexible para los permisos de entrada. Por lo tanto, los ciudadanos de muchos pa\u00edses no necesitan obtener visas turcas si vienen con fines tur\u00edsticos o de negocios. Estas reglas, en particular, funcionan para los pa\u00edses que son estados miembros del Consejo de Europa, Albania, Andorra, Argentina, Austria, Azerbaiy\u00e1n, Bielorrusia, B\u00e9lgica, Belice, Bolivia, Brasil, Brunei, Bulgaria, Burkina Faso, Camboya, Canad\u00e1, Chile, Colombia, Croacia, Rep\u00fablica Checa, Egipto y m\u00e1s de 50 pa\u00edses. Puede consultar los requisitos de visa para su pa\u00eds en este sitio web. Adem\u00e1s, varios pa\u00edses han concluido acuerdos con Turqu\u00eda para permitir que sus ciudadanos viajen a Turqu\u00eda solo con sus documentos de identidad nacionales en lugar de pasaportes internacionales.<\/p>\n\n\n\n<h2 itemprop=\"alternateName\" class=\"wp-block-heading\"><strong>T\u00e9rminos y condiciones principales para solicitar una visa antes de visitar Turqu\u00eda<\/strong><\/h2>\n\n\n\n<p>No existen condiciones especiales para una visa en Turqu\u00eda si es una visa de turista o de negocios. Simplemente se obtiene acceso al pa\u00eds por 90 d\u00edas con un intervalo de 180 d\u00edas despu\u00e9s de finalizar este plazo.<br>Sin embargo, hay algunas peculiaridades que considerar:<\/p>\n\n\n\n<ul class=\"wp-block-list\">\n<li>Si viaja a Turqu\u00eda y tiene la intenci\u00f3n de residir all\u00ed, incluso con su visa de turista, por favor, no olvide registrarse en la estaci\u00f3n de polic\u00eda m\u00e1s cercana a su residencia.<\/li>\n\n\n\n<li>No olvide la validez del pasaporte. Al solicitar un visado, su pasaporte debe tener una validez de al menos 6 meses. Se except\u00faan los ciudadanos de Alemania, B\u00e9lgica, Francia, Espa\u00f1a, Suiza, Luxemburgo, Portugal y Bulgaria, cuyos pasaportes caducados siguen siendo v\u00e1lidos en Turqu\u00eda durante 5 a\u00f1os.<\/li>\n\n\n\n<li>Si tiene 2 pasaportes, no est\u00e1 permitido permanecer en Turqu\u00eda durante 90 d\u00edas por cada visa de pasaporte. Solo puede usar uno de ellos.<\/li>\n\n\n\n<li>No olvide el seguro m\u00e9dico, ya que es imprescindible para todos los visitantes a Turqu\u00eda.<\/li>\n<\/ul>\n\n\n\n<h2 itemprop=\"alternateName\" class=\"wp-block-heading\"><strong>Documentos que debe preparar para solicitar una visa para Turqu\u00eda<\/strong><\/h2>\n\n\n\n<p>Todo lo que necesita para obtener la visa es su pasaporte o documento de identidad v\u00e1lido. Adem\u00e1s, si solicita una visa electr\u00f3nica, es posible que se requiera su tarjeta de cr\u00e9dito para pagar la tarifa. Recibe la confirmaci\u00f3n de su visa por correo electr\u00f3nico en caso de que solicite una visa electr\u00f3nica, u obtiene un sello\/adhesivo de visa en el aeropuerto o de los representantes turcos en el extranjero.<\/p>","protected":false},"excerpt":{"rendered":"<p>The Main Requirements for Obtaining Visa in Turkey Turkey is a wonderful country worth visiting with no doubt. Moreover, as Istanbul provides the busiest transportation hub in the region, millions of people fly daily to IGA, and lots of them want to visit Turkey. This article is devoted to the most critical factor for a [&hellip;]<\/p>","protected":false},"author":1,"featured_media":3652,"parent":0,"menu_order":0,"comment_status":"closed","ping_status":"closed","template":"home.php","meta":{"_acf_changed":false,"footnotes":""},"class_list":["post-3471","page","type-page","status-publish","has-post-thumbnail","hentry"],"acf":[],"yoast_head":"<!-- This site is optimized with the Yoast SEO plugin v27.4 - https:\/\/yoast.com\/product\/yoast-seo-wordpress\/ -->\n<title>Information for Foreigners Visiting Istanbul Airport - Istanbul International Airport (IST) - Turkey&#039;s new airport<\/title>\n<meta name=\"robots\" content=\"index, follow, max-snippet:-1, max-image-preview:large, max-video-preview:-1\" \/>\n<link rel=\"canonical\" href=\"https:\/\/istanbul-ist-international-airport.com\/es\/istanbul-visa\/\" \/>\n<meta property=\"og:locale\" content=\"es_ES\" \/>\n<meta property=\"og:type\" content=\"article\" \/>\n<meta property=\"og:title\" content=\"Information for Foreigners Visiting Istanbul Airport - Istanbul International Airport (IST) - Turkey&#039;s new airport\" \/>\n<meta property=\"og:description\" content=\"The Main Requirements for Obtaining Visa in Turkey Turkey is a wonderful country worth visiting with no doubt. Moreover, as Istanbul provides the busiest transportation hub in the region, millions of people fly daily to IGA, and lots of them want to visit Turkey. This article is devoted to the most critical factor for a [&hellip;]\" \/>\n<meta property=\"og:url\" content=\"https:\/\/istanbul-ist-international-airport.com\/es\/istanbul-visa\/\" \/>\n<meta property=\"og:site_name\" content=\"Istanbul International Airport (IST) - Turkey&#039;s new airport\" \/>\n<meta property=\"article:modified_time\" content=\"2025-09-13T11:44:53+00:00\" \/>\n<meta property=\"og:image\" content=\"https:\/\/istanbul-ist-international-airport.com\/wp-content\/uploads\/2025\/09\/flights-scaled.jpg\" \/>\n\t<meta property=\"og:image:width\" content=\"2560\" \/>\n\t<meta property=\"og:image:height\" content=\"978\" \/>\n\t<meta property=\"og:image:type\" content=\"image\/jpeg\" \/>\n<meta name=\"twitter:card\" content=\"summary_large_image\" \/>\n<meta name=\"twitter:label1\" content=\"Tiempo de lectura\" \/>\n\t<meta name=\"twitter:data1\" content=\"4 minutos\" \/>\n<script type=\"application\/ld+json\" class=\"yoast-schema-graph\">{\"@context\":\"https:\\\/\\\/schema.org\",\"@graph\":[{\"@type\":\"WebPage\",\"@id\":\"https:\\\/\\\/istanbul-ist-international-airport.com\\\/es\\\/istanbul-visa\\\/\",\"url\":\"https:\\\/\\\/istanbul-ist-international-airport.com\\\/es\\\/istanbul-visa\\\/\",\"name\":\"Information for Foreigners Visiting Istanbul Airport - Istanbul International Airport (IST) - Turkey&#039;s new airport\",\"isPartOf\":{\"@id\":\"https:\\\/\\\/istanbul-ist-international-airport.com\\\/es\\\/#website\"},\"primaryImageOfPage\":{\"@id\":\"https:\\\/\\\/istanbul-ist-international-airport.com\\\/es\\\/istanbul-visa\\\/#primaryimage\"},\"image\":{\"@id\":\"https:\\\/\\\/istanbul-ist-international-airport.com\\\/es\\\/istanbul-visa\\\/#primaryimage\"},\"thumbnailUrl\":\"https:\\\/\\\/istanbul-ist-international-airport.com\\\/wp-content\\\/uploads\\\/2025\\\/09\\\/flights-scaled.jpg\",\"datePublished\":\"2025-09-10T14:22:57+00:00\",\"dateModified\":\"2025-09-13T11:44:53+00:00\",\"breadcrumb\":{\"@id\":\"https:\\\/\\\/istanbul-ist-international-airport.com\\\/es\\\/istanbul-visa\\\/#breadcrumb\"},\"inLanguage\":\"es\",\"potentialAction\":[{\"@type\":\"ReadAction\",\"target\":[\"https:\\\/\\\/istanbul-ist-international-airport.com\\\/es\\\/istanbul-visa\\\/\"]}]},{\"@type\":\"ImageObject\",\"inLanguage\":\"es\",\"@id\":\"https:\\\/\\\/istanbul-ist-international-airport.com\\\/es\\\/istanbul-visa\\\/#primaryimage\",\"url\":\"https:\\\/\\\/istanbul-ist-international-airport.com\\\/wp-content\\\/uploads\\\/2025\\\/09\\\/flights-scaled.jpg\",\"contentUrl\":\"https:\\\/\\\/istanbul-ist-international-airport.com\\\/wp-content\\\/uploads\\\/2025\\\/09\\\/flights-scaled.jpg\",\"width\":2560,\"height\":978},{\"@type\":\"BreadcrumbList\",\"@id\":\"https:\\\/\\\/istanbul-ist-international-airport.com\\\/es\\\/istanbul-visa\\\/#breadcrumb\",\"itemListElement\":[{\"@type\":\"ListItem\",\"position\":1,\"name\":\"Home\",\"item\":\"https:\\\/\\\/istanbul-ist-international-airport.com\\\/\"},{\"@type\":\"ListItem\",\"position\":2,\"name\":\"Information for Foreigners Visiting Istanbul Airport\"}]},{\"@type\":\"WebSite\",\"@id\":\"https:\\\/\\\/istanbul-ist-international-airport.com\\\/es\\\/#website\",\"url\":\"https:\\\/\\\/istanbul-ist-international-airport.com\\\/es\\\/\",\"name\":\"Istanbul International Airport (IST) - Turkey&#039;s new airport\",\"description\":\"Navigating Istanbul International Airport: A Traveler\u2019s Guide.\",\"potentialAction\":[{\"@type\":\"SearchAction\",\"target\":{\"@type\":\"EntryPoint\",\"urlTemplate\":\"https:\\\/\\\/istanbul-ist-international-airport.com\\\/es\\\/?s={search_term_string}\"},\"query-input\":{\"@type\":\"PropertyValueSpecification\",\"valueRequired\":true,\"valueName\":\"search_term_string\"}}],\"inLanguage\":\"es\"}]}<\/script>\n<!-- \/ Yoast SEO plugin. -->","yoast_head_json":{"title":"Informaci\u00f3n para extranjeros que visitan el Aeropuerto de Estambul - Aeropuerto Internacional de Estambul (IST) - El nuevo aeropuerto de Turqu\u00eda","robots":{"index":"index","follow":"follow","max-snippet":"max-snippet:-1","max-image-preview":"max-image-preview:large","max-video-preview":"max-video-preview:-1"},"canonical":"https:\/\/istanbul-ist-international-airport.com\/es\/istanbul-visa\/","og_locale":"es_ES","og_type":"article","og_title":"Information for Foreigners Visiting Istanbul Airport - Istanbul International Airport (IST) - Turkey&#039;s new airport","og_description":"The Main Requirements for Obtaining Visa in Turkey Turkey is a wonderful country worth visiting with no doubt. Moreover, as Istanbul provides the busiest transportation hub in the region, millions of people fly daily to IGA, and lots of them want to visit Turkey. This article is devoted to the most critical factor for a [&hellip;]","og_url":"https:\/\/istanbul-ist-international-airport.com\/es\/istanbul-visa\/","og_site_name":"Istanbul International Airport (IST) - Turkey&#039;s new airport","article_modified_time":"2025-09-13T11:44:53+00:00","og_image":[{"width":2560,"height":978,"url":"https:\/\/istanbul-ist-international-airport.com\/wp-content\/uploads\/2025\/09\/flights-scaled.jpg","type":"image\/jpeg"}],"twitter_card":"summary_large_image","twitter_misc":{"Tiempo de lectura":"4 minutos"},"schema":{"@context":"https:\/\/schema.org","@graph":[{"@type":"WebPage","@id":"https:\/\/istanbul-ist-international-airport.com\/es\/istanbul-visa\/","url":"https:\/\/istanbul-ist-international-airport.com\/es\/istanbul-visa\/","name":"Informaci\u00f3n para extranjeros que visitan el Aeropuerto de Estambul - Aeropuerto Internacional de Estambul (IST) - El nuevo aeropuerto de Turqu\u00eda","isPartOf":{"@id":"https:\/\/istanbul-ist-international-airport.com\/es\/#website"},"primaryImageOfPage":{"@id":"https:\/\/istanbul-ist-international-airport.com\/es\/istanbul-visa\/#primaryimage"},"image":{"@id":"https:\/\/istanbul-ist-international-airport.com\/es\/istanbul-visa\/#primaryimage"},"thumbnailUrl":"https:\/\/istanbul-ist-international-airport.com\/wp-content\/uploads\/2025\/09\/flights-scaled.jpg","datePublished":"2025-09-10T14:22:57+00:00","dateModified":"2025-09-13T11:44:53+00:00","breadcrumb":{"@id":"https:\/\/istanbul-ist-international-airport.com\/es\/istanbul-visa\/#breadcrumb"},"inLanguage":"es","potentialAction":[{"@type":"ReadAction","target":["https:\/\/istanbul-ist-international-airport.com\/es\/istanbul-visa\/"]}]},{"@type":"ImageObject","inLanguage":"es","@id":"https:\/\/istanbul-ist-international-airport.com\/es\/istanbul-visa\/#primaryimage","url":"https:\/\/istanbul-ist-international-airport.com\/wp-content\/uploads\/2025\/09\/flights-scaled.jpg","contentUrl":"https:\/\/istanbul-ist-international-airport.com\/wp-content\/uploads\/2025\/09\/flights-scaled.jpg","width":2560,"height":978},{"@type":"BreadcrumbList","@id":"https:\/\/istanbul-ist-international-airport.com\/es\/istanbul-visa\/#breadcrumb","itemListElement":[{"@type":"ListItem","position":1,"name":"Home","item":"https:\/\/istanbul-ist-international-airport.com\/"},{"@type":"ListItem","position":2,"name":"Information for Foreigners Visiting Istanbul Airport"}]},{"@type":"WebSite","@id":"https:\/\/istanbul-ist-international-airport.com\/es\/#website","url":"https:\/\/istanbul-ist-international-airport.com\/es\/","name":"Istanbul International Airport (IST) - Turkey&#039;s new airport","description":"Navigating Istanbul International Airport: A Traveler\u2019s Guide.","potentialAction":[{"@type":"SearchAction","target":{"@type":"EntryPoint","urlTemplate":"https:\/\/istanbul-ist-international-airport.com\/es\/?s={search_term_string}"},"query-input":{"@type":"PropertyValueSpecification","valueRequired":true,"valueName":"search_term_string"}}],"inLanguage":"es"}]}},"_links":{"self":[{"href":"https:\/\/istanbul-ist-international-airport.com\/es\/wp-json\/wp\/v2\/pages\/3471","targetHints":{"allow":["GET"]}}],"collection":[{"href":"https:\/\/istanbul-ist-international-airport.com\/es\/wp-json\/wp\/v2\/pages"}],"about":[{"href":"https:\/\/istanbul-ist-international-airport.com\/es\/wp-json\/wp\/v2\/types\/page"}],"author":[{"embeddable":true,"href":"https:\/\/istanbul-ist-international-airport.com\/es\/wp-json\/wp\/v2\/users\/1"}],"replies":[{"embeddable":true,"href":"https:\/\/istanbul-ist-international-airport.com\/es\/wp-json\/wp\/v2\/comments?post=3471"}],"version-history":[{"count":2,"href":"https:\/\/istanbul-ist-international-airport.com\/es\/wp-json\/wp\/v2\/pages\/3471\/revisions"}],"predecessor-version":[{"id":3767,"href":"https:\/\/istanbul-ist-international-airport.com\/es\/wp-json\/wp\/v2\/pages\/3471\/revisions\/3767"}],"wp:featuredmedia":[{"embeddable":true,"href":"https:\/\/istanbul-ist-international-airport.com\/es\/wp-json\/wp\/v2\/media\/3652"}],"wp:attachment":[{"href":"https:\/\/istanbul-ist-international-airport.com\/es\/wp-json\/wp\/v2\/media?parent=3471"}],"curies":[{"name":"wp","href":"https:\/\/api.w.org\/{rel}","templated":true}]}}