{"id":3409,"date":"2025-09-10T17:14:05","date_gmt":"2025-09-10T14:14:05","guid":{"rendered":"http:\/\/147.182.243.37\/?page_id=3409"},"modified":"2025-09-13T11:02:35","modified_gmt":"2025-09-13T08:02:35","slug":"flights-from-and-to-istanbul-airport","status":"publish","type":"page","link":"https:\/\/istanbul-ist-international-airport.com\/fr\/flights-from-and-to-istanbul-airport\/","title":{"rendered":"Istanbul Airport Flights (IST) Information"},"content":{"rendered":"<h2 itemprop=\"alternateName\" class=\"wp-block-heading\"><strong>How to check all the information about your flight at Istanbul Airport...<\/strong><\/h2>\n\n\n\n<p>V\u00e9rifions les informations les plus importantes et les plus r\u00e9centes sur les vols et leur suivi en&nbsp;<a href=\"https:\/\/istanbul-ist-international-airport.com\/\">A\u00e9roport d'Istanbul<\/a>. Des milliers de voyageurs s'y rendent quotidiennement pour commencer leur voyage sponsoris\u00e9 depuis son terminal ou pour profiter de l'arriv\u00e9e de leur vol. Chaque jour, l'a\u00e9roport traite plus de 1\u00a0500\u00a0vols, nationaux et internationaux, et ses terminaux spacieux peuvent d\u00e9router m\u00eame un voyageur exp\u00e9riment\u00e9. Ainsi, dans ce blog, vous trouverez les informations les plus utiles sur les m\u00e9thodes de suivi des d\u00e9parts et arriv\u00e9es de vols IST et des id\u00e9es sur la fa\u00e7on d'\u00e9viter toute difficult\u00e9 ou incident soudain li\u00e9 aux d\u00e9lais de vol manqu\u00e9s et aux vols.<br>Vous devriez admettre que la r\u00e9servation de billets d'avion n'est que le d\u00e9but, et qu'il est \u00e9galement n\u00e9cessaire de v\u00e9rifier r\u00e9guli\u00e8rement les informations d'arriv\u00e9e et de d\u00e9part des vols afin de rester inform\u00e9 de chaque changement \u00e0 chaque intervalle et d'\u00e9viter tout probl\u00e8me avec votre vol.<br>Chaque passager souhaite se sentir \u00e0 l'aise pendant son vol. Pourtant, des erreurs et des incidents mouvement\u00e9s li\u00e9s aux horaires se produisent souvent, et il vous appartient de les \u00e9viter avec succ\u00e8s en suivant ce guide informatif sur la v\u00e9rification des horaires d'arriv\u00e9e et de d\u00e9part de l'a\u00e9roport.<\/p>\n\n\n\n<h3 itemprop=\"alternateName\" class=\"wp-block-heading\"><strong>Les id\u00e9es pour v\u00e9rifier le vol au d\u00e9part de l'a\u00e9roport d'Istanbul<\/strong><\/h3>\n\n\n\n<p>Alors, vos r\u00e9servations ont \u00e9t\u00e9 approuv\u00e9es et r\u00e9serv\u00e9es et vous voulez savoir exactement que tout va bien. Cela peut se faire assez facilement. Conform\u00e9ment \u00e0 vos droits, vous pouvez obtenir des informations pr\u00e9cises sur votre vol au d\u00e9part d'Istanbul en utilisant les m\u00e9thodes suivantes propos\u00e9es par le bureau de l'a\u00e9roport.<br>1. Consultez l'horaire des vols actuel sur le site web de l'a\u00e9roport. Pour la commodit\u00e9 de tous les passagers, et pas seulement ceux qui parlent turc, le site web est disponible en plusieurs langues (il suffit de cliquer sur le drapeau turc dans son en-t\u00eate pour choisir entre anglais\/T\u00fcrk\u00e7e\/\u0420\u0443\u0441\u0441\u043a\u0438\u0439\/Espanol\/Deutch\/fran\u00e7ais\/arabe\/mandarin). N'oubliez pas de lire sa politique de confidentialit\u00e9, ses conditions g\u00e9n\u00e9rales, et de confirmer l'acceptation du paquet de cookies pour acc\u00e9der \u00e0 tous les avantages offerts en ligne par les autorit\u00e9s officielles locales en acceptant ces conditions. De plus, vous pouvez vous abonner \u00e0 la lettre d'information rapide d'IGA pour recevoir des mises \u00e0 jour et rester inform\u00e9.<br>Ici, vous pouvez choisir l'une des m\u00e9thodes de v\u00e9rification de d\u00e9part\/arriv\u00e9e suivantes :<\/p>\n\n\n\n<ul class=\"wp-block-list\">\n<li>Entrez votre num\u00e9ro de vol sur la page principale du site pour rechercher et obtenir imm\u00e9diatement toutes les informations concernant votre avion, les mises \u00e0 jour de vol, l'heure de d\u00e9part, etc. Lorsque vous rencontrez et souhaitez saluer quelqu'un qui arrive d'un endroit du monde comme la Hesse ou Tokyo, vous pouvez \u00e9galement opter pour les heures d'arriv\u00e9e possibles afin de g\u00e9rer votre temps et d'obtenir la navette la plus rapide vers IGA.<\/li>\n\n\n\n<li>Tous les vols, tant les itin\u00e9raires internationaux, par exemple depuis Dhaka ou M\u00e9dine al Munawarrah, le Tatarstan ou la Campanie, que les vols int\u00e9rieurs (depuis Erzurum ou Ankara), ou m\u00eame les vols de correspondance, sont clairement indiqu\u00e9s dans le tableau des horaires sur le site officiel d'IST. Vous pouvez donc certainement essayer d'utiliser ce widget d'information pour contr\u00f4ler les vols \u00e0 venir aujourd'hui et demain, ou v\u00e9rifier quel \u00e9tait l'horaire d'hier, ainsi qu'annuler vos r\u00e9servations ou pr\u00e9voir d'\u00e9ventuels retards gr\u00e2ce \u00e0 ce service.<\/li>\n<\/ul>\n\n\n\n<p>Vous pouvez \u00e9galement demander \u00e0 votre assistant personnel ou \u00e0 une agence de conciergerie de vous aider \u00e0 suivre l'\u00e9ch\u00e9ancier et les mises \u00e0 jour entrantes, afin de rester au courant de l'\u00e9volution de la situation en utilisant le courrier \u00e9lectronique, des consultations en ligne r\u00e9guli\u00e8res ou des consultations t\u00e9l\u00e9phoniques, selon votre choix. G\u00e9n\u00e9ralement, cette option priv\u00e9e haut de gamme vous permet d'\u00e9conomiser du temps et de l'argent.<\/p>\n\n\n\n<p><strong>Table\/widget du site<\/strong><br><strong>Au fait, saviez-vous que le nombre moyen de vols \u00e0 l'a\u00e9roport d'Istanbul est sup\u00e9rieur \u00e0 1 300 ?<br><\/strong>2. Une fois que vous avez r\u00e9serv\u00e9 vos billets et que vous souhaitez une notification rapide concernant le statut de votre vol et entrer dans les d\u00e9tails, la meilleure solution est de t\u00e9l\u00e9charger une application officielle prot\u00e9g\u00e9e d\u00e9velopp\u00e9e par l'\u00e9quipe officielle. Pour Android OS, vous pouvez cliquer ici. Pour iOS, veuillez cliquer sur ce lien. Cette petite application vous offre de nombreux avantages tels que la recherche sp\u00e9cifique de vols et de compagnies a\u00e9riennes, l'annulation de billets, votre documentation concernant les vols, les rappels d'urgence, l'historique de vos achats et commissions, et m\u00eame la possibilit\u00e9 de continuer \u00e0 r\u00e9server des salons en cas de retard de vol ou de longue interruption \u00e0 conna\u00eetre. L'application vous informera de chaque changement ou retard pour vous tenir inform\u00e9 en temps opportun. Si vous utilisez des applications tierces, vous pouvez t\u00e9l\u00e9charger une application comme All-Flight qui est reconnue comme l'une des plus recherch\u00e9es parmi les applications ind\u00e9pendantes pour suivre les horaires et les statuts des vols.<br>3. Utilisez WhatsApp pour contacter le personnel et obtenir des informations sur votre vol et l'aide n\u00e9cessaire des experts. L'\u00e9quipe r\u00e9pond aimablement aux candidats et fournit des mises \u00e0 jour instantan\u00e9es pour chaque information de vol, y compris l'attribution de votre si\u00e8ge et les services suppl\u00e9mentaires disponibles. Vous pouvez le contacter via cette messagerie en ajoutant le num\u00e9ro +904441442. 4. Contact par t\u00e9l\u00e9phone. Il existe une ligne d'assistance t\u00e9l\u00e9phonique fonctionnant 24 heures sur 24. L'\u00e9quipe re\u00e7oit les appels des passagers 24 heures sur 24 et 7 jours sur 7 via le num\u00e9ro 4441442. Donc, si vous avez des doutes sur les informations concernant votre vol et les horaires de d\u00e9part, veuillez contacter l'a\u00e9roport pour recevoir plus de d\u00e9tails, car leurs dossiers vous les fourniront.<br>5. Une fois sur place, il est facile d'obtenir les informations de d\u00e9part. Vous pouvez consulter n'importe quel tableau d'information situ\u00e9 pr\u00e8s des zones de d\u00e9tente et dans tout le terminal. Comme d'habitude, ils sont situ\u00e9s \u00e0 proximit\u00e9 des zones centrales du terminal. Les informations sur les horaires sont mises \u00e0 jour r\u00e9guli\u00e8rement en temps r\u00e9el dans le menu, il est donc presque impossible de rater votre avion.<br>6. Enfin, que pouvez-vous faire d'autre pour suivre votre vol vers IGA et o\u00f9 le faire ? Il s'agit d'une offre sp\u00e9ciale pour les clients VIP. Vous pouvez charger votre assistant personnel de recueillir les informations \u00e0 venir. Les responsables fournissent volontiers aux VIP de tels services et envoient des bulletins d'information ou des courriels \u00e0 votre repr\u00e9sentant associ\u00e9 afin de vous prot\u00e9ger contre les annulations et omissions de vols. Votre affili\u00e9 reste au courant et vous rappelle les horaires de votre vol ou les changements qui y sont li\u00e9s.<\/p>\n\n\n\n<h3 itemprop=\"alternateName\" class=\"wp-block-heading\"><strong>Les m\u00e9thodes pour v\u00e9rifier le vol d'arriv\u00e9e \u00e0 l'a\u00e9roport d'Istanbul<\/strong><\/h3>\n\n\n\n<p>Si vous devez rencontrer quelqu'un qui arrive \u00e0 l'a\u00e9roport d'Istanbul, ne vous inqui\u00e9tez pas. Vous pouvez suivre les arriv\u00e9es de la m\u00eame mani\u00e8re que les d\u00e9parts. Utilisez simplement les solutions que nous avons mentionn\u00e9es ci-dessus et vous ne manquerez aucun horaire et rencontrerez les avions qui embarquent \u00e0 l'IGA en temps voulu.<\/p>","protected":false},"excerpt":{"rendered":"<p>Comment v\u00e9rifier toutes les informations concernant votre vol \u00e0 l'a\u00e9roport d'Istanbul. V\u00e9rifions les informations les plus importantes et les plus r\u00e9centes sur les vols et leur suivi \u00e0 l'a\u00e9roport d'Istanbul. Des milliers de visiteurs s'y rendent quotidiennement pour commencer leur voyage sponsoris\u00e9 depuis son terminal ou pour profiter de l'arriv\u00e9e de leur vol. Chaque jour, l'a\u00e9roport traite plus de [...]<\/p>","protected":false},"author":1,"featured_media":3652,"parent":0,"menu_order":0,"comment_status":"closed","ping_status":"closed","template":"home.php","meta":{"_acf_changed":false,"footnotes":""},"class_list":["post-3409","page","type-page","status-publish","has-post-thumbnail","hentry"],"acf":[],"yoast_head":"<!-- This site is optimized with the Yoast SEO plugin v27.4 - https:\/\/yoast.com\/product\/yoast-seo-wordpress\/ -->\n<title>Istanbul Airport Flights (IST) Information - Istanbul International Airport (IST) - Turkey&#039;s new airport<\/title>\n<meta name=\"robots\" content=\"index, follow, max-snippet:-1, max-image-preview:large, max-video-preview:-1\" \/>\n<link rel=\"canonical\" href=\"https:\/\/istanbul-ist-international-airport.com\/fr\/flights-from-and-to-istanbul-airport\/\" \/>\n<meta property=\"og:locale\" content=\"fr_FR\" \/>\n<meta property=\"og:type\" content=\"article\" \/>\n<meta property=\"og:title\" content=\"Istanbul Airport Flights (IST) Information - Istanbul International Airport (IST) - Turkey&#039;s new airport\" \/>\n<meta property=\"og:description\" content=\"How to check all the information about your flight at Istanbul Airport Let\u2019s check the most important and up-to-date information about flights and their tracking in&nbsp;Istanbul airport. Thousands of guests daily visit it to start their sponsored journey from its terminal or to enjoy the arrival of their flight. Each day the airport processes over [&hellip;]\" \/>\n<meta property=\"og:url\" content=\"https:\/\/istanbul-ist-international-airport.com\/fr\/flights-from-and-to-istanbul-airport\/\" \/>\n<meta property=\"og:site_name\" content=\"Istanbul International Airport (IST) - Turkey&#039;s new airport\" \/>\n<meta property=\"article:modified_time\" content=\"2025-09-13T08:02:35+00:00\" \/>\n<meta property=\"og:image\" content=\"https:\/\/istanbul-ist-international-airport.com\/wp-content\/uploads\/2025\/09\/flights-scaled.jpg\" \/>\n\t<meta property=\"og:image:width\" content=\"2560\" \/>\n\t<meta property=\"og:image:height\" content=\"978\" \/>\n\t<meta property=\"og:image:type\" content=\"image\/jpeg\" \/>\n<meta name=\"twitter:card\" content=\"summary_large_image\" \/>\n<meta name=\"twitter:label1\" content=\"Dur\u00e9e de lecture estim\u00e9e\" \/>\n\t<meta name=\"twitter:data1\" content=\"5 minutes\" \/>\n<script type=\"application\/ld+json\" class=\"yoast-schema-graph\">{\"@context\":\"https:\\\/\\\/schema.org\",\"@graph\":[{\"@type\":\"WebPage\",\"@id\":\"https:\\\/\\\/istanbul-ist-international-airport.com\\\/fr\\\/flights-from-and-to-istanbul-airport\\\/\",\"url\":\"https:\\\/\\\/istanbul-ist-international-airport.com\\\/fr\\\/flights-from-and-to-istanbul-airport\\\/\",\"name\":\"Istanbul Airport Flights (IST) Information - Istanbul International Airport (IST) - Turkey&#039;s new airport\",\"isPartOf\":{\"@id\":\"https:\\\/\\\/istanbul-ist-international-airport.com\\\/fr\\\/#website\"},\"primaryImageOfPage\":{\"@id\":\"https:\\\/\\\/istanbul-ist-international-airport.com\\\/fr\\\/flights-from-and-to-istanbul-airport\\\/#primaryimage\"},\"image\":{\"@id\":\"https:\\\/\\\/istanbul-ist-international-airport.com\\\/fr\\\/flights-from-and-to-istanbul-airport\\\/#primaryimage\"},\"thumbnailUrl\":\"https:\\\/\\\/istanbul-ist-international-airport.com\\\/wp-content\\\/uploads\\\/2025\\\/09\\\/flights-scaled.jpg\",\"datePublished\":\"2025-09-10T14:14:05+00:00\",\"dateModified\":\"2025-09-13T08:02:35+00:00\",\"breadcrumb\":{\"@id\":\"https:\\\/\\\/istanbul-ist-international-airport.com\\\/fr\\\/flights-from-and-to-istanbul-airport\\\/#breadcrumb\"},\"inLanguage\":\"fr-FR\",\"potentialAction\":[{\"@type\":\"ReadAction\",\"target\":[\"https:\\\/\\\/istanbul-ist-international-airport.com\\\/fr\\\/flights-from-and-to-istanbul-airport\\\/\"]}]},{\"@type\":\"ImageObject\",\"inLanguage\":\"fr-FR\",\"@id\":\"https:\\\/\\\/istanbul-ist-international-airport.com\\\/fr\\\/flights-from-and-to-istanbul-airport\\\/#primaryimage\",\"url\":\"https:\\\/\\\/istanbul-ist-international-airport.com\\\/wp-content\\\/uploads\\\/2025\\\/09\\\/flights-scaled.jpg\",\"contentUrl\":\"https:\\\/\\\/istanbul-ist-international-airport.com\\\/wp-content\\\/uploads\\\/2025\\\/09\\\/flights-scaled.jpg\",\"width\":2560,\"height\":978},{\"@type\":\"BreadcrumbList\",\"@id\":\"https:\\\/\\\/istanbul-ist-international-airport.com\\\/fr\\\/flights-from-and-to-istanbul-airport\\\/#breadcrumb\",\"itemListElement\":[{\"@type\":\"ListItem\",\"position\":1,\"name\":\"Home\",\"item\":\"https:\\\/\\\/istanbul-ist-international-airport.com\\\/\"},{\"@type\":\"ListItem\",\"position\":2,\"name\":\"Istanbul Airport Flights (IST) Information\"}]},{\"@type\":\"WebSite\",\"@id\":\"https:\\\/\\\/istanbul-ist-international-airport.com\\\/fr\\\/#website\",\"url\":\"https:\\\/\\\/istanbul-ist-international-airport.com\\\/fr\\\/\",\"name\":\"Istanbul International Airport (IST) - Turkey&#039;s new airport\",\"description\":\"Navigating Istanbul International Airport: A Traveler\u2019s Guide.\",\"potentialAction\":[{\"@type\":\"SearchAction\",\"target\":{\"@type\":\"EntryPoint\",\"urlTemplate\":\"https:\\\/\\\/istanbul-ist-international-airport.com\\\/fr\\\/?s={search_term_string}\"},\"query-input\":{\"@type\":\"PropertyValueSpecification\",\"valueRequired\":true,\"valueName\":\"search_term_string\"}}],\"inLanguage\":\"fr-FR\"}]}<\/script>\n<!-- \/ Yoast SEO plugin. -->","yoast_head_json":{"title":"Informations sur les vols de l'a\u00e9roport d'Istanbul (IST) - A\u00e9roport international d'Istanbul (IST) - Le nouvel a\u00e9roport de Turquie","robots":{"index":"index","follow":"follow","max-snippet":"max-snippet:-1","max-image-preview":"max-image-preview:large","max-video-preview":"max-video-preview:-1"},"canonical":"https:\/\/istanbul-ist-international-airport.com\/fr\/flights-from-and-to-istanbul-airport\/","og_locale":"fr_FR","og_type":"article","og_title":"Istanbul Airport Flights (IST) Information - Istanbul International Airport (IST) - Turkey&#039;s new airport","og_description":"How to check all the information about your flight at Istanbul Airport Let\u2019s check the most important and up-to-date information about flights and their tracking in&nbsp;Istanbul airport. Thousands of guests daily visit it to start their sponsored journey from its terminal or to enjoy the arrival of their flight. Each day the airport processes over [&hellip;]","og_url":"https:\/\/istanbul-ist-international-airport.com\/fr\/flights-from-and-to-istanbul-airport\/","og_site_name":"Istanbul International Airport (IST) - Turkey&#039;s new airport","article_modified_time":"2025-09-13T08:02:35+00:00","og_image":[{"width":2560,"height":978,"url":"https:\/\/istanbul-ist-international-airport.com\/wp-content\/uploads\/2025\/09\/flights-scaled.jpg","type":"image\/jpeg"}],"twitter_card":"summary_large_image","twitter_misc":{"Dur\u00e9e de lecture estim\u00e9e":"5 minutes"},"schema":{"@context":"https:\/\/schema.org","@graph":[{"@type":"WebPage","@id":"https:\/\/istanbul-ist-international-airport.com\/fr\/flights-from-and-to-istanbul-airport\/","url":"https:\/\/istanbul-ist-international-airport.com\/fr\/flights-from-and-to-istanbul-airport\/","name":"Informations sur les vols de l'a\u00e9roport d'Istanbul (IST) - A\u00e9roport international d'Istanbul (IST) - Le nouvel a\u00e9roport de Turquie","isPartOf":{"@id":"https:\/\/istanbul-ist-international-airport.com\/fr\/#website"},"primaryImageOfPage":{"@id":"https:\/\/istanbul-ist-international-airport.com\/fr\/flights-from-and-to-istanbul-airport\/#primaryimage"},"image":{"@id":"https:\/\/istanbul-ist-international-airport.com\/fr\/flights-from-and-to-istanbul-airport\/#primaryimage"},"thumbnailUrl":"https:\/\/istanbul-ist-international-airport.com\/wp-content\/uploads\/2025\/09\/flights-scaled.jpg","datePublished":"2025-09-10T14:14:05+00:00","dateModified":"2025-09-13T08:02:35+00:00","breadcrumb":{"@id":"https:\/\/istanbul-ist-international-airport.com\/fr\/flights-from-and-to-istanbul-airport\/#breadcrumb"},"inLanguage":"fr-FR","potentialAction":[{"@type":"ReadAction","target":["https:\/\/istanbul-ist-international-airport.com\/fr\/flights-from-and-to-istanbul-airport\/"]}]},{"@type":"ImageObject","inLanguage":"fr-FR","@id":"https:\/\/istanbul-ist-international-airport.com\/fr\/flights-from-and-to-istanbul-airport\/#primaryimage","url":"https:\/\/istanbul-ist-international-airport.com\/wp-content\/uploads\/2025\/09\/flights-scaled.jpg","contentUrl":"https:\/\/istanbul-ist-international-airport.com\/wp-content\/uploads\/2025\/09\/flights-scaled.jpg","width":2560,"height":978},{"@type":"BreadcrumbList","@id":"https:\/\/istanbul-ist-international-airport.com\/fr\/flights-from-and-to-istanbul-airport\/#breadcrumb","itemListElement":[{"@type":"ListItem","position":1,"name":"Home","item":"https:\/\/istanbul-ist-international-airport.com\/"},{"@type":"ListItem","position":2,"name":"Istanbul Airport Flights (IST) Information"}]},{"@type":"WebSite","@id":"https:\/\/istanbul-ist-international-airport.com\/fr\/#website","url":"https:\/\/istanbul-ist-international-airport.com\/fr\/","name":"Istanbul International Airport (IST) - Turkey&#039;s new airport","description":"Navigating Istanbul International Airport: A Traveler\u2019s Guide.","potentialAction":[{"@type":"SearchAction","target":{"@type":"EntryPoint","urlTemplate":"https:\/\/istanbul-ist-international-airport.com\/fr\/?s={search_term_string}"},"query-input":{"@type":"PropertyValueSpecification","valueRequired":true,"valueName":"search_term_string"}}],"inLanguage":"fr-FR"}]}},"_links":{"self":[{"href":"https:\/\/istanbul-ist-international-airport.com\/fr\/wp-json\/wp\/v2\/pages\/3409","targetHints":{"allow":["GET"]}}],"collection":[{"href":"https:\/\/istanbul-ist-international-airport.com\/fr\/wp-json\/wp\/v2\/pages"}],"about":[{"href":"https:\/\/istanbul-ist-international-airport.com\/fr\/wp-json\/wp\/v2\/types\/page"}],"author":[{"embeddable":true,"href":"https:\/\/istanbul-ist-international-airport.com\/fr\/wp-json\/wp\/v2\/users\/1"}],"replies":[{"embeddable":true,"href":"https:\/\/istanbul-ist-international-airport.com\/fr\/wp-json\/wp\/v2\/comments?post=3409"}],"version-history":[{"count":4,"href":"https:\/\/istanbul-ist-international-airport.com\/fr\/wp-json\/wp\/v2\/pages\/3409\/revisions"}],"predecessor-version":[{"id":3656,"href":"https:\/\/istanbul-ist-international-airport.com\/fr\/wp-json\/wp\/v2\/pages\/3409\/revisions\/3656"}],"wp:featuredmedia":[{"embeddable":true,"href":"https:\/\/istanbul-ist-international-airport.com\/fr\/wp-json\/wp\/v2\/media\/3652"}],"wp:attachment":[{"href":"https:\/\/istanbul-ist-international-airport.com\/fr\/wp-json\/wp\/v2\/media?parent=3409"}],"curies":[{"name":"wp","href":"https:\/\/api.w.org\/{rel}","templated":true}]}}