{"id":3413,"date":"2025-09-10T17:14:43","date_gmt":"2025-09-10T14:14:43","guid":{"rendered":"http:\/\/147.182.243.37\/?page_id=3413"},"modified":"2025-09-13T11:26:04","modified_gmt":"2025-09-13T08:26:04","slug":"departures","status":"publish","type":"page","link":"https:\/\/istanbul-ist-international-airport.com\/fr\/departures\/","title":{"rendered":"Istanbul Airport Departures"},"content":{"rendered":"<iframe loading=\"lazy\" frameborder=\"0\" style=\"border:0; width: 100%; height: 95%; min-height: 650px; margin:0; padding:0;\" src=\"https:\/\/www.avionio.com\/widget\/en\/ist\/departures\"><\/iframe>\n\n\n\n<h2 itemprop=\"alternateName\" class=\"wp-block-heading\"><strong>\u00c9tat des vols internationaux au d\u00e9part de l'a\u00e9roport d'Istanbul<\/strong><\/h2>\n\n\n\n<p>Lorsque vous commencez votre voyage depuis le fabuleux mais agit\u00e9 a\u00e9roport d'Istanbul, vous avez probablement des envies de rendre votre attente et votre d\u00e9part aussi confortables que possible, et d'\u00e9viter toute difficult\u00e9 sp\u00e9cifique li\u00e9e aux proc\u00e9dures et aux horaires de d\u00e9part. Vous devriez convenir que manquer un vol est un v\u00e9ritable cauchemar pour tout voyageur actif et si cela se produit, vous perdez plus que de l'argent, vos horaires sont perturb\u00e9s et vos projets sont menac\u00e9s.<br>C'est pourquoi il est indispensable de savoir o\u00f9 chercher des rappels rapides concernant l'heure de d\u00e9part de votre vol, surtout \u00e0 l'a\u00e9roport d'Istanbul. Dans notre a\u00e9roport d'Istanbul, dans un guide des heures de d\u00e9part que nous partageons, nous allons aborder les questions les plus importantes sur ce qu'il faut faire, o\u00f9 aller et comment obtenir de l'aide concernant les informations de d\u00e9part de l'a\u00e9roport.<br>Ici, vous pouvez d\u00e9couvrir la meilleure fa\u00e7on de v\u00e9rifier le statut de votre vol \u00e0 l'a\u00e9roport d'Istanbul. Il s'agit du tableau qui fournit des informations officielles directement \u00e0 partir des services de v\u00e9rification des vols au d\u00e9part\/\u00e0 l'arriv\u00e9e de l'a\u00e9roport et des \u00e9crans d'information.<\/p>\n\n\n\n<h2 itemprop=\"alternateName\" class=\"wp-block-heading\"><strong>Comment v\u00e9rifier les d\u00e9parts de vols \u00e0 l'a\u00e9roport d'Istanbul ?<\/strong><\/h2>\n\n\n\n<p>Simplifions vos plans de d\u00e9part de l'a\u00e9roport d'Istanbul gr\u00e2ce \u00e0 quelques conseils utiles qui peuvent aider un passager \u00e0 embarquer sans probl\u00e8me. Tout d'abord, il est utile de consid\u00e9rer votre activit\u00e9 de d\u00e9part en la transformant en une sorte de guide \u00e9tape par \u00e9tape n\u00e9cessaire. Que faut-il consid\u00e9rer et faire ? \u00c9num\u00e9rons-le dans notre emploi du temps.<\/p>\n\n\n\n<p>1. V\u00e9rifiez vos documents pour vous assurer que vous les avez tous \u00e0 disposition. Pour profiter de votre vol au d\u00e9part de l'a\u00e9roport d'Istanbul, vous devez pr\u00e9parer votre billet d'avion (papier, billet \u00e9lectronique ou carte d'embarquement) et votre passeport ou carte d'identit\u00e9 valide. De plus, votre visa, votre assurance voyage et votre preuve de r\u00e9servation d'h\u00f4tel\/transport \u00e0 votre destination d'arriv\u00e9e peuvent \u00eatre fournis.<\/p>\n\n\n\n<p>2. Obtenez des informations sur la fa\u00e7on de vous rendre \u00e0 l'a\u00e9roport. G\u00e9n\u00e9ralement, les options de transport utilis\u00e9es par les touristes incluent les taxis, le m\u00e9tro, les navettes de bus et la location de voiture priv\u00e9e.<\/p>\n\n\n\n<p>3. Rep\u00e9rez l'entr\u00e9e de votre terminal pour \u00eatre pr\u00eat \u00e0 commencer votre voyage en fonction des horaires de vol. Comme d'habitude, tous les horaires et les portes d'entr\u00e9e sont indiqu\u00e9s sur de grands \u00e9crans devant votre porte d'embarquement. Toutes les informations sont adapt\u00e9es aux personnes parlant turc et \u00e0 celles qui parlent anglais.<\/p>\n\n\n\n<p>4. Pr\u00e9voyez du temps pour les contr\u00f4les de s\u00e9curit\u00e9.<br>Un conseil : Lors d'un contr\u00f4le de s\u00e9curit\u00e9, conservez vos objets de valeur ou fragiles dans votre sac afin d'assurer leur s\u00e9curit\u00e9.&nbsp;<\/p>\n\n\n\n<p>5. Passez la proc\u00e9dure d'enregistrement.<br><strong>Vous devez vous rappeler qu'un r\u00e9sident turc paie une commission de d\u00e9part lorsqu'il quitte l'a\u00e9roport d'Istanbul.<\/strong><\/p>\n\n\n\n<p>6. Passez le contr\u00f4le des passeports. Cette \u00e9tape peut \u00e9galement \u00eatre simplifi\u00e9e pour les clients turcs, car ils sont invit\u00e9s \u00e0 utiliser les points de passeport \u00e9lectronique \u00e0 l'a\u00e9roport.<\/p>\n\n\n\n<p>7. Enfin, suivez les horaires de votre vol en utilisant l'une des m\u00e9thodes que nous allons d\u00e9crire plus loin.<\/p>\n\n\n\n<h2 itemprop=\"alternateName\" class=\"wp-block-heading\"><strong>Comment v\u00e9rifier le statut des vols d'aujourd'hui \u00e0 l'a\u00e9roport d'Istanbul ?<\/strong><\/h2>\n\n\n\n<p>Lorsque vous recherchez une m\u00e9thode qui peut vous informer sur les informations de d\u00e9part de demain ou m\u00eame d'aujourd'hui \u00e0 l'a\u00e9roport d'Istanbul, vous n'avez pas besoin de trop de corv\u00e9es. Utilisez simplement la liste des m\u00e9thodes de contact vous informant sur la r\u00e9servation, le d\u00e9part, les annulations ou simplement sur les actualit\u00e9s de l'a\u00e9roport.<br>- Le bureau d'information de l'a\u00e9roport est votre aide fiable, car son personnel vous fournit facilement des d\u00e9tails sur votre vol. Ces points officiels sont situ\u00e9s dans toutes les installations du terminal de l'a\u00e9roport. - Canaux de communication officiels offerts par l'\u00e9quipe de l'a\u00e9roport. Ceux-ci incluent la ligne d'assistance WhatsApp, la ligne d'assistance t\u00e9l\u00e9phonique de l'a\u00e9roport et le courrier \u00e9lectronique. - L'utilisation du site de l'a\u00e9roport est \u00e9galement b\u00e9n\u00e9fique. Obtenir des informations sur les r\u00e9servations, les actualit\u00e9s des compagnies a\u00e9riennes et les vols en temps r\u00e9el est simple gr\u00e2ce au site Web fourni par les autorit\u00e9s responsables de l'a\u00e9roport. En outre, il y en a peu, vous pouvez donc choisir et parcourir un site Web qui vous fournit les informations dont vous avez besoin apr\u00e8s avoir accept\u00e9 ses cookies. Par exemple, vous pouvez entrer le&nbsp;<a href=\"https:\/\/istanbul-ist-international-airport.com\/\">IST<\/a>&nbsp;guide du site web o\u00f9 vous devez soumettre un ensemble de r\u00e8gles de confidentialit\u00e9 pour en savoir plus sur les d\u00e9parts. Un autre site web est le site officiel qui est disponible en anglais\/turc\/russe\/espagnol. Il existe \u00e9galement un service situ\u00e9 sur ce site web, Airport Online, qui est \u00e9galement pratique gr\u00e2ce \u00e0 son interface multilingue en anglais\/turc\/russe\/espagnol. \u2013 Des applications sont \u00e0 votre service pour vous aider \u00e0 r\u00e9server un vol, \u00e0 l'annuler ou \u00e0 vous informer en temps utile de tous les d\u00e9parts et retards. Vous pouvez y obtenir divers services directement sur votre t\u00e9l\u00e9phone. Vous pouvez t\u00e9l\u00e9charger l'application de l'a\u00e9roport ou utiliser un traqueur similaire, comme IST+Radar.<\/p>\n\n\n\n<h3 itemprop=\"alternateName\" class=\"wp-block-heading\"><strong>Comment annuler votre vol depuis l'a\u00e9roport d'Istanbul ?<\/strong><\/h3>\n\n\n\n<p>Une fois qu'un passager ach\u00e8te des billets pour un vol au d\u00e9part de l'a\u00e9roport d'Istanbul, il doit avoir une compr\u00e9hension claire de ses \u00e9ventuelles annulations. G\u00e9n\u00e9ralement, toutes les modifications actives de l'horaire, les vols annul\u00e9s et autres circonstances impr\u00e9vues sont fournis sur le site web de l'a\u00e9roport. Certains op\u00e9rateurs de vols, comme Turkish Airlines, par exemple, envoient des courriels ou des messages texte dans leur bulletin d'information aux clients qui r\u00e9servent leurs vols. Veuillez lire vos droits reconnus en cas de retard ou d'annulation sur les liens du site des compagnies a\u00e9riennes ou sur le site web de l'IGA.<\/p>","protected":false},"excerpt":{"rendered":"<p>International flight status from Istanbul Airport When you start your active tour from the fabulous yet hectic Istanbul Airport, you probably have some desires about making your flight expectation and departure as full of comfort as it is possible and avoiding any specific difficulty related to active departure procedures and timings. You should agree that [&hellip;]<\/p>","protected":false},"author":1,"featured_media":3652,"parent":0,"menu_order":0,"comment_status":"closed","ping_status":"closed","template":"home.php","meta":{"_acf_changed":false,"footnotes":""},"class_list":["post-3413","page","type-page","status-publish","has-post-thumbnail","hentry"],"acf":[],"yoast_head":"<!-- This site is optimized with the Yoast SEO plugin v27.4 - https:\/\/yoast.com\/product\/yoast-seo-wordpress\/ -->\n<title>Istanbul Airport Departures - Istanbul International Airport (IST) - Turkey&#039;s new airport<\/title>\n<meta name=\"robots\" content=\"index, follow, max-snippet:-1, max-image-preview:large, max-video-preview:-1\" \/>\n<link rel=\"canonical\" href=\"https:\/\/istanbul-ist-international-airport.com\/fr\/departures\/\" \/>\n<meta property=\"og:locale\" content=\"fr_FR\" \/>\n<meta property=\"og:type\" content=\"article\" \/>\n<meta property=\"og:title\" content=\"Istanbul Airport Departures - Istanbul International Airport (IST) - Turkey&#039;s new airport\" \/>\n<meta property=\"og:description\" content=\"International flight status from Istanbul Airport When you start your active tour from the fabulous yet hectic Istanbul Airport, you probably have some desires about making your flight expectation and departure as full of comfort as it is possible and avoiding any specific difficulty related to active departure procedures and timings. You should agree that [&hellip;]\" \/>\n<meta property=\"og:url\" content=\"https:\/\/istanbul-ist-international-airport.com\/fr\/departures\/\" \/>\n<meta property=\"og:site_name\" content=\"Istanbul International Airport (IST) - Turkey&#039;s new airport\" \/>\n<meta property=\"article:modified_time\" content=\"2025-09-13T08:26:04+00:00\" \/>\n<meta property=\"og:image\" content=\"https:\/\/istanbul-ist-international-airport.com\/wp-content\/uploads\/2025\/09\/flights-scaled.jpg\" \/>\n\t<meta property=\"og:image:width\" content=\"2560\" \/>\n\t<meta property=\"og:image:height\" content=\"978\" \/>\n\t<meta property=\"og:image:type\" content=\"image\/jpeg\" \/>\n<meta name=\"twitter:card\" content=\"summary_large_image\" \/>\n<meta name=\"twitter:label1\" content=\"Dur\u00e9e de lecture estim\u00e9e\" \/>\n\t<meta name=\"twitter:data1\" content=\"4 minutes\" \/>\n<script type=\"application\/ld+json\" class=\"yoast-schema-graph\">{\"@context\":\"https:\\\/\\\/schema.org\",\"@graph\":[{\"@type\":\"WebPage\",\"@id\":\"https:\\\/\\\/istanbul-ist-international-airport.com\\\/fr\\\/departures\\\/\",\"url\":\"https:\\\/\\\/istanbul-ist-international-airport.com\\\/fr\\\/departures\\\/\",\"name\":\"Istanbul Airport Departures - Istanbul International Airport (IST) - Turkey&#039;s new airport\",\"isPartOf\":{\"@id\":\"https:\\\/\\\/istanbul-ist-international-airport.com\\\/fr\\\/#website\"},\"primaryImageOfPage\":{\"@id\":\"https:\\\/\\\/istanbul-ist-international-airport.com\\\/fr\\\/departures\\\/#primaryimage\"},\"image\":{\"@id\":\"https:\\\/\\\/istanbul-ist-international-airport.com\\\/fr\\\/departures\\\/#primaryimage\"},\"thumbnailUrl\":\"https:\\\/\\\/istanbul-ist-international-airport.com\\\/wp-content\\\/uploads\\\/2025\\\/09\\\/flights-scaled.jpg\",\"datePublished\":\"2025-09-10T14:14:43+00:00\",\"dateModified\":\"2025-09-13T08:26:04+00:00\",\"breadcrumb\":{\"@id\":\"https:\\\/\\\/istanbul-ist-international-airport.com\\\/fr\\\/departures\\\/#breadcrumb\"},\"inLanguage\":\"fr-FR\",\"potentialAction\":[{\"@type\":\"ReadAction\",\"target\":[\"https:\\\/\\\/istanbul-ist-international-airport.com\\\/fr\\\/departures\\\/\"]}]},{\"@type\":\"ImageObject\",\"inLanguage\":\"fr-FR\",\"@id\":\"https:\\\/\\\/istanbul-ist-international-airport.com\\\/fr\\\/departures\\\/#primaryimage\",\"url\":\"https:\\\/\\\/istanbul-ist-international-airport.com\\\/wp-content\\\/uploads\\\/2025\\\/09\\\/flights-scaled.jpg\",\"contentUrl\":\"https:\\\/\\\/istanbul-ist-international-airport.com\\\/wp-content\\\/uploads\\\/2025\\\/09\\\/flights-scaled.jpg\",\"width\":2560,\"height\":978},{\"@type\":\"BreadcrumbList\",\"@id\":\"https:\\\/\\\/istanbul-ist-international-airport.com\\\/fr\\\/departures\\\/#breadcrumb\",\"itemListElement\":[{\"@type\":\"ListItem\",\"position\":1,\"name\":\"Home\",\"item\":\"https:\\\/\\\/istanbul-ist-international-airport.com\\\/\"},{\"@type\":\"ListItem\",\"position\":2,\"name\":\"Istanbul Airport Departures\"}]},{\"@type\":\"WebSite\",\"@id\":\"https:\\\/\\\/istanbul-ist-international-airport.com\\\/fr\\\/#website\",\"url\":\"https:\\\/\\\/istanbul-ist-international-airport.com\\\/fr\\\/\",\"name\":\"Istanbul International Airport (IST) - Turkey&#039;s new airport\",\"description\":\"Navigating Istanbul International Airport: A Traveler\u2019s Guide.\",\"potentialAction\":[{\"@type\":\"SearchAction\",\"target\":{\"@type\":\"EntryPoint\",\"urlTemplate\":\"https:\\\/\\\/istanbul-ist-international-airport.com\\\/fr\\\/?s={search_term_string}\"},\"query-input\":{\"@type\":\"PropertyValueSpecification\",\"valueRequired\":true,\"valueName\":\"search_term_string\"}}],\"inLanguage\":\"fr-FR\"}]}<\/script>\n<!-- \/ Yoast SEO plugin. -->","yoast_head_json":{"title":"D\u00e9parts de l'a\u00e9roport d'Istanbul - A\u00e9roport international d'Istanbul (IST) - Le nouvel a\u00e9roport de Turquie","robots":{"index":"index","follow":"follow","max-snippet":"max-snippet:-1","max-image-preview":"max-image-preview:large","max-video-preview":"max-video-preview:-1"},"canonical":"https:\/\/istanbul-ist-international-airport.com\/fr\/departures\/","og_locale":"fr_FR","og_type":"article","og_title":"Istanbul Airport Departures - Istanbul International Airport (IST) - Turkey&#039;s new airport","og_description":"International flight status from Istanbul Airport When you start your active tour from the fabulous yet hectic Istanbul Airport, you probably have some desires about making your flight expectation and departure as full of comfort as it is possible and avoiding any specific difficulty related to active departure procedures and timings. You should agree that [&hellip;]","og_url":"https:\/\/istanbul-ist-international-airport.com\/fr\/departures\/","og_site_name":"Istanbul International Airport (IST) - Turkey&#039;s new airport","article_modified_time":"2025-09-13T08:26:04+00:00","og_image":[{"width":2560,"height":978,"url":"https:\/\/istanbul-ist-international-airport.com\/wp-content\/uploads\/2025\/09\/flights-scaled.jpg","type":"image\/jpeg"}],"twitter_card":"summary_large_image","twitter_misc":{"Dur\u00e9e de lecture estim\u00e9e":"4 minutes"},"schema":{"@context":"https:\/\/schema.org","@graph":[{"@type":"WebPage","@id":"https:\/\/istanbul-ist-international-airport.com\/fr\/departures\/","url":"https:\/\/istanbul-ist-international-airport.com\/fr\/departures\/","name":"D\u00e9parts de l'a\u00e9roport d'Istanbul - A\u00e9roport international d'Istanbul (IST) - Le nouvel a\u00e9roport de Turquie","isPartOf":{"@id":"https:\/\/istanbul-ist-international-airport.com\/fr\/#website"},"primaryImageOfPage":{"@id":"https:\/\/istanbul-ist-international-airport.com\/fr\/departures\/#primaryimage"},"image":{"@id":"https:\/\/istanbul-ist-international-airport.com\/fr\/departures\/#primaryimage"},"thumbnailUrl":"https:\/\/istanbul-ist-international-airport.com\/wp-content\/uploads\/2025\/09\/flights-scaled.jpg","datePublished":"2025-09-10T14:14:43+00:00","dateModified":"2025-09-13T08:26:04+00:00","breadcrumb":{"@id":"https:\/\/istanbul-ist-international-airport.com\/fr\/departures\/#breadcrumb"},"inLanguage":"fr-FR","potentialAction":[{"@type":"ReadAction","target":["https:\/\/istanbul-ist-international-airport.com\/fr\/departures\/"]}]},{"@type":"ImageObject","inLanguage":"fr-FR","@id":"https:\/\/istanbul-ist-international-airport.com\/fr\/departures\/#primaryimage","url":"https:\/\/istanbul-ist-international-airport.com\/wp-content\/uploads\/2025\/09\/flights-scaled.jpg","contentUrl":"https:\/\/istanbul-ist-international-airport.com\/wp-content\/uploads\/2025\/09\/flights-scaled.jpg","width":2560,"height":978},{"@type":"BreadcrumbList","@id":"https:\/\/istanbul-ist-international-airport.com\/fr\/departures\/#breadcrumb","itemListElement":[{"@type":"ListItem","position":1,"name":"Home","item":"https:\/\/istanbul-ist-international-airport.com\/"},{"@type":"ListItem","position":2,"name":"Istanbul Airport Departures"}]},{"@type":"WebSite","@id":"https:\/\/istanbul-ist-international-airport.com\/fr\/#website","url":"https:\/\/istanbul-ist-international-airport.com\/fr\/","name":"Istanbul International Airport (IST) - Turkey&#039;s new airport","description":"Navigating Istanbul International Airport: A Traveler\u2019s Guide.","potentialAction":[{"@type":"SearchAction","target":{"@type":"EntryPoint","urlTemplate":"https:\/\/istanbul-ist-international-airport.com\/fr\/?s={search_term_string}"},"query-input":{"@type":"PropertyValueSpecification","valueRequired":true,"valueName":"search_term_string"}}],"inLanguage":"fr-FR"}]}},"_links":{"self":[{"href":"https:\/\/istanbul-ist-international-airport.com\/fr\/wp-json\/wp\/v2\/pages\/3413","targetHints":{"allow":["GET"]}}],"collection":[{"href":"https:\/\/istanbul-ist-international-airport.com\/fr\/wp-json\/wp\/v2\/pages"}],"about":[{"href":"https:\/\/istanbul-ist-international-airport.com\/fr\/wp-json\/wp\/v2\/types\/page"}],"author":[{"embeddable":true,"href":"https:\/\/istanbul-ist-international-airport.com\/fr\/wp-json\/wp\/v2\/users\/1"}],"replies":[{"embeddable":true,"href":"https:\/\/istanbul-ist-international-airport.com\/fr\/wp-json\/wp\/v2\/comments?post=3413"}],"version-history":[{"count":2,"href":"https:\/\/istanbul-ist-international-airport.com\/fr\/wp-json\/wp\/v2\/pages\/3413\/revisions"}],"predecessor-version":[{"id":3670,"href":"https:\/\/istanbul-ist-international-airport.com\/fr\/wp-json\/wp\/v2\/pages\/3413\/revisions\/3670"}],"wp:featuredmedia":[{"embeddable":true,"href":"https:\/\/istanbul-ist-international-airport.com\/fr\/wp-json\/wp\/v2\/media\/3652"}],"wp:attachment":[{"href":"https:\/\/istanbul-ist-international-airport.com\/fr\/wp-json\/wp\/v2\/media?parent=3413"}],"curies":[{"name":"wp","href":"https:\/\/api.w.org\/{rel}","templated":true}]}}