{"id":3437,"date":"2025-09-10T17:19:56","date_gmt":"2025-09-10T14:19:56","guid":{"rendered":"http:\/\/147.182.243.37\/?page_id=3437"},"modified":"2025-09-13T13:45:05","modified_gmt":"2025-09-13T10:45:05","slug":"ist-smoking-area","status":"publish","type":"page","link":"https:\/\/istanbul-ist-international-airport.com\/fr\/ist-smoking-area\/","title":{"rendered":"Zone fumeur de l'a\u00e9roport international d'Istanbul"},"content":{"rendered":"<h2 itemprop=\"alternateName\" class=\"wp-block-heading\"><strong>Confort fumeur \u00e0 l'a\u00e9roport : d\u00e9couvrir des endroits confortables pour un fumeur \u00e0 IST<\/strong><\/h2>\n\n\n\n<p>La Turquie, comme l'Espagne, l'Am\u00e9rique du Nord et l'Italie, est connue pour ses niveaux \u00e9lev\u00e9s de consommateurs de nicotine. La tradition de fumer y est forte, et m\u00eame \u00e0 une \u00e9poque o\u00f9 la soci\u00e9t\u00e9 mondiale lutte contre le tabagisme et tente de r\u00e9duire la consommation de tabac, l'a\u00e9roport d'Istanbul reste un endroit confortable pour les passagers qui pr\u00e9f\u00e8rent fumer du tabac.<br>Bien s\u00fbr, vous pouvez faire valoir votre droit de fumer uniquement dans des zones limit\u00e9es autour de l'a\u00e9roport d'Istanbul. Il est interdit de fumer \u00e0 l'int\u00e9rieur du b\u00e2timent de l'a\u00e9roport, sauf dans une zone sp\u00e9ciale qui est marqu\u00e9e et situ\u00e9e de mani\u00e8re \u00e0 ne pas d\u00e9ranger les autres voyageurs.<br>Dans cet article de blog, nous allons examiner o\u00f9 trouver un espace fumeur dans l'a\u00e9roport pour les passagers des vols nationaux et internationaux. Nous avons d\u00e9cid\u00e9 de rendre la solution logique et pratique pour les visiteurs de l'a\u00e9roport. Par cons\u00e9quent, nous d\u00e9crirons chaque espace fumeur li\u00e9 \u00e0 une porte sp\u00e9cifique afin de permettre aux amateurs de tabac de v\u00e9rifier facilement et confortablement leur adresse et d'obtenir un plan des terrasses r\u00e9serv\u00e9es aux fumeurs juste avant leur d\u00e9part ou avant leur arriv\u00e9e \u00e0 l'a\u00e9roport d'Istanbul.<br>En g\u00e9n\u00e9ral, l'a\u00e9roport d'Istanbul offre 13 zones fumeurs \u00e0 ses passagers. Trois d'entre elles sont situ\u00e9es c\u00f4t\u00e9 piste domestique, tandis que dix sont disponibles pour les passagers c\u00f4t\u00e9 piste internationale.<\/p>\n\n\n\n<p><strong>Zone fumeur IST pr\u00e8s des portes A<\/strong><\/p>\n\n\n\n<p>Si vous avez un vol \u00e0 prendre aux portes A, il y a une terrasse pour fumeurs \u00e0 laquelle vous pouvez acc\u00e9der. Elle est situ\u00e9e pr\u00e8s de la zone d'enregistrement et vous pouvez la trouver en utilisant ce lien vers la carte du site web de l'a\u00e9roport d'Istanbul ou vous pouvez simplement contacter le personnel de l'a\u00e9roport pour leur demander o\u00f9 la trouver. Une autre terrasse pour fumeurs, la plus proche des portes A, est situ\u00e9e pr\u00e8s de la porte A11. Vous pouvez donc vous y rendre lorsque vous partez pour l'Europe ou l'Asie depuis cette porte. Si votre vol est attribu\u00e9 aux portes A plus proches de la section des portes B, il y a un espace fumeur int\u00e9rieur pr\u00e8s de A-B Gourmet Trilogy.<\/p>\n\n\n\n<h2 itemprop=\"alternateName\" class=\"wp-block-heading\"><strong>Zone fumeurs IST pr\u00e8s des portes B<\/strong><\/h2>\n\n\n\n<p>Pour les portes B, il y a une zone fumeur interm\u00e9diaire pr\u00e8s du A-B Gourmet Trilogy. Une autre terrasse o\u00f9 un fumeur peut entrer pour prendre une portion de tabac est situ\u00e9e pr\u00e8s de la porte B18 et il y a une terrasse sp\u00e9ciale Fresh Air o\u00f9 les fumeurs sont autoris\u00e9s pr\u00e8s de la porte B1.<\/p>\n\n\n\n<h2 itemprop=\"alternateName\" class=\"wp-block-heading\"><strong>Zone fumeur IST pr\u00e8s des portes C<\/strong><\/h2>\n\n\n\n<p>Les visiteurs des portes C sont invit\u00e9s \u00e0 fumer sur le balcon qui se trouve pr\u00e8s de la porte C1, \u00e0 proximit\u00e9 de Napzone.<\/p>\n\n\n\n<h2 itemprop=\"alternateName\" class=\"wp-block-heading\"><strong>Zone fumeur IST pr\u00e8s des portes D<\/strong><\/h2>\n\n\n\n<p>Si l'on parle de la zone fumeurs des portes D \u00e0 l'a\u00e9roport d'Istanbul, il n'y a qu'une seule option pour les amateurs de tabac, \u00e0 c\u00f4t\u00e9 de la porte D16.<\/p>\n\n\n\n<h2 itemprop=\"alternateName\" class=\"wp-block-heading\"><strong>Les zones fumeurs IST pr\u00e8s des portes E ferment<\/strong><\/h2>\n\n\n\n<p>Si vous souhaitez acc\u00e9der \u00e0 la zone fumeurs de l'a\u00e9roport international d'Istanbul pr\u00e8s des portes E, il est pr\u00e9f\u00e9rable de chercher d'autres zones de portes \u00e0 proximit\u00e9, car il n'y a pas de zones sp\u00e9ciales dans cette section. Cependant, vous pouvez satisfaire vos r\u00e9cepteurs de nicotine sur la terrasse fumeur F13.<\/p>\n\n\n\n<h2 itemprop=\"alternateName\" class=\"wp-block-heading\"><strong>Zone fumeur IST pr\u00e8s des portes F<\/strong><\/h2>\n\n\n\n<p>Pour les portes F, l'a\u00e9roport d'Istanbul offre 2 superbes terrasses pour fumer une cigarette ou une pipe.<\/p>\n\n\n\n<ul class=\"wp-block-list\">\n<li>Le premier est pr\u00e8s de la porte F13 et c'est une terrasse de type lounge.<\/li>\n\n\n\n<li>Le second se trouve de l'autre c\u00f4t\u00e9 de la Porte 8.<\/li>\n<\/ul>\n\n\n\n<h2 itemprop=\"alternateName\" class=\"wp-block-heading\"><strong>Les zones fumeurs IST pr\u00e8s des portes G ferment.<\/strong><\/h2>\n\n\n\n<p>La seule zone fumeurs pr\u00e8s des portes\u00a0G est situ\u00e9e pr\u00e8s de la porte\u00a0G11. Vous pouvez trouver ses vues et ses coordonn\u00e9es en utilisant ce lien.<br>Outre l'espace fumeurs situ\u00e9 pr\u00e8s de la porte d'embarquement, il existe \u00e9galement quelques zones fumeurs gratuites du c\u00f4t\u00e9 national et dans la partie centrale de l'a\u00e9roport. Ainsi, les passagers dont le d\u00e9part se fait depuis les zones nationales peuvent fumer soit sur la terrasse pr\u00e8s de l'entr\u00e9e de l'aire de restauration, soit utiliser le balcon de l'aire de restauration.<br>Si vous cherchez un espace fumeur pr\u00e8s des entr\u00e9es de l'a\u00e9roport d'Istanbul, il y en a deux \u00e0 l'\u00e9tage des d\u00e9parts, aux zones d'enregistrement A et C. De plus, il y a deux zones pr\u00e8s des tapis de livraison des bagages \u2013 une pour les passagers nationaux et une pour les passagers internationaux.<br>Si vous commencez votre voyage \u00e0 l'a\u00e9roport d'Istanbul, il est essentiel de vous renseigner sur les zones fumeurs si vous \u00eates fumeur. Nous esp\u00e9rons que les informations que nous vous avons fournies sur chaque zone fumeur d'IST vous seront utiles. Dans tous les cas, il est \u00e9galement indispensable de v\u00e9rifier quelles zones sont op\u00e9rationnelles le jour de votre d\u00e9part\/arriv\u00e9e\/transfert, et vous pouvez le faire sur le site officiel de l'a\u00e9roport o\u00f9 les mises \u00e0 jour pertinentes sont publi\u00e9es. Acceptez simplement la politique de confidentialit\u00e9 et entrez sur cette page ou contactez l'\u00e9quipe de l'a\u00e9roport par t\u00e9l\u00e9phone ou par e-mail pour obtenir des d\u00e9tails sur le fonctionnement de chaque zone fumeur.<\/p>","protected":false},"excerpt":{"rendered":"<p>Le confort de fumer \u00e0 l'a\u00e9roport : d\u00e9couvrir des endroits confortables pour un fumeur \u00e0 IST Turquie, comme l'Espagne, l'Am\u00e9rique du Nord et l'Italie, est connu pour ses niveaux \u00e9lev\u00e9s de consommateurs de nicotine. La tradition de fumer y est forte, et m\u00eame \u00e0 une \u00e9poque o\u00f9 la soci\u00e9t\u00e9 mondiale lutte contre le tabagisme et tente de r\u00e9duire la consommation de tabac, l'a\u00e9roport d'Istanbul reste un [\u2026]<\/p>","protected":false},"author":1,"featured_media":3711,"parent":0,"menu_order":0,"comment_status":"closed","ping_status":"closed","template":"home.php","meta":{"_acf_changed":false,"footnotes":""},"class_list":["post-3437","page","type-page","status-publish","has-post-thumbnail","hentry"],"acf":[],"yoast_head":"<!-- This site is optimized with the Yoast SEO plugin v27.4 - https:\/\/yoast.com\/product\/yoast-seo-wordpress\/ -->\n<title>Istanbul International Airport smoking area - Istanbul International Airport (IST) - Turkey&#039;s new airport<\/title>\n<meta name=\"robots\" content=\"index, follow, max-snippet:-1, max-image-preview:large, max-video-preview:-1\" \/>\n<link rel=\"canonical\" href=\"https:\/\/istanbul-ist-international-airport.com\/fr\/ist-smoking-area\/\" \/>\n<meta property=\"og:locale\" content=\"fr_FR\" \/>\n<meta property=\"og:type\" content=\"article\" \/>\n<meta property=\"og:title\" content=\"Istanbul International Airport smoking area - Istanbul International Airport (IST) - Turkey&#039;s new airport\" \/>\n<meta property=\"og:description\" content=\"Smoking comfort in the airport: discovering comfortable spots for a smoker in IST Turkey, like Spain, North America, and Italy, is known for high levels of nicotine consumers. The tradition of smoking is strong there, and even in times when the world society fights smoking and tries to reduce tobacco consumption, Istanbul Airport remains a [&hellip;]\" \/>\n<meta property=\"og:url\" content=\"https:\/\/istanbul-ist-international-airport.com\/fr\/ist-smoking-area\/\" \/>\n<meta property=\"og:site_name\" content=\"Istanbul International Airport (IST) - Turkey&#039;s new airport\" \/>\n<meta property=\"article:modified_time\" content=\"2025-09-13T10:45:05+00:00\" \/>\n<meta property=\"og:image\" content=\"https:\/\/istanbul-ist-international-airport.com\/wp-content\/uploads\/2025\/09\/smoking-scaled-1.jpg\" \/>\n\t<meta property=\"og:image:width\" content=\"2560\" \/>\n\t<meta property=\"og:image:height\" content=\"1393\" \/>\n\t<meta property=\"og:image:type\" content=\"image\/jpeg\" \/>\n<meta name=\"twitter:card\" content=\"summary_large_image\" \/>\n<meta name=\"twitter:label1\" content=\"Dur\u00e9e de lecture estim\u00e9e\" \/>\n\t<meta name=\"twitter:data1\" content=\"4 minutes\" \/>\n<script type=\"application\/ld+json\" class=\"yoast-schema-graph\">{\"@context\":\"https:\\\/\\\/schema.org\",\"@graph\":[{\"@type\":\"WebPage\",\"@id\":\"https:\\\/\\\/istanbul-ist-international-airport.com\\\/fr\\\/ist-smoking-area\\\/\",\"url\":\"https:\\\/\\\/istanbul-ist-international-airport.com\\\/fr\\\/ist-smoking-area\\\/\",\"name\":\"Istanbul International Airport smoking area - Istanbul International Airport (IST) - Turkey&#039;s new airport\",\"isPartOf\":{\"@id\":\"https:\\\/\\\/istanbul-ist-international-airport.com\\\/fr\\\/#website\"},\"primaryImageOfPage\":{\"@id\":\"https:\\\/\\\/istanbul-ist-international-airport.com\\\/fr\\\/ist-smoking-area\\\/#primaryimage\"},\"image\":{\"@id\":\"https:\\\/\\\/istanbul-ist-international-airport.com\\\/fr\\\/ist-smoking-area\\\/#primaryimage\"},\"thumbnailUrl\":\"https:\\\/\\\/istanbul-ist-international-airport.com\\\/wp-content\\\/uploads\\\/2025\\\/09\\\/smoking-scaled-1.jpg\",\"datePublished\":\"2025-09-10T14:19:56+00:00\",\"dateModified\":\"2025-09-13T10:45:05+00:00\",\"breadcrumb\":{\"@id\":\"https:\\\/\\\/istanbul-ist-international-airport.com\\\/fr\\\/ist-smoking-area\\\/#breadcrumb\"},\"inLanguage\":\"fr-FR\",\"potentialAction\":[{\"@type\":\"ReadAction\",\"target\":[\"https:\\\/\\\/istanbul-ist-international-airport.com\\\/fr\\\/ist-smoking-area\\\/\"]}]},{\"@type\":\"ImageObject\",\"inLanguage\":\"fr-FR\",\"@id\":\"https:\\\/\\\/istanbul-ist-international-airport.com\\\/fr\\\/ist-smoking-area\\\/#primaryimage\",\"url\":\"https:\\\/\\\/istanbul-ist-international-airport.com\\\/wp-content\\\/uploads\\\/2025\\\/09\\\/smoking-scaled-1.jpg\",\"contentUrl\":\"https:\\\/\\\/istanbul-ist-international-airport.com\\\/wp-content\\\/uploads\\\/2025\\\/09\\\/smoking-scaled-1.jpg\",\"width\":2560,\"height\":1393},{\"@type\":\"BreadcrumbList\",\"@id\":\"https:\\\/\\\/istanbul-ist-international-airport.com\\\/fr\\\/ist-smoking-area\\\/#breadcrumb\",\"itemListElement\":[{\"@type\":\"ListItem\",\"position\":1,\"name\":\"Home\",\"item\":\"https:\\\/\\\/istanbul-ist-international-airport.com\\\/\"},{\"@type\":\"ListItem\",\"position\":2,\"name\":\"Istanbul International Airport smoking area\"}]},{\"@type\":\"WebSite\",\"@id\":\"https:\\\/\\\/istanbul-ist-international-airport.com\\\/fr\\\/#website\",\"url\":\"https:\\\/\\\/istanbul-ist-international-airport.com\\\/fr\\\/\",\"name\":\"Istanbul International Airport (IST) - Turkey&#039;s new airport\",\"description\":\"Navigating Istanbul International Airport: A Traveler\u2019s Guide.\",\"potentialAction\":[{\"@type\":\"SearchAction\",\"target\":{\"@type\":\"EntryPoint\",\"urlTemplate\":\"https:\\\/\\\/istanbul-ist-international-airport.com\\\/fr\\\/?s={search_term_string}\"},\"query-input\":{\"@type\":\"PropertyValueSpecification\",\"valueRequired\":true,\"valueName\":\"search_term_string\"}}],\"inLanguage\":\"fr-FR\"}]}<\/script>\n<!-- \/ Yoast SEO plugin. -->","yoast_head_json":{"title":"Zone fumeurs de l'a\u00e9roport international d'Istanbul - A\u00e9roport international d'Istanbul (IST) - Le nouvel a\u00e9roport de Turquie","robots":{"index":"index","follow":"follow","max-snippet":"max-snippet:-1","max-image-preview":"max-image-preview:large","max-video-preview":"max-video-preview:-1"},"canonical":"https:\/\/istanbul-ist-international-airport.com\/fr\/ist-smoking-area\/","og_locale":"fr_FR","og_type":"article","og_title":"Istanbul International Airport smoking area - Istanbul International Airport (IST) - Turkey&#039;s new airport","og_description":"Smoking comfort in the airport: discovering comfortable spots for a smoker in IST Turkey, like Spain, North America, and Italy, is known for high levels of nicotine consumers. The tradition of smoking is strong there, and even in times when the world society fights smoking and tries to reduce tobacco consumption, Istanbul Airport remains a [&hellip;]","og_url":"https:\/\/istanbul-ist-international-airport.com\/fr\/ist-smoking-area\/","og_site_name":"Istanbul International Airport (IST) - Turkey&#039;s new airport","article_modified_time":"2025-09-13T10:45:05+00:00","og_image":[{"width":2560,"height":1393,"url":"https:\/\/istanbul-ist-international-airport.com\/wp-content\/uploads\/2025\/09\/smoking-scaled-1.jpg","type":"image\/jpeg"}],"twitter_card":"summary_large_image","twitter_misc":{"Dur\u00e9e de lecture estim\u00e9e":"4 minutes"},"schema":{"@context":"https:\/\/schema.org","@graph":[{"@type":"WebPage","@id":"https:\/\/istanbul-ist-international-airport.com\/fr\/ist-smoking-area\/","url":"https:\/\/istanbul-ist-international-airport.com\/fr\/ist-smoking-area\/","name":"Zone fumeurs de l'a\u00e9roport international d'Istanbul - A\u00e9roport international d'Istanbul (IST) - Le nouvel a\u00e9roport de Turquie","isPartOf":{"@id":"https:\/\/istanbul-ist-international-airport.com\/fr\/#website"},"primaryImageOfPage":{"@id":"https:\/\/istanbul-ist-international-airport.com\/fr\/ist-smoking-area\/#primaryimage"},"image":{"@id":"https:\/\/istanbul-ist-international-airport.com\/fr\/ist-smoking-area\/#primaryimage"},"thumbnailUrl":"https:\/\/istanbul-ist-international-airport.com\/wp-content\/uploads\/2025\/09\/smoking-scaled-1.jpg","datePublished":"2025-09-10T14:19:56+00:00","dateModified":"2025-09-13T10:45:05+00:00","breadcrumb":{"@id":"https:\/\/istanbul-ist-international-airport.com\/fr\/ist-smoking-area\/#breadcrumb"},"inLanguage":"fr-FR","potentialAction":[{"@type":"ReadAction","target":["https:\/\/istanbul-ist-international-airport.com\/fr\/ist-smoking-area\/"]}]},{"@type":"ImageObject","inLanguage":"fr-FR","@id":"https:\/\/istanbul-ist-international-airport.com\/fr\/ist-smoking-area\/#primaryimage","url":"https:\/\/istanbul-ist-international-airport.com\/wp-content\/uploads\/2025\/09\/smoking-scaled-1.jpg","contentUrl":"https:\/\/istanbul-ist-international-airport.com\/wp-content\/uploads\/2025\/09\/smoking-scaled-1.jpg","width":2560,"height":1393},{"@type":"BreadcrumbList","@id":"https:\/\/istanbul-ist-international-airport.com\/fr\/ist-smoking-area\/#breadcrumb","itemListElement":[{"@type":"ListItem","position":1,"name":"Home","item":"https:\/\/istanbul-ist-international-airport.com\/"},{"@type":"ListItem","position":2,"name":"Istanbul International Airport smoking area"}]},{"@type":"WebSite","@id":"https:\/\/istanbul-ist-international-airport.com\/fr\/#website","url":"https:\/\/istanbul-ist-international-airport.com\/fr\/","name":"Istanbul International Airport (IST) - Turkey&#039;s new airport","description":"Navigating Istanbul International Airport: A Traveler\u2019s Guide.","potentialAction":[{"@type":"SearchAction","target":{"@type":"EntryPoint","urlTemplate":"https:\/\/istanbul-ist-international-airport.com\/fr\/?s={search_term_string}"},"query-input":{"@type":"PropertyValueSpecification","valueRequired":true,"valueName":"search_term_string"}}],"inLanguage":"fr-FR"}]}},"_links":{"self":[{"href":"https:\/\/istanbul-ist-international-airport.com\/fr\/wp-json\/wp\/v2\/pages\/3437","targetHints":{"allow":["GET"]}}],"collection":[{"href":"https:\/\/istanbul-ist-international-airport.com\/fr\/wp-json\/wp\/v2\/pages"}],"about":[{"href":"https:\/\/istanbul-ist-international-airport.com\/fr\/wp-json\/wp\/v2\/types\/page"}],"author":[{"embeddable":true,"href":"https:\/\/istanbul-ist-international-airport.com\/fr\/wp-json\/wp\/v2\/users\/1"}],"replies":[{"embeddable":true,"href":"https:\/\/istanbul-ist-international-airport.com\/fr\/wp-json\/wp\/v2\/comments?post=3437"}],"version-history":[{"count":2,"href":"https:\/\/istanbul-ist-international-airport.com\/fr\/wp-json\/wp\/v2\/pages\/3437\/revisions"}],"predecessor-version":[{"id":3713,"href":"https:\/\/istanbul-ist-international-airport.com\/fr\/wp-json\/wp\/v2\/pages\/3437\/revisions\/3713"}],"wp:featuredmedia":[{"embeddable":true,"href":"https:\/\/istanbul-ist-international-airport.com\/fr\/wp-json\/wp\/v2\/media\/3711"}],"wp:attachment":[{"href":"https:\/\/istanbul-ist-international-airport.com\/fr\/wp-json\/wp\/v2\/media?parent=3437"}],"curies":[{"name":"wp","href":"https:\/\/api.w.org\/{rel}","templated":true}]}}