{"id":3439,"date":"2025-09-10T17:20:06","date_gmt":"2025-09-10T14:20:06","guid":{"rendered":"http:\/\/147.182.243.37\/?page_id=3439"},"modified":"2025-09-13T13:48:25","modified_gmt":"2025-09-13T10:48:25","slug":"istanbul-airport-transportation","status":"publish","type":"page","link":"https:\/\/istanbul-ist-international-airport.com\/fr\/istanbul-airport-transportation\/","title":{"rendered":"Istanbul Airport Transportation"},"content":{"rendered":"<h2 itemprop=\"alternateName\" class=\"wp-block-heading\"><strong>Taxis<\/strong><\/h2>\n\n\n\n<p>Une fois que vous arrivez \u00e0&nbsp;<a href=\"https:\/\/istanbul-ist-international-airport.com\/\">Nouvel a\u00e9roport international d'Istanbul<\/a>, vous avez plusieurs options pour atteindre votre destination souhait\u00e9e. Un choix pratique est de profiter des services de taxi disponibles \u00e0 l'a\u00e9roport. Les taxis \u00e0 Istanbul sont class\u00e9s en trois cat\u00e9gories en fonction de leur niveau de confort et d'accessibilit\u00e9 financi\u00e8re. Les taxis oranges appartiennent \u00e0 la classe \u00e9conomique, offrant les tarifs les plus avantageux. Si vous pr\u00e9f\u00e9rez une course plus confortable, vous pouvez opter pour les taxis bleus, qui sont l\u00e9g\u00e8rement plus chers mais offrent une meilleure exp\u00e9rience. Et pour ceux qui privil\u00e9gient le luxe et le confort, les taxis noirs offrent la course la plus somptueuse, bien qu'\u00e0 un co\u00fbt plus \u00e9lev\u00e9. En moyenne, un trajet en taxi de 40 minutes vous co\u00fbtera environ 17 \u20ac ($16.90, soit 310 \u20ba), mais veuillez noter que les prix et le temps de trajet peuvent varier en fonction des conditions de circulation.<\/p>\n\n\n\n<h2 itemprop=\"alternateName\" class=\"wp-block-heading\"><strong>Bus<\/strong><\/h2>\n\n\n\n<p>Alternativement, vous pouvez \u00e9galement choisir de prendre un bus de l'a\u00e9roport d'Istanbul au centre-ville. Les bus Hawaist et IETT circulent \u00e0 intervalles fr\u00e9quents et sont disponibles 24 heures sur 24, assurant ainsi la commodit\u00e9 des voyageurs. Les tarifs des bus varient entre 15,33 et 85 lires turques (soit l'\u00e9quivalent de 0,84 \u00e0 4,66 euros ou 0,80 \u00e0 4,60 $) selon le trajet choisi.<\/p>\n\n\n\n<h2 itemprop=\"alternateName\" class=\"wp-block-heading\"><strong>Metro<\/strong><\/h2>\n\n\n\n<p>Pour une option plus rapide et plus rentable, la nouvelle ligne de m\u00e9tro M11 \u00ab Hayrettepe \u2013 Nouvel a\u00e9roport d'Istanbul \u00bb est d\u00e9sormais op\u00e9rationnelle. Cette ligne de m\u00e9tro relie l'a\u00e9roport d'Istanbul \u00e0 Kayasem en seulement 24 minutes. Bien qu'elle s'arr\u00eate actuellement \u00e0 Kayasem, il est pr\u00e9vu de prolonger la ligne jusqu'\u00e0 Hayrettepe. Choisir le m\u00e9tro vous offrira un moyen pratique, abordable et efficace d'arriver et de partir de l'a\u00e9roport.<\/p>\n\n\n\n<h2 itemprop=\"alternateName\" class=\"wp-block-heading\"><a href=\"https:\/\/istanbul-ist-international-airport.com\/istanbul-private-transfer\/\"><strong>Transfert a\u00e9roport priv\u00e9<\/strong><\/a><\/h2>\n\n\n\n<p>Si vous pr\u00e9f\u00e9rez les services de transport personnalis\u00e9s, des soci\u00e9t\u00e9s de transfert priv\u00e9es sont disponibles \u00e0 l'a\u00e9roport d'Istanbul. Ces services offrent des chauffeurs priv\u00e9s qui vous aideront volontiers avec vos bagages et vous assureront un voyage rapide et confortable jusqu'\u00e0 votre h\u00e9bergement \u00e0 Istanbul. Cette option est particuli\u00e8rement adapt\u00e9e \u00e0 ceux qui recherchent une exp\u00e9rience de voyage d\u00e9di\u00e9e et sans tracas.<\/p>\n\n\n\n<h2 itemprop=\"alternateName\" class=\"wp-block-heading\"><a href=\"https:\/\/istanbul-ist-international-airport.com\/rent-a-car\/\"><strong>Location de voiture<\/strong><\/a><\/h2>\n\n\n\n<p>Par ailleurs, pour une libert\u00e9 et une flexibilit\u00e9 maximales afin d'explorer Istanbul \u00e0 votre guise, de nombreuses soci\u00e9t\u00e9s de location de voitures op\u00e8rent \u00e0 l'a\u00e9roport d'Istanbul. Ces soci\u00e9t\u00e9s offrent une large gamme de services, vous permettant de choisir la meilleure offre de location de voiture qui corresponde \u00e0 vos besoins. D\u00e9couvrez les options disponibles \u00e0 l'a\u00e9roport et choisissez le mode de transport le plus pratique pour votre s\u00e9jour \u00e0 Istanbul.<\/p>\n\n\n<div class=\"full-bg\">\n  <img decoding=\"async\" itemprop=\"image\" src=\"https:\/\/istanbul-ist-international-airport.com\/wp-content\/uploads\/2025\/09\/tr_line-scaled.jpg\" alt=\"image\">\n<\/div>\n\n\n<h2 itemprop=\"alternateName\" class=\"wp-block-heading\"><a href=\"https:\/\/istanbul-ist-international-airport.com\/istanbul-airport-to-istanbul-city-centre\/\"><strong>A\u00e9roport d'Istanbul \u2013 Centre-ville d'Istanbul<\/strong><\/a><\/h2>\n\n\n\n<p>Il existe plusieurs fa\u00e7ons de se rendre de l'a\u00e9roport d'Istanbul au centre-ville, le quartier de Sultanahmet. Si vous \u00eates int\u00e9ress\u00e9 par les transferts priv\u00e9s et la location de voitures, de nombreuses entreprises proposent ces services \u00e0 l'a\u00e9roport Atat\u00fcrk. Des taxis sont \u00e9galement disponibles \u00e0 l'a\u00e9roport \u00e0 toute heure de la journ\u00e9e. Les bus Havaist partent pour Sultanahmet toutes les 30 minutes. Alternativement, vous pouvez utiliser la nouvelle ligne de m\u00e9tro pour vous rendre au centre depuis l'a\u00e9roport.<\/p>\n\n\n\n<h2 itemprop=\"alternateName\" class=\"wp-block-heading\"><a href=\"https:\/\/istanbul-ist-international-airport.com\/taksim-square-to-istanbul-airport\/\"><strong>A\u00e9roport d'Istanbul \u2013 Taksim<\/strong><\/a><\/h2>\n\n\n\n<p>La place Taksim est le centre d'Istanbul moderne, attirant les habitants et les touristes. C'est un quartier pittoresque de la ville. Si votre h\u00e9bergement est situ\u00e9 ici, comment vous y rendre apr\u00e8s votre arriv\u00e9e \u00e0 l'a\u00e9roport international d'Istanbul ? Heureusement, il existe plusieurs options de transport de l'a\u00e9roport d'Istanbul \u00e0 la place Taksim.<\/p>\n\n\n\n<h2 itemprop=\"alternateName\" class=\"wp-block-heading\"><a href=\"https:\/\/istanbul-ist-international-airport.com\/sabiha-gokcen-airport-to-istanbul\/\"><strong>A\u00e9roport d'Istanbul \u2013 A\u00e9roport Sabiha G\u00f6k\u00e7en<\/strong><\/a><\/h2>\n\n\n\n<p>Les voyageurs peuvent se rendre de l'a\u00e9roport d'Istanbul \u00e0 l'a\u00e9roport Sabiha Gokcen, l'ancien a\u00e9roport de la ville, en taxi ou en bus. \u00c0 l'avenir, les voyageurs auront \u00e9galement la possibilit\u00e9 d'utiliser un nouveau train \u00e0 grande vitesse qui reliera les deux a\u00e9roports, r\u00e9duisant ainsi le temps de trajet et facilitant les transferts.<\/p>","protected":false},"excerpt":{"rendered":"<p>Taxis Une fois arriv\u00e9 au nouvel a\u00e9roport international d'Istanbul, vous avez plusieurs options pour atteindre votre destination souhait\u00e9e. Un choix pratique est de profiter des services de taxi disponibles \u00e0 l'a\u00e9roport. Les taxis \u00e0 Istanbul sont class\u00e9s en trois cat\u00e9gories en fonction de leur niveau de confort et d'accessibilit\u00e9 financi\u00e8re. Les taxis oranges appartiennent \u00e0 la classe \u00e9conomique, [...]<\/p>","protected":false},"author":1,"featured_media":3714,"parent":0,"menu_order":0,"comment_status":"closed","ping_status":"closed","template":"home.php","meta":{"_acf_changed":false,"footnotes":""},"class_list":["post-3439","page","type-page","status-publish","has-post-thumbnail","hentry"],"acf":[],"yoast_head":"<!-- This site is optimized with the Yoast SEO plugin v27.4 - https:\/\/yoast.com\/product\/yoast-seo-wordpress\/ -->\n<title>Istanbul Airport Transportation - Istanbul International Airport (IST) - Turkey&#039;s new airport<\/title>\n<meta name=\"robots\" content=\"index, follow, max-snippet:-1, max-image-preview:large, max-video-preview:-1\" \/>\n<link rel=\"canonical\" href=\"https:\/\/istanbul-ist-international-airport.com\/fr\/istanbul-airport-transportation\/\" \/>\n<meta property=\"og:locale\" content=\"fr_FR\" \/>\n<meta property=\"og:type\" content=\"article\" \/>\n<meta property=\"og:title\" content=\"Istanbul Airport Transportation - Istanbul International Airport (IST) - Turkey&#039;s new airport\" \/>\n<meta property=\"og:description\" content=\"Taxis Once you arrive at&nbsp;Istanbul new International Airport, you have various options to reach your desired destination. One convenient choice is to avail of the taxi services available at the airport. Taxis in Istanbul are classified into three categories based on their level of comfort and affordability. The orange taxis belong to the economy class, [&hellip;]\" \/>\n<meta property=\"og:url\" content=\"https:\/\/istanbul-ist-international-airport.com\/fr\/istanbul-airport-transportation\/\" \/>\n<meta property=\"og:site_name\" content=\"Istanbul International Airport (IST) - Turkey&#039;s new airport\" \/>\n<meta property=\"article:modified_time\" content=\"2025-09-13T10:48:25+00:00\" \/>\n<meta property=\"og:image\" content=\"https:\/\/istanbul-ist-international-airport.com\/wp-content\/uploads\/2025\/09\/tr.jpg\" \/>\n\t<meta property=\"og:image:width\" content=\"2160\" \/>\n\t<meta property=\"og:image:height\" content=\"825\" \/>\n\t<meta property=\"og:image:type\" content=\"image\/jpeg\" \/>\n<meta name=\"twitter:card\" content=\"summary_large_image\" \/>\n<meta name=\"twitter:label1\" content=\"Dur\u00e9e de lecture estim\u00e9e\" \/>\n\t<meta name=\"twitter:data1\" content=\"3 minutes\" \/>\n<script type=\"application\/ld+json\" class=\"yoast-schema-graph\">{\"@context\":\"https:\\\/\\\/schema.org\",\"@graph\":[{\"@type\":\"WebPage\",\"@id\":\"https:\\\/\\\/istanbul-ist-international-airport.com\\\/fr\\\/istanbul-airport-transportation\\\/\",\"url\":\"https:\\\/\\\/istanbul-ist-international-airport.com\\\/fr\\\/istanbul-airport-transportation\\\/\",\"name\":\"Istanbul Airport Transportation - Istanbul International Airport (IST) - Turkey&#039;s new airport\",\"isPartOf\":{\"@id\":\"https:\\\/\\\/istanbul-ist-international-airport.com\\\/fr\\\/#website\"},\"primaryImageOfPage\":{\"@id\":\"https:\\\/\\\/istanbul-ist-international-airport.com\\\/fr\\\/istanbul-airport-transportation\\\/#primaryimage\"},\"image\":{\"@id\":\"https:\\\/\\\/istanbul-ist-international-airport.com\\\/fr\\\/istanbul-airport-transportation\\\/#primaryimage\"},\"thumbnailUrl\":\"https:\\\/\\\/istanbul-ist-international-airport.com\\\/wp-content\\\/uploads\\\/2025\\\/09\\\/tr.jpg\",\"datePublished\":\"2025-09-10T14:20:06+00:00\",\"dateModified\":\"2025-09-13T10:48:25+00:00\",\"breadcrumb\":{\"@id\":\"https:\\\/\\\/istanbul-ist-international-airport.com\\\/fr\\\/istanbul-airport-transportation\\\/#breadcrumb\"},\"inLanguage\":\"fr-FR\",\"potentialAction\":[{\"@type\":\"ReadAction\",\"target\":[\"https:\\\/\\\/istanbul-ist-international-airport.com\\\/fr\\\/istanbul-airport-transportation\\\/\"]}]},{\"@type\":\"ImageObject\",\"inLanguage\":\"fr-FR\",\"@id\":\"https:\\\/\\\/istanbul-ist-international-airport.com\\\/fr\\\/istanbul-airport-transportation\\\/#primaryimage\",\"url\":\"https:\\\/\\\/istanbul-ist-international-airport.com\\\/wp-content\\\/uploads\\\/2025\\\/09\\\/tr.jpg\",\"contentUrl\":\"https:\\\/\\\/istanbul-ist-international-airport.com\\\/wp-content\\\/uploads\\\/2025\\\/09\\\/tr.jpg\",\"width\":2160,\"height\":825},{\"@type\":\"BreadcrumbList\",\"@id\":\"https:\\\/\\\/istanbul-ist-international-airport.com\\\/fr\\\/istanbul-airport-transportation\\\/#breadcrumb\",\"itemListElement\":[{\"@type\":\"ListItem\",\"position\":1,\"name\":\"Home\",\"item\":\"https:\\\/\\\/istanbul-ist-international-airport.com\\\/\"},{\"@type\":\"ListItem\",\"position\":2,\"name\":\"Istanbul Airport Transportation\"}]},{\"@type\":\"WebSite\",\"@id\":\"https:\\\/\\\/istanbul-ist-international-airport.com\\\/fr\\\/#website\",\"url\":\"https:\\\/\\\/istanbul-ist-international-airport.com\\\/fr\\\/\",\"name\":\"Istanbul International Airport (IST) - Turkey&#039;s new airport\",\"description\":\"Navigating Istanbul International Airport: A Traveler\u2019s Guide.\",\"potentialAction\":[{\"@type\":\"SearchAction\",\"target\":{\"@type\":\"EntryPoint\",\"urlTemplate\":\"https:\\\/\\\/istanbul-ist-international-airport.com\\\/fr\\\/?s={search_term_string}\"},\"query-input\":{\"@type\":\"PropertyValueSpecification\",\"valueRequired\":true,\"valueName\":\"search_term_string\"}}],\"inLanguage\":\"fr-FR\"}]}<\/script>\n<!-- \/ Yoast SEO plugin. -->","yoast_head_json":{"title":"Transport de l'a\u00e9roport d'Istanbul - A\u00e9roport international d'Istanbul (IST) - Le nouvel a\u00e9roport de la Turquie","robots":{"index":"index","follow":"follow","max-snippet":"max-snippet:-1","max-image-preview":"max-image-preview:large","max-video-preview":"max-video-preview:-1"},"canonical":"https:\/\/istanbul-ist-international-airport.com\/fr\/istanbul-airport-transportation\/","og_locale":"fr_FR","og_type":"article","og_title":"Istanbul Airport Transportation - Istanbul International Airport (IST) - Turkey&#039;s new airport","og_description":"Taxis Once you arrive at&nbsp;Istanbul new International Airport, you have various options to reach your desired destination. One convenient choice is to avail of the taxi services available at the airport. Taxis in Istanbul are classified into three categories based on their level of comfort and affordability. The orange taxis belong to the economy class, [&hellip;]","og_url":"https:\/\/istanbul-ist-international-airport.com\/fr\/istanbul-airport-transportation\/","og_site_name":"Istanbul International Airport (IST) - Turkey&#039;s new airport","article_modified_time":"2025-09-13T10:48:25+00:00","og_image":[{"width":2160,"height":825,"url":"https:\/\/istanbul-ist-international-airport.com\/wp-content\/uploads\/2025\/09\/tr.jpg","type":"image\/jpeg"}],"twitter_card":"summary_large_image","twitter_misc":{"Dur\u00e9e de lecture estim\u00e9e":"3 minutes"},"schema":{"@context":"https:\/\/schema.org","@graph":[{"@type":"WebPage","@id":"https:\/\/istanbul-ist-international-airport.com\/fr\/istanbul-airport-transportation\/","url":"https:\/\/istanbul-ist-international-airport.com\/fr\/istanbul-airport-transportation\/","name":"Transport de l'a\u00e9roport d'Istanbul - A\u00e9roport international d'Istanbul (IST) - Le nouvel a\u00e9roport de la Turquie","isPartOf":{"@id":"https:\/\/istanbul-ist-international-airport.com\/fr\/#website"},"primaryImageOfPage":{"@id":"https:\/\/istanbul-ist-international-airport.com\/fr\/istanbul-airport-transportation\/#primaryimage"},"image":{"@id":"https:\/\/istanbul-ist-international-airport.com\/fr\/istanbul-airport-transportation\/#primaryimage"},"thumbnailUrl":"https:\/\/istanbul-ist-international-airport.com\/wp-content\/uploads\/2025\/09\/tr.jpg","datePublished":"2025-09-10T14:20:06+00:00","dateModified":"2025-09-13T10:48:25+00:00","breadcrumb":{"@id":"https:\/\/istanbul-ist-international-airport.com\/fr\/istanbul-airport-transportation\/#breadcrumb"},"inLanguage":"fr-FR","potentialAction":[{"@type":"ReadAction","target":["https:\/\/istanbul-ist-international-airport.com\/fr\/istanbul-airport-transportation\/"]}]},{"@type":"ImageObject","inLanguage":"fr-FR","@id":"https:\/\/istanbul-ist-international-airport.com\/fr\/istanbul-airport-transportation\/#primaryimage","url":"https:\/\/istanbul-ist-international-airport.com\/wp-content\/uploads\/2025\/09\/tr.jpg","contentUrl":"https:\/\/istanbul-ist-international-airport.com\/wp-content\/uploads\/2025\/09\/tr.jpg","width":2160,"height":825},{"@type":"BreadcrumbList","@id":"https:\/\/istanbul-ist-international-airport.com\/fr\/istanbul-airport-transportation\/#breadcrumb","itemListElement":[{"@type":"ListItem","position":1,"name":"Home","item":"https:\/\/istanbul-ist-international-airport.com\/"},{"@type":"ListItem","position":2,"name":"Istanbul Airport Transportation"}]},{"@type":"WebSite","@id":"https:\/\/istanbul-ist-international-airport.com\/fr\/#website","url":"https:\/\/istanbul-ist-international-airport.com\/fr\/","name":"Istanbul International Airport (IST) - Turkey&#039;s new airport","description":"Navigating Istanbul International Airport: A Traveler\u2019s Guide.","potentialAction":[{"@type":"SearchAction","target":{"@type":"EntryPoint","urlTemplate":"https:\/\/istanbul-ist-international-airport.com\/fr\/?s={search_term_string}"},"query-input":{"@type":"PropertyValueSpecification","valueRequired":true,"valueName":"search_term_string"}}],"inLanguage":"fr-FR"}]}},"_links":{"self":[{"href":"https:\/\/istanbul-ist-international-airport.com\/fr\/wp-json\/wp\/v2\/pages\/3439","targetHints":{"allow":["GET"]}}],"collection":[{"href":"https:\/\/istanbul-ist-international-airport.com\/fr\/wp-json\/wp\/v2\/pages"}],"about":[{"href":"https:\/\/istanbul-ist-international-airport.com\/fr\/wp-json\/wp\/v2\/types\/page"}],"author":[{"embeddable":true,"href":"https:\/\/istanbul-ist-international-airport.com\/fr\/wp-json\/wp\/v2\/users\/1"}],"replies":[{"embeddable":true,"href":"https:\/\/istanbul-ist-international-airport.com\/fr\/wp-json\/wp\/v2\/comments?post=3439"}],"version-history":[{"count":2,"href":"https:\/\/istanbul-ist-international-airport.com\/fr\/wp-json\/wp\/v2\/pages\/3439\/revisions"}],"predecessor-version":[{"id":3718,"href":"https:\/\/istanbul-ist-international-airport.com\/fr\/wp-json\/wp\/v2\/pages\/3439\/revisions\/3718"}],"wp:featuredmedia":[{"embeddable":true,"href":"https:\/\/istanbul-ist-international-airport.com\/fr\/wp-json\/wp\/v2\/media\/3714"}],"wp:attachment":[{"href":"https:\/\/istanbul-ist-international-airport.com\/fr\/wp-json\/wp\/v2\/media?parent=3439"}],"curies":[{"name":"wp","href":"https:\/\/api.w.org\/{rel}","templated":true}]}}