{"id":3463,"date":"2025-09-10T17:22:12","date_gmt":"2025-09-10T14:22:12","guid":{"rendered":"http:\/\/147.182.243.37\/?page_id=3463"},"modified":"2025-09-13T14:33:05","modified_gmt":"2025-09-13T11:33:05","slug":"about","status":"publish","type":"page","link":"https:\/\/istanbul-ist-international-airport.com\/fr\/about\/","title":{"rendered":"About"},"content":{"rendered":"<h2 itemprop=\"alternateName\" class=\"wp-block-heading\"><strong>\u00c0 propos de nous<\/strong><\/h2>\n\n\n\n<p>Dans cette page web, vous trouverez toutes les informations concernant&nbsp;<a href=\"https:\/\/istanbul-ist-international-airport.com\/\">Istanbul International Airport (IST)<\/a>:<\/p>\n\n\n\n<ul class=\"wp-block-list\">\n<li>Vols (Arriv\u00e9es, D\u00e9parts et Compagnies a\u00e9riennes)<\/li>\n\n\n\n<li>Guides d'a\u00e9roport<\/li>\n\n\n\n<li>Installations de l'a\u00e9roport<\/li>\n\n\n\n<li>Informations sur le passager<\/li>\n\n\n\n<li>Transportation<\/li>\n<\/ul>\n\n\n\n<h2 itemprop=\"alternateName\" class=\"wp-block-heading\"><strong>Contact Info<\/strong><\/h2>\n\n\n\n<p><a href=\"mailto:info@airportglobe.com\">info@airportglobe.com<\/a><\/p>\n\n\n\n<h2 itemprop=\"alternateName\" class=\"wp-block-heading\"><strong>Useful Note<\/strong><\/h2>\n\n\n\n<p>We are pleased to welcome you to our website, which is an unofficial guide to Istanbul Airport, not directly or indirectly related to the official airport website. Our goal is to help all travelers by providing useful and up-to-date information about the airport.<\/p>\n\n\n\n<p>Although we have done our best to check the content on our website, it may contain errors or omissions for which we are not responsible.<\/p>","protected":false},"excerpt":{"rendered":"<p>About us In this webpage you can find all the information regarding&nbsp;Istanbul International Airport (IST): Contact Info info@airportglobe.com Useful Note We are pleased to welcome you to our website, which is an unofficial guide to Istanbul Airport, not directly or indirectly related to the official airport website. Our goal is to help all travelers by [&hellip;]<\/p>","protected":false},"author":1,"featured_media":3752,"parent":0,"menu_order":0,"comment_status":"closed","ping_status":"closed","template":"home.php","meta":{"_acf_changed":false,"footnotes":""},"class_list":["post-3463","page","type-page","status-publish","has-post-thumbnail","hentry"],"acf":[],"yoast_head":"<!-- This site is optimized with the Yoast SEO plugin v27.4 - https:\/\/yoast.com\/product\/yoast-seo-wordpress\/ -->\n<title>About - Istanbul International Airport (IST) - Turkey&#039;s new airport<\/title>\n<meta name=\"robots\" content=\"index, follow, max-snippet:-1, max-image-preview:large, max-video-preview:-1\" \/>\n<link rel=\"canonical\" href=\"https:\/\/istanbul-ist-international-airport.com\/fr\/about\/\" \/>\n<meta property=\"og:locale\" content=\"fr_FR\" \/>\n<meta property=\"og:type\" content=\"article\" \/>\n<meta property=\"og:title\" content=\"About - Istanbul International Airport (IST) - Turkey&#039;s new airport\" \/>\n<meta property=\"og:description\" content=\"About us In this webpage you can find all the information regarding&nbsp;Istanbul International Airport (IST): Contact Info info@airportglobe.com Useful Note We are pleased to welcome you to our website, which is an unofficial guide to Istanbul Airport, not directly or indirectly related to the official airport website. Our goal is to help all travelers by [&hellip;]\" \/>\n<meta property=\"og:url\" content=\"https:\/\/istanbul-ist-international-airport.com\/fr\/about\/\" \/>\n<meta property=\"og:site_name\" content=\"Istanbul International Airport (IST) - Turkey&#039;s new airport\" \/>\n<meta property=\"article:modified_time\" content=\"2025-09-13T11:33:05+00:00\" \/>\n<meta property=\"og:image\" content=\"https:\/\/istanbul-ist-international-airport.com\/wp-content\/uploads\/2025\/09\/about.jpg\" \/>\n\t<meta property=\"og:image:width\" content=\"2160\" \/>\n\t<meta property=\"og:image:height\" content=\"825\" \/>\n\t<meta property=\"og:image:type\" content=\"image\/jpeg\" \/>\n<meta name=\"twitter:card\" content=\"summary_large_image\" \/>\n<meta name=\"twitter:label1\" content=\"Dur\u00e9e de lecture estim\u00e9e\" \/>\n\t<meta name=\"twitter:data1\" content=\"1 minute\" \/>\n<script type=\"application\/ld+json\" class=\"yoast-schema-graph\">{\"@context\":\"https:\\\/\\\/schema.org\",\"@graph\":[{\"@type\":\"WebPage\",\"@id\":\"https:\\\/\\\/istanbul-ist-international-airport.com\\\/fr\\\/about\\\/\",\"url\":\"https:\\\/\\\/istanbul-ist-international-airport.com\\\/fr\\\/about\\\/\",\"name\":\"About - Istanbul International Airport (IST) - Turkey&#039;s new airport\",\"isPartOf\":{\"@id\":\"https:\\\/\\\/istanbul-ist-international-airport.com\\\/fr\\\/#website\"},\"primaryImageOfPage\":{\"@id\":\"https:\\\/\\\/istanbul-ist-international-airport.com\\\/fr\\\/about\\\/#primaryimage\"},\"image\":{\"@id\":\"https:\\\/\\\/istanbul-ist-international-airport.com\\\/fr\\\/about\\\/#primaryimage\"},\"thumbnailUrl\":\"https:\\\/\\\/istanbul-ist-international-airport.com\\\/wp-content\\\/uploads\\\/2025\\\/09\\\/about.jpg\",\"datePublished\":\"2025-09-10T14:22:12+00:00\",\"dateModified\":\"2025-09-13T11:33:05+00:00\",\"breadcrumb\":{\"@id\":\"https:\\\/\\\/istanbul-ist-international-airport.com\\\/fr\\\/about\\\/#breadcrumb\"},\"inLanguage\":\"fr-FR\",\"potentialAction\":[{\"@type\":\"ReadAction\",\"target\":[\"https:\\\/\\\/istanbul-ist-international-airport.com\\\/fr\\\/about\\\/\"]}]},{\"@type\":\"ImageObject\",\"inLanguage\":\"fr-FR\",\"@id\":\"https:\\\/\\\/istanbul-ist-international-airport.com\\\/fr\\\/about\\\/#primaryimage\",\"url\":\"https:\\\/\\\/istanbul-ist-international-airport.com\\\/wp-content\\\/uploads\\\/2025\\\/09\\\/about.jpg\",\"contentUrl\":\"https:\\\/\\\/istanbul-ist-international-airport.com\\\/wp-content\\\/uploads\\\/2025\\\/09\\\/about.jpg\",\"width\":2160,\"height\":825},{\"@type\":\"BreadcrumbList\",\"@id\":\"https:\\\/\\\/istanbul-ist-international-airport.com\\\/fr\\\/about\\\/#breadcrumb\",\"itemListElement\":[{\"@type\":\"ListItem\",\"position\":1,\"name\":\"Home\",\"item\":\"https:\\\/\\\/istanbul-ist-international-airport.com\\\/\"},{\"@type\":\"ListItem\",\"position\":2,\"name\":\"About\"}]},{\"@type\":\"WebSite\",\"@id\":\"https:\\\/\\\/istanbul-ist-international-airport.com\\\/fr\\\/#website\",\"url\":\"https:\\\/\\\/istanbul-ist-international-airport.com\\\/fr\\\/\",\"name\":\"Istanbul International Airport (IST) - Turkey&#039;s new airport\",\"description\":\"Navigating Istanbul International Airport: A Traveler\u2019s Guide.\",\"potentialAction\":[{\"@type\":\"SearchAction\",\"target\":{\"@type\":\"EntryPoint\",\"urlTemplate\":\"https:\\\/\\\/istanbul-ist-international-airport.com\\\/fr\\\/?s={search_term_string}\"},\"query-input\":{\"@type\":\"PropertyValueSpecification\",\"valueRequired\":true,\"valueName\":\"search_term_string\"}}],\"inLanguage\":\"fr-FR\"}]}<\/script>\n<!-- \/ Yoast SEO plugin. -->","yoast_head_json":{"title":"About - Istanbul International Airport (IST) - Turkey&#039;s new airport","robots":{"index":"index","follow":"follow","max-snippet":"max-snippet:-1","max-image-preview":"max-image-preview:large","max-video-preview":"max-video-preview:-1"},"canonical":"https:\/\/istanbul-ist-international-airport.com\/fr\/about\/","og_locale":"fr_FR","og_type":"article","og_title":"About - Istanbul International Airport (IST) - Turkey&#039;s new airport","og_description":"About us In this webpage you can find all the information regarding&nbsp;Istanbul International Airport (IST): Contact Info info@airportglobe.com Useful Note We are pleased to welcome you to our website, which is an unofficial guide to Istanbul Airport, not directly or indirectly related to the official airport website. Our goal is to help all travelers by [&hellip;]","og_url":"https:\/\/istanbul-ist-international-airport.com\/fr\/about\/","og_site_name":"Istanbul International Airport (IST) - Turkey&#039;s new airport","article_modified_time":"2025-09-13T11:33:05+00:00","og_image":[{"width":2160,"height":825,"url":"https:\/\/istanbul-ist-international-airport.com\/wp-content\/uploads\/2025\/09\/about.jpg","type":"image\/jpeg"}],"twitter_card":"summary_large_image","twitter_misc":{"Dur\u00e9e de lecture estim\u00e9e":"1 minute"},"schema":{"@context":"https:\/\/schema.org","@graph":[{"@type":"WebPage","@id":"https:\/\/istanbul-ist-international-airport.com\/fr\/about\/","url":"https:\/\/istanbul-ist-international-airport.com\/fr\/about\/","name":"About - Istanbul International Airport (IST) - Turkey&#039;s new airport","isPartOf":{"@id":"https:\/\/istanbul-ist-international-airport.com\/fr\/#website"},"primaryImageOfPage":{"@id":"https:\/\/istanbul-ist-international-airport.com\/fr\/about\/#primaryimage"},"image":{"@id":"https:\/\/istanbul-ist-international-airport.com\/fr\/about\/#primaryimage"},"thumbnailUrl":"https:\/\/istanbul-ist-international-airport.com\/wp-content\/uploads\/2025\/09\/about.jpg","datePublished":"2025-09-10T14:22:12+00:00","dateModified":"2025-09-13T11:33:05+00:00","breadcrumb":{"@id":"https:\/\/istanbul-ist-international-airport.com\/fr\/about\/#breadcrumb"},"inLanguage":"fr-FR","potentialAction":[{"@type":"ReadAction","target":["https:\/\/istanbul-ist-international-airport.com\/fr\/about\/"]}]},{"@type":"ImageObject","inLanguage":"fr-FR","@id":"https:\/\/istanbul-ist-international-airport.com\/fr\/about\/#primaryimage","url":"https:\/\/istanbul-ist-international-airport.com\/wp-content\/uploads\/2025\/09\/about.jpg","contentUrl":"https:\/\/istanbul-ist-international-airport.com\/wp-content\/uploads\/2025\/09\/about.jpg","width":2160,"height":825},{"@type":"BreadcrumbList","@id":"https:\/\/istanbul-ist-international-airport.com\/fr\/about\/#breadcrumb","itemListElement":[{"@type":"ListItem","position":1,"name":"Home","item":"https:\/\/istanbul-ist-international-airport.com\/"},{"@type":"ListItem","position":2,"name":"About"}]},{"@type":"WebSite","@id":"https:\/\/istanbul-ist-international-airport.com\/fr\/#website","url":"https:\/\/istanbul-ist-international-airport.com\/fr\/","name":"Istanbul International Airport (IST) - Turkey&#039;s new airport","description":"Navigating Istanbul International Airport: A Traveler\u2019s Guide.","potentialAction":[{"@type":"SearchAction","target":{"@type":"EntryPoint","urlTemplate":"https:\/\/istanbul-ist-international-airport.com\/fr\/?s={search_term_string}"},"query-input":{"@type":"PropertyValueSpecification","valueRequired":true,"valueName":"search_term_string"}}],"inLanguage":"fr-FR"}]}},"_links":{"self":[{"href":"https:\/\/istanbul-ist-international-airport.com\/fr\/wp-json\/wp\/v2\/pages\/3463","targetHints":{"allow":["GET"]}}],"collection":[{"href":"https:\/\/istanbul-ist-international-airport.com\/fr\/wp-json\/wp\/v2\/pages"}],"about":[{"href":"https:\/\/istanbul-ist-international-airport.com\/fr\/wp-json\/wp\/v2\/types\/page"}],"author":[{"embeddable":true,"href":"https:\/\/istanbul-ist-international-airport.com\/fr\/wp-json\/wp\/v2\/users\/1"}],"replies":[{"embeddable":true,"href":"https:\/\/istanbul-ist-international-airport.com\/fr\/wp-json\/wp\/v2\/comments?post=3463"}],"version-history":[{"count":2,"href":"https:\/\/istanbul-ist-international-airport.com\/fr\/wp-json\/wp\/v2\/pages\/3463\/revisions"}],"predecessor-version":[{"id":3754,"href":"https:\/\/istanbul-ist-international-airport.com\/fr\/wp-json\/wp\/v2\/pages\/3463\/revisions\/3754"}],"wp:featuredmedia":[{"embeddable":true,"href":"https:\/\/istanbul-ist-international-airport.com\/fr\/wp-json\/wp\/v2\/media\/3752"}],"wp:attachment":[{"href":"https:\/\/istanbul-ist-international-airport.com\/fr\/wp-json\/wp\/v2\/media?parent=3463"}],"curies":[{"name":"wp","href":"https:\/\/api.w.org\/{rel}","templated":true}]}}