{"id":3465,"date":"2025-09-10T17:22:23","date_gmt":"2025-09-10T14:22:23","guid":{"rendered":"http:\/\/147.182.243.37\/?page_id=3465"},"modified":"2025-09-13T14:35:16","modified_gmt":"2025-09-13T11:35:16","slug":"maps","status":"publish","type":"page","link":"https:\/\/istanbul-ist-international-airport.com\/fr\/maps\/","title":{"rendered":"Istanbul airport location map"},"content":{"rendered":"<iframe loading=\"lazy\" src=\"https:\/\/webnav.poilabs.com\/?placeId=fd536e57-abe1-46de-a4f0-bc309cfa327c&#038;language=en\" width=\"100%\" height=\"500px\" frameborder=\"0\" style=\"border:0;\" allowfullscreen><\/iframe>\n\n\n\n<h2 itemprop=\"alternateName\" class=\"wp-block-heading\"><strong>Istanbul airport location map<\/strong><\/h2>\n\n\n\n<p>Dans cette page web, vous trouverez toutes les informations concernant&nbsp;<a href=\"https:\/\/istanbul-ist-international-airport.com\/\">Istanbul International Airport (IST)<\/a>:<\/p>\n\n\n\n<ul class=\"wp-block-list\">\n<li>Vols (Arriv\u00e9es, D\u00e9parts et Compagnies a\u00e9riennes)<\/li>\n\n\n\n<li>Guides d'a\u00e9roport<\/li>\n\n\n\n<li>Installations de l'a\u00e9roport<\/li>\n\n\n\n<li>Informations sur le passager<\/li>\n\n\n\n<li>Transportation<\/li>\n<\/ul>\n\n\n\n<h2 itemprop=\"alternateName\" class=\"wp-block-heading\"><strong>Contact Info<\/strong><\/h2>\n\n\n\n<p><a href=\"mailto:info@airportglobe.com\">info@airportglobe.com<\/a><\/p>","protected":false},"excerpt":{"rendered":"<p>Plan de localisation de l'a\u00e9roport d'Istanbul. Sur cette page web, vous trouverez toutes les informations concernant l'a\u00e9roport international d'Istanbul (IST) : Coordonn\u00e9es info@airportglobe.com<\/p>","protected":false},"author":1,"featured_media":3752,"parent":0,"menu_order":0,"comment_status":"closed","ping_status":"closed","template":"home.php","meta":{"_acf_changed":false,"footnotes":""},"class_list":["post-3465","page","type-page","status-publish","has-post-thumbnail","hentry"],"acf":[],"yoast_head":"<!-- This site is optimized with the Yoast SEO plugin v27.4 - https:\/\/yoast.com\/product\/yoast-seo-wordpress\/ -->\n<title>Istanbul airport location map - Istanbul International Airport (IST) - Turkey&#039;s new airport<\/title>\n<meta name=\"robots\" content=\"index, follow, max-snippet:-1, max-image-preview:large, max-video-preview:-1\" \/>\n<link rel=\"canonical\" href=\"https:\/\/istanbul-ist-international-airport.com\/fr\/maps\/\" \/>\n<meta property=\"og:locale\" content=\"fr_FR\" \/>\n<meta property=\"og:type\" content=\"article\" \/>\n<meta property=\"og:title\" content=\"Istanbul airport location map - Istanbul International Airport (IST) - Turkey&#039;s new airport\" \/>\n<meta property=\"og:description\" content=\"Istanbul airport location map In this webpage you can find all the information regarding&nbsp;Istanbul International Airport (IST): Contact Info info@airportglobe.com\" \/>\n<meta property=\"og:url\" content=\"https:\/\/istanbul-ist-international-airport.com\/fr\/maps\/\" \/>\n<meta property=\"og:site_name\" content=\"Istanbul International Airport (IST) - Turkey&#039;s new airport\" \/>\n<meta property=\"article:modified_time\" content=\"2025-09-13T11:35:16+00:00\" \/>\n<meta property=\"og:image\" content=\"https:\/\/istanbul-ist-international-airport.com\/wp-content\/uploads\/2025\/09\/about.jpg\" \/>\n\t<meta property=\"og:image:width\" content=\"2160\" \/>\n\t<meta property=\"og:image:height\" content=\"825\" \/>\n\t<meta property=\"og:image:type\" content=\"image\/jpeg\" \/>\n<meta name=\"twitter:card\" content=\"summary_large_image\" \/>\n<meta name=\"twitter:label1\" content=\"Dur\u00e9e de lecture estim\u00e9e\" \/>\n\t<meta name=\"twitter:data1\" content=\"1 minute\" \/>\n<script type=\"application\/ld+json\" class=\"yoast-schema-graph\">{\"@context\":\"https:\\\/\\\/schema.org\",\"@graph\":[{\"@type\":\"WebPage\",\"@id\":\"https:\\\/\\\/istanbul-ist-international-airport.com\\\/fr\\\/maps\\\/\",\"url\":\"https:\\\/\\\/istanbul-ist-international-airport.com\\\/fr\\\/maps\\\/\",\"name\":\"Istanbul airport location map - Istanbul International Airport (IST) - Turkey&#039;s new airport\",\"isPartOf\":{\"@id\":\"https:\\\/\\\/istanbul-ist-international-airport.com\\\/fr\\\/#website\"},\"primaryImageOfPage\":{\"@id\":\"https:\\\/\\\/istanbul-ist-international-airport.com\\\/fr\\\/maps\\\/#primaryimage\"},\"image\":{\"@id\":\"https:\\\/\\\/istanbul-ist-international-airport.com\\\/fr\\\/maps\\\/#primaryimage\"},\"thumbnailUrl\":\"https:\\\/\\\/istanbul-ist-international-airport.com\\\/wp-content\\\/uploads\\\/2025\\\/09\\\/about.jpg\",\"datePublished\":\"2025-09-10T14:22:23+00:00\",\"dateModified\":\"2025-09-13T11:35:16+00:00\",\"breadcrumb\":{\"@id\":\"https:\\\/\\\/istanbul-ist-international-airport.com\\\/fr\\\/maps\\\/#breadcrumb\"},\"inLanguage\":\"fr-FR\",\"potentialAction\":[{\"@type\":\"ReadAction\",\"target\":[\"https:\\\/\\\/istanbul-ist-international-airport.com\\\/fr\\\/maps\\\/\"]}]},{\"@type\":\"ImageObject\",\"inLanguage\":\"fr-FR\",\"@id\":\"https:\\\/\\\/istanbul-ist-international-airport.com\\\/fr\\\/maps\\\/#primaryimage\",\"url\":\"https:\\\/\\\/istanbul-ist-international-airport.com\\\/wp-content\\\/uploads\\\/2025\\\/09\\\/about.jpg\",\"contentUrl\":\"https:\\\/\\\/istanbul-ist-international-airport.com\\\/wp-content\\\/uploads\\\/2025\\\/09\\\/about.jpg\",\"width\":2160,\"height\":825},{\"@type\":\"BreadcrumbList\",\"@id\":\"https:\\\/\\\/istanbul-ist-international-airport.com\\\/fr\\\/maps\\\/#breadcrumb\",\"itemListElement\":[{\"@type\":\"ListItem\",\"position\":1,\"name\":\"Home\",\"item\":\"https:\\\/\\\/istanbul-ist-international-airport.com\\\/\"},{\"@type\":\"ListItem\",\"position\":2,\"name\":\"Istanbul airport location map\"}]},{\"@type\":\"WebSite\",\"@id\":\"https:\\\/\\\/istanbul-ist-international-airport.com\\\/fr\\\/#website\",\"url\":\"https:\\\/\\\/istanbul-ist-international-airport.com\\\/fr\\\/\",\"name\":\"Istanbul International Airport (IST) - Turkey&#039;s new airport\",\"description\":\"Navigating Istanbul International Airport: A Traveler\u2019s Guide.\",\"potentialAction\":[{\"@type\":\"SearchAction\",\"target\":{\"@type\":\"EntryPoint\",\"urlTemplate\":\"https:\\\/\\\/istanbul-ist-international-airport.com\\\/fr\\\/?s={search_term_string}\"},\"query-input\":{\"@type\":\"PropertyValueSpecification\",\"valueRequired\":true,\"valueName\":\"search_term_string\"}}],\"inLanguage\":\"fr-FR\"}]}<\/script>\n<!-- \/ Yoast SEO plugin. -->","yoast_head_json":{"title":"Plan de situation de l'a\u00e9roport d'Istanbul - A\u00e9roport international d'Istanbul (IST) - Le nouvel a\u00e9roport de Turquie","robots":{"index":"index","follow":"follow","max-snippet":"max-snippet:-1","max-image-preview":"max-image-preview:large","max-video-preview":"max-video-preview:-1"},"canonical":"https:\/\/istanbul-ist-international-airport.com\/fr\/maps\/","og_locale":"fr_FR","og_type":"article","og_title":"Istanbul airport location map - Istanbul International Airport (IST) - Turkey&#039;s new airport","og_description":"Istanbul airport location map In this webpage you can find all the information regarding&nbsp;Istanbul International Airport (IST): Contact Info info@airportglobe.com","og_url":"https:\/\/istanbul-ist-international-airport.com\/fr\/maps\/","og_site_name":"Istanbul International Airport (IST) - Turkey&#039;s new airport","article_modified_time":"2025-09-13T11:35:16+00:00","og_image":[{"width":2160,"height":825,"url":"https:\/\/istanbul-ist-international-airport.com\/wp-content\/uploads\/2025\/09\/about.jpg","type":"image\/jpeg"}],"twitter_card":"summary_large_image","twitter_misc":{"Dur\u00e9e de lecture estim\u00e9e":"1 minute"},"schema":{"@context":"https:\/\/schema.org","@graph":[{"@type":"WebPage","@id":"https:\/\/istanbul-ist-international-airport.com\/fr\/maps\/","url":"https:\/\/istanbul-ist-international-airport.com\/fr\/maps\/","name":"Plan de situation de l'a\u00e9roport d'Istanbul - A\u00e9roport international d'Istanbul (IST) - Le nouvel a\u00e9roport de Turquie","isPartOf":{"@id":"https:\/\/istanbul-ist-international-airport.com\/fr\/#website"},"primaryImageOfPage":{"@id":"https:\/\/istanbul-ist-international-airport.com\/fr\/maps\/#primaryimage"},"image":{"@id":"https:\/\/istanbul-ist-international-airport.com\/fr\/maps\/#primaryimage"},"thumbnailUrl":"https:\/\/istanbul-ist-international-airport.com\/wp-content\/uploads\/2025\/09\/about.jpg","datePublished":"2025-09-10T14:22:23+00:00","dateModified":"2025-09-13T11:35:16+00:00","breadcrumb":{"@id":"https:\/\/istanbul-ist-international-airport.com\/fr\/maps\/#breadcrumb"},"inLanguage":"fr-FR","potentialAction":[{"@type":"ReadAction","target":["https:\/\/istanbul-ist-international-airport.com\/fr\/maps\/"]}]},{"@type":"ImageObject","inLanguage":"fr-FR","@id":"https:\/\/istanbul-ist-international-airport.com\/fr\/maps\/#primaryimage","url":"https:\/\/istanbul-ist-international-airport.com\/wp-content\/uploads\/2025\/09\/about.jpg","contentUrl":"https:\/\/istanbul-ist-international-airport.com\/wp-content\/uploads\/2025\/09\/about.jpg","width":2160,"height":825},{"@type":"BreadcrumbList","@id":"https:\/\/istanbul-ist-international-airport.com\/fr\/maps\/#breadcrumb","itemListElement":[{"@type":"ListItem","position":1,"name":"Home","item":"https:\/\/istanbul-ist-international-airport.com\/"},{"@type":"ListItem","position":2,"name":"Istanbul airport location map"}]},{"@type":"WebSite","@id":"https:\/\/istanbul-ist-international-airport.com\/fr\/#website","url":"https:\/\/istanbul-ist-international-airport.com\/fr\/","name":"Istanbul International Airport (IST) - Turkey&#039;s new airport","description":"Navigating Istanbul International Airport: A Traveler\u2019s Guide.","potentialAction":[{"@type":"SearchAction","target":{"@type":"EntryPoint","urlTemplate":"https:\/\/istanbul-ist-international-airport.com\/fr\/?s={search_term_string}"},"query-input":{"@type":"PropertyValueSpecification","valueRequired":true,"valueName":"search_term_string"}}],"inLanguage":"fr-FR"}]}},"_links":{"self":[{"href":"https:\/\/istanbul-ist-international-airport.com\/fr\/wp-json\/wp\/v2\/pages\/3465","targetHints":{"allow":["GET"]}}],"collection":[{"href":"https:\/\/istanbul-ist-international-airport.com\/fr\/wp-json\/wp\/v2\/pages"}],"about":[{"href":"https:\/\/istanbul-ist-international-airport.com\/fr\/wp-json\/wp\/v2\/types\/page"}],"author":[{"embeddable":true,"href":"https:\/\/istanbul-ist-international-airport.com\/fr\/wp-json\/wp\/v2\/users\/1"}],"replies":[{"embeddable":true,"href":"https:\/\/istanbul-ist-international-airport.com\/fr\/wp-json\/wp\/v2\/comments?post=3465"}],"version-history":[{"count":3,"href":"https:\/\/istanbul-ist-international-airport.com\/fr\/wp-json\/wp\/v2\/pages\/3465\/revisions"}],"predecessor-version":[{"id":3756,"href":"https:\/\/istanbul-ist-international-airport.com\/fr\/wp-json\/wp\/v2\/pages\/3465\/revisions\/3756"}],"wp:featuredmedia":[{"embeddable":true,"href":"https:\/\/istanbul-ist-international-airport.com\/fr\/wp-json\/wp\/v2\/media\/3752"}],"wp:attachment":[{"href":"https:\/\/istanbul-ist-international-airport.com\/fr\/wp-json\/wp\/v2\/media?parent=3465"}],"curies":[{"name":"wp","href":"https:\/\/api.w.org\/{rel}","templated":true}]}}