{"id":3411,"date":"2025-09-10T17:14:24","date_gmt":"2025-09-10T14:14:24","guid":{"rendered":"http:\/\/147.182.243.37\/?page_id=3411"},"modified":"2025-09-13T11:21:47","modified_gmt":"2025-09-13T08:21:47","slug":"istanbul-arrivals","status":"publish","type":"page","link":"https:\/\/istanbul-ist-international-airport.com\/it\/istanbul-arrivals\/","title":{"rendered":"Istanbul Airport Arrivals"},"content":{"rendered":"<iframe loading=\"lazy\" frameborder=\"0\" style=\"border:0; width: 100%; height: 95%; min-height: 650px; margin:0; padding:0;\" src=\"https:\/\/www.avionio.com\/widget\/en\/ist\/arrivals\"><\/iframe>\n\n\n\n<h2 itemprop=\"alternateName\" class=\"wp-block-heading\"><strong>Arrivi e partenze all'aeroporto di Istanbul (IST)<\/strong><\/h2>\n\n\n\n<p><a href=\"https:\/\/istanbul-ist-international-airport.com\/\">Istanbul International Airport<\/a>&nbsp;\u00e8 uno degli snodi di volo pi\u00f9 trafficati al mondo e il pi\u00f9 trafficato in Europa negli ultimi anni.<\/p>\n\n\n\n<p><strong>Lo sapevi che IST ospita oltre 1.375 voli giornalieri, inclusi voli nazionali e intercontinentali?<\/strong><\/p>\n\n\n\n<p>Puoi ottenere le informazioni pi\u00f9 rilevanti sugli orari di arrivo e partenza correnti all'aeroporto di Istanbul nei seguenti modi:<\/p>\n\n\n\n<ol class=\"wp-block-list\">\n<li>Controlla l'orario dei voli in aeroporto sui suoi tabelloni informativi.<\/li>\n\n\n\n<li>Usa la tabella che abbiamo indicato sopra o controllala sul sito ufficiale dell'aeroporto.<br>\u2060<\/li>\n\n\n\n<li>Scarica l'app dell'Aeroporto Internazionale di Istanbul per monitorare i voli in tempo reale.<\/li>\n<\/ol>\n\n\n\n<h2 itemprop=\"alternateName\" class=\"wp-block-heading\"><strong>Quando devo effettuare il check-in all'aeroporto di Istanbul per il mio volo in partenza?<\/strong><\/h2>\n\n\n\n<p>Anche se la maggior parte delle compagnie aeree offre la possibilit\u00e0 di effettuare il check-in online sui propri siti web, hai comunque bisogno di tempo per superare tutte le procedure per imbarcarti sul tuo volo. Quindi, ecco alcuni consigli per una partenza di successo da IST.<\/p>\n\n\n\n<ul class=\"wp-block-list\">\n<li>Come al solito, \u00e8 buona norma arrivare in aeroporto non pi\u00f9 tardi di 2 ore prima del volo se si tratta di voli nazionali o a corto raggio. In caso di volo a lungo raggio, \u00e8 meglio arrivare in aeroporto non meno di 3 ore prima della partenza.<\/li>\n\n\n\n<li>Considera sempre il tempo necessario per depositare i bagagli e raggiungere il gate, poich\u00e9 l'aeroporto \u00e8 spazioso e spesso ci vuole tempo per raggiungere il terminal e il gate di partenza.<\/li>\n\n\n\n<li>Controlla le regole per il check-in sul sito del tuo operatore di volo. Nel caso in cui tu debba effettuare il check-in di persona in aeroporto, riserva pi\u00f9 tempo per questo per non fare tardi.<\/li>\n<\/ul>\n\n\n\n<p>In ogni caso, anche se arrivi troppo presto e hai ancora un paio d'ore prima della partenza, ci sono molte cose da fare a IST! Goditi il tuo caff\u00e8 nei caff\u00e8 locali, fai un po' di shopping o rilassati nelle numerose aree lounge dell'aeroporto. Ti auguriamo il volo pi\u00f9 felice di sempre dall'aeroporto di Istanbul.<\/p>\n\n\n\n<h2 itemprop=\"alternateName\" class=\"wp-block-heading\"><strong>FAQ<\/strong><\/h2>\n\n\n\n<p>Ci sono alcune domande sugli arrivi e le partenze dall'aeroporto di Istanbul che devono essere prese in considerazione. Quindi, rispondiamo a queste domande.<\/p>\n\n\n\n<h3 itemprop=\"alternateName\" class=\"wp-block-heading\"><strong>Quanto tempo prima arrivare all'aeroporto di Istanbul?<\/strong><\/h3>\n\n\n\n<p>Prima arrivi, meglio \u00e8 per te. Per favore, assicurati di arrivare non pi\u00f9 tardi di 2 ore prima della partenza per ritirare tutte le carte d'imbarco e depositare il tuo bagaglio.<\/p>\n\n\n\n<h3 itemprop=\"alternateName\" class=\"wp-block-heading\"><strong>In quale aeroporto atterrare per andare a Istanbul<\/strong><\/h3>\n\n\n\n<p>In genere, per i voli in partenza, l'aeroporto internazionale di Istanbul (IST) \u00e8 l'opzione migliore. Si trova nella parte europea di Istanbul e offre un trasporto veloce verso il centro della citt\u00e0. Inoltre, puoi anche arrivare a Sabiha Gokcen (SAW), che si trova anch'esso entro i confini di Istanbul, o all'aeroporto di Bursa (YEI), che dista 98 km da Istanbul.<\/p>\n\n\n<section class=\"content_banner\" target=\"blank\" rel=\"nofollow\">\n  <a href=\"https:\/\/getexperience.com\/\" class=\"wrap\" style=\"background-image: url(;\">\n    <div class=\"meta\">\n      <b class=\"mini-title\">GetExperience.com<\/b>\n      <p>Marketplace di tour, escursioni, sport e intrattenimento per tutti i gusti e ai migliori prezzi.<\/p>\n    <\/div>\n    <div class=\"bg\"><img decoding=\"async\" itemprop=\"image\" src=\"\/wp-content\/uploads\/2025\/09\/img_air-scaled.jpg)\" alt=\"GetExperience.com\"><\/div>\n  <\/a>\n<\/section>","protected":false},"excerpt":{"rendered":"<p>Arrivi e partenze all'aeroporto di Istanbul (IST) L'Aeroporto Internazionale di Istanbul \u00e8 uno degli hub di volo pi\u00f9 trafficati al mondo e il pi\u00f9 trafficato in Europa negli ultimi anni. Sapevi che IST ospita oltre 1.375 voli giornalieri, inclusi voli nazionali e intercontinentali? Puoi ottenere le informazioni pi\u00f9 rilevanti sull'attuale orario di arrivi e partenze [\u2026]<\/p>","protected":false},"author":1,"featured_media":3657,"parent":0,"menu_order":0,"comment_status":"closed","ping_status":"closed","template":"home.php","meta":{"_acf_changed":false,"footnotes":""},"class_list":["post-3411","page","type-page","status-publish","has-post-thumbnail","hentry"],"acf":[],"yoast_head":"<!-- This site is optimized with the Yoast SEO plugin v27.5 - https:\/\/yoast.com\/product\/yoast-seo-wordpress\/ -->\n<title>Istanbul Airport Arrivals - Istanbul International Airport (IST) - Turkey&#039;s new airport<\/title>\n<meta name=\"robots\" content=\"index, follow, max-snippet:-1, max-image-preview:large, max-video-preview:-1\" \/>\n<link rel=\"canonical\" href=\"https:\/\/istanbul-ist-international-airport.com\/it\/istanbul-arrivals\/\" \/>\n<meta property=\"og:locale\" content=\"it_IT\" \/>\n<meta property=\"og:type\" content=\"article\" \/>\n<meta property=\"og:title\" content=\"Istanbul Airport Arrivals - Istanbul International Airport (IST) - Turkey&#039;s new airport\" \/>\n<meta property=\"og:description\" content=\"Arrivals and departures at Istanbul Airport (IST) Istanbul International Airport&nbsp;is one of the busiest flight hubs worldwide and the busiest one in Europe in recent years. Do you know that IST hosts over 1,375 flights daily including domestic and intercontinental flights? You can get the most relevant info about the current arrival and departure timetable [&hellip;]\" \/>\n<meta property=\"og:url\" content=\"https:\/\/istanbul-ist-international-airport.com\/it\/istanbul-arrivals\/\" \/>\n<meta property=\"og:site_name\" content=\"Istanbul International Airport (IST) - Turkey&#039;s new airport\" \/>\n<meta property=\"article:modified_time\" content=\"2025-09-13T08:21:47+00:00\" \/>\n<meta property=\"og:image\" content=\"https:\/\/istanbul-ist-international-airport.com\/wp-content\/uploads\/2025\/09\/image-1.jpg\" \/>\n\t<meta property=\"og:image:width\" content=\"1440\" \/>\n\t<meta property=\"og:image:height\" content=\"550\" \/>\n\t<meta property=\"og:image:type\" content=\"image\/jpeg\" \/>\n<meta name=\"twitter:card\" content=\"summary_large_image\" \/>\n<meta name=\"twitter:label1\" content=\"Tempo di lettura stimato\" \/>\n\t<meta name=\"twitter:data1\" content=\"3 minuti\" \/>\n<script type=\"application\/ld+json\" class=\"yoast-schema-graph\">{\"@context\":\"https:\\\/\\\/schema.org\",\"@graph\":[{\"@type\":\"WebPage\",\"@id\":\"https:\\\/\\\/istanbul-ist-international-airport.com\\\/it\\\/istanbul-arrivals\\\/\",\"url\":\"https:\\\/\\\/istanbul-ist-international-airport.com\\\/it\\\/istanbul-arrivals\\\/\",\"name\":\"Istanbul Airport Arrivals - Istanbul International Airport (IST) - Turkey&#039;s new airport\",\"isPartOf\":{\"@id\":\"https:\\\/\\\/istanbul-ist-international-airport.com\\\/it\\\/#website\"},\"primaryImageOfPage\":{\"@id\":\"https:\\\/\\\/istanbul-ist-international-airport.com\\\/it\\\/istanbul-arrivals\\\/#primaryimage\"},\"image\":{\"@id\":\"https:\\\/\\\/istanbul-ist-international-airport.com\\\/it\\\/istanbul-arrivals\\\/#primaryimage\"},\"thumbnailUrl\":\"https:\\\/\\\/istanbul-ist-international-airport.com\\\/wp-content\\\/uploads\\\/2025\\\/09\\\/image-1.jpg\",\"datePublished\":\"2025-09-10T14:14:24+00:00\",\"dateModified\":\"2025-09-13T08:21:47+00:00\",\"breadcrumb\":{\"@id\":\"https:\\\/\\\/istanbul-ist-international-airport.com\\\/it\\\/istanbul-arrivals\\\/#breadcrumb\"},\"inLanguage\":\"it-IT\",\"potentialAction\":[{\"@type\":\"ReadAction\",\"target\":[\"https:\\\/\\\/istanbul-ist-international-airport.com\\\/it\\\/istanbul-arrivals\\\/\"]}]},{\"@type\":\"ImageObject\",\"inLanguage\":\"it-IT\",\"@id\":\"https:\\\/\\\/istanbul-ist-international-airport.com\\\/it\\\/istanbul-arrivals\\\/#primaryimage\",\"url\":\"https:\\\/\\\/istanbul-ist-international-airport.com\\\/wp-content\\\/uploads\\\/2025\\\/09\\\/image-1.jpg\",\"contentUrl\":\"https:\\\/\\\/istanbul-ist-international-airport.com\\\/wp-content\\\/uploads\\\/2025\\\/09\\\/image-1.jpg\",\"width\":1440,\"height\":550},{\"@type\":\"BreadcrumbList\",\"@id\":\"https:\\\/\\\/istanbul-ist-international-airport.com\\\/it\\\/istanbul-arrivals\\\/#breadcrumb\",\"itemListElement\":[{\"@type\":\"ListItem\",\"position\":1,\"name\":\"Home\",\"item\":\"https:\\\/\\\/istanbul-ist-international-airport.com\\\/\"},{\"@type\":\"ListItem\",\"position\":2,\"name\":\"Istanbul Airport Arrivals\"}]},{\"@type\":\"WebSite\",\"@id\":\"https:\\\/\\\/istanbul-ist-international-airport.com\\\/it\\\/#website\",\"url\":\"https:\\\/\\\/istanbul-ist-international-airport.com\\\/it\\\/\",\"name\":\"Istanbul International Airport (IST) - Turkey&#039;s new airport\",\"description\":\"Navigating Istanbul International Airport: A Traveler\u2019s Guide.\",\"potentialAction\":[{\"@type\":\"SearchAction\",\"target\":{\"@type\":\"EntryPoint\",\"urlTemplate\":\"https:\\\/\\\/istanbul-ist-international-airport.com\\\/it\\\/?s={search_term_string}\"},\"query-input\":{\"@type\":\"PropertyValueSpecification\",\"valueRequired\":true,\"valueName\":\"search_term_string\"}}],\"inLanguage\":\"it-IT\"}]}<\/script>\n<!-- \/ Yoast SEO plugin. -->","yoast_head_json":{"title":"Arrivi all'aeroporto di Istanbul - Aeroporto Internazionale di Istanbul (IST) - Il nuovo aeroporto della Turchia","robots":{"index":"index","follow":"follow","max-snippet":"max-snippet:-1","max-image-preview":"max-image-preview:large","max-video-preview":"max-video-preview:-1"},"canonical":"https:\/\/istanbul-ist-international-airport.com\/it\/istanbul-arrivals\/","og_locale":"it_IT","og_type":"article","og_title":"Istanbul Airport Arrivals - Istanbul International Airport (IST) - Turkey&#039;s new airport","og_description":"Arrivals and departures at Istanbul Airport (IST) Istanbul International Airport&nbsp;is one of the busiest flight hubs worldwide and the busiest one in Europe in recent years. Do you know that IST hosts over 1,375 flights daily including domestic and intercontinental flights? You can get the most relevant info about the current arrival and departure timetable [&hellip;]","og_url":"https:\/\/istanbul-ist-international-airport.com\/it\/istanbul-arrivals\/","og_site_name":"Istanbul International Airport (IST) - Turkey&#039;s new airport","article_modified_time":"2025-09-13T08:21:47+00:00","og_image":[{"width":1440,"height":550,"url":"https:\/\/istanbul-ist-international-airport.com\/wp-content\/uploads\/2025\/09\/image-1.jpg","type":"image\/jpeg"}],"twitter_card":"summary_large_image","twitter_misc":{"Tempo di lettura stimato":"3 minuti"},"schema":{"@context":"https:\/\/schema.org","@graph":[{"@type":"WebPage","@id":"https:\/\/istanbul-ist-international-airport.com\/it\/istanbul-arrivals\/","url":"https:\/\/istanbul-ist-international-airport.com\/it\/istanbul-arrivals\/","name":"Arrivi all'aeroporto di Istanbul - Aeroporto Internazionale di Istanbul (IST) - Il nuovo aeroporto della Turchia","isPartOf":{"@id":"https:\/\/istanbul-ist-international-airport.com\/it\/#website"},"primaryImageOfPage":{"@id":"https:\/\/istanbul-ist-international-airport.com\/it\/istanbul-arrivals\/#primaryimage"},"image":{"@id":"https:\/\/istanbul-ist-international-airport.com\/it\/istanbul-arrivals\/#primaryimage"},"thumbnailUrl":"https:\/\/istanbul-ist-international-airport.com\/wp-content\/uploads\/2025\/09\/image-1.jpg","datePublished":"2025-09-10T14:14:24+00:00","dateModified":"2025-09-13T08:21:47+00:00","breadcrumb":{"@id":"https:\/\/istanbul-ist-international-airport.com\/it\/istanbul-arrivals\/#breadcrumb"},"inLanguage":"it-IT","potentialAction":[{"@type":"ReadAction","target":["https:\/\/istanbul-ist-international-airport.com\/it\/istanbul-arrivals\/"]}]},{"@type":"ImageObject","inLanguage":"it-IT","@id":"https:\/\/istanbul-ist-international-airport.com\/it\/istanbul-arrivals\/#primaryimage","url":"https:\/\/istanbul-ist-international-airport.com\/wp-content\/uploads\/2025\/09\/image-1.jpg","contentUrl":"https:\/\/istanbul-ist-international-airport.com\/wp-content\/uploads\/2025\/09\/image-1.jpg","width":1440,"height":550},{"@type":"BreadcrumbList","@id":"https:\/\/istanbul-ist-international-airport.com\/it\/istanbul-arrivals\/#breadcrumb","itemListElement":[{"@type":"ListItem","position":1,"name":"Home","item":"https:\/\/istanbul-ist-international-airport.com\/"},{"@type":"ListItem","position":2,"name":"Istanbul Airport Arrivals"}]},{"@type":"WebSite","@id":"https:\/\/istanbul-ist-international-airport.com\/it\/#website","url":"https:\/\/istanbul-ist-international-airport.com\/it\/","name":"Istanbul International Airport (IST) - Turkey&#039;s new airport","description":"Navigating Istanbul International Airport: A Traveler\u2019s Guide.","potentialAction":[{"@type":"SearchAction","target":{"@type":"EntryPoint","urlTemplate":"https:\/\/istanbul-ist-international-airport.com\/it\/?s={search_term_string}"},"query-input":{"@type":"PropertyValueSpecification","valueRequired":true,"valueName":"search_term_string"}}],"inLanguage":"it-IT"}]}},"_links":{"self":[{"href":"https:\/\/istanbul-ist-international-airport.com\/it\/wp-json\/wp\/v2\/pages\/3411","targetHints":{"allow":["GET"]}}],"collection":[{"href":"https:\/\/istanbul-ist-international-airport.com\/it\/wp-json\/wp\/v2\/pages"}],"about":[{"href":"https:\/\/istanbul-ist-international-airport.com\/it\/wp-json\/wp\/v2\/types\/page"}],"author":[{"embeddable":true,"href":"https:\/\/istanbul-ist-international-airport.com\/it\/wp-json\/wp\/v2\/users\/1"}],"replies":[{"embeddable":true,"href":"https:\/\/istanbul-ist-international-airport.com\/it\/wp-json\/wp\/v2\/comments?post=3411"}],"version-history":[{"count":5,"href":"https:\/\/istanbul-ist-international-airport.com\/it\/wp-json\/wp\/v2\/pages\/3411\/revisions"}],"predecessor-version":[{"id":3668,"href":"https:\/\/istanbul-ist-international-airport.com\/it\/wp-json\/wp\/v2\/pages\/3411\/revisions\/3668"}],"wp:featuredmedia":[{"embeddable":true,"href":"https:\/\/istanbul-ist-international-airport.com\/it\/wp-json\/wp\/v2\/media\/3657"}],"wp:attachment":[{"href":"https:\/\/istanbul-ist-international-airport.com\/it\/wp-json\/wp\/v2\/media?parent=3411"}],"curies":[{"name":"wp","href":"https:\/\/api.w.org\/{rel}","templated":true}]}}