{"id":3413,"date":"2025-09-10T17:14:43","date_gmt":"2025-09-10T14:14:43","guid":{"rendered":"http:\/\/147.182.243.37\/?page_id=3413"},"modified":"2025-09-13T11:26:04","modified_gmt":"2025-09-13T08:26:04","slug":"departures","status":"publish","type":"page","link":"https:\/\/istanbul-ist-international-airport.com\/it\/departures\/","title":{"rendered":"Istanbul Airport Departures"},"content":{"rendered":"<iframe loading=\"lazy\" frameborder=\"0\" style=\"border:0; width: 100%; height: 95%; min-height: 650px; margin:0; padding:0;\" src=\"https:\/\/www.avionio.com\/widget\/en\/ist\/departures\"><\/iframe>\n\n\n\n<h2 itemprop=\"alternateName\" class=\"wp-block-heading\"><strong>Stato dei voli internazionali dall'Aeroporto di Istanbul<\/strong><\/h2>\n\n\n\n<p>Quando inizi il tuo tour attivo dal favoloso ma frenetico aeroporto di Istanbul, probabilmente hai dei desideri riguardo al rendere la tua attesa del volo e la partenza il pi\u00f9 confortevoli possibile ed evitare qualsiasi difficolt\u00e0 specifica relativa alle procedure e ai tempi di partenza attivi. Dovresti essere d'accordo sul fatto che perdere un volo \u00e8 un vero incubo per ogni viaggiatore attivo e, se succede, perdi pi\u00f9 che denaro, i tuoi tempi sono in difficolt\u00e0 e i tuoi piani attivi sono minacciati.<br>Ecco perch\u00e9 sapere dove cercare promemoria rapidi sull'orario attivo di partenza del tuo volo \u00e8 un must, soprattutto all'aeroporto di Istanbul. Nel nostro aeroporto di Istanbul, in una guida attiva agli orari di partenza che condividiamo, includeremo le domande pi\u00f9 importanti su cosa fare, dove andare e come ottenere aiuto con le informazioni sulla partenza dall'aeroporto.<br>Qui puoi trovare il modo migliore per controllare lo stato del tuo volo all'aeroporto di Istanbul. Questa \u00e8 la tabella che fornisce informazioni ufficiali direttamente dai servizi di controllo dei voli in partenza\/arrivo dell'aeroporto e dai display informativi.<\/p>\n\n\n\n<h2 itemprop=\"alternateName\" class=\"wp-block-heading\"><strong>Come controllare le partenze dei voli dall'aeroporto di Istanbul?<\/strong><\/h2>\n\n\n\n<p>Semplifichiamo i tuoi piani per la partenza dall'aeroporto di Istanbul con un paio di consigli utili che possono aiutare un passeggero a salire a bordo senza problemi. Innanzitutto, vale la pena considerare la tua attivit\u00e0 di partenza, trasformandola in una sorta di guida passo dopo passo necessaria. Cosa si dovrebbe considerare e fare? Elenchiamolo nel nostro programma.<\/p>\n\n\n\n<p>1. Controlla i tuoi documenti per assicurarti di averli tutti disponibili. Per goderti il tuo volo dall'Aeroporto di Istanbul, devi preparare il tuo biglietto aereo (cartaceo, e-ticket o la tua carta d'imbarco) e il tuo passaporto o carta d'identit\u00e0 validi. Inoltre, possono essere forniti il tuo visto, l'assicurazione di viaggio e la prova di prenotazione dell'hotel\/trasporto presso la tua destinazione di arrivo.<\/p>\n\n\n\n<p>2. Ottieni informazioni su come organizzare il trasferimento all'aeroporto. In genere, le opzioni di trasporto utilizzate dai turisti includono taxi, metropolitana, bus navetta e noleggio auto privato.<\/p>\n\n\n\n<p>3. Trova l'ingresso del tuo terminal per essere pronto a iniziare il tuo viaggio in base agli orari del volo. Come al solito, tutti gli orari e i gate d'ingresso sono indicati su grandi schermi di fronte al tuo gate d'imbarco. Tutte le informazioni sono adattate per le persone di lingua turca e per coloro che parlano inglese.<\/p>\n\n\n\n<p>4. Lasciare un po' di tempo riservato per i controlli di sicurezza.<br>Un consiglio: quando superi un controllo di sicurezza, tieni i tuoi oggetti di valore o fragili nella borsa per garantirne la sicurezza.&nbsp;<\/p>\n\n\n\n<p>5. Superare la procedura di check-in.<br><strong>\u00c8 bene ricordare che un residente turco paga una commissione di partenza quando parte dall'aeroporto di Istanbul.<\/strong><\/p>\n\n\n\n<p>6. Superare il controllo passaporti. Questa fase pu\u00f2 anche essere semplificata per i clienti turchi, poich\u00e9 sono invitati a utilizzare i punti e-passport in aeroporto.<\/p>\n\n\n\n<p>7. Infine, monitora gli orari del tuo volo utilizzando uno dei metodi che descriveremo ulteriormente.<\/p>\n\n\n\n<h2 itemprop=\"alternateName\" class=\"wp-block-heading\"><strong>Come verificare lo stato dei voli di oggi all'aeroporto di Istanbul?<\/strong><\/h2>\n\n\n\n<p>Quando cerchi un metodo che possa informarti sulle informazioni di partenza di domani o anche di oggi all'Aeroporto di Istanbul, non hai bisogno di troppe faccende. Usa semplicemente l'elenco dei metodi di contatto che ti informano su prenotazioni, partenze, cancellazioni o semplicemente sulle notizie dell'aeroporto.<br>\u2013 L'ufficio informazioni dell'aeroporto \u00e8 il tuo aiuto affidabile, poich\u00e9 il suo personale ti fornisce facilmente i dettagli del tuo volo. Questi punti ufficiali si trovano in tutte le strutture del terminal dell'aeroporto. \u2013 Canali di comunicazione ufficiali offerti dal team dell'aeroporto. Questi includono la linea di supporto WhatsApp, la hotline dell'aeroporto e l'e-mail. \u2013 Anche l'utilizzo del sito dell'aeroporto \u00e8 vantaggioso. Ottenere informazioni su prenotazioni, notizie sulle compagnie aeree e voli in tempo reale \u00e8 semplice con l'aiuto del sito web fornito dalle autorit\u00e0 responsabili dell'aeroporto. Inoltre, ce ne sono pochi, quindi puoi scegliere e navigare su un sito web che ti fornisce le informazioni di cui hai bisogno dopo aver accettato i suoi cookie. Ad esempio, puoi inserire il&nbsp;<a href=\"https:\/\/istanbul-ist-international-airport.com\/\">IST<\/a>&nbsp;sito web guida in cui \u00e8 necessario presentare un pacchetto di norme sulla privacy per saperne di pi\u00f9 sulle partenze. Un altro sito web \u00e8 il sito ufficiale disponibile in inglese\/turco\/russo\/spagnolo. Su questo sito web \u00e8 disponibile anche un servizio chiamato Airport Online, anch'esso comodo grazie alla sua interfaccia multilingue in inglese\/turco\/russo\/spagnolo. \u2013 Le app sono al tuo servizio per aiutarti a prenotare un volo, cancellarlo o informarti tempestivamente su tutte le partenze e i ritardi. L\u00ec puoi ottenere vari servizi direttamente sul tuo telefono. Puoi scaricare l'app dell'aeroporto o utilizzare un tracker simile a IST+Radar.<\/p>\n\n\n\n<h3 itemprop=\"alternateName\" class=\"wp-block-heading\"><strong>Come cancellare il tuo volo dall'aeroporto di Istanbul?<\/strong><\/h3>\n\n\n\n<p>Una volta che un passeggero acquista i biglietti per un volo dall'Aeroporto di Istanbul, deve avere una chiara comprensione delle sue possibili cancellazioni. In genere, tutte le modifiche attive all'orario, i voli cancellati e altre circostanze impreviste sono forniti sul sito web dell'aeroporto. Alcuni operatori di volo, come Turkish Airlines, ad esempio, inviano e-mail o messaggi di testo nella loro newsletter ai clienti che prenotano i loro voli. Si prega di leggere i propri diritti riconosciuti in caso di ritardo o cancellazione sui collegamenti al sito delle compagnie aeree o sul sito web di IGA.<\/p>","protected":false},"excerpt":{"rendered":"<p>International flight status from Istanbul Airport When you start your active tour from the fabulous yet hectic Istanbul Airport, you probably have some desires about making your flight expectation and departure as full of comfort as it is possible and avoiding any specific difficulty related to active departure procedures and timings. You should agree that [&hellip;]<\/p>","protected":false},"author":1,"featured_media":3652,"parent":0,"menu_order":0,"comment_status":"closed","ping_status":"closed","template":"home.php","meta":{"_acf_changed":false,"footnotes":""},"class_list":["post-3413","page","type-page","status-publish","has-post-thumbnail","hentry"],"acf":[],"yoast_head":"<!-- This site is optimized with the Yoast SEO plugin v27.5 - https:\/\/yoast.com\/product\/yoast-seo-wordpress\/ -->\n<title>Istanbul Airport Departures - Istanbul International Airport (IST) - Turkey&#039;s new airport<\/title>\n<meta name=\"robots\" content=\"index, follow, max-snippet:-1, max-image-preview:large, max-video-preview:-1\" \/>\n<link rel=\"canonical\" href=\"https:\/\/istanbul-ist-international-airport.com\/it\/departures\/\" \/>\n<meta property=\"og:locale\" content=\"it_IT\" \/>\n<meta property=\"og:type\" content=\"article\" \/>\n<meta property=\"og:title\" content=\"Istanbul Airport Departures - Istanbul International Airport (IST) - Turkey&#039;s new airport\" \/>\n<meta property=\"og:description\" content=\"International flight status from Istanbul Airport When you start your active tour from the fabulous yet hectic Istanbul Airport, you probably have some desires about making your flight expectation and departure as full of comfort as it is possible and avoiding any specific difficulty related to active departure procedures and timings. You should agree that [&hellip;]\" \/>\n<meta property=\"og:url\" content=\"https:\/\/istanbul-ist-international-airport.com\/it\/departures\/\" \/>\n<meta property=\"og:site_name\" content=\"Istanbul International Airport (IST) - Turkey&#039;s new airport\" \/>\n<meta property=\"article:modified_time\" content=\"2025-09-13T08:26:04+00:00\" \/>\n<meta property=\"og:image\" content=\"https:\/\/istanbul-ist-international-airport.com\/wp-content\/uploads\/2025\/09\/flights-scaled.jpg\" \/>\n\t<meta property=\"og:image:width\" content=\"2560\" \/>\n\t<meta property=\"og:image:height\" content=\"978\" \/>\n\t<meta property=\"og:image:type\" content=\"image\/jpeg\" \/>\n<meta name=\"twitter:card\" content=\"summary_large_image\" \/>\n<meta name=\"twitter:label1\" content=\"Tempo di lettura stimato\" \/>\n\t<meta name=\"twitter:data1\" content=\"4 minuti\" \/>\n<script type=\"application\/ld+json\" class=\"yoast-schema-graph\">{\"@context\":\"https:\\\/\\\/schema.org\",\"@graph\":[{\"@type\":\"WebPage\",\"@id\":\"https:\\\/\\\/istanbul-ist-international-airport.com\\\/it\\\/departures\\\/\",\"url\":\"https:\\\/\\\/istanbul-ist-international-airport.com\\\/it\\\/departures\\\/\",\"name\":\"Istanbul Airport Departures - Istanbul International Airport (IST) - Turkey&#039;s new airport\",\"isPartOf\":{\"@id\":\"https:\\\/\\\/istanbul-ist-international-airport.com\\\/it\\\/#website\"},\"primaryImageOfPage\":{\"@id\":\"https:\\\/\\\/istanbul-ist-international-airport.com\\\/it\\\/departures\\\/#primaryimage\"},\"image\":{\"@id\":\"https:\\\/\\\/istanbul-ist-international-airport.com\\\/it\\\/departures\\\/#primaryimage\"},\"thumbnailUrl\":\"https:\\\/\\\/istanbul-ist-international-airport.com\\\/wp-content\\\/uploads\\\/2025\\\/09\\\/flights-scaled.jpg\",\"datePublished\":\"2025-09-10T14:14:43+00:00\",\"dateModified\":\"2025-09-13T08:26:04+00:00\",\"breadcrumb\":{\"@id\":\"https:\\\/\\\/istanbul-ist-international-airport.com\\\/it\\\/departures\\\/#breadcrumb\"},\"inLanguage\":\"it-IT\",\"potentialAction\":[{\"@type\":\"ReadAction\",\"target\":[\"https:\\\/\\\/istanbul-ist-international-airport.com\\\/it\\\/departures\\\/\"]}]},{\"@type\":\"ImageObject\",\"inLanguage\":\"it-IT\",\"@id\":\"https:\\\/\\\/istanbul-ist-international-airport.com\\\/it\\\/departures\\\/#primaryimage\",\"url\":\"https:\\\/\\\/istanbul-ist-international-airport.com\\\/wp-content\\\/uploads\\\/2025\\\/09\\\/flights-scaled.jpg\",\"contentUrl\":\"https:\\\/\\\/istanbul-ist-international-airport.com\\\/wp-content\\\/uploads\\\/2025\\\/09\\\/flights-scaled.jpg\",\"width\":2560,\"height\":978},{\"@type\":\"BreadcrumbList\",\"@id\":\"https:\\\/\\\/istanbul-ist-international-airport.com\\\/it\\\/departures\\\/#breadcrumb\",\"itemListElement\":[{\"@type\":\"ListItem\",\"position\":1,\"name\":\"Home\",\"item\":\"https:\\\/\\\/istanbul-ist-international-airport.com\\\/\"},{\"@type\":\"ListItem\",\"position\":2,\"name\":\"Istanbul Airport Departures\"}]},{\"@type\":\"WebSite\",\"@id\":\"https:\\\/\\\/istanbul-ist-international-airport.com\\\/it\\\/#website\",\"url\":\"https:\\\/\\\/istanbul-ist-international-airport.com\\\/it\\\/\",\"name\":\"Istanbul International Airport (IST) - Turkey&#039;s new airport\",\"description\":\"Navigating Istanbul International Airport: A Traveler\u2019s Guide.\",\"potentialAction\":[{\"@type\":\"SearchAction\",\"target\":{\"@type\":\"EntryPoint\",\"urlTemplate\":\"https:\\\/\\\/istanbul-ist-international-airport.com\\\/it\\\/?s={search_term_string}\"},\"query-input\":{\"@type\":\"PropertyValueSpecification\",\"valueRequired\":true,\"valueName\":\"search_term_string\"}}],\"inLanguage\":\"it-IT\"}]}<\/script>\n<!-- \/ Yoast SEO plugin. -->","yoast_head_json":{"title":"Partenze dall'aeroporto di Istanbul - Aeroporto Internazionale di Istanbul (IST) - Il nuovo aeroporto della Turchia","robots":{"index":"index","follow":"follow","max-snippet":"max-snippet:-1","max-image-preview":"max-image-preview:large","max-video-preview":"max-video-preview:-1"},"canonical":"https:\/\/istanbul-ist-international-airport.com\/it\/departures\/","og_locale":"it_IT","og_type":"article","og_title":"Istanbul Airport Departures - Istanbul International Airport (IST) - Turkey&#039;s new airport","og_description":"International flight status from Istanbul Airport When you start your active tour from the fabulous yet hectic Istanbul Airport, you probably have some desires about making your flight expectation and departure as full of comfort as it is possible and avoiding any specific difficulty related to active departure procedures and timings. You should agree that [&hellip;]","og_url":"https:\/\/istanbul-ist-international-airport.com\/it\/departures\/","og_site_name":"Istanbul International Airport (IST) - Turkey&#039;s new airport","article_modified_time":"2025-09-13T08:26:04+00:00","og_image":[{"width":2560,"height":978,"url":"https:\/\/istanbul-ist-international-airport.com\/wp-content\/uploads\/2025\/09\/flights-scaled.jpg","type":"image\/jpeg"}],"twitter_card":"summary_large_image","twitter_misc":{"Tempo di lettura stimato":"4 minuti"},"schema":{"@context":"https:\/\/schema.org","@graph":[{"@type":"WebPage","@id":"https:\/\/istanbul-ist-international-airport.com\/it\/departures\/","url":"https:\/\/istanbul-ist-international-airport.com\/it\/departures\/","name":"Partenze dall'aeroporto di Istanbul - Aeroporto Internazionale di Istanbul (IST) - Il nuovo aeroporto della Turchia","isPartOf":{"@id":"https:\/\/istanbul-ist-international-airport.com\/it\/#website"},"primaryImageOfPage":{"@id":"https:\/\/istanbul-ist-international-airport.com\/it\/departures\/#primaryimage"},"image":{"@id":"https:\/\/istanbul-ist-international-airport.com\/it\/departures\/#primaryimage"},"thumbnailUrl":"https:\/\/istanbul-ist-international-airport.com\/wp-content\/uploads\/2025\/09\/flights-scaled.jpg","datePublished":"2025-09-10T14:14:43+00:00","dateModified":"2025-09-13T08:26:04+00:00","breadcrumb":{"@id":"https:\/\/istanbul-ist-international-airport.com\/it\/departures\/#breadcrumb"},"inLanguage":"it-IT","potentialAction":[{"@type":"ReadAction","target":["https:\/\/istanbul-ist-international-airport.com\/it\/departures\/"]}]},{"@type":"ImageObject","inLanguage":"it-IT","@id":"https:\/\/istanbul-ist-international-airport.com\/it\/departures\/#primaryimage","url":"https:\/\/istanbul-ist-international-airport.com\/wp-content\/uploads\/2025\/09\/flights-scaled.jpg","contentUrl":"https:\/\/istanbul-ist-international-airport.com\/wp-content\/uploads\/2025\/09\/flights-scaled.jpg","width":2560,"height":978},{"@type":"BreadcrumbList","@id":"https:\/\/istanbul-ist-international-airport.com\/it\/departures\/#breadcrumb","itemListElement":[{"@type":"ListItem","position":1,"name":"Home","item":"https:\/\/istanbul-ist-international-airport.com\/"},{"@type":"ListItem","position":2,"name":"Istanbul Airport Departures"}]},{"@type":"WebSite","@id":"https:\/\/istanbul-ist-international-airport.com\/it\/#website","url":"https:\/\/istanbul-ist-international-airport.com\/it\/","name":"Istanbul International Airport (IST) - Turkey&#039;s new airport","description":"Navigating Istanbul International Airport: A Traveler\u2019s Guide.","potentialAction":[{"@type":"SearchAction","target":{"@type":"EntryPoint","urlTemplate":"https:\/\/istanbul-ist-international-airport.com\/it\/?s={search_term_string}"},"query-input":{"@type":"PropertyValueSpecification","valueRequired":true,"valueName":"search_term_string"}}],"inLanguage":"it-IT"}]}},"_links":{"self":[{"href":"https:\/\/istanbul-ist-international-airport.com\/it\/wp-json\/wp\/v2\/pages\/3413","targetHints":{"allow":["GET"]}}],"collection":[{"href":"https:\/\/istanbul-ist-international-airport.com\/it\/wp-json\/wp\/v2\/pages"}],"about":[{"href":"https:\/\/istanbul-ist-international-airport.com\/it\/wp-json\/wp\/v2\/types\/page"}],"author":[{"embeddable":true,"href":"https:\/\/istanbul-ist-international-airport.com\/it\/wp-json\/wp\/v2\/users\/1"}],"replies":[{"embeddable":true,"href":"https:\/\/istanbul-ist-international-airport.com\/it\/wp-json\/wp\/v2\/comments?post=3413"}],"version-history":[{"count":2,"href":"https:\/\/istanbul-ist-international-airport.com\/it\/wp-json\/wp\/v2\/pages\/3413\/revisions"}],"predecessor-version":[{"id":3670,"href":"https:\/\/istanbul-ist-international-airport.com\/it\/wp-json\/wp\/v2\/pages\/3413\/revisions\/3670"}],"wp:featuredmedia":[{"embeddable":true,"href":"https:\/\/istanbul-ist-international-airport.com\/it\/wp-json\/wp\/v2\/media\/3652"}],"wp:attachment":[{"href":"https:\/\/istanbul-ist-international-airport.com\/it\/wp-json\/wp\/v2\/media?parent=3413"}],"curies":[{"name":"wp","href":"https:\/\/api.w.org\/{rel}","templated":true}]}}