{"id":3417,"date":"2025-09-10T17:15:17","date_gmt":"2025-09-10T14:15:17","guid":{"rendered":"http:\/\/147.182.243.37\/?page_id=3417"},"modified":"2025-09-13T11:44:44","modified_gmt":"2025-09-13T08:44:44","slug":"istanbul-airport-guide","status":"publish","type":"page","link":"https:\/\/istanbul-ist-international-airport.com\/it\/istanbul-airport-guide\/","title":{"rendered":"Istanbul Airport Guide"},"content":{"rendered":"<h2 itemprop=\"alternateName\" class=\"wp-block-heading\"><strong>Informazioni generali sull'aeroporto<\/strong><\/h2>\n\n\n\n<p>The&nbsp;<a href=\"https:\/\/istanbul-ist-international-airport.com\/\">Nuovo Aeroporto di Istanbul<\/a>, l'orgoglio della Turchia, ha accolto i suoi primi passeggeri il 29 ottobre 2018. Si tratta di un progetto imponente che dovrebbe essere completato entro il 2028. Una volta terminate tutte e quattro le fasi della sua costruzione, l'aeroporto avr\u00e0 la capacit\u00e0 di servire oltre 200 milioni di passeggeri all'anno, superando qualsiasi altro aeroporto al mondo. Con sei piste, sar\u00e0 in grado di ospitare fino a 500 aeromobili. Inoltre, questa struttura all'avanguardia vanta il pi\u00f9 grande centro duty-free a livello globale e presenta un notevole design della torre di controllo ispirato ai tulipani. L'aeroporto di Istanbul si erge come un hub aeronautico cruciale che collega l'Europa e l'Asia, l'Occidente e l'Oriente, un luogo destinato a diventare uno degli aeroporti pi\u00f9 importanti su scala globale.<\/p>\n\n\n\n<h2 itemprop=\"alternateName\" class=\"wp-block-heading\"><strong>Terminali<\/strong><\/h2>\n\n\n\n<p>Il nuovo aeroporto di Istanbul vanta l'edificio terminal pi\u00f9 grande del mondo, tutto sotto un unico tetto! \u00c8 un'ampia area terminal suddivisa in 5 moli, che serve sia voli nazionali che internazionali. Tuttavia, nonostante il suo aspetto impressionante, la funzionalit\u00e0 del terminal di Istanbul lascia a desiderare. Per risolvere questo problema, sono in corso piani per aggiungere tre ulteriori edifici terminal al complesso aeroportuale di Istanbul, migliorandone ulteriormente l'efficienza operativa.<\/p>\n\n\n\n<h2 itemprop=\"alternateName\" class=\"wp-block-heading\"><a href=\"https:\/\/istanbul-ist-international-airport.com\/istanbul-airport-hotels\/\"><strong>Hotel<\/strong><\/a><\/h2>\n\n\n\n<p>Istanbul vanta una pletora di opzioni di alloggio con un'ampia gamma per soddisfare ogni preferenza e budget. Dalle affascinanti pensioni boutique che trasudano fascino tradizionale agli hotel contemporanei e lussuosi che offrono il massimo del lusso, e dagli accoglienti bed and breakfast agli ostelli e motel economici, ce n'\u00e8 per tutti i gusti. Inoltre, ci sono numerose opzioni di alloggio sparse per Istanbul e anche in prossimit\u00e0 dell'aeroporto. E per chi cerca comodit\u00e0, lo Yotel Istanbul Airport Hotel offre un soggiorno indubbiamente delizioso.<\/p>\n\n\n\n<h2 itemprop=\"alternateName\" class=\"wp-block-heading\"><strong>Strutture e Servizi<\/strong><\/h2>\n\n\n\n<p>L'aeroporto di Istanbul vanta tutte le caratteristiche che ci si aspetterebbe da un aeroporto di tale portata e importanza: servizi superiori, misure di sicurezza all'avanguardia che utilizzano le ultime tecnologie, servizi all'avanguardia che garantiscono procedure di imbarco e check-in semplificate, il tutto nel rispetto di pratiche eco-compatibili. State certi che il vostro tempo libero all'aeroporto internazionale di Istanbul sar\u00e0 a dir poco eccezionale. Esplorate l'ampia gamma di servizi e strutture dell'aeroporto di Istanbul per sfruttare al meglio la vostra visita!<\/p>\n\n\n\n<h2 itemprop=\"alternateName\" class=\"wp-block-heading\"><a href=\"https:\/\/istanbul-ist-international-airport.com\/istanbul-airport-parking\/\"><strong>Parcheggio<\/strong><\/a><\/h2>\n\n\n\n<p>Sei preoccupato di parcheggiare la tua auto all'aeroporto di Istanbul? Non preoccuparti! L'Istanbul Grand Airport (IGA) vanta il pi\u00f9 grande parcheggio multipiano del mondo, offrendo servizi di parcheggio di prim'ordine e servizi aggiuntivi come autolavaggio e cambio pneumatici. Con una capacit\u00e0 di ospitare fino a 40.000 veicoli, il parcheggio dell'aeroporto di Istanbul ti copre. Stai tranquillo, non c'\u00e8 bisogno di preoccuparsi.<\/p>\n\n\n\n<h2 itemprop=\"alternateName\" class=\"wp-block-heading\"><strong>Sosta in aeroporto<\/strong><\/h2>\n\n\n\n<p>Ti trovi di fronte a un lungo scalo all'aeroporto di Istanbul? Cogli questa opportunit\u00e0 per immergerti completamente nella bellezza accattivante ed esotica di Istanbul. Quanto tempo hai a disposizione? Di cosa hai voglia? Istanbul offre una tale abbondanza di scelte che prendere una decisione potrebbe rivelarsi una sfida. Se desideri esplorare non solo il nuovo aeroporto ma anche la citt\u00e0, permettici di presentarti alcune idee interessanti per massimizzare la tua esperienza di scalo all'aeroporto di Istanbul.<\/p>","protected":false},"excerpt":{"rendered":"<p>Informazioni generali sull'aeroporto Il nuovo aeroporto di Istanbul, orgoglio della Turchia, ha accolto i suoi primi passeggeri il 29 ottobre 2018. Si tratta di un progetto imponente che dovrebbe essere completato entro il 2028. Una volta terminate tutte e quattro le fasi della sua costruzione, l'aeroporto avr\u00e0 la capacit\u00e0 di accogliere oltre 200 milioni di passeggeri all'anno, superando qualsiasi altro [...]<\/p>","protected":false},"author":1,"featured_media":3679,"parent":0,"menu_order":0,"comment_status":"closed","ping_status":"closed","template":"home.php","meta":{"_acf_changed":false,"footnotes":""},"class_list":["post-3417","page","type-page","status-publish","has-post-thumbnail","hentry"],"acf":[],"yoast_head":"<!-- This site is optimized with the Yoast SEO plugin v27.5 - https:\/\/yoast.com\/product\/yoast-seo-wordpress\/ -->\n<title>Istanbul Airport Guide - Istanbul International Airport (IST) - Turkey&#039;s new airport<\/title>\n<meta name=\"robots\" content=\"index, follow, max-snippet:-1, max-image-preview:large, max-video-preview:-1\" \/>\n<link rel=\"canonical\" href=\"https:\/\/istanbul-ist-international-airport.com\/it\/istanbul-airport-guide\/\" \/>\n<meta property=\"og:locale\" content=\"it_IT\" \/>\n<meta property=\"og:type\" content=\"article\" \/>\n<meta property=\"og:title\" content=\"Istanbul Airport Guide - Istanbul International Airport (IST) - Turkey&#039;s new airport\" \/>\n<meta property=\"og:description\" content=\"General Airport Information The&nbsp;Istanbul New Airport, Turkey\u2019s pride, welcomed its first passengers on October 29, 2018. It is a massive project that is set to be completed by 2028. Once all four phases of its construction are finished, the airport will have the capacity to cater to over 200 million passengers yearly, surpassing any other [&hellip;]\" \/>\n<meta property=\"og:url\" content=\"https:\/\/istanbul-ist-international-airport.com\/it\/istanbul-airport-guide\/\" \/>\n<meta property=\"og:site_name\" content=\"Istanbul International Airport (IST) - Turkey&#039;s new airport\" \/>\n<meta property=\"article:modified_time\" content=\"2025-09-13T08:44:44+00:00\" \/>\n<meta property=\"og:image\" content=\"https:\/\/istanbul-ist-international-airport.com\/wp-content\/uploads\/2025\/09\/guide.jpg\" \/>\n\t<meta property=\"og:image:width\" content=\"2160\" \/>\n\t<meta property=\"og:image:height\" content=\"825\" \/>\n\t<meta property=\"og:image:type\" content=\"image\/jpeg\" \/>\n<meta name=\"twitter:card\" content=\"summary_large_image\" \/>\n<meta name=\"twitter:label1\" content=\"Tempo di lettura stimato\" \/>\n\t<meta name=\"twitter:data1\" content=\"3 minuti\" \/>\n<script type=\"application\/ld+json\" class=\"yoast-schema-graph\">{\"@context\":\"https:\\\/\\\/schema.org\",\"@graph\":[{\"@type\":\"WebPage\",\"@id\":\"https:\\\/\\\/istanbul-ist-international-airport.com\\\/it\\\/istanbul-airport-guide\\\/\",\"url\":\"https:\\\/\\\/istanbul-ist-international-airport.com\\\/it\\\/istanbul-airport-guide\\\/\",\"name\":\"Istanbul Airport Guide - Istanbul International Airport (IST) - Turkey&#039;s new airport\",\"isPartOf\":{\"@id\":\"https:\\\/\\\/istanbul-ist-international-airport.com\\\/it\\\/#website\"},\"primaryImageOfPage\":{\"@id\":\"https:\\\/\\\/istanbul-ist-international-airport.com\\\/it\\\/istanbul-airport-guide\\\/#primaryimage\"},\"image\":{\"@id\":\"https:\\\/\\\/istanbul-ist-international-airport.com\\\/it\\\/istanbul-airport-guide\\\/#primaryimage\"},\"thumbnailUrl\":\"https:\\\/\\\/istanbul-ist-international-airport.com\\\/wp-content\\\/uploads\\\/2025\\\/09\\\/guide.jpg\",\"datePublished\":\"2025-09-10T14:15:17+00:00\",\"dateModified\":\"2025-09-13T08:44:44+00:00\",\"breadcrumb\":{\"@id\":\"https:\\\/\\\/istanbul-ist-international-airport.com\\\/it\\\/istanbul-airport-guide\\\/#breadcrumb\"},\"inLanguage\":\"it-IT\",\"potentialAction\":[{\"@type\":\"ReadAction\",\"target\":[\"https:\\\/\\\/istanbul-ist-international-airport.com\\\/it\\\/istanbul-airport-guide\\\/\"]}]},{\"@type\":\"ImageObject\",\"inLanguage\":\"it-IT\",\"@id\":\"https:\\\/\\\/istanbul-ist-international-airport.com\\\/it\\\/istanbul-airport-guide\\\/#primaryimage\",\"url\":\"https:\\\/\\\/istanbul-ist-international-airport.com\\\/wp-content\\\/uploads\\\/2025\\\/09\\\/guide.jpg\",\"contentUrl\":\"https:\\\/\\\/istanbul-ist-international-airport.com\\\/wp-content\\\/uploads\\\/2025\\\/09\\\/guide.jpg\",\"width\":2160,\"height\":825},{\"@type\":\"BreadcrumbList\",\"@id\":\"https:\\\/\\\/istanbul-ist-international-airport.com\\\/it\\\/istanbul-airport-guide\\\/#breadcrumb\",\"itemListElement\":[{\"@type\":\"ListItem\",\"position\":1,\"name\":\"Home\",\"item\":\"https:\\\/\\\/istanbul-ist-international-airport.com\\\/\"},{\"@type\":\"ListItem\",\"position\":2,\"name\":\"Istanbul Airport Guide\"}]},{\"@type\":\"WebSite\",\"@id\":\"https:\\\/\\\/istanbul-ist-international-airport.com\\\/it\\\/#website\",\"url\":\"https:\\\/\\\/istanbul-ist-international-airport.com\\\/it\\\/\",\"name\":\"Istanbul International Airport (IST) - Turkey&#039;s new airport\",\"description\":\"Navigating Istanbul International Airport: A Traveler\u2019s Guide.\",\"potentialAction\":[{\"@type\":\"SearchAction\",\"target\":{\"@type\":\"EntryPoint\",\"urlTemplate\":\"https:\\\/\\\/istanbul-ist-international-airport.com\\\/it\\\/?s={search_term_string}\"},\"query-input\":{\"@type\":\"PropertyValueSpecification\",\"valueRequired\":true,\"valueName\":\"search_term_string\"}}],\"inLanguage\":\"it-IT\"}]}<\/script>\n<!-- \/ Yoast SEO plugin. -->","yoast_head_json":{"title":"Guida all'Aeroporto di Istanbul - Aeroporto Internazionale di Istanbul (IST) - Il nuovo aeroporto della Turchia","robots":{"index":"index","follow":"follow","max-snippet":"max-snippet:-1","max-image-preview":"max-image-preview:large","max-video-preview":"max-video-preview:-1"},"canonical":"https:\/\/istanbul-ist-international-airport.com\/it\/istanbul-airport-guide\/","og_locale":"it_IT","og_type":"article","og_title":"Istanbul Airport Guide - Istanbul International Airport (IST) - Turkey&#039;s new airport","og_description":"General Airport Information The&nbsp;Istanbul New Airport, Turkey\u2019s pride, welcomed its first passengers on October 29, 2018. It is a massive project that is set to be completed by 2028. Once all four phases of its construction are finished, the airport will have the capacity to cater to over 200 million passengers yearly, surpassing any other [&hellip;]","og_url":"https:\/\/istanbul-ist-international-airport.com\/it\/istanbul-airport-guide\/","og_site_name":"Istanbul International Airport (IST) - Turkey&#039;s new airport","article_modified_time":"2025-09-13T08:44:44+00:00","og_image":[{"width":2160,"height":825,"url":"https:\/\/istanbul-ist-international-airport.com\/wp-content\/uploads\/2025\/09\/guide.jpg","type":"image\/jpeg"}],"twitter_card":"summary_large_image","twitter_misc":{"Tempo di lettura stimato":"3 minuti"},"schema":{"@context":"https:\/\/schema.org","@graph":[{"@type":"WebPage","@id":"https:\/\/istanbul-ist-international-airport.com\/it\/istanbul-airport-guide\/","url":"https:\/\/istanbul-ist-international-airport.com\/it\/istanbul-airport-guide\/","name":"Guida all'Aeroporto di Istanbul - Aeroporto Internazionale di Istanbul (IST) - Il nuovo aeroporto della Turchia","isPartOf":{"@id":"https:\/\/istanbul-ist-international-airport.com\/it\/#website"},"primaryImageOfPage":{"@id":"https:\/\/istanbul-ist-international-airport.com\/it\/istanbul-airport-guide\/#primaryimage"},"image":{"@id":"https:\/\/istanbul-ist-international-airport.com\/it\/istanbul-airport-guide\/#primaryimage"},"thumbnailUrl":"https:\/\/istanbul-ist-international-airport.com\/wp-content\/uploads\/2025\/09\/guide.jpg","datePublished":"2025-09-10T14:15:17+00:00","dateModified":"2025-09-13T08:44:44+00:00","breadcrumb":{"@id":"https:\/\/istanbul-ist-international-airport.com\/it\/istanbul-airport-guide\/#breadcrumb"},"inLanguage":"it-IT","potentialAction":[{"@type":"ReadAction","target":["https:\/\/istanbul-ist-international-airport.com\/it\/istanbul-airport-guide\/"]}]},{"@type":"ImageObject","inLanguage":"it-IT","@id":"https:\/\/istanbul-ist-international-airport.com\/it\/istanbul-airport-guide\/#primaryimage","url":"https:\/\/istanbul-ist-international-airport.com\/wp-content\/uploads\/2025\/09\/guide.jpg","contentUrl":"https:\/\/istanbul-ist-international-airport.com\/wp-content\/uploads\/2025\/09\/guide.jpg","width":2160,"height":825},{"@type":"BreadcrumbList","@id":"https:\/\/istanbul-ist-international-airport.com\/it\/istanbul-airport-guide\/#breadcrumb","itemListElement":[{"@type":"ListItem","position":1,"name":"Home","item":"https:\/\/istanbul-ist-international-airport.com\/"},{"@type":"ListItem","position":2,"name":"Istanbul Airport Guide"}]},{"@type":"WebSite","@id":"https:\/\/istanbul-ist-international-airport.com\/it\/#website","url":"https:\/\/istanbul-ist-international-airport.com\/it\/","name":"Istanbul International Airport (IST) - Turkey&#039;s new airport","description":"Navigating Istanbul International Airport: A Traveler\u2019s Guide.","potentialAction":[{"@type":"SearchAction","target":{"@type":"EntryPoint","urlTemplate":"https:\/\/istanbul-ist-international-airport.com\/it\/?s={search_term_string}"},"query-input":{"@type":"PropertyValueSpecification","valueRequired":true,"valueName":"search_term_string"}}],"inLanguage":"it-IT"}]}},"_links":{"self":[{"href":"https:\/\/istanbul-ist-international-airport.com\/it\/wp-json\/wp\/v2\/pages\/3417","targetHints":{"allow":["GET"]}}],"collection":[{"href":"https:\/\/istanbul-ist-international-airport.com\/it\/wp-json\/wp\/v2\/pages"}],"about":[{"href":"https:\/\/istanbul-ist-international-airport.com\/it\/wp-json\/wp\/v2\/types\/page"}],"author":[{"embeddable":true,"href":"https:\/\/istanbul-ist-international-airport.com\/it\/wp-json\/wp\/v2\/users\/1"}],"replies":[{"embeddable":true,"href":"https:\/\/istanbul-ist-international-airport.com\/it\/wp-json\/wp\/v2\/comments?post=3417"}],"version-history":[{"count":2,"href":"https:\/\/istanbul-ist-international-airport.com\/it\/wp-json\/wp\/v2\/pages\/3417\/revisions"}],"predecessor-version":[{"id":3678,"href":"https:\/\/istanbul-ist-international-airport.com\/it\/wp-json\/wp\/v2\/pages\/3417\/revisions\/3678"}],"wp:featuredmedia":[{"embeddable":true,"href":"https:\/\/istanbul-ist-international-airport.com\/it\/wp-json\/wp\/v2\/media\/3679"}],"wp:attachment":[{"href":"https:\/\/istanbul-ist-international-airport.com\/it\/wp-json\/wp\/v2\/media?parent=3417"}],"curies":[{"name":"wp","href":"https:\/\/api.w.org\/{rel}","templated":true}]}}