{"id":3437,"date":"2025-09-10T17:19:56","date_gmt":"2025-09-10T14:19:56","guid":{"rendered":"http:\/\/147.182.243.37\/?page_id=3437"},"modified":"2025-09-13T13:45:05","modified_gmt":"2025-09-13T10:45:05","slug":"ist-smoking-area","status":"publish","type":"page","link":"https:\/\/istanbul-ist-international-airport.com\/pl\/ist-smoking-area\/","title":{"rendered":"Strefa dla pal\u0105cych na Mi\u0119dzynarodowym Lotnisku w Stambule"},"content":{"rendered":"<h2 itemprop=\"alternateName\" class=\"wp-block-heading\"><strong>Komfort palenia na lotnisku: odkrywanie wygodnych miejsc dla palaczy na IST<\/strong><\/h2>\n\n\n\n<p>Turcja, podobnie jak Hiszpania, Ameryka P\u00f3\u0142nocna i W\u0142ochy, znana jest z wysokiego poziomu konsument\u00f3w nikotyny. Tradycja palenia jest tam silna i nawet w czasach, gdy spo\u0142ecze\u0144stwo \u015bwiatowe walczy z paleniem i stara si\u0119 ograniczy\u0107 spo\u017cycie tytoniu, lotnisko w Stambule pozostaje wygodnym miejscem dla pasa\u017cer\u00f3w, kt\u00f3rzy wol\u0105 wdycha\u0107 dym tytoniowy.<br>Oczywi\u015bcie, mo\u017cesz skorzysta\u0107 z prawa do palenia tylko w wyznaczonych miejscach wok\u00f3\u0142 lotniska w Stambule. Palenie wewn\u0105trz budynku lotniska jest zabronione, z wyj\u0105tkiem specjalnego obszaru, kt\u00f3ry jest oznaczony i umiejscowiony w taki spos\u00f3b, aby nie przeszkadza\u0142 innym podr\u00f3\u017cnym.<br>Rozwa\u017cmy, gdzie znale\u017a\u0107 palarni\u0119 na lotnisku dla pasa\u017cer\u00f3w lot\u00f3w krajowych i mi\u0119dzynarodowych w tym artykule na blogu. Zdecydowali\u015bmy si\u0119, aby rozwi\u0105zanie by\u0142o logiczne i wygodne dla os\u00f3b odwiedzaj\u0105cych lotnisko, dlatego opiszemy ka\u017cd\u0105 palarni\u0119 zwi\u0105zan\u0105 z konkretn\u0105 bramk\u0105, aby mi\u0142o\u015bnicy palenia mogli \u0142atwo i wygodnie sprawdzi\u0107 sw\u00f3j adres i uzyska\u0107 map\u0119 taras\u00f3w dla pal\u0105cych tu\u017c przed odlotem lub przed przylotem na lotnisko w Stambule.<br>Og\u00f3lnie rzecz bior\u0105c, lotnisko w Stambule oferuje 13 miejsc dla pal\u0105cych dla swoich pasa\u017cer\u00f3w. Trzy z nich znajduj\u0105 si\u0119 po stronie krajowej, a dziesi\u0119\u0107 jest dost\u0119pnych dla pasa\u017cer\u00f3w po stronie mi\u0119dzynarodowej.<\/p>\n\n\n\n<p><strong>Strefa dla pal\u0105cych IST blisko bramek A<\/strong><\/p>\n\n\n\n<p>Je\u015bli masz lot z bramek A, mo\u017cesz skorzysta\u0107 z tarasu dla palaczy. Znajduje si\u0119 on w pobli\u017cu strefy odpraw i mo\u017cna go znale\u017a\u0107 za pomoc\u0105 mapy na stronie internetowej lotniska w Stambule lub po prostu zapyta\u0107 personel lotniska o to, gdzie si\u0119 on znajduje. Kolejny taras dla palaczy, kt\u00f3ry jest najbli\u017cej bramek A, znajduje si\u0119 w pobli\u017cu bramki A11, wi\u0119c mo\u017cesz go odwiedzi\u0107, wylatuj\u0105c do Europy lub Azji z tej bramki. W przypadku, gdy tw\u00f3j lot jest przypisany do bramek A bli\u017cej sekcji bramek B, w pobli\u017cu A-B Gourmet Trilogy znajduje si\u0119 kryta palarnia.<\/p>\n\n\n\n<h2 itemprop=\"alternateName\" class=\"wp-block-heading\"><strong>Strefa dla pal\u0105cych IST w pobli\u017cu bramek B<\/strong><\/h2>\n\n\n\n<p>Dla bramek B znajduje si\u0119 po\u015brednia strefa dla pal\u0105cych w pobli\u017cu A-B Gourmet Trilogy. Kolejny taras, na kt\u00f3ry mo\u017ce wej\u015b\u0107 palacz, aby za\u017cy\u0107 porcj\u0119 tytoniu, znajduje si\u0119 w pobli\u017cu bramki B18, a w pobli\u017cu bramki B1 znajduje si\u0119 specjalny taras Fresh Air Terrace, na kt\u00f3rym palenie jest dozwolone.<\/p>\n\n\n\n<h2 itemprop=\"alternateName\" class=\"wp-block-heading\"><strong>Strefa dla pal\u0105cych IST blisko bramek C<\/strong><\/h2>\n\n\n\n<p>Osoby odwiedzaj\u0105ce bramki C s\u0105 mile widziane na balkonie, kt\u00f3ry znajduje si\u0119 w pobli\u017cu bramki C1 obok Napzone.<\/p>\n\n\n\n<h2 itemprop=\"alternateName\" class=\"wp-block-heading\"><strong>Strefa dla pal\u0105cych IST blisko bramek D<\/strong><\/h2>\n\n\n\n<p>Je\u015bli chodzi o palarni\u0119 w strefie D-Gates na lotnisku w Stambule, istnieje tylko jedna opcja dla mi\u0142o\u015bnik\u00f3w palenia, obok bramki D16.<\/p>\n\n\n\n<h2 itemprop=\"alternateName\" class=\"wp-block-heading\"><strong>Strefy dla pal\u0105cych IST blisko bramek E zostaj\u0105 zamkni\u0119te<\/strong><\/h2>\n\n\n\n<p>Je\u015bli chcesz dosta\u0107 si\u0119 do strefy dla pal\u0105cych na Mi\u0119dzynarodowym Lotnisku w Stambule w pobli\u017cu bramek E, lepiej poszuka\u0107 innych obszar\u00f3w bramek w pobli\u017cu, poniewa\u017c w tej sekcji nie ma specjalnych stref. Mo\u017cesz jednak zaspokoi\u0107 swoje pragnienia nikotynowe na palarni na tarasie F13.<\/p>\n\n\n\n<h2 itemprop=\"alternateName\" class=\"wp-block-heading\"><strong>Strefa dla pal\u0105cych IST w pobli\u017cu bramek F<\/strong><\/h2>\n\n\n\n<p>Na lotnisku w Stambule przy bramkach F znajduj\u0105 si\u0119 2 wspania\u0142e tarasy, na kt\u00f3re mo\u017cna wej\u015b\u0107, aby zapali\u0107 papierosa lub fajk\u0119.<\/p>\n\n\n\n<ul class=\"wp-block-list\">\n<li>Pierwszy znajduje si\u0119 w pobli\u017cu bramy F13 i jest to taras typu lounge.<\/li>\n\n\n\n<li>Drugie jest po drugiej stronie Bramy 8.<\/li>\n<\/ul>\n\n\n\n<h2 itemprop=\"alternateName\" class=\"wp-block-heading\"><strong>Strefy dla pal\u0105cych IST w pobli\u017cu bramek G zostaj\u0105 zamkni\u0119te<\/strong><\/h2>\n\n\n\n<p>Jedyne miejsce dla pal\u0105cych w pobli\u017cu bramek G znajduje si\u0119 obok bramki G11. Widoki i wsp\u00f3\u0142rz\u0119dne mo\u017cna znale\u017a\u0107 pod tym linkiem.<br>Opr\u00f3cz strefy dla pal\u0105cych znajduj\u0105cej si\u0119 przy Gate, na terenie cz\u0119\u015bci krajowej i centralnej lotniska znajduje si\u0119 r\u00f3wnie\u017c kilka bezp\u0142atnych stref dla pal\u0105cych. Tak wi\u0119c pasa\u017cerowie, kt\u00f3rych odlot nast\u0119puje z cz\u0119\u015bci krajowej, mog\u0105 pali\u0107 albo na tarasie w pobli\u017cu Wej\u015bcia do Strefy Gastronomicznej, albo korzysta\u0107 z balkonu w Strefie Gastronomicznej.<br>Je\u015bli szukasz palarni w pobli\u017cu wej\u015b\u0107 na lotnisko w Stambule, znajdziesz dwie na pi\u0119trze odlot\u00f3w w strefie odpraw A i strefie odpraw C. Ponadto znajduj\u0105 si\u0119 tam dwie strefy w pobli\u017cu ta\u015bm odbioru baga\u017cu \u2013 jedna dla pasa\u017cer\u00f3w krajowych i jedna dla pasa\u017cer\u00f3w mi\u0119dzynarodowych.<br>Rozpoczynaj\u0105c podr\u00f3\u017c na lotnisko w Stambule, warto dowiedzie\u0107 si\u0119 wi\u0119cej o strefach dla pal\u0105cych, je\u015bli jeste\u015b osob\u0105 pal\u0105c\u0105. Mamy nadziej\u0119, \u017ce informacje, kt\u00f3re przekazali\u015bmy na temat ka\u017cdej strefy dla pal\u0105cych na lotnisku IST, b\u0119d\u0105 dla Ciebie pomocne. W ka\u017cdym razie nale\u017cy r\u00f3wnie\u017c sprawdzi\u0107, kt\u00f3re strefy s\u0105 czynne w dniu Twojego wylotu\/przylotu\/transferu, co mo\u017cesz zrobi\u0107 na oficjalnej stronie internetowej lotniska, gdzie publikowane s\u0105 odpowiednie aktualizacje. Wystarczy zaakceptowa\u0107 polityk\u0119 prywatno\u015bci i wej\u015b\u0107 na t\u0119 stron\u0119 lub skontaktowa\u0107 si\u0119 z obs\u0142ug\u0105 lotniska telefonicznie lub mailowo, aby uzyska\u0107 szczeg\u00f3\u0142owe informacje na temat funkcjonowania ka\u017cdej strefy dla pal\u0105cych.<\/p>","protected":false},"excerpt":{"rendered":"<p>Komfort palenia na lotnisku: odkrywanie wygodnych miejsc dla palaczy na lotnisku IST. Turcja, podobnie jak Hiszpania, Ameryka P\u00f3\u0142nocna i W\u0142ochy, znana jest z wysokiego poziomu konsumpcji nikotyny. Tradycja palenia jest tam silna i nawet w czasach, gdy \u015bwiatowe spo\u0142ecze\u0144stwo walczy z paleniem i pr\u00f3buje ograniczy\u0107 spo\u017cycie tytoniu, lotnisko w Stambule pozostaje [\u2026]<\/p>","protected":false},"author":1,"featured_media":3711,"parent":0,"menu_order":0,"comment_status":"closed","ping_status":"closed","template":"home.php","meta":{"_acf_changed":false,"footnotes":""},"class_list":["post-3437","page","type-page","status-publish","has-post-thumbnail","hentry"],"acf":[],"yoast_head":"<!-- This site is optimized with the Yoast SEO plugin v27.4 - https:\/\/yoast.com\/product\/yoast-seo-wordpress\/ -->\n<title>Istanbul International Airport smoking area - Istanbul International Airport (IST) - Turkey&#039;s new airport<\/title>\n<meta name=\"robots\" content=\"index, follow, max-snippet:-1, max-image-preview:large, max-video-preview:-1\" \/>\n<link rel=\"canonical\" href=\"https:\/\/istanbul-ist-international-airport.com\/pl\/ist-smoking-area\/\" \/>\n<meta property=\"og:locale\" content=\"pl_PL\" \/>\n<meta property=\"og:type\" content=\"article\" \/>\n<meta property=\"og:title\" content=\"Istanbul International Airport smoking area - Istanbul International Airport (IST) - Turkey&#039;s new airport\" \/>\n<meta property=\"og:description\" content=\"Smoking comfort in the airport: discovering comfortable spots for a smoker in IST Turkey, like Spain, North America, and Italy, is known for high levels of nicotine consumers. The tradition of smoking is strong there, and even in times when the world society fights smoking and tries to reduce tobacco consumption, Istanbul Airport remains a [&hellip;]\" \/>\n<meta property=\"og:url\" content=\"https:\/\/istanbul-ist-international-airport.com\/pl\/ist-smoking-area\/\" \/>\n<meta property=\"og:site_name\" content=\"Istanbul International Airport (IST) - Turkey&#039;s new airport\" \/>\n<meta property=\"article:modified_time\" content=\"2025-09-13T10:45:05+00:00\" \/>\n<meta property=\"og:image\" content=\"https:\/\/istanbul-ist-international-airport.com\/wp-content\/uploads\/2025\/09\/smoking-scaled-1.jpg\" \/>\n\t<meta property=\"og:image:width\" content=\"2560\" \/>\n\t<meta property=\"og:image:height\" content=\"1393\" \/>\n\t<meta property=\"og:image:type\" content=\"image\/jpeg\" \/>\n<meta name=\"twitter:card\" content=\"summary_large_image\" \/>\n<meta name=\"twitter:label1\" content=\"Szacowany czas czytania\" \/>\n\t<meta name=\"twitter:data1\" content=\"4 minuty\" \/>\n<script type=\"application\/ld+json\" class=\"yoast-schema-graph\">{\"@context\":\"https:\\\/\\\/schema.org\",\"@graph\":[{\"@type\":\"WebPage\",\"@id\":\"https:\\\/\\\/istanbul-ist-international-airport.com\\\/pl\\\/ist-smoking-area\\\/\",\"url\":\"https:\\\/\\\/istanbul-ist-international-airport.com\\\/pl\\\/ist-smoking-area\\\/\",\"name\":\"Istanbul International Airport smoking area - Istanbul International Airport (IST) - Turkey&#039;s new airport\",\"isPartOf\":{\"@id\":\"https:\\\/\\\/istanbul-ist-international-airport.com\\\/pl\\\/#website\"},\"primaryImageOfPage\":{\"@id\":\"https:\\\/\\\/istanbul-ist-international-airport.com\\\/pl\\\/ist-smoking-area\\\/#primaryimage\"},\"image\":{\"@id\":\"https:\\\/\\\/istanbul-ist-international-airport.com\\\/pl\\\/ist-smoking-area\\\/#primaryimage\"},\"thumbnailUrl\":\"https:\\\/\\\/istanbul-ist-international-airport.com\\\/wp-content\\\/uploads\\\/2025\\\/09\\\/smoking-scaled-1.jpg\",\"datePublished\":\"2025-09-10T14:19:56+00:00\",\"dateModified\":\"2025-09-13T10:45:05+00:00\",\"breadcrumb\":{\"@id\":\"https:\\\/\\\/istanbul-ist-international-airport.com\\\/pl\\\/ist-smoking-area\\\/#breadcrumb\"},\"inLanguage\":\"pl-PL\",\"potentialAction\":[{\"@type\":\"ReadAction\",\"target\":[\"https:\\\/\\\/istanbul-ist-international-airport.com\\\/pl\\\/ist-smoking-area\\\/\"]}]},{\"@type\":\"ImageObject\",\"inLanguage\":\"pl-PL\",\"@id\":\"https:\\\/\\\/istanbul-ist-international-airport.com\\\/pl\\\/ist-smoking-area\\\/#primaryimage\",\"url\":\"https:\\\/\\\/istanbul-ist-international-airport.com\\\/wp-content\\\/uploads\\\/2025\\\/09\\\/smoking-scaled-1.jpg\",\"contentUrl\":\"https:\\\/\\\/istanbul-ist-international-airport.com\\\/wp-content\\\/uploads\\\/2025\\\/09\\\/smoking-scaled-1.jpg\",\"width\":2560,\"height\":1393},{\"@type\":\"BreadcrumbList\",\"@id\":\"https:\\\/\\\/istanbul-ist-international-airport.com\\\/pl\\\/ist-smoking-area\\\/#breadcrumb\",\"itemListElement\":[{\"@type\":\"ListItem\",\"position\":1,\"name\":\"Home\",\"item\":\"https:\\\/\\\/istanbul-ist-international-airport.com\\\/\"},{\"@type\":\"ListItem\",\"position\":2,\"name\":\"Istanbul International Airport smoking area\"}]},{\"@type\":\"WebSite\",\"@id\":\"https:\\\/\\\/istanbul-ist-international-airport.com\\\/pl\\\/#website\",\"url\":\"https:\\\/\\\/istanbul-ist-international-airport.com\\\/pl\\\/\",\"name\":\"Istanbul International Airport (IST) - Turkey&#039;s new airport\",\"description\":\"Navigating Istanbul International Airport: A Traveler\u2019s Guide.\",\"potentialAction\":[{\"@type\":\"SearchAction\",\"target\":{\"@type\":\"EntryPoint\",\"urlTemplate\":\"https:\\\/\\\/istanbul-ist-international-airport.com\\\/pl\\\/?s={search_term_string}\"},\"query-input\":{\"@type\":\"PropertyValueSpecification\",\"valueRequired\":true,\"valueName\":\"search_term_string\"}}],\"inLanguage\":\"pl-PL\"}]}<\/script>\n<!-- \/ Yoast SEO plugin. -->","yoast_head_json":{"title":"Strefa dla pal\u0105cych na Mi\u0119dzynarodowym Lotnisku w Stambule - Mi\u0119dzynarodowe Lotnisko w Stambule (IST) - Nowe lotnisko w Turcji","robots":{"index":"index","follow":"follow","max-snippet":"max-snippet:-1","max-image-preview":"max-image-preview:large","max-video-preview":"max-video-preview:-1"},"canonical":"https:\/\/istanbul-ist-international-airport.com\/pl\/ist-smoking-area\/","og_locale":"pl_PL","og_type":"article","og_title":"Istanbul International Airport smoking area - Istanbul International Airport (IST) - Turkey&#039;s new airport","og_description":"Smoking comfort in the airport: discovering comfortable spots for a smoker in IST Turkey, like Spain, North America, and Italy, is known for high levels of nicotine consumers. The tradition of smoking is strong there, and even in times when the world society fights smoking and tries to reduce tobacco consumption, Istanbul Airport remains a [&hellip;]","og_url":"https:\/\/istanbul-ist-international-airport.com\/pl\/ist-smoking-area\/","og_site_name":"Istanbul International Airport (IST) - Turkey&#039;s new airport","article_modified_time":"2025-09-13T10:45:05+00:00","og_image":[{"width":2560,"height":1393,"url":"https:\/\/istanbul-ist-international-airport.com\/wp-content\/uploads\/2025\/09\/smoking-scaled-1.jpg","type":"image\/jpeg"}],"twitter_card":"summary_large_image","twitter_misc":{"Szacowany czas czytania":"4 minuty"},"schema":{"@context":"https:\/\/schema.org","@graph":[{"@type":"WebPage","@id":"https:\/\/istanbul-ist-international-airport.com\/pl\/ist-smoking-area\/","url":"https:\/\/istanbul-ist-international-airport.com\/pl\/ist-smoking-area\/","name":"Strefa dla pal\u0105cych na Mi\u0119dzynarodowym Lotnisku w Stambule - Mi\u0119dzynarodowe Lotnisko w Stambule (IST) - Nowe lotnisko w Turcji","isPartOf":{"@id":"https:\/\/istanbul-ist-international-airport.com\/pl\/#website"},"primaryImageOfPage":{"@id":"https:\/\/istanbul-ist-international-airport.com\/pl\/ist-smoking-area\/#primaryimage"},"image":{"@id":"https:\/\/istanbul-ist-international-airport.com\/pl\/ist-smoking-area\/#primaryimage"},"thumbnailUrl":"https:\/\/istanbul-ist-international-airport.com\/wp-content\/uploads\/2025\/09\/smoking-scaled-1.jpg","datePublished":"2025-09-10T14:19:56+00:00","dateModified":"2025-09-13T10:45:05+00:00","breadcrumb":{"@id":"https:\/\/istanbul-ist-international-airport.com\/pl\/ist-smoking-area\/#breadcrumb"},"inLanguage":"pl-PL","potentialAction":[{"@type":"ReadAction","target":["https:\/\/istanbul-ist-international-airport.com\/pl\/ist-smoking-area\/"]}]},{"@type":"ImageObject","inLanguage":"pl-PL","@id":"https:\/\/istanbul-ist-international-airport.com\/pl\/ist-smoking-area\/#primaryimage","url":"https:\/\/istanbul-ist-international-airport.com\/wp-content\/uploads\/2025\/09\/smoking-scaled-1.jpg","contentUrl":"https:\/\/istanbul-ist-international-airport.com\/wp-content\/uploads\/2025\/09\/smoking-scaled-1.jpg","width":2560,"height":1393},{"@type":"BreadcrumbList","@id":"https:\/\/istanbul-ist-international-airport.com\/pl\/ist-smoking-area\/#breadcrumb","itemListElement":[{"@type":"ListItem","position":1,"name":"Home","item":"https:\/\/istanbul-ist-international-airport.com\/"},{"@type":"ListItem","position":2,"name":"Istanbul International Airport smoking area"}]},{"@type":"WebSite","@id":"https:\/\/istanbul-ist-international-airport.com\/pl\/#website","url":"https:\/\/istanbul-ist-international-airport.com\/pl\/","name":"Istanbul International Airport (IST) - Turkey&#039;s new airport","description":"Navigating Istanbul International Airport: A Traveler\u2019s Guide.","potentialAction":[{"@type":"SearchAction","target":{"@type":"EntryPoint","urlTemplate":"https:\/\/istanbul-ist-international-airport.com\/pl\/?s={search_term_string}"},"query-input":{"@type":"PropertyValueSpecification","valueRequired":true,"valueName":"search_term_string"}}],"inLanguage":"pl-PL"}]}},"_links":{"self":[{"href":"https:\/\/istanbul-ist-international-airport.com\/pl\/wp-json\/wp\/v2\/pages\/3437","targetHints":{"allow":["GET"]}}],"collection":[{"href":"https:\/\/istanbul-ist-international-airport.com\/pl\/wp-json\/wp\/v2\/pages"}],"about":[{"href":"https:\/\/istanbul-ist-international-airport.com\/pl\/wp-json\/wp\/v2\/types\/page"}],"author":[{"embeddable":true,"href":"https:\/\/istanbul-ist-international-airport.com\/pl\/wp-json\/wp\/v2\/users\/1"}],"replies":[{"embeddable":true,"href":"https:\/\/istanbul-ist-international-airport.com\/pl\/wp-json\/wp\/v2\/comments?post=3437"}],"version-history":[{"count":2,"href":"https:\/\/istanbul-ist-international-airport.com\/pl\/wp-json\/wp\/v2\/pages\/3437\/revisions"}],"predecessor-version":[{"id":3713,"href":"https:\/\/istanbul-ist-international-airport.com\/pl\/wp-json\/wp\/v2\/pages\/3437\/revisions\/3713"}],"wp:featuredmedia":[{"embeddable":true,"href":"https:\/\/istanbul-ist-international-airport.com\/pl\/wp-json\/wp\/v2\/media\/3711"}],"wp:attachment":[{"href":"https:\/\/istanbul-ist-international-airport.com\/pl\/wp-json\/wp\/v2\/media?parent=3437"}],"curies":[{"name":"wp","href":"https:\/\/api.w.org\/{rel}","templated":true}]}}