{"id":3463,"date":"2025-09-10T17:22:12","date_gmt":"2025-09-10T14:22:12","guid":{"rendered":"http:\/\/147.182.243.37\/?page_id=3463"},"modified":"2025-09-13T14:33:05","modified_gmt":"2025-09-13T11:33:05","slug":"about","status":"publish","type":"page","link":"https:\/\/istanbul-ist-international-airport.com\/pl\/about\/","title":{"rendered":"About"},"content":{"rendered":"<h2 itemprop=\"alternateName\" class=\"wp-block-heading\"><strong>O nas<\/strong><\/h2>\n\n\n\n<p>Na tej stronie znajdziesz wszystkie informacje dotycz\u0105ce&nbsp;<a href=\"https:\/\/istanbul-ist-international-airport.com\/\">Istanbul International Airport (IST)<\/a>:<\/p>\n\n\n\n<ul class=\"wp-block-list\">\n<li>Loty (Przyloty, Odloty i Linie lotnicze)<\/li>\n\n\n\n<li>Przewodniki po lotniskach<\/li>\n\n\n\n<li>Udogodnienia na lotnisku<\/li>\n\n\n\n<li>Informacje dla pasa\u017cer\u00f3w<\/li>\n\n\n\n<li>Transportation<\/li>\n<\/ul>\n\n\n\n<h2 itemprop=\"alternateName\" class=\"wp-block-heading\"><strong>Contact Info<\/strong><\/h2>\n\n\n\n<p><a href=\"mailto:info@airportglobe.com\">info@airportglobe.com<\/a><\/p>\n\n\n\n<h2 itemprop=\"alternateName\" class=\"wp-block-heading\"><strong>Przydatna uwaga<\/strong><\/h2>\n\n\n\n<p>Mi\u0142o nam powita\u0107 Ci\u0119 na naszej stronie internetowej, kt\u00f3ra jest nieoficjalnym przewodnikiem po lotnisku w Stambule, niezwi\u0105zanym bezpo\u015brednio ani po\u015brednio z oficjaln\u0105 stron\u0105 lotniska. Naszym celem jest pomoc wszystkim podr\u00f3\u017cnym poprzez dostarczanie przydatnych i aktualnych informacji o lotnisku.<\/p>\n\n\n\n<p>Chocia\u017c do\u0142o\u017cyli\u015bmy wszelkich stara\u0144, aby sprawdzi\u0107 zawarto\u015b\u0107 naszej strony internetowej, mo\u017ce ona zawiera\u0107 b\u0142\u0119dy lub pomini\u0119cia, za kt\u00f3re nie ponosimy odpowiedzialno\u015bci.<\/p>","protected":false},"excerpt":{"rendered":"<p>O nas Na tej stronie znajdziesz wszystkie informacje dotycz\u0105ce Mi\u0119dzynarodowego Portu Lotniczego w Stambule (IST): Informacje kontaktowe info@airportglobe.com Przydatna uwaga Z rado\u015bci\u0105 witamy na naszej stronie internetowej, kt\u00f3ra jest nieoficjalnym przewodnikiem po lotnisku w Stambule, niepowi\u0105zanym bezpo\u015brednio ani po\u015brednio z oficjaln\u0105 stron\u0105 lotniska. Naszym celem jest pomoc wszystkim podr\u00f3\u017cnym poprzez [...]<\/p>","protected":false},"author":1,"featured_media":3752,"parent":0,"menu_order":0,"comment_status":"closed","ping_status":"closed","template":"home.php","meta":{"_acf_changed":false,"footnotes":""},"class_list":["post-3463","page","type-page","status-publish","has-post-thumbnail","hentry"],"acf":[],"yoast_head":"<!-- This site is optimized with the Yoast SEO plugin v27.5 - https:\/\/yoast.com\/product\/yoast-seo-wordpress\/ -->\n<title>About - Istanbul International Airport (IST) - Turkey&#039;s new airport<\/title>\n<meta name=\"robots\" content=\"index, follow, max-snippet:-1, max-image-preview:large, max-video-preview:-1\" \/>\n<link rel=\"canonical\" href=\"https:\/\/istanbul-ist-international-airport.com\/pl\/about\/\" \/>\n<meta property=\"og:locale\" content=\"pl_PL\" \/>\n<meta property=\"og:type\" content=\"article\" \/>\n<meta property=\"og:title\" content=\"About - Istanbul International Airport (IST) - Turkey&#039;s new airport\" \/>\n<meta property=\"og:description\" content=\"About us In this webpage you can find all the information regarding&nbsp;Istanbul International Airport (IST): Contact Info info@airportglobe.com Useful Note We are pleased to welcome you to our website, which is an unofficial guide to Istanbul Airport, not directly or indirectly related to the official airport website. Our goal is to help all travelers by [&hellip;]\" \/>\n<meta property=\"og:url\" content=\"https:\/\/istanbul-ist-international-airport.com\/pl\/about\/\" \/>\n<meta property=\"og:site_name\" content=\"Istanbul International Airport (IST) - Turkey&#039;s new airport\" \/>\n<meta property=\"article:modified_time\" content=\"2025-09-13T11:33:05+00:00\" \/>\n<meta property=\"og:image\" content=\"https:\/\/istanbul-ist-international-airport.com\/wp-content\/uploads\/2025\/09\/about.jpg\" \/>\n\t<meta property=\"og:image:width\" content=\"2160\" \/>\n\t<meta property=\"og:image:height\" content=\"825\" \/>\n\t<meta property=\"og:image:type\" content=\"image\/jpeg\" \/>\n<meta name=\"twitter:card\" content=\"summary_large_image\" \/>\n<meta name=\"twitter:label1\" content=\"Szacowany czas czytania\" \/>\n\t<meta name=\"twitter:data1\" content=\"1 minuta\" \/>\n<script type=\"application\/ld+json\" class=\"yoast-schema-graph\">{\"@context\":\"https:\\\/\\\/schema.org\",\"@graph\":[{\"@type\":\"WebPage\",\"@id\":\"https:\\\/\\\/istanbul-ist-international-airport.com\\\/pl\\\/about\\\/\",\"url\":\"https:\\\/\\\/istanbul-ist-international-airport.com\\\/pl\\\/about\\\/\",\"name\":\"About - Istanbul International Airport (IST) - Turkey&#039;s new airport\",\"isPartOf\":{\"@id\":\"https:\\\/\\\/istanbul-ist-international-airport.com\\\/pl\\\/#website\"},\"primaryImageOfPage\":{\"@id\":\"https:\\\/\\\/istanbul-ist-international-airport.com\\\/pl\\\/about\\\/#primaryimage\"},\"image\":{\"@id\":\"https:\\\/\\\/istanbul-ist-international-airport.com\\\/pl\\\/about\\\/#primaryimage\"},\"thumbnailUrl\":\"https:\\\/\\\/istanbul-ist-international-airport.com\\\/wp-content\\\/uploads\\\/2025\\\/09\\\/about.jpg\",\"datePublished\":\"2025-09-10T14:22:12+00:00\",\"dateModified\":\"2025-09-13T11:33:05+00:00\",\"breadcrumb\":{\"@id\":\"https:\\\/\\\/istanbul-ist-international-airport.com\\\/pl\\\/about\\\/#breadcrumb\"},\"inLanguage\":\"pl-PL\",\"potentialAction\":[{\"@type\":\"ReadAction\",\"target\":[\"https:\\\/\\\/istanbul-ist-international-airport.com\\\/pl\\\/about\\\/\"]}]},{\"@type\":\"ImageObject\",\"inLanguage\":\"pl-PL\",\"@id\":\"https:\\\/\\\/istanbul-ist-international-airport.com\\\/pl\\\/about\\\/#primaryimage\",\"url\":\"https:\\\/\\\/istanbul-ist-international-airport.com\\\/wp-content\\\/uploads\\\/2025\\\/09\\\/about.jpg\",\"contentUrl\":\"https:\\\/\\\/istanbul-ist-international-airport.com\\\/wp-content\\\/uploads\\\/2025\\\/09\\\/about.jpg\",\"width\":2160,\"height\":825},{\"@type\":\"BreadcrumbList\",\"@id\":\"https:\\\/\\\/istanbul-ist-international-airport.com\\\/pl\\\/about\\\/#breadcrumb\",\"itemListElement\":[{\"@type\":\"ListItem\",\"position\":1,\"name\":\"Home\",\"item\":\"https:\\\/\\\/istanbul-ist-international-airport.com\\\/\"},{\"@type\":\"ListItem\",\"position\":2,\"name\":\"About\"}]},{\"@type\":\"WebSite\",\"@id\":\"https:\\\/\\\/istanbul-ist-international-airport.com\\\/pl\\\/#website\",\"url\":\"https:\\\/\\\/istanbul-ist-international-airport.com\\\/pl\\\/\",\"name\":\"Istanbul International Airport (IST) - Turkey&#039;s new airport\",\"description\":\"Navigating Istanbul International Airport: A Traveler\u2019s Guide.\",\"potentialAction\":[{\"@type\":\"SearchAction\",\"target\":{\"@type\":\"EntryPoint\",\"urlTemplate\":\"https:\\\/\\\/istanbul-ist-international-airport.com\\\/pl\\\/?s={search_term_string}\"},\"query-input\":{\"@type\":\"PropertyValueSpecification\",\"valueRequired\":true,\"valueName\":\"search_term_string\"}}],\"inLanguage\":\"pl-PL\"}]}<\/script>\n<!-- \/ Yoast SEO plugin. -->","yoast_head_json":{"title":"O - Mi\u0119dzynarodowe lotnisko w Stambule (IST) - Nowe lotnisko w Turcji","robots":{"index":"index","follow":"follow","max-snippet":"max-snippet:-1","max-image-preview":"max-image-preview:large","max-video-preview":"max-video-preview:-1"},"canonical":"https:\/\/istanbul-ist-international-airport.com\/pl\/about\/","og_locale":"pl_PL","og_type":"article","og_title":"About - Istanbul International Airport (IST) - Turkey&#039;s new airport","og_description":"About us In this webpage you can find all the information regarding&nbsp;Istanbul International Airport (IST): Contact Info info@airportglobe.com Useful Note We are pleased to welcome you to our website, which is an unofficial guide to Istanbul Airport, not directly or indirectly related to the official airport website. Our goal is to help all travelers by [&hellip;]","og_url":"https:\/\/istanbul-ist-international-airport.com\/pl\/about\/","og_site_name":"Istanbul International Airport (IST) - Turkey&#039;s new airport","article_modified_time":"2025-09-13T11:33:05+00:00","og_image":[{"width":2160,"height":825,"url":"https:\/\/istanbul-ist-international-airport.com\/wp-content\/uploads\/2025\/09\/about.jpg","type":"image\/jpeg"}],"twitter_card":"summary_large_image","twitter_misc":{"Szacowany czas czytania":"1 minuta"},"schema":{"@context":"https:\/\/schema.org","@graph":[{"@type":"WebPage","@id":"https:\/\/istanbul-ist-international-airport.com\/pl\/about\/","url":"https:\/\/istanbul-ist-international-airport.com\/pl\/about\/","name":"O - Mi\u0119dzynarodowe lotnisko w Stambule (IST) - Nowe lotnisko w Turcji","isPartOf":{"@id":"https:\/\/istanbul-ist-international-airport.com\/pl\/#website"},"primaryImageOfPage":{"@id":"https:\/\/istanbul-ist-international-airport.com\/pl\/about\/#primaryimage"},"image":{"@id":"https:\/\/istanbul-ist-international-airport.com\/pl\/about\/#primaryimage"},"thumbnailUrl":"https:\/\/istanbul-ist-international-airport.com\/wp-content\/uploads\/2025\/09\/about.jpg","datePublished":"2025-09-10T14:22:12+00:00","dateModified":"2025-09-13T11:33:05+00:00","breadcrumb":{"@id":"https:\/\/istanbul-ist-international-airport.com\/pl\/about\/#breadcrumb"},"inLanguage":"pl-PL","potentialAction":[{"@type":"ReadAction","target":["https:\/\/istanbul-ist-international-airport.com\/pl\/about\/"]}]},{"@type":"ImageObject","inLanguage":"pl-PL","@id":"https:\/\/istanbul-ist-international-airport.com\/pl\/about\/#primaryimage","url":"https:\/\/istanbul-ist-international-airport.com\/wp-content\/uploads\/2025\/09\/about.jpg","contentUrl":"https:\/\/istanbul-ist-international-airport.com\/wp-content\/uploads\/2025\/09\/about.jpg","width":2160,"height":825},{"@type":"BreadcrumbList","@id":"https:\/\/istanbul-ist-international-airport.com\/pl\/about\/#breadcrumb","itemListElement":[{"@type":"ListItem","position":1,"name":"Home","item":"https:\/\/istanbul-ist-international-airport.com\/"},{"@type":"ListItem","position":2,"name":"About"}]},{"@type":"WebSite","@id":"https:\/\/istanbul-ist-international-airport.com\/pl\/#website","url":"https:\/\/istanbul-ist-international-airport.com\/pl\/","name":"Istanbul International Airport (IST) - Turkey&#039;s new airport","description":"Navigating Istanbul International Airport: A Traveler\u2019s Guide.","potentialAction":[{"@type":"SearchAction","target":{"@type":"EntryPoint","urlTemplate":"https:\/\/istanbul-ist-international-airport.com\/pl\/?s={search_term_string}"},"query-input":{"@type":"PropertyValueSpecification","valueRequired":true,"valueName":"search_term_string"}}],"inLanguage":"pl-PL"}]}},"_links":{"self":[{"href":"https:\/\/istanbul-ist-international-airport.com\/pl\/wp-json\/wp\/v2\/pages\/3463","targetHints":{"allow":["GET"]}}],"collection":[{"href":"https:\/\/istanbul-ist-international-airport.com\/pl\/wp-json\/wp\/v2\/pages"}],"about":[{"href":"https:\/\/istanbul-ist-international-airport.com\/pl\/wp-json\/wp\/v2\/types\/page"}],"author":[{"embeddable":true,"href":"https:\/\/istanbul-ist-international-airport.com\/pl\/wp-json\/wp\/v2\/users\/1"}],"replies":[{"embeddable":true,"href":"https:\/\/istanbul-ist-international-airport.com\/pl\/wp-json\/wp\/v2\/comments?post=3463"}],"version-history":[{"count":2,"href":"https:\/\/istanbul-ist-international-airport.com\/pl\/wp-json\/wp\/v2\/pages\/3463\/revisions"}],"predecessor-version":[{"id":3754,"href":"https:\/\/istanbul-ist-international-airport.com\/pl\/wp-json\/wp\/v2\/pages\/3463\/revisions\/3754"}],"wp:featuredmedia":[{"embeddable":true,"href":"https:\/\/istanbul-ist-international-airport.com\/pl\/wp-json\/wp\/v2\/media\/3752"}],"wp:attachment":[{"href":"https:\/\/istanbul-ist-international-airport.com\/pl\/wp-json\/wp\/v2\/media?parent=3463"}],"curies":[{"name":"wp","href":"https:\/\/api.w.org\/{rel}","templated":true}]}}