{"id":3467,"date":"2025-09-10T17:22:33","date_gmt":"2025-09-10T14:22:33","guid":{"rendered":"http:\/\/147.182.243.37\/?page_id=3467"},"modified":"2025-09-13T14:36:46","modified_gmt":"2025-09-13T11:36:46","slug":"istanbul-airport-terminal","status":"publish","type":"page","link":"https:\/\/istanbul-ist-international-airport.com\/pl\/istanbul-airport-terminal\/","title":{"rendered":"Istanbul Airport Terminal"},"content":{"rendered":"<h2 itemprop=\"alternateName\" class=\"wp-block-heading\"><strong>Przegl\u0105d terminalu na Nowym Lotnisku w Stambule<\/strong><\/h2>\n\n\n\n<p>Ogromny&nbsp;<a href=\"https:\/\/istanbul-ist-international-airport.com\/\">Lotnisko w Stambule<\/a>&nbsp;Terminal rozci\u0105ga si\u0119 na rozleg\u0142ym obszarze 1 440 000 metr\u00f3w kwadratowych i jest znany jako najwi\u0119kszy budynek terminala na \u015bwiecie, wszystko pod jednym dachem. Dzi\u0119ki najnowocze\u015bniejszej konstrukcji, zupe\u0142nie nowy terminal jest podzielony na stref\u0119 odlot\u00f3w i stref\u0119 przylot\u00f3w. Aby zapewni\u0107 \u0142atwy dost\u0119p dla os\u00f3b przyje\u017cd\u017caj\u0105cych samochodem, turkusowe i zielone parkingi s\u0105 przeznaczone dla lot\u00f3w krajowych, a \u017c\u00f3\u0142te, czerwone i niebieskie parkingi obs\u0142uguj\u0105 loty mi\u0119dzynarodowe.<\/p>\n\n\n\n<p>Pasa\u017cerowie mog\u0105 dosta\u0107 si\u0119 na poziom odlot\u00f3w przez siedem r\u00f3\u017cnych wej\u015b\u0107. Zazwyczaj wej\u015bcia 1 i 2 s\u0105 bardziej dogodne dla lot\u00f3w krajowych, podczas gdy pozosta\u0142e wej\u015bcia prowadz\u0105 do stanowisk odprawy lot\u00f3w mi\u0119dzynarodowych. Pasa\u017cerowie podr\u00f3\u017cuj\u0105cy po kraju powinni uda\u0107 si\u0119 do stanowisk odprawy D i E, kt\u00f3re oferuj\u0105 opcje samoobs\u0142ugowe, a nast\u0119pnie przej\u015b\u0107 do kontroli paszportowej znajduj\u0105cej si\u0119 w pobli\u017cu alejki D. Z drugiej strony, pasa\u017cerowie lec\u0105cy za granic\u0119 powinni kierowa\u0107 si\u0119 do alejek E (z samoobs\u0142ugowym stanowiskiem odprawy), F, G, H i J, a odpowiednia kontrola paszportowa znajduje si\u0119 naprzeciwko tych alejek. Nale\u017cy pami\u0119ta\u0107, \u017ce wej\u015bcie 5 jest przeznaczone wy\u0142\u0105cznie dla pasa\u017cer\u00f3w klasy biznesowej i cz\u0142onk\u00f3w Miles &amp; More, kt\u00f3rzy b\u0119d\u0105 wchodzi\u0107 na pok\u0142ad lotu mi\u0119dzynarodowego.<\/p>\n\n\n\n<p>Ponadto, wyznaczono specjalne stanowiska odprawy dla okre\u015blonych kategorii pasa\u017cer\u00f3w. Du\u017ce grupy podr\u00f3\u017cnych i osoby ze specjalnymi potrzebami obs\u0142ugiwane s\u0105 w alejce G, natomiast alejka K jest przeznaczona dla rodzin. Podr\u00f3\u017cni przybywaj\u0105cy z USA, Wielkiej Brytanii i Kanady powinni przej\u015b\u0107 przez stanowisko odprawy K, natomiast cz\u0142onkowie Star Alliance Gold i pasa\u017cerowie klasy biznes Turkish Airlines powinni uda\u0107 si\u0119 do alejki L.<\/p>\n\n\n\n<p>Wreszcie, nowy terminal w Stambule posiada pi\u0119\u0107 pirs\u00f3w. Pirsy A, B, D i F s\u0105 przypisane do mi\u0119dzynarodowych bramek wej\u015bciowych, natomiast pirs G i trzy obszary wej\u015bciowe w pirsie F obs\u0142uguj\u0105 loty krajowe.<\/p>\n\n\n\n<p>Warto podkre\u015bli\u0107, \u017ce chocia\u017c lotnisko w Stambule ma obecnie tylko jeden budynek terminalu, do 2025 roku, kiedy jego budowa zostanie w pe\u0142ni uko\u0144czona, nowy w\u0119ze\u0142 lotniczy b\u0119dzie m\u00f3g\u0142 poszczyci\u0107 si\u0119 czterema po\u0142\u0105czonymi terminalami, z systemem kolejowym u\u0142atwiaj\u0105cym wygodne przemieszczanie si\u0119 mi\u0119dzy nimi.<\/p>\n\n\n\n<h2 itemprop=\"alternateName\" class=\"wp-block-heading\"><strong>Wybitny nowy terminal lotniska w Stambule<\/strong><\/h2>\n\n\n\n<p>Nowy terminal lotniska stanowi niezwyk\u0142e po\u0142\u0105czenie wsp\u00f3\u0142czesnej architektury z histori\u0105 i kultur\u0105 narodow\u0105. Jego ogromny rozmiar natychmiast przyci\u0105ga uwag\u0119, emanuj\u0105c zdumiewaj\u0105cym poczuciem wspania\u0142o\u015bci. Ponadto rozleg\u0142e sufity, panoramiczne okna i \u015bwietliki tworz\u0105 o\u017cywcz\u0105 i \u017cyw\u0105 atmosfer\u0119. Warto zauwa\u017cy\u0107, \u017ce terminal zawiera sprytn\u0105 konstrukcj\u0119, kt\u00f3ra podkre\u015bla istotne strefy, takie jak stanowiska odprawy, za pomoc\u0105 wzmocnionego o\u015bwietlenia, subtelnie podkre\u015blaj\u0105c ich znaczenie. Opr\u00f3cz nowoczesnych element\u00f3w, terminal oddaje ho\u0142d historii i religii, co wida\u0107 w inspirowanych islamem \u0142ukach i krzywiznach przypominaj\u0105cych meczety, a tak\u017ce w urzekaj\u0105cym podobie\u0144stwie g\u0142\u00f3wnej hali do s\u0142ynnej cie\u015bniny Bosfor.<\/p>\n\n\n\n<p>Jednak prawdziwa pi\u00e8ce de r\u00e9sistance tego lotniska to jego kultowa wie\u017ca kontroli ruchu lotniczego, kt\u00f3ra zdoby\u0142a niezliczone nagrody i wyr\u00f3\u017cnienia. Wie\u017ca, o imponuj\u0105cej wysoko\u015bci 90 metr\u00f3w, uderzaj\u0105co przypomina tulipana, symbol g\u0142\u0119boko zakorzeniony w historycznym dziedzictwie Stambu\u0142u.<\/p>\n\n\n\n<h2 itemprop=\"alternateName\" class=\"wp-block-heading\"><strong>G\u0142\u00f3wna Wada Terminalu Lotniska w Stambule<\/strong><\/h2>\n\n\n\n<p>Chocia\u017c nowe lotnisko w Stambule szczyci si\u0119 imponuj\u0105cym i zaawansowanym technologicznie otoczeniem, ma ono znaczn\u0105 wad\u0119. Pomimo podzia\u0142u na pi\u0119\u0107 oddzielnych hal, znajduje si\u0119 tylko jedna strefa kontroli bezpiecze\u0144stwa na loty krajowe i kolejna dla pasa\u017cer\u00f3w mi\u0119dzynarodowych. To, w po\u0142\u0105czeniu z brakiem wewn\u0119trznego systemu transportu, takiego jak autobusy wahad\u0142owe lub poci\u0105gi, zwi\u0119ksza ryzyko potencjalnych op\u00f3\u017anie\u0144 lot\u00f3w. Ponadto istniej\u0105ce ruchome chodniki nie s\u0105 w stanie odpowiednio obs\u0142u\u017cy\u0107 znacznej odleg\u0142o\u015bci mi\u0119dzy bramkami, jak r\u00f3wnie\u017c od centralnej strefy terminalu do ka\u017cdego pomostu, co ostatecznie sprawia, \u017ce transfery wewn\u0119trzne s\u0105 czasoch\u0142onne i uci\u0105\u017cliwe.<\/p>\n\n\n\n<p>W zwi\u0105zku z tym zaleca si\u0119, aby pasa\u017cerowie przybywali na Mi\u0119dzynarodowe Lotnisko w Stambule co najmniej 2,5-3 godziny przed planowanymi lotami, aby zapewni\u0107 bezstresow\u0105 podr\u00f3\u017c do odpowiednich bramek.<\/p>","protected":false},"excerpt":{"rendered":"<p>Przegl\u0105d terminalu na Nowym Lotnisku w Stambule Ogromny terminal lotniska w Stambule rozci\u0105ga si\u0119 na rozleg\u0142ym obszarze 1 440 000 metr\u00f3w kwadratowych i jest znany jako najwi\u0119kszy budynek terminalu na \u015bwiecie, wszystko pod jednym dachem. Dzi\u0119ki najnowocze\u015bniejszemu projektowi, zupe\u0142nie nowy terminal jest podzielony na stref\u0119 odlot\u00f3w i przylot\u00f3w. Aby zapewni\u0107 \u0142atwo\u015b\u0107 [...]<\/p>","protected":false},"author":1,"featured_media":3757,"parent":0,"menu_order":0,"comment_status":"closed","ping_status":"closed","template":"home.php","meta":{"_acf_changed":false,"footnotes":""},"class_list":["post-3467","page","type-page","status-publish","has-post-thumbnail","hentry"],"acf":[],"yoast_head":"<!-- This site is optimized with the Yoast SEO plugin v27.5 - https:\/\/yoast.com\/product\/yoast-seo-wordpress\/ -->\n<title>Istanbul Airport Terminal - Istanbul International Airport (IST) - Turkey&#039;s new airport<\/title>\n<meta name=\"robots\" content=\"index, follow, max-snippet:-1, max-image-preview:large, max-video-preview:-1\" \/>\n<link rel=\"canonical\" href=\"https:\/\/istanbul-ist-international-airport.com\/pl\/istanbul-airport-terminal\/\" \/>\n<meta property=\"og:locale\" content=\"pl_PL\" \/>\n<meta property=\"og:type\" content=\"article\" \/>\n<meta property=\"og:title\" content=\"Istanbul Airport Terminal - Istanbul International Airport (IST) - Turkey&#039;s new airport\" \/>\n<meta property=\"og:description\" content=\"An Overview of the Terminal at New Istanbul Aiport The immense&nbsp;Istanbul airport&nbsp;terminal stretches across a vast 1,440,000 square meter area and is renowned as the largest terminal building in the world, all under one roof. With its state-of-the-art design, the brand-new terminal is separated into a departure area and an arrival zone. To ensure ease [&hellip;]\" \/>\n<meta property=\"og:url\" content=\"https:\/\/istanbul-ist-international-airport.com\/pl\/istanbul-airport-terminal\/\" \/>\n<meta property=\"og:site_name\" content=\"Istanbul International Airport (IST) - Turkey&#039;s new airport\" \/>\n<meta property=\"article:modified_time\" content=\"2025-09-13T11:36:46+00:00\" \/>\n<meta property=\"og:image\" content=\"https:\/\/istanbul-ist-international-airport.com\/wp-content\/uploads\/2025\/09\/ist_1.jpg\" \/>\n\t<meta property=\"og:image:width\" content=\"2160\" \/>\n\t<meta property=\"og:image:height\" content=\"825\" \/>\n\t<meta property=\"og:image:type\" content=\"image\/jpeg\" \/>\n<meta name=\"twitter:card\" content=\"summary_large_image\" \/>\n<meta name=\"twitter:label1\" content=\"Szacowany czas czytania\" \/>\n\t<meta name=\"twitter:data1\" content=\"3 minuty\" \/>\n<script type=\"application\/ld+json\" class=\"yoast-schema-graph\">{\"@context\":\"https:\\\/\\\/schema.org\",\"@graph\":[{\"@type\":\"WebPage\",\"@id\":\"https:\\\/\\\/istanbul-ist-international-airport.com\\\/pl\\\/istanbul-airport-terminal\\\/\",\"url\":\"https:\\\/\\\/istanbul-ist-international-airport.com\\\/pl\\\/istanbul-airport-terminal\\\/\",\"name\":\"Istanbul Airport Terminal - Istanbul International Airport (IST) - Turkey&#039;s new airport\",\"isPartOf\":{\"@id\":\"https:\\\/\\\/istanbul-ist-international-airport.com\\\/pl\\\/#website\"},\"primaryImageOfPage\":{\"@id\":\"https:\\\/\\\/istanbul-ist-international-airport.com\\\/pl\\\/istanbul-airport-terminal\\\/#primaryimage\"},\"image\":{\"@id\":\"https:\\\/\\\/istanbul-ist-international-airport.com\\\/pl\\\/istanbul-airport-terminal\\\/#primaryimage\"},\"thumbnailUrl\":\"https:\\\/\\\/istanbul-ist-international-airport.com\\\/wp-content\\\/uploads\\\/2025\\\/09\\\/ist_1.jpg\",\"datePublished\":\"2025-09-10T14:22:33+00:00\",\"dateModified\":\"2025-09-13T11:36:46+00:00\",\"breadcrumb\":{\"@id\":\"https:\\\/\\\/istanbul-ist-international-airport.com\\\/pl\\\/istanbul-airport-terminal\\\/#breadcrumb\"},\"inLanguage\":\"pl-PL\",\"potentialAction\":[{\"@type\":\"ReadAction\",\"target\":[\"https:\\\/\\\/istanbul-ist-international-airport.com\\\/pl\\\/istanbul-airport-terminal\\\/\"]}]},{\"@type\":\"ImageObject\",\"inLanguage\":\"pl-PL\",\"@id\":\"https:\\\/\\\/istanbul-ist-international-airport.com\\\/pl\\\/istanbul-airport-terminal\\\/#primaryimage\",\"url\":\"https:\\\/\\\/istanbul-ist-international-airport.com\\\/wp-content\\\/uploads\\\/2025\\\/09\\\/ist_1.jpg\",\"contentUrl\":\"https:\\\/\\\/istanbul-ist-international-airport.com\\\/wp-content\\\/uploads\\\/2025\\\/09\\\/ist_1.jpg\",\"width\":2160,\"height\":825},{\"@type\":\"BreadcrumbList\",\"@id\":\"https:\\\/\\\/istanbul-ist-international-airport.com\\\/pl\\\/istanbul-airport-terminal\\\/#breadcrumb\",\"itemListElement\":[{\"@type\":\"ListItem\",\"position\":1,\"name\":\"Home\",\"item\":\"https:\\\/\\\/istanbul-ist-international-airport.com\\\/\"},{\"@type\":\"ListItem\",\"position\":2,\"name\":\"Istanbul Airport Terminal\"}]},{\"@type\":\"WebSite\",\"@id\":\"https:\\\/\\\/istanbul-ist-international-airport.com\\\/pl\\\/#website\",\"url\":\"https:\\\/\\\/istanbul-ist-international-airport.com\\\/pl\\\/\",\"name\":\"Istanbul International Airport (IST) - Turkey&#039;s new airport\",\"description\":\"Navigating Istanbul International Airport: A Traveler\u2019s Guide.\",\"potentialAction\":[{\"@type\":\"SearchAction\",\"target\":{\"@type\":\"EntryPoint\",\"urlTemplate\":\"https:\\\/\\\/istanbul-ist-international-airport.com\\\/pl\\\/?s={search_term_string}\"},\"query-input\":{\"@type\":\"PropertyValueSpecification\",\"valueRequired\":true,\"valueName\":\"search_term_string\"}}],\"inLanguage\":\"pl-PL\"}]}<\/script>\n<!-- \/ Yoast SEO plugin. -->","yoast_head_json":{"title":"Terminal lotniska w Stambule - Mi\u0119dzynarodowy port lotniczy Stambu\u0142 (IST) - nowy turecki port lotniczy","robots":{"index":"index","follow":"follow","max-snippet":"max-snippet:-1","max-image-preview":"max-image-preview:large","max-video-preview":"max-video-preview:-1"},"canonical":"https:\/\/istanbul-ist-international-airport.com\/pl\/istanbul-airport-terminal\/","og_locale":"pl_PL","og_type":"article","og_title":"Istanbul Airport Terminal - Istanbul International Airport (IST) - Turkey&#039;s new airport","og_description":"An Overview of the Terminal at New Istanbul Aiport The immense&nbsp;Istanbul airport&nbsp;terminal stretches across a vast 1,440,000 square meter area and is renowned as the largest terminal building in the world, all under one roof. With its state-of-the-art design, the brand-new terminal is separated into a departure area and an arrival zone. To ensure ease [&hellip;]","og_url":"https:\/\/istanbul-ist-international-airport.com\/pl\/istanbul-airport-terminal\/","og_site_name":"Istanbul International Airport (IST) - Turkey&#039;s new airport","article_modified_time":"2025-09-13T11:36:46+00:00","og_image":[{"width":2160,"height":825,"url":"https:\/\/istanbul-ist-international-airport.com\/wp-content\/uploads\/2025\/09\/ist_1.jpg","type":"image\/jpeg"}],"twitter_card":"summary_large_image","twitter_misc":{"Szacowany czas czytania":"3 minuty"},"schema":{"@context":"https:\/\/schema.org","@graph":[{"@type":"WebPage","@id":"https:\/\/istanbul-ist-international-airport.com\/pl\/istanbul-airport-terminal\/","url":"https:\/\/istanbul-ist-international-airport.com\/pl\/istanbul-airport-terminal\/","name":"Terminal lotniska w Stambule - Mi\u0119dzynarodowy port lotniczy Stambu\u0142 (IST) - nowy turecki port lotniczy","isPartOf":{"@id":"https:\/\/istanbul-ist-international-airport.com\/pl\/#website"},"primaryImageOfPage":{"@id":"https:\/\/istanbul-ist-international-airport.com\/pl\/istanbul-airport-terminal\/#primaryimage"},"image":{"@id":"https:\/\/istanbul-ist-international-airport.com\/pl\/istanbul-airport-terminal\/#primaryimage"},"thumbnailUrl":"https:\/\/istanbul-ist-international-airport.com\/wp-content\/uploads\/2025\/09\/ist_1.jpg","datePublished":"2025-09-10T14:22:33+00:00","dateModified":"2025-09-13T11:36:46+00:00","breadcrumb":{"@id":"https:\/\/istanbul-ist-international-airport.com\/pl\/istanbul-airport-terminal\/#breadcrumb"},"inLanguage":"pl-PL","potentialAction":[{"@type":"ReadAction","target":["https:\/\/istanbul-ist-international-airport.com\/pl\/istanbul-airport-terminal\/"]}]},{"@type":"ImageObject","inLanguage":"pl-PL","@id":"https:\/\/istanbul-ist-international-airport.com\/pl\/istanbul-airport-terminal\/#primaryimage","url":"https:\/\/istanbul-ist-international-airport.com\/wp-content\/uploads\/2025\/09\/ist_1.jpg","contentUrl":"https:\/\/istanbul-ist-international-airport.com\/wp-content\/uploads\/2025\/09\/ist_1.jpg","width":2160,"height":825},{"@type":"BreadcrumbList","@id":"https:\/\/istanbul-ist-international-airport.com\/pl\/istanbul-airport-terminal\/#breadcrumb","itemListElement":[{"@type":"ListItem","position":1,"name":"Home","item":"https:\/\/istanbul-ist-international-airport.com\/"},{"@type":"ListItem","position":2,"name":"Istanbul Airport Terminal"}]},{"@type":"WebSite","@id":"https:\/\/istanbul-ist-international-airport.com\/pl\/#website","url":"https:\/\/istanbul-ist-international-airport.com\/pl\/","name":"Istanbul International Airport (IST) - Turkey&#039;s new airport","description":"Navigating Istanbul International Airport: A Traveler\u2019s Guide.","potentialAction":[{"@type":"SearchAction","target":{"@type":"EntryPoint","urlTemplate":"https:\/\/istanbul-ist-international-airport.com\/pl\/?s={search_term_string}"},"query-input":{"@type":"PropertyValueSpecification","valueRequired":true,"valueName":"search_term_string"}}],"inLanguage":"pl-PL"}]}},"_links":{"self":[{"href":"https:\/\/istanbul-ist-international-airport.com\/pl\/wp-json\/wp\/v2\/pages\/3467","targetHints":{"allow":["GET"]}}],"collection":[{"href":"https:\/\/istanbul-ist-international-airport.com\/pl\/wp-json\/wp\/v2\/pages"}],"about":[{"href":"https:\/\/istanbul-ist-international-airport.com\/pl\/wp-json\/wp\/v2\/types\/page"}],"author":[{"embeddable":true,"href":"https:\/\/istanbul-ist-international-airport.com\/pl\/wp-json\/wp\/v2\/users\/1"}],"replies":[{"embeddable":true,"href":"https:\/\/istanbul-ist-international-airport.com\/pl\/wp-json\/wp\/v2\/comments?post=3467"}],"version-history":[{"count":2,"href":"https:\/\/istanbul-ist-international-airport.com\/pl\/wp-json\/wp\/v2\/pages\/3467\/revisions"}],"predecessor-version":[{"id":3759,"href":"https:\/\/istanbul-ist-international-airport.com\/pl\/wp-json\/wp\/v2\/pages\/3467\/revisions\/3759"}],"wp:featuredmedia":[{"embeddable":true,"href":"https:\/\/istanbul-ist-international-airport.com\/pl\/wp-json\/wp\/v2\/media\/3757"}],"wp:attachment":[{"href":"https:\/\/istanbul-ist-international-airport.com\/pl\/wp-json\/wp\/v2\/media?parent=3467"}],"curies":[{"name":"wp","href":"https:\/\/api.w.org\/{rel}","templated":true}]}}