{"id":3417,"date":"2025-09-10T17:15:17","date_gmt":"2025-09-10T14:15:17","guid":{"rendered":"http:\/\/147.182.243.37\/?page_id=3417"},"modified":"2025-09-13T11:44:44","modified_gmt":"2025-09-13T08:44:44","slug":"istanbul-airport-guide","status":"publish","type":"page","link":"https:\/\/istanbul-ist-international-airport.com\/pt\/istanbul-airport-guide\/","title":{"rendered":"Istanbul Airport Guide"},"content":{"rendered":"<h2 itemprop=\"alternateName\" class=\"wp-block-heading\"><strong>Informa\u00e7\u00f5es Gerais do Aeroporto<\/strong><\/h2>\n\n\n\n<p>O&nbsp;<a href=\"https:\/\/istanbul-ist-international-airport.com\/\">Novo Aeroporto de Istambul<\/a>, o orgulho da Turquia, recebeu seus primeiros passageiros em 29 de outubro de 2018. \u00c9 um projeto massivo que deve ser conclu\u00eddo at\u00e9 2028. Uma vez que todas as quatro fases de sua constru\u00e7\u00e3o sejam conclu\u00eddas, o aeroporto ter\u00e1 capacidade para atender a mais de 200 milh\u00f5es de passageiros por ano, superando qualquer outro aeroporto no mundo. Com seis pistas, ser\u00e1 capaz de acomodar at\u00e9 500 aeronaves. Al\u00e9m disso, esta instala\u00e7\u00e3o de \u00faltima gera\u00e7\u00e3o possui o maior centro duty-free do mundo e apresenta um design not\u00e1vel de torre de controle inspirado em tulipas. O Aeroporto de Istambul se destaca como um centro de avia\u00e7\u00e3o crucial que conecta a Europa e a \u00c1sia, o Ocidente e o Oriente - um lugar que est\u00e1 destinado a se tornar um dos aeroportos mais importantes em escala global.<\/p>\n\n\n\n<h2 itemprop=\"alternateName\" class=\"wp-block-heading\"><strong>Terminais<\/strong><\/h2>\n\n\n\n<p>O novo aeroporto de Istambul possui o maior edif\u00edcio de terminal do mundo, tudo sob o mesmo teto! \u00c9 uma \u00e1rea de terminal expansiva dividida em 5 p\u00ederes, atendendo a voos dom\u00e9sticos e internacionais. No entanto, apesar de sua apar\u00eancia impressionante, a funcionalidade do terminal de Istambul deixa a desejar. Para resolver isso, est\u00e3o em andamento planos para adicionar tr\u00eas edif\u00edcios de terminal adicionais ao complexo do aeroporto de Istambul, aprimorando ainda mais sua efici\u00eancia operacional.<\/p>\n\n\n\n<h2 itemprop=\"alternateName\" class=\"wp-block-heading\"><a href=\"https:\/\/istanbul-ist-international-airport.com\/istanbul-airport-hotels\/\"><strong>Hot\u00e9is<\/strong><\/a><\/h2>\n\n\n\n<p>Istambul oferece uma infinidade de op\u00e7\u00f5es de acomoda\u00e7\u00e3o com uma ampla variedade para atender a todas as prefer\u00eancias e or\u00e7amentos. De charmosas pousadas boutique que exalam charme tradicional a hot\u00e9is contempor\u00e2neos e luxuosos que oferecem o m\u00e1ximo de luxo, e de aconchegantes pousadas a hostels e mot\u00e9is econ\u00f4micos, h\u00e1 algo para todos. Al\u00e9m disso, existem in\u00fameras op\u00e7\u00f5es de hospedagem espalhadas por Istambul e at\u00e9 mesmo nas proximidades do aeroporto. E para aqueles que buscam conveni\u00eancia, o Yotel Istanbul Airport Hotel oferece uma estadia sem d\u00favida agrad\u00e1vel.<\/p>\n\n\n\n<h2 itemprop=\"alternateName\" class=\"wp-block-heading\"><strong>Instala\u00e7\u00f5es e Servi\u00e7os<\/strong><\/h2>\n\n\n\n<p>O Novo Aeroporto de Istambul ostenta todos os recursos que se esperaria de um aeroporto de sua magnitude e import\u00e2ncia: servi\u00e7os superiores, medidas de seguran\u00e7a de ponta utilizando a mais recente tecnologia, comodidades de \u00faltima gera\u00e7\u00e3o que garantem procedimentos de embarque e check-in simplificados, tudo isso mantendo pr\u00e1ticas ecol\u00f3gicas. Fique tranquilo, seu tempo de lazer no Aeroporto Internacional de Istambul ser\u00e1 nada menos que excepcional. Explore a extensa gama de instala\u00e7\u00f5es e servi\u00e7os no Aeroporto de Istambul para maximizar sua experi\u00eancia durante sua visita!<\/p>\n\n\n\n<h2 itemprop=\"alternateName\" class=\"wp-block-heading\"><a href=\"https:\/\/istanbul-ist-international-airport.com\/istanbul-airport-parking\/\"><strong>Estacionamento<\/strong><\/a><\/h2>\n\n\n\n<p>Est\u00e1 preocupado em estacionar o seu carro no Aeroporto de Istambul? N\u00e3o se preocupe! O Grande Aeroporto de Istambul (IGA) possui a maior instala\u00e7\u00e3o de estacionamento multi-pisos do mundo, oferecendo servi\u00e7os de estacionamento de primeira linha e comodidades adicionais, como lavagem de carros e troca de pneus. Com uma capacidade de acomodar at\u00e9 40.000 ve\u00edculos, o estacionamento do Aeroporto de Istambul tem tudo o que precisa. Fique descansado, n\u00e3o h\u00e1 necessidade de se preocupar.<\/p>\n\n\n\n<h2 itemprop=\"alternateName\" class=\"wp-block-heading\"><strong>Escala no Aeroporto<\/strong><\/h2>\n\n\n\n<p>Est\u00e1 diante de uma longa escala no Aeroporto de Istambul? Aproveite esta oportunidade para mergulhar totalmente na beleza cativante e ex\u00f3tica de Istambul. Quanto tempo voc\u00ea tem \u00e0 sua disposi\u00e7\u00e3o? Qual \u00e9 o seu humor? Istambul oferece uma abund\u00e2ncia de op\u00e7\u00f5es que tomar uma decis\u00e3o pode ser um desafio. Se voc\u00ea deseja explorar n\u00e3o apenas o novo aeroporto, mas tamb\u00e9m a cidade, permita-nos apresentar algumas ideias intrigantes para maximizar sua experi\u00eancia de escala no Aeroporto de Istambul.<\/p>","protected":false},"excerpt":{"rendered":"<p>Informa\u00e7\u00f5es Gerais sobre o Aeroporto O Novo Aeroporto de Istambul, o orgulho da Turquia, recebeu os seus primeiros passageiros a 29 de outubro de 2018. \u00c9 um projeto massivo que dever\u00e1 estar conclu\u00eddo em 2028. Assim que todas as quatro fases da sua constru\u00e7\u00e3o estiverem terminadas, o aeroporto ter\u00e1 capacidade para atender mais de 200 milh\u00f5es de passageiros por ano, ultrapassando qualquer outro [...]<\/p>","protected":false},"author":1,"featured_media":3679,"parent":0,"menu_order":0,"comment_status":"closed","ping_status":"closed","template":"home.php","meta":{"_acf_changed":false,"footnotes":""},"class_list":["post-3417","page","type-page","status-publish","has-post-thumbnail","hentry"],"acf":[],"yoast_head":"<!-- This site is optimized with the Yoast SEO plugin v27.5 - https:\/\/yoast.com\/product\/yoast-seo-wordpress\/ -->\n<title>Istanbul Airport Guide - Istanbul International Airport (IST) - Turkey&#039;s new airport<\/title>\n<meta name=\"robots\" content=\"index, follow, max-snippet:-1, max-image-preview:large, max-video-preview:-1\" \/>\n<link rel=\"canonical\" href=\"https:\/\/istanbul-ist-international-airport.com\/pt\/istanbul-airport-guide\/\" \/>\n<meta property=\"og:locale\" content=\"pt_PT\" \/>\n<meta property=\"og:type\" content=\"article\" \/>\n<meta property=\"og:title\" content=\"Istanbul Airport Guide - Istanbul International Airport (IST) - Turkey&#039;s new airport\" \/>\n<meta property=\"og:description\" content=\"General Airport Information The&nbsp;Istanbul New Airport, Turkey\u2019s pride, welcomed its first passengers on October 29, 2018. It is a massive project that is set to be completed by 2028. Once all four phases of its construction are finished, the airport will have the capacity to cater to over 200 million passengers yearly, surpassing any other [&hellip;]\" \/>\n<meta property=\"og:url\" content=\"https:\/\/istanbul-ist-international-airport.com\/pt\/istanbul-airport-guide\/\" \/>\n<meta property=\"og:site_name\" content=\"Istanbul International Airport (IST) - Turkey&#039;s new airport\" \/>\n<meta property=\"article:modified_time\" content=\"2025-09-13T08:44:44+00:00\" \/>\n<meta property=\"og:image\" content=\"https:\/\/istanbul-ist-international-airport.com\/wp-content\/uploads\/2025\/09\/guide.jpg\" \/>\n\t<meta property=\"og:image:width\" content=\"2160\" \/>\n\t<meta property=\"og:image:height\" content=\"825\" \/>\n\t<meta property=\"og:image:type\" content=\"image\/jpeg\" \/>\n<meta name=\"twitter:card\" content=\"summary_large_image\" \/>\n<meta name=\"twitter:label1\" content=\"Tempo estimado de leitura\" \/>\n\t<meta name=\"twitter:data1\" content=\"3 minutos\" \/>\n<script type=\"application\/ld+json\" class=\"yoast-schema-graph\">{\"@context\":\"https:\\\/\\\/schema.org\",\"@graph\":[{\"@type\":\"WebPage\",\"@id\":\"https:\\\/\\\/istanbul-ist-international-airport.com\\\/pt\\\/istanbul-airport-guide\\\/\",\"url\":\"https:\\\/\\\/istanbul-ist-international-airport.com\\\/pt\\\/istanbul-airport-guide\\\/\",\"name\":\"Istanbul Airport Guide - Istanbul International Airport (IST) - Turkey&#039;s new airport\",\"isPartOf\":{\"@id\":\"https:\\\/\\\/istanbul-ist-international-airport.com\\\/pt\\\/#website\"},\"primaryImageOfPage\":{\"@id\":\"https:\\\/\\\/istanbul-ist-international-airport.com\\\/pt\\\/istanbul-airport-guide\\\/#primaryimage\"},\"image\":{\"@id\":\"https:\\\/\\\/istanbul-ist-international-airport.com\\\/pt\\\/istanbul-airport-guide\\\/#primaryimage\"},\"thumbnailUrl\":\"https:\\\/\\\/istanbul-ist-international-airport.com\\\/wp-content\\\/uploads\\\/2025\\\/09\\\/guide.jpg\",\"datePublished\":\"2025-09-10T14:15:17+00:00\",\"dateModified\":\"2025-09-13T08:44:44+00:00\",\"breadcrumb\":{\"@id\":\"https:\\\/\\\/istanbul-ist-international-airport.com\\\/pt\\\/istanbul-airport-guide\\\/#breadcrumb\"},\"inLanguage\":\"pt-PT\",\"potentialAction\":[{\"@type\":\"ReadAction\",\"target\":[\"https:\\\/\\\/istanbul-ist-international-airport.com\\\/pt\\\/istanbul-airport-guide\\\/\"]}]},{\"@type\":\"ImageObject\",\"inLanguage\":\"pt-PT\",\"@id\":\"https:\\\/\\\/istanbul-ist-international-airport.com\\\/pt\\\/istanbul-airport-guide\\\/#primaryimage\",\"url\":\"https:\\\/\\\/istanbul-ist-international-airport.com\\\/wp-content\\\/uploads\\\/2025\\\/09\\\/guide.jpg\",\"contentUrl\":\"https:\\\/\\\/istanbul-ist-international-airport.com\\\/wp-content\\\/uploads\\\/2025\\\/09\\\/guide.jpg\",\"width\":2160,\"height\":825},{\"@type\":\"BreadcrumbList\",\"@id\":\"https:\\\/\\\/istanbul-ist-international-airport.com\\\/pt\\\/istanbul-airport-guide\\\/#breadcrumb\",\"itemListElement\":[{\"@type\":\"ListItem\",\"position\":1,\"name\":\"Home\",\"item\":\"https:\\\/\\\/istanbul-ist-international-airport.com\\\/\"},{\"@type\":\"ListItem\",\"position\":2,\"name\":\"Istanbul Airport Guide\"}]},{\"@type\":\"WebSite\",\"@id\":\"https:\\\/\\\/istanbul-ist-international-airport.com\\\/pt\\\/#website\",\"url\":\"https:\\\/\\\/istanbul-ist-international-airport.com\\\/pt\\\/\",\"name\":\"Istanbul International Airport (IST) - Turkey&#039;s new airport\",\"description\":\"Navigating Istanbul International Airport: A Traveler\u2019s Guide.\",\"potentialAction\":[{\"@type\":\"SearchAction\",\"target\":{\"@type\":\"EntryPoint\",\"urlTemplate\":\"https:\\\/\\\/istanbul-ist-international-airport.com\\\/pt\\\/?s={search_term_string}\"},\"query-input\":{\"@type\":\"PropertyValueSpecification\",\"valueRequired\":true,\"valueName\":\"search_term_string\"}}],\"inLanguage\":\"pt-PT\"}]}<\/script>\n<!-- \/ Yoast SEO plugin. -->","yoast_head_json":{"title":"Guia do Aeroporto de Istambul - Aeroporto Internacional de Istambul (IST) - Novo aeroporto da Turquia","robots":{"index":"index","follow":"follow","max-snippet":"max-snippet:-1","max-image-preview":"max-image-preview:large","max-video-preview":"max-video-preview:-1"},"canonical":"https:\/\/istanbul-ist-international-airport.com\/pt\/istanbul-airport-guide\/","og_locale":"pt_PT","og_type":"article","og_title":"Istanbul Airport Guide - Istanbul International Airport (IST) - Turkey&#039;s new airport","og_description":"General Airport Information The&nbsp;Istanbul New Airport, Turkey\u2019s pride, welcomed its first passengers on October 29, 2018. It is a massive project that is set to be completed by 2028. Once all four phases of its construction are finished, the airport will have the capacity to cater to over 200 million passengers yearly, surpassing any other [&hellip;]","og_url":"https:\/\/istanbul-ist-international-airport.com\/pt\/istanbul-airport-guide\/","og_site_name":"Istanbul International Airport (IST) - Turkey&#039;s new airport","article_modified_time":"2025-09-13T08:44:44+00:00","og_image":[{"width":2160,"height":825,"url":"https:\/\/istanbul-ist-international-airport.com\/wp-content\/uploads\/2025\/09\/guide.jpg","type":"image\/jpeg"}],"twitter_card":"summary_large_image","twitter_misc":{"Tempo estimado de leitura":"3 minutos"},"schema":{"@context":"https:\/\/schema.org","@graph":[{"@type":"WebPage","@id":"https:\/\/istanbul-ist-international-airport.com\/pt\/istanbul-airport-guide\/","url":"https:\/\/istanbul-ist-international-airport.com\/pt\/istanbul-airport-guide\/","name":"Guia do Aeroporto de Istambul - Aeroporto Internacional de Istambul (IST) - Novo aeroporto da Turquia","isPartOf":{"@id":"https:\/\/istanbul-ist-international-airport.com\/pt\/#website"},"primaryImageOfPage":{"@id":"https:\/\/istanbul-ist-international-airport.com\/pt\/istanbul-airport-guide\/#primaryimage"},"image":{"@id":"https:\/\/istanbul-ist-international-airport.com\/pt\/istanbul-airport-guide\/#primaryimage"},"thumbnailUrl":"https:\/\/istanbul-ist-international-airport.com\/wp-content\/uploads\/2025\/09\/guide.jpg","datePublished":"2025-09-10T14:15:17+00:00","dateModified":"2025-09-13T08:44:44+00:00","breadcrumb":{"@id":"https:\/\/istanbul-ist-international-airport.com\/pt\/istanbul-airport-guide\/#breadcrumb"},"inLanguage":"pt-PT","potentialAction":[{"@type":"ReadAction","target":["https:\/\/istanbul-ist-international-airport.com\/pt\/istanbul-airport-guide\/"]}]},{"@type":"ImageObject","inLanguage":"pt-PT","@id":"https:\/\/istanbul-ist-international-airport.com\/pt\/istanbul-airport-guide\/#primaryimage","url":"https:\/\/istanbul-ist-international-airport.com\/wp-content\/uploads\/2025\/09\/guide.jpg","contentUrl":"https:\/\/istanbul-ist-international-airport.com\/wp-content\/uploads\/2025\/09\/guide.jpg","width":2160,"height":825},{"@type":"BreadcrumbList","@id":"https:\/\/istanbul-ist-international-airport.com\/pt\/istanbul-airport-guide\/#breadcrumb","itemListElement":[{"@type":"ListItem","position":1,"name":"Home","item":"https:\/\/istanbul-ist-international-airport.com\/"},{"@type":"ListItem","position":2,"name":"Istanbul Airport Guide"}]},{"@type":"WebSite","@id":"https:\/\/istanbul-ist-international-airport.com\/pt\/#website","url":"https:\/\/istanbul-ist-international-airport.com\/pt\/","name":"Istanbul International Airport (IST) - Turkey&#039;s new airport","description":"Navigating Istanbul International Airport: A Traveler\u2019s Guide.","potentialAction":[{"@type":"SearchAction","target":{"@type":"EntryPoint","urlTemplate":"https:\/\/istanbul-ist-international-airport.com\/pt\/?s={search_term_string}"},"query-input":{"@type":"PropertyValueSpecification","valueRequired":true,"valueName":"search_term_string"}}],"inLanguage":"pt-PT"}]}},"_links":{"self":[{"href":"https:\/\/istanbul-ist-international-airport.com\/pt\/wp-json\/wp\/v2\/pages\/3417","targetHints":{"allow":["GET"]}}],"collection":[{"href":"https:\/\/istanbul-ist-international-airport.com\/pt\/wp-json\/wp\/v2\/pages"}],"about":[{"href":"https:\/\/istanbul-ist-international-airport.com\/pt\/wp-json\/wp\/v2\/types\/page"}],"author":[{"embeddable":true,"href":"https:\/\/istanbul-ist-international-airport.com\/pt\/wp-json\/wp\/v2\/users\/1"}],"replies":[{"embeddable":true,"href":"https:\/\/istanbul-ist-international-airport.com\/pt\/wp-json\/wp\/v2\/comments?post=3417"}],"version-history":[{"count":2,"href":"https:\/\/istanbul-ist-international-airport.com\/pt\/wp-json\/wp\/v2\/pages\/3417\/revisions"}],"predecessor-version":[{"id":3678,"href":"https:\/\/istanbul-ist-international-airport.com\/pt\/wp-json\/wp\/v2\/pages\/3417\/revisions\/3678"}],"wp:featuredmedia":[{"embeddable":true,"href":"https:\/\/istanbul-ist-international-airport.com\/pt\/wp-json\/wp\/v2\/media\/3679"}],"wp:attachment":[{"href":"https:\/\/istanbul-ist-international-airport.com\/pt\/wp-json\/wp\/v2\/media?parent=3417"}],"curies":[{"name":"wp","href":"https:\/\/api.w.org\/{rel}","templated":true}]}}