{"id":3429,"date":"2025-09-10T17:19:12","date_gmt":"2025-09-10T14:19:12","guid":{"rendered":"http:\/\/147.182.243.37\/?page_id=3429"},"modified":"2025-09-13T13:32:02","modified_gmt":"2025-09-13T10:32:02","slug":"istanbul-international-airport-luggage-storage","status":"publish","type":"page","link":"https:\/\/istanbul-ist-international-airport.com\/pt\/istanbul-international-airport-luggage-storage\/","title":{"rendered":"Istanbul International Airport luggage storage"},"content":{"rendered":"<h2 itemprop=\"alternateName\" class=\"wp-block-heading\"><strong>Onde guardar a bagagem no Aeroporto de Istambul?<\/strong><\/h2>\n\n\n\n<p>Os viajantes que chegam ao Aeroporto Internacional de Istambul t\u00eam a oportunidade de desfrutar dos melhores servi\u00e7os, incluindo o armazenamento de bagagem. \u00c9 natural que traga os seus pertences consigo quando vem a Istambul, seja numa excurs\u00e3o ou para fins comerciais. No entanto, n\u00e3o os pode transportar consigo para todo o lado! Assim, neste guia, vamos partilhar algumas dicas e diferentes indica\u00e7\u00f5es sobre onde deixar a sua bagagem em Istambul. Claro que o foco principal deste guia \u00e9 na \u00e1rea do aeroporto, no entanto, tamb\u00e9m iremos destacar os locais da cidade e os prestadores de servi\u00e7os que oferecem armazenamento de bagagem a passageiros e turistas.<\/p>\n\n\n\n<h3 itemprop=\"alternateName\" class=\"wp-block-heading\"><strong>Localiza\u00e7\u00e3o dos servi\u00e7os de guarda de bagagem no Aeroporto de Istambul<\/strong><\/h3>\n\n\n\n<p>A maioria dos bengaleiros concentra-se no edif\u00edcio do terminal IGA. Encontr\u00e1-los \u00e9 bastante f\u00e1cil, pois est\u00e3o localizados junto \u00e0 sa\u00edda das chegadas dom\u00e9sticas e no lado oposto do piso das chegadas, perto da sa\u00edda n\u00famero 13. Estes oferecem armazenamento seguro com uma defini\u00e7\u00e3o clara dos tipos de bagagem e pre\u00e7os. Entretanto, nestes bengaleiros, s\u00e3o aceites as seguintes categorias de bagagem:<\/p>\n\n\n\n<ul class=\"wp-block-list\">\n<li>Sacos de pl\u00e1stico (tamanho duty-free);<\/li>\n\n\n\n<li>Mala de cabine;<\/li>\n\n\n\n<li>Bagagem de grande porte (tamanho m\u00e1ximo);<\/li>\n\n\n\n<li>Bagagem de grandes dimens\u00f5es (tamanhos XL e XXL, como bicicletas, trotinetes el\u00e9tricas, televisores, etc.).<\/li>\n<\/ul>\n\n\n\n<p>Al\u00e9m disso, existem cacifos para armazenamento no aeroporto que tamb\u00e9m funcionam 24 horas por dia, 7 dias por semana, e oferecem oportunidades flex\u00edveis para passageiros que partem de Istambul. Aqui, pode colocar a sua bagagem em tr\u00eas tamanhos principais \u2013 pequeno, m\u00e9dio e grande. Pode optar por guardar os seus artigos de v\u00e1rios tamanhos no aeroporto e pedir ao pessoal para lhe mostrar o mapa com o cacifo ou escrit\u00f3rio mais pr\u00f3ximo e, se quiser obter detalhes adicionais sobre os servi\u00e7os de armazenamento no aeroporto, pode explorar o site da IGA, onde a informa\u00e7\u00e3o mais relevante \u00e9 indicada em v\u00e1rios idiomas, incluindo turco, ingl\u00eas, russo e franc\u00eas.<\/p>\n\n\n\n<h3 itemprop=\"alternateName\" class=\"wp-block-heading\"><strong>Pre\u00e7o para guardar bagagem \u00e0 esquerda.<\/strong><\/h3>\n\n\n\n<p>Guarda de bagagem em&nbsp;<a href=\"https:\/\/istanbul-ist-international-airport.com\/\">Istanbul Airport<\/a>&nbsp;\u00e9 um servi\u00e7o pago. Assim, o acesso ao seu cacifo est\u00e1 associado ao pagamento do mesmo. Ser-lhe-\u00e1 fornecido um c\u00f3digo \u00fanico que o poder\u00e1 ajudar a gerir o seu cacifo. Aqui est\u00e1 uma tabela de pre\u00e7os oficial do aeroporto, onde est\u00e3o indicados os custos padr\u00e3o para o servi\u00e7o de guarda de bagagem.<\/p>\n\n\n\n<figure class=\"wp-block-table\"><table class=\"has-fixed-layout\"><thead><tr><th>Tipo de bagagem<br><\/th><th>Pre\u00e7o por 24 horas (TRY)<br><\/th><\/tr><\/thead><tbody><tr><td>Pequeno<br><\/td><td>90<\/td><\/tr><tr><td>Tamanho de cabine<br><\/td><td>115<\/td><\/tr><tr><td>Tamanho grande<br><\/td><td>240<\/td><\/tr><tr><td>s de tamanho XL e XXL<br><\/td><td>300-375<br><\/td><\/tr><\/tbody><\/table><\/figure>\n\n\n\n<p>Pode pagar pelos servi\u00e7os de armazenamento do aeroporto com o seu cart\u00e3o de d\u00e9bito\/cr\u00e9dito ou em dinheiro. Caso necessite de obter moeda local, existem casas de c\u00e2mbio e multibancos por todo o lado, perto de cada instala\u00e7\u00e3o de armazenamento de bagagem, por isso n\u00e3o \u00e9 dif\u00edcil faz\u00ea-lo.<\/p>\n\n\n\n<h3 itemprop=\"alternateName\" class=\"wp-block-heading\"><strong>Dura\u00e7\u00e3o do armazenamento em cacifos para bagagem<\/strong><\/h3>\n\n\n\n<p>N\u00e3o existem regras estritas sobre a dura\u00e7\u00e3o do seu dep\u00f3sito no cacifo de bagagem do aeroporto. Quanto mais pagar, mais tempo os seus artigos permanecem fechados. Tenha apenas em mente que os pagamentos s\u00e3o cobrados por dia, no m\u00ednimo.<\/p>\n\n\n\n<p>Al\u00e9m disso, pode usar algumas dicas \u00fateis para proteger a sua bagagem no aeroporto.&nbsp;<\/p>\n\n\n\n<ol class=\"wp-block-list\">\n<li>Embale bem.<\/li>\n\n\n\n<li>N\u00e3o deixe objetos de valor num cacifo. Mantenha-os consigo, pois \u00e9 mais seguro.<\/li>\n\n\n\n<li>Fotografe a sua bagagem antes de a entregar ao pessoal do balc\u00e3o de entrega de bagagens.<\/li>\n\n\n\n<li>Verifique de vez em quando para garantir que est\u00e1 completo e seguro.<\/li>\n\n\n\n<li>N\u00e3o hesite em contactar os funcion\u00e1rios do aeroporto e pedir ajuda se tiver alguma d\u00favida, quest\u00e3o ou reclama\u00e7\u00e3o.<\/li>\n<\/ol>\n\n\n\n<p>Pode faz\u00ea-lo atrav\u00e9s do site do aeroporto, e-mail, n\u00famero de telefone ou pessoalmente.<\/p>\n\n\n\n<h3 itemprop=\"alternateName\" class=\"wp-block-heading\"><strong>Devolu\u00e7\u00e3o de bagagem depositada<\/strong><\/h3>\n\n\n\n<p>Pode levantar a sua bagagem sempre que precisar. Por favor, fotografe o cacifo que reservou e guarde o c\u00f3digo para a sua gest\u00e3o, para n\u00e3o os perder no aeroporto.<\/p>\n\n\n\n<h2 itemprop=\"alternateName\" class=\"wp-block-heading\"><strong>Os servi\u00e7os de cacifos para bagagem mais populares em Istambul<\/strong><\/h2>\n\n\n\n<p>Claro, deixar a sua bagagem no aeroporto de Istambul \u00e9 uma ideia conveniente para um viajante, contudo, frequentemente, precisa de algumas malas e sacos consigo durante a sua viagem \u00e0 cidade de Istambul. N\u00e3o \u00e9 confort\u00e1vel mover-se pela cidade com todos os seus pertences, portanto, saber sobre locais onde pode deix\u00e1-los por um tempo \u00e9 uma boa ideia. Vamos considerar quais os locais adequados para guardar bagagem em Istambul.<\/p>\n\n\n\n<h3 itemprop=\"alternateName\" class=\"wp-block-heading\"><strong>Guarda de bagagem nas Esta\u00e7\u00f5es de Comboio de Istambul<\/strong><\/h3>\n\n\n\n<p>As esta\u00e7\u00f5es de comboio em Istambul n\u00e3o oferecem servi\u00e7os oficiais de guarda de bagagem. No entanto, quase todas as esta\u00e7\u00f5es em Istambul est\u00e3o equipadas com cacifos de terceiros, facilmente reconhec\u00edveis pela sua cor amarela forte. Para deixar a sua bagagem neles, basta encontrar um cacifo com um indicador verde (o que significa que est\u00e1 livre) e colocar a sua bagagem l\u00e1 dentro. Depois, fecha a porta e espera que o indicador fique vermelho. Ap\u00f3s isso, pode pagar pelo cacifo reservado no ponto de pagamento localizado nas proximidades. Os seus pertences ficar\u00e3o trancados pelo tempo que escolher e pode destranc\u00e1-los usando o tal\u00e3o do bilhete que recebe ap\u00f3s a conclus\u00e3o do pagamento.<\/p>\n\n\n\n<h3 itemprop=\"alternateName\" class=\"wp-block-heading\"><strong>Guarda de bagagem nas esta\u00e7\u00f5es rodovi\u00e1rias de Istambul<\/strong><\/h3>\n\n\n\n<p>As esta\u00e7\u00f5es rodovi\u00e1rias de Istambul disp\u00f5em de servi\u00e7os oficiais de guarda de bagagem, bem como cacifos disponibilizados por empresas locais de armazenamento. Assim, se tiver um bilhete de uma empresa de autocarros de qualquer esta\u00e7\u00e3o rodovi\u00e1ria de Istambul, por exemplo, a maior esta\u00e7\u00e3o rodovi\u00e1ria Esenler Otagan, pode deixar a sua bagagem no escrit\u00f3rio dessa empresa. Se simplesmente pretender utilizar as instala\u00e7\u00f5es da esta\u00e7\u00e3o rodovi\u00e1ria para guardar bagagem sem comprar um bilhete, pode optar pelos servi\u00e7os de uma das empresas locais de armazenamento de bagagem, por exemplo, Queepl ou Nannybag, que t\u00eam os seus escrit\u00f3rios nas esta\u00e7\u00f5es rodovi\u00e1rias. Pode encontr\u00e1-las online e candidatar-se \u00e0 reserva de um cacifo atrav\u00e9s do respetivo website.<\/p>\n\n\n\n<h3 itemprop=\"alternateName\" class=\"wp-block-heading\"><strong>Guarda de bagagem em museus e galerias<\/strong><\/h3>\n\n\n\n<p>Embora nem todos os museus de Istambul ou locais tur\u00edsticos populares tenham um bengaleiro para os visitantes, existem alguns locais que pode visitar de m\u00e3os livres enquanto as suas mochilas ou malas permanecem s\u00e3s e salvas no bengaleiro. Por exemplo, o museu de arte Moderna de Istambul e o Museu Pera oferecem essa op\u00e7\u00e3o. Infelizmente, os locais mais populares como a Mesquita de Hagia Sophia ou a Cisterna da Bas\u00edlica n\u00e3o oferecem bengaleiro, por isso, por favor, pense onde deix\u00e1-las antes de entrar nestes museus.<\/p>","protected":false},"excerpt":{"rendered":"<p>Where to store luggage in Istanbul Airport? Travelers who arrive at Istanbul International Airport are offered to experience the best services, including luggage storage. It\u2019s natural that you bring your belongings with you when you come to Istanbul, either on a tour or for business goals. Yet, you cannot carry them with you everywhere! So, [&hellip;]<\/p>","protected":false},"author":1,"featured_media":3702,"parent":0,"menu_order":0,"comment_status":"closed","ping_status":"closed","template":"home.php","meta":{"_acf_changed":false,"footnotes":""},"class_list":["post-3429","page","type-page","status-publish","has-post-thumbnail","hentry"],"acf":[],"yoast_head":"<!-- This site is optimized with the Yoast SEO plugin v27.4 - https:\/\/yoast.com\/product\/yoast-seo-wordpress\/ -->\n<title>Istanbul International Airport luggage storage - Istanbul International Airport (IST) - Turkey&#039;s new airport<\/title>\n<meta name=\"robots\" content=\"index, follow, max-snippet:-1, max-image-preview:large, max-video-preview:-1\" \/>\n<link rel=\"canonical\" href=\"https:\/\/istanbul-ist-international-airport.com\/pt\/istanbul-international-airport-luggage-storage\/\" \/>\n<meta property=\"og:locale\" content=\"pt_PT\" \/>\n<meta property=\"og:type\" content=\"article\" \/>\n<meta property=\"og:title\" content=\"Istanbul International Airport luggage storage - Istanbul International Airport (IST) - Turkey&#039;s new airport\" \/>\n<meta property=\"og:description\" content=\"Where to store luggage in Istanbul Airport? Travelers who arrive at Istanbul International Airport are offered to experience the best services, including luggage storage. It\u2019s natural that you bring your belongings with you when you come to Istanbul, either on a tour or for business goals. Yet, you cannot carry them with you everywhere! So, [&hellip;]\" \/>\n<meta property=\"og:url\" content=\"https:\/\/istanbul-ist-international-airport.com\/pt\/istanbul-international-airport-luggage-storage\/\" \/>\n<meta property=\"og:site_name\" content=\"Istanbul International Airport (IST) - Turkey&#039;s new airport\" \/>\n<meta property=\"article:modified_time\" content=\"2025-09-13T10:32:02+00:00\" \/>\n<meta property=\"og:image\" content=\"https:\/\/istanbul-ist-international-airport.com\/wp-content\/uploads\/2025\/09\/luggage-scaled-1.jpg\" \/>\n\t<meta property=\"og:image:width\" content=\"2560\" \/>\n\t<meta property=\"og:image:height\" content=\"1393\" \/>\n\t<meta property=\"og:image:type\" content=\"image\/jpeg\" \/>\n<meta name=\"twitter:card\" content=\"summary_large_image\" \/>\n<meta name=\"twitter:label1\" content=\"Tempo estimado de leitura\" \/>\n\t<meta name=\"twitter:data1\" content=\"5 minutos\" \/>\n<script type=\"application\/ld+json\" class=\"yoast-schema-graph\">{\"@context\":\"https:\\\/\\\/schema.org\",\"@graph\":[{\"@type\":\"WebPage\",\"@id\":\"https:\\\/\\\/istanbul-ist-international-airport.com\\\/pt\\\/istanbul-international-airport-luggage-storage\\\/\",\"url\":\"https:\\\/\\\/istanbul-ist-international-airport.com\\\/pt\\\/istanbul-international-airport-luggage-storage\\\/\",\"name\":\"Istanbul International Airport luggage storage - Istanbul International Airport (IST) - Turkey&#039;s new airport\",\"isPartOf\":{\"@id\":\"https:\\\/\\\/istanbul-ist-international-airport.com\\\/pt\\\/#website\"},\"primaryImageOfPage\":{\"@id\":\"https:\\\/\\\/istanbul-ist-international-airport.com\\\/pt\\\/istanbul-international-airport-luggage-storage\\\/#primaryimage\"},\"image\":{\"@id\":\"https:\\\/\\\/istanbul-ist-international-airport.com\\\/pt\\\/istanbul-international-airport-luggage-storage\\\/#primaryimage\"},\"thumbnailUrl\":\"https:\\\/\\\/istanbul-ist-international-airport.com\\\/wp-content\\\/uploads\\\/2025\\\/09\\\/luggage-scaled-1.jpg\",\"datePublished\":\"2025-09-10T14:19:12+00:00\",\"dateModified\":\"2025-09-13T10:32:02+00:00\",\"breadcrumb\":{\"@id\":\"https:\\\/\\\/istanbul-ist-international-airport.com\\\/pt\\\/istanbul-international-airport-luggage-storage\\\/#breadcrumb\"},\"inLanguage\":\"pt-PT\",\"potentialAction\":[{\"@type\":\"ReadAction\",\"target\":[\"https:\\\/\\\/istanbul-ist-international-airport.com\\\/pt\\\/istanbul-international-airport-luggage-storage\\\/\"]}]},{\"@type\":\"ImageObject\",\"inLanguage\":\"pt-PT\",\"@id\":\"https:\\\/\\\/istanbul-ist-international-airport.com\\\/pt\\\/istanbul-international-airport-luggage-storage\\\/#primaryimage\",\"url\":\"https:\\\/\\\/istanbul-ist-international-airport.com\\\/wp-content\\\/uploads\\\/2025\\\/09\\\/luggage-scaled-1.jpg\",\"contentUrl\":\"https:\\\/\\\/istanbul-ist-international-airport.com\\\/wp-content\\\/uploads\\\/2025\\\/09\\\/luggage-scaled-1.jpg\",\"width\":2560,\"height\":1393},{\"@type\":\"BreadcrumbList\",\"@id\":\"https:\\\/\\\/istanbul-ist-international-airport.com\\\/pt\\\/istanbul-international-airport-luggage-storage\\\/#breadcrumb\",\"itemListElement\":[{\"@type\":\"ListItem\",\"position\":1,\"name\":\"Home\",\"item\":\"https:\\\/\\\/istanbul-ist-international-airport.com\\\/\"},{\"@type\":\"ListItem\",\"position\":2,\"name\":\"Istanbul International Airport luggage storage\"}]},{\"@type\":\"WebSite\",\"@id\":\"https:\\\/\\\/istanbul-ist-international-airport.com\\\/pt\\\/#website\",\"url\":\"https:\\\/\\\/istanbul-ist-international-airport.com\\\/pt\\\/\",\"name\":\"Istanbul International Airport (IST) - Turkey&#039;s new airport\",\"description\":\"Navigating Istanbul International Airport: A Traveler\u2019s Guide.\",\"potentialAction\":[{\"@type\":\"SearchAction\",\"target\":{\"@type\":\"EntryPoint\",\"urlTemplate\":\"https:\\\/\\\/istanbul-ist-international-airport.com\\\/pt\\\/?s={search_term_string}\"},\"query-input\":{\"@type\":\"PropertyValueSpecification\",\"valueRequired\":true,\"valueName\":\"search_term_string\"}}],\"inLanguage\":\"pt-PT\"}]}<\/script>\n<!-- \/ Yoast SEO plugin. -->","yoast_head_json":{"title":"Armazenamento de bagagem no Aeroporto Internacional de Istambul - Aeroporto Internacional de Istambul (IST) - Novo aeroporto da Turquia","robots":{"index":"index","follow":"follow","max-snippet":"max-snippet:-1","max-image-preview":"max-image-preview:large","max-video-preview":"max-video-preview:-1"},"canonical":"https:\/\/istanbul-ist-international-airport.com\/pt\/istanbul-international-airport-luggage-storage\/","og_locale":"pt_PT","og_type":"article","og_title":"Istanbul International Airport luggage storage - Istanbul International Airport (IST) - Turkey&#039;s new airport","og_description":"Where to store luggage in Istanbul Airport? Travelers who arrive at Istanbul International Airport are offered to experience the best services, including luggage storage. It\u2019s natural that you bring your belongings with you when you come to Istanbul, either on a tour or for business goals. Yet, you cannot carry them with you everywhere! So, [&hellip;]","og_url":"https:\/\/istanbul-ist-international-airport.com\/pt\/istanbul-international-airport-luggage-storage\/","og_site_name":"Istanbul International Airport (IST) - Turkey&#039;s new airport","article_modified_time":"2025-09-13T10:32:02+00:00","og_image":[{"width":2560,"height":1393,"url":"https:\/\/istanbul-ist-international-airport.com\/wp-content\/uploads\/2025\/09\/luggage-scaled-1.jpg","type":"image\/jpeg"}],"twitter_card":"summary_large_image","twitter_misc":{"Tempo estimado de leitura":"5 minutos"},"schema":{"@context":"https:\/\/schema.org","@graph":[{"@type":"WebPage","@id":"https:\/\/istanbul-ist-international-airport.com\/pt\/istanbul-international-airport-luggage-storage\/","url":"https:\/\/istanbul-ist-international-airport.com\/pt\/istanbul-international-airport-luggage-storage\/","name":"Armazenamento de bagagem no Aeroporto Internacional de Istambul - Aeroporto Internacional de Istambul (IST) - Novo aeroporto da Turquia","isPartOf":{"@id":"https:\/\/istanbul-ist-international-airport.com\/pt\/#website"},"primaryImageOfPage":{"@id":"https:\/\/istanbul-ist-international-airport.com\/pt\/istanbul-international-airport-luggage-storage\/#primaryimage"},"image":{"@id":"https:\/\/istanbul-ist-international-airport.com\/pt\/istanbul-international-airport-luggage-storage\/#primaryimage"},"thumbnailUrl":"https:\/\/istanbul-ist-international-airport.com\/wp-content\/uploads\/2025\/09\/luggage-scaled-1.jpg","datePublished":"2025-09-10T14:19:12+00:00","dateModified":"2025-09-13T10:32:02+00:00","breadcrumb":{"@id":"https:\/\/istanbul-ist-international-airport.com\/pt\/istanbul-international-airport-luggage-storage\/#breadcrumb"},"inLanguage":"pt-PT","potentialAction":[{"@type":"ReadAction","target":["https:\/\/istanbul-ist-international-airport.com\/pt\/istanbul-international-airport-luggage-storage\/"]}]},{"@type":"ImageObject","inLanguage":"pt-PT","@id":"https:\/\/istanbul-ist-international-airport.com\/pt\/istanbul-international-airport-luggage-storage\/#primaryimage","url":"https:\/\/istanbul-ist-international-airport.com\/wp-content\/uploads\/2025\/09\/luggage-scaled-1.jpg","contentUrl":"https:\/\/istanbul-ist-international-airport.com\/wp-content\/uploads\/2025\/09\/luggage-scaled-1.jpg","width":2560,"height":1393},{"@type":"BreadcrumbList","@id":"https:\/\/istanbul-ist-international-airport.com\/pt\/istanbul-international-airport-luggage-storage\/#breadcrumb","itemListElement":[{"@type":"ListItem","position":1,"name":"Home","item":"https:\/\/istanbul-ist-international-airport.com\/"},{"@type":"ListItem","position":2,"name":"Istanbul International Airport luggage storage"}]},{"@type":"WebSite","@id":"https:\/\/istanbul-ist-international-airport.com\/pt\/#website","url":"https:\/\/istanbul-ist-international-airport.com\/pt\/","name":"Istanbul International Airport (IST) - Turkey&#039;s new airport","description":"Navigating Istanbul International Airport: A Traveler\u2019s Guide.","potentialAction":[{"@type":"SearchAction","target":{"@type":"EntryPoint","urlTemplate":"https:\/\/istanbul-ist-international-airport.com\/pt\/?s={search_term_string}"},"query-input":{"@type":"PropertyValueSpecification","valueRequired":true,"valueName":"search_term_string"}}],"inLanguage":"pt-PT"}]}},"_links":{"self":[{"href":"https:\/\/istanbul-ist-international-airport.com\/pt\/wp-json\/wp\/v2\/pages\/3429","targetHints":{"allow":["GET"]}}],"collection":[{"href":"https:\/\/istanbul-ist-international-airport.com\/pt\/wp-json\/wp\/v2\/pages"}],"about":[{"href":"https:\/\/istanbul-ist-international-airport.com\/pt\/wp-json\/wp\/v2\/types\/page"}],"author":[{"embeddable":true,"href":"https:\/\/istanbul-ist-international-airport.com\/pt\/wp-json\/wp\/v2\/users\/1"}],"replies":[{"embeddable":true,"href":"https:\/\/istanbul-ist-international-airport.com\/pt\/wp-json\/wp\/v2\/comments?post=3429"}],"version-history":[{"count":2,"href":"https:\/\/istanbul-ist-international-airport.com\/pt\/wp-json\/wp\/v2\/pages\/3429\/revisions"}],"predecessor-version":[{"id":3704,"href":"https:\/\/istanbul-ist-international-airport.com\/pt\/wp-json\/wp\/v2\/pages\/3429\/revisions\/3704"}],"wp:featuredmedia":[{"embeddable":true,"href":"https:\/\/istanbul-ist-international-airport.com\/pt\/wp-json\/wp\/v2\/media\/3702"}],"wp:attachment":[{"href":"https:\/\/istanbul-ist-international-airport.com\/pt\/wp-json\/wp\/v2\/media?parent=3429"}],"curies":[{"name":"wp","href":"https:\/\/api.w.org\/{rel}","templated":true}]}}