{"id":3433,"date":"2025-09-10T17:19:36","date_gmt":"2025-09-10T14:19:36","guid":{"rendered":"http:\/\/147.182.243.37\/?page_id=3433"},"modified":"2025-09-13T13:39:23","modified_gmt":"2025-09-13T10:39:23","slug":"istanbul-international-airport-restaurants","status":"publish","type":"page","link":"https:\/\/istanbul-ist-international-airport.com\/pt\/istanbul-international-airport-restaurants\/","title":{"rendered":"Top 10 comidas tradicionais no Aeroporto de Istambul"},"content":{"rendered":"<h2 itemprop=\"alternateName\" class=\"wp-block-heading\"><strong>Best Food &amp; restaurants in Istanbul International Airport<\/strong><\/h2>\n\n\n\n<p>Meet the best dining services at&nbsp;<a href=\"https:\/\/istanbul-ist-international-airport.com\/\">Istanbul International Airport<\/a>! Food is the pleasure you can afford almost anytime, anywhere. What can be more pleasing than trying the yummiest traditional cuisine masterpieces right upon your arrival in the destination country? In this case, it is Turkey, where you get a double pleasure as Turkish cuisine is world-known for its rich tastes and flavours, high nutrition levels, and unforgettable charm which is embodied in various spices, servings, and overall hospitality flavour you may feel from the very first seconds of your visit to a traditional Turkish restaurant or cafe.<br>Of course, Istanbul Airport, being one of the busiest aviation hubs around the world, cannot neglect dining opportunities for its passengers. There are numerous concepts of restaurants and cafes in IST. If you are an appreciator of the world-recognized dining networks, it\u2019s up to you to visit Istanbul Airport\u2019s Starbucks, McDonald\u2019s, Burger King, or Subway facilities located both in the landside and airside parts of the airport.<br>Yet, if you want to get acquainted with diverse, original, and tasty Turkish cuisine, Istanbul Airport can be your first spot where to do this. The airport offers passengers all main courses related to the most popular Turkish meals from street food and pastry options to snake on the go to exquisite restaurant offers which require a gourmet approach to evaluate them in full.<br>Let\u2019s consider where to try the most fabulous Turkish meals within the airport of Istanbul. We\u2019ll focus on all main types of meals to cover the needs of various visitors.<\/p>\n\n\n\n<h3 itemprop=\"alternateName\" class=\"wp-block-heading\"><strong>Serpme Kahvalti (fabulous Turkish breakfast) in Istanbul International Airport<\/strong><\/h3>\n\n\n\n<p>A full-fledged luncheon is an energy boost for all day long. Turkish cooks know it the best. A traditional Turkish breakfast Serpme Kahvalti is a real energy bombshell which can please even the nastiest food critic. Typically it includes multiple plates with the following meals:<\/p>\n\n\n\n<ul class=\"wp-block-list\">\n<li>Multiple one-bites which include jams, marmalade, olives, tahini paste, and spicy Acuka paste made of tomatoes, nuts, and spices.<\/li>\n\n\n\n<li>Kaymak (a kind of sour cream) with honey.<\/li>\n\n\n\n<li>Cheese plate (peynir) which includes various types of local cheese like beyaz peynir, ezine peynir, ka\u015far peyniri, s\u00fcrk peyniri, \u00e7erkes peyniri, and van otlu peyniri.<\/li>\n\n\n\n<li>Pastrima and sujuk dried sausages.<\/li>\n\n\n\n<li>Eggs are also an indispensable part of Serpme Kahvalti and they are served in various styles like classy fried eggs (Yumurta), eggs with dried sausages (Suchkulu Yumurta), omelet-styled Menemen, etc.<\/li>\n\n\n\n<li>Pastry and bread also are included in the breakfast. Typically these are simits, pi\u015fi, and b\u00f6reks, and also local flatbread g\u00f6zleme and bazalma.<\/li>\n<\/ul>\n\n\n\n<p>Additionally, breakfast can include vegetables and sauces, and of course, a cup of famous Turkish tea.<br>In Istanbul Airport, you can taste the Anatolian type of Serpme Kahvalti in the Cuisine Anatolia restaurant and a shortened version of breakfast in Simit Sarayi network cafe.<br>If you decide to go to Istanbul to taste Serpme Kahvalti, the best places to eat it are as follows:<br>1. \u00c7e\u015fme Bazlama Kahvalt\u0131 (Te\u015fvikiye, Osman F. Seden Sk. No:8, \u015ei\u015fli).<br>2. S\u00fcreya Kahvalt\u0131 (Ergenekon Cad, Bilezik\u00e7i Sk. No:21-23, \u015ei\u015fli).<br>3. Van Kahvalt\u0131 Evi (K\u0131l\u0131\u00e7ali Pa\u015fa, Defterdar Yk\u015f. 52\/A, Beyo\u011flu).<br>A curious fact: typically, Serpme Kahvalti is served per company. It\u2019s almost impossible to eat a single portion of this multi-plated serving alone.<\/p>\n\n\n\n<h3 itemprop=\"alternateName\" class=\"wp-block-heading\"><strong>D\u00f6ner Kebab &amp; D\u00fcr\u00fcm in Istanbul International Airport<\/strong><\/h3>\n\n\n\n<p>D\u00f6ner Kebab and D\u00fcr\u00fcm are the most popular types of street food in Istanbul. Often, it is d\u00f6ner kebab which is the #1 meal associated with Turkish cuisine. Both these meals are meat &amp; vegetable wraps which are made of lamb, chicken, or veal meat with special sauces and diced vegetables. There are almost countless varieties of this meal across Istanbul. If you want to start your acquaintance with Istanbul with a good tasty d\u00f6ner kebab, you are welcome to get it in IGA in the following food courts: \u2013 The HD D\u00f6ner network is located both in the domestic airside section and landside section. -Pa\u015fa D\u00f6ner which is close to F pier.<\/p>\n\n\n\n<h3 itemprop=\"alternateName\" class=\"wp-block-heading\"><strong>Pide in Istanbul International Airport<\/strong><\/h3>\n\n\n\n<p>Pide is one more type of comfort food provided by Turkish cuisine. It is a flatbread which is often served with various toppings like cheese, vegetables, sauces, meat, etc. If you want to try an analog to Italian pizza cooked in Turkish style you\u2019ll be delighted with pide. Besides, you can try it in the airport while visiting one of Pidem food courts which are located at the domestic airside, close to F pier, and at the landside.<\/p>\n\n\n\n<h3 itemprop=\"alternateName\" class=\"wp-block-heading\"><strong>Lahmacun in Istanbul International Airport<\/strong><\/h3>\n\n\n\n<p>One more delicious and significant Turkish comfort food is lahmacun, a thin and crusty flatbread with minced meat and vegetables on top. Its taste is rich and its form allows picking it up and taste on the go. In Istanbul Airport, you can opt for lahmacun at Pidem cafes. If you want to try it somewhere near the airport, we can advise you to visit Halil Lahmacun and Borsam Ta\u015f F\u0131r\u0131n in Kad\u0131k\u00f6y and F\u0131st\u0131k Kebap in Arnavutk\u00f6y.<\/p>\n\n\n\n<h3 itemprop=\"alternateName\" class=\"wp-block-heading\"><strong>B\u00f6rek in Istanbul International Airport<\/strong><\/h3>\n\n\n\n<p>Iconic Turkish pastry B\u00f6rek is also worth your attention when you want to understand the spirit of Istanbul. It is a kind of stuffed pastry with sweet or salty cheese stuffing. B\u00f6reks with cheese and spinach stuffing are the most appreciated worldwide and you can order them in almost all local tea houses and cafes in the airport.<\/p>\n\n\n\n<h3 itemprop=\"alternateName\" class=\"wp-block-heading\"><strong>Stuffed Mussels (Midye Dolma) in Istanbul International Airport<\/strong><\/h3>\n\n\n\n<p>Being a seaside city, Istanbul is a seafood spot on the culinary map. Various fish and mussels are offered along its marine. Yet, the most specific and original food among seafood meals to try in Istanbul are stuffed mussels or Midye Dolma. While mussels are commonly considered to be a gourmet choice for fine dining, in Istanbul, they are served as street food. Although in the airport mussels are not offered everywhere, it\u2019s the best idea to taste them in Istanbul\u2019s bistros like as follows:<\/p>\n\n\n\n<ul class=\"wp-block-list\">\n<li>Midyeci E\u015fref, Silivri is the most authentic mussel spot with its owner catching mussels himself every morning to serve them the freshest.<\/li>\n\n\n\n<li>Midyeci Ahmet, Be\u015fikta\u015f is also called \u201cthe Lord of Mussels\u201d and its name fully describes what is waiting for you inside.<\/li>\n\n\n\n<li>Midyesel, Sahray\u0131cedit specializes in Izmir mussels and it is a real home restaurant where locals eat.<\/li>\n<\/ul>\n\n\n\n<h3 itemprop=\"alternateName\" class=\"wp-block-heading\"><strong>\u00c7i\u011f k\u00f6fte in Istanbul International Airport<\/strong><\/h3>\n\n\n\n<p>\u00c7i\u011f k\u00f6fte is a vegan meal which refers to wraps which are commonly served in Istanbul. Unlike doner, \u00e7i\u011f k\u00f6fte contains no meat. It is a ball made of bulgar wheat, walnut paste, tomatoes, and spices. In Istanbul Airport, \u00e7i\u011f k\u00f6fte is served in multiple dining zones including as follows:<\/p>\n\n\n\n<ul class=\"wp-block-list\">\n<li>Cuisine Anatolia (Tadinda Anadolu) in the International Airside A-B Pier<\/li>\n\n\n\n<li>Simit Sarayi food courts (allocated both in airside and landside parts of the airport)<\/li>\n\n\n\n<li>Star \u00c7i\u011fk\u00f6fte, a restaurant that specializes in this meal, is a couple of minutes from IGA at Tayakad\u0131n, 34277 Arnavutk\u00f6y\/\u0130stanbul.<\/li>\n<\/ul>\n\n\n\n<h3 itemprop=\"alternateName\" class=\"wp-block-heading\"><strong>Pilav in Istanbul International Airport<\/strong><\/h3>\n\n\n\n<p>Pilav is among the most iconic Middle East, Central Asia, and South-Eastern Asia meals. It\u2019s a rice dish which varies in its recipes yet provides an oozing umami taste. In Istanbul, pilav is cooked typically with chicken or lamb meat, chickpeas, and lots of spices. Multiple types of pilav you can try at the Cuisine Anatolia restaurant near A-B Pierce in Istanbul Airport. So, try it at its best right after you arrive in Istanbul.<\/p>\n\n\n\n<h3 itemprop=\"alternateName\" class=\"wp-block-heading\"><strong>Kokore\u00e7 in Istanbul International Airport<\/strong><\/h3>\n\n\n\n<p>Kokore\u00e7 is a fabulous street food offered in Istanbul. It\u2019s lamb or veal meat (typically intestines) cooked on a skewer and then chopped and served on a bread loaf with pickles, Ayran, and other additives. In the Istanbul Airport area, there are no kokore\u00e7 spots. Yet, you can taste it in Arnavutkoy. Over five cafes serve this meal. Their list includes G\u00f6bel Kokore\u00e7, Dursunk\u00f6y Durak Kokore\u00e7, and others.<\/p>\n\n\n\n<h3 itemprop=\"alternateName\" class=\"wp-block-heading\"><strong>Meze in Istanbul International Airport<\/strong><\/h3>\n\n\n\n<p>If you want to start your gastronomic journey and taste Istanbul from the very first bite, we strictly advise you to try Meze. It is a common name for numerous appetizers served in addition to Turkish hard liquor, raki. Meze is a course of plates which typically consists of:<\/p>\n\n\n\n<ul class=\"wp-block-list\">\n<li>Haydary (strained yogurt with mint and spices);<\/li>\n\n\n\n<li>White cheese (some kind of cheese similar to feta cheese);<\/li>\n\n\n\n<li>Diced melon;<\/li>\n\n\n\n<li>Muhammara (tomato deep with walnuts and spices);<\/li>\n\n\n\n<li>Shakshuka (scrumble eggs with sauteed vegetables);<\/li>\n\n\n\n<li>Humus (chickpea paste with garlic, spices, and tahini paste).<\/li>\n<\/ul>\n\n\n\n<p>Meze is typically served with pide bread. Most of its parts are dips you can eat by dipping pide. At Istanbul Airport, you can taste Meze in the Anatolian style at Tadinda Anadolu (Cuisine Anatolia), a restaurant focused on Anatolian cuisine. It is also served in multiple Meychanes in Istanbul with the leading-rated Karak\u00f6y Lokantas\u0131 recommended by the Michelin guide.<br>Let\u2019s wrap it all up! Enjoying true Turkish hospitality and real local flavours doesn\u2019t require you to go to the center of Istanbul. You can start your exploration of traditional Turkish meals right at the airport! Taste the best local meals and enclose the generosity and cultural peculiarities of Turkey through them.<\/p>","protected":false},"excerpt":{"rendered":"<p>Best Food &amp; restaurants in Istanbul International Airport Meet the best dining services at&nbsp;Istanbul International Airport! Food is the pleasure you can afford almost anytime, anywhere. What can be more pleasing than trying the yummiest traditional cuisine masterpieces right upon your arrival in the destination country? In this case, it is Turkey, where you get [&hellip;]<\/p>","protected":false},"author":1,"featured_media":3652,"parent":0,"menu_order":0,"comment_status":"closed","ping_status":"closed","template":"home.php","meta":{"_acf_changed":false,"footnotes":""},"class_list":["post-3433","page","type-page","status-publish","has-post-thumbnail","hentry"],"acf":[],"yoast_head":"<!-- This site is optimized with the Yoast SEO plugin v27.4 - https:\/\/yoast.com\/product\/yoast-seo-wordpress\/ -->\n<title>Top 10 traditional food at Istanbul Airport - Istanbul International Airport (IST) - Turkey&#039;s new airport<\/title>\n<meta name=\"robots\" content=\"index, follow, max-snippet:-1, max-image-preview:large, max-video-preview:-1\" \/>\n<link rel=\"canonical\" href=\"https:\/\/istanbul-ist-international-airport.com\/pt\/istanbul-international-airport-restaurants\/\" \/>\n<meta property=\"og:locale\" content=\"pt_PT\" \/>\n<meta property=\"og:type\" content=\"article\" \/>\n<meta property=\"og:title\" content=\"Top 10 traditional food at Istanbul Airport - Istanbul International Airport (IST) - Turkey&#039;s new airport\" \/>\n<meta property=\"og:description\" content=\"Best Food &amp; restaurants in Istanbul International Airport Meet the best dining services at&nbsp;Istanbul International Airport! Food is the pleasure you can afford almost anytime, anywhere. What can be more pleasing than trying the yummiest traditional cuisine masterpieces right upon your arrival in the destination country? In this case, it is Turkey, where you get [&hellip;]\" \/>\n<meta property=\"og:url\" content=\"https:\/\/istanbul-ist-international-airport.com\/pt\/istanbul-international-airport-restaurants\/\" \/>\n<meta property=\"og:site_name\" content=\"Istanbul International Airport (IST) - Turkey&#039;s new airport\" \/>\n<meta property=\"article:modified_time\" content=\"2025-09-13T10:39:23+00:00\" \/>\n<meta property=\"og:image\" content=\"https:\/\/istanbul-ist-international-airport.com\/wp-content\/uploads\/2025\/09\/flights-scaled.jpg\" \/>\n\t<meta property=\"og:image:width\" content=\"2560\" \/>\n\t<meta property=\"og:image:height\" content=\"978\" \/>\n\t<meta property=\"og:image:type\" content=\"image\/jpeg\" \/>\n<meta name=\"twitter:card\" content=\"summary_large_image\" \/>\n<meta name=\"twitter:label1\" content=\"Tempo estimado de leitura\" \/>\n\t<meta name=\"twitter:data1\" content=\"7 minutos\" \/>\n<script type=\"application\/ld+json\" class=\"yoast-schema-graph\">{\"@context\":\"https:\\\/\\\/schema.org\",\"@graph\":[{\"@type\":\"WebPage\",\"@id\":\"https:\\\/\\\/istanbul-ist-international-airport.com\\\/pt\\\/istanbul-international-airport-restaurants\\\/\",\"url\":\"https:\\\/\\\/istanbul-ist-international-airport.com\\\/pt\\\/istanbul-international-airport-restaurants\\\/\",\"name\":\"Top 10 traditional food at Istanbul Airport - Istanbul International Airport (IST) - Turkey&#039;s new airport\",\"isPartOf\":{\"@id\":\"https:\\\/\\\/istanbul-ist-international-airport.com\\\/pt\\\/#website\"},\"primaryImageOfPage\":{\"@id\":\"https:\\\/\\\/istanbul-ist-international-airport.com\\\/pt\\\/istanbul-international-airport-restaurants\\\/#primaryimage\"},\"image\":{\"@id\":\"https:\\\/\\\/istanbul-ist-international-airport.com\\\/pt\\\/istanbul-international-airport-restaurants\\\/#primaryimage\"},\"thumbnailUrl\":\"https:\\\/\\\/istanbul-ist-international-airport.com\\\/wp-content\\\/uploads\\\/2025\\\/09\\\/flights-scaled.jpg\",\"datePublished\":\"2025-09-10T14:19:36+00:00\",\"dateModified\":\"2025-09-13T10:39:23+00:00\",\"breadcrumb\":{\"@id\":\"https:\\\/\\\/istanbul-ist-international-airport.com\\\/pt\\\/istanbul-international-airport-restaurants\\\/#breadcrumb\"},\"inLanguage\":\"pt-PT\",\"potentialAction\":[{\"@type\":\"ReadAction\",\"target\":[\"https:\\\/\\\/istanbul-ist-international-airport.com\\\/pt\\\/istanbul-international-airport-restaurants\\\/\"]}]},{\"@type\":\"ImageObject\",\"inLanguage\":\"pt-PT\",\"@id\":\"https:\\\/\\\/istanbul-ist-international-airport.com\\\/pt\\\/istanbul-international-airport-restaurants\\\/#primaryimage\",\"url\":\"https:\\\/\\\/istanbul-ist-international-airport.com\\\/wp-content\\\/uploads\\\/2025\\\/09\\\/flights-scaled.jpg\",\"contentUrl\":\"https:\\\/\\\/istanbul-ist-international-airport.com\\\/wp-content\\\/uploads\\\/2025\\\/09\\\/flights-scaled.jpg\",\"width\":2560,\"height\":978},{\"@type\":\"BreadcrumbList\",\"@id\":\"https:\\\/\\\/istanbul-ist-international-airport.com\\\/pt\\\/istanbul-international-airport-restaurants\\\/#breadcrumb\",\"itemListElement\":[{\"@type\":\"ListItem\",\"position\":1,\"name\":\"Home\",\"item\":\"https:\\\/\\\/istanbul-ist-international-airport.com\\\/\"},{\"@type\":\"ListItem\",\"position\":2,\"name\":\"Top 10 traditional food at Istanbul Airport\"}]},{\"@type\":\"WebSite\",\"@id\":\"https:\\\/\\\/istanbul-ist-international-airport.com\\\/pt\\\/#website\",\"url\":\"https:\\\/\\\/istanbul-ist-international-airport.com\\\/pt\\\/\",\"name\":\"Istanbul International Airport (IST) - Turkey&#039;s new airport\",\"description\":\"Navigating Istanbul International Airport: A Traveler\u2019s Guide.\",\"potentialAction\":[{\"@type\":\"SearchAction\",\"target\":{\"@type\":\"EntryPoint\",\"urlTemplate\":\"https:\\\/\\\/istanbul-ist-international-airport.com\\\/pt\\\/?s={search_term_string}\"},\"query-input\":{\"@type\":\"PropertyValueSpecification\",\"valueRequired\":true,\"valueName\":\"search_term_string\"}}],\"inLanguage\":\"pt-PT\"}]}<\/script>\n<!-- \/ Yoast SEO plugin. -->","yoast_head_json":{"title":"Top 10 traditional food at Istanbul Airport - Istanbul International Airport (IST) - Turkey&#039;s new airport","robots":{"index":"index","follow":"follow","max-snippet":"max-snippet:-1","max-image-preview":"max-image-preview:large","max-video-preview":"max-video-preview:-1"},"canonical":"https:\/\/istanbul-ist-international-airport.com\/pt\/istanbul-international-airport-restaurants\/","og_locale":"pt_PT","og_type":"article","og_title":"Top 10 traditional food at Istanbul Airport - Istanbul International Airport (IST) - Turkey&#039;s new airport","og_description":"Best Food &amp; restaurants in Istanbul International Airport Meet the best dining services at&nbsp;Istanbul International Airport! Food is the pleasure you can afford almost anytime, anywhere. What can be more pleasing than trying the yummiest traditional cuisine masterpieces right upon your arrival in the destination country? In this case, it is Turkey, where you get [&hellip;]","og_url":"https:\/\/istanbul-ist-international-airport.com\/pt\/istanbul-international-airport-restaurants\/","og_site_name":"Istanbul International Airport (IST) - Turkey&#039;s new airport","article_modified_time":"2025-09-13T10:39:23+00:00","og_image":[{"width":2560,"height":978,"url":"https:\/\/istanbul-ist-international-airport.com\/wp-content\/uploads\/2025\/09\/flights-scaled.jpg","type":"image\/jpeg"}],"twitter_card":"summary_large_image","twitter_misc":{"Tempo estimado de leitura":"7 minutos"},"schema":{"@context":"https:\/\/schema.org","@graph":[{"@type":"WebPage","@id":"https:\/\/istanbul-ist-international-airport.com\/pt\/istanbul-international-airport-restaurants\/","url":"https:\/\/istanbul-ist-international-airport.com\/pt\/istanbul-international-airport-restaurants\/","name":"Top 10 traditional food at Istanbul Airport - Istanbul International Airport (IST) - Turkey&#039;s new airport","isPartOf":{"@id":"https:\/\/istanbul-ist-international-airport.com\/pt\/#website"},"primaryImageOfPage":{"@id":"https:\/\/istanbul-ist-international-airport.com\/pt\/istanbul-international-airport-restaurants\/#primaryimage"},"image":{"@id":"https:\/\/istanbul-ist-international-airport.com\/pt\/istanbul-international-airport-restaurants\/#primaryimage"},"thumbnailUrl":"https:\/\/istanbul-ist-international-airport.com\/wp-content\/uploads\/2025\/09\/flights-scaled.jpg","datePublished":"2025-09-10T14:19:36+00:00","dateModified":"2025-09-13T10:39:23+00:00","breadcrumb":{"@id":"https:\/\/istanbul-ist-international-airport.com\/pt\/istanbul-international-airport-restaurants\/#breadcrumb"},"inLanguage":"pt-PT","potentialAction":[{"@type":"ReadAction","target":["https:\/\/istanbul-ist-international-airport.com\/pt\/istanbul-international-airport-restaurants\/"]}]},{"@type":"ImageObject","inLanguage":"pt-PT","@id":"https:\/\/istanbul-ist-international-airport.com\/pt\/istanbul-international-airport-restaurants\/#primaryimage","url":"https:\/\/istanbul-ist-international-airport.com\/wp-content\/uploads\/2025\/09\/flights-scaled.jpg","contentUrl":"https:\/\/istanbul-ist-international-airport.com\/wp-content\/uploads\/2025\/09\/flights-scaled.jpg","width":2560,"height":978},{"@type":"BreadcrumbList","@id":"https:\/\/istanbul-ist-international-airport.com\/pt\/istanbul-international-airport-restaurants\/#breadcrumb","itemListElement":[{"@type":"ListItem","position":1,"name":"Home","item":"https:\/\/istanbul-ist-international-airport.com\/"},{"@type":"ListItem","position":2,"name":"Top 10 traditional food at Istanbul Airport"}]},{"@type":"WebSite","@id":"https:\/\/istanbul-ist-international-airport.com\/pt\/#website","url":"https:\/\/istanbul-ist-international-airport.com\/pt\/","name":"Istanbul International Airport (IST) - Turkey&#039;s new airport","description":"Navigating Istanbul International Airport: A Traveler\u2019s Guide.","potentialAction":[{"@type":"SearchAction","target":{"@type":"EntryPoint","urlTemplate":"https:\/\/istanbul-ist-international-airport.com\/pt\/?s={search_term_string}"},"query-input":{"@type":"PropertyValueSpecification","valueRequired":true,"valueName":"search_term_string"}}],"inLanguage":"pt-PT"}]}},"_links":{"self":[{"href":"https:\/\/istanbul-ist-international-airport.com\/pt\/wp-json\/wp\/v2\/pages\/3433","targetHints":{"allow":["GET"]}}],"collection":[{"href":"https:\/\/istanbul-ist-international-airport.com\/pt\/wp-json\/wp\/v2\/pages"}],"about":[{"href":"https:\/\/istanbul-ist-international-airport.com\/pt\/wp-json\/wp\/v2\/types\/page"}],"author":[{"embeddable":true,"href":"https:\/\/istanbul-ist-international-airport.com\/pt\/wp-json\/wp\/v2\/users\/1"}],"replies":[{"embeddable":true,"href":"https:\/\/istanbul-ist-international-airport.com\/pt\/wp-json\/wp\/v2\/comments?post=3433"}],"version-history":[{"count":2,"href":"https:\/\/istanbul-ist-international-airport.com\/pt\/wp-json\/wp\/v2\/pages\/3433\/revisions"}],"predecessor-version":[{"id":3708,"href":"https:\/\/istanbul-ist-international-airport.com\/pt\/wp-json\/wp\/v2\/pages\/3433\/revisions\/3708"}],"wp:featuredmedia":[{"embeddable":true,"href":"https:\/\/istanbul-ist-international-airport.com\/pt\/wp-json\/wp\/v2\/media\/3652"}],"wp:attachment":[{"href":"https:\/\/istanbul-ist-international-airport.com\/pt\/wp-json\/wp\/v2\/media?parent=3433"}],"curies":[{"name":"wp","href":"https:\/\/api.w.org\/{rel}","templated":true}]}}