{"id":3437,"date":"2025-09-10T17:19:56","date_gmt":"2025-09-10T14:19:56","guid":{"rendered":"http:\/\/147.182.243.37\/?page_id=3437"},"modified":"2025-09-13T13:45:05","modified_gmt":"2025-09-13T10:45:05","slug":"ist-smoking-area","status":"publish","type":"page","link":"https:\/\/istanbul-ist-international-airport.com\/pt\/ist-smoking-area\/","title":{"rendered":"\u00c1rea para fumantes do Aeroporto Internacional de Istambul"},"content":{"rendered":"<h2 itemprop=\"alternateName\" class=\"wp-block-heading\"><strong>Conforto para fumantes no aeroporto: Descobrindo locais confort\u00e1veis para um fumante em IST<\/strong><\/h2>\n\n\n\n<p>A Turquia, tal como a Espanha, a Am\u00e9rica do Norte e a It\u00e1lia, \u00e9 conhecida pelos elevados n\u00edveis de consumidores de nicotina. A tradi\u00e7\u00e3o de fumar \u00e9 forte l\u00e1, e mesmo em tempos em que a sociedade mundial luta contra o tabagismo e tenta reduzir o consumo de tabaco, o Aeroporto de Istambul continua a ser um lugar confort\u00e1vel para os passageiros que preferem baforar fumo de tabaco.<br>Claro, voc\u00ea pode reivindicar o seu direito de fumar apenas em \u00e1reas limitadas ao redor do Aeroporto de Istambul. \u00c9 proibido fumar dentro do edif\u00edcio do aeroporto em qualquer lugar, exceto em uma \u00e1rea especial que \u00e9 marcada e localizada de forma a n\u00e3o perturbar outros viajantes.<br>Vamos considerar onde encontrar uma \u00e1rea para fumadores no aeroporto para passageiros em voos dom\u00e9sticos e internacionais neste artigo do blog. Decidimos tornar a solu\u00e7\u00e3o l\u00f3gica e conveniente para os visitantes do aeroporto e, portanto, descreveremos cada \u00e1rea para fumadores relacionada com um determinado port\u00e3o para tornar f\u00e1cil e confort\u00e1vel para os amantes do tabaco verificarem o seu endere\u00e7o e obterem um mapa dos terra\u00e7os da \u00e1rea para fumadores mesmo antes da sua partida ou antes da sua chegada ao aeroporto de Istambul.<br>Em geral, o Aeroporto de Istambul oferece 13 op\u00e7\u00f5es de \u00e1reas para fumantes para seus passageiros. Tr\u00eas delas est\u00e3o localizadas no lado ar dom\u00e9stico, enquanto dez est\u00e3o dispon\u00edveis para passageiros do lado ar internacional.<\/p>\n\n\n\n<p><strong>\u00c1rea de fumantes do IST perto dos port\u00f5es A<\/strong><\/p>\n\n\n\n<p>Se tiver um voo para embarcar nos port\u00f5es A, existe um terra\u00e7o para fumadores onde pode entrar. Est\u00e1 localizado perto da \u00e1rea de check-in e pode encontr\u00e1-lo utilizando este link do mapa do site do Aeroporto de Istambul ou pode simplesmente contactar o pessoal do aeroporto para perguntar onde o encontrar. Mais um terra\u00e7o para fumadores que \u00e9 o mais pr\u00f3ximo dos port\u00f5es A est\u00e1 localizado perto do port\u00e3o A11, para que o possa visitar ao partir para a Europa ou \u00c1sia a partir deste port\u00e3o. Caso o seu voo seja atribu\u00eddo aos port\u00f5es A mais perto da sec\u00e7\u00e3o dos port\u00f5es B, existe uma \u00e1rea de fumadores interior perto do A-B Gourmet Trilogy.<\/p>\n\n\n\n<h2 itemprop=\"alternateName\" class=\"wp-block-heading\"><strong>\u00c1rea de fumadores do IST perto dos port\u00f5es B<\/strong><\/h2>\n\n\n\n<p>Para os port\u00f5es B, existe uma \u00e1rea de fumadores interm\u00e9dia perto do A-B Gourmet Trilogy. Outro terra\u00e7o onde um fumador pode entrar para obter uma por\u00e7\u00e3o de tabaco est\u00e1 localizado perto do Port\u00e3o B18 e existe um Fresh Air Terrace especial onde os fumadores s\u00e3o permitidos perto do Port\u00e3o B1.<\/p>\n\n\n\n<h2 itemprop=\"alternateName\" class=\"wp-block-heading\"><strong>\u00c1rea de fumadores da IST perto dos port\u00f5es C<\/strong><\/h2>\n\n\n\n<p>Os visitantes dos port\u00f5es C s\u00e3o bem-vindos para fumar na varanda perto do Port\u00e3o C1, perto do Napzone.<\/p>\n\n\n\n<h2 itemprop=\"alternateName\" class=\"wp-block-heading\"><strong>\u00c1rea de fumantes IST perto dos port\u00f5es D<\/strong><\/h2>\n\n\n\n<p>Se estiver falando sobre a \u00e1rea para fumantes nos port\u00f5es D no aeroporto de Istambul, existe uma \u00fanica op\u00e7\u00e3o para os amantes do cigarro, ao lado do port\u00e3o D16.<\/p>\n\n\n\n<h2 itemprop=\"alternateName\" class=\"wp-block-heading\"><strong>\u00c1reas de fumantes do IST perto dos port\u00f5es E fecham<\/strong><\/h2>\n\n\n\n<p>Se voc\u00ea quiser chegar \u00e0 \u00e1rea de fumantes do Aeroporto Internacional de Istambul perto dos port\u00f5es E, \u00e9 melhor procurar outras \u00e1reas de port\u00f5es nas proximidades, pois n\u00e3o h\u00e1 zonas especiais nesta se\u00e7\u00e3o. No entanto, voc\u00ea pode satisfazer seus receptores de nicotina no terra\u00e7o para fumantes F13.<\/p>\n\n\n\n<h2 itemprop=\"alternateName\" class=\"wp-block-heading\"><strong>\u00c1rea de fumantes da IST perto dos port\u00f5es F<\/strong><\/h2>\n\n\n\n<p>Para os port\u00f5es F, o Aeroporto de Istambul oferece 2 \u00f3timos terra\u00e7os para entrar e fumar um cigarro ou cachimbo.<\/p>\n\n\n\n<ul class=\"wp-block-list\">\n<li>\u2060O primeiro est\u00e1 perto do Port\u00e3o F13 e \u00e9 um terra\u00e7o tipo lounge.<\/li>\n\n\n\n<li>O segundo \u00e9 do outro lado do Port\u00e3o 8.<\/li>\n<\/ul>\n\n\n\n<h2 itemprop=\"alternateName\" class=\"wp-block-heading\"><strong>\u00c1reas de fumantes da IST pr\u00f3ximas aos port\u00f5es G fecham<\/strong><\/h2>\n\n\n\n<p>A \u00fanica \u00e1rea para fumadores perto dos port\u00f5es G est\u00e1 localizada perto do Port\u00e3o G11. Pode encontrar as suas vistas e coordenadas atrav\u00e9s deste link.<br>Al\u00e9m da \u00e1rea para fumadores localizada no port\u00e3o, existem tamb\u00e9m algumas zonas de fumadores gratuitas em toda a zona dom\u00e9stica e na parte central do aeroporto. Assim, os passageiros cuja partida seja de campos dom\u00e9sticos, podem fumar no terra\u00e7o perto da entrada da \u00e1rea de alimenta\u00e7\u00e3o ou usar a varanda na \u00e1rea de alimenta\u00e7\u00e3o.<br>Se voc\u00ea est\u00e1 procurando uma \u00e1rea para fumantes perto das entradas do Aeroporto de Istambul, existem duas no andar de embarque nas \u00e1reas de check-in A e C. Al\u00e9m disso, existem duas zonas perto das esteiras de bagagem \u2013 uma para passageiros dom\u00e9sticos e outra para passageiros internacionais.<br>Ao iniciar a sua viagem para o Aeroporto de Istambul, \u00e9 essencial saber mais sobre as \u00e1reas para fumadores, caso seja fumador. Esperamos que as informa\u00e7\u00f5es que lhe fornecemos sobre cada \u00e1rea para fumadores do IST lhe sejam \u00fateis. Em qualquer caso, \u00e9 tamb\u00e9m imprescind\u00edvel verificar quais as \u00e1reas que est\u00e3o a funcionar no dia da sua partida\/chegada\/transfer e pode faz\u00ea-lo no site oficial do aeroporto, onde s\u00e3o publicadas as atualiza\u00e7\u00f5es relevantes. Basta aceitar a pol\u00edtica de privacidade e entrar nesta p\u00e1gina ou contactar a equipa do aeroporto atrav\u00e9s da linha telef\u00f3nica direta ou por e-mail para obter informa\u00e7\u00f5es detalhadas sobre o funcionamento de cada \u00e1rea para fumadores.<\/p>","protected":false},"excerpt":{"rendered":"<p>Conforto para fumadores no aeroporto: descobrir locais confort\u00e1veis para um fumador em IST Turquia, como Espanha, Am\u00e9rica do Norte e It\u00e1lia, \u00e9 conhecido por altos n\u00edveis de consumidores de nicotina. A tradi\u00e7\u00e3o de fumar \u00e9 forte l\u00e1, e mesmo em tempos em que a sociedade mundial luta contra o tabagismo e tenta reduzir o consumo de tabaco, o Aeroporto de Istambul permanece um [\u2026]<\/p>","protected":false},"author":1,"featured_media":3711,"parent":0,"menu_order":0,"comment_status":"closed","ping_status":"closed","template":"home.php","meta":{"_acf_changed":false,"footnotes":""},"class_list":["post-3437","page","type-page","status-publish","has-post-thumbnail","hentry"],"acf":[],"yoast_head":"<!-- This site is optimized with the Yoast SEO plugin v27.4 - https:\/\/yoast.com\/product\/yoast-seo-wordpress\/ -->\n<title>Istanbul International Airport smoking area - Istanbul International Airport (IST) - Turkey&#039;s new airport<\/title>\n<meta name=\"robots\" content=\"index, follow, max-snippet:-1, max-image-preview:large, max-video-preview:-1\" \/>\n<link rel=\"canonical\" href=\"https:\/\/istanbul-ist-international-airport.com\/pt\/ist-smoking-area\/\" \/>\n<meta property=\"og:locale\" content=\"pt_PT\" \/>\n<meta property=\"og:type\" content=\"article\" \/>\n<meta property=\"og:title\" content=\"Istanbul International Airport smoking area - Istanbul International Airport (IST) - Turkey&#039;s new airport\" \/>\n<meta property=\"og:description\" content=\"Smoking comfort in the airport: discovering comfortable spots for a smoker in IST Turkey, like Spain, North America, and Italy, is known for high levels of nicotine consumers. The tradition of smoking is strong there, and even in times when the world society fights smoking and tries to reduce tobacco consumption, Istanbul Airport remains a [&hellip;]\" \/>\n<meta property=\"og:url\" content=\"https:\/\/istanbul-ist-international-airport.com\/pt\/ist-smoking-area\/\" \/>\n<meta property=\"og:site_name\" content=\"Istanbul International Airport (IST) - Turkey&#039;s new airport\" \/>\n<meta property=\"article:modified_time\" content=\"2025-09-13T10:45:05+00:00\" \/>\n<meta property=\"og:image\" content=\"https:\/\/istanbul-ist-international-airport.com\/wp-content\/uploads\/2025\/09\/smoking-scaled-1.jpg\" \/>\n\t<meta property=\"og:image:width\" content=\"2560\" \/>\n\t<meta property=\"og:image:height\" content=\"1393\" \/>\n\t<meta property=\"og:image:type\" content=\"image\/jpeg\" \/>\n<meta name=\"twitter:card\" content=\"summary_large_image\" \/>\n<meta name=\"twitter:label1\" content=\"Tempo estimado de leitura\" \/>\n\t<meta name=\"twitter:data1\" content=\"4 minutos\" \/>\n<script type=\"application\/ld+json\" class=\"yoast-schema-graph\">{\"@context\":\"https:\\\/\\\/schema.org\",\"@graph\":[{\"@type\":\"WebPage\",\"@id\":\"https:\\\/\\\/istanbul-ist-international-airport.com\\\/pt\\\/ist-smoking-area\\\/\",\"url\":\"https:\\\/\\\/istanbul-ist-international-airport.com\\\/pt\\\/ist-smoking-area\\\/\",\"name\":\"Istanbul International Airport smoking area - Istanbul International Airport (IST) - Turkey&#039;s new airport\",\"isPartOf\":{\"@id\":\"https:\\\/\\\/istanbul-ist-international-airport.com\\\/pt\\\/#website\"},\"primaryImageOfPage\":{\"@id\":\"https:\\\/\\\/istanbul-ist-international-airport.com\\\/pt\\\/ist-smoking-area\\\/#primaryimage\"},\"image\":{\"@id\":\"https:\\\/\\\/istanbul-ist-international-airport.com\\\/pt\\\/ist-smoking-area\\\/#primaryimage\"},\"thumbnailUrl\":\"https:\\\/\\\/istanbul-ist-international-airport.com\\\/wp-content\\\/uploads\\\/2025\\\/09\\\/smoking-scaled-1.jpg\",\"datePublished\":\"2025-09-10T14:19:56+00:00\",\"dateModified\":\"2025-09-13T10:45:05+00:00\",\"breadcrumb\":{\"@id\":\"https:\\\/\\\/istanbul-ist-international-airport.com\\\/pt\\\/ist-smoking-area\\\/#breadcrumb\"},\"inLanguage\":\"pt-PT\",\"potentialAction\":[{\"@type\":\"ReadAction\",\"target\":[\"https:\\\/\\\/istanbul-ist-international-airport.com\\\/pt\\\/ist-smoking-area\\\/\"]}]},{\"@type\":\"ImageObject\",\"inLanguage\":\"pt-PT\",\"@id\":\"https:\\\/\\\/istanbul-ist-international-airport.com\\\/pt\\\/ist-smoking-area\\\/#primaryimage\",\"url\":\"https:\\\/\\\/istanbul-ist-international-airport.com\\\/wp-content\\\/uploads\\\/2025\\\/09\\\/smoking-scaled-1.jpg\",\"contentUrl\":\"https:\\\/\\\/istanbul-ist-international-airport.com\\\/wp-content\\\/uploads\\\/2025\\\/09\\\/smoking-scaled-1.jpg\",\"width\":2560,\"height\":1393},{\"@type\":\"BreadcrumbList\",\"@id\":\"https:\\\/\\\/istanbul-ist-international-airport.com\\\/pt\\\/ist-smoking-area\\\/#breadcrumb\",\"itemListElement\":[{\"@type\":\"ListItem\",\"position\":1,\"name\":\"Home\",\"item\":\"https:\\\/\\\/istanbul-ist-international-airport.com\\\/\"},{\"@type\":\"ListItem\",\"position\":2,\"name\":\"Istanbul International Airport smoking area\"}]},{\"@type\":\"WebSite\",\"@id\":\"https:\\\/\\\/istanbul-ist-international-airport.com\\\/pt\\\/#website\",\"url\":\"https:\\\/\\\/istanbul-ist-international-airport.com\\\/pt\\\/\",\"name\":\"Istanbul International Airport (IST) - Turkey&#039;s new airport\",\"description\":\"Navigating Istanbul International Airport: A Traveler\u2019s Guide.\",\"potentialAction\":[{\"@type\":\"SearchAction\",\"target\":{\"@type\":\"EntryPoint\",\"urlTemplate\":\"https:\\\/\\\/istanbul-ist-international-airport.com\\\/pt\\\/?s={search_term_string}\"},\"query-input\":{\"@type\":\"PropertyValueSpecification\",\"valueRequired\":true,\"valueName\":\"search_term_string\"}}],\"inLanguage\":\"pt-PT\"}]}<\/script>\n<!-- \/ Yoast SEO plugin. -->","yoast_head_json":{"title":"\u00c1rea para fumadores do Aeroporto Internacional de Istambul - Aeroporto Internacional de Istambul (IST) - O novo aeroporto da Turquia","robots":{"index":"index","follow":"follow","max-snippet":"max-snippet:-1","max-image-preview":"max-image-preview:large","max-video-preview":"max-video-preview:-1"},"canonical":"https:\/\/istanbul-ist-international-airport.com\/pt\/ist-smoking-area\/","og_locale":"pt_PT","og_type":"article","og_title":"Istanbul International Airport smoking area - Istanbul International Airport (IST) - Turkey&#039;s new airport","og_description":"Smoking comfort in the airport: discovering comfortable spots for a smoker in IST Turkey, like Spain, North America, and Italy, is known for high levels of nicotine consumers. The tradition of smoking is strong there, and even in times when the world society fights smoking and tries to reduce tobacco consumption, Istanbul Airport remains a [&hellip;]","og_url":"https:\/\/istanbul-ist-international-airport.com\/pt\/ist-smoking-area\/","og_site_name":"Istanbul International Airport (IST) - Turkey&#039;s new airport","article_modified_time":"2025-09-13T10:45:05+00:00","og_image":[{"width":2560,"height":1393,"url":"https:\/\/istanbul-ist-international-airport.com\/wp-content\/uploads\/2025\/09\/smoking-scaled-1.jpg","type":"image\/jpeg"}],"twitter_card":"summary_large_image","twitter_misc":{"Tempo estimado de leitura":"4 minutos"},"schema":{"@context":"https:\/\/schema.org","@graph":[{"@type":"WebPage","@id":"https:\/\/istanbul-ist-international-airport.com\/pt\/ist-smoking-area\/","url":"https:\/\/istanbul-ist-international-airport.com\/pt\/ist-smoking-area\/","name":"\u00c1rea para fumadores do Aeroporto Internacional de Istambul - Aeroporto Internacional de Istambul (IST) - O novo aeroporto da Turquia","isPartOf":{"@id":"https:\/\/istanbul-ist-international-airport.com\/pt\/#website"},"primaryImageOfPage":{"@id":"https:\/\/istanbul-ist-international-airport.com\/pt\/ist-smoking-area\/#primaryimage"},"image":{"@id":"https:\/\/istanbul-ist-international-airport.com\/pt\/ist-smoking-area\/#primaryimage"},"thumbnailUrl":"https:\/\/istanbul-ist-international-airport.com\/wp-content\/uploads\/2025\/09\/smoking-scaled-1.jpg","datePublished":"2025-09-10T14:19:56+00:00","dateModified":"2025-09-13T10:45:05+00:00","breadcrumb":{"@id":"https:\/\/istanbul-ist-international-airport.com\/pt\/ist-smoking-area\/#breadcrumb"},"inLanguage":"pt-PT","potentialAction":[{"@type":"ReadAction","target":["https:\/\/istanbul-ist-international-airport.com\/pt\/ist-smoking-area\/"]}]},{"@type":"ImageObject","inLanguage":"pt-PT","@id":"https:\/\/istanbul-ist-international-airport.com\/pt\/ist-smoking-area\/#primaryimage","url":"https:\/\/istanbul-ist-international-airport.com\/wp-content\/uploads\/2025\/09\/smoking-scaled-1.jpg","contentUrl":"https:\/\/istanbul-ist-international-airport.com\/wp-content\/uploads\/2025\/09\/smoking-scaled-1.jpg","width":2560,"height":1393},{"@type":"BreadcrumbList","@id":"https:\/\/istanbul-ist-international-airport.com\/pt\/ist-smoking-area\/#breadcrumb","itemListElement":[{"@type":"ListItem","position":1,"name":"Home","item":"https:\/\/istanbul-ist-international-airport.com\/"},{"@type":"ListItem","position":2,"name":"Istanbul International Airport smoking area"}]},{"@type":"WebSite","@id":"https:\/\/istanbul-ist-international-airport.com\/pt\/#website","url":"https:\/\/istanbul-ist-international-airport.com\/pt\/","name":"Istanbul International Airport (IST) - Turkey&#039;s new airport","description":"Navigating Istanbul International Airport: A Traveler\u2019s Guide.","potentialAction":[{"@type":"SearchAction","target":{"@type":"EntryPoint","urlTemplate":"https:\/\/istanbul-ist-international-airport.com\/pt\/?s={search_term_string}"},"query-input":{"@type":"PropertyValueSpecification","valueRequired":true,"valueName":"search_term_string"}}],"inLanguage":"pt-PT"}]}},"_links":{"self":[{"href":"https:\/\/istanbul-ist-international-airport.com\/pt\/wp-json\/wp\/v2\/pages\/3437","targetHints":{"allow":["GET"]}}],"collection":[{"href":"https:\/\/istanbul-ist-international-airport.com\/pt\/wp-json\/wp\/v2\/pages"}],"about":[{"href":"https:\/\/istanbul-ist-international-airport.com\/pt\/wp-json\/wp\/v2\/types\/page"}],"author":[{"embeddable":true,"href":"https:\/\/istanbul-ist-international-airport.com\/pt\/wp-json\/wp\/v2\/users\/1"}],"replies":[{"embeddable":true,"href":"https:\/\/istanbul-ist-international-airport.com\/pt\/wp-json\/wp\/v2\/comments?post=3437"}],"version-history":[{"count":2,"href":"https:\/\/istanbul-ist-international-airport.com\/pt\/wp-json\/wp\/v2\/pages\/3437\/revisions"}],"predecessor-version":[{"id":3713,"href":"https:\/\/istanbul-ist-international-airport.com\/pt\/wp-json\/wp\/v2\/pages\/3437\/revisions\/3713"}],"wp:featuredmedia":[{"embeddable":true,"href":"https:\/\/istanbul-ist-international-airport.com\/pt\/wp-json\/wp\/v2\/media\/3711"}],"wp:attachment":[{"href":"https:\/\/istanbul-ist-international-airport.com\/pt\/wp-json\/wp\/v2\/media?parent=3437"}],"curies":[{"name":"wp","href":"https:\/\/api.w.org\/{rel}","templated":true}]}}