{"id":3439,"date":"2025-09-10T17:20:06","date_gmt":"2025-09-10T14:20:06","guid":{"rendered":"http:\/\/147.182.243.37\/?page_id=3439"},"modified":"2025-09-13T13:48:25","modified_gmt":"2025-09-13T10:48:25","slug":"istanbul-airport-transportation","status":"publish","type":"page","link":"https:\/\/istanbul-ist-international-airport.com\/pt\/istanbul-airport-transportation\/","title":{"rendered":"Istanbul Airport Transportation"},"content":{"rendered":"<h2 itemprop=\"alternateName\" class=\"wp-block-heading\"><strong>T\u00e1xis<\/strong><\/h2>\n\n\n\n<p>Assim que voc\u00ea chegar a&nbsp;<a href=\"https:\/\/istanbul-ist-international-airport.com\/\">Novo Aeroporto Internacional de Istambul<\/a>, voc\u00ea tem v\u00e1rias op\u00e7\u00f5es para chegar ao seu destino desejado. Uma escolha conveniente \u00e9 usufruir dos servi\u00e7os de t\u00e1xi dispon\u00edveis no aeroporto. Os t\u00e1xis em Istambul s\u00e3o classificados em tr\u00eas categorias com base no seu n\u00edvel de conforto e acessibilidade. Os t\u00e1xis laranja pertencem \u00e0 classe econ\u00f4mica, oferecendo as tarifas mais acess\u00edveis. Se voc\u00ea prefere uma viagem mais confort\u00e1vel, pode optar pelos t\u00e1xis azuis, que s\u00e3o ligeiramente mais caros, mas proporcionam uma melhor experi\u00eancia. E para aqueles que priorizam luxo e conforto, os t\u00e1xis pretos oferecem a viagem mais luxuosa, embora a um custo mais elevado. Em m\u00e9dia, uma viagem de t\u00e1xi de 40 minutos custar\u00e1 cerca de \u20ac17 (U$16,90, ou 310 \u20ba), mas observe que os pre\u00e7os e o tempo de viagem podem variar dependendo das condi\u00e7\u00f5es de tr\u00e2nsito.<\/p>\n\n\n\n<h2 itemprop=\"alternateName\" class=\"wp-block-heading\"><strong>Autocarro<\/strong><\/h2>\n\n\n\n<p>Alternativamente, voc\u00ea tamb\u00e9m pode optar por pegar um \u00f4nibus do Aeroporto de Istambul para o centro da cidade. Os \u00f4nibus Hawaist e IETT operam em intervalos frequentes e est\u00e3o dispon\u00edveis 24 horas por dia, garantindo comodidade para os viajantes. As tarifas de \u00f4nibus variam entre 15,33 e 85 liras turcas (equivalente a 0,84-4,66 euros ou 0,80-4,60 $), dependendo da rota escolhida.<\/p>\n\n\n\n<h2 itemprop=\"alternateName\" class=\"wp-block-heading\"><strong>Metro<\/strong><\/h2>\n\n\n\n<p>Para uma op\u00e7\u00e3o mais r\u00e1pida e econ\u00f3mica, a nova linha de metro M11 \u201cHayrettepe \u2013 Novo Aeroporto de Istambul\u201d j\u00e1 est\u00e1 operacional. Esta linha de metro liga o Aeroporto de Istambul a Kayasem em apenas 24 minutos. Embora atualmente pare em Kayasem, existem planos para estender a linha at\u00e9 Hayrettepe. Escolher o metro ir\u00e1 proporcionar-lhe uma forma conveniente, acess\u00edvel e eficiente de chegar e partir do aeroporto.<\/p>\n\n\n\n<h2 itemprop=\"alternateName\" class=\"wp-block-heading\"><a href=\"https:\/\/istanbul-ist-international-airport.com\/istanbul-private-transfer\/\"><strong>Transfer Privado do Aeroporto<\/strong><\/a><\/h2>\n\n\n\n<p>Se preferir servi\u00e7os de transporte personalizados, empresas de transfer privado est\u00e3o dispon\u00edveis no Aeroporto de Istambul. Estes servi\u00e7os oferecem motoristas particulares que o ajudar\u00e3o de bom grado com a sua bagagem e garantir\u00e3o uma viagem r\u00e1pida e confort\u00e1vel at\u00e9 ao seu alojamento em Istambul. Esta op\u00e7\u00e3o \u00e9 particularmente adequada para quem procura uma experi\u00eancia de viagem dedicada e sem complica\u00e7\u00f5es.<\/p>\n\n\n\n<h2 itemprop=\"alternateName\" class=\"wp-block-heading\"><a href=\"https:\/\/istanbul-ist-international-airport.com\/rent-a-car\/\"><strong>Aluguer de carros<\/strong><\/a><\/h2>\n\n\n\n<p>Alternativamente, para ter a m\u00e1xima liberdade e flexibilidade para explorar Istambul nos seus termos, existem in\u00fameras empresas de aluguer de carros que operam no Aeroporto de Istambul. Estas empresas oferecem uma vasta gama de servi\u00e7os, permitindo-lhe escolher o melhor neg\u00f3cio de aluguer de carros que se adapta \u00e0s suas necessidades. Descubra as op\u00e7\u00f5es dispon\u00edveis no aeroporto e selecione o modo de transporte mais conveniente para a sua estadia em Istambul.<\/p>\n\n\n<div class=\"full-bg\">\n  <img decoding=\"async\" itemprop=\"image\" src=\"https:\/\/istanbul-ist-international-airport.com\/wp-content\/uploads\/2025\/09\/tr_line-scaled.jpg\" alt=\"image\">\n<\/div>\n\n\n<h2 itemprop=\"alternateName\" class=\"wp-block-heading\"><a href=\"https:\/\/istanbul-ist-international-airport.com\/istanbul-airport-to-istanbul-city-centre\/\"><strong>Aeroporto de Istambul \u2013 Centro da cidade de Istambul<\/strong><\/a><\/h2>\n\n\n\n<p>Existem v\u00e1rias maneiras de ir do Aeroporto de Istambul para o centro da cidade, o distrito de Sultanahmet. Se voc\u00ea estiver interessado em traslados privados e aluguel de carros, existem muitas empresas que oferecem esses servi\u00e7os no Aeroporto Atat\u00fcrk. T\u00e1xis tamb\u00e9m est\u00e3o dispon\u00edveis no aeroporto a qualquer hora do dia. Os \u00f4nibus Havaist partem para Sultanahmet a cada 30 minutos. Alternativamente, voc\u00ea pode usar a nova linha de metr\u00f4 para chegar ao centro a partir do aeroporto.<\/p>\n\n\n\n<h2 itemprop=\"alternateName\" class=\"wp-block-heading\"><a href=\"https:\/\/istanbul-ist-international-airport.com\/taksim-square-to-istanbul-airport\/\"><strong>Aeroporto de Istambul \u2013 Taksim<\/strong><\/a><\/h2>\n\n\n\n<p>A Pra\u00e7a Taksim \u00e9 o centro da Istambul moderna, atraindo moradores locais e turistas. \u00c9 um bairro pitoresco da cidade. Se a sua acomoda\u00e7\u00e3o estiver localizada aqui, como chegar l\u00e1 depois de chegar ao Aeroporto Internacional de Istambul? Felizmente, existem v\u00e1rias op\u00e7\u00f5es de transporte do Novo Aeroporto de Istambul para a Pra\u00e7a Taksim.<\/p>\n\n\n\n<h2 itemprop=\"alternateName\" class=\"wp-block-heading\"><a href=\"https:\/\/istanbul-ist-international-airport.com\/sabiha-gokcen-airport-to-istanbul\/\"><strong>Aeroporto de Istambul \u2013 Aeroporto Sabiha G\u00f6k\u00e7en<\/strong><\/a><\/h2>\n\n\n\n<p>Os viajantes podem ir do Aeroporto de Istambul ao Aeroporto Sabiha Gokcen, o antigo aeroporto da cidade, de t\u00e1xi ou \u00f4nibus. No futuro, os viajantes tamb\u00e9m ter\u00e3o a op\u00e7\u00e3o de usar um novo trem de alta velocidade que conectar\u00e1 os dois aeroportos, reduzindo o tempo de viagem e facilitando as transfer\u00eancias.<\/p>","protected":false},"excerpt":{"rendered":"<p>T\u00e1xis Ao chegar ao novo Aeroporto Internacional de Istambul, voc\u00ea tem v\u00e1rias op\u00e7\u00f5es para chegar ao seu destino desejado. Uma escolha conveniente \u00e9 usufruir dos servi\u00e7os de t\u00e1xi dispon\u00edveis no aeroporto. Os t\u00e1xis em Istambul s\u00e3o classificados em tr\u00eas categorias com base em seu n\u00edvel de conforto e pre\u00e7o acess\u00edvel. Os t\u00e1xis laranja pertencem \u00e0 classe econ\u00f4mica, [...]<\/p>","protected":false},"author":1,"featured_media":3714,"parent":0,"menu_order":0,"comment_status":"closed","ping_status":"closed","template":"home.php","meta":{"_acf_changed":false,"footnotes":""},"class_list":["post-3439","page","type-page","status-publish","has-post-thumbnail","hentry"],"acf":[],"yoast_head":"<!-- This site is optimized with the Yoast SEO plugin v27.4 - https:\/\/yoast.com\/product\/yoast-seo-wordpress\/ -->\n<title>Istanbul Airport Transportation - Istanbul International Airport (IST) - Turkey&#039;s new airport<\/title>\n<meta name=\"robots\" content=\"index, follow, max-snippet:-1, max-image-preview:large, max-video-preview:-1\" \/>\n<link rel=\"canonical\" href=\"https:\/\/istanbul-ist-international-airport.com\/pt\/istanbul-airport-transportation\/\" \/>\n<meta property=\"og:locale\" content=\"pt_PT\" \/>\n<meta property=\"og:type\" content=\"article\" \/>\n<meta property=\"og:title\" content=\"Istanbul Airport Transportation - Istanbul International Airport (IST) - Turkey&#039;s new airport\" \/>\n<meta property=\"og:description\" content=\"Taxis Once you arrive at&nbsp;Istanbul new International Airport, you have various options to reach your desired destination. One convenient choice is to avail of the taxi services available at the airport. Taxis in Istanbul are classified into three categories based on their level of comfort and affordability. The orange taxis belong to the economy class, [&hellip;]\" \/>\n<meta property=\"og:url\" content=\"https:\/\/istanbul-ist-international-airport.com\/pt\/istanbul-airport-transportation\/\" \/>\n<meta property=\"og:site_name\" content=\"Istanbul International Airport (IST) - Turkey&#039;s new airport\" \/>\n<meta property=\"article:modified_time\" content=\"2025-09-13T10:48:25+00:00\" \/>\n<meta property=\"og:image\" content=\"https:\/\/istanbul-ist-international-airport.com\/wp-content\/uploads\/2025\/09\/tr.jpg\" \/>\n\t<meta property=\"og:image:width\" content=\"2160\" \/>\n\t<meta property=\"og:image:height\" content=\"825\" \/>\n\t<meta property=\"og:image:type\" content=\"image\/jpeg\" \/>\n<meta name=\"twitter:card\" content=\"summary_large_image\" \/>\n<meta name=\"twitter:label1\" content=\"Tempo estimado de leitura\" \/>\n\t<meta name=\"twitter:data1\" content=\"3 minutos\" \/>\n<script type=\"application\/ld+json\" class=\"yoast-schema-graph\">{\"@context\":\"https:\\\/\\\/schema.org\",\"@graph\":[{\"@type\":\"WebPage\",\"@id\":\"https:\\\/\\\/istanbul-ist-international-airport.com\\\/pt\\\/istanbul-airport-transportation\\\/\",\"url\":\"https:\\\/\\\/istanbul-ist-international-airport.com\\\/pt\\\/istanbul-airport-transportation\\\/\",\"name\":\"Istanbul Airport Transportation - Istanbul International Airport (IST) - Turkey&#039;s new airport\",\"isPartOf\":{\"@id\":\"https:\\\/\\\/istanbul-ist-international-airport.com\\\/pt\\\/#website\"},\"primaryImageOfPage\":{\"@id\":\"https:\\\/\\\/istanbul-ist-international-airport.com\\\/pt\\\/istanbul-airport-transportation\\\/#primaryimage\"},\"image\":{\"@id\":\"https:\\\/\\\/istanbul-ist-international-airport.com\\\/pt\\\/istanbul-airport-transportation\\\/#primaryimage\"},\"thumbnailUrl\":\"https:\\\/\\\/istanbul-ist-international-airport.com\\\/wp-content\\\/uploads\\\/2025\\\/09\\\/tr.jpg\",\"datePublished\":\"2025-09-10T14:20:06+00:00\",\"dateModified\":\"2025-09-13T10:48:25+00:00\",\"breadcrumb\":{\"@id\":\"https:\\\/\\\/istanbul-ist-international-airport.com\\\/pt\\\/istanbul-airport-transportation\\\/#breadcrumb\"},\"inLanguage\":\"pt-PT\",\"potentialAction\":[{\"@type\":\"ReadAction\",\"target\":[\"https:\\\/\\\/istanbul-ist-international-airport.com\\\/pt\\\/istanbul-airport-transportation\\\/\"]}]},{\"@type\":\"ImageObject\",\"inLanguage\":\"pt-PT\",\"@id\":\"https:\\\/\\\/istanbul-ist-international-airport.com\\\/pt\\\/istanbul-airport-transportation\\\/#primaryimage\",\"url\":\"https:\\\/\\\/istanbul-ist-international-airport.com\\\/wp-content\\\/uploads\\\/2025\\\/09\\\/tr.jpg\",\"contentUrl\":\"https:\\\/\\\/istanbul-ist-international-airport.com\\\/wp-content\\\/uploads\\\/2025\\\/09\\\/tr.jpg\",\"width\":2160,\"height\":825},{\"@type\":\"BreadcrumbList\",\"@id\":\"https:\\\/\\\/istanbul-ist-international-airport.com\\\/pt\\\/istanbul-airport-transportation\\\/#breadcrumb\",\"itemListElement\":[{\"@type\":\"ListItem\",\"position\":1,\"name\":\"Home\",\"item\":\"https:\\\/\\\/istanbul-ist-international-airport.com\\\/\"},{\"@type\":\"ListItem\",\"position\":2,\"name\":\"Istanbul Airport Transportation\"}]},{\"@type\":\"WebSite\",\"@id\":\"https:\\\/\\\/istanbul-ist-international-airport.com\\\/pt\\\/#website\",\"url\":\"https:\\\/\\\/istanbul-ist-international-airport.com\\\/pt\\\/\",\"name\":\"Istanbul International Airport (IST) - Turkey&#039;s new airport\",\"description\":\"Navigating Istanbul International Airport: A Traveler\u2019s Guide.\",\"potentialAction\":[{\"@type\":\"SearchAction\",\"target\":{\"@type\":\"EntryPoint\",\"urlTemplate\":\"https:\\\/\\\/istanbul-ist-international-airport.com\\\/pt\\\/?s={search_term_string}\"},\"query-input\":{\"@type\":\"PropertyValueSpecification\",\"valueRequired\":true,\"valueName\":\"search_term_string\"}}],\"inLanguage\":\"pt-PT\"}]}<\/script>\n<!-- \/ Yoast SEO plugin. -->","yoast_head_json":{"title":"Transporte do Aeroporto de Istambul - Aeroporto Internacional de Istambul (IST) - Novo aeroporto da Turquia","robots":{"index":"index","follow":"follow","max-snippet":"max-snippet:-1","max-image-preview":"max-image-preview:large","max-video-preview":"max-video-preview:-1"},"canonical":"https:\/\/istanbul-ist-international-airport.com\/pt\/istanbul-airport-transportation\/","og_locale":"pt_PT","og_type":"article","og_title":"Istanbul Airport Transportation - Istanbul International Airport (IST) - Turkey&#039;s new airport","og_description":"Taxis Once you arrive at&nbsp;Istanbul new International Airport, you have various options to reach your desired destination. One convenient choice is to avail of the taxi services available at the airport. Taxis in Istanbul are classified into three categories based on their level of comfort and affordability. The orange taxis belong to the economy class, [&hellip;]","og_url":"https:\/\/istanbul-ist-international-airport.com\/pt\/istanbul-airport-transportation\/","og_site_name":"Istanbul International Airport (IST) - Turkey&#039;s new airport","article_modified_time":"2025-09-13T10:48:25+00:00","og_image":[{"width":2160,"height":825,"url":"https:\/\/istanbul-ist-international-airport.com\/wp-content\/uploads\/2025\/09\/tr.jpg","type":"image\/jpeg"}],"twitter_card":"summary_large_image","twitter_misc":{"Tempo estimado de leitura":"3 minutos"},"schema":{"@context":"https:\/\/schema.org","@graph":[{"@type":"WebPage","@id":"https:\/\/istanbul-ist-international-airport.com\/pt\/istanbul-airport-transportation\/","url":"https:\/\/istanbul-ist-international-airport.com\/pt\/istanbul-airport-transportation\/","name":"Transporte do Aeroporto de Istambul - Aeroporto Internacional de Istambul (IST) - Novo aeroporto da Turquia","isPartOf":{"@id":"https:\/\/istanbul-ist-international-airport.com\/pt\/#website"},"primaryImageOfPage":{"@id":"https:\/\/istanbul-ist-international-airport.com\/pt\/istanbul-airport-transportation\/#primaryimage"},"image":{"@id":"https:\/\/istanbul-ist-international-airport.com\/pt\/istanbul-airport-transportation\/#primaryimage"},"thumbnailUrl":"https:\/\/istanbul-ist-international-airport.com\/wp-content\/uploads\/2025\/09\/tr.jpg","datePublished":"2025-09-10T14:20:06+00:00","dateModified":"2025-09-13T10:48:25+00:00","breadcrumb":{"@id":"https:\/\/istanbul-ist-international-airport.com\/pt\/istanbul-airport-transportation\/#breadcrumb"},"inLanguage":"pt-PT","potentialAction":[{"@type":"ReadAction","target":["https:\/\/istanbul-ist-international-airport.com\/pt\/istanbul-airport-transportation\/"]}]},{"@type":"ImageObject","inLanguage":"pt-PT","@id":"https:\/\/istanbul-ist-international-airport.com\/pt\/istanbul-airport-transportation\/#primaryimage","url":"https:\/\/istanbul-ist-international-airport.com\/wp-content\/uploads\/2025\/09\/tr.jpg","contentUrl":"https:\/\/istanbul-ist-international-airport.com\/wp-content\/uploads\/2025\/09\/tr.jpg","width":2160,"height":825},{"@type":"BreadcrumbList","@id":"https:\/\/istanbul-ist-international-airport.com\/pt\/istanbul-airport-transportation\/#breadcrumb","itemListElement":[{"@type":"ListItem","position":1,"name":"Home","item":"https:\/\/istanbul-ist-international-airport.com\/"},{"@type":"ListItem","position":2,"name":"Istanbul Airport Transportation"}]},{"@type":"WebSite","@id":"https:\/\/istanbul-ist-international-airport.com\/pt\/#website","url":"https:\/\/istanbul-ist-international-airport.com\/pt\/","name":"Istanbul International Airport (IST) - Turkey&#039;s new airport","description":"Navigating Istanbul International Airport: A Traveler\u2019s Guide.","potentialAction":[{"@type":"SearchAction","target":{"@type":"EntryPoint","urlTemplate":"https:\/\/istanbul-ist-international-airport.com\/pt\/?s={search_term_string}"},"query-input":{"@type":"PropertyValueSpecification","valueRequired":true,"valueName":"search_term_string"}}],"inLanguage":"pt-PT"}]}},"_links":{"self":[{"href":"https:\/\/istanbul-ist-international-airport.com\/pt\/wp-json\/wp\/v2\/pages\/3439","targetHints":{"allow":["GET"]}}],"collection":[{"href":"https:\/\/istanbul-ist-international-airport.com\/pt\/wp-json\/wp\/v2\/pages"}],"about":[{"href":"https:\/\/istanbul-ist-international-airport.com\/pt\/wp-json\/wp\/v2\/types\/page"}],"author":[{"embeddable":true,"href":"https:\/\/istanbul-ist-international-airport.com\/pt\/wp-json\/wp\/v2\/users\/1"}],"replies":[{"embeddable":true,"href":"https:\/\/istanbul-ist-international-airport.com\/pt\/wp-json\/wp\/v2\/comments?post=3439"}],"version-history":[{"count":2,"href":"https:\/\/istanbul-ist-international-airport.com\/pt\/wp-json\/wp\/v2\/pages\/3439\/revisions"}],"predecessor-version":[{"id":3718,"href":"https:\/\/istanbul-ist-international-airport.com\/pt\/wp-json\/wp\/v2\/pages\/3439\/revisions\/3718"}],"wp:featuredmedia":[{"embeddable":true,"href":"https:\/\/istanbul-ist-international-airport.com\/pt\/wp-json\/wp\/v2\/media\/3714"}],"wp:attachment":[{"href":"https:\/\/istanbul-ist-international-airport.com\/pt\/wp-json\/wp\/v2\/media?parent=3439"}],"curies":[{"name":"wp","href":"https:\/\/api.w.org\/{rel}","templated":true}]}}