{"id":3441,"date":"2025-09-10T17:20:16","date_gmt":"2025-09-10T14:20:16","guid":{"rendered":"http:\/\/147.182.243.37\/?page_id=3441"},"modified":"2025-09-13T13:55:21","modified_gmt":"2025-09-13T10:55:21","slug":"istanbul-airport-to-istanbul-city-centre","status":"publish","type":"page","link":"https:\/\/istanbul-ist-international-airport.com\/pt\/istanbul-airport-to-istanbul-city-centre\/","title":{"rendered":"Aeroporto Internacional de Istambul para o centro da cidade (Sultanahmet)"},"content":{"rendered":"<h2 itemprop=\"alternateName\" class=\"wp-block-heading\"><strong>How to get from the Istanbul new airport to the city center<\/strong><\/h2>\n\n\n\n<p>A luxurious part of Istanbul, the fabulous Sultanahmet, is what is called a true city center, its heart and its vibrant soul. That\u2019s the place where old and modern cultures meet each other, with its deluxe restaurants, exclusive hotels, and unforgettable sites like Hagia Sophia, the Blue Mosque, Basilica Cistern, Topkapi Palace and namely Sultanahmet Square. All of them are worth your attention and you will miss them all right after your departure from the airport.<br>Yet, getting there from the airport is not as easy as you can consider at a glance. The new airport was built in the opposite part of the city of Istanbul so as not to bother residents and reduce traffic jams.<br>So, if you want to explore the magic of ancient Istanbul after your arrival at IST airport, you\u2019d have to plan your further transportation to the center so as not to ride in hassle and spend top money on your transfer. Therefore, our blog guide to the most comfortable rides from the airport to the city center can come in handy. We\u2019ll consider in this guide the best transfer options for the airport\u2019s guests depending on their budget and requirements.<\/p>\n\n\n\n<h3 itemprop=\"alternateName\" class=\"wp-block-heading\"><strong>What is the distance from Istanbul Airport to the city center<\/strong><\/h3>\n\n\n\n<p>On average, the distance from the airport to Sultanahmet Square is something like 50 km while the same distance from another airport, Sabiha Gokcen, is only 3 km shorter. By the way, don\u2019t you know that&nbsp;<a href=\"https:\/\/istanbul-ist-international-airport.com\/\">Ataturk Airport<\/a>&nbsp;which was HAVIST airport\u2019s predecessor, was only 48 km from the city center?<br>To make it simpler to comprehend the routes from the new airport to the central districts of Istanbul, let\u2019s compare prices and timings provided by various options.<\/p>\n\n\n\n<figure class=\"wp-block-table\"><table class=\"has-fixed-layout\"><thead><tr><th>Item<\/th><th>Arrival<\/th><th>Departure<\/th><\/tr><\/thead><tbody><tr><td>Cigarette<\/td><td>3 packs\/600 pieces<br><\/td><td>9 packs\/1800 pieces<br><\/td><\/tr><tr><td>Cigar<\/td><td>50 piece<br><\/td><td>150 pieces<br><\/td><\/tr><tr><td>Rolling tobacco\/pipe tobacco<br><\/td><td>250 g<br><\/td><td>750 g<br><\/td><\/tr><tr><td>Hard liquors (>22% of alcohol)<br><\/td><td>1 liter<br><\/td><td>3 liters<br><\/td><\/tr><tr><td>Liquor beverage ( &lt; 22% of alcohol)<br><\/td><td>2 litros<br><\/td><td>6 litros<br><\/td><\/tr><tr><td>Perfumaria<br><\/td><td>600 ml<br><\/td><td>1800 ml<br><\/td><\/tr><tr><td>Cosm\u00e9ticos<\/td><td>5 pe\u00e7as<br><\/td><td>15 pe\u00e7as<br><\/td><\/tr><tr><td>Ch\u00e1 ou caf\u00e9<br><\/td><td>1 quilograma<br><\/td><td>3 kg<br><\/td><\/tr><tr><td>Doces ou chocolates<br><\/td><td>2 quilogramas<br><\/td><td>6 quilogramas<br><\/td><\/tr><\/tbody><\/table><\/figure>\n\n\n\n<p>Shuttle transfer depends on the conditions of its provider. Please, get into detail about reservations, costs, schedules of the shuttles provided by hotels, airlines, or HAVAIST itself.<br>The exact cost of car rent varies depending on the car\u2019s class and the time you rent it for.<\/p>\n\n\n\n<h2 itemprop=\"alternateName\" class=\"wp-block-heading\"><strong>Istanbul airport rental car center to get to city center<\/strong><\/h2>\n\n\n\n<p>The most convenient and easy type of transfer available for IST airport visitors are car rentals. These services are available throughout domestic and international terminal of the airport provided by different companies, likewise local Turkish and international services. They provide diverse pricing based on the company\u2019s policy, the car class, and the time you rent it. For example, average rates for car rental in Turkey are the following:<\/p>\n\n\n\n<ul class=\"wp-block-list\">\n<li>Economy vehicle starts from 930 TL per day;<\/li>\n\n\n\n<li>Mini is from 4,245 TL;<\/li>\n\n\n\n<li>Premium is over 6,355 TL;<\/li>\n\n\n\n<li>Luxury cars are offered for 13,218 TL for one day.<\/li>\n<\/ul>\n\n\n\n<p>You have to show your valid driver\u2019s license when you opt for car rental and sign a contract for so many days as you need.<\/p>\n\n\n\n<h2 itemprop=\"alternateName\" class=\"wp-block-heading\"><strong>Taxi from Istanbul Airport to the city center<\/strong><\/h2>\n\n\n\n<p>Taxis are among the most alternatively diverse transport methods from IST airport to Sultanahmet. Different services work in this field to service people whose flights arrive to HAVAIST. Thus, you can take a taxi right at the airport or in nearby locations. All of them gladly drive you to the center of the city from Beykoz to Gayrettepe.<\/p>\n\n\n\n<h3 itemprop=\"alternateName\" class=\"wp-block-heading\"><strong>Cost of the taxi from Istanbul Airport to Sultanahmet<\/strong><\/h3>\n\n\n\n<p>The taxi\u2019s costs when you need to come from the new airport somewhere to Sultanahmet, Aksaray, or Taksim Square are different depending on the type of a taxi that operates. Orange taxis are the cheapest while premium black vehicles of the finest quality are costly.<br>As usual, a driver you hire riding a taxi takes from 350 Turkish lira for a ride. Yet, the price can be higher in high traffic hours or bad weather conditions, likewise in tourist season from March to January. Besides, it is recommended to get a taxi booking beforehand, using online services to book a car with your debit or credit cards and under your email or even having its business pages on Facebook, especially if your arrivals to the airport are at midnight or late at night when taxis are not available.<br>Note that taxis in Istanbul don\u2019t require tips yet they get extra fees for Marmaroy rides and bridge crossings.<\/p>\n\n\n\n<h2 itemprop=\"alternateName\" class=\"wp-block-heading\"><strong>Bus transfer from Istanbul Airport to the city center<\/strong><\/h2>\n\n\n\n<p>Buses are among the cheapest and at once diverse transport methods that connect the airport with the city center. A person arriving at the new airport has an excellent opportunity to enter one of the city buses and special buses as well.<\/p>\n\n\n\n<ul class=\"wp-block-list\">\n<li>Airport\u2019s HAVAIST shuttle buses operate daily with set timetables according to special route that may run from the airport and end at the most spectacular traveling site like Taksim or Sultanahmet. You can find the station of HAVAIST airport\u2019s shuttle buses on the second floor of the airport\u2019s arrivals hall, where 11 unique buses start their way to their destination and you can travel via them. Thus, on HVIST-12, you may get to Aksaray-Beyazit Square which is close to Sultanahmet and HVIST-16 goes to Taksim Square with only a few stops, and HVIST-14 also comes to the city center.<\/li>\n\n\n\n<li>Public IETT buses also run from the airport to the city center and Taksim. You can travel by them as additional transport as they are not quick and comfortable, and they do not go directly to Sultanahmet. Yet, if your accommodation is on the Asian side, like in Kadikoy, you can travel by them or get on these public buses to Halkali Marmalay H-9 or Mecidiyekoy H-2 Metrobus station to change your public transport from the airport there after your flight.<\/li>\n\n\n\n<li>Private shuttle is a great alternative to bus transfer from the airport due to higher privacy. They are offered at the airport by different operators with diverse pricing ranges.<\/li>\n<\/ul>\n\n\n\n<h3 itemprop=\"alternateName\" class=\"wp-block-heading\">How much is a bus ticket from the new Istanbul Airport to the city center?<\/h3>\n\n\n\n<p>The best idea to get your bus ticket from the airport is to buy it at the airport. Yet, you can do this in advance too by using the site of a chosen bus company or by scanning a QR code at the airport\u2019s bus stop. The prices for a bus you want to get in are also presented on each web page, so better check them in advance.<\/p>\n\n\n\n<ul class=\"wp-block-list\">\n<li>For HAVAIST buses, please, visit such link.<\/li>\n\n\n\n<li>For IETT bus options, you can search on this website.<\/li>\n<\/ul>\n\n\n\n<p>Just keep in mind that buses along with the Istanbul metro are the lowest in price methods to travel from the airport compared to others. Yet, their ride is not counted in minutes, and you need to reserve more time to use them and reach closer to your destinations via buses.<\/p>\n\n\n\n<h2 itemprop=\"alternateName\" class=\"wp-block-heading\"><strong>Metro do Aeroporto de Istambul para o centro da cidade: qual linha de metro l\u00e1 vai<\/strong><\/h2>\n\n\n\n<p>Sendo uma verdadeira rede que abrange toda a cidade, o metro de Istambul \u00e9 conhecido como o meio de transfer\u00eancia mais r\u00e1pido e mais barato para viajar do aeroporto para qualquer distrito ou \u00e1rea.<br>Sabias que uma fabulosa linha de metro M11, concebida para ligar o aeroporto de Istambul \u00e0 cidade, foi inaugurada h\u00e1 apenas um ano? O seu anivers\u00e1rio \u00e9 a 23 de janeiro de 2023 e \u00e9 composta por 16 esta\u00e7\u00f5es.<br>Uma linha de metro dedicada especial para o aeroporto, a M11, \u00e9 a mais r\u00e1pida de Istambul e os seus comboios circulam para as esta\u00e7\u00f5es de metro a cada 8 minutos. A linha de metro M11 liga o aeroporto a Gayerettepe, e pode chegar do aeroporto ao fim do percurso (a \u00faltima esta\u00e7\u00e3o) em 30 minutos sem qualquer espera, com uma futura mudan\u00e7a do seu percurso para a linha M-2 em Vezneciler, que se liga \u00e0 M11. Al\u00e9m disso, pode mudar da linha para o comboio T-11 que circula em Karakoy para ir at\u00e9 Sultanahmet para facilitar as coisas.<br>Para chegar \u00e0 esta\u00e7\u00e3o de metro no aeroporto, procure a sinaliza\u00e7\u00e3o nas portas do terminal de chegadas. Nomeadamente, as portas 9 e 13 t\u00eam essa sinaliza\u00e7\u00e3o e pode seguir pelo passadi\u00e7o.<\/p>\n\n\n\n<h3 itemprop=\"alternateName\" class=\"wp-block-heading\"><strong>Quanto custa um bilhete de metro do IST para o centro da cidade?<\/strong><\/h3>\n\n\n\n<p>Existe um cart\u00e3o Istanbulkart contactless pr\u00e9-pago especial, um cart\u00e3o de pagamento que pode usar para as suas viagens em v\u00e1rios transportes p\u00fablicos em Istambul (incluindo Metrobus, el\u00e9tricos e at\u00e9 ferry). Al\u00e9m disso, um \u00fanico Istanbulkart pode ser usado por 5 pessoas em simult\u00e2neo.<br>Pode comprar o seu Istanbulkart em m\u00e1quinas de venda autom\u00e1tica especiais na esta\u00e7\u00e3o de metro, utilizando dinheiro ou cart\u00f5es banc\u00e1rios de cr\u00e9dito\/d\u00e9bito.<br>Uma dica: Tente obter moeda local, liras turcas, em dinheiro para pagar os transfers. Use apenas os balc\u00f5es de c\u00e2mbio do aeroporto para obter moeda suficiente para a sua viagem.<br>Quanto pagar pelo seu Istanbulkart? Uma vez adquirido, pode carreg\u00e1-lo com qualquer quantia de dinheiro em todas as paragens. Atualmente, uma viagem s\u00f3 de ida do aeroporto para a esta\u00e7\u00e3o de metro de Gayreteppe custa 22,83 liras turcas ou mais, e depende do n\u00famero de paragens. Cada paragem aumenta o pre\u00e7o total. Portanto, \u00e9 melhor carregar o seu cart\u00e3o de transporte com pelo menos o triplo desse valor para n\u00e3o ter de contar cada paragem. No entanto, depende da sua atividade e da necessidade de transporte adicional.<\/p>\n\n\n\n<h2 itemprop=\"alternateName\" class=\"wp-block-heading\"><strong>Transfer privado de luxo do aeroporto de Istambul para o centro da cidade<\/strong><\/h2>\n\n\n\n<p>Os transfers privados s\u00e3o a op\u00e7\u00e3o seguinte para ir do aeroporto para a zona central de Istambul para passageiros individuais e excurs\u00f5es de grupo que necessitem de sair do aeroporto juntos.<br>Est\u00e3o pensados para satisfazer os mais elevados requisitos de comodidade e luxo, sem paragens pelo caminho. Assim, poder\u00e1 aproveitar todas as vantagens, encontrar a melhor op\u00e7\u00e3o e reserv\u00e1-la antecipadamente no site. Os transfers privados s\u00e3o mais caros do que os transportes p\u00fablicos, no entanto, ao utiliz\u00e1-los, obt\u00e9m v\u00e1rias vantagens por um custo razo\u00e1vel, incluindo as seguintes:<\/p>\n\n\n\n<ul class=\"wp-block-list\">\n<li>Transporte r\u00e1pido e sem problemas para Sultanahmet com motoristas experientes.<\/li>\n\n\n\n<li>Pode reservar e comprar antecipadamente, indicando os detalhes do seu voo.<\/li>\n\n\n\n<li>O seu motorista oferece um servi\u00e7o de rece\u00e7\u00e3o e acompanhamento mesmo na pista de aterragem para o ajudar com a sua bagagem.<\/li>\n\n\n\n<li>Os shuttles de transporte est\u00e3o dispon\u00edveis para passageiros, sendo a principal escolha para grupos tur\u00edsticos.<\/li>\n\n\n\n<li>Os pacotes incluem \u00e1gua engarrafada, ar condicionado e Wi-Fi gratuito para os passageiros do shuttle, juntamente com outros servi\u00e7os de alto n\u00edvel.<\/li>\n<\/ul>\n\n\n\n<p>Frequentemente, um hotel na Turquia que reserve oferece este servi\u00e7o, por isso, \u00e9 altamente recomend\u00e1vel ponderar se est\u00e1 dispon\u00edvel. No entanto, se este servi\u00e7o n\u00e3o estiver inclu\u00eddo no pre\u00e7o total do seu hotel, n\u00e3o se preocupe, pois existem v\u00e1rias empresas, grandes e pequenas, que oferecem guias e ve\u00edculos privados para levar passageiros do IGA para o centro de Istambul. Al\u00e9m disso, o seu conte\u00fado pode ser encontrado no Pinterest ou no Facebook para avaliar a taxa de cada operador e evitar ofertas discretas.<\/p>","protected":false},"excerpt":{"rendered":"<p>How to get from the Istanbul new airport to the city center A luxurious part of Istanbul, the fabulous Sultanahmet, is what is called a true city center, its heart and its vibrant soul. That\u2019s the place where old and modern cultures meet each other, with its deluxe restaurants, exclusive hotels, and unforgettable sites like [&hellip;]<\/p>","protected":false},"author":1,"featured_media":3719,"parent":0,"menu_order":0,"comment_status":"closed","ping_status":"closed","template":"home.php","meta":{"_acf_changed":false,"footnotes":""},"class_list":["post-3441","page","type-page","status-publish","has-post-thumbnail","hentry"],"acf":[],"yoast_head":"<!-- This site is optimized with the Yoast SEO plugin v27.4 - https:\/\/yoast.com\/product\/yoast-seo-wordpress\/ -->\n<title>Istanbul International Airport to the city center (Sultanahmet) - Istanbul International Airport (IST) - Turkey&#039;s new airport<\/title>\n<meta name=\"robots\" content=\"index, follow, max-snippet:-1, max-image-preview:large, max-video-preview:-1\" \/>\n<link rel=\"canonical\" href=\"https:\/\/istanbul-ist-international-airport.com\/pt\/istanbul-airport-to-istanbul-city-centre\/\" \/>\n<meta property=\"og:locale\" content=\"pt_PT\" \/>\n<meta property=\"og:type\" content=\"article\" \/>\n<meta property=\"og:title\" content=\"Istanbul International Airport to the city center (Sultanahmet) - Istanbul International Airport (IST) - Turkey&#039;s new airport\" \/>\n<meta property=\"og:description\" content=\"How to get from the Istanbul new airport to the city center A luxurious part of Istanbul, the fabulous Sultanahmet, is what is called a true city center, its heart and its vibrant soul. That\u2019s the place where old and modern cultures meet each other, with its deluxe restaurants, exclusive hotels, and unforgettable sites like [&hellip;]\" \/>\n<meta property=\"og:url\" content=\"https:\/\/istanbul-ist-international-airport.com\/pt\/istanbul-airport-to-istanbul-city-centre\/\" \/>\n<meta property=\"og:site_name\" content=\"Istanbul International Airport (IST) - Turkey&#039;s new airport\" \/>\n<meta property=\"article:modified_time\" content=\"2025-09-13T10:55:21+00:00\" \/>\n<meta property=\"og:image\" content=\"https:\/\/istanbul-ist-international-airport.com\/wp-content\/uploads\/2025\/09\/city-center-scaled-1.jpg\" \/>\n\t<meta property=\"og:image:width\" content=\"2560\" \/>\n\t<meta property=\"og:image:height\" content=\"1393\" \/>\n\t<meta property=\"og:image:type\" content=\"image\/jpeg\" \/>\n<meta name=\"twitter:card\" content=\"summary_large_image\" \/>\n<meta name=\"twitter:label1\" content=\"Tempo estimado de leitura\" \/>\n\t<meta name=\"twitter:data1\" content=\"9 minutos\" \/>\n<script type=\"application\/ld+json\" class=\"yoast-schema-graph\">{\"@context\":\"https:\\\/\\\/schema.org\",\"@graph\":[{\"@type\":\"WebPage\",\"@id\":\"https:\\\/\\\/istanbul-ist-international-airport.com\\\/pt\\\/istanbul-airport-to-istanbul-city-centre\\\/\",\"url\":\"https:\\\/\\\/istanbul-ist-international-airport.com\\\/pt\\\/istanbul-airport-to-istanbul-city-centre\\\/\",\"name\":\"Istanbul International Airport to the city center (Sultanahmet) - Istanbul International Airport (IST) - Turkey&#039;s new airport\",\"isPartOf\":{\"@id\":\"https:\\\/\\\/istanbul-ist-international-airport.com\\\/pt\\\/#website\"},\"primaryImageOfPage\":{\"@id\":\"https:\\\/\\\/istanbul-ist-international-airport.com\\\/pt\\\/istanbul-airport-to-istanbul-city-centre\\\/#primaryimage\"},\"image\":{\"@id\":\"https:\\\/\\\/istanbul-ist-international-airport.com\\\/pt\\\/istanbul-airport-to-istanbul-city-centre\\\/#primaryimage\"},\"thumbnailUrl\":\"https:\\\/\\\/istanbul-ist-international-airport.com\\\/wp-content\\\/uploads\\\/2025\\\/09\\\/city-center-scaled-1.jpg\",\"datePublished\":\"2025-09-10T14:20:16+00:00\",\"dateModified\":\"2025-09-13T10:55:21+00:00\",\"breadcrumb\":{\"@id\":\"https:\\\/\\\/istanbul-ist-international-airport.com\\\/pt\\\/istanbul-airport-to-istanbul-city-centre\\\/#breadcrumb\"},\"inLanguage\":\"pt-PT\",\"potentialAction\":[{\"@type\":\"ReadAction\",\"target\":[\"https:\\\/\\\/istanbul-ist-international-airport.com\\\/pt\\\/istanbul-airport-to-istanbul-city-centre\\\/\"]}]},{\"@type\":\"ImageObject\",\"inLanguage\":\"pt-PT\",\"@id\":\"https:\\\/\\\/istanbul-ist-international-airport.com\\\/pt\\\/istanbul-airport-to-istanbul-city-centre\\\/#primaryimage\",\"url\":\"https:\\\/\\\/istanbul-ist-international-airport.com\\\/wp-content\\\/uploads\\\/2025\\\/09\\\/city-center-scaled-1.jpg\",\"contentUrl\":\"https:\\\/\\\/istanbul-ist-international-airport.com\\\/wp-content\\\/uploads\\\/2025\\\/09\\\/city-center-scaled-1.jpg\",\"width\":2560,\"height\":1393},{\"@type\":\"BreadcrumbList\",\"@id\":\"https:\\\/\\\/istanbul-ist-international-airport.com\\\/pt\\\/istanbul-airport-to-istanbul-city-centre\\\/#breadcrumb\",\"itemListElement\":[{\"@type\":\"ListItem\",\"position\":1,\"name\":\"Home\",\"item\":\"https:\\\/\\\/istanbul-ist-international-airport.com\\\/\"},{\"@type\":\"ListItem\",\"position\":2,\"name\":\"Istanbul International Airport to the city center (Sultanahmet)\"}]},{\"@type\":\"WebSite\",\"@id\":\"https:\\\/\\\/istanbul-ist-international-airport.com\\\/pt\\\/#website\",\"url\":\"https:\\\/\\\/istanbul-ist-international-airport.com\\\/pt\\\/\",\"name\":\"Istanbul International Airport (IST) - Turkey&#039;s new airport\",\"description\":\"Navigating Istanbul International Airport: A Traveler\u2019s Guide.\",\"potentialAction\":[{\"@type\":\"SearchAction\",\"target\":{\"@type\":\"EntryPoint\",\"urlTemplate\":\"https:\\\/\\\/istanbul-ist-international-airport.com\\\/pt\\\/?s={search_term_string}\"},\"query-input\":{\"@type\":\"PropertyValueSpecification\",\"valueRequired\":true,\"valueName\":\"search_term_string\"}}],\"inLanguage\":\"pt-PT\"}]}<\/script>\n<!-- \/ Yoast SEO plugin. -->","yoast_head_json":{"title":"Aeroporto Internacional de Istambul para o centro da cidade (Sultanahmet) - Aeroporto Internacional de Istambul (IST) - Novo aeroporto da Turquia","robots":{"index":"index","follow":"follow","max-snippet":"max-snippet:-1","max-image-preview":"max-image-preview:large","max-video-preview":"max-video-preview:-1"},"canonical":"https:\/\/istanbul-ist-international-airport.com\/pt\/istanbul-airport-to-istanbul-city-centre\/","og_locale":"pt_PT","og_type":"article","og_title":"Istanbul International Airport to the city center (Sultanahmet) - Istanbul International Airport (IST) - Turkey&#039;s new airport","og_description":"How to get from the Istanbul new airport to the city center A luxurious part of Istanbul, the fabulous Sultanahmet, is what is called a true city center, its heart and its vibrant soul. That\u2019s the place where old and modern cultures meet each other, with its deluxe restaurants, exclusive hotels, and unforgettable sites like [&hellip;]","og_url":"https:\/\/istanbul-ist-international-airport.com\/pt\/istanbul-airport-to-istanbul-city-centre\/","og_site_name":"Istanbul International Airport (IST) - Turkey&#039;s new airport","article_modified_time":"2025-09-13T10:55:21+00:00","og_image":[{"width":2560,"height":1393,"url":"https:\/\/istanbul-ist-international-airport.com\/wp-content\/uploads\/2025\/09\/city-center-scaled-1.jpg","type":"image\/jpeg"}],"twitter_card":"summary_large_image","twitter_misc":{"Tempo estimado de leitura":"9 minutos"},"schema":{"@context":"https:\/\/schema.org","@graph":[{"@type":"WebPage","@id":"https:\/\/istanbul-ist-international-airport.com\/pt\/istanbul-airport-to-istanbul-city-centre\/","url":"https:\/\/istanbul-ist-international-airport.com\/pt\/istanbul-airport-to-istanbul-city-centre\/","name":"Aeroporto Internacional de Istambul para o centro da cidade (Sultanahmet) - Aeroporto Internacional de Istambul (IST) - Novo aeroporto da Turquia","isPartOf":{"@id":"https:\/\/istanbul-ist-international-airport.com\/pt\/#website"},"primaryImageOfPage":{"@id":"https:\/\/istanbul-ist-international-airport.com\/pt\/istanbul-airport-to-istanbul-city-centre\/#primaryimage"},"image":{"@id":"https:\/\/istanbul-ist-international-airport.com\/pt\/istanbul-airport-to-istanbul-city-centre\/#primaryimage"},"thumbnailUrl":"https:\/\/istanbul-ist-international-airport.com\/wp-content\/uploads\/2025\/09\/city-center-scaled-1.jpg","datePublished":"2025-09-10T14:20:16+00:00","dateModified":"2025-09-13T10:55:21+00:00","breadcrumb":{"@id":"https:\/\/istanbul-ist-international-airport.com\/pt\/istanbul-airport-to-istanbul-city-centre\/#breadcrumb"},"inLanguage":"pt-PT","potentialAction":[{"@type":"ReadAction","target":["https:\/\/istanbul-ist-international-airport.com\/pt\/istanbul-airport-to-istanbul-city-centre\/"]}]},{"@type":"ImageObject","inLanguage":"pt-PT","@id":"https:\/\/istanbul-ist-international-airport.com\/pt\/istanbul-airport-to-istanbul-city-centre\/#primaryimage","url":"https:\/\/istanbul-ist-international-airport.com\/wp-content\/uploads\/2025\/09\/city-center-scaled-1.jpg","contentUrl":"https:\/\/istanbul-ist-international-airport.com\/wp-content\/uploads\/2025\/09\/city-center-scaled-1.jpg","width":2560,"height":1393},{"@type":"BreadcrumbList","@id":"https:\/\/istanbul-ist-international-airport.com\/pt\/istanbul-airport-to-istanbul-city-centre\/#breadcrumb","itemListElement":[{"@type":"ListItem","position":1,"name":"Home","item":"https:\/\/istanbul-ist-international-airport.com\/"},{"@type":"ListItem","position":2,"name":"Istanbul International Airport to the city center (Sultanahmet)"}]},{"@type":"WebSite","@id":"https:\/\/istanbul-ist-international-airport.com\/pt\/#website","url":"https:\/\/istanbul-ist-international-airport.com\/pt\/","name":"Istanbul International Airport (IST) - Turkey&#039;s new airport","description":"Navigating Istanbul International Airport: A Traveler\u2019s Guide.","potentialAction":[{"@type":"SearchAction","target":{"@type":"EntryPoint","urlTemplate":"https:\/\/istanbul-ist-international-airport.com\/pt\/?s={search_term_string}"},"query-input":{"@type":"PropertyValueSpecification","valueRequired":true,"valueName":"search_term_string"}}],"inLanguage":"pt-PT"}]}},"_links":{"self":[{"href":"https:\/\/istanbul-ist-international-airport.com\/pt\/wp-json\/wp\/v2\/pages\/3441","targetHints":{"allow":["GET"]}}],"collection":[{"href":"https:\/\/istanbul-ist-international-airport.com\/pt\/wp-json\/wp\/v2\/pages"}],"about":[{"href":"https:\/\/istanbul-ist-international-airport.com\/pt\/wp-json\/wp\/v2\/types\/page"}],"author":[{"embeddable":true,"href":"https:\/\/istanbul-ist-international-airport.com\/pt\/wp-json\/wp\/v2\/users\/1"}],"replies":[{"embeddable":true,"href":"https:\/\/istanbul-ist-international-airport.com\/pt\/wp-json\/wp\/v2\/comments?post=3441"}],"version-history":[{"count":2,"href":"https:\/\/istanbul-ist-international-airport.com\/pt\/wp-json\/wp\/v2\/pages\/3441\/revisions"}],"predecessor-version":[{"id":3721,"href":"https:\/\/istanbul-ist-international-airport.com\/pt\/wp-json\/wp\/v2\/pages\/3441\/revisions\/3721"}],"wp:featuredmedia":[{"embeddable":true,"href":"https:\/\/istanbul-ist-international-airport.com\/pt\/wp-json\/wp\/v2\/media\/3719"}],"wp:attachment":[{"href":"https:\/\/istanbul-ist-international-airport.com\/pt\/wp-json\/wp\/v2\/media?parent=3441"}],"curies":[{"name":"wp","href":"https:\/\/api.w.org\/{rel}","templated":true}]}}