{"id":3453,"date":"2025-09-10T17:21:17","date_gmt":"2025-09-10T14:21:17","guid":{"rendered":"http:\/\/147.182.243.37\/?page_id=3453"},"modified":"2025-09-13T14:17:58","modified_gmt":"2025-09-13T11:17:58","slug":"istanbul-airport-shuttle","status":"publish","type":"page","link":"https:\/\/istanbul-ist-international-airport.com\/pt\/istanbul-airport-shuttle\/","title":{"rendered":"Istanbul Airport Shuttle Bus Transfer"},"content":{"rendered":"<h2 itemprop=\"alternateName\" class=\"wp-block-heading\"><strong>Shuttles e \u00f4nibus de e para o aeroporto de Istambul (IST)<\/strong><\/h2>\n\n\n\n<p>Os autocarros s\u00e3o as op\u00e7\u00f5es de transporte mais econ\u00f3micas do Aeroporto de Istambul. Gra\u00e7as ao desenvolvido sistema de transporte em Istambul, os autocarros shuttle ligam o aeroporto \u00e0 maioria das zonas da cidade, desde o centro da cidade e a popular Sultanahmet at\u00e9 \u00e0 principal esta\u00e7\u00e3o rodovi\u00e1ria interurbana, Esenler Otogar ou Sariyer. Neste guia de blogue, podemos fornecer-lhe informa\u00e7\u00f5es \u00fateis sobre as principais rotas dos autocarros shuttle do aeroporto, os seus hor\u00e1rios, menu de servi\u00e7os, localiza\u00e7\u00f5es, m\u00e9todos de pagamento utilizados e pre\u00e7os para que tenha uma experi\u00eancia perfeita ao sair do aeroporto.<\/p>\n\n\n\n<h2 itemprop=\"alternateName\" class=\"wp-block-heading\"><strong>Principais rotas do novo Aeroporto Internacional de Istambul<\/strong><\/h2>\n\n\n\n<p>Os visitantes do aeroporto que chegam por v\u00e1rias companhias a\u00e9reas podem ter m\u00faltiplos objetivos ao procurar transfer\u00eancias de autocarro do Aeroporto de Istambul. Tipicamente, as rotas mais populares do aeroporto para visitar s\u00e3o as seguintes:<\/p>\n\n\n\n<ul class=\"wp-block-list\">\n<li>Aeroporto Sabiha Gokcen para pegar um voo de conex\u00e3o para outras cidades da Turquia ou voos de companhias a\u00e9reas de baixo custo.<\/li>\n\n\n\n<li>Sultanahmet, onde se localiza a Mesquita Azul e a maioria dos locais da Istambul Otomana.<\/li>\n\n\n\n<li>A Pra\u00e7a Taksim com o seu fabuloso bazar tradicional.<\/li>\n\n\n\n<li>O distrito de Kadik\u00f6y \u00e9 um dos mais convenientes para se viver.<\/li>\n\n\n\n<li>Fatih continua a ser a \u00e1rea de hot\u00e9is com vista para o mar mais pitoresca.<\/li>\n\n\n\n<li>Esenler Otogar, a maior esta\u00e7\u00e3o rodovi\u00e1ria de Istambul.<\/li>\n<\/ul>\n\n\n\n<h2 itemprop=\"alternateName\" class=\"wp-block-heading\"><strong>\u00d4nibus de transporte Havaist do Aeroporto de Istambul<\/strong><\/h2>\n\n\n\n<p>A empresa de transporte do primeiro aeroporto \u00e9 a HAVAIST, a operadora oficial de transporte dom\u00e9stico em&nbsp;<a href=\"https:\/\/istanbul-ist-international-airport.com\/\">principal aeroporto da Turquia Istambul<\/a>.<br>Voc\u00ea sabia que a HAVAIST cobre mais de 50 pontos de destino com sua rede de \u00f4nibus todos os dias?<br>Oferece e fornece servi\u00e7os de transporte p\u00fablico de alta qualidade, incluindo:<\/p>\n\n\n\n<ul class=\"wp-block-list\">\n<li>Portas USB de carregamento<\/li>\n\n\n\n<li>AC<\/li>\n\n\n\n<li>Mais de 46 assentos em cada \u00f4nibus de aeroporto<\/li>\n\n\n\n<li>Uma se\u00e7\u00e3o de bagagem espa\u00e7osa est\u00e1 dispon\u00edvel para todos os passageiros que viajam do aeroporto de \u00f4nibus.<\/li>\n<\/ul>\n\n\n\n<p>A \u00fanica raz\u00e3o para preferir t\u00e1xis ou aluguel de carros a esta op\u00e7\u00e3o \u00e9 que a HAVAIST tem intervalos programados de 30 a 40 minutos entre os \u00f4nibus, e cada \u00f4nibus tem in\u00fameras paradas, ent\u00e3o sua viagem pode demorar mais (at\u00e9 1 a 2 horas) e, se voc\u00ea tiver que chegar cedo a algum lugar, pode ser complicado devido ao tr\u00e2nsito intenso no caminho e \u00e0 menor privacidade, o que voc\u00ea pode evitar usando alternativas como um t\u00e1xi.<\/p>\n\n\n\n<h3 itemprop=\"alternateName\" class=\"wp-block-heading\"><strong>Linhas de \u00f4nibus e hor\u00e1rios da Havaist de e para o Aeroporto de Istambul<\/strong><\/h3>\n\n\n\n<p>A principal pol\u00edtica dos \u00f4nibus de transporte HAVAIST do Aeroporto de Istambul \u00e9 proporcionar a maior cobertura para o conforto dos passageiros. Assim, aqui est\u00e1 a lista de diferentes destinos de transporte procurados oferecidos por esta operadora de transporte p\u00fablico para conferir.<\/p>\n\n\n\n<figure class=\"wp-block-table\"><table class=\"has-fixed-layout\"><thead><tr><th>Linhas de \u00d4nibus (HAVAIST) do aeroporto<br><\/th><th>Ponto de destino<br><\/th><\/tr><\/thead><tbody><tr><td>HVIST-5<br><\/td><td>Esenler Otogar<br><\/td><\/tr><tr><td>HVIST-6<br><\/td><td>Halkali<\/td><\/tr><tr><td>HVIST-8<br><\/td><td>Beylikduzu<br><\/td><\/tr><tr><td>HVIST-9<br><\/td><td>Avcilar<\/td><\/tr><tr><td>HVIST-10<br><\/td><td>Bakirk\u00f6y<br><\/td><\/tr><tr><td>HVIST-12<br><\/td><td>Aksaray\/Beyazit Meydani<br><\/td><\/tr><tr><td>HVIST-13<br><\/td><td>SERRA<\/td><\/tr><tr><td>VIST-15<br><\/td><td>Besiktas<br><\/td><\/tr><tr><td>HVIST-16<br><\/td><td>Pra\u00e7a Taksim<br><\/td><\/tr><\/tbody><\/table><\/figure>\n\n\n\n<p>Os pre\u00e7os para todas as transfer\u00eancias de autocarro HAVAIST variam entre 49 e 85 TL por pessoa, com o custo dependendo da dist\u00e2ncia da rota do aeroporto. Os passageiros podem comprar bilhetes diretamente no aeroporto.<\/p>\n\n\n\n<h2 itemprop=\"alternateName\" class=\"wp-block-heading\"><strong>\u00d4nibus de transporte do Aeroporto de Istambul pela IETT<\/strong><\/h2>\n\n\n\n<p>Al\u00e9m das linhas de \u00f4nibus do aeroporto oficial, o transporte p\u00fablico fornecido pela empresa IETT tamb\u00e9m opera em IST. Como s\u00e3o linhas de \u00f4nibus municipais, seu conforto \u00e9 bastante modesto. No entanto, o pre\u00e7o compensa o conforto.<br>Com os \u00f4nibus da IETT, voc\u00ea pode chegar aos seguintes destinos que listamos em uma tabela.<\/p>\n\n\n\n<figure class=\"wp-block-table\"><table class=\"has-fixed-layout\"><thead><tr><th>Linhas de \u00f4nibus da IETT do aeroporto<br><\/th><th>Ponto de destino<br><\/th><\/tr><\/thead><tbody><tr><td>H-1<br><\/td><td>Metr\u00f4 Mahmutbey<br><\/td><\/tr><tr><td>H-2<br><\/td><td>Mecidiyekoy<br><\/td><\/tr><tr><td>H-3<br><\/td><td>Halkali<\/td><\/tr><tr><td>H-4<br><\/td><td>Aeroporto de Ataturk<br><\/td><\/tr><tr><td>H-6<br><\/td><td>Arnavutkoy<br><\/td><\/tr><tr><td>H-8<br><\/td><td>Haciosman<\/td><\/tr><tr><td>H-9<br><\/td><td>Cevizliba\u011f<\/td><\/tr><\/tbody><\/table><\/figure>\n\n\n<section class=\"content_banner\" target=\"blank\" rel=\"nofollow\">\n  <a href=\"https:\/\/getexperience.com\/\" class=\"wrap\" style=\"background-image: url(;\">\n    <div class=\"meta\">\n      <b class=\"mini-title\">GetExperience.com<\/b>\n      <p>Mercado para passeios, excurs\u00f5es, esportes e entretenimento para todos os gostos e com os melhores pre\u00e7os.<\/p>\n    <\/div>\n    <div class=\"bg\"><img decoding=\"async\" itemprop=\"image\" src=\"\/wp-content\/uploads\/2025\/09\/img_air-scaled.jpg)\" alt=\"GetExperience.com\"><\/div>\n  <\/a>\n<\/section>\n\n\n<p>Todos os \u00f4nibus da IETT operam sob um pre\u00e7o \u00fanico de 15,99 TL, e eles s\u00e3o claramente indicados em seu site (dispon\u00edvel em ingl\u00eas tamb\u00e9m) ou via c\u00f3digo QR. Voc\u00ea tamb\u00e9m pode us\u00e1-los e sinta-se \u00e0 vontade para enviar um e-mail para entrar em contato com a equipe da operadora a qualquer momento. Al\u00e9m disso, a linha Istanbul Seyahat conecta o aeroporto com Corlu-Tekirdag.<\/p>\n\n\n\n<h2 itemprop=\"alternateName\" class=\"wp-block-heading\"><strong>Localiza\u00e7\u00e3o da esta\u00e7\u00e3o rodovi\u00e1ria do Aeroporto de Istambul<\/strong><\/h2>\n\n\n\n<p>Voc\u00ea pode encontrar facilmente a esta\u00e7\u00e3o de \u00f4nibus do aeroporto IST. Ela est\u00e1 localizada no segundo andar do terminal do aeroporto. Voc\u00ea pode usar elevadores e escadas rolantes nos Terminais de Partidas e Terminais de Chegadas para chegar at\u00e9 ela.<\/p>","protected":false},"excerpt":{"rendered":"<p>\u00d4nibus e transfers de\/para o aeroporto de Istambul (IST) Os \u00f4nibus s\u00e3o as op\u00e7\u00f5es de transporte mais econ\u00f4micas do Aeroporto de Istambul. Gra\u00e7as ao sistema de transporte desenvolvido em Istambul, os transfers de \u00f4nibus conectam o aeroporto com a maioria das partes da cidade, desde o centro da cidade e o popular Sultanahmet at\u00e9 a principal esta\u00e7\u00e3o rodovi\u00e1ria intermunicipal, Esenler Otogar ou Sariyer. [...]<\/p>","protected":false},"author":1,"featured_media":3737,"parent":0,"menu_order":0,"comment_status":"closed","ping_status":"closed","template":"home.php","meta":{"_acf_changed":false,"footnotes":""},"class_list":["post-3453","page","type-page","status-publish","has-post-thumbnail","hentry"],"acf":[],"yoast_head":"<!-- This site is optimized with the Yoast SEO plugin v27.4 - https:\/\/yoast.com\/product\/yoast-seo-wordpress\/ -->\n<title>Istanbul Airport Shuttle Bus Transfer - Istanbul International Airport (IST) - Turkey&#039;s new airport<\/title>\n<meta name=\"robots\" content=\"index, follow, max-snippet:-1, max-image-preview:large, max-video-preview:-1\" \/>\n<link rel=\"canonical\" href=\"https:\/\/istanbul-ist-international-airport.com\/pt\/istanbul-airport-shuttle\/\" \/>\n<meta property=\"og:locale\" content=\"pt_PT\" \/>\n<meta property=\"og:type\" content=\"article\" \/>\n<meta property=\"og:title\" content=\"Istanbul Airport Shuttle Bus Transfer - Istanbul International Airport (IST) - Turkey&#039;s new airport\" \/>\n<meta property=\"og:description\" content=\"Shuttles and buses to and from the airport in Istanbul (IST) Buses are Istanbul Airport\u2019s most budget-friendly transportation options. Thanks to the developed transport system in Istanbul, bus shuttles connect the airport with most parts of the city from the city center and popular Sultanahmet to the main intercity bus station Esenler Otogar or Sariyer. [&hellip;]\" \/>\n<meta property=\"og:url\" content=\"https:\/\/istanbul-ist-international-airport.com\/pt\/istanbul-airport-shuttle\/\" \/>\n<meta property=\"og:site_name\" content=\"Istanbul International Airport (IST) - Turkey&#039;s new airport\" \/>\n<meta property=\"article:modified_time\" content=\"2025-09-13T11:17:58+00:00\" \/>\n<meta property=\"og:image\" content=\"https:\/\/istanbul-ist-international-airport.com\/wp-content\/uploads\/2025\/09\/istanbul-airport-shuttle-bus-transfer-.jpg\" \/>\n\t<meta property=\"og:image:width\" content=\"2560\" \/>\n\t<meta property=\"og:image:height\" content=\"1393\" \/>\n\t<meta property=\"og:image:type\" content=\"image\/jpeg\" \/>\n<meta name=\"twitter:card\" content=\"summary_large_image\" \/>\n<meta name=\"twitter:label1\" content=\"Tempo estimado de leitura\" \/>\n\t<meta name=\"twitter:data1\" content=\"3 minutos\" \/>\n<script type=\"application\/ld+json\" class=\"yoast-schema-graph\">{\"@context\":\"https:\\\/\\\/schema.org\",\"@graph\":[{\"@type\":\"WebPage\",\"@id\":\"https:\\\/\\\/istanbul-ist-international-airport.com\\\/pt\\\/istanbul-airport-shuttle\\\/\",\"url\":\"https:\\\/\\\/istanbul-ist-international-airport.com\\\/pt\\\/istanbul-airport-shuttle\\\/\",\"name\":\"Istanbul Airport Shuttle Bus Transfer - Istanbul International Airport (IST) - Turkey&#039;s new airport\",\"isPartOf\":{\"@id\":\"https:\\\/\\\/istanbul-ist-international-airport.com\\\/pt\\\/#website\"},\"primaryImageOfPage\":{\"@id\":\"https:\\\/\\\/istanbul-ist-international-airport.com\\\/pt\\\/istanbul-airport-shuttle\\\/#primaryimage\"},\"image\":{\"@id\":\"https:\\\/\\\/istanbul-ist-international-airport.com\\\/pt\\\/istanbul-airport-shuttle\\\/#primaryimage\"},\"thumbnailUrl\":\"https:\\\/\\\/istanbul-ist-international-airport.com\\\/wp-content\\\/uploads\\\/2025\\\/09\\\/istanbul-airport-shuttle-bus-transfer-.jpg\",\"datePublished\":\"2025-09-10T14:21:17+00:00\",\"dateModified\":\"2025-09-13T11:17:58+00:00\",\"breadcrumb\":{\"@id\":\"https:\\\/\\\/istanbul-ist-international-airport.com\\\/pt\\\/istanbul-airport-shuttle\\\/#breadcrumb\"},\"inLanguage\":\"pt-PT\",\"potentialAction\":[{\"@type\":\"ReadAction\",\"target\":[\"https:\\\/\\\/istanbul-ist-international-airport.com\\\/pt\\\/istanbul-airport-shuttle\\\/\"]}]},{\"@type\":\"ImageObject\",\"inLanguage\":\"pt-PT\",\"@id\":\"https:\\\/\\\/istanbul-ist-international-airport.com\\\/pt\\\/istanbul-airport-shuttle\\\/#primaryimage\",\"url\":\"https:\\\/\\\/istanbul-ist-international-airport.com\\\/wp-content\\\/uploads\\\/2025\\\/09\\\/istanbul-airport-shuttle-bus-transfer-.jpg\",\"contentUrl\":\"https:\\\/\\\/istanbul-ist-international-airport.com\\\/wp-content\\\/uploads\\\/2025\\\/09\\\/istanbul-airport-shuttle-bus-transfer-.jpg\",\"width\":2560,\"height\":1393},{\"@type\":\"BreadcrumbList\",\"@id\":\"https:\\\/\\\/istanbul-ist-international-airport.com\\\/pt\\\/istanbul-airport-shuttle\\\/#breadcrumb\",\"itemListElement\":[{\"@type\":\"ListItem\",\"position\":1,\"name\":\"Home\",\"item\":\"https:\\\/\\\/istanbul-ist-international-airport.com\\\/\"},{\"@type\":\"ListItem\",\"position\":2,\"name\":\"Istanbul Airport Shuttle Bus Transfer\"}]},{\"@type\":\"WebSite\",\"@id\":\"https:\\\/\\\/istanbul-ist-international-airport.com\\\/pt\\\/#website\",\"url\":\"https:\\\/\\\/istanbul-ist-international-airport.com\\\/pt\\\/\",\"name\":\"Istanbul International Airport (IST) - Turkey&#039;s new airport\",\"description\":\"Navigating Istanbul International Airport: A Traveler\u2019s Guide.\",\"potentialAction\":[{\"@type\":\"SearchAction\",\"target\":{\"@type\":\"EntryPoint\",\"urlTemplate\":\"https:\\\/\\\/istanbul-ist-international-airport.com\\\/pt\\\/?s={search_term_string}\"},\"query-input\":{\"@type\":\"PropertyValueSpecification\",\"valueRequired\":true,\"valueName\":\"search_term_string\"}}],\"inLanguage\":\"pt-PT\"}]}<\/script>\n<!-- \/ Yoast SEO plugin. -->","yoast_head_json":{"title":"Transfer\u00eancia de \u00f4nibus do aeroporto de Istambul - Aeroporto Internacional de Istambul (IST) - Novo aeroporto da Turquia","robots":{"index":"index","follow":"follow","max-snippet":"max-snippet:-1","max-image-preview":"max-image-preview:large","max-video-preview":"max-video-preview:-1"},"canonical":"https:\/\/istanbul-ist-international-airport.com\/pt\/istanbul-airport-shuttle\/","og_locale":"pt_PT","og_type":"article","og_title":"Istanbul Airport Shuttle Bus Transfer - Istanbul International Airport (IST) - Turkey&#039;s new airport","og_description":"Shuttles and buses to and from the airport in Istanbul (IST) Buses are Istanbul Airport\u2019s most budget-friendly transportation options. Thanks to the developed transport system in Istanbul, bus shuttles connect the airport with most parts of the city from the city center and popular Sultanahmet to the main intercity bus station Esenler Otogar or Sariyer. [&hellip;]","og_url":"https:\/\/istanbul-ist-international-airport.com\/pt\/istanbul-airport-shuttle\/","og_site_name":"Istanbul International Airport (IST) - Turkey&#039;s new airport","article_modified_time":"2025-09-13T11:17:58+00:00","og_image":[{"width":2560,"height":1393,"url":"https:\/\/istanbul-ist-international-airport.com\/wp-content\/uploads\/2025\/09\/istanbul-airport-shuttle-bus-transfer-.jpg","type":"image\/jpeg"}],"twitter_card":"summary_large_image","twitter_misc":{"Tempo estimado de leitura":"3 minutos"},"schema":{"@context":"https:\/\/schema.org","@graph":[{"@type":"WebPage","@id":"https:\/\/istanbul-ist-international-airport.com\/pt\/istanbul-airport-shuttle\/","url":"https:\/\/istanbul-ist-international-airport.com\/pt\/istanbul-airport-shuttle\/","name":"Transfer\u00eancia de \u00f4nibus do aeroporto de Istambul - Aeroporto Internacional de Istambul (IST) - Novo aeroporto da Turquia","isPartOf":{"@id":"https:\/\/istanbul-ist-international-airport.com\/pt\/#website"},"primaryImageOfPage":{"@id":"https:\/\/istanbul-ist-international-airport.com\/pt\/istanbul-airport-shuttle\/#primaryimage"},"image":{"@id":"https:\/\/istanbul-ist-international-airport.com\/pt\/istanbul-airport-shuttle\/#primaryimage"},"thumbnailUrl":"https:\/\/istanbul-ist-international-airport.com\/wp-content\/uploads\/2025\/09\/istanbul-airport-shuttle-bus-transfer-.jpg","datePublished":"2025-09-10T14:21:17+00:00","dateModified":"2025-09-13T11:17:58+00:00","breadcrumb":{"@id":"https:\/\/istanbul-ist-international-airport.com\/pt\/istanbul-airport-shuttle\/#breadcrumb"},"inLanguage":"pt-PT","potentialAction":[{"@type":"ReadAction","target":["https:\/\/istanbul-ist-international-airport.com\/pt\/istanbul-airport-shuttle\/"]}]},{"@type":"ImageObject","inLanguage":"pt-PT","@id":"https:\/\/istanbul-ist-international-airport.com\/pt\/istanbul-airport-shuttle\/#primaryimage","url":"https:\/\/istanbul-ist-international-airport.com\/wp-content\/uploads\/2025\/09\/istanbul-airport-shuttle-bus-transfer-.jpg","contentUrl":"https:\/\/istanbul-ist-international-airport.com\/wp-content\/uploads\/2025\/09\/istanbul-airport-shuttle-bus-transfer-.jpg","width":2560,"height":1393},{"@type":"BreadcrumbList","@id":"https:\/\/istanbul-ist-international-airport.com\/pt\/istanbul-airport-shuttle\/#breadcrumb","itemListElement":[{"@type":"ListItem","position":1,"name":"Home","item":"https:\/\/istanbul-ist-international-airport.com\/"},{"@type":"ListItem","position":2,"name":"Istanbul Airport Shuttle Bus Transfer"}]},{"@type":"WebSite","@id":"https:\/\/istanbul-ist-international-airport.com\/pt\/#website","url":"https:\/\/istanbul-ist-international-airport.com\/pt\/","name":"Istanbul International Airport (IST) - Turkey&#039;s new airport","description":"Navigating Istanbul International Airport: A Traveler\u2019s Guide.","potentialAction":[{"@type":"SearchAction","target":{"@type":"EntryPoint","urlTemplate":"https:\/\/istanbul-ist-international-airport.com\/pt\/?s={search_term_string}"},"query-input":{"@type":"PropertyValueSpecification","valueRequired":true,"valueName":"search_term_string"}}],"inLanguage":"pt-PT"}]}},"_links":{"self":[{"href":"https:\/\/istanbul-ist-international-airport.com\/pt\/wp-json\/wp\/v2\/pages\/3453","targetHints":{"allow":["GET"]}}],"collection":[{"href":"https:\/\/istanbul-ist-international-airport.com\/pt\/wp-json\/wp\/v2\/pages"}],"about":[{"href":"https:\/\/istanbul-ist-international-airport.com\/pt\/wp-json\/wp\/v2\/types\/page"}],"author":[{"embeddable":true,"href":"https:\/\/istanbul-ist-international-airport.com\/pt\/wp-json\/wp\/v2\/users\/1"}],"replies":[{"embeddable":true,"href":"https:\/\/istanbul-ist-international-airport.com\/pt\/wp-json\/wp\/v2\/comments?post=3453"}],"version-history":[{"count":2,"href":"https:\/\/istanbul-ist-international-airport.com\/pt\/wp-json\/wp\/v2\/pages\/3453\/revisions"}],"predecessor-version":[{"id":3739,"href":"https:\/\/istanbul-ist-international-airport.com\/pt\/wp-json\/wp\/v2\/pages\/3453\/revisions\/3739"}],"wp:featuredmedia":[{"embeddable":true,"href":"https:\/\/istanbul-ist-international-airport.com\/pt\/wp-json\/wp\/v2\/media\/3737"}],"wp:attachment":[{"href":"https:\/\/istanbul-ist-international-airport.com\/pt\/wp-json\/wp\/v2\/media?parent=3453"}],"curies":[{"name":"wp","href":"https:\/\/api.w.org\/{rel}","templated":true}]}}