{"id":3467,"date":"2025-09-10T17:22:33","date_gmt":"2025-09-10T14:22:33","guid":{"rendered":"http:\/\/147.182.243.37\/?page_id=3467"},"modified":"2025-09-13T14:36:46","modified_gmt":"2025-09-13T11:36:46","slug":"istanbul-airport-terminal","status":"publish","type":"page","link":"https:\/\/istanbul-ist-international-airport.com\/pt\/istanbul-airport-terminal\/","title":{"rendered":"Istanbul Airport Terminal"},"content":{"rendered":"<h2 itemprop=\"alternateName\" class=\"wp-block-heading\"><strong>Uma Vis\u00e3o Geral do Terminal no Novo Aeroporto de Istambul<\/strong><\/h2>\n\n\n\n<p>O imenso&nbsp;<a href=\"https:\/\/istanbul-ist-international-airport.com\/\">Aeroporto de Istambul<\/a>&nbsp;O terminal se estende por uma vasta \u00e1rea de 1.440.000 metros quadrados e \u00e9 conhecido como o maior edif\u00edcio terminal do mundo, tudo sob um \u00fanico teto. Com seu design de \u00faltima gera\u00e7\u00e3o, o nov\u00edssimo terminal \u00e9 separado em uma \u00e1rea de embarque e uma zona de desembarque. Para garantir facilidade de acesso para quem chega de carro, os estacionamentos turquesa e verde s\u00e3o destinados a voos dom\u00e9sticos, enquanto as \u00e1reas de estacionamento amarela, vermelha e azul atendem a voos internacionais.<\/p>\n\n\n\n<p>Os passageiros podem entrar no n\u00edvel de embarque atrav\u00e9s de sete portas diferentes. Geralmente, as portas 1 e 2 s\u00e3o mais convenientes para voos dom\u00e9sticos, enquanto as restantes portas levam aos balc\u00f5es de check-in internacional. Os viajantes dom\u00e9sticos devem dirigir-se aos balc\u00f5es de check-in D e E, que incluem op\u00e7\u00f5es de self-service, e depois continuar para a \u00e1rea de controle de passaportes localizada perto do corredor D. Por outro lado, os passageiros que voam para o estrangeiro devem dirigir-se aos corredores E (com um balc\u00e3o de check-in self-service), F, G, H e J, com a \u00e1rea de controle de passaportes relevante situada mesmo em frente a estes corredores. \u00c9 importante notar que a entrada 5 \u00e9 exclusiva para passageiros da classe executiva e membros Miles &amp; More que embarcar\u00e3o em um voo internacional.<\/p>\n\n\n\n<p>Al\u00e9m disso, balc\u00f5es de check-in espec\u00edficos foram designados para categorias especiais de passageiros. Grandes grupos de viagens e indiv\u00edduos com necessidades especiais s\u00e3o acomodados no corredor G, enquanto o corredor K \u00e9 dedicado a fam\u00edlias. Viajantes provenientes dos EUA, Reino Unido e Canad\u00e1 devem passar pelo balc\u00e3o de check-in K, enquanto membros Star Alliance Gold e passageiros da classe executiva da Turkish Airlines devem se dirigir ao corredor L.<\/p>\n\n\n\n<p>Por fim, o novo terminal de Istambul disp\u00f5e de cinco cais. Os cais A, B, D e F est\u00e3o atribu\u00eddos a port\u00f5es de embarque internacionais, enquanto o cais G e tr\u00eas \u00e1reas de embarque no cais F servem voos dom\u00e9sticos.<\/p>\n\n\n\n<p>Vale a pena destacar que, embora o aeroporto de Istambul tenha atualmente apenas um edif\u00edcio de terminal, at\u00e9 2025, quando a sua constru\u00e7\u00e3o estiver totalmente conclu\u00edda, o novo centro de avia\u00e7\u00e3o ter\u00e1 quatro terminais interligados, com um sistema ferrovi\u00e1rio que facilita a movimenta\u00e7\u00e3o conveniente entre eles.<\/p>\n\n\n\n<h2 itemprop=\"alternateName\" class=\"wp-block-heading\"><strong>O Excepcional Novo Terminal do Aeroporto de Istambul<\/strong><\/h2>\n\n\n\n<p>O novo terminal do aeroporto representa uma fus\u00e3o not\u00e1vel de arquitetura contempor\u00e2nea com a hist\u00f3ria e cultura nacionais. Sua grandiosidade chama a aten\u00e7\u00e3o de imediato, transmitindo uma espantosa sensa\u00e7\u00e3o de magnific\u00eancia. Al\u00e9m disso, os vastos tetos, as amplas janelas panor\u00e2micas e as claraboias criam um ambiente revigorante e animado. Notavelmente, o terminal incorpora um design inteligente que acentua as zonas vitais, como as \u00e1reas de check-in, com ilumina\u00e7\u00e3o aprimorada, enfatizando sutilmente sua import\u00e2ncia. Al\u00e9m de seus elementos modernos, o terminal homenageia a hist\u00f3ria e a religi\u00e3o, evidente atrav\u00e9s de seus arcos e curvas de inspira\u00e7\u00e3o isl\u00e2mica que lembram mesquitas, bem como a cativante semelhan\u00e7a do sagu\u00e3o principal com o famoso Estreito de B\u00f3sforo.<\/p>\n\n\n\n<p>No entanto, a verdadeira pi\u00e8ce de r\u00e9sistance do aeroporto reside na sua ic\u00f3nica torre de controlo de tr\u00e1fego a\u00e9reo, que arrecadou in\u00fameros pr\u00e9mios e distin\u00e7\u00f5es. Erguendo-se a uma altura impressionante de 90 metros, a torre tem uma semelhan\u00e7a not\u00e1vel com a tulipa, um s\u00edmbolo profundamente enraizado na heran\u00e7a hist\u00f3rica de Istambul.<\/p>\n\n\n\n<h2 itemprop=\"alternateName\" class=\"wp-block-heading\"><strong>A Principal Desvantagem do Terminal do Aeroporto de Istambul<\/strong><\/h2>\n\n\n\n<p>Embora o novo aeroporto de Istambul possua um ambiente impressionante e tecnologicamente avan\u00e7ado, ele tem uma desvantagem not\u00e1vel. Apesar de sua divis\u00e3o em cinco sagu\u00f5es separados, h\u00e1 apenas uma \u00e1rea de seguran\u00e7a do aeroporto para voos dom\u00e9sticos e outra para passageiros internacionais. Isso, combinado com a aus\u00eancia de um sistema de tr\u00e2nsito interno, como \u00f4nibus ou trens, intensifica o risco de potenciais atrasos de voos. Al\u00e9m disso, as passarelas rolantes existentes n\u00e3o acomodam adequadamente a dist\u00e2ncia significativa a p\u00e9 entre os port\u00f5es, bem como da zona do terminal central a cada p\u00eder, tornando, em \u00faltima an\u00e1lise, as transfer\u00eancias internas demoradas e \u00e1rduas.<\/p>\n\n\n\n<p>Consequentemente, recomenda-se que os passageiros cheguem ao Aeroporto Internacional de Istambul com pelo menos 2,5 a 3 horas de anteced\u00eancia em rela\u00e7\u00e3o aos seus voos programados para garantir uma viagem sem stress at\u00e9 aos seus respetivos port\u00f5es.<\/p>","protected":false},"excerpt":{"rendered":"<p>Uma Vis\u00e3o Geral do Terminal no Novo Aeroporto de Istambul O imenso terminal do aeroporto de Istambul se estende por uma vasta \u00e1rea de 1.440.000 metros quadrados e \u00e9 conhecido como o maior edif\u00edcio terminal do mundo, tudo sob o mesmo teto. Com seu design de \u00faltima gera\u00e7\u00e3o, o nov\u00edssimo terminal \u00e9 separado em uma \u00e1rea de embarque e uma zona de desembarque. Para garantir a facilidade [\u2026]<\/p>","protected":false},"author":1,"featured_media":3757,"parent":0,"menu_order":0,"comment_status":"closed","ping_status":"closed","template":"home.php","meta":{"_acf_changed":false,"footnotes":""},"class_list":["post-3467","page","type-page","status-publish","has-post-thumbnail","hentry"],"acf":[],"yoast_head":"<!-- This site is optimized with the Yoast SEO plugin v27.5 - https:\/\/yoast.com\/product\/yoast-seo-wordpress\/ -->\n<title>Istanbul Airport Terminal - Istanbul International Airport (IST) - Turkey&#039;s new airport<\/title>\n<meta name=\"robots\" content=\"index, follow, max-snippet:-1, max-image-preview:large, max-video-preview:-1\" \/>\n<link rel=\"canonical\" href=\"https:\/\/istanbul-ist-international-airport.com\/pt\/istanbul-airport-terminal\/\" \/>\n<meta property=\"og:locale\" content=\"pt_PT\" \/>\n<meta property=\"og:type\" content=\"article\" \/>\n<meta property=\"og:title\" content=\"Istanbul Airport Terminal - Istanbul International Airport (IST) - Turkey&#039;s new airport\" \/>\n<meta property=\"og:description\" content=\"An Overview of the Terminal at New Istanbul Aiport The immense&nbsp;Istanbul airport&nbsp;terminal stretches across a vast 1,440,000 square meter area and is renowned as the largest terminal building in the world, all under one roof. With its state-of-the-art design, the brand-new terminal is separated into a departure area and an arrival zone. To ensure ease [&hellip;]\" \/>\n<meta property=\"og:url\" content=\"https:\/\/istanbul-ist-international-airport.com\/pt\/istanbul-airport-terminal\/\" \/>\n<meta property=\"og:site_name\" content=\"Istanbul International Airport (IST) - Turkey&#039;s new airport\" \/>\n<meta property=\"article:modified_time\" content=\"2025-09-13T11:36:46+00:00\" \/>\n<meta property=\"og:image\" content=\"https:\/\/istanbul-ist-international-airport.com\/wp-content\/uploads\/2025\/09\/ist_1.jpg\" \/>\n\t<meta property=\"og:image:width\" content=\"2160\" \/>\n\t<meta property=\"og:image:height\" content=\"825\" \/>\n\t<meta property=\"og:image:type\" content=\"image\/jpeg\" \/>\n<meta name=\"twitter:card\" content=\"summary_large_image\" \/>\n<meta name=\"twitter:label1\" content=\"Tempo estimado de leitura\" \/>\n\t<meta name=\"twitter:data1\" content=\"3 minutos\" \/>\n<script type=\"application\/ld+json\" class=\"yoast-schema-graph\">{\"@context\":\"https:\\\/\\\/schema.org\",\"@graph\":[{\"@type\":\"WebPage\",\"@id\":\"https:\\\/\\\/istanbul-ist-international-airport.com\\\/pt\\\/istanbul-airport-terminal\\\/\",\"url\":\"https:\\\/\\\/istanbul-ist-international-airport.com\\\/pt\\\/istanbul-airport-terminal\\\/\",\"name\":\"Istanbul Airport Terminal - Istanbul International Airport (IST) - Turkey&#039;s new airport\",\"isPartOf\":{\"@id\":\"https:\\\/\\\/istanbul-ist-international-airport.com\\\/pt\\\/#website\"},\"primaryImageOfPage\":{\"@id\":\"https:\\\/\\\/istanbul-ist-international-airport.com\\\/pt\\\/istanbul-airport-terminal\\\/#primaryimage\"},\"image\":{\"@id\":\"https:\\\/\\\/istanbul-ist-international-airport.com\\\/pt\\\/istanbul-airport-terminal\\\/#primaryimage\"},\"thumbnailUrl\":\"https:\\\/\\\/istanbul-ist-international-airport.com\\\/wp-content\\\/uploads\\\/2025\\\/09\\\/ist_1.jpg\",\"datePublished\":\"2025-09-10T14:22:33+00:00\",\"dateModified\":\"2025-09-13T11:36:46+00:00\",\"breadcrumb\":{\"@id\":\"https:\\\/\\\/istanbul-ist-international-airport.com\\\/pt\\\/istanbul-airport-terminal\\\/#breadcrumb\"},\"inLanguage\":\"pt-PT\",\"potentialAction\":[{\"@type\":\"ReadAction\",\"target\":[\"https:\\\/\\\/istanbul-ist-international-airport.com\\\/pt\\\/istanbul-airport-terminal\\\/\"]}]},{\"@type\":\"ImageObject\",\"inLanguage\":\"pt-PT\",\"@id\":\"https:\\\/\\\/istanbul-ist-international-airport.com\\\/pt\\\/istanbul-airport-terminal\\\/#primaryimage\",\"url\":\"https:\\\/\\\/istanbul-ist-international-airport.com\\\/wp-content\\\/uploads\\\/2025\\\/09\\\/ist_1.jpg\",\"contentUrl\":\"https:\\\/\\\/istanbul-ist-international-airport.com\\\/wp-content\\\/uploads\\\/2025\\\/09\\\/ist_1.jpg\",\"width\":2160,\"height\":825},{\"@type\":\"BreadcrumbList\",\"@id\":\"https:\\\/\\\/istanbul-ist-international-airport.com\\\/pt\\\/istanbul-airport-terminal\\\/#breadcrumb\",\"itemListElement\":[{\"@type\":\"ListItem\",\"position\":1,\"name\":\"Home\",\"item\":\"https:\\\/\\\/istanbul-ist-international-airport.com\\\/\"},{\"@type\":\"ListItem\",\"position\":2,\"name\":\"Istanbul Airport Terminal\"}]},{\"@type\":\"WebSite\",\"@id\":\"https:\\\/\\\/istanbul-ist-international-airport.com\\\/pt\\\/#website\",\"url\":\"https:\\\/\\\/istanbul-ist-international-airport.com\\\/pt\\\/\",\"name\":\"Istanbul International Airport (IST) - Turkey&#039;s new airport\",\"description\":\"Navigating Istanbul International Airport: A Traveler\u2019s Guide.\",\"potentialAction\":[{\"@type\":\"SearchAction\",\"target\":{\"@type\":\"EntryPoint\",\"urlTemplate\":\"https:\\\/\\\/istanbul-ist-international-airport.com\\\/pt\\\/?s={search_term_string}\"},\"query-input\":{\"@type\":\"PropertyValueSpecification\",\"valueRequired\":true,\"valueName\":\"search_term_string\"}}],\"inLanguage\":\"pt-PT\"}]}<\/script>\n<!-- \/ Yoast SEO plugin. -->","yoast_head_json":{"title":"Terminal do Aeroporto de Istambul - Aeroporto Internacional de Istambul (IST) - Novo aeroporto da Turquia","robots":{"index":"index","follow":"follow","max-snippet":"max-snippet:-1","max-image-preview":"max-image-preview:large","max-video-preview":"max-video-preview:-1"},"canonical":"https:\/\/istanbul-ist-international-airport.com\/pt\/istanbul-airport-terminal\/","og_locale":"pt_PT","og_type":"article","og_title":"Istanbul Airport Terminal - Istanbul International Airport (IST) - Turkey&#039;s new airport","og_description":"An Overview of the Terminal at New Istanbul Aiport The immense&nbsp;Istanbul airport&nbsp;terminal stretches across a vast 1,440,000 square meter area and is renowned as the largest terminal building in the world, all under one roof. With its state-of-the-art design, the brand-new terminal is separated into a departure area and an arrival zone. To ensure ease [&hellip;]","og_url":"https:\/\/istanbul-ist-international-airport.com\/pt\/istanbul-airport-terminal\/","og_site_name":"Istanbul International Airport (IST) - Turkey&#039;s new airport","article_modified_time":"2025-09-13T11:36:46+00:00","og_image":[{"width":2160,"height":825,"url":"https:\/\/istanbul-ist-international-airport.com\/wp-content\/uploads\/2025\/09\/ist_1.jpg","type":"image\/jpeg"}],"twitter_card":"summary_large_image","twitter_misc":{"Tempo estimado de leitura":"3 minutos"},"schema":{"@context":"https:\/\/schema.org","@graph":[{"@type":"WebPage","@id":"https:\/\/istanbul-ist-international-airport.com\/pt\/istanbul-airport-terminal\/","url":"https:\/\/istanbul-ist-international-airport.com\/pt\/istanbul-airport-terminal\/","name":"Terminal do Aeroporto de Istambul - Aeroporto Internacional de Istambul (IST) - Novo aeroporto da Turquia","isPartOf":{"@id":"https:\/\/istanbul-ist-international-airport.com\/pt\/#website"},"primaryImageOfPage":{"@id":"https:\/\/istanbul-ist-international-airport.com\/pt\/istanbul-airport-terminal\/#primaryimage"},"image":{"@id":"https:\/\/istanbul-ist-international-airport.com\/pt\/istanbul-airport-terminal\/#primaryimage"},"thumbnailUrl":"https:\/\/istanbul-ist-international-airport.com\/wp-content\/uploads\/2025\/09\/ist_1.jpg","datePublished":"2025-09-10T14:22:33+00:00","dateModified":"2025-09-13T11:36:46+00:00","breadcrumb":{"@id":"https:\/\/istanbul-ist-international-airport.com\/pt\/istanbul-airport-terminal\/#breadcrumb"},"inLanguage":"pt-PT","potentialAction":[{"@type":"ReadAction","target":["https:\/\/istanbul-ist-international-airport.com\/pt\/istanbul-airport-terminal\/"]}]},{"@type":"ImageObject","inLanguage":"pt-PT","@id":"https:\/\/istanbul-ist-international-airport.com\/pt\/istanbul-airport-terminal\/#primaryimage","url":"https:\/\/istanbul-ist-international-airport.com\/wp-content\/uploads\/2025\/09\/ist_1.jpg","contentUrl":"https:\/\/istanbul-ist-international-airport.com\/wp-content\/uploads\/2025\/09\/ist_1.jpg","width":2160,"height":825},{"@type":"BreadcrumbList","@id":"https:\/\/istanbul-ist-international-airport.com\/pt\/istanbul-airport-terminal\/#breadcrumb","itemListElement":[{"@type":"ListItem","position":1,"name":"Home","item":"https:\/\/istanbul-ist-international-airport.com\/"},{"@type":"ListItem","position":2,"name":"Istanbul Airport Terminal"}]},{"@type":"WebSite","@id":"https:\/\/istanbul-ist-international-airport.com\/pt\/#website","url":"https:\/\/istanbul-ist-international-airport.com\/pt\/","name":"Istanbul International Airport (IST) - Turkey&#039;s new airport","description":"Navigating Istanbul International Airport: A Traveler\u2019s Guide.","potentialAction":[{"@type":"SearchAction","target":{"@type":"EntryPoint","urlTemplate":"https:\/\/istanbul-ist-international-airport.com\/pt\/?s={search_term_string}"},"query-input":{"@type":"PropertyValueSpecification","valueRequired":true,"valueName":"search_term_string"}}],"inLanguage":"pt-PT"}]}},"_links":{"self":[{"href":"https:\/\/istanbul-ist-international-airport.com\/pt\/wp-json\/wp\/v2\/pages\/3467","targetHints":{"allow":["GET"]}}],"collection":[{"href":"https:\/\/istanbul-ist-international-airport.com\/pt\/wp-json\/wp\/v2\/pages"}],"about":[{"href":"https:\/\/istanbul-ist-international-airport.com\/pt\/wp-json\/wp\/v2\/types\/page"}],"author":[{"embeddable":true,"href":"https:\/\/istanbul-ist-international-airport.com\/pt\/wp-json\/wp\/v2\/users\/1"}],"replies":[{"embeddable":true,"href":"https:\/\/istanbul-ist-international-airport.com\/pt\/wp-json\/wp\/v2\/comments?post=3467"}],"version-history":[{"count":2,"href":"https:\/\/istanbul-ist-international-airport.com\/pt\/wp-json\/wp\/v2\/pages\/3467\/revisions"}],"predecessor-version":[{"id":3759,"href":"https:\/\/istanbul-ist-international-airport.com\/pt\/wp-json\/wp\/v2\/pages\/3467\/revisions\/3759"}],"wp:featuredmedia":[{"embeddable":true,"href":"https:\/\/istanbul-ist-international-airport.com\/pt\/wp-json\/wp\/v2\/media\/3757"}],"wp:attachment":[{"href":"https:\/\/istanbul-ist-international-airport.com\/pt\/wp-json\/wp\/v2\/media?parent=3467"}],"curies":[{"name":"wp","href":"https:\/\/api.w.org\/{rel}","templated":true}]}}