{"id":3469,"date":"2025-09-10T17:22:47","date_gmt":"2025-09-10T14:22:47","guid":{"rendered":"http:\/\/147.182.243.37\/?page_id=3469"},"modified":"2025-09-13T14:42:30","modified_gmt":"2025-09-13T11:42:30","slug":"weather","status":"publish","type":"page","link":"https:\/\/istanbul-ist-international-airport.com\/pt\/weather\/","title":{"rendered":"Istanbul airport weather"},"content":{"rendered":"<p><strong><a href=\"https:\/\/istanbul-ist-international-airport.com\/\">Istanbul International Airport (IST)<\/a>&nbsp;Translation not available or invalid.&nbsp;<a href=\"https:\/\/istanbul-ist-international-airport.com\/about\/\">About&nbsp;<\/a><\/strong>&nbsp;<strong>Translation not available or invalid.<\/strong>&nbsp;Istanbul airport weather<\/p>\n\n\n\n<h2 itemprop=\"alternateName\" class=\"wp-block-heading\"><strong>Istanbul airport weather<\/strong><\/h2>\n\n\n\n<p>Nesta p\u00e1gina web, voc\u00ea pode encontrar todas as informa\u00e7\u00f5es sobre&nbsp;<a href=\"https:\/\/istanbul-ist-international-airport.com\/\">Istanbul International Airport (IST)<\/a>:<\/p>\n\n\n\n<ul class=\"wp-block-list\">\n<li>Voos (Chegadas, Partidas e Companhias A\u00e9reas)<\/li>\n\n\n\n<li>Guias de Aeroportos<\/li>\n\n\n\n<li>Instala\u00e7\u00f5es do Aeroporto<\/li>\n\n\n\n<li>Informa\u00e7\u00f5es do Passageiro<\/li>\n\n\n\n<li>Transportation<\/li>\n<\/ul>\n\n\n\n <div class=\"header-weather\" id=\"weather-header\"><\/div>\n    <div id=\"weather-table\"   style=\"overflow-x: scroll !important;\" ><\/div>\n    <script>\n        document.addEventListener('DOMContentLoaded', function () {\n            const apiKey = '8969d94d63e82e7b7b96ef4ddb90fc31';\n            const city = 'Istanbul';\n            const apiUrl = `https:\/\/api.openweathermap.org\/data\/2.5\/forecast?q=${city}&appid=${apiKey}&units=metric`;\n\n            fetch(apiUrl)\n                .then(response => response.json())\n                .then(data => {\n                    \/\/ \u041f\u043e\u043b\u0443\u0447\u0435\u043d\u0438\u0435 \u0442\u0435\u043a\u0443\u0449\u0438\u0445 \u0434\u0430\u043d\u043d\u044b\u0445\n                    const current = data.list[0];\n                    const currentTemp = current.main.temp.toFixed(2) + ' \u00b0C';\n                    const sunrise = new Date(data.city.sunrise * 1000).toLocaleTimeString('en-US', { timeZone: 'UTC', hour: '2-digit', minute: '2-digit' });\n                    const sunset = new Date(data.city.sunset * 1000).toLocaleTimeString('en-US', { timeZone: 'UTC', hour: '2-digit', minute: '2-digit' });\n\n                    \/\/ \u041e\u0431\u043d\u043e\u0432\u043b\u0435\u043d\u0438\u0435 \u0437\u0430\u0433\u043e\u043b\u043e\u0432\u043a\u0430\n                    document.getElementById('weather-header').innerHTML = `\n                        <p>Current temperature: ${currentTemp}<\/p>\n                        <p>Sunrise: ${sunrise} UTC, Sunset: ${sunset} UTC<\/p>\n                    `;\n\n                    \/\/ \u041e\u0431\u0440\u0430\u0431\u043e\u0442\u043a\u0430 \u0434\u0430\u043d\u043d\u044b\u0445 \u0434\u043b\u044f \u0442\u0430\u0431\u043b\u0438\u0446\u044b\n                    const weatherData = data.list;\n                    let tableHtml = `\n                    <table>\n                        <thead>\n                            <tr>\n                                <th>Date<\/th>\n                                <th>Time<\/th>\n                                <th>Conditions<\/th>\n<th>Sky<\/th>\n                                <th>Temperature<\/th>\n                                <th>Wind<\/th>\n                                <th>Humidity<\/th>\n                            <\/tr>\n                        <\/thead>\n                        <tbody>`;\n\n                    weatherData.forEach(entry => {\n                        const date = new Date(entry.dt * 1000).toLocaleDateString();\n                        const time = new Date(entry.dt * 1000).toLocaleTimeString();\n                        const conditions = entry.weather[0].description;\n                        const temperature = entry.main.temp.toFixed(2) + ' \u00b0C';\n                        const wind = entry.wind.speed.toFixed(2) + ' m\/s';\n                        const humidity = entry.main.humidity + '%';\n                        const iconCode = entry.weather[0].icon; \/\/ \u041a\u043e\u0434 \u0438\u043a\u043e\u043d\u043a\u0438 \u043f\u043e\u0433\u043e\u0434\u044b\n                        const iconUrl = `http:\/\/openweathermap.org\/img\/wn\/${iconCode}.png`; \/\/ URL \u0438\u043a\u043e\u043d\u043a\u0438\n\n                        tableHtml += `\n                        <tr>\n                            <td>${date}<\/td>\n                            <td>${time}<\/td>\n                            <td>\n                                ${conditions}\n                            <\/td>\n                            <td>  <img decoding=\"async\" itemprop=\"image\" src=\"${iconUrl}\" alt=\"${conditions}\" class=\"weather-icon\" \/> <\/td>\n                            <td>${temperature}<\/td>\n                            <td>${wind}<\/td>\n                            <td>${humidity}<\/td>\n                        <\/tr>`;\n                    });\n\n                    tableHtml += `<\/tbody><\/table>`;\n\n                    document.getElementById('weather-table').innerHTML = tableHtml;\n                })\n                .catch(error => console.error('Error fetching weather data:', error));\n        });\n    <\/script>","protected":false},"excerpt":{"rendered":"<p>Istanbul International Airport (IST)&nbsp;&gt;&nbsp;About&nbsp;&nbsp;&gt;&nbsp;Istanbul airport weather Istanbul airport weather In this webpage you can find all the information regarding&nbsp;Istanbul International Airport (IST):<\/p>","protected":false},"author":1,"featured_media":3752,"parent":0,"menu_order":0,"comment_status":"closed","ping_status":"closed","template":"home.php","meta":{"_acf_changed":false,"footnotes":""},"class_list":["post-3469","page","type-page","status-publish","has-post-thumbnail","hentry"],"acf":[],"yoast_head":"<!-- This site is optimized with the Yoast SEO plugin v27.4 - https:\/\/yoast.com\/product\/yoast-seo-wordpress\/ -->\n<title>Istanbul airport weather - Istanbul International Airport (IST) - Turkey&#039;s new airport<\/title>\n<meta name=\"robots\" content=\"index, follow, max-snippet:-1, max-image-preview:large, max-video-preview:-1\" \/>\n<link rel=\"canonical\" href=\"https:\/\/istanbul-ist-international-airport.com\/pt\/weather\/\" \/>\n<meta property=\"og:locale\" content=\"pt_PT\" \/>\n<meta property=\"og:type\" content=\"article\" \/>\n<meta property=\"og:title\" content=\"Istanbul airport weather - Istanbul International Airport (IST) - Turkey&#039;s new airport\" \/>\n<meta property=\"og:description\" content=\"Istanbul International Airport (IST)&nbsp;&gt;&nbsp;About&nbsp;&nbsp;&gt;&nbsp;Istanbul airport weather Istanbul airport weather In this webpage you can find all the information regarding&nbsp;Istanbul International Airport (IST):\" \/>\n<meta property=\"og:url\" content=\"https:\/\/istanbul-ist-international-airport.com\/pt\/weather\/\" \/>\n<meta property=\"og:site_name\" content=\"Istanbul International Airport (IST) - Turkey&#039;s new airport\" \/>\n<meta property=\"article:modified_time\" content=\"2025-09-13T11:42:30+00:00\" \/>\n<meta property=\"og:image\" content=\"https:\/\/istanbul-ist-international-airport.com\/wp-content\/uploads\/2025\/09\/about.jpg\" \/>\n\t<meta property=\"og:image:width\" content=\"2160\" \/>\n\t<meta property=\"og:image:height\" content=\"825\" \/>\n\t<meta property=\"og:image:type\" content=\"image\/jpeg\" \/>\n<meta name=\"twitter:card\" content=\"summary_large_image\" \/>\n<meta name=\"twitter:label1\" content=\"Tempo estimado de leitura\" \/>\n\t<meta name=\"twitter:data1\" content=\"1 minuto\" \/>\n<script type=\"application\/ld+json\" class=\"yoast-schema-graph\">{\"@context\":\"https:\\\/\\\/schema.org\",\"@graph\":[{\"@type\":\"WebPage\",\"@id\":\"https:\\\/\\\/istanbul-ist-international-airport.com\\\/pt\\\/weather\\\/\",\"url\":\"https:\\\/\\\/istanbul-ist-international-airport.com\\\/pt\\\/weather\\\/\",\"name\":\"Istanbul airport weather - Istanbul International Airport (IST) - Turkey&#039;s new airport\",\"isPartOf\":{\"@id\":\"https:\\\/\\\/istanbul-ist-international-airport.com\\\/pt\\\/#website\"},\"primaryImageOfPage\":{\"@id\":\"https:\\\/\\\/istanbul-ist-international-airport.com\\\/pt\\\/weather\\\/#primaryimage\"},\"image\":{\"@id\":\"https:\\\/\\\/istanbul-ist-international-airport.com\\\/pt\\\/weather\\\/#primaryimage\"},\"thumbnailUrl\":\"https:\\\/\\\/istanbul-ist-international-airport.com\\\/wp-content\\\/uploads\\\/2025\\\/09\\\/about.jpg\",\"datePublished\":\"2025-09-10T14:22:47+00:00\",\"dateModified\":\"2025-09-13T11:42:30+00:00\",\"breadcrumb\":{\"@id\":\"https:\\\/\\\/istanbul-ist-international-airport.com\\\/pt\\\/weather\\\/#breadcrumb\"},\"inLanguage\":\"pt-PT\",\"potentialAction\":[{\"@type\":\"ReadAction\",\"target\":[\"https:\\\/\\\/istanbul-ist-international-airport.com\\\/pt\\\/weather\\\/\"]}]},{\"@type\":\"ImageObject\",\"inLanguage\":\"pt-PT\",\"@id\":\"https:\\\/\\\/istanbul-ist-international-airport.com\\\/pt\\\/weather\\\/#primaryimage\",\"url\":\"https:\\\/\\\/istanbul-ist-international-airport.com\\\/wp-content\\\/uploads\\\/2025\\\/09\\\/about.jpg\",\"contentUrl\":\"https:\\\/\\\/istanbul-ist-international-airport.com\\\/wp-content\\\/uploads\\\/2025\\\/09\\\/about.jpg\",\"width\":2160,\"height\":825},{\"@type\":\"BreadcrumbList\",\"@id\":\"https:\\\/\\\/istanbul-ist-international-airport.com\\\/pt\\\/weather\\\/#breadcrumb\",\"itemListElement\":[{\"@type\":\"ListItem\",\"position\":1,\"name\":\"Home\",\"item\":\"https:\\\/\\\/istanbul-ist-international-airport.com\\\/\"},{\"@type\":\"ListItem\",\"position\":2,\"name\":\"Istanbul airport weather\"}]},{\"@type\":\"WebSite\",\"@id\":\"https:\\\/\\\/istanbul-ist-international-airport.com\\\/pt\\\/#website\",\"url\":\"https:\\\/\\\/istanbul-ist-international-airport.com\\\/pt\\\/\",\"name\":\"Istanbul International Airport (IST) - Turkey&#039;s new airport\",\"description\":\"Navigating Istanbul International Airport: A Traveler\u2019s Guide.\",\"potentialAction\":[{\"@type\":\"SearchAction\",\"target\":{\"@type\":\"EntryPoint\",\"urlTemplate\":\"https:\\\/\\\/istanbul-ist-international-airport.com\\\/pt\\\/?s={search_term_string}\"},\"query-input\":{\"@type\":\"PropertyValueSpecification\",\"valueRequired\":true,\"valueName\":\"search_term_string\"}}],\"inLanguage\":\"pt-PT\"}]}<\/script>\n<!-- \/ Yoast SEO plugin. -->","yoast_head_json":{"title":"Clima no aeroporto de Istambul - Aeroporto Internacional de Istambul (IST) - O novo aeroporto da Turquia","robots":{"index":"index","follow":"follow","max-snippet":"max-snippet:-1","max-image-preview":"max-image-preview:large","max-video-preview":"max-video-preview:-1"},"canonical":"https:\/\/istanbul-ist-international-airport.com\/pt\/weather\/","og_locale":"pt_PT","og_type":"article","og_title":"Istanbul airport weather - Istanbul International Airport (IST) - Turkey&#039;s new airport","og_description":"Istanbul International Airport (IST)&nbsp;&gt;&nbsp;About&nbsp;&nbsp;&gt;&nbsp;Istanbul airport weather Istanbul airport weather In this webpage you can find all the information regarding&nbsp;Istanbul International Airport (IST):","og_url":"https:\/\/istanbul-ist-international-airport.com\/pt\/weather\/","og_site_name":"Istanbul International Airport (IST) - Turkey&#039;s new airport","article_modified_time":"2025-09-13T11:42:30+00:00","og_image":[{"width":2160,"height":825,"url":"https:\/\/istanbul-ist-international-airport.com\/wp-content\/uploads\/2025\/09\/about.jpg","type":"image\/jpeg"}],"twitter_card":"summary_large_image","twitter_misc":{"Tempo estimado de leitura":"1 minuto"},"schema":{"@context":"https:\/\/schema.org","@graph":[{"@type":"WebPage","@id":"https:\/\/istanbul-ist-international-airport.com\/pt\/weather\/","url":"https:\/\/istanbul-ist-international-airport.com\/pt\/weather\/","name":"Clima no aeroporto de Istambul - Aeroporto Internacional de Istambul (IST) - O novo aeroporto da Turquia","isPartOf":{"@id":"https:\/\/istanbul-ist-international-airport.com\/pt\/#website"},"primaryImageOfPage":{"@id":"https:\/\/istanbul-ist-international-airport.com\/pt\/weather\/#primaryimage"},"image":{"@id":"https:\/\/istanbul-ist-international-airport.com\/pt\/weather\/#primaryimage"},"thumbnailUrl":"https:\/\/istanbul-ist-international-airport.com\/wp-content\/uploads\/2025\/09\/about.jpg","datePublished":"2025-09-10T14:22:47+00:00","dateModified":"2025-09-13T11:42:30+00:00","breadcrumb":{"@id":"https:\/\/istanbul-ist-international-airport.com\/pt\/weather\/#breadcrumb"},"inLanguage":"pt-PT","potentialAction":[{"@type":"ReadAction","target":["https:\/\/istanbul-ist-international-airport.com\/pt\/weather\/"]}]},{"@type":"ImageObject","inLanguage":"pt-PT","@id":"https:\/\/istanbul-ist-international-airport.com\/pt\/weather\/#primaryimage","url":"https:\/\/istanbul-ist-international-airport.com\/wp-content\/uploads\/2025\/09\/about.jpg","contentUrl":"https:\/\/istanbul-ist-international-airport.com\/wp-content\/uploads\/2025\/09\/about.jpg","width":2160,"height":825},{"@type":"BreadcrumbList","@id":"https:\/\/istanbul-ist-international-airport.com\/pt\/weather\/#breadcrumb","itemListElement":[{"@type":"ListItem","position":1,"name":"Home","item":"https:\/\/istanbul-ist-international-airport.com\/"},{"@type":"ListItem","position":2,"name":"Istanbul airport weather"}]},{"@type":"WebSite","@id":"https:\/\/istanbul-ist-international-airport.com\/pt\/#website","url":"https:\/\/istanbul-ist-international-airport.com\/pt\/","name":"Istanbul International Airport (IST) - Turkey&#039;s new airport","description":"Navigating Istanbul International Airport: A Traveler\u2019s Guide.","potentialAction":[{"@type":"SearchAction","target":{"@type":"EntryPoint","urlTemplate":"https:\/\/istanbul-ist-international-airport.com\/pt\/?s={search_term_string}"},"query-input":{"@type":"PropertyValueSpecification","valueRequired":true,"valueName":"search_term_string"}}],"inLanguage":"pt-PT"}]}},"_links":{"self":[{"href":"https:\/\/istanbul-ist-international-airport.com\/pt\/wp-json\/wp\/v2\/pages\/3469","targetHints":{"allow":["GET"]}}],"collection":[{"href":"https:\/\/istanbul-ist-international-airport.com\/pt\/wp-json\/wp\/v2\/pages"}],"about":[{"href":"https:\/\/istanbul-ist-international-airport.com\/pt\/wp-json\/wp\/v2\/types\/page"}],"author":[{"embeddable":true,"href":"https:\/\/istanbul-ist-international-airport.com\/pt\/wp-json\/wp\/v2\/users\/1"}],"replies":[{"embeddable":true,"href":"https:\/\/istanbul-ist-international-airport.com\/pt\/wp-json\/wp\/v2\/comments?post=3469"}],"version-history":[{"count":5,"href":"https:\/\/istanbul-ist-international-airport.com\/pt\/wp-json\/wp\/v2\/pages\/3469\/revisions"}],"predecessor-version":[{"id":3765,"href":"https:\/\/istanbul-ist-international-airport.com\/pt\/wp-json\/wp\/v2\/pages\/3469\/revisions\/3765"}],"wp:featuredmedia":[{"embeddable":true,"href":"https:\/\/istanbul-ist-international-airport.com\/pt\/wp-json\/wp\/v2\/media\/3752"}],"wp:attachment":[{"href":"https:\/\/istanbul-ist-international-airport.com\/pt\/wp-json\/wp\/v2\/media?parent=3469"}],"curies":[{"name":"wp","href":"https:\/\/api.w.org\/{rel}","templated":true}]}}