{"id":3473,"date":"2025-09-10T17:23:06","date_gmt":"2025-09-10T14:23:06","guid":{"rendered":"http:\/\/147.182.243.37\/?page_id=3473"},"modified":"2025-09-13T14:46:50","modified_gmt":"2025-09-13T11:46:50","slug":"metro-istanbul-airport","status":"publish","type":"page","link":"https:\/\/istanbul-ist-international-airport.com\/pt\/metro-istanbul-airport\/","title":{"rendered":"Linha m11 do Metr\u00f4 do Aeroporto de Istambul"},"content":{"rendered":"<h2 itemprop=\"alternateName\" class=\"wp-block-heading\"><strong>Conhecer o Metro do Aeroporto de Istambul<\/strong><\/h2>\n\n\n\n<p>Milh\u00f5es de passageiros viajam diariamente para o Aeroporto de Istambul. V\u00e1rias companhias a\u00e9reas aterram os seus voos de Espanha (Sevilha\/SVQ, Madrid\/MAD, Barcelona\/BCN), China (Pequim Daxing\/PKX), Gr\u00e9cia (Santorini\/JTR, Atenas\/ATH, Portugal (Lisboa\/LIS) Mykonos\/JMK, Sal\u00f3nica\/SKG), Hungria (Budapeste\/BUD), Reino Unido (Heathrow\/LHR), Rep\u00fablica Checa (Praga\/PRG), Fran\u00e7a (Paris\/CDG), Alemanha (Berlim\/BER), It\u00e1lia (Roma\/FCO), EUA (Nova Iorque\/JFK, Miami\/MIA), Pa\u00edses Baixos (Amesterd\u00e3o\/AMS), alguns at\u00e9 voam da Argentina (Buenos Aires\/EZE) ou do Canad\u00e1 (Toronto\/YYZ) e dos EAU (Dubai\/DXB). No entanto, quando chegam e se dirigem para o nov\u00edssimo Aeroporto de Istambul, a primeira coisa que querem saber depois dos seus voos aterrarem \u00e9 como obter servi\u00e7os de transfer seguros, r\u00e1pidos e fi\u00e1veis para a cidade de Istambul.<\/p>\n\n\n\n<p>Apesar de v\u00e1rios hot\u00e9is disponibilizarem os seus transfers privados de\/para Istambul a partir do aeroporto, e de existir uma esta\u00e7\u00e3o de autocarros, t\u00e1xis e aluguer de carros dentro do aeroporto, todas estas op\u00e7\u00f5es de transporte s\u00e3o bastante demoradas e, bem, bastante caras. Al\u00e9m disso, os alugueres exigem que o viajante seja um condutor experiente e equipado, uma vez que o tr\u00e2nsito de Istambul \u00e9 terr\u00edvel, e o transporte de autocarro \u00e9 frequentemente complexo, pois para autocarros que fa\u00e7am um percurso mais longo do que Sultanahmet ou a Pra\u00e7a Taksim, \u00e9 necess\u00e1rio mudar de autocarro algumas vezes. Os t\u00e1xis s\u00e3o bastante complicados. Quanto ao transfer privado pessoal, nem todos os hot\u00e9is o disponibilizam e, se um passageiro decidir ficar, por exemplo, no Yotel do aeroporto, n\u00e3o h\u00e1 transfer privado dispon\u00edvel neste caso atrav\u00e9s do hotel. No entanto, uma longa escala antes das suas partidas n\u00e3o deve ser confusa e a sua viagem para Istambul n\u00e3o deve ser problem\u00e1tica. Esta \u00e9 uma declara\u00e7\u00e3o de exonera\u00e7\u00e3o de responsabilidade do nosso guia. No entanto, existe uma forma super-r\u00e1pida e h\u00e1 muito aguardada de chegar a quase todo o lado em Istambul a partir do novo aeroporto. Estamos a falar do metro! O metro de Istambul e as suas oportunidades para&nbsp;<a href=\"https:\/\/istanbul-ist-international-airport.com\/\">Istanbul International Airport<\/a>&nbsp;os passageiros s\u00e3o os principais t\u00f3picos do nosso guia, e seria \u00fatil. Vamos experimentar o que \u00e9 o metro do Aeroporto de Istambul.<br>Vamos considerar em detalhe o que \u00e9 o metro de Istambul e a sua linha espec\u00edfica M11 de Istambul que liga todos os principais distritos da cidade ao aeroporto, como chegar ao centro da cidade usando-o e quanto custa viajar de metro.<br>Sabia que a empresa da linha de metro M11 que liga o aeroporto \u00e0 cidade tem um novo itiner\u00e1rio que fala ingl\u00eas? Come\u00e7ou a operar a vinte e dois de janeiro de 2023. Atualmente, \u00e9 o meio de transporte mais r\u00e1pido, com 41,2 km de extens\u00e3o e 16 paragens planeadas, que come\u00e7a em Arnavutkoy EYP e ter\u00e1 120 km de extens\u00e3o no futuro. \u00c9 a segunda maior linha de metro em termos de extens\u00e3o.<br>O projeto do metro do aeroporto combina as mais recentes vantagens tecnol\u00f3gicas, como comboios de alta velocidade sem condutor e pagamentos Instabulkart sem contacto, com o esp\u00edrito tradicional da Turquia. O comprimento exato estimado da linha de metro M11 ser\u00e1 de 69 km, o que constitui um recorde n\u00e3o s\u00f3 para o metro de Istambul, mas para o mundo inteiro. Apenas o metro de Moscovo, com 120 km, o supera.<\/p>\n\n\n\n<h3 itemprop=\"alternateName\" class=\"wp-block-heading\"><strong>Esta\u00e7\u00f5es de metro no Aeroporto de Istambul<\/strong><\/h3>\n\n\n\n<p>Atualmente, a linha de metro do aeroporto consiste num total de 16 esta\u00e7\u00f5es com a oportunidade de passar para outra linha, nomeadamente, as linhas de metro M2 e M7. Infelizmente, n\u00e3o a pode utilizar para o lado oposto de Istambul, pois, tal como o aeroporto, a M11 encontra-se no seu lado europeu e serve os seus distritos. Assim, os passageiros que pretendem chegar a SAW, t\u00eam de encontrar um transbordo. As seguintes esta\u00e7\u00f5es formam a rede que se estende de Halkali com o seu t\u00e9rmino em Gayrettepe: 1. Gayrettepe e Zincirlikuyu s\u00e3o o ponto de partida no centro de Istambul com os transbordos de autocarro para mais de 10 rotas da IETT.<br>2. K\u00e2\u011f\u0131thane tamb\u00e9m tem plataformas IETT. Ao chegarem a K\u00e2\u011f\u0131thane, os passageiros podem visitar o fabuloso ribeiro K\u00e2\u011f\u0131thane.<br>3. Hasdal em Ey\u00fcp \u00e9 a porta de entrada para a nova universidade de Istambul.<br>4. A esta\u00e7\u00e3o de Kemerburgaz une o aeroporto \u00e0 cidade de Kemerburgaz.<br>5. A esta\u00e7\u00e3o de G\u00f6kt\u00fcrk recebe funcion\u00e1rios florestais locais.<br>6. Esta\u00e7\u00e3o de Hsaniye, que fica no distrito de Ihsaniye.<br>7-9 s\u00e3o esta\u00e7\u00f5es no Aeroporto de Istambul, nomeadamente, no Terminal 2, a sa\u00edda central do aeroporto e o seu terminal de carga.<br>10. Tasoluk \u00e9 a esta\u00e7\u00e3o em Arnavutkoy.<br>11. A pr\u00f3pria esta\u00e7\u00e3o de Arnavutk\u00f6y Hastane, que fica no centro do distrito.<br>12. Fenertepe tamb\u00e9m oferece transferes de autocarro para as linhas de transporte p\u00fablico.<br>13. Kayasehir Merkez no distrito de Basaksehir.<br>14. A esta\u00e7\u00e3o Est\u00e1dio Ol\u00edmpico \u00e9 uma esta\u00e7\u00e3o de metro popular perto do Est\u00e1dio Ol\u00edmpico Atat\u00fcrk.<br>15-16. Finalmente, o metro termina em Halkali Stadi.<br>Estas esta\u00e7\u00f5es da linha M11 foram projetadas de forma consistente com o tro\u00e7o K\u00e2\u011fithane-Aeroporto de Istambul de 34 km constru\u00eddo at\u00e9 janeiro de 2023, o tro\u00e7o Gayrettepe-K\u00e2\u011fithane inaugurado em janeiro de 2024, o tro\u00e7o Arnavutkoy Hastane-Aeroporto de Istambul lan\u00e7ado em mar\u00e7o de 2024, sendo que a \u00faltima parte tem o in\u00edcio da sua opera\u00e7\u00e3o previsto para aproximadamente o in\u00edcio do semestre de 2025.<br>Mais informa\u00e7\u00f5es podem ser obtidas atrav\u00e9s do t\u00e3o aguardado link, destinado a proporcionar mais conforto aos viajantes.<\/p>\n\n\n\n<h3 itemprop=\"alternateName\" class=\"wp-block-heading\"><strong>Tarif\u00e1rios e bilhetes<\/strong><\/h3>\n\n\n\n<p>O Metro do Aeroporto de Istambul oferece compras de bilhetes confort\u00e1veis, como esperado. Assim, pode pagar a sua viagem com o Istanbulkart autom\u00e1tico, um cart\u00e3o que pode comprar e carregar com dinheiro e gast\u00e1-lo em cada viagem de metro durante a sua viagem.<br>Por favor, tenha em aten\u00e7\u00e3o que n\u00e3o necessita de um Istanbulkart para cada membro da fam\u00edlia, sendo que um \u00fanico Istanbulkart pode ser usado para comprar bilhetes de metro para 5 passageiros. Al\u00e9m disso, uma crian\u00e7a com idade inferior a 6 anos n\u00e3o necessita de bilhete.<br>O custo de um bilhete para uma \u00fanica viagem no metro M11 desde o aeroporto \u00e9 de 16,99 TL, tornando este meio de transporte na op\u00e7\u00e3o mais acess\u00edvel e f\u00e1cil para os passageiros do aeroporto. Pode pagar o seu Istanbulkart em dinheiro ou utilizando os seus cart\u00f5es banc\u00e1rios e sistemas de pagamento contactless e pode obt\u00ea-los diretamente na aplica\u00e7\u00e3o do aeroporto. Se ficar sem saldo, o seu Istanbulkart \u00e9 recarreg\u00e1vel e pode recarreg\u00e1-lo em qualquer esta\u00e7\u00e3o de metro, em pontos de pagamento oficiais ou n\u00e3o oficiais.<\/p>\n\n\n\n<h3 itemprop=\"alternateName\" class=\"wp-block-heading\"><strong>A import\u00e2ncia da linha de metro<\/strong><\/h3>\n\n\n\n<p>A constru\u00e7\u00e3o da linha de metro \u00e9 de extrema import\u00e2ncia para o Aeroporto de Istambul. Visa minimizar o tempo de transporte. Ap\u00f3s o lan\u00e7amento, o aeroporto e v\u00e1rios distritos ficaram ligados. O mais crucial \u00e9 que os passageiros do aeroporto tenham a possibilidade de chegar confortavelmente, a alta velocidade e por um pre\u00e7o moderado a outras partes da cidade. Seguindo o link da empresa de explora\u00e7\u00e3o do metro, pode contactar as autoridades locais do metro e selecionar esta\u00e7\u00f5es com valor semelhante.<\/p>\n\n\n\n<h2 itemprop=\"alternateName\" class=\"wp-block-heading\"><strong>Hor\u00e1rio da linha de metro do Aeroporto de Istambul<\/strong><\/h2>\n\n\n\n<p>Por favor, note que o metro de Istambul opera das 6h00 \u00e0 meia-noite com um intervalo m\u00e1ximo de 30 minutos entre comboios. Se as suas chegadas forem depois da meia-noite, ter\u00e1 de passar a noite no aeroporto e, em seguida, utilizar o transporte M11. No entanto, a sua escala pode ser agrad\u00e1vel, uma vez que o aeroporto oferece muitas comodidades.<\/p>\n\n\n\n<h2 itemprop=\"alternateName\" class=\"wp-block-heading\"><strong>A esta\u00e7\u00e3o de metro no Aeroporto de Istambul<\/strong><\/h2>\n\n\n\n<p>A esta\u00e7\u00e3o de metro situada no aeroporto pode ser encontrada seguindo sinais especiais perto da zona de estacionamento. Siga-os ap\u00f3s ter efetuado as suas chegadas e passado o controlo de seguran\u00e7a. Uma dica: a esta\u00e7\u00e3o de metro no aeroporto est\u00e1 localizada em frente ao parque de estacionamento, perto da entrada\/sa\u00edda 11. Tem de percorrer uma dist\u00e2ncia de 300 metros desde o terminal ISN para chegar aqui. Embora o terminal IST seja vasto, pode ser complicado chegar \u00e0 esta\u00e7\u00e3o de metro, por isso, reservar algum tempo para isso \u00e9 uma boa ideia.<\/p>\n\n\n\n<h2 itemprop=\"alternateName\" class=\"wp-block-heading\"><strong>Pre\u00e7os do metro de e para o Aeroporto de Istambul<\/strong><\/h2>\n\n\n\n<p>Os pre\u00e7os dos transportes no metro est\u00e3o a progredir e dependem do n\u00famero de esta\u00e7\u00f5es que atravessa.<\/p>\n\n\n\n<ul class=\"wp-block-list\">\n<li>1-3 esta\u00e7\u00f5es \u2013 12,67 TL<\/li>\n\n\n\n<li>4-6 esta\u00e7\u00f5es \u2013 14,51 TL<\/li>\n\n\n\n<li>7-8 esta\u00e7\u00f5es \u2013 16,28 TL<\/li>\n\n\n\n<li>9-10 esta\u00e7\u00f5es \u2013 18,05 TL<\/li>\n<\/ul>\n\n\n\n<p>Os Istanbulkarts oferecem entre 1 a 2 transfer\u00eancias no meio da sua viagem, inclu\u00eddas no pre\u00e7o do bilhete de ida adquirido e carregado. Sinta-se \u00e0 vontade para usar.<\/p>","protected":false},"excerpt":{"rendered":"<p>Getting to know Istanbul Airport Metro Millions of passengers travel to Istanbul Airport each day. Various airlines land their flights from Spain (Seville\/SVQ. Madrid\/MAD, Barcelona\/BCN), China (Beijing Daxing\/PKX), Greece (Santorini\/JTR, Athens\/ATH, Portugal (Lisbon\/LIS) Mykonos\/JMK, Thessaloniki\/SKG), Hungary (Budapest\/BUD), the UK (Heathrow\/LHR) Czech Republic (Prague\/PRG), France (Paris\/CDG), Germany (Berlin\/BER), Italy (Rome\/FCO), USA (New York\/JFK, Miami\/MIA), Netherlands (Amsterdam\/AMS), [&hellip;]<\/p>","protected":false},"author":1,"featured_media":3724,"parent":0,"menu_order":0,"comment_status":"closed","ping_status":"closed","template":"home.php","meta":{"_acf_changed":false,"footnotes":""},"class_list":["post-3473","page","type-page","status-publish","has-post-thumbnail","hentry"],"acf":[],"yoast_head":"<!-- This site is optimized with the Yoast SEO plugin v27.4 - https:\/\/yoast.com\/product\/yoast-seo-wordpress\/ -->\n<title>Metro Istanbul Airport line m11 - Istanbul International Airport (IST) - Turkey&#039;s new airport<\/title>\n<meta name=\"robots\" content=\"index, follow, max-snippet:-1, max-image-preview:large, max-video-preview:-1\" \/>\n<link rel=\"canonical\" href=\"https:\/\/istanbul-ist-international-airport.com\/pt\/metro-istanbul-airport\/\" \/>\n<meta property=\"og:locale\" content=\"pt_PT\" \/>\n<meta property=\"og:type\" content=\"article\" \/>\n<meta property=\"og:title\" content=\"Metro Istanbul Airport line m11 - Istanbul International Airport (IST) - Turkey&#039;s new airport\" \/>\n<meta property=\"og:description\" content=\"Getting to know Istanbul Airport Metro Millions of passengers travel to Istanbul Airport each day. Various airlines land their flights from Spain (Seville\/SVQ. Madrid\/MAD, Barcelona\/BCN), China (Beijing Daxing\/PKX), Greece (Santorini\/JTR, Athens\/ATH, Portugal (Lisbon\/LIS) Mykonos\/JMK, Thessaloniki\/SKG), Hungary (Budapest\/BUD), the UK (Heathrow\/LHR) Czech Republic (Prague\/PRG), France (Paris\/CDG), Germany (Berlin\/BER), Italy (Rome\/FCO), USA (New York\/JFK, Miami\/MIA), Netherlands (Amsterdam\/AMS), [&hellip;]\" \/>\n<meta property=\"og:url\" content=\"https:\/\/istanbul-ist-international-airport.com\/pt\/metro-istanbul-airport\/\" \/>\n<meta property=\"og:site_name\" content=\"Istanbul International Airport (IST) - Turkey&#039;s new airport\" \/>\n<meta property=\"article:modified_time\" content=\"2025-09-13T11:46:50+00:00\" \/>\n<meta property=\"og:image\" content=\"https:\/\/istanbul-ist-international-airport.com\/wp-content\/uploads\/2025\/09\/s2.jpg\" \/>\n\t<meta property=\"og:image:width\" content=\"2160\" \/>\n\t<meta property=\"og:image:height\" content=\"825\" \/>\n\t<meta property=\"og:image:type\" content=\"image\/jpeg\" \/>\n<meta name=\"twitter:card\" content=\"summary_large_image\" \/>\n<meta name=\"twitter:label1\" content=\"Tempo estimado de leitura\" \/>\n\t<meta name=\"twitter:data1\" content=\"6 minutos\" \/>\n<script type=\"application\/ld+json\" class=\"yoast-schema-graph\">{\"@context\":\"https:\\\/\\\/schema.org\",\"@graph\":[{\"@type\":\"WebPage\",\"@id\":\"https:\\\/\\\/istanbul-ist-international-airport.com\\\/pt\\\/metro-istanbul-airport\\\/\",\"url\":\"https:\\\/\\\/istanbul-ist-international-airport.com\\\/pt\\\/metro-istanbul-airport\\\/\",\"name\":\"Metro Istanbul Airport line m11 - Istanbul International Airport (IST) - Turkey&#039;s new airport\",\"isPartOf\":{\"@id\":\"https:\\\/\\\/istanbul-ist-international-airport.com\\\/pt\\\/#website\"},\"primaryImageOfPage\":{\"@id\":\"https:\\\/\\\/istanbul-ist-international-airport.com\\\/pt\\\/metro-istanbul-airport\\\/#primaryimage\"},\"image\":{\"@id\":\"https:\\\/\\\/istanbul-ist-international-airport.com\\\/pt\\\/metro-istanbul-airport\\\/#primaryimage\"},\"thumbnailUrl\":\"https:\\\/\\\/istanbul-ist-international-airport.com\\\/wp-content\\\/uploads\\\/2025\\\/09\\\/s2.jpg\",\"datePublished\":\"2025-09-10T14:23:06+00:00\",\"dateModified\":\"2025-09-13T11:46:50+00:00\",\"breadcrumb\":{\"@id\":\"https:\\\/\\\/istanbul-ist-international-airport.com\\\/pt\\\/metro-istanbul-airport\\\/#breadcrumb\"},\"inLanguage\":\"pt-PT\",\"potentialAction\":[{\"@type\":\"ReadAction\",\"target\":[\"https:\\\/\\\/istanbul-ist-international-airport.com\\\/pt\\\/metro-istanbul-airport\\\/\"]}]},{\"@type\":\"ImageObject\",\"inLanguage\":\"pt-PT\",\"@id\":\"https:\\\/\\\/istanbul-ist-international-airport.com\\\/pt\\\/metro-istanbul-airport\\\/#primaryimage\",\"url\":\"https:\\\/\\\/istanbul-ist-international-airport.com\\\/wp-content\\\/uploads\\\/2025\\\/09\\\/s2.jpg\",\"contentUrl\":\"https:\\\/\\\/istanbul-ist-international-airport.com\\\/wp-content\\\/uploads\\\/2025\\\/09\\\/s2.jpg\",\"width\":2160,\"height\":825},{\"@type\":\"BreadcrumbList\",\"@id\":\"https:\\\/\\\/istanbul-ist-international-airport.com\\\/pt\\\/metro-istanbul-airport\\\/#breadcrumb\",\"itemListElement\":[{\"@type\":\"ListItem\",\"position\":1,\"name\":\"Home\",\"item\":\"https:\\\/\\\/istanbul-ist-international-airport.com\\\/\"},{\"@type\":\"ListItem\",\"position\":2,\"name\":\"Metro Istanbul Airport line m11\"}]},{\"@type\":\"WebSite\",\"@id\":\"https:\\\/\\\/istanbul-ist-international-airport.com\\\/pt\\\/#website\",\"url\":\"https:\\\/\\\/istanbul-ist-international-airport.com\\\/pt\\\/\",\"name\":\"Istanbul International Airport (IST) - Turkey&#039;s new airport\",\"description\":\"Navigating Istanbul International Airport: A Traveler\u2019s Guide.\",\"potentialAction\":[{\"@type\":\"SearchAction\",\"target\":{\"@type\":\"EntryPoint\",\"urlTemplate\":\"https:\\\/\\\/istanbul-ist-international-airport.com\\\/pt\\\/?s={search_term_string}\"},\"query-input\":{\"@type\":\"PropertyValueSpecification\",\"valueRequired\":true,\"valueName\":\"search_term_string\"}}],\"inLanguage\":\"pt-PT\"}]}<\/script>\n<!-- \/ Yoast SEO plugin. -->","yoast_head_json":{"title":"Metro Istanbul Airport line m11 - Istanbul International Airport (IST) - Turkey's new airport","robots":{"index":"index","follow":"follow","max-snippet":"max-snippet:-1","max-image-preview":"max-image-preview:large","max-video-preview":"max-video-preview:-1"},"canonical":"https:\/\/istanbul-ist-international-airport.com\/pt\/metro-istanbul-airport\/","og_locale":"pt_PT","og_type":"article","og_title":"Metro Istanbul Airport line m11 - Istanbul International Airport (IST) - Turkey&#039;s new airport","og_description":"Getting to know Istanbul Airport Metro Millions of passengers travel to Istanbul Airport each day. Various airlines land their flights from Spain (Seville\/SVQ. Madrid\/MAD, Barcelona\/BCN), China (Beijing Daxing\/PKX), Greece (Santorini\/JTR, Athens\/ATH, Portugal (Lisbon\/LIS) Mykonos\/JMK, Thessaloniki\/SKG), Hungary (Budapest\/BUD), the UK (Heathrow\/LHR) Czech Republic (Prague\/PRG), France (Paris\/CDG), Germany (Berlin\/BER), Italy (Rome\/FCO), USA (New York\/JFK, Miami\/MIA), Netherlands (Amsterdam\/AMS), [&hellip;]","og_url":"https:\/\/istanbul-ist-international-airport.com\/pt\/metro-istanbul-airport\/","og_site_name":"Istanbul International Airport (IST) - Turkey&#039;s new airport","article_modified_time":"2025-09-13T11:46:50+00:00","og_image":[{"width":2160,"height":825,"url":"https:\/\/istanbul-ist-international-airport.com\/wp-content\/uploads\/2025\/09\/s2.jpg","type":"image\/jpeg"}],"twitter_card":"summary_large_image","twitter_misc":{"Tempo estimado de leitura":"6 minutos"},"schema":{"@context":"https:\/\/schema.org","@graph":[{"@type":"WebPage","@id":"https:\/\/istanbul-ist-international-airport.com\/pt\/metro-istanbul-airport\/","url":"https:\/\/istanbul-ist-international-airport.com\/pt\/metro-istanbul-airport\/","name":"Metro Istanbul Airport line m11 - Istanbul International Airport (IST) - Turkey's new airport","isPartOf":{"@id":"https:\/\/istanbul-ist-international-airport.com\/pt\/#website"},"primaryImageOfPage":{"@id":"https:\/\/istanbul-ist-international-airport.com\/pt\/metro-istanbul-airport\/#primaryimage"},"image":{"@id":"https:\/\/istanbul-ist-international-airport.com\/pt\/metro-istanbul-airport\/#primaryimage"},"thumbnailUrl":"https:\/\/istanbul-ist-international-airport.com\/wp-content\/uploads\/2025\/09\/s2.jpg","datePublished":"2025-09-10T14:23:06+00:00","dateModified":"2025-09-13T11:46:50+00:00","breadcrumb":{"@id":"https:\/\/istanbul-ist-international-airport.com\/pt\/metro-istanbul-airport\/#breadcrumb"},"inLanguage":"pt-PT","potentialAction":[{"@type":"ReadAction","target":["https:\/\/istanbul-ist-international-airport.com\/pt\/metro-istanbul-airport\/"]}]},{"@type":"ImageObject","inLanguage":"pt-PT","@id":"https:\/\/istanbul-ist-international-airport.com\/pt\/metro-istanbul-airport\/#primaryimage","url":"https:\/\/istanbul-ist-international-airport.com\/wp-content\/uploads\/2025\/09\/s2.jpg","contentUrl":"https:\/\/istanbul-ist-international-airport.com\/wp-content\/uploads\/2025\/09\/s2.jpg","width":2160,"height":825},{"@type":"BreadcrumbList","@id":"https:\/\/istanbul-ist-international-airport.com\/pt\/metro-istanbul-airport\/#breadcrumb","itemListElement":[{"@type":"ListItem","position":1,"name":"Home","item":"https:\/\/istanbul-ist-international-airport.com\/"},{"@type":"ListItem","position":2,"name":"Metro Istanbul Airport line m11"}]},{"@type":"WebSite","@id":"https:\/\/istanbul-ist-international-airport.com\/pt\/#website","url":"https:\/\/istanbul-ist-international-airport.com\/pt\/","name":"Istanbul International Airport (IST) - Turkey&#039;s new airport","description":"Navigating Istanbul International Airport: A Traveler\u2019s Guide.","potentialAction":[{"@type":"SearchAction","target":{"@type":"EntryPoint","urlTemplate":"https:\/\/istanbul-ist-international-airport.com\/pt\/?s={search_term_string}"},"query-input":{"@type":"PropertyValueSpecification","valueRequired":true,"valueName":"search_term_string"}}],"inLanguage":"pt-PT"}]}},"_links":{"self":[{"href":"https:\/\/istanbul-ist-international-airport.com\/pt\/wp-json\/wp\/v2\/pages\/3473","targetHints":{"allow":["GET"]}}],"collection":[{"href":"https:\/\/istanbul-ist-international-airport.com\/pt\/wp-json\/wp\/v2\/pages"}],"about":[{"href":"https:\/\/istanbul-ist-international-airport.com\/pt\/wp-json\/wp\/v2\/types\/page"}],"author":[{"embeddable":true,"href":"https:\/\/istanbul-ist-international-airport.com\/pt\/wp-json\/wp\/v2\/users\/1"}],"replies":[{"embeddable":true,"href":"https:\/\/istanbul-ist-international-airport.com\/pt\/wp-json\/wp\/v2\/comments?post=3473"}],"version-history":[{"count":2,"href":"https:\/\/istanbul-ist-international-airport.com\/pt\/wp-json\/wp\/v2\/pages\/3473\/revisions"}],"predecessor-version":[{"id":3769,"href":"https:\/\/istanbul-ist-international-airport.com\/pt\/wp-json\/wp\/v2\/pages\/3473\/revisions\/3769"}],"wp:featuredmedia":[{"embeddable":true,"href":"https:\/\/istanbul-ist-international-airport.com\/pt\/wp-json\/wp\/v2\/media\/3724"}],"wp:attachment":[{"href":"https:\/\/istanbul-ist-international-airport.com\/pt\/wp-json\/wp\/v2\/media?parent=3473"}],"curies":[{"name":"wp","href":"https:\/\/api.w.org\/{rel}","templated":true}]}}