{"id":3411,"date":"2025-09-10T17:14:24","date_gmt":"2025-09-10T14:14:24","guid":{"rendered":"http:\/\/147.182.243.37\/?page_id=3411"},"modified":"2025-09-13T11:21:47","modified_gmt":"2025-09-13T08:21:47","slug":"istanbul-arrivals","status":"publish","type":"page","link":"https:\/\/istanbul-ist-international-airport.com\/tr\/istanbul-arrivals\/","title":{"rendered":"Istanbul Airport Arrivals"},"content":{"rendered":"<iframe loading=\"lazy\" frameborder=\"0\" style=\"border:0; width: 100%; height: 95%; min-height: 650px; margin:0; padding:0;\" src=\"https:\/\/www.avionio.com\/widget\/en\/ist\/arrivals\"><\/iframe>\n\n\n\n<h2 itemprop=\"alternateName\" class=\"wp-block-heading\"><strong>\u0130stanbul Havaliman\u0131'nda (IST) var\u0131\u015flar ve kalk\u0131\u015flar<\/strong><\/h2>\n\n\n\n<p><a href=\"https:\/\/istanbul-ist-international-airport.com\/\">Istanbul International Airport<\/a>&nbsp;son y\u0131llarda d\u00fcnya genelinde en yo\u011fun u\u00e7u\u015f merkezlerinden biri ve Avrupa'n\u0131n en yo\u011fun merkezidir.<\/p>\n\n\n\n<p><strong>IST'nin yurt i\u00e7i ve k\u0131talararas\u0131 u\u00e7u\u015flar da dahil olmak \u00fczere g\u00fcnde 1.375'in \u00fczerinde u\u00e7u\u015fa ev sahipli\u011fi yapt\u0131\u011f\u0131n\u0131 biliyor muydunuz?<\/strong><\/p>\n\n\n\n<p>\u0130stanbul Havaliman\u0131'ndaki g\u00fcncel var\u0131\u015f ve kalk\u0131\u015f tarifesi hakk\u0131nda en g\u00fcncel bilgileri a\u015fa\u011f\u0131daki yollarla edinebilirsiniz:<\/p>\n\n\n\n<ol class=\"wp-block-list\">\n<li>Havaliman\u0131ndaki u\u00e7u\u015f tarifesini bilgi ekranlar\u0131ndan kontrol edin.<\/li>\n\n\n\n<li>Yukar\u0131da belirtti\u011fimiz tabloyu kullan\u0131n veya havaliman\u0131n\u0131n resmi sitesinden kontrol edin.<br>\u2060<\/li>\n\n\n\n<li>\u0130stanbul Uluslararas\u0131 Havaliman\u0131 uygulamas\u0131n\u0131 indirerek u\u00e7u\u015flar\u0131 ger\u00e7ek zamanl\u0131 olarak takip edin.<\/li>\n<\/ol>\n\n\n\n<h2 itemprop=\"alternateName\" class=\"wp-block-heading\"><strong>\u0130stanbul havaliman\u0131nda gidi\u015f u\u00e7u\u015fum i\u00e7in ne zaman check-in yapmam gerekiyor?<\/strong><\/h2>\n\n\n\n<p>\u00c7o\u011fu havayolu \u015firketi web sitelerinde online check-in yapma olana\u011f\u0131 sunsa da, u\u00e7a\u011fa binmek i\u00e7in t\u00fcm prosed\u00fcrleri tamamlamak biraz zaman alacakt\u0131r. Bu nedenle, IST'den ba\u015far\u0131l\u0131 bir \u015fekilde ayr\u0131lman\u0131z i\u00e7in birka\u00e7 ipucu var.<\/p>\n\n\n\n<ul class=\"wp-block-list\">\n<li>Her zamanki gibi, yurt i\u00e7i veya k\u0131sa mesafeli u\u00e7u\u015flar olmas\u0131 durumunda, u\u00e7u\u015ftan en ge\u00e7 2 saat \u00f6nce havaliman\u0131na varmak bir kurald\u0131r. Uzun mesafeli bir gidi\u015f u\u00e7u\u015fu s\u00f6z konusu oldu\u011funda, kalk\u0131\u015ftan en az 3 saat \u00f6nce havaliman\u0131na gitmek daha iyidir.<\/li>\n\n\n\n<li>Havaliman\u0131 geni\u015f oldu\u011fundan ve kalk\u0131\u015f yapaca\u011f\u0131n\u0131z terminale ve kap\u0131ya ula\u015fmak genellikle zaman ald\u0131\u011f\u0131ndan, bagaj\u0131n\u0131z\u0131 teslim etmek ve kap\u0131n\u0131za gitmek i\u00e7in her zaman zaman ay\u0131rmay\u0131 d\u00fc\u015f\u00fcn\u00fcn.<\/li>\n\n\n\n<li>U\u00e7u\u015f operat\u00f6r\u00fcn\u00fcz\u00fcn sitesinde check-in kurallar\u0131n\u0131 kontrol edin. Ek olarak havaalan\u0131nda \u015fahsen check-in yapman\u0131z gerekirse, ge\u00e7 kalmamak i\u00e7in buna daha fazla zaman ay\u0131r\u0131n.<\/li>\n<\/ul>\n\n\n\n<p>Her durumda, \u00e7ok erken var\u0131rsan\u0131z bile ve kalk\u0131\u015f\u0131n\u0131za birka\u00e7 saat daha varsa, \u0130ST'de yapacak \u00e7ok \u015fey var! Sadece yerel kafelerde kahvenizin tad\u0131n\u0131 \u00e7\u0131kar\u0131n, biraz al\u0131\u015fveri\u015f yap\u0131n veya havaliman\u0131ndaki \u00e7ok say\u0131da dinlenme alan\u0131nda rahatlay\u0131n. \u0130stanbul Havaliman\u0131'ndan \u015fimdiye kadarki en mutlu u\u00e7u\u015fu ge\u00e7irmenizi dileriz.<\/p>\n\n\n\n<h2 itemprop=\"alternateName\" class=\"wp-block-heading\"><strong>SSS<\/strong><\/h2>\n\n\n\n<p>\u0130stanbul havaliman\u0131 geli\u015f ve gidi\u015fleri hakk\u0131nda dikkate al\u0131nmas\u0131 gereken baz\u0131 sorular var. O halde gelin bu sorular\u0131 cevaplayal\u0131m.<\/p>\n\n\n\n<h3 itemprop=\"alternateName\" class=\"wp-block-heading\"><strong>\u0130stanbul havaliman\u0131na ne kadar erken gidilmeli?<\/strong><\/h3>\n\n\n\n<p>Ne kadar erken gelirseniz, sizin i\u00e7in o kadar iyi olur. L\u00fctfen, t\u00fcm bini\u015f kartlar\u0131n\u0131z\u0131 almak ve bagaj\u0131n\u0131z\u0131 teslim etmek i\u00e7in kalk\u0131\u015ftan en ge\u00e7 2 saat \u00f6nce geldi\u011finizden emin olun.<\/p>\n\n\n\n<h3 itemprop=\"alternateName\" class=\"wp-block-heading\"><strong>\u0130stanbul'a hangi havaliman\u0131na u\u00e7mal\u0131<\/strong><\/h3>\n\n\n\n<p>Genellikle, yurt d\u0131\u015f\u0131 u\u00e7u\u015flar\u0131 i\u00e7in \u0130stanbul Uluslararas\u0131 Havaliman\u0131 (IST) en iyi se\u00e7enektir. \u0130stanbul'un Avrupa yakas\u0131nda yer al\u0131r ve \u015fehir merkezine h\u0131zl\u0131 ula\u015f\u0131m imkan\u0131 sunar. Ayr\u0131ca, \u0130stanbul s\u0131n\u0131rlar\u0131 i\u00e7inde yer alan Sabiha G\u00f6k\u00e7en (SAW) veya \u0130stanbul'a 98 km uzakl\u0131ktaki Bursa Havaliman\u0131'na (YEI) da ula\u015fabilirsiniz.<\/p>\n\n\n<section class=\"content_banner\" target=\"blank\" rel=\"nofollow\">\n  <a href=\"https:\/\/getexperience.com\/\" class=\"wrap\" style=\"background-image: url(;\">\n    <div class=\"meta\">\n      <b class=\"mini-title\">GetExperience.com<\/b>\n      <p>Her zevke uygun ve en iyi fiyatlarla turlar, geziler, spor ve e\u011flence pazar\u0131.<\/p>\n    <\/div>\n    <div class=\"bg\"><img decoding=\"async\" itemprop=\"image\" src=\"\/wp-content\/uploads\/2025\/09\/img_air-scaled.jpg)\" alt=\"GetExperience.com\"><\/div>\n  <\/a>\n<\/section>","protected":false},"excerpt":{"rendered":"<p>Arrivals and departures at Istanbul Airport (IST) Istanbul International Airport\u00a0is one of the busiest flight hubs worldwide and the busiest one in Europe in recent years. Do you know that IST hosts over 1,375 flights daily including domestic and intercontinental flights? You can get the most relevant info about the current arrival and departure timetable [\u2026]<\/p>","protected":false},"author":1,"featured_media":3657,"parent":0,"menu_order":0,"comment_status":"closed","ping_status":"closed","template":"home.php","meta":{"_acf_changed":false,"footnotes":""},"class_list":["post-3411","page","type-page","status-publish","has-post-thumbnail","hentry"],"acf":[],"yoast_head":"<!-- This site is optimized with the Yoast SEO plugin v27.4 - https:\/\/yoast.com\/product\/yoast-seo-wordpress\/ -->\n<title>Istanbul Airport Arrivals - Istanbul International Airport (IST) - Turkey&#039;s new airport<\/title>\n<meta name=\"robots\" content=\"index, follow, max-snippet:-1, max-image-preview:large, max-video-preview:-1\" \/>\n<link rel=\"canonical\" href=\"https:\/\/istanbul-ist-international-airport.com\/tr\/istanbul-arrivals\/\" \/>\n<meta property=\"og:locale\" content=\"tr_TR\" \/>\n<meta property=\"og:type\" content=\"article\" \/>\n<meta property=\"og:title\" content=\"Istanbul Airport Arrivals - Istanbul International Airport (IST) - Turkey&#039;s new airport\" \/>\n<meta property=\"og:description\" content=\"Arrivals and departures at Istanbul Airport (IST) Istanbul International Airport&nbsp;is one of the busiest flight hubs worldwide and the busiest one in Europe in recent years. Do you know that IST hosts over 1,375 flights daily including domestic and intercontinental flights? You can get the most relevant info about the current arrival and departure timetable [&hellip;]\" \/>\n<meta property=\"og:url\" content=\"https:\/\/istanbul-ist-international-airport.com\/tr\/istanbul-arrivals\/\" \/>\n<meta property=\"og:site_name\" content=\"Istanbul International Airport (IST) - Turkey&#039;s new airport\" \/>\n<meta property=\"article:modified_time\" content=\"2025-09-13T08:21:47+00:00\" \/>\n<meta property=\"og:image\" content=\"https:\/\/istanbul-ist-international-airport.com\/wp-content\/uploads\/2025\/09\/image-1.jpg\" \/>\n\t<meta property=\"og:image:width\" content=\"1440\" \/>\n\t<meta property=\"og:image:height\" content=\"550\" \/>\n\t<meta property=\"og:image:type\" content=\"image\/jpeg\" \/>\n<meta name=\"twitter:card\" content=\"summary_large_image\" \/>\n<meta name=\"twitter:label1\" content=\"Tahmini okuma s\u00fcresi\" \/>\n\t<meta name=\"twitter:data1\" content=\"3 dakika\" \/>\n<script type=\"application\/ld+json\" class=\"yoast-schema-graph\">{\"@context\":\"https:\\\/\\\/schema.org\",\"@graph\":[{\"@type\":\"WebPage\",\"@id\":\"https:\\\/\\\/istanbul-ist-international-airport.com\\\/tr\\\/istanbul-arrivals\\\/\",\"url\":\"https:\\\/\\\/istanbul-ist-international-airport.com\\\/tr\\\/istanbul-arrivals\\\/\",\"name\":\"Istanbul Airport Arrivals - Istanbul International Airport (IST) - Turkey&#039;s new airport\",\"isPartOf\":{\"@id\":\"https:\\\/\\\/istanbul-ist-international-airport.com\\\/tr\\\/#website\"},\"primaryImageOfPage\":{\"@id\":\"https:\\\/\\\/istanbul-ist-international-airport.com\\\/tr\\\/istanbul-arrivals\\\/#primaryimage\"},\"image\":{\"@id\":\"https:\\\/\\\/istanbul-ist-international-airport.com\\\/tr\\\/istanbul-arrivals\\\/#primaryimage\"},\"thumbnailUrl\":\"https:\\\/\\\/istanbul-ist-international-airport.com\\\/wp-content\\\/uploads\\\/2025\\\/09\\\/image-1.jpg\",\"datePublished\":\"2025-09-10T14:14:24+00:00\",\"dateModified\":\"2025-09-13T08:21:47+00:00\",\"breadcrumb\":{\"@id\":\"https:\\\/\\\/istanbul-ist-international-airport.com\\\/tr\\\/istanbul-arrivals\\\/#breadcrumb\"},\"inLanguage\":\"tr\",\"potentialAction\":[{\"@type\":\"ReadAction\",\"target\":[\"https:\\\/\\\/istanbul-ist-international-airport.com\\\/tr\\\/istanbul-arrivals\\\/\"]}]},{\"@type\":\"ImageObject\",\"inLanguage\":\"tr\",\"@id\":\"https:\\\/\\\/istanbul-ist-international-airport.com\\\/tr\\\/istanbul-arrivals\\\/#primaryimage\",\"url\":\"https:\\\/\\\/istanbul-ist-international-airport.com\\\/wp-content\\\/uploads\\\/2025\\\/09\\\/image-1.jpg\",\"contentUrl\":\"https:\\\/\\\/istanbul-ist-international-airport.com\\\/wp-content\\\/uploads\\\/2025\\\/09\\\/image-1.jpg\",\"width\":1440,\"height\":550},{\"@type\":\"BreadcrumbList\",\"@id\":\"https:\\\/\\\/istanbul-ist-international-airport.com\\\/tr\\\/istanbul-arrivals\\\/#breadcrumb\",\"itemListElement\":[{\"@type\":\"ListItem\",\"position\":1,\"name\":\"Home\",\"item\":\"https:\\\/\\\/istanbul-ist-international-airport.com\\\/\"},{\"@type\":\"ListItem\",\"position\":2,\"name\":\"Istanbul Airport Arrivals\"}]},{\"@type\":\"WebSite\",\"@id\":\"https:\\\/\\\/istanbul-ist-international-airport.com\\\/tr\\\/#website\",\"url\":\"https:\\\/\\\/istanbul-ist-international-airport.com\\\/tr\\\/\",\"name\":\"Istanbul International Airport (IST) - Turkey&#039;s new airport\",\"description\":\"Navigating Istanbul International Airport: A Traveler\u2019s Guide.\",\"potentialAction\":[{\"@type\":\"SearchAction\",\"target\":{\"@type\":\"EntryPoint\",\"urlTemplate\":\"https:\\\/\\\/istanbul-ist-international-airport.com\\\/tr\\\/?s={search_term_string}\"},\"query-input\":{\"@type\":\"PropertyValueSpecification\",\"valueRequired\":true,\"valueName\":\"search_term_string\"}}],\"inLanguage\":\"tr\"}]}<\/script>\n<!-- \/ Yoast SEO plugin. -->","yoast_head_json":{"title":"\u0130stanbul Havaliman\u0131 Var\u0131\u015flar\u0131 - \u0130stanbul Uluslararas\u0131 Havaliman\u0131 (IST) - T\u00fcrkiye'nin yeni havaliman\u0131","robots":{"index":"index","follow":"follow","max-snippet":"max-snippet:-1","max-image-preview":"max-image-preview:large","max-video-preview":"max-video-preview:-1"},"canonical":"https:\/\/istanbul-ist-international-airport.com\/tr\/istanbul-arrivals\/","og_locale":"tr_TR","og_type":"article","og_title":"Istanbul Airport Arrivals - Istanbul International Airport (IST) - Turkey&#039;s new airport","og_description":"Arrivals and departures at Istanbul Airport (IST) Istanbul International Airport&nbsp;is one of the busiest flight hubs worldwide and the busiest one in Europe in recent years. Do you know that IST hosts over 1,375 flights daily including domestic and intercontinental flights? You can get the most relevant info about the current arrival and departure timetable [&hellip;]","og_url":"https:\/\/istanbul-ist-international-airport.com\/tr\/istanbul-arrivals\/","og_site_name":"Istanbul International Airport (IST) - Turkey&#039;s new airport","article_modified_time":"2025-09-13T08:21:47+00:00","og_image":[{"width":1440,"height":550,"url":"https:\/\/istanbul-ist-international-airport.com\/wp-content\/uploads\/2025\/09\/image-1.jpg","type":"image\/jpeg"}],"twitter_card":"summary_large_image","twitter_misc":{"Tahmini okuma s\u00fcresi":"3 dakika"},"schema":{"@context":"https:\/\/schema.org","@graph":[{"@type":"WebPage","@id":"https:\/\/istanbul-ist-international-airport.com\/tr\/istanbul-arrivals\/","url":"https:\/\/istanbul-ist-international-airport.com\/tr\/istanbul-arrivals\/","name":"\u0130stanbul Havaliman\u0131 Var\u0131\u015flar\u0131 - \u0130stanbul Uluslararas\u0131 Havaliman\u0131 (IST) - T\u00fcrkiye'nin yeni havaliman\u0131","isPartOf":{"@id":"https:\/\/istanbul-ist-international-airport.com\/tr\/#website"},"primaryImageOfPage":{"@id":"https:\/\/istanbul-ist-international-airport.com\/tr\/istanbul-arrivals\/#primaryimage"},"image":{"@id":"https:\/\/istanbul-ist-international-airport.com\/tr\/istanbul-arrivals\/#primaryimage"},"thumbnailUrl":"https:\/\/istanbul-ist-international-airport.com\/wp-content\/uploads\/2025\/09\/image-1.jpg","datePublished":"2025-09-10T14:14:24+00:00","dateModified":"2025-09-13T08:21:47+00:00","breadcrumb":{"@id":"https:\/\/istanbul-ist-international-airport.com\/tr\/istanbul-arrivals\/#breadcrumb"},"inLanguage":"tr","potentialAction":[{"@type":"ReadAction","target":["https:\/\/istanbul-ist-international-airport.com\/tr\/istanbul-arrivals\/"]}]},{"@type":"ImageObject","inLanguage":"tr","@id":"https:\/\/istanbul-ist-international-airport.com\/tr\/istanbul-arrivals\/#primaryimage","url":"https:\/\/istanbul-ist-international-airport.com\/wp-content\/uploads\/2025\/09\/image-1.jpg","contentUrl":"https:\/\/istanbul-ist-international-airport.com\/wp-content\/uploads\/2025\/09\/image-1.jpg","width":1440,"height":550},{"@type":"BreadcrumbList","@id":"https:\/\/istanbul-ist-international-airport.com\/tr\/istanbul-arrivals\/#breadcrumb","itemListElement":[{"@type":"ListItem","position":1,"name":"Home","item":"https:\/\/istanbul-ist-international-airport.com\/"},{"@type":"ListItem","position":2,"name":"Istanbul Airport Arrivals"}]},{"@type":"WebSite","@id":"https:\/\/istanbul-ist-international-airport.com\/tr\/#website","url":"https:\/\/istanbul-ist-international-airport.com\/tr\/","name":"Istanbul International Airport (IST) - Turkey&#039;s new airport","description":"Navigating Istanbul International Airport: A Traveler\u2019s Guide.","potentialAction":[{"@type":"SearchAction","target":{"@type":"EntryPoint","urlTemplate":"https:\/\/istanbul-ist-international-airport.com\/tr\/?s={search_term_string}"},"query-input":{"@type":"PropertyValueSpecification","valueRequired":true,"valueName":"search_term_string"}}],"inLanguage":"tr"}]}},"_links":{"self":[{"href":"https:\/\/istanbul-ist-international-airport.com\/tr\/wp-json\/wp\/v2\/pages\/3411","targetHints":{"allow":["GET"]}}],"collection":[{"href":"https:\/\/istanbul-ist-international-airport.com\/tr\/wp-json\/wp\/v2\/pages"}],"about":[{"href":"https:\/\/istanbul-ist-international-airport.com\/tr\/wp-json\/wp\/v2\/types\/page"}],"author":[{"embeddable":true,"href":"https:\/\/istanbul-ist-international-airport.com\/tr\/wp-json\/wp\/v2\/users\/1"}],"replies":[{"embeddable":true,"href":"https:\/\/istanbul-ist-international-airport.com\/tr\/wp-json\/wp\/v2\/comments?post=3411"}],"version-history":[{"count":5,"href":"https:\/\/istanbul-ist-international-airport.com\/tr\/wp-json\/wp\/v2\/pages\/3411\/revisions"}],"predecessor-version":[{"id":3668,"href":"https:\/\/istanbul-ist-international-airport.com\/tr\/wp-json\/wp\/v2\/pages\/3411\/revisions\/3668"}],"wp:featuredmedia":[{"embeddable":true,"href":"https:\/\/istanbul-ist-international-airport.com\/tr\/wp-json\/wp\/v2\/media\/3657"}],"wp:attachment":[{"href":"https:\/\/istanbul-ist-international-airport.com\/tr\/wp-json\/wp\/v2\/media?parent=3411"}],"curies":[{"name":"wp","href":"https:\/\/api.w.org\/{rel}","templated":true}]}}