{"id":3425,"date":"2025-09-10T17:18:50","date_gmt":"2025-09-10T14:18:50","guid":{"rendered":"http:\/\/147.182.243.37\/?page_id=3425"},"modified":"2025-09-13T12:10:31","modified_gmt":"2025-09-13T09:10:31","slug":"istanbul-international-airport-lounges","status":"publish","type":"page","link":"https:\/\/istanbul-ist-international-airport.com\/tr\/istanbul-international-airport-lounges\/","title":{"rendered":"Airport Lounge Istanbul"},"content":{"rendered":"<h2 itemprop=\"alternateName\" class=\"wp-block-heading\"><strong>\u0130stanbul Havaliman\u0131 yolcu salonlar\u0131<\/strong><\/h2>\n\n\n\n<p>Yeni \u0130stanbul Havaliman\u0131 yak\u0131n zamanda faaliyete ba\u015flad\u0131. Yine de d\u00fcnyan\u0131n d\u00f6rt bir yan\u0131ndan binlerce insan \u00e7e\u015fitli havalimanlar\u0131na gelip giderken kapasitesi y\u00fcksek. Bu insanlar\u0131n \u00e7o\u011fu, kalk\u0131\u015flar\u0131n\u0131, aktarma u\u00e7aklar\u0131n\u0131, turlar\u0131n\u0131 beklerken veya \u0130stanbul \u015fehrine girmeden \u00f6nce ve bir taksi veya servis transferi yakalamadan \u00f6nce sessiz ve rahat bir yerde dinlenmeye ve tazelenmeye ihtiya\u00e7 duyuyor ve bir ta\u015f\u0131y\u0131c\u0131, zorunlu olarak g\u00f6z atman\u0131za, incelemenize, y\u00fcklemenize, \u00e7e\u015fitli uzun yolculuklara ve d\u00fc\u015f\u00fck bilgilendirici alt men\u00fc haber b\u00fcltenine gerek kalmadan size var\u0131\u015f noktas\u0131 bilgilerini g\u00f6steren, yayg\u0131n kar\u015f\u0131lama ve onaylanm\u0131\u015f ula\u015f\u0131m y\u00f6ntemini getirecektir. T\u00fcm bu ihtiya\u00e7lar, \u015furada kar\u015f\u0131lanabilir:&nbsp;<a href=\"https:\/\/istanbul-ist-international-airport.com\/\">Istanbul International Airport<\/a>&nbsp;bu havac\u0131l\u0131k merkezinde, m\u00fc\u015fterilerin beklentilerini kar\u015f\u0131layan ve \u00e7e\u015fitli ihtiya\u00e7lar\u0131na ve planlar\u0131na \u2019Merhaba\u2018 diyen \u00e7ok say\u0131da keyifli havaliman\u0131 lounge'\u0131 sayesinde. Havaalan\u0131 genelindeki yolcular\u0131 kar\u015f\u0131l\u0131yor ve her t\u00fcrl\u00fc hizmeti sunuyorlar.<\/p>\n\n\n\n<p>\u015eimdi, yak\u0131n zamanda in\u015fa edilen \u0130stanbul Havaliman\u0131'nda, bunlar birka\u00e7 i\u015fletme taraf\u0131ndan sa\u011flanmaktad\u0131r:<\/p>\n\n\n\n<ul class=\"wp-block-list\">\n<li>\u0130stanbul Havaliman\u0131 demek<\/li>\n\n\n\n<li>T\u00fcrk Hava Yollar\u0131<\/li>\n\n\n\n<li>SkyTeam<\/li>\n<\/ul>\n\n\n\n<p>\u0130stanbul Havaliman\u0131'ndaki t\u00fcm yolcular\u0131n dinlenme alanlar\u0131n\u0131n faydal\u0131 listesine gelince, bu k\u0131lavuzda bunlar\u0131 bulunduklar\u0131 terminallerdeki yerlerine g\u00f6re Uluslararas\u0131 ve \u0130\u00e7 Hatlar olarak ay\u0131ral\u0131m ve k\u0131sa bir \u00f6nizleme yapal\u0131m.<br>\u0130\u015fte, yurt d\u0131\u015f\u0131ndan gelen yolcular i\u00e7in kapsaml\u0131 rehberimizde toplad\u0131\u011f\u0131m\u0131z \u0130stanbul Havaliman\u0131 Lounge \u00f6nizleme listesi \u015fu \u015fekilde:<\/p>\n\n\n\n<ul class=\"wp-block-list\">\n<li>IGA Uluslararas\u0131 \u00f6nizleme<\/li>\n\n\n\n<li>SkyTeam \u00f6nizlemesi<\/li>\n\n\n\n<li>T\u00fcrk Hava Yollar\u0131 Business s\u0131n\u0131f\u0131 \u00f6nizlemesi<\/li>\n\n\n\n<li>T\u00fcrk Hava Yollar\u0131 Miles and Smiles \u00f6nizlemesi<\/li>\n\n\n\n<li>IST Pop-Up \u00f6nizlemesi<\/li>\n<\/ul>\n\n\n\n<p>\u0130stanbul Havaliman\u0131 \u0130\u00e7 Hatlar Terminali'nde faaliyet g\u00f6steren ve i\u00e7 hat u\u00e7u\u015flar\u0131na hizmet veren havaliman\u0131 lounge'lar\u0131n\u0131n \u00f6n izlemesi ise \u015fu \u015fekildedir:<\/p>\n\n\n\n<ul class=\"wp-block-list\">\n<li>IGA Yurt \u0130\u00e7i<\/li>\n\n\n\n<li>T\u00fcrk Hava Yollar\u0131 Yurt \u0130\u00e7i<\/li>\n<\/ul>\n\n\n\n<p>\u0130stanbul Havaliman\u0131'ndaki t\u00fcm lounge'lar g\u00fcn\u00fcn her saati \u00e7al\u0131\u015f\u0131r ve misafirlere \u2018Merhaba\u2019 der; b\u00f6ylece t\u00fcm yolcular, var\u0131\u015f veya kalk\u0131\u015f saatlerinden ba\u011f\u0131ms\u0131z olarak onlar\u0131 se\u00e7ip rezerve edebilir ve sipari\u015f verdiklerinde sa\u011flad\u0131klar\u0131 avantaj\u0131 ve olas\u0131 konforu takdir edebilirler.<\/p>\n\n\n\n<h2 itemprop=\"alternateName\" class=\"wp-block-heading\"><strong>\u0130stanbul Havaliman\u0131'ndaki En \u0130yi Lounge Olanaklar\u0131<\/strong><\/h2>\n\n\n\n<p>\u0130stanbul Yeni Havaliman\u0131'nda \u00e7ok say\u0131da bekleme alan\u0131 bulunsa da, y\u00fcksek standartlara yan\u0131t veren, en konforlu ve sorunsuz olanlara odaklanaca\u011f\u0131z. Bekleme s\u00fcrenizin \u00f6zel, l\u00fcks ve rahatlat\u0131c\u0131 bir deneyim olmas\u0131n\u0131 sa\u011flamak i\u00e7in en iyi listemize g\u00f6z at\u0131n.<\/p>\n\n\n\n<h3 itemprop=\"alternateName\" class=\"wp-block-heading\"><strong>\u0130\u015f adamlar\u0131 dinlenme salonu<\/strong><\/h3>\n\n\n\n<p>T\u00fcrk Hava Yollar\u0131, \u00e7e\u015fitli \u00fclke ve \u015fehirlerden \u0130stanbul'a u\u00e7aklar\u0131yla seyahat eden yolcular\u0131na kesinlikle \u00f6zel ve se\u00e7kin bir se\u00e7enek sunmaktad\u0131r. Kalk\u0131\u015f Kat\u0131 Hava Taraf\u0131'nda, E1 Kap\u0131s\u0131'n\u0131n kar\u015f\u0131s\u0131nda yer alan bir lounge'\u0131 bulunmaktad\u0131r, bu nedenle kolayca bulabilirsiniz. Lounge, g\u00fcn\u00fcn her saati hizmet vermektedir ve bir misafirin isteyebilece\u011fi a\u015fa\u011f\u0131daki hizmetlerle en y\u00fcksek standartlara cevap vermektedir:<\/p>\n\n\n\n<ul class=\"wp-block-list\">\n<li>Yolcular i\u00e7in \u00f6zel s\u00fcitler<\/li>\n\n\n\n<li>Rahatlama ve uyku i\u00e7in \u00f6zel oda<\/li>\n\n\n\n<li>WiFi ile donat\u0131lm\u0131\u015f, \u015farj istasyonuna ve di\u011fer ekipmanlara sahip \u00e7al\u0131\u015fma alan\u0131<\/li>\n\n\n\n<li>Her dinlerden yolcular i\u00e7in bir t\u00fcr dua odas\u0131<\/li>\n\n\n\n<li>\u00c7ocuklu aileler i\u00e7in \u00e7ocuk oyun alan\u0131 mevcuttur<\/li>\n\n\n\n<li>A\u00e7\u0131k b\u00fcfe \u015feklinde yemek hizmeti, hem T\u00fcrk mutfa\u011f\u0131ndan hem de standart yemeklerden olu\u015fmaktad\u0131r.<\/li>\n<\/ul>\n\n\n\n<p>Bu hizmetlerin en h\u0131zl\u0131 \u00f6nizlemesini almak i\u00e7in a\u015fa\u011f\u0131daki ko\u015fullara uyman\u0131z gerekir: T\u00fcrk Hava Yollar\u0131'n\u0131n business s\u0131n\u0131f\u0131 seyahatinde bir yolcusu veya Star Alliance Havayollar\u0131'n\u0131n bir yolcusu olmak ve u\u00e7u\u015f operat\u00f6r\u00fc y\u00f6neticilerinin yan\u0131t\u0131 alt\u0131nda veya \u00e7evrimi\u00e7i ana sayfas\u0131nda veya uygulama arac\u0131l\u0131\u011f\u0131yla \u00f6nceden ileti\u015fime ge\u00e7ip rezervasyon yapt\u0131rmak.<\/p>\n\n\n\n<h3 itemprop=\"alternateName\" class=\"wp-block-heading\"><strong>\u0130\u00e7 hatlar salonu<\/strong><\/h3>\n\n\n\n<p>Yurt i\u00e7i u\u00e7u\u015f yolcular\u0131, seyahatlerinden ve SAW'a transferlerinden \u00f6nce, dinlenme, \u00e7al\u0131\u015fma ve bo\u015f zamanlar\u0131n\u0131 maksimum konforla ge\u00e7irme idealine yan\u0131t vermek i\u00e7in tasarlanm\u0131\u015f sadece iki \u00f6zel alanda dinlenme salonu bulup rezervasyon yapabilirler.<br>\u0130stanbul Havaliman\u0131 \u0130\u00e7 Hatlar Terminali'nde 11 numaral\u0131 kap\u0131ya yak\u0131n konumda bulunan \u0130stanbul Havaliman\u0131 \u0130\u00e7 Hatlar Lounge, 140'a kadar yolcu kapasitesine sahip olup konforlu alanlar, lezzetli bir yemek alan\u0131, dijital gazete ve dergilerin bulundu\u011fu bir haber okuma alan\u0131, \u00e7al\u0131\u015fma alanlar\u0131 ve hatta masaj bak\u0131m masalar\u0131 sunmaktad\u0131r. E\u011fer bir IGA kart sahibiyseniz veya Priority veya Dragon Pass gibi ba\u011fl\u0131 programlar\u0131n bir \u00fcyesiyseniz, \u00fccretsiz olarak giri\u015f yapabilirsiniz. Seyahat eden di\u011fer havaliman\u0131 ziyaret\u00e7ileri, gizlilik politikas\u0131ndaki t\u00fcm de\u011fi\u015fikliklere izin vererek eri\u015filebilirli\u011fi sa\u011flamak i\u00e7in havaliman\u0131n\u0131n web sitesinden bilet alabilirler.<br>T\u00fcrk Hava Yollar\u0131'n\u0131n i\u00e7 hat Lounge'u, G6 ve G7 kap\u0131lar\u0131n\u0131n kar\u015f\u0131s\u0131nda yer almaktad\u0131r. Sundu\u011fu hizmetler hen\u00fcz \u00e7ok l\u00fcks olmasa da, uyumak i\u00e7in konforlu alanlar\u0131, \u00e7ocuk oyun alan\u0131, alkoll\u00fc i\u00e7ecekler ve ferahlat\u0131c\u0131 i\u00e7ecekler sunan bir bar\u0131 ve ayr\u0131ca bir b\u00fcfesi ile yolcular\u0131n ihtiya\u00e7lar\u0131n\u0131 kar\u015f\u0131lamaktad\u0131r. \u00c7al\u0131\u015fma alanlar\u0131 ve toplant\u0131 odalar\u0131 da bir bonus olarak dahildir. Son olarak, s\u0131cak bir Haziran ay\u0131nda seyahat ediyorsan\u0131z, serinlemek i\u00e7in mutlaka denenmesi gereken bir se\u00e7enektir.<\/p>\n\n\n\n<h3 itemprop=\"alternateName\" class=\"wp-block-heading\"><strong>IGA salonu<\/strong><\/h3>\n\n\n\n<p>\u0130stanbul Havaliman\u0131'ndaki en dikkat \u00e7ekici unsurlardan bir di\u011feri, Mezzanine Kat\u0131'nda, g\u00fcvenlik kontrol\u00fcnden sonra Uluslararas\u0131 Terminal Kulesi'nde ula\u015f\u0131p \u00f6nizleyebilece\u011finiz \u0130GA'd\u0131r. 650\u2018den fazla konu\u011fa \u2019Merhaba\" ve \"Selam\" yan\u0131t\u0131 verebilir ve Haziran'dan May\u0131s'a kadar 7\/24 \u00e7al\u0131\u015f\u0131r. Hizmet say\u0131s\u0131 politikas\u0131, bir ki\u015finin \u0130stanbul havaliman\u0131ndaki seyahat deneyimi ve aktarmas\u0131 s\u0131ras\u0131nda ihtiya\u00e7 duyabilece\u011fi her \u015feyi i\u00e7erir.<\/p>\n\n\n\n<ul class=\"wp-block-list\">\n<li>Terminallerde ferahlamak i\u00e7in y\u00fcksek gizlili\u011fe sahip dinlenme alanlar\u0131<\/li>\n\n\n\n<li>Bar &amp; restoran alan\u0131<\/li>\n\n\n\n<li>Dinlenme salonunda al\u0131\u015fveri\u015f yapmak i\u00e7in g\u00fcmr\u00fcks\u00fcz sat\u0131\u015f ma\u011fazalar\u0131 ve pazar.<\/li>\n\n\n\n<li>TV ve medya makalelerine eri\u015fim gibi e\u011flence hizmetleri<\/li>\n\n\n\n<li>Du\u015f alanlar\u0131<\/li>\n\n\n\n<li>Namazgah Giri\u015fi<\/li>\n\n\n\n<li>Y\u00fcksek h\u0131zl\u0131 Wi-Fi \u00f6zellikli i\u015f istasyonlar\u0131<\/li>\n\n\n\n<li>\u00dcst d\u00fczey toplant\u0131 odalar\u0131<\/li>\n\n\n\n<li>\u00c7ocuk oyun alanlar\u0131<\/li>\n<\/ul>\n\n\n\n<p>Ayr\u0131ca, temiz hava tutkunlar\u0131na a\u00e7\u0131k, sigara i\u00e7me alan\u0131 ve pencerelerden g\u00f6z al\u0131c\u0131 bir manzara sunan b\u00fcy\u00fcleyici bir teras bulunmaktad\u0131r.<br>Resmi bir IGA Pass kart\u0131 sahibiyseniz veya u\u00e7u\u015funuz i\u00e7in bir IGA Daily bileti sat\u0131n almay\u0131 ba\u015far\u0131rsan\u0131z, ba\u015fvurabilir, burada konaklayabilir, bir seferde d\u00f6rt saat boyunca aktarma s\u00fcreleriniz i\u00e7in hizmetlerinden ve otopark\u0131ndan yararlanabilirsiniz.<br>FYC: Sal\u0131 ve Per\u015fembe g\u00fcnleri IGA lounge'a girmek i\u00e7in daha sakin g\u00fcnlerken, Cuma'dan Pazartesi'ye genellikle \u00e7ok kalabal\u0131k oluyor, bu y\u00fczden kalabal\u0131ktan ka\u00e7\u0131nmak istiyorsan\u0131z, hafta i\u00e7i g\u00fcnlerde gitmeniz daha iyi.<\/p>\n\n\n\n<h2 itemprop=\"alternateName\" class=\"wp-block-heading\"><strong>\u0130stanbul Havaliman\u0131 olanaklar\u0131<\/strong><\/h2>\n\n\n\n<p>\u0130stanbul Havaliman\u0131'n\u0131n \u00f6zel alanlar\u0131n\u0131n yan\u0131 s\u0131ra, ayr\u0131 olanaklar\u0131n\u0131 da de\u011ferlendirelim.<\/p>\n\n\n\n<h3 itemprop=\"alternateName\" class=\"wp-block-heading\"><strong>1. Geni\u015f alanlar<\/strong><\/h3>\n\n\n\n<p>\u0130stanbul Havaliman\u0131'ndaki dinlenme alanlar\u0131 ger\u00e7ekten \u00e7ok geni\u015f ve toplamda 1.500'den fazla yolcuya ayn\u0131 anda birinci s\u0131n\u0131f dinlenme \u00f6zellikleri sunulmas\u0131na olanak tan\u0131yor.<\/p>\n\n\n\n<h3 itemprop=\"alternateName\" class=\"wp-block-heading\"><strong>2. \u00dccretsiz Wi-Fi<\/strong><\/h3>\n\n\n\n<p>Havaalan\u0131 b\u00f6lgesinde genellikle Wi-Fi, zorunlu pasaport kayd\u0131n\u0131zla bir saatli\u011fine kullan\u0131labilir. Ancak, t\u00fcm dinlenme alanlar\u0131 sayesinde, burada k\u00fcresel a\u011fa s\u0131n\u0131rs\u0131z bir ge\u00e7it elde edersiniz.<\/p>\n\n\n\n<h3 itemprop=\"alternateName\" class=\"wp-block-heading\"><strong>3. Y\u0130YECEK &amp; \u0130\u00c7ECEKLER<\/strong><\/h3>\n\n\n\n<p>Her salon, ziyaret\u00e7ilerine at\u0131\u015ft\u0131rmal\u0131k b\u00fcfeler veya \u00e7e\u015fitli i\u00e7eceklerin bulundu\u011fu barlar ve ferahlamak i\u00e7in i\u00e7ecek istasyonlar\u0131 \u015feklinde bir men\u00fc sunmaktad\u0131r. Ayr\u0131ca, hem \u0130\u00e7 Hatlar hem de D\u0131\u015f Hatlar terminallerinin merkezinde yer alan \u00e7ok say\u0131da restoran bulunmaktad\u0131r.<\/p>\n\n\n\n<h3 itemprop=\"alternateName\" class=\"wp-block-heading\"><strong>4. Du\u015f imkan\u0131<\/strong><\/h3>\n\n\n\n<p>Du\u015f odalar\u0131 \u00e7o\u011fu Terminal lounge'\u0131nda bulunmaktad\u0131r. Ancak ne yaz\u0131k ki yurt i\u00e7indekilerde du\u015f bulunmamaktad\u0131r.<\/p>\n\n\n\n<h3 itemprop=\"alternateName\" class=\"wp-block-heading\"><strong>5. Di\u011fer tesisler<\/strong><\/h3>\n\n\n\n<p>Havaliman\u0131nda sunulan di\u011fer olanaklar aras\u0131nda \u00e7ocuk ve bebek bak\u0131m odalar\u0131, dan\u0131\u015fma merkezleri, \u00e7al\u0131\u015fma alanlar\u0131, oturma alanlar\u0131, spa se\u00e7enekleri ve hatta bilardo masalar\u0131 bulunmaktad\u0131r. Bunlar\u0131n hepsi de g\u00f6r\u00fclmeye de\u011fer.<\/p>\n\n\n\n<h2 itemprop=\"alternateName\" class=\"wp-block-heading\"><strong>\u0130stanbul Havaliman\u0131 lounge fiyatlar\u0131<\/strong><\/h2>\n\n\n\n<p>\u0130stanbul Havaliman\u0131'n\u0131n fiyatland\u0131rmas\u0131na gelince, fiyat lokasyona g\u00f6re de\u011fi\u015fiyor ve asl\u0131nda \u015f\u00f6yle: \u0130GA Uluslararas\u0131 \u2013 109 euro (d\u00f6rt saat i\u00e7in)<br>The opposite IGA Pop-Up \u2013 49 avro (3 saat i\u00e7in)<br>T\u00fcrk Hava Yollar\u0131 ve SkyTeam havayolu operat\u00f6r\u00fc taraf\u0131ndan \u00f6nerilen bir alternatife gelince, fiyatlar\u0131 resmi sitelerinin ba\u011flant\u0131lar\u0131nda netle\u015ftirmek ve personellerine sizi bilgilendirmeleri ve rezervasyon konusunda yard\u0131mc\u0131 olmalar\u0131, \u00e7al\u0131\u015fmalar\u0131 hakk\u0131nda yorum b\u0131rakmalar\u0131 veya h\u0131zl\u0131 bir \u015fekilde rezervasyon yapmak i\u00e7in yard\u0131m almalar\u0131 konusunda mesaj atmak daha iyidir.<\/p>\n\n\n\n<h2 itemprop=\"alternateName\" class=\"wp-block-heading\"><strong>\u0130stanbul Havaliman\u0131 lounge'\u0131nda \u00e7al\u0131\u015fma alan\u0131<\/strong><\/h2>\n\n\n\n<p>\u0130stanbul Havaliman\u0131'nda bo\u015f zaman ge\u00e7irmeniz gerekti\u011finde, \u00e7al\u0131\u015fma ko\u015fullar\u0131n\u0131 tercih etmek bir\u00e7ok ki\u015fi i\u00e7in bir zorunluluktur. Neredeyse her lounge'a ek olarak, y\u00fcksek h\u0131zl\u0131 \u0130nternet ba\u011flant\u0131s\u0131na sahip bilgisayarlarda ve \u00f6zel toplant\u0131 alanlar\u0131nda \u00e7al\u0131\u015fma f\u0131rsat\u0131 elde edersiniz. Ancak, sakin bir \u015fekilde \u00e7al\u0131\u015fmak i\u00e7in en iyi premium alan, \u00e7ok kalabal\u0131k olmayan ve \u00e7al\u0131\u015fma insanlar\u0131 ve CIP yolcular\u0131 i\u00e7in maksimum rahatl\u0131\u011fa odaklanan T\u00fcrk Hava Yollar\u0131'd\u0131r.<\/p>\n\n\n\n<h2 itemprop=\"alternateName\" class=\"wp-block-heading\"><strong>\u0130ptal \u015fartlar\u0131 ve ko\u015fullar\u0131<\/strong><\/h2>\n\n\n\n<p>Rezervasyonunuzu iptal etmeniz gerekirse, \u0130stanbul Havaliman\u0131 online olarak ger\u00e7ekle\u015ftirilebilen olduk\u00e7a kullan\u0131\u015fl\u0131 ve h\u0131zl\u0131 bir s\u00fcre\u00e7 sunmaktad\u0131r.<br>L\u00fctfen, geri \u00f6deme alabilmek i\u00e7in rezervasyonunuzu ayr\u0131lm\u0131\u015f saatten en ge\u00e7 72 saat \u00f6nce iptal edin. Pasaport ad\u0131n\u0131zla birlikte bir ge\u00e7i\u015f rezervasyonu yaparken belirtti\u011finiz e-postay\u0131 kullanarak \u00e7evrimi\u00e7i olarak iptal i\u015flemini ger\u00e7ekle\u015ftirebilirsiniz.<\/p>\n\n\n\n<h2 itemprop=\"alternateName\" class=\"wp-block-heading\"><strong>\u0130stanbul Havaliman\u0131 Lounge Kurallar\u0131<\/strong><\/h2>\n\n\n\n<p>\u0130stanbul Havaliman\u0131'na \u00f6zg\u00fc kurallar olmamas\u0131na ra\u011fmen, a\u015fa\u011f\u0131daki bilgi k\u0131lavuzlar\u0131n\u0131 okumal\u0131, incelemeli ve hat\u0131rlamal\u0131s\u0131n\u0131z:<br>L\u00fctfen, her bir dinlenme alan\u0131n\u0131n resmi web sitelerini kullanarak \u00f6nceden ba\u015fvurun.<br>Belirli bir lounge'\u0131n onaylanmas\u0131 i\u00e7in gereksinimlerini kar\u015f\u0131lay\u0131p kar\u015f\u0131lamad\u0131\u011f\u0131n\u0131z\u0131 \u00f6nceden a\u00e7\u0131kl\u0131\u011fa kavu\u015fturun.<br>Takip ve kontrol zaman \u00e7izelgeleri, iddia edilen s\u00fcrenin d\u0131\u015f\u0131na \u00e7\u0131kmamak ve zaman\u0131nda b\u0131rakmak i\u00e7in kesinlikle.<br>Di\u011ferleri, halka a\u00e7\u0131k yerleri ziyaret etmek i\u00e7in her yerde bulunan kurallard\u0131r.<\/p>","protected":false},"excerpt":{"rendered":"<p>stanbul Airport lounges A new Istanbul Airport started its operation recently. Yet, its capabilities are high as thousands of people all over the world arrive and depart from various airports. Lots of these people need to refresh and have a rest in a quiet and comfortable place while waiting for their departures, transit planes, tours, [&hellip;]<\/p>","protected":false},"author":1,"featured_media":3696,"parent":0,"menu_order":0,"comment_status":"closed","ping_status":"closed","template":"home.php","meta":{"_acf_changed":false,"footnotes":""},"class_list":["post-3425","page","type-page","status-publish","has-post-thumbnail","hentry"],"acf":[],"yoast_head":"<!-- This site is optimized with the Yoast SEO plugin v27.4 - https:\/\/yoast.com\/product\/yoast-seo-wordpress\/ -->\n<title>Airport Lounge Istanbul - Istanbul International Airport (IST) - Turkey&#039;s new airport<\/title>\n<meta name=\"robots\" content=\"index, follow, max-snippet:-1, max-image-preview:large, max-video-preview:-1\" \/>\n<link rel=\"canonical\" href=\"https:\/\/istanbul-ist-international-airport.com\/tr\/istanbul-international-airport-lounges\/\" \/>\n<meta property=\"og:locale\" content=\"tr_TR\" \/>\n<meta property=\"og:type\" content=\"article\" \/>\n<meta property=\"og:title\" content=\"Airport Lounge Istanbul - Istanbul International Airport (IST) - Turkey&#039;s new airport\" \/>\n<meta property=\"og:description\" content=\"stanbul Airport lounges A new Istanbul Airport started its operation recently. Yet, its capabilities are high as thousands of people all over the world arrive and depart from various airports. Lots of these people need to refresh and have a rest in a quiet and comfortable place while waiting for their departures, transit planes, tours, [&hellip;]\" \/>\n<meta property=\"og:url\" content=\"https:\/\/istanbul-ist-international-airport.com\/tr\/istanbul-international-airport-lounges\/\" \/>\n<meta property=\"og:site_name\" content=\"Istanbul International Airport (IST) - Turkey&#039;s new airport\" \/>\n<meta property=\"article:modified_time\" content=\"2025-09-13T09:10:31+00:00\" \/>\n<meta property=\"og:image\" content=\"https:\/\/istanbul-ist-international-airport.com\/wp-content\/uploads\/2025\/09\/home-scaled.jpg\" \/>\n\t<meta property=\"og:image:width\" content=\"2560\" \/>\n\t<meta property=\"og:image:height\" content=\"908\" \/>\n\t<meta property=\"og:image:type\" content=\"image\/jpeg\" \/>\n<meta name=\"twitter:card\" content=\"summary_large_image\" \/>\n<meta name=\"twitter:label1\" content=\"Tahmini okuma s\u00fcresi\" \/>\n\t<meta name=\"twitter:data1\" content=\"7 dakika\" \/>\n<script type=\"application\/ld+json\" class=\"yoast-schema-graph\">{\"@context\":\"https:\\\/\\\/schema.org\",\"@graph\":[{\"@type\":\"WebPage\",\"@id\":\"https:\\\/\\\/istanbul-ist-international-airport.com\\\/tr\\\/istanbul-international-airport-lounges\\\/\",\"url\":\"https:\\\/\\\/istanbul-ist-international-airport.com\\\/tr\\\/istanbul-international-airport-lounges\\\/\",\"name\":\"Airport Lounge Istanbul - Istanbul International Airport (IST) - Turkey&#039;s new airport\",\"isPartOf\":{\"@id\":\"https:\\\/\\\/istanbul-ist-international-airport.com\\\/tr\\\/#website\"},\"primaryImageOfPage\":{\"@id\":\"https:\\\/\\\/istanbul-ist-international-airport.com\\\/tr\\\/istanbul-international-airport-lounges\\\/#primaryimage\"},\"image\":{\"@id\":\"https:\\\/\\\/istanbul-ist-international-airport.com\\\/tr\\\/istanbul-international-airport-lounges\\\/#primaryimage\"},\"thumbnailUrl\":\"https:\\\/\\\/istanbul-ist-international-airport.com\\\/wp-content\\\/uploads\\\/2025\\\/09\\\/home-scaled.jpg\",\"datePublished\":\"2025-09-10T14:18:50+00:00\",\"dateModified\":\"2025-09-13T09:10:31+00:00\",\"breadcrumb\":{\"@id\":\"https:\\\/\\\/istanbul-ist-international-airport.com\\\/tr\\\/istanbul-international-airport-lounges\\\/#breadcrumb\"},\"inLanguage\":\"tr\",\"potentialAction\":[{\"@type\":\"ReadAction\",\"target\":[\"https:\\\/\\\/istanbul-ist-international-airport.com\\\/tr\\\/istanbul-international-airport-lounges\\\/\"]}]},{\"@type\":\"ImageObject\",\"inLanguage\":\"tr\",\"@id\":\"https:\\\/\\\/istanbul-ist-international-airport.com\\\/tr\\\/istanbul-international-airport-lounges\\\/#primaryimage\",\"url\":\"https:\\\/\\\/istanbul-ist-international-airport.com\\\/wp-content\\\/uploads\\\/2025\\\/09\\\/home-scaled.jpg\",\"contentUrl\":\"https:\\\/\\\/istanbul-ist-international-airport.com\\\/wp-content\\\/uploads\\\/2025\\\/09\\\/home-scaled.jpg\",\"width\":2560,\"height\":908},{\"@type\":\"BreadcrumbList\",\"@id\":\"https:\\\/\\\/istanbul-ist-international-airport.com\\\/tr\\\/istanbul-international-airport-lounges\\\/#breadcrumb\",\"itemListElement\":[{\"@type\":\"ListItem\",\"position\":1,\"name\":\"Home\",\"item\":\"https:\\\/\\\/istanbul-ist-international-airport.com\\\/\"},{\"@type\":\"ListItem\",\"position\":2,\"name\":\"Airport Lounge Istanbul\"}]},{\"@type\":\"WebSite\",\"@id\":\"https:\\\/\\\/istanbul-ist-international-airport.com\\\/tr\\\/#website\",\"url\":\"https:\\\/\\\/istanbul-ist-international-airport.com\\\/tr\\\/\",\"name\":\"Istanbul International Airport (IST) - Turkey&#039;s new airport\",\"description\":\"Navigating Istanbul International Airport: A Traveler\u2019s Guide.\",\"potentialAction\":[{\"@type\":\"SearchAction\",\"target\":{\"@type\":\"EntryPoint\",\"urlTemplate\":\"https:\\\/\\\/istanbul-ist-international-airport.com\\\/tr\\\/?s={search_term_string}\"},\"query-input\":{\"@type\":\"PropertyValueSpecification\",\"valueRequired\":true,\"valueName\":\"search_term_string\"}}],\"inLanguage\":\"tr\"}]}<\/script>\n<!-- \/ Yoast SEO plugin. -->","yoast_head_json":{"title":"Havaalan\u0131 Lounge \u0130stanbul - \u0130stanbul Uluslararas\u0131 Havaliman\u0131 (IST) - T\u00fcrkiye'nin yeni havaliman\u0131","robots":{"index":"index","follow":"follow","max-snippet":"max-snippet:-1","max-image-preview":"max-image-preview:large","max-video-preview":"max-video-preview:-1"},"canonical":"https:\/\/istanbul-ist-international-airport.com\/tr\/istanbul-international-airport-lounges\/","og_locale":"tr_TR","og_type":"article","og_title":"Airport Lounge Istanbul - Istanbul International Airport (IST) - Turkey&#039;s new airport","og_description":"stanbul Airport lounges A new Istanbul Airport started its operation recently. Yet, its capabilities are high as thousands of people all over the world arrive and depart from various airports. Lots of these people need to refresh and have a rest in a quiet and comfortable place while waiting for their departures, transit planes, tours, [&hellip;]","og_url":"https:\/\/istanbul-ist-international-airport.com\/tr\/istanbul-international-airport-lounges\/","og_site_name":"Istanbul International Airport (IST) - Turkey&#039;s new airport","article_modified_time":"2025-09-13T09:10:31+00:00","og_image":[{"width":2560,"height":908,"url":"https:\/\/istanbul-ist-international-airport.com\/wp-content\/uploads\/2025\/09\/home-scaled.jpg","type":"image\/jpeg"}],"twitter_card":"summary_large_image","twitter_misc":{"Tahmini okuma s\u00fcresi":"7 dakika"},"schema":{"@context":"https:\/\/schema.org","@graph":[{"@type":"WebPage","@id":"https:\/\/istanbul-ist-international-airport.com\/tr\/istanbul-international-airport-lounges\/","url":"https:\/\/istanbul-ist-international-airport.com\/tr\/istanbul-international-airport-lounges\/","name":"Havaalan\u0131 Lounge \u0130stanbul - \u0130stanbul Uluslararas\u0131 Havaliman\u0131 (IST) - T\u00fcrkiye'nin yeni havaliman\u0131","isPartOf":{"@id":"https:\/\/istanbul-ist-international-airport.com\/tr\/#website"},"primaryImageOfPage":{"@id":"https:\/\/istanbul-ist-international-airport.com\/tr\/istanbul-international-airport-lounges\/#primaryimage"},"image":{"@id":"https:\/\/istanbul-ist-international-airport.com\/tr\/istanbul-international-airport-lounges\/#primaryimage"},"thumbnailUrl":"https:\/\/istanbul-ist-international-airport.com\/wp-content\/uploads\/2025\/09\/home-scaled.jpg","datePublished":"2025-09-10T14:18:50+00:00","dateModified":"2025-09-13T09:10:31+00:00","breadcrumb":{"@id":"https:\/\/istanbul-ist-international-airport.com\/tr\/istanbul-international-airport-lounges\/#breadcrumb"},"inLanguage":"tr","potentialAction":[{"@type":"ReadAction","target":["https:\/\/istanbul-ist-international-airport.com\/tr\/istanbul-international-airport-lounges\/"]}]},{"@type":"ImageObject","inLanguage":"tr","@id":"https:\/\/istanbul-ist-international-airport.com\/tr\/istanbul-international-airport-lounges\/#primaryimage","url":"https:\/\/istanbul-ist-international-airport.com\/wp-content\/uploads\/2025\/09\/home-scaled.jpg","contentUrl":"https:\/\/istanbul-ist-international-airport.com\/wp-content\/uploads\/2025\/09\/home-scaled.jpg","width":2560,"height":908},{"@type":"BreadcrumbList","@id":"https:\/\/istanbul-ist-international-airport.com\/tr\/istanbul-international-airport-lounges\/#breadcrumb","itemListElement":[{"@type":"ListItem","position":1,"name":"Home","item":"https:\/\/istanbul-ist-international-airport.com\/"},{"@type":"ListItem","position":2,"name":"Airport Lounge Istanbul"}]},{"@type":"WebSite","@id":"https:\/\/istanbul-ist-international-airport.com\/tr\/#website","url":"https:\/\/istanbul-ist-international-airport.com\/tr\/","name":"Istanbul International Airport (IST) - Turkey&#039;s new airport","description":"Navigating Istanbul International Airport: A Traveler\u2019s Guide.","potentialAction":[{"@type":"SearchAction","target":{"@type":"EntryPoint","urlTemplate":"https:\/\/istanbul-ist-international-airport.com\/tr\/?s={search_term_string}"},"query-input":{"@type":"PropertyValueSpecification","valueRequired":true,"valueName":"search_term_string"}}],"inLanguage":"tr"}]}},"_links":{"self":[{"href":"https:\/\/istanbul-ist-international-airport.com\/tr\/wp-json\/wp\/v2\/pages\/3425","targetHints":{"allow":["GET"]}}],"collection":[{"href":"https:\/\/istanbul-ist-international-airport.com\/tr\/wp-json\/wp\/v2\/pages"}],"about":[{"href":"https:\/\/istanbul-ist-international-airport.com\/tr\/wp-json\/wp\/v2\/types\/page"}],"author":[{"embeddable":true,"href":"https:\/\/istanbul-ist-international-airport.com\/tr\/wp-json\/wp\/v2\/users\/1"}],"replies":[{"embeddable":true,"href":"https:\/\/istanbul-ist-international-airport.com\/tr\/wp-json\/wp\/v2\/comments?post=3425"}],"version-history":[{"count":2,"href":"https:\/\/istanbul-ist-international-airport.com\/tr\/wp-json\/wp\/v2\/pages\/3425\/revisions"}],"predecessor-version":[{"id":3698,"href":"https:\/\/istanbul-ist-international-airport.com\/tr\/wp-json\/wp\/v2\/pages\/3425\/revisions\/3698"}],"wp:featuredmedia":[{"embeddable":true,"href":"https:\/\/istanbul-ist-international-airport.com\/tr\/wp-json\/wp\/v2\/media\/3696"}],"wp:attachment":[{"href":"https:\/\/istanbul-ist-international-airport.com\/tr\/wp-json\/wp\/v2\/media?parent=3425"}],"curies":[{"name":"wp","href":"https:\/\/api.w.org\/{rel}","templated":true}]}}