{"id":3437,"date":"2025-09-10T17:19:56","date_gmt":"2025-09-10T14:19:56","guid":{"rendered":"http:\/\/147.182.243.37\/?page_id=3437"},"modified":"2025-09-13T13:45:05","modified_gmt":"2025-09-13T10:45:05","slug":"ist-smoking-area","status":"publish","type":"page","link":"https:\/\/istanbul-ist-international-airport.com\/tr\/ist-smoking-area\/","title":{"rendered":"\u0130stanbul Uluslararas\u0131 Havaliman\u0131 sigara i\u00e7me alan\u0131"},"content":{"rendered":"<h2 itemprop=\"alternateName\" class=\"wp-block-heading\"><strong>Havaliman\u0131nda sigara i\u00e7me konforu: IST'de sigara i\u00e7enler i\u00e7in rahat noktalar\u0131 ke\u015ffetmek<\/strong><\/h2>\n\n\n\n<p>T\u00fcrkiye, \u0130spanya, Kuzey Amerika ve \u0130talya gibi, y\u00fcksek d\u00fczeyde nikotin t\u00fcketicisiyle bilinir. Sigara i\u00e7me gelene\u011fi orada g\u00fc\u00e7l\u00fcd\u00fcr ve d\u00fcnya toplumu sigara ile sava\u015f\u0131rken ve t\u00fct\u00fcn t\u00fcketimini azaltmaya \u00e7al\u0131\u015f\u0131rken bile, \u0130stanbul Havaliman\u0131 t\u00fct\u00fcn duman\u0131 \u00fcflemeyi tercih eden yolcular i\u00e7in rahat bir yer olmaya devam ediyor.<br>Elbette, sigara i\u00e7me hakk\u0131n\u0131z\u0131 yaln\u0131zca \u0130stanbul Havaliman\u0131 \u00e7evresindeki belirli alanlarda talep edebilirsiniz. \u00d6zel olarak i\u015faretlenmi\u015f ve di\u011fer yolcular\u0131 rahats\u0131z etmeyecek \u015fekilde konumland\u0131r\u0131lm\u0131\u015f \u00f6zel bir alan d\u0131\u015f\u0131nda, havaliman\u0131 binas\u0131n\u0131n i\u00e7inde herhangi bir yerde sigara i\u00e7mek yasakt\u0131r.<br>Bu blog yaz\u0131s\u0131nda, i\u00e7 hatlar ve d\u0131\u015f hatlar u\u00e7u\u015flar\u0131ndaki yolcular i\u00e7in havaliman\u0131nda sigara i\u00e7me alan\u0131n\u0131n nerede bulundu\u011funu ele alal\u0131m. \u00c7\u00f6z\u00fcm\u00fc havaliman\u0131 ziyaret\u00e7ileri i\u00e7in mant\u0131kl\u0131 ve kullan\u0131\u015fl\u0131 hale getirmeye karar verdik ve bu nedenle, sigara sevenlerin adreslerini kontrol etmelerini ve \u0130stanbul Havaliman\u0131'na var\u0131\u015flar\u0131ndan veya ayr\u0131l\u0131\u015flar\u0131ndan hemen \u00f6nce sigara i\u00e7me alan\u0131 teraslar\u0131n\u0131n haritas\u0131n\u0131 edinmelerini kolay ve rahat hale getirmek i\u00e7in belirli bir kap\u0131ya ili\u015fkin her sigara i\u00e7me alan\u0131n\u0131 a\u00e7\u0131klayaca\u011f\u0131z.<br>Genel olarak \u0130stanbul Havaliman\u0131, yolcular\u0131 i\u00e7in 13 adet sigara i\u00e7me alan\u0131 se\u00e7ene\u011fi sunmaktad\u0131r. Bunlardan \u00fc\u00e7\u00fc i\u00e7 hatlar taraf\u0131nda, on tanesi ise d\u0131\u015f hatlar taraf\u0131nda bulunmaktad\u0131r.<\/p>\n\n\n\n<p><strong>A kap\u0131lar\u0131n\u0131n yak\u0131n\u0131nda \u0130ST sigara i\u00e7me alan\u0131<\/strong><\/p>\n\n\n\n<p>A kap\u0131lar\u0131ndan bir u\u00e7a\u011fa binmeniz gerekiyorsa, girebilece\u011finiz bir sigara i\u00e7me teras\u0131 bulunmaktad\u0131r. Check-in alan\u0131n\u0131n yak\u0131n\u0131nda bulunur ve bu \u0130stanbul Havaliman\u0131 web sitesi harita ba\u011flant\u0131s\u0131n\u0131 kullanarak bulabilirsiniz veya sadece havaliman\u0131 personeline nerede oldu\u011funu sorabilirsiniz. A kap\u0131lar\u0131na en yak\u0131n olan bir di\u011fer sigara i\u00e7me teras\u0131 A11 kap\u0131s\u0131n\u0131n yan\u0131ndad\u0131r, bu y\u00fczden bu kap\u0131dan Avrupa veya Asya'ya seyahat ederken buray\u0131 ziyaret edebilirsiniz. U\u00e7a\u011f\u0131n\u0131z B kap\u0131lar\u0131 b\u00f6l\u00fcm\u00fcne daha yak\u0131n olan A kap\u0131lar\u0131na atanm\u0131\u015fsa, A-B Gourmet Trilogy yak\u0131n\u0131nda kapal\u0131 bir sigara i\u00e7me alan\u0131 bulunmaktad\u0131r.<\/p>\n\n\n\n<h2 itemprop=\"alternateName\" class=\"wp-block-heading\"><strong>B kap\u0131lar\u0131na yak\u0131n \u0130ST sigara i\u00e7me alan\u0131<\/strong><\/h2>\n\n\n\n<p>B kap\u0131lar\u0131 i\u00e7in A-B Gourmet Trilogy yak\u0131n\u0131nda ara bir sigara i\u00e7me alan\u0131 bulunmaktad\u0131r. Sigara tiryakilerinin t\u00fct\u00fcn ihtiya\u00e7lar\u0131n\u0131 giderebilece\u011fi bir di\u011fer teras da B18 kap\u0131s\u0131 yak\u0131n\u0131nda yer al\u0131rken, B1 kap\u0131s\u0131 yak\u0131n\u0131nda sigara i\u00e7enlere \u00f6zel bir Temiz Hava Teras\u0131 bulunmaktad\u0131r.<\/p>\n\n\n\n<h2 itemprop=\"alternateName\" class=\"wp-block-heading\"><strong>C kap\u0131lar\u0131na yak\u0131n \u0130ST sigara i\u00e7me alan\u0131<\/strong><\/h2>\n\n\n\n<p>C kap\u0131lar\u0131 ziyaret\u00e7ileri, Napzone yak\u0131n\u0131ndaki C1 kap\u0131s\u0131na yak\u0131n balkonda sigara i\u00e7ebilirler.<\/p>\n\n\n\n<h2 itemprop=\"alternateName\" class=\"wp-block-heading\"><strong>D kap\u0131lar\u0131na yak\u0131n IST sigara i\u00e7me alan\u0131<\/strong><\/h2>\n\n\n\n<p>\u0130stanbul Havaliman\u0131 D-Gates sigara i\u00e7me alan\u0131 s\u00f6z konusu oldu\u011funda, sigara severler i\u00e7in tek ve yegane bir se\u00e7enek var, o da D16 kap\u0131s\u0131n\u0131n yan\u0131.<\/p>\n\n\n\n<h2 itemprop=\"alternateName\" class=\"wp-block-heading\"><strong>IST E kap\u0131lar\u0131na yak\u0131n sigara i\u00e7me alanlar\u0131<\/strong><\/h2>\n\n\n\n<p>E Kap\u0131lar\u0131'na yak\u0131n \u0130stanbul Uluslararas\u0131 Havaliman\u0131 sigara i\u00e7me alan\u0131na ula\u015fmak istiyorsan\u0131z, bu b\u00f6l\u00fcmde \u00f6zel alanlar bulunmad\u0131\u011f\u0131ndan yak\u0131ndaki di\u011fer kap\u0131 alanlar\u0131n\u0131 araman\u0131z daha iyi olur. Yine de, F13 sigara i\u00e7me teras\u0131nda sigara i\u00e7me iste\u011finizi giderebilirsiniz.<\/p>\n\n\n\n<h2 itemprop=\"alternateName\" class=\"wp-block-heading\"><strong>F kap\u0131lar\u0131na yak\u0131n \u0130ST sigara i\u00e7me alan\u0131<\/strong><\/h2>\n\n\n\n<p>\u0130stanbul Havaliman\u0131, F kap\u0131lar\u0131 i\u00e7in sigara veya pipo i\u00e7mek i\u00e7in 2 harika teras sunmaktad\u0131r.<\/p>\n\n\n\n<ul class=\"wp-block-list\">\n<li>\u0130lki F13 Kap\u0131s\u0131'n\u0131n yak\u0131n\u0131nda ve bir lounge t\u00fcr\u00fcn\u00fcn teras\u0131.<\/li>\n\n\n\n<li>\u0130kincisi, 8 numaral\u0131 kap\u0131n\u0131n kar\u015f\u0131s\u0131nda.<\/li>\n<\/ul>\n\n\n\n<h2 itemprop=\"alternateName\" class=\"wp-block-heading\"><strong>IST G kap\u0131lar\u0131na yak\u0131n sigara i\u00e7me alanlar\u0131<\/strong><\/h2>\n\n\n\n<p>G Kap\u0131lar\u0131 yak\u0131n\u0131ndaki tek sigara i\u00e7me alan\u0131 G11 Kap\u0131s\u0131'n\u0131n yan\u0131nda bulunmaktad\u0131r. Manzaralar\u0131n\u0131 ve koordinatlar\u0131n\u0131 bu ba\u011flant\u0131y\u0131 kullanarak bulabilirsiniz.<br>Gate b\u00f6lgesindeki sigara i\u00e7me alan\u0131n\u0131n yan\u0131 s\u0131ra, i\u00e7 hatlar taraf\u0131nda ve havaalan\u0131n\u0131n merkezi k\u0131sm\u0131nda birka\u00e7 tane de \u00fccretsiz sigara i\u00e7me alan\u0131 bulunmaktad\u0131r. Bu nedenle, kalk\u0131\u015flar\u0131 i\u00e7 hatlar taraf\u0131ndan olacak yolcular, Yemek Alan\u0131 Giri\u015fi yak\u0131n\u0131ndaki terasta veya Yemek Alan\u0131'ndaki balkonu kullanabilirler.<br>\u0130stanbul Havaliman\u0131 giri\u015flerine yak\u0131n bir sigara i\u00e7me alan\u0131 ar\u0131yorsan\u0131z, giden yolcu kat\u0131nda A Kontuar\u0131 ve C Kontuar\u0131 b\u00f6lgelerinde iki tane bulunmaktad\u0131r. Ayr\u0131ca, bagaj al\u0131m bantlar\u0131n\u0131n yak\u0131n\u0131nda iki b\u00f6lge daha vard\u0131r \u2013 biri i\u00e7 hat yolcular\u0131, di\u011feri ise d\u0131\u015f hatlar i\u00e7in.<br>\u0130stanbul Havaliman\u0131'na seyahatinize ba\u015flarken, e\u011fer sigara kullan\u0131yorsan\u0131z, sigara i\u00e7me alanlar\u0131 hakk\u0131nda daha fazla bilgi edinmeniz \u00f6nemlidir. Her bir \u0130ST sigara i\u00e7me alan\u0131 hakk\u0131nda size sa\u011flad\u0131\u011f\u0131m\u0131z bilgilerin yard\u0131mc\u0131 olaca\u011f\u0131n\u0131 umuyoruz. Her durumda, kalk\u0131\u015f\/var\u0131\u015f\/transfer g\u00fcn\u00fcn\u00fczde hangi alanlar\u0131n faaliyette oldu\u011funu kontrol etmek de bir zorunluluktur ve ilgili g\u00fcncellemelerin yay\u0131nland\u0131\u011f\u0131 havaliman\u0131n\u0131n resmi web sitesinden bunu yapabilirsiniz. Sadece gizlilik politikas\u0131n\u0131 kabul edin ve bu sayfaya girin veya her bir sigara i\u00e7me alan\u0131n\u0131n i\u015fletimi hakk\u0131nda ayr\u0131nt\u0131l\u0131 bilgi almak i\u00e7in telefon hatt\u0131 veya e-posta yoluyla havaliman\u0131 ekibiyle ileti\u015fime ge\u00e7in.<\/p>","protected":false},"excerpt":{"rendered":"<p>Smoking comfort in the airport: discovering comfortable spots for a smoker in IST Turkey, like Spain, North America, and Italy, is known for high levels of nicotine consumers. The tradition of smoking is strong there, and even in times when the world society fights smoking and tries to reduce tobacco consumption, Istanbul Airport remains a [&hellip;]<\/p>","protected":false},"author":1,"featured_media":3711,"parent":0,"menu_order":0,"comment_status":"closed","ping_status":"closed","template":"home.php","meta":{"_acf_changed":false,"footnotes":""},"class_list":["post-3437","page","type-page","status-publish","has-post-thumbnail","hentry"],"acf":[],"yoast_head":"<!-- This site is optimized with the Yoast SEO plugin v27.4 - https:\/\/yoast.com\/product\/yoast-seo-wordpress\/ -->\n<title>Istanbul International Airport smoking area - Istanbul International Airport (IST) - Turkey&#039;s new airport<\/title>\n<meta name=\"robots\" content=\"index, follow, max-snippet:-1, max-image-preview:large, max-video-preview:-1\" \/>\n<link rel=\"canonical\" href=\"https:\/\/istanbul-ist-international-airport.com\/tr\/ist-smoking-area\/\" \/>\n<meta property=\"og:locale\" content=\"tr_TR\" \/>\n<meta property=\"og:type\" content=\"article\" \/>\n<meta property=\"og:title\" content=\"Istanbul International Airport smoking area - Istanbul International Airport (IST) - Turkey&#039;s new airport\" \/>\n<meta property=\"og:description\" content=\"Smoking comfort in the airport: discovering comfortable spots for a smoker in IST Turkey, like Spain, North America, and Italy, is known for high levels of nicotine consumers. The tradition of smoking is strong there, and even in times when the world society fights smoking and tries to reduce tobacco consumption, Istanbul Airport remains a [&hellip;]\" \/>\n<meta property=\"og:url\" content=\"https:\/\/istanbul-ist-international-airport.com\/tr\/ist-smoking-area\/\" \/>\n<meta property=\"og:site_name\" content=\"Istanbul International Airport (IST) - Turkey&#039;s new airport\" \/>\n<meta property=\"article:modified_time\" content=\"2025-09-13T10:45:05+00:00\" \/>\n<meta property=\"og:image\" content=\"https:\/\/istanbul-ist-international-airport.com\/wp-content\/uploads\/2025\/09\/smoking-scaled-1.jpg\" \/>\n\t<meta property=\"og:image:width\" content=\"2560\" \/>\n\t<meta property=\"og:image:height\" content=\"1393\" \/>\n\t<meta property=\"og:image:type\" content=\"image\/jpeg\" \/>\n<meta name=\"twitter:card\" content=\"summary_large_image\" \/>\n<meta name=\"twitter:label1\" content=\"Tahmini okuma s\u00fcresi\" \/>\n\t<meta name=\"twitter:data1\" content=\"4 dakika\" \/>\n<script type=\"application\/ld+json\" class=\"yoast-schema-graph\">{\"@context\":\"https:\\\/\\\/schema.org\",\"@graph\":[{\"@type\":\"WebPage\",\"@id\":\"https:\\\/\\\/istanbul-ist-international-airport.com\\\/tr\\\/ist-smoking-area\\\/\",\"url\":\"https:\\\/\\\/istanbul-ist-international-airport.com\\\/tr\\\/ist-smoking-area\\\/\",\"name\":\"Istanbul International Airport smoking area - Istanbul International Airport (IST) - Turkey&#039;s new airport\",\"isPartOf\":{\"@id\":\"https:\\\/\\\/istanbul-ist-international-airport.com\\\/tr\\\/#website\"},\"primaryImageOfPage\":{\"@id\":\"https:\\\/\\\/istanbul-ist-international-airport.com\\\/tr\\\/ist-smoking-area\\\/#primaryimage\"},\"image\":{\"@id\":\"https:\\\/\\\/istanbul-ist-international-airport.com\\\/tr\\\/ist-smoking-area\\\/#primaryimage\"},\"thumbnailUrl\":\"https:\\\/\\\/istanbul-ist-international-airport.com\\\/wp-content\\\/uploads\\\/2025\\\/09\\\/smoking-scaled-1.jpg\",\"datePublished\":\"2025-09-10T14:19:56+00:00\",\"dateModified\":\"2025-09-13T10:45:05+00:00\",\"breadcrumb\":{\"@id\":\"https:\\\/\\\/istanbul-ist-international-airport.com\\\/tr\\\/ist-smoking-area\\\/#breadcrumb\"},\"inLanguage\":\"tr\",\"potentialAction\":[{\"@type\":\"ReadAction\",\"target\":[\"https:\\\/\\\/istanbul-ist-international-airport.com\\\/tr\\\/ist-smoking-area\\\/\"]}]},{\"@type\":\"ImageObject\",\"inLanguage\":\"tr\",\"@id\":\"https:\\\/\\\/istanbul-ist-international-airport.com\\\/tr\\\/ist-smoking-area\\\/#primaryimage\",\"url\":\"https:\\\/\\\/istanbul-ist-international-airport.com\\\/wp-content\\\/uploads\\\/2025\\\/09\\\/smoking-scaled-1.jpg\",\"contentUrl\":\"https:\\\/\\\/istanbul-ist-international-airport.com\\\/wp-content\\\/uploads\\\/2025\\\/09\\\/smoking-scaled-1.jpg\",\"width\":2560,\"height\":1393},{\"@type\":\"BreadcrumbList\",\"@id\":\"https:\\\/\\\/istanbul-ist-international-airport.com\\\/tr\\\/ist-smoking-area\\\/#breadcrumb\",\"itemListElement\":[{\"@type\":\"ListItem\",\"position\":1,\"name\":\"Home\",\"item\":\"https:\\\/\\\/istanbul-ist-international-airport.com\\\/\"},{\"@type\":\"ListItem\",\"position\":2,\"name\":\"Istanbul International Airport smoking area\"}]},{\"@type\":\"WebSite\",\"@id\":\"https:\\\/\\\/istanbul-ist-international-airport.com\\\/tr\\\/#website\",\"url\":\"https:\\\/\\\/istanbul-ist-international-airport.com\\\/tr\\\/\",\"name\":\"Istanbul International Airport (IST) - Turkey&#039;s new airport\",\"description\":\"Navigating Istanbul International Airport: A Traveler\u2019s Guide.\",\"potentialAction\":[{\"@type\":\"SearchAction\",\"target\":{\"@type\":\"EntryPoint\",\"urlTemplate\":\"https:\\\/\\\/istanbul-ist-international-airport.com\\\/tr\\\/?s={search_term_string}\"},\"query-input\":{\"@type\":\"PropertyValueSpecification\",\"valueRequired\":true,\"valueName\":\"search_term_string\"}}],\"inLanguage\":\"tr\"}]}<\/script>\n<!-- \/ Yoast SEO plugin. -->","yoast_head_json":{"title":"\u0130stanbul Uluslararas\u0131 Havaliman\u0131 sigara i\u00e7me alan\u0131 - \u0130stanbul Uluslararas\u0131 Havaliman\u0131 (IST) - T\u00fcrkiye'nin yeni havaliman\u0131","robots":{"index":"index","follow":"follow","max-snippet":"max-snippet:-1","max-image-preview":"max-image-preview:large","max-video-preview":"max-video-preview:-1"},"canonical":"https:\/\/istanbul-ist-international-airport.com\/tr\/ist-smoking-area\/","og_locale":"tr_TR","og_type":"article","og_title":"Istanbul International Airport smoking area - Istanbul International Airport (IST) - Turkey&#039;s new airport","og_description":"Smoking comfort in the airport: discovering comfortable spots for a smoker in IST Turkey, like Spain, North America, and Italy, is known for high levels of nicotine consumers. The tradition of smoking is strong there, and even in times when the world society fights smoking and tries to reduce tobacco consumption, Istanbul Airport remains a [&hellip;]","og_url":"https:\/\/istanbul-ist-international-airport.com\/tr\/ist-smoking-area\/","og_site_name":"Istanbul International Airport (IST) - Turkey&#039;s new airport","article_modified_time":"2025-09-13T10:45:05+00:00","og_image":[{"width":2560,"height":1393,"url":"https:\/\/istanbul-ist-international-airport.com\/wp-content\/uploads\/2025\/09\/smoking-scaled-1.jpg","type":"image\/jpeg"}],"twitter_card":"summary_large_image","twitter_misc":{"Tahmini okuma s\u00fcresi":"4 dakika"},"schema":{"@context":"https:\/\/schema.org","@graph":[{"@type":"WebPage","@id":"https:\/\/istanbul-ist-international-airport.com\/tr\/ist-smoking-area\/","url":"https:\/\/istanbul-ist-international-airport.com\/tr\/ist-smoking-area\/","name":"\u0130stanbul Uluslararas\u0131 Havaliman\u0131 sigara i\u00e7me alan\u0131 - \u0130stanbul Uluslararas\u0131 Havaliman\u0131 (IST) - T\u00fcrkiye'nin yeni havaliman\u0131","isPartOf":{"@id":"https:\/\/istanbul-ist-international-airport.com\/tr\/#website"},"primaryImageOfPage":{"@id":"https:\/\/istanbul-ist-international-airport.com\/tr\/ist-smoking-area\/#primaryimage"},"image":{"@id":"https:\/\/istanbul-ist-international-airport.com\/tr\/ist-smoking-area\/#primaryimage"},"thumbnailUrl":"https:\/\/istanbul-ist-international-airport.com\/wp-content\/uploads\/2025\/09\/smoking-scaled-1.jpg","datePublished":"2025-09-10T14:19:56+00:00","dateModified":"2025-09-13T10:45:05+00:00","breadcrumb":{"@id":"https:\/\/istanbul-ist-international-airport.com\/tr\/ist-smoking-area\/#breadcrumb"},"inLanguage":"tr","potentialAction":[{"@type":"ReadAction","target":["https:\/\/istanbul-ist-international-airport.com\/tr\/ist-smoking-area\/"]}]},{"@type":"ImageObject","inLanguage":"tr","@id":"https:\/\/istanbul-ist-international-airport.com\/tr\/ist-smoking-area\/#primaryimage","url":"https:\/\/istanbul-ist-international-airport.com\/wp-content\/uploads\/2025\/09\/smoking-scaled-1.jpg","contentUrl":"https:\/\/istanbul-ist-international-airport.com\/wp-content\/uploads\/2025\/09\/smoking-scaled-1.jpg","width":2560,"height":1393},{"@type":"BreadcrumbList","@id":"https:\/\/istanbul-ist-international-airport.com\/tr\/ist-smoking-area\/#breadcrumb","itemListElement":[{"@type":"ListItem","position":1,"name":"Home","item":"https:\/\/istanbul-ist-international-airport.com\/"},{"@type":"ListItem","position":2,"name":"Istanbul International Airport smoking area"}]},{"@type":"WebSite","@id":"https:\/\/istanbul-ist-international-airport.com\/tr\/#website","url":"https:\/\/istanbul-ist-international-airport.com\/tr\/","name":"Istanbul International Airport (IST) - Turkey&#039;s new airport","description":"Navigating Istanbul International Airport: A Traveler\u2019s Guide.","potentialAction":[{"@type":"SearchAction","target":{"@type":"EntryPoint","urlTemplate":"https:\/\/istanbul-ist-international-airport.com\/tr\/?s={search_term_string}"},"query-input":{"@type":"PropertyValueSpecification","valueRequired":true,"valueName":"search_term_string"}}],"inLanguage":"tr"}]}},"_links":{"self":[{"href":"https:\/\/istanbul-ist-international-airport.com\/tr\/wp-json\/wp\/v2\/pages\/3437","targetHints":{"allow":["GET"]}}],"collection":[{"href":"https:\/\/istanbul-ist-international-airport.com\/tr\/wp-json\/wp\/v2\/pages"}],"about":[{"href":"https:\/\/istanbul-ist-international-airport.com\/tr\/wp-json\/wp\/v2\/types\/page"}],"author":[{"embeddable":true,"href":"https:\/\/istanbul-ist-international-airport.com\/tr\/wp-json\/wp\/v2\/users\/1"}],"replies":[{"embeddable":true,"href":"https:\/\/istanbul-ist-international-airport.com\/tr\/wp-json\/wp\/v2\/comments?post=3437"}],"version-history":[{"count":2,"href":"https:\/\/istanbul-ist-international-airport.com\/tr\/wp-json\/wp\/v2\/pages\/3437\/revisions"}],"predecessor-version":[{"id":3713,"href":"https:\/\/istanbul-ist-international-airport.com\/tr\/wp-json\/wp\/v2\/pages\/3437\/revisions\/3713"}],"wp:featuredmedia":[{"embeddable":true,"href":"https:\/\/istanbul-ist-international-airport.com\/tr\/wp-json\/wp\/v2\/media\/3711"}],"wp:attachment":[{"href":"https:\/\/istanbul-ist-international-airport.com\/tr\/wp-json\/wp\/v2\/media?parent=3437"}],"curies":[{"name":"wp","href":"https:\/\/api.w.org\/{rel}","templated":true}]}}