{"id":3439,"date":"2025-09-10T17:20:06","date_gmt":"2025-09-10T14:20:06","guid":{"rendered":"http:\/\/147.182.243.37\/?page_id=3439"},"modified":"2025-09-13T13:48:25","modified_gmt":"2025-09-13T10:48:25","slug":"istanbul-airport-transportation","status":"publish","type":"page","link":"https:\/\/istanbul-ist-international-airport.com\/tr\/istanbul-airport-transportation\/","title":{"rendered":"Istanbul Airport Transportation"},"content":{"rendered":"<h2 itemprop=\"alternateName\" class=\"wp-block-heading\"><strong>Taksiler<\/strong><\/h2>\n\n\n\n<p>Vard\u0131\u011f\u0131n\u0131zda&nbsp;<a href=\"https:\/\/istanbul-ist-international-airport.com\/\">\u0130stanbul yeni Uluslararas\u0131 Havaalan\u0131<\/a>var\u0131\u015f noktan\u0131za ula\u015fmak i\u00e7in \u00e7e\u015fitli se\u00e7enekleriniz bulunmaktad\u0131r. En uygun se\u00e7eneklerden biri, havaliman\u0131nda bulunan taksi hizmetlerinden yararlanmakt\u0131r. \u0130stanbul'daki taksiler, konfor ve uygun fiyat d\u00fczeylerine g\u00f6re \u00fc\u00e7 kategoriye ayr\u0131l\u0131r. Turuncu taksiler, en b\u00fct\u00e7e dostu fiyatlar\u0131 sunan ekonomi s\u0131n\u0131f\u0131na aittir. Daha konforlu bir yolculuk tercih ederseniz, biraz daha pahal\u0131 olan ancak daha iyi bir deneyim sunan mavi taksileri tercih edebilirsiniz. L\u00fcks ve konfora \u00f6ncelik verenler i\u00e7in ise siyah taksiler, daha y\u00fcksek bir maliyetle de olsa en g\u00f6steri\u015fli yolculu\u011fu sunar. Ortalama olarak, 40 dakikal\u0131k bir taksi yolculu\u011fu size yakla\u015f\u0131k 17 \u20ac (16,90 $, veya 310 \u20ba) civar\u0131nda mal olacakt\u0131r, ancak fiyatlar\u0131n ve seyahat s\u00fcresinin trafik ko\u015fullar\u0131na ba\u011fl\u0131 olarak de\u011fi\u015febilece\u011fini l\u00fctfen unutmay\u0131n.<\/p>\n\n\n\n<h2 itemprop=\"alternateName\" class=\"wp-block-heading\"><strong>Otob\u00fcs<\/strong><\/h2>\n\n\n\n<p>Alternatif olarak, \u0130stanbul Havaliman\u0131'ndan \u015fehir merkezine otob\u00fcsle de gidebilirsiniz. Hawaist ve \u0130ETT otob\u00fcsleri s\u0131k aral\u0131klarla sefer yapmaktad\u0131r ve yolcular i\u00e7in kolayl\u0131k sa\u011flayarak g\u00fcn\u00fcn 24 saati hizmet vermektedir. Otob\u00fcs \u00fccretleri, se\u00e7ti\u011finiz g\u00fczergaha ba\u011fl\u0131 olarak 15,33 ile 85 T\u00fcrk Liras\u0131 (0,84-4,66 avro veya 0,80-4,60 $'ye e\u015fde\u011fer) aras\u0131nda de\u011fi\u015fmektedir.<\/p>\n\n\n\n<h2 itemprop=\"alternateName\" class=\"wp-block-heading\"><strong>Metro<\/strong><\/h2>\n\n\n\n<p>Daha h\u0131zl\u0131 ve daha uygun maliyetli bir se\u00e7enek i\u00e7in, yeni M11 metro hatt\u0131 \"Hayrettepe \u2013 \u0130stanbul Yeni Havaliman\u0131\" art\u0131k faaliyette. Bu metro hatt\u0131, \u0130stanbul Havaliman\u0131'n\u0131 Kayasem'e sadece 24 dakikada ba\u011fl\u0131yor. \u015eu anda Kayasem'de durmas\u0131na ra\u011fmen, hatt\u0131 Hayrettepe'ye kadar uzatma planlar\u0131 var. Metroyu se\u00e7mek, havaliman\u0131na ula\u015fmak ve havaliman\u0131ndan ayr\u0131lmak i\u00e7in size uygun, uygun fiyatl\u0131 ve verimli bir yol sa\u011flayacakt\u0131r.<\/p>\n\n\n\n<h2 itemprop=\"alternateName\" class=\"wp-block-heading\"><a href=\"https:\/\/istanbul-ist-international-airport.com\/istanbul-private-transfer\/\"><strong>\u00d6zel Havaalan\u0131 Transferi<\/strong><\/a><\/h2>\n\n\n\n<p>Ki\u015fiselle\u015ftirilmi\u015f ula\u015f\u0131m hizmetlerini tercih ediyorsan\u0131z, \u0130stanbul Havaliman\u0131'nda \u00f6zel transfer \u015firketleri bulunmaktad\u0131r. Bu hizmetler, bavullar\u0131n\u0131zla size hevesle yard\u0131mc\u0131 olacak ve \u0130stanbul'daki konaklama yerinize h\u0131zl\u0131 ve konforlu bir yolculuk sa\u011flayacak \u00f6zel \u015fof\u00f6rler sunar. Bu se\u00e7enek, \u00f6zellikle \u00f6zel ve sorunsuz bir seyahat deneyimi arayanlar i\u00e7in uygundur.<\/p>\n\n\n\n<h2 itemprop=\"alternateName\" class=\"wp-block-heading\"><a href=\"https:\/\/istanbul-ist-international-airport.com\/rent-a-car\/\"><strong>Ara\u00e7 Kiralama<\/strong><\/a><\/h2>\n\n\n\n<p>Alternatif olarak, \u0130stanbul'u kendi \u015fartlar\u0131n\u0131zda ke\u015ffetmek i\u00e7in en \u00fcst d\u00fczeyde \u00f6zg\u00fcrl\u00fck ve esneklik i\u00e7in, \u0130stanbul Havaliman\u0131'nda \u00e7ok say\u0131da ara\u00e7 kiralama \u015firketi faaliyet g\u00f6stermektedir. Bu \u015firketler, ihtiya\u00e7lar\u0131n\u0131za en uygun ara\u00e7 kiralama f\u0131rsat\u0131n\u0131 se\u00e7menize olanak tan\u0131yan geni\u015f bir hizmet yelpazesi sunmaktad\u0131r. Havaliman\u0131nda mevcut se\u00e7enekleri ke\u015ffedin ve \u0130stanbul'daki konaklaman\u0131z i\u00e7in en uygun ula\u015f\u0131m y\u00f6ntemini se\u00e7in.<\/p>\n\n\n<div class=\"full-bg\">\n  <img decoding=\"async\" itemprop=\"image\" src=\"https:\/\/istanbul-ist-international-airport.com\/wp-content\/uploads\/2025\/09\/tr_line-scaled.jpg\" alt=\"image\">\n<\/div>\n\n\n<h2 itemprop=\"alternateName\" class=\"wp-block-heading\"><a href=\"https:\/\/istanbul-ist-international-airport.com\/istanbul-airport-to-istanbul-city-centre\/\"><strong>\u0130stanbul Havaliman\u0131 \u2013 \u0130stanbul \u015fehir merkezi<\/strong><\/a><\/h2>\n\n\n\n<p>\u0130stanbul Havaliman\u0131'ndan \u015fehir merkezine, Sultanahmet semtine ula\u015fman\u0131n birka\u00e7 yolu vard\u0131r. \u00d6zel transferler ve ara\u00e7 kiralama ile ilgileniyorsan\u0131z, Atat\u00fcrk Havaliman\u0131'nda bu hizmetleri sunan bir\u00e7ok \u015firket bulunmaktad\u0131r. Havaalan\u0131nda g\u00fcn\u00fcn her saatinde taksi de bulunmaktad\u0131r. Havaist otob\u00fcsleri Sultanahmet'e her 30 dakikada bir kalkmaktad\u0131r. Alternatif olarak, yeni metro hatt\u0131n\u0131 kullanarak havaliman\u0131ndan merkeze gidebilirsiniz.<\/p>\n\n\n\n<h2 itemprop=\"alternateName\" class=\"wp-block-heading\"><a href=\"https:\/\/istanbul-ist-international-airport.com\/taksim-square-to-istanbul-airport\/\"><strong>\u0130stanbul Havaliman\u0131 \u2013 Taksim<\/strong><\/a><\/h2>\n\n\n\n<p>Taksim Meydan\u0131, yerli ve yabanc\u0131 turistlerin ilgisini \u00e7eken modern \u0130stanbul'un merkezidir. \u015eehrin pitoresk bir semtidir. Konaklama yeriniz buradaysa, \u0130stanbul Uluslararas\u0131 Havaliman\u0131'na vard\u0131ktan sonra oraya nas\u0131l gidersiniz? Neyse ki, \u0130stanbul Yeni Havaliman\u0131'ndan Taksim Meydan\u0131'na \u00e7e\u015fitli ula\u015f\u0131m se\u00e7enekleri bulunmaktad\u0131r.<\/p>\n\n\n\n<h2 itemprop=\"alternateName\" class=\"wp-block-heading\"><a href=\"https:\/\/istanbul-ist-international-airport.com\/sabiha-gokcen-airport-to-istanbul\/\"><strong>\u0130stanbul Havaliman\u0131 \u2013 Sabiha G\u00f6k\u00e7en Havaliman\u0131<\/strong><\/a><\/h2>\n\n\n\n<p>Yolcular, \u0130stanbul Havaliman\u0131'ndan \u015fehrin eski havaliman\u0131 olan Sabiha G\u00f6k\u00e7en Havaliman\u0131'na taksi veya otob\u00fcsle gidebilirler. Gelecekte, yolculara iki havaliman\u0131n\u0131 birbirine ba\u011flayacak, seyahat s\u00fcresini k\u0131saltacak ve aktarmalar\u0131 kolayla\u015ft\u0131racak yeni bir h\u0131zl\u0131 tren kullanma se\u00e7ene\u011fi de sunulacak.<\/p>","protected":false},"excerpt":{"rendered":"<p>Taksiler \u0130stanbul Yeni Havaliman\u0131'na vard\u0131\u011f\u0131n\u0131zda, istedi\u011finiz yere ula\u015fmak i\u00e7in \u00e7e\u015fitli se\u00e7enekleriniz vard\u0131r. Bunlardan uygun olan\u0131 da havaliman\u0131nda bulunan taksi hizmetlerinden yararlanmakt\u0131r. \u0130stanbul'daki taksiler, konfor ve fiyat uygunlu\u011fu d\u00fczeylerine g\u00f6re \u00fc\u00e7 kategoriye ayr\u0131l\u0131r. Turuncu taksiler ekonomi s\u0131n\u0131f\u0131na aittir, [...]<\/p>","protected":false},"author":1,"featured_media":3714,"parent":0,"menu_order":0,"comment_status":"closed","ping_status":"closed","template":"home.php","meta":{"_acf_changed":false,"footnotes":""},"class_list":["post-3439","page","type-page","status-publish","has-post-thumbnail","hentry"],"acf":[],"yoast_head":"<!-- This site is optimized with the Yoast SEO plugin v27.5 - https:\/\/yoast.com\/product\/yoast-seo-wordpress\/ -->\n<title>Istanbul Airport Transportation - Istanbul International Airport (IST) - Turkey&#039;s new airport<\/title>\n<meta name=\"robots\" content=\"index, follow, max-snippet:-1, max-image-preview:large, max-video-preview:-1\" \/>\n<link rel=\"canonical\" href=\"https:\/\/istanbul-ist-international-airport.com\/tr\/istanbul-airport-transportation\/\" \/>\n<meta property=\"og:locale\" content=\"tr_TR\" \/>\n<meta property=\"og:type\" content=\"article\" \/>\n<meta property=\"og:title\" content=\"Istanbul Airport Transportation - Istanbul International Airport (IST) - Turkey&#039;s new airport\" \/>\n<meta property=\"og:description\" content=\"Taxis Once you arrive at&nbsp;Istanbul new International Airport, you have various options to reach your desired destination. One convenient choice is to avail of the taxi services available at the airport. Taxis in Istanbul are classified into three categories based on their level of comfort and affordability. The orange taxis belong to the economy class, [&hellip;]\" \/>\n<meta property=\"og:url\" content=\"https:\/\/istanbul-ist-international-airport.com\/tr\/istanbul-airport-transportation\/\" \/>\n<meta property=\"og:site_name\" content=\"Istanbul International Airport (IST) - Turkey&#039;s new airport\" \/>\n<meta property=\"article:modified_time\" content=\"2025-09-13T10:48:25+00:00\" \/>\n<meta property=\"og:image\" content=\"https:\/\/istanbul-ist-international-airport.com\/wp-content\/uploads\/2025\/09\/tr.jpg\" \/>\n\t<meta property=\"og:image:width\" content=\"2160\" \/>\n\t<meta property=\"og:image:height\" content=\"825\" \/>\n\t<meta property=\"og:image:type\" content=\"image\/jpeg\" \/>\n<meta name=\"twitter:card\" content=\"summary_large_image\" \/>\n<meta name=\"twitter:label1\" content=\"Tahmini okuma s\u00fcresi\" \/>\n\t<meta name=\"twitter:data1\" content=\"3 dakika\" \/>\n<script type=\"application\/ld+json\" class=\"yoast-schema-graph\">{\"@context\":\"https:\\\/\\\/schema.org\",\"@graph\":[{\"@type\":\"WebPage\",\"@id\":\"https:\\\/\\\/istanbul-ist-international-airport.com\\\/tr\\\/istanbul-airport-transportation\\\/\",\"url\":\"https:\\\/\\\/istanbul-ist-international-airport.com\\\/tr\\\/istanbul-airport-transportation\\\/\",\"name\":\"Istanbul Airport Transportation - Istanbul International Airport (IST) - Turkey&#039;s new airport\",\"isPartOf\":{\"@id\":\"https:\\\/\\\/istanbul-ist-international-airport.com\\\/tr\\\/#website\"},\"primaryImageOfPage\":{\"@id\":\"https:\\\/\\\/istanbul-ist-international-airport.com\\\/tr\\\/istanbul-airport-transportation\\\/#primaryimage\"},\"image\":{\"@id\":\"https:\\\/\\\/istanbul-ist-international-airport.com\\\/tr\\\/istanbul-airport-transportation\\\/#primaryimage\"},\"thumbnailUrl\":\"https:\\\/\\\/istanbul-ist-international-airport.com\\\/wp-content\\\/uploads\\\/2025\\\/09\\\/tr.jpg\",\"datePublished\":\"2025-09-10T14:20:06+00:00\",\"dateModified\":\"2025-09-13T10:48:25+00:00\",\"breadcrumb\":{\"@id\":\"https:\\\/\\\/istanbul-ist-international-airport.com\\\/tr\\\/istanbul-airport-transportation\\\/#breadcrumb\"},\"inLanguage\":\"tr\",\"potentialAction\":[{\"@type\":\"ReadAction\",\"target\":[\"https:\\\/\\\/istanbul-ist-international-airport.com\\\/tr\\\/istanbul-airport-transportation\\\/\"]}]},{\"@type\":\"ImageObject\",\"inLanguage\":\"tr\",\"@id\":\"https:\\\/\\\/istanbul-ist-international-airport.com\\\/tr\\\/istanbul-airport-transportation\\\/#primaryimage\",\"url\":\"https:\\\/\\\/istanbul-ist-international-airport.com\\\/wp-content\\\/uploads\\\/2025\\\/09\\\/tr.jpg\",\"contentUrl\":\"https:\\\/\\\/istanbul-ist-international-airport.com\\\/wp-content\\\/uploads\\\/2025\\\/09\\\/tr.jpg\",\"width\":2160,\"height\":825},{\"@type\":\"BreadcrumbList\",\"@id\":\"https:\\\/\\\/istanbul-ist-international-airport.com\\\/tr\\\/istanbul-airport-transportation\\\/#breadcrumb\",\"itemListElement\":[{\"@type\":\"ListItem\",\"position\":1,\"name\":\"Home\",\"item\":\"https:\\\/\\\/istanbul-ist-international-airport.com\\\/\"},{\"@type\":\"ListItem\",\"position\":2,\"name\":\"Istanbul Airport Transportation\"}]},{\"@type\":\"WebSite\",\"@id\":\"https:\\\/\\\/istanbul-ist-international-airport.com\\\/tr\\\/#website\",\"url\":\"https:\\\/\\\/istanbul-ist-international-airport.com\\\/tr\\\/\",\"name\":\"Istanbul International Airport (IST) - Turkey&#039;s new airport\",\"description\":\"Navigating Istanbul International Airport: A Traveler\u2019s Guide.\",\"potentialAction\":[{\"@type\":\"SearchAction\",\"target\":{\"@type\":\"EntryPoint\",\"urlTemplate\":\"https:\\\/\\\/istanbul-ist-international-airport.com\\\/tr\\\/?s={search_term_string}\"},\"query-input\":{\"@type\":\"PropertyValueSpecification\",\"valueRequired\":true,\"valueName\":\"search_term_string\"}}],\"inLanguage\":\"tr\"}]}<\/script>\n<!-- \/ Yoast SEO plugin. -->","yoast_head_json":{"title":"\u0130stanbul Havaliman\u0131 Ula\u015f\u0131m\u0131 - \u0130stanbul Uluslararas\u0131 Havaliman\u0131 (IST) - T\u00fcrkiye'nin yeni havaliman\u0131","robots":{"index":"index","follow":"follow","max-snippet":"max-snippet:-1","max-image-preview":"max-image-preview:large","max-video-preview":"max-video-preview:-1"},"canonical":"https:\/\/istanbul-ist-international-airport.com\/tr\/istanbul-airport-transportation\/","og_locale":"tr_TR","og_type":"article","og_title":"Istanbul Airport Transportation - Istanbul International Airport (IST) - Turkey&#039;s new airport","og_description":"Taxis Once you arrive at&nbsp;Istanbul new International Airport, you have various options to reach your desired destination. One convenient choice is to avail of the taxi services available at the airport. Taxis in Istanbul are classified into three categories based on their level of comfort and affordability. The orange taxis belong to the economy class, [&hellip;]","og_url":"https:\/\/istanbul-ist-international-airport.com\/tr\/istanbul-airport-transportation\/","og_site_name":"Istanbul International Airport (IST) - Turkey&#039;s new airport","article_modified_time":"2025-09-13T10:48:25+00:00","og_image":[{"width":2160,"height":825,"url":"https:\/\/istanbul-ist-international-airport.com\/wp-content\/uploads\/2025\/09\/tr.jpg","type":"image\/jpeg"}],"twitter_card":"summary_large_image","twitter_misc":{"Tahmini okuma s\u00fcresi":"3 dakika"},"schema":{"@context":"https:\/\/schema.org","@graph":[{"@type":"WebPage","@id":"https:\/\/istanbul-ist-international-airport.com\/tr\/istanbul-airport-transportation\/","url":"https:\/\/istanbul-ist-international-airport.com\/tr\/istanbul-airport-transportation\/","name":"\u0130stanbul Havaliman\u0131 Ula\u015f\u0131m\u0131 - \u0130stanbul Uluslararas\u0131 Havaliman\u0131 (IST) - T\u00fcrkiye'nin yeni havaliman\u0131","isPartOf":{"@id":"https:\/\/istanbul-ist-international-airport.com\/tr\/#website"},"primaryImageOfPage":{"@id":"https:\/\/istanbul-ist-international-airport.com\/tr\/istanbul-airport-transportation\/#primaryimage"},"image":{"@id":"https:\/\/istanbul-ist-international-airport.com\/tr\/istanbul-airport-transportation\/#primaryimage"},"thumbnailUrl":"https:\/\/istanbul-ist-international-airport.com\/wp-content\/uploads\/2025\/09\/tr.jpg","datePublished":"2025-09-10T14:20:06+00:00","dateModified":"2025-09-13T10:48:25+00:00","breadcrumb":{"@id":"https:\/\/istanbul-ist-international-airport.com\/tr\/istanbul-airport-transportation\/#breadcrumb"},"inLanguage":"tr","potentialAction":[{"@type":"ReadAction","target":["https:\/\/istanbul-ist-international-airport.com\/tr\/istanbul-airport-transportation\/"]}]},{"@type":"ImageObject","inLanguage":"tr","@id":"https:\/\/istanbul-ist-international-airport.com\/tr\/istanbul-airport-transportation\/#primaryimage","url":"https:\/\/istanbul-ist-international-airport.com\/wp-content\/uploads\/2025\/09\/tr.jpg","contentUrl":"https:\/\/istanbul-ist-international-airport.com\/wp-content\/uploads\/2025\/09\/tr.jpg","width":2160,"height":825},{"@type":"BreadcrumbList","@id":"https:\/\/istanbul-ist-international-airport.com\/tr\/istanbul-airport-transportation\/#breadcrumb","itemListElement":[{"@type":"ListItem","position":1,"name":"Home","item":"https:\/\/istanbul-ist-international-airport.com\/"},{"@type":"ListItem","position":2,"name":"Istanbul Airport Transportation"}]},{"@type":"WebSite","@id":"https:\/\/istanbul-ist-international-airport.com\/tr\/#website","url":"https:\/\/istanbul-ist-international-airport.com\/tr\/","name":"Istanbul International Airport (IST) - Turkey&#039;s new airport","description":"Navigating Istanbul International Airport: A Traveler\u2019s Guide.","potentialAction":[{"@type":"SearchAction","target":{"@type":"EntryPoint","urlTemplate":"https:\/\/istanbul-ist-international-airport.com\/tr\/?s={search_term_string}"},"query-input":{"@type":"PropertyValueSpecification","valueRequired":true,"valueName":"search_term_string"}}],"inLanguage":"tr"}]}},"_links":{"self":[{"href":"https:\/\/istanbul-ist-international-airport.com\/tr\/wp-json\/wp\/v2\/pages\/3439","targetHints":{"allow":["GET"]}}],"collection":[{"href":"https:\/\/istanbul-ist-international-airport.com\/tr\/wp-json\/wp\/v2\/pages"}],"about":[{"href":"https:\/\/istanbul-ist-international-airport.com\/tr\/wp-json\/wp\/v2\/types\/page"}],"author":[{"embeddable":true,"href":"https:\/\/istanbul-ist-international-airport.com\/tr\/wp-json\/wp\/v2\/users\/1"}],"replies":[{"embeddable":true,"href":"https:\/\/istanbul-ist-international-airport.com\/tr\/wp-json\/wp\/v2\/comments?post=3439"}],"version-history":[{"count":2,"href":"https:\/\/istanbul-ist-international-airport.com\/tr\/wp-json\/wp\/v2\/pages\/3439\/revisions"}],"predecessor-version":[{"id":3718,"href":"https:\/\/istanbul-ist-international-airport.com\/tr\/wp-json\/wp\/v2\/pages\/3439\/revisions\/3718"}],"wp:featuredmedia":[{"embeddable":true,"href":"https:\/\/istanbul-ist-international-airport.com\/tr\/wp-json\/wp\/v2\/media\/3714"}],"wp:attachment":[{"href":"https:\/\/istanbul-ist-international-airport.com\/tr\/wp-json\/wp\/v2\/media?parent=3439"}],"curies":[{"name":"wp","href":"https:\/\/api.w.org\/{rel}","templated":true}]}}