{"id":3441,"date":"2025-09-10T17:20:16","date_gmt":"2025-09-10T14:20:16","guid":{"rendered":"http:\/\/147.182.243.37\/?page_id=3441"},"modified":"2025-09-13T13:55:21","modified_gmt":"2025-09-13T10:55:21","slug":"istanbul-airport-to-istanbul-city-centre","status":"publish","type":"page","link":"https:\/\/istanbul-ist-international-airport.com\/tr\/istanbul-airport-to-istanbul-city-centre\/","title":{"rendered":"\u0130stanbul Uluslararas\u0131 Havaliman\u0131'ndan \u015fehir merkezine (Sultanahmet)"},"content":{"rendered":"<h2 itemprop=\"alternateName\" class=\"wp-block-heading\"><strong>How to get from the Istanbul new airport to the city center<\/strong><\/h2>\n\n\n\n<p>A luxurious part of Istanbul, the fabulous Sultanahmet, is what is called a true city center, its heart and its vibrant soul. That\u2019s the place where old and modern cultures meet each other, with its deluxe restaurants, exclusive hotels, and unforgettable sites like Hagia Sophia, the Blue Mosque, Basilica Cistern, Topkapi Palace and namely Sultanahmet Square. All of them are worth your attention and you will miss them all right after your departure from the airport.<br>Yet, getting there from the airport is not as easy as you can consider at a glance. The new airport was built in the opposite part of the city of Istanbul so as not to bother residents and reduce traffic jams.<br>So, if you want to explore the magic of ancient Istanbul after your arrival at IST airport, you\u2019d have to plan your further transportation to the center so as not to ride in hassle and spend top money on your transfer. Therefore, our blog guide to the most comfortable rides from the airport to the city center can come in handy. We\u2019ll consider in this guide the best transfer options for the airport\u2019s guests depending on their budget and requirements.<\/p>\n\n\n\n<h3 itemprop=\"alternateName\" class=\"wp-block-heading\"><strong>What is the distance from Istanbul Airport to the city center<\/strong><\/h3>\n\n\n\n<p>On average, the distance from the airport to Sultanahmet Square is something like 50 km while the same distance from another airport, Sabiha Gokcen, is only 3 km shorter. By the way, don\u2019t you know that&nbsp;<a href=\"https:\/\/istanbul-ist-international-airport.com\/\">Ataturk Airport<\/a>&nbsp;which was HAVIST airport\u2019s predecessor, was only 48 km from the city center?<br>To make it simpler to comprehend the routes from the new airport to the central districts of Istanbul, let\u2019s compare prices and timings provided by various options.<\/p>\n\n\n\n<figure class=\"wp-block-table\"><table class=\"has-fixed-layout\"><thead><tr><th>Item<\/th><th>Var\u0131\u015f<\/th><th>Kalk\u0131\u015f<\/th><\/tr><\/thead><tbody><tr><td>Cigarette<\/td><td>3 packs\/600 pieces<br><\/td><td>9 packs\/1800 pieces<br><\/td><\/tr><tr><td>Cigar<\/td><td>50 piece<br><\/td><td>150 pieces<br><\/td><\/tr><tr><td>Rolling tobacco\/pipe tobacco<br><\/td><td>250 g<br><\/td><td>750 g<br><\/td><\/tr><tr><td>Hard liquors (&gt;22% of alcohol)<br><\/td><td>1 liter<br><\/td><td>3 liters<br><\/td><\/tr><tr><td>Liquor beverage ( &lt; 22% of alcohol)<br><\/td><td>2 liters<br><\/td><td>6 liters<br><\/td><\/tr><tr><td>Parf\u00fcmeri<br><\/td><td>600 ml<br><\/td><td>1800 ml<br><\/td><\/tr><tr><td>Kozmetik<\/td><td>5 adet<br><\/td><td>15 adet<br><\/td><\/tr><tr><td>\u00c7ay veya kahve<br><\/td><td>1 kilogram<br><\/td><td>3 kg<br><\/td><\/tr><tr><td>Tatl\u0131lar m\u0131 \u00e7ikolatalar m\u0131<br><\/td><td>2 kilogram<br><\/td><td>6 kilogram<br><\/td><\/tr><\/tbody><\/table><\/figure>\n\n\n\n<p>Shuttle transfer depends on the conditions of its provider. Please, get into detail about reservations, costs, schedules of the shuttles provided by hotels, airlines, or HAVAIST itself.<br>The exact cost of car rent varies depending on the car\u2019s class and the time you rent it for.<\/p>\n\n\n\n<h2 itemprop=\"alternateName\" class=\"wp-block-heading\"><strong>Istanbul airport rental car center to get to city center<\/strong><\/h2>\n\n\n\n<p>The most convenient and easy type of transfer available for IST airport visitors are car rentals. These services are available throughout domestic and international terminal of the airport provided by different companies, likewise local Turkish and international services. They provide diverse pricing based on the company\u2019s policy, the car class, and the time you rent it. For example, average rates for car rental in Turkey are the following:<\/p>\n\n\n\n<ul class=\"wp-block-list\">\n<li>Economy vehicle starts from 930 TL per day;<\/li>\n\n\n\n<li>Mini is from 4,245 TL;<\/li>\n\n\n\n<li>Premium is over 6,355 TL;<\/li>\n\n\n\n<li>Luxury cars are offered for 13,218 TL for one day.<\/li>\n<\/ul>\n\n\n\n<p>You have to show your valid driver\u2019s license when you opt for car rental and sign a contract for so many days as you need.<\/p>\n\n\n\n<h2 itemprop=\"alternateName\" class=\"wp-block-heading\"><strong>Taxi from Istanbul Airport to the city center<\/strong><\/h2>\n\n\n\n<p>Taxis are among the most alternatively diverse transport methods from IST airport to Sultanahmet. Different services work in this field to service people whose flights arrive to HAVAIST. Thus, you can take a taxi right at the airport or in nearby locations. All of them gladly drive you to the center of the city from Beykoz to Gayrettepe.<\/p>\n\n\n\n<h3 itemprop=\"alternateName\" class=\"wp-block-heading\"><strong>Cost of the taxi from Istanbul Airport to Sultanahmet<\/strong><\/h3>\n\n\n\n<p>The taxi\u2019s costs when you need to come from the new airport somewhere to Sultanahmet, Aksaray, or Taksim Square are different depending on the type of a taxi that operates. Orange taxis are the cheapest while premium black vehicles of the finest quality are costly.<br>As usual, a driver you hire riding a taxi takes from 350 Turkish lira for a ride. Yet, the price can be higher in high traffic hours or bad weather conditions, likewise in tourist season from March to January. Besides, it is recommended to get a taxi booking beforehand, using online services to book a car with your debit or credit cards and under your email or even having its business pages on Facebook, especially if your arrivals to the airport are at midnight or late at night when taxis are not available.<br>Note that taxis in Istanbul don\u2019t require tips yet they get extra fees for Marmaroy rides and bridge crossings.<\/p>\n\n\n\n<h2 itemprop=\"alternateName\" class=\"wp-block-heading\"><strong>Bus transfer from Istanbul Airport to the city center<\/strong><\/h2>\n\n\n\n<p>Buses are among the cheapest and at once diverse transport methods that connect the airport with the city center. A person arriving at the new airport has an excellent opportunity to enter one of the city buses and special buses as well.<\/p>\n\n\n\n<ul class=\"wp-block-list\">\n<li>Airport\u2019s HAVAIST shuttle buses operate daily with set timetables according to special route that may run from the airport and end at the most spectacular traveling site like Taksim or Sultanahmet. You can find the station of HAVAIST airport\u2019s shuttle buses on the second floor of the airport\u2019s arrivals hall, where 11 unique buses start their way to their destination and you can travel via them. Thus, on HVIST-12, you may get to Aksaray-Beyazit Square which is close to Sultanahmet and HVIST-16 goes to Taksim Square with only a few stops, and HVIST-14 also comes to the city center.<\/li>\n\n\n\n<li>Public IETT buses also run from the airport to the city center and Taksim. You can travel by them as additional transport as they are not quick and comfortable, and they do not go directly to Sultanahmet. Yet, if your accommodation is on the Asian side, like in Kadikoy, you can travel by them or get on these public buses to Halkali Marmalay H-9 or Mecidiyekoy H-2 Metrobus station to change your public transport from the airport there after your flight.<\/li>\n\n\n\n<li>Private shuttle is a great alternative to bus transfer from the airport due to higher privacy. They are offered at the airport by different operators with diverse pricing ranges.<\/li>\n<\/ul>\n\n\n\n<h3 itemprop=\"alternateName\" class=\"wp-block-heading\">How much is a bus ticket from the new Istanbul Airport to the city center?<\/h3>\n\n\n\n<p>The best idea to get your bus ticket from the airport is to buy it at the airport. Yet, you can do this in advance too by using the site of a chosen bus company or by scanning a QR code at the airport\u2019s bus stop. The prices for a bus you want to get in are also presented on each web page, so better check them in advance.<\/p>\n\n\n\n<ul class=\"wp-block-list\">\n<li>For HAVAIST buses, please, visit such link.<\/li>\n\n\n\n<li>For IETT bus options, you can search on this website.<\/li>\n<\/ul>\n\n\n\n<p>Sadece \u015funu unutmay\u0131n ki \u0130stanbul metrosu ile birlikte otob\u00fcsler, di\u011ferlerine k\u0131yasla havaalan\u0131ndan seyahat etmenin en d\u00fc\u015f\u00fck fiyatl\u0131 y\u00f6ntemleridir. Ancak, bunlar\u0131n yolculu\u011fu dakikalarla \u00f6l\u00e7\u00fclmez ve otob\u00fcsleri kullanmak ve var\u0131\u015f noktalar\u0131n\u0131za otob\u00fcslerle daha yak\u0131n ula\u015fmak i\u00e7in daha fazla zaman ay\u0131rman\u0131z gerekir.<\/p>\n\n\n\n<h2 itemprop=\"alternateName\" class=\"wp-block-heading\"><strong>\u0130stanbul Havaliman\u0131'ndan \u015fehir merkezine metro: Hangi metro hatt\u0131 gidiyor<\/strong><\/h2>\n\n\n\n<p>Ger\u00e7ek bir a\u011f olarak t\u00fcm \u015fehri saran \u0130stanbul metrosu, havaalan\u0131ndan herhangi bir semt veya b\u00f6lgeye seyahat etmek i\u00e7in en h\u0131zl\u0131 ve en uygun fiyatl\u0131 aktar\u0131m olarak bilinir.<br>\u0130stanbul Havaliman\u0131'n\u0131 \u015fehir merkezine ba\u011flamak i\u00e7in tasarlanan muhte\u015fem M11 metro hatt\u0131n\u0131n sadece bir y\u0131l \u00f6nce a\u00e7\u0131ld\u0131\u011f\u0131n\u0131 biliyor muydunuz? Do\u011fum g\u00fcn\u00fc 23 Ocak 2023 ve 16 istasyondan olu\u015fuyor.<br>A special dedicated airport metro line M11 is the fastest across Istanbul and its trains go to metro stations every 8 minutes. The M11 metro line makes the airport connected to Gayerettepe and you can get from the airport to the very end of the route (the last station) in 30 minutes without any waiting with further switch of your journey to M-2 line at Vezneciler that links to M11. Besides, you can switch from it to T-11 train that runs in Karakoy to ride to Sultanahmet to make things easier.<br>Havaliman\u0131ndaki metro istasyonuna geli\u015f terminali kap\u0131lar\u0131ndaki i\u015faretine bakarak ula\u015fabilirsiniz. \u00d6zellikle, 9 ve 13 numaral\u0131 kap\u0131larda bu i\u015faretler bulunur ve y\u00fcr\u00fcy\u00fc\u015f yolundan ge\u00e7ebilirsiniz.<\/p>\n\n\n\n<h3 itemprop=\"alternateName\" class=\"wp-block-heading\"><strong>How much is a metro ticket from the IST to the city center?<\/strong><\/h3>\n\n\n\n<p>\u0130stanbul'da \u00e7e\u015fitli toplu ta\u015f\u0131ma ara\u00e7lar\u0131yla (Metrob\u00fcs, tramvaylar ve hatta feribot dahil) seyahatiniz i\u00e7in kullanabilece\u011finiz \u00f6zel bir \u00f6n \u00f6demeli temass\u0131z \u0130stanbulkart vard\u0131r. Dahas\u0131, bir \u0130stanbulkart ayn\u0131 anda 5 ki\u015fi taraf\u0131ndan kullan\u0131labilir.<br>\u0130stanbulkart'\u0131n\u0131z\u0131 metro istasyonundaki \u00f6zel otomatlardan nakit veya kredi\/banka kart\u0131 kullanarak sat\u0131n alabilirsiniz.<br>Bir ipucu al\u0131n: Transferler i\u00e7in nakit olarak yerel para birimi olan T\u00fcrk liras\u0131 almaya \u00e7al\u0131\u015f\u0131n. Sadece yolculu\u011funuz i\u00e7in yeterli miktarda para almak i\u00e7in havaliman\u0131n\u0131n d\u00f6viz b\u00fcrolar\u0131n\u0131 kullan\u0131n.<br>\u0130stanbulkart'\u0131n\u0131z i\u00e7in ne kadar \u00f6deme yapmal\u0131s\u0131n\u0131z? Sat\u0131n ald\u0131ktan sonra, t\u00fcm duraklarda istedi\u011finiz miktarda para y\u00fckleyebilirsiniz. \u015eu anda, havaalan\u0131ndan Gayrettepe metro istasyonuna tek y\u00f6nl\u00fc bir yolculuk 22,83 T\u00fcrk liras\u0131 ve daha fazlas\u0131na mal oluyor ve durak say\u0131s\u0131na ba\u011fl\u0131. Her durak toplam fiyata ekleniyor. Bu nedenle, her dura\u011f\u0131 saymamak i\u00e7in ula\u015f\u0131m kart\u0131n\u0131za en az \u00fc\u00e7 kat daha fazla y\u00fckleme yapman\u0131z daha iyi. Yine de bu, etkinli\u011finize ve daha fazla ula\u015f\u0131m ihtiyac\u0131na ba\u011fl\u0131d\u0131r.<\/p>\n\n\n\n<h2 itemprop=\"alternateName\" class=\"wp-block-heading\"><strong>\u0130stanbul Havaliman\u0131'ndan \u015fehir merkezine l\u00fcks \u00f6zel transfer<\/strong><\/h2>\n\n\n\n<p>\u00d6zel transferler, havaalan\u0131ndan \u0130stanbul'un merkezi k\u0131sm\u0131na tek ba\u015f\u0131na seyahat eden yolcular ve havaalan\u0131ndan birlikte ayr\u0131lmas\u0131 gereken grup turlar\u0131 i\u00e7in bir sonraki se\u00e7enektir.<br>Yolda hi\u00e7 durmadan konfor ve l\u00fcks i\u00e7in en y\u00fcksek gereksinimleri kar\u015f\u0131lamay\u0131 ama\u00e7lamaktad\u0131rlar. Bu nedenle, t\u00fcm avantajlardan yararlanacak, en iyi se\u00e7ene\u011fi bulacak ve web sitesinden \u00f6nceden rezervasyon yapt\u0131racaks\u0131n\u0131z. \u00d6zel transferler toplu ta\u015f\u0131madan daha pahal\u0131d\u0131r, ancak bunu kullanarak, a\u015fa\u011f\u0131dakiler de dahil olmak \u00fczere makul bir maliyet kar\u015f\u0131l\u0131\u011f\u0131nda birden fazla avantaj elde edersiniz:<\/p>\n\n\n\n<ul class=\"wp-block-list\">\n<li>Deneyimli s\u00fcr\u00fcc\u00fclerle Sultanahmet'e h\u0131zl\u0131 ve sorunsuz ula\u015f\u0131m.<\/li>\n\n\n\n<li>U\u00e7u\u015f bilgilerinizi belirterek \u00f6nceden rezervasyon yapabilir ve sat\u0131n alabilirsiniz.<\/li>\n\n\n\n<li>S\u00fcr\u00fcc\u00fcn\u00fcz, bagaj\u0131n\u0131z konusunda size yard\u0131mc\u0131 olmak i\u00e7in do\u011frudan havaalan\u0131nda kar\u015f\u0131lama hizmeti sunar.<\/li>\n\n\n\n<li>Yolcular i\u00e7in transfer servisleri mevcuttur, tur gruplar\u0131 i\u00e7in en iyi se\u00e7enektir.<\/li>\n\n\n\n<li>Paketler, \u015fi\u015felenmi\u015f su, klima ve servis yolcular\u0131 i\u00e7in \u00fccretsiz Wi-Fi'\u0131n yan\u0131 s\u0131ra di\u011fer \u00fcst d\u00fczey hizmetleri i\u00e7erir.<\/li>\n<\/ul>\n\n\n\n<p>\u00c7o\u011fu zaman, rezervasyon yapt\u0131\u011f\u0131n\u0131z bir T\u00fcrkiye oteli bu hizmeti sa\u011flar, bu nedenle mevcut olup olmad\u0131\u011f\u0131n\u0131 dikkate alman\u0131z \u015fiddetle tavsiye edilir. Ancak, bu hizmet otelinizin toplam fiyat\u0131na dahil de\u011filse, endi\u015felenmenize gerek yok \u00e7\u00fcnk\u00fc IGA'dan \u0130stanbul merkezine yolcu b\u0131rakmak i\u00e7in rehberler ve \u00f6zel ara\u00e7lar sunan bir\u00e7ok b\u00fcy\u00fck ve k\u00fc\u00e7\u00fck \u015firket var. Dahas\u0131, her bir operat\u00f6r\u00fcn oran\u0131n\u0131 de\u011ferlendirmek ve d\u00fc\u015f\u00fck profilli tekliflerden ka\u00e7\u0131nmak i\u00e7in i\u00e7erikleri Pinterest veya Facebook'ta bulunabilir.<\/p>","protected":false},"excerpt":{"rendered":"<p>\u0130stanbul yeni havaliman\u0131ndan \u015fehir merkezine nas\u0131l gidilir \u0130stanbul'un l\u00fcks bir par\u00e7as\u0131 olan muhte\u015fem Sultanahmet, ger\u00e7ek bir \u015fehir merkezi, kalbi ve canl\u0131 ruhu olarak adland\u0131r\u0131l\u0131r. Eski ve modern k\u00fclt\u00fcrlerin bulu\u015ftu\u011fu, l\u00fcks restoranlar\u0131, se\u00e7kin otelleri ve unutulmaz mekanlar\u0131yla dolu bir yerdir [...]<\/p>","protected":false},"author":1,"featured_media":3719,"parent":0,"menu_order":0,"comment_status":"closed","ping_status":"closed","template":"home.php","meta":{"_acf_changed":false,"footnotes":""},"class_list":["post-3441","page","type-page","status-publish","has-post-thumbnail","hentry"],"acf":[],"yoast_head":"<!-- This site is optimized with the Yoast SEO plugin v27.4 - https:\/\/yoast.com\/product\/yoast-seo-wordpress\/ -->\n<title>Istanbul International Airport to the city center (Sultanahmet) - Istanbul International Airport (IST) - Turkey&#039;s new airport<\/title>\n<meta name=\"robots\" content=\"index, follow, max-snippet:-1, max-image-preview:large, max-video-preview:-1\" \/>\n<link rel=\"canonical\" href=\"https:\/\/istanbul-ist-international-airport.com\/tr\/istanbul-airport-to-istanbul-city-centre\/\" \/>\n<meta property=\"og:locale\" content=\"tr_TR\" \/>\n<meta property=\"og:type\" content=\"article\" \/>\n<meta property=\"og:title\" content=\"Istanbul International Airport to the city center (Sultanahmet) - Istanbul International Airport (IST) - Turkey&#039;s new airport\" \/>\n<meta property=\"og:description\" content=\"How to get from the Istanbul new airport to the city center A luxurious part of Istanbul, the fabulous Sultanahmet, is what is called a true city center, its heart and its vibrant soul. That\u2019s the place where old and modern cultures meet each other, with its deluxe restaurants, exclusive hotels, and unforgettable sites like [&hellip;]\" \/>\n<meta property=\"og:url\" content=\"https:\/\/istanbul-ist-international-airport.com\/tr\/istanbul-airport-to-istanbul-city-centre\/\" \/>\n<meta property=\"og:site_name\" content=\"Istanbul International Airport (IST) - Turkey&#039;s new airport\" \/>\n<meta property=\"article:modified_time\" content=\"2025-09-13T10:55:21+00:00\" \/>\n<meta property=\"og:image\" content=\"https:\/\/istanbul-ist-international-airport.com\/wp-content\/uploads\/2025\/09\/city-center-scaled-1.jpg\" \/>\n\t<meta property=\"og:image:width\" content=\"2560\" \/>\n\t<meta property=\"og:image:height\" content=\"1393\" \/>\n\t<meta property=\"og:image:type\" content=\"image\/jpeg\" \/>\n<meta name=\"twitter:card\" content=\"summary_large_image\" \/>\n<meta name=\"twitter:label1\" content=\"Tahmini okuma s\u00fcresi\" \/>\n\t<meta name=\"twitter:data1\" content=\"9 dakika\" \/>\n<script type=\"application\/ld+json\" class=\"yoast-schema-graph\">{\"@context\":\"https:\\\/\\\/schema.org\",\"@graph\":[{\"@type\":\"WebPage\",\"@id\":\"https:\\\/\\\/istanbul-ist-international-airport.com\\\/tr\\\/istanbul-airport-to-istanbul-city-centre\\\/\",\"url\":\"https:\\\/\\\/istanbul-ist-international-airport.com\\\/tr\\\/istanbul-airport-to-istanbul-city-centre\\\/\",\"name\":\"Istanbul International Airport to the city center (Sultanahmet) - Istanbul International Airport (IST) - Turkey&#039;s new airport\",\"isPartOf\":{\"@id\":\"https:\\\/\\\/istanbul-ist-international-airport.com\\\/tr\\\/#website\"},\"primaryImageOfPage\":{\"@id\":\"https:\\\/\\\/istanbul-ist-international-airport.com\\\/tr\\\/istanbul-airport-to-istanbul-city-centre\\\/#primaryimage\"},\"image\":{\"@id\":\"https:\\\/\\\/istanbul-ist-international-airport.com\\\/tr\\\/istanbul-airport-to-istanbul-city-centre\\\/#primaryimage\"},\"thumbnailUrl\":\"https:\\\/\\\/istanbul-ist-international-airport.com\\\/wp-content\\\/uploads\\\/2025\\\/09\\\/city-center-scaled-1.jpg\",\"datePublished\":\"2025-09-10T14:20:16+00:00\",\"dateModified\":\"2025-09-13T10:55:21+00:00\",\"breadcrumb\":{\"@id\":\"https:\\\/\\\/istanbul-ist-international-airport.com\\\/tr\\\/istanbul-airport-to-istanbul-city-centre\\\/#breadcrumb\"},\"inLanguage\":\"tr\",\"potentialAction\":[{\"@type\":\"ReadAction\",\"target\":[\"https:\\\/\\\/istanbul-ist-international-airport.com\\\/tr\\\/istanbul-airport-to-istanbul-city-centre\\\/\"]}]},{\"@type\":\"ImageObject\",\"inLanguage\":\"tr\",\"@id\":\"https:\\\/\\\/istanbul-ist-international-airport.com\\\/tr\\\/istanbul-airport-to-istanbul-city-centre\\\/#primaryimage\",\"url\":\"https:\\\/\\\/istanbul-ist-international-airport.com\\\/wp-content\\\/uploads\\\/2025\\\/09\\\/city-center-scaled-1.jpg\",\"contentUrl\":\"https:\\\/\\\/istanbul-ist-international-airport.com\\\/wp-content\\\/uploads\\\/2025\\\/09\\\/city-center-scaled-1.jpg\",\"width\":2560,\"height\":1393},{\"@type\":\"BreadcrumbList\",\"@id\":\"https:\\\/\\\/istanbul-ist-international-airport.com\\\/tr\\\/istanbul-airport-to-istanbul-city-centre\\\/#breadcrumb\",\"itemListElement\":[{\"@type\":\"ListItem\",\"position\":1,\"name\":\"Home\",\"item\":\"https:\\\/\\\/istanbul-ist-international-airport.com\\\/\"},{\"@type\":\"ListItem\",\"position\":2,\"name\":\"Istanbul International Airport to the city center (Sultanahmet)\"}]},{\"@type\":\"WebSite\",\"@id\":\"https:\\\/\\\/istanbul-ist-international-airport.com\\\/tr\\\/#website\",\"url\":\"https:\\\/\\\/istanbul-ist-international-airport.com\\\/tr\\\/\",\"name\":\"Istanbul International Airport (IST) - Turkey&#039;s new airport\",\"description\":\"Navigating Istanbul International Airport: A Traveler\u2019s Guide.\",\"potentialAction\":[{\"@type\":\"SearchAction\",\"target\":{\"@type\":\"EntryPoint\",\"urlTemplate\":\"https:\\\/\\\/istanbul-ist-international-airport.com\\\/tr\\\/?s={search_term_string}\"},\"query-input\":{\"@type\":\"PropertyValueSpecification\",\"valueRequired\":true,\"valueName\":\"search_term_string\"}}],\"inLanguage\":\"tr\"}]}<\/script>\n<!-- \/ Yoast SEO plugin. -->","yoast_head_json":{"title":"\u0130stanbul Uluslararas\u0131 Havaliman\u0131'ndan \u015fehir merkezine (Sultanahmet) - \u0130stanbul Uluslararas\u0131 Havaliman\u0131 (IST) - T\u00fcrkiye'nin yeni havaliman\u0131","robots":{"index":"index","follow":"follow","max-snippet":"max-snippet:-1","max-image-preview":"max-image-preview:large","max-video-preview":"max-video-preview:-1"},"canonical":"https:\/\/istanbul-ist-international-airport.com\/tr\/istanbul-airport-to-istanbul-city-centre\/","og_locale":"tr_TR","og_type":"article","og_title":"Istanbul International Airport to the city center (Sultanahmet) - Istanbul International Airport (IST) - Turkey&#039;s new airport","og_description":"How to get from the Istanbul new airport to the city center A luxurious part of Istanbul, the fabulous Sultanahmet, is what is called a true city center, its heart and its vibrant soul. That\u2019s the place where old and modern cultures meet each other, with its deluxe restaurants, exclusive hotels, and unforgettable sites like [&hellip;]","og_url":"https:\/\/istanbul-ist-international-airport.com\/tr\/istanbul-airport-to-istanbul-city-centre\/","og_site_name":"Istanbul International Airport (IST) - Turkey&#039;s new airport","article_modified_time":"2025-09-13T10:55:21+00:00","og_image":[{"width":2560,"height":1393,"url":"https:\/\/istanbul-ist-international-airport.com\/wp-content\/uploads\/2025\/09\/city-center-scaled-1.jpg","type":"image\/jpeg"}],"twitter_card":"summary_large_image","twitter_misc":{"Tahmini okuma s\u00fcresi":"9 dakika"},"schema":{"@context":"https:\/\/schema.org","@graph":[{"@type":"WebPage","@id":"https:\/\/istanbul-ist-international-airport.com\/tr\/istanbul-airport-to-istanbul-city-centre\/","url":"https:\/\/istanbul-ist-international-airport.com\/tr\/istanbul-airport-to-istanbul-city-centre\/","name":"\u0130stanbul Uluslararas\u0131 Havaliman\u0131'ndan \u015fehir merkezine (Sultanahmet) - \u0130stanbul Uluslararas\u0131 Havaliman\u0131 (IST) - T\u00fcrkiye'nin yeni havaliman\u0131","isPartOf":{"@id":"https:\/\/istanbul-ist-international-airport.com\/tr\/#website"},"primaryImageOfPage":{"@id":"https:\/\/istanbul-ist-international-airport.com\/tr\/istanbul-airport-to-istanbul-city-centre\/#primaryimage"},"image":{"@id":"https:\/\/istanbul-ist-international-airport.com\/tr\/istanbul-airport-to-istanbul-city-centre\/#primaryimage"},"thumbnailUrl":"https:\/\/istanbul-ist-international-airport.com\/wp-content\/uploads\/2025\/09\/city-center-scaled-1.jpg","datePublished":"2025-09-10T14:20:16+00:00","dateModified":"2025-09-13T10:55:21+00:00","breadcrumb":{"@id":"https:\/\/istanbul-ist-international-airport.com\/tr\/istanbul-airport-to-istanbul-city-centre\/#breadcrumb"},"inLanguage":"tr","potentialAction":[{"@type":"ReadAction","target":["https:\/\/istanbul-ist-international-airport.com\/tr\/istanbul-airport-to-istanbul-city-centre\/"]}]},{"@type":"ImageObject","inLanguage":"tr","@id":"https:\/\/istanbul-ist-international-airport.com\/tr\/istanbul-airport-to-istanbul-city-centre\/#primaryimage","url":"https:\/\/istanbul-ist-international-airport.com\/wp-content\/uploads\/2025\/09\/city-center-scaled-1.jpg","contentUrl":"https:\/\/istanbul-ist-international-airport.com\/wp-content\/uploads\/2025\/09\/city-center-scaled-1.jpg","width":2560,"height":1393},{"@type":"BreadcrumbList","@id":"https:\/\/istanbul-ist-international-airport.com\/tr\/istanbul-airport-to-istanbul-city-centre\/#breadcrumb","itemListElement":[{"@type":"ListItem","position":1,"name":"Home","item":"https:\/\/istanbul-ist-international-airport.com\/"},{"@type":"ListItem","position":2,"name":"Istanbul International Airport to the city center (Sultanahmet)"}]},{"@type":"WebSite","@id":"https:\/\/istanbul-ist-international-airport.com\/tr\/#website","url":"https:\/\/istanbul-ist-international-airport.com\/tr\/","name":"Istanbul International Airport (IST) - Turkey&#039;s new airport","description":"Navigating Istanbul International Airport: A Traveler\u2019s Guide.","potentialAction":[{"@type":"SearchAction","target":{"@type":"EntryPoint","urlTemplate":"https:\/\/istanbul-ist-international-airport.com\/tr\/?s={search_term_string}"},"query-input":{"@type":"PropertyValueSpecification","valueRequired":true,"valueName":"search_term_string"}}],"inLanguage":"tr"}]}},"_links":{"self":[{"href":"https:\/\/istanbul-ist-international-airport.com\/tr\/wp-json\/wp\/v2\/pages\/3441","targetHints":{"allow":["GET"]}}],"collection":[{"href":"https:\/\/istanbul-ist-international-airport.com\/tr\/wp-json\/wp\/v2\/pages"}],"about":[{"href":"https:\/\/istanbul-ist-international-airport.com\/tr\/wp-json\/wp\/v2\/types\/page"}],"author":[{"embeddable":true,"href":"https:\/\/istanbul-ist-international-airport.com\/tr\/wp-json\/wp\/v2\/users\/1"}],"replies":[{"embeddable":true,"href":"https:\/\/istanbul-ist-international-airport.com\/tr\/wp-json\/wp\/v2\/comments?post=3441"}],"version-history":[{"count":2,"href":"https:\/\/istanbul-ist-international-airport.com\/tr\/wp-json\/wp\/v2\/pages\/3441\/revisions"}],"predecessor-version":[{"id":3721,"href":"https:\/\/istanbul-ist-international-airport.com\/tr\/wp-json\/wp\/v2\/pages\/3441\/revisions\/3721"}],"wp:featuredmedia":[{"embeddable":true,"href":"https:\/\/istanbul-ist-international-airport.com\/tr\/wp-json\/wp\/v2\/media\/3719"}],"wp:attachment":[{"href":"https:\/\/istanbul-ist-international-airport.com\/tr\/wp-json\/wp\/v2\/media?parent=3441"}],"curies":[{"name":"wp","href":"https:\/\/api.w.org\/{rel}","templated":true}]}}