{"id":3451,"date":"2025-09-10T17:21:06","date_gmt":"2025-09-10T14:21:06","guid":{"rendered":"http:\/\/147.182.243.37\/?page_id=3451"},"modified":"2025-09-13T14:12:44","modified_gmt":"2025-09-13T11:12:44","slug":"istanbul-airport-to-esenler-otogar","status":"publish","type":"page","link":"https:\/\/istanbul-ist-international-airport.com\/tr\/istanbul-airport-to-esenler-otogar\/","title":{"rendered":"\u0130stanbul Havaliman\u0131'ndan\/Esenler Otogar\u0131'na havaalan\u0131 transferi"},"content":{"rendered":"<h2 itemprop=\"alternateName\" class=\"wp-block-heading\"><strong>\u0130stanbul Havaliman\u0131'ndan Otogar'a otob\u00fcsle daha ileri gitmek i\u00e7in nas\u0131l gidilir Tr...<\/strong><\/h2>\n\n\n\n<p>\u0130stanbul Havaliman\u0131'na gelen yolcular, seyahatlerine ba\u015fka yerlere devam etmek i\u00e7in genellikle otogara ula\u015fman\u0131n en basit yolunu bulmak isterler.<br>Esenler Otogar\u0131, \u0130stanbul'un en b\u00fcy\u00fck otob\u00fcs terminalidir ve do\u011fal olarak bu iki merkez aras\u0131nda \u00e7e\u015fitli aktarmalar bulunmaktad\u0131r. Bu yaz\u0131m\u0131zda, ana \u0130ST aktarma y\u00f6ntemlerini ele alacak ve bunlar hakk\u0131nda daha fazla bilgi edinece\u011fiz.<\/p>\n\n\n\n<h3 itemprop=\"alternateName\" class=\"wp-block-heading\"><strong>Esenler Otogar\u0131'ndan \u0130stanbul Havaliman\u0131'na Mesafe<\/strong><\/h3>\n\n\n\n<p>\u00d6ncelikle, aras\u0131ndaki mesafe nedir?&nbsp;<a href=\"https:\/\/istanbul-ist-international-airport.com\/\">\u0130stanbul'un yeni havaliman\u0131<\/a>&nbsp;Esenler Otogar\u0131 m\u0131? Her iki konum da \u0130stanbul'un Avrupa yakas\u0131nda bulunuyor, ancak bu iki y\u00f6n\u00fc birbirinden 38 km'den fazla ay\u0131r\u0131yor.<br>En iyi se\u00e7ene\u011fi nas\u0131l se\u00e7ece\u011finizi kolayca anlamak i\u00e7in, en pop\u00fcler havaalan\u0131 ula\u015f\u0131m t\u00fcrlerini ele alal\u0131m ve bunlar\u0131 bir tabloda belirtelim.<\/p>\n\n\n\n<figure class=\"wp-block-table\"><table class=\"has-fixed-layout\"><thead><tr><th>Ula\u015f\u0131m<\/th><th>Time<\/th><th>Maliyet<\/th><\/tr><\/thead><tbody><tr><td>Taxi<\/td><td>1 saat \u2013 1 saat + 15 dakika<br><\/td><td>Koltuk ba\u015f\u0131na 16,99 TL<br><\/td><\/tr><tr><td>Otob\u00fcs<\/td><td>100 dakika<br><\/td><td>136 TL<br><\/td><\/tr><tr><td>Taxi<\/td><td>1 saat +20 dakika<br><\/td><td>1.  200 TL<br><\/td><\/tr><\/tbody><\/table><\/figure>\n\n\n\n<h2 itemprop=\"alternateName\" class=\"wp-block-heading\"><strong>\u0130stanbul Havaliman\u0131'ndan Esenler Otogar\u0131'na ara\u00e7 kiralama<\/strong><\/h2>\n\n\n\n<p>Ara\u00e7 kiralama do\u011frudan havaliman\u0131nda mevcuttur veya online ara\u00e7 kiralama rezervasyonunu tercih edebilirsiniz. Uluslararas\u0131 \u015firketlerin varl\u0131\u011f\u0131 sayesinde, \u0130ngilizce olarak sorunsuz bir \u015fekilde ara\u00e7 rezervasyonu yapabilirsiniz. Fiyatlar gitti\u011finiz her yerde benzerdir, bu nedenle bunlar\u0131 \u00e7e\u015fitli operat\u00f6rlerle kar\u015f\u0131la\u015ft\u0131rmak daha iyidir.<br>Bu arada, ara\u00e7 kiralama \u015firketleri ara\u00e7lar\u0131n\u0131 yaln\u0131zca iki y\u0131ldan fazla s\u00fcr\u00fc\u015f deneyimi olan s\u00fcr\u00fcc\u00fclere sunuyor ve \u0130stanbul trafi\u011finin en deneyimli s\u00fcr\u00fcc\u00fcler i\u00e7in bile karma\u015f\u0131k olabilece\u011fini g\u00f6z \u00f6n\u00fcnde bulundurmakta fayda var.<\/p>\n\n\n\n<h2 itemprop=\"alternateName\" class=\"wp-block-heading\"><strong>\u0130stanbul Havaalan\u0131'ndan Esenler'e taksi: Taksiyle gitmek g\u00fcvenli ve h\u0131zl\u0131 m\u0131?<\/strong><\/h2>\n\n\n\n<p>Esenler Otogar\u0131'na ula\u015f\u0131m i\u00e7in taksi hizmetleri en uygun se\u00e7enektir. Farkl\u0131 ara\u00e7 s\u0131n\u0131flar\u0131n\u0131 tercih edebilir ve \u00f6demesini yapabilirsiniz. Genellikle taksi kiralamalar\u0131nda gizli \u00fccretler bulunmaz, ancak yine de online rezervasyon yapt\u0131rmak ve havaliman\u0131nda bulunan g\u00fcvenilir operat\u00f6rlere ba\u015fvurmak daha iyidir.<\/p>\n\n\n\n<h3 itemprop=\"alternateName\" class=\"wp-block-heading\"><strong>\u0130stanbul Havaliman\u0131'ndan Esenler Otogar\u0131'na taksi \u00fccreti<\/strong><\/h3>\n\n\n\n<p>Havaliman\u0131nda taksi tutarsan\u0131z, 890+ TL gibi bir \u00fccret \u00f6demeye haz\u0131rl\u0131kl\u0131 olmal\u0131s\u0131n\u0131z.<\/p>\n\n\n\n<h2 itemprop=\"alternateName\" class=\"wp-block-heading\"><strong>\u0130stanbul Havaliman\u0131'ndan Otogar'a otob\u00fcs transferleri<\/strong><\/h2>\n\n\n\n<p>En b\u00fcy\u00fck otob\u00fcs merkezine otob\u00fcsle gitmekten daha do\u011fal ne olabilir ki? \u0130stanbul Havaliman\u0131 yolcular\u0131 bunu kolayl\u0131kla yapabilir.<br>\u0130stanbul ula\u015f\u0131m haritas\u0131 a\u015fa\u011f\u0131daki se\u00e7enekleri sunar:<\/p>\n\n\n\n<ul class=\"wp-block-list\">\n<li>Havaliman\u0131ndan her 45 dakikada bir kalkan HVIST-6 otob\u00fcs\u00fc ile do\u011frudan HAVAIST yolculu\u011fu. Ayn\u0131 se\u00e7enek Sabiha G\u00f6k\u00e7en havaliman\u0131 yolcular\u0131 i\u00e7in de mevcut, \u00e7\u00fcnk\u00fc her iki havaliman\u0131ndan da otob\u00fcs terminaline do\u011frudan transferler bulunmaktad\u0131r.<\/li>\n\n\n\n<li>Direkt olmayan ancak haritay\u0131 takip ederek en iyi aktarmay\u0131 se\u00e7ebilece\u011finiz \u0130ETT otob\u00fcsleri. Otob\u00fcsler, g\u00fcnde birka\u00e7 kez havaliman\u0131ndan kalkar ve havaliman\u0131n\u0131 bir\u00e7ok y\u00f6ne ba\u011flar.<\/li>\n<\/ul>\n\n\n\n<h3 itemprop=\"alternateName\" class=\"wp-block-heading\">Yeni \u0130stanbul Havaliman\u0131'ndan Esenler Otogar\u0131'na otob\u00fcs bileti fiyat\u0131 ne kadar?<\/h3>\n\n\n\n<p>HAVAIST otob\u00fcsleri i\u00e7in bilet fiyatlar\u0131 130 TL'den ba\u015flamaktad\u0131r. \u0130ETT fiyatlar\u0131 i\u00e7in ise \u0130stanbulkart kullanarak bilet \u00fccretini \u00f6deyebilirsiniz.<\/p>\n\n\n\n<h2 itemprop=\"alternateName\" class=\"wp-block-heading\"><strong>\u0130stanbul Havaliman\u0131'ndan Esenler Otogar\u0131'na metro ile ula\u015f\u0131m<\/strong><\/h2>\n\n\n\n<p>Metro, Otogar'a ula\u015fman\u0131n en h\u0131zl\u0131 ve en ucuz yoludur. Ancak, Otogar'a ula\u015fmak i\u00e7in birden fazla metro hatt\u0131 kullanman\u0131z gerekti\u011finden, bagaj\u0131n\u0131z varsa o kadar kolay olmayabilir.<br>L\u00fctfen haritay\u0131 takip edin ve rotay\u0131 a\u015fa\u011f\u0131daki ipu\u00e7lar\u0131na g\u00f6re planlay\u0131n:<\/p>\n\n\n\n<ul class=\"wp-block-list\">\n<li>Havaliman\u0131 metro istasyonuna gidin ve M11 trenine binin.<\/li>\n\n\n\n<li>Gayrettepe'de M2 hatt\u0131na aktarma yap\u0131n.<\/li>\n\n\n\n<li>M1A veya M1B'ye ge\u00e7mek i\u00e7in Yenikap\u0131'da inin.<\/li>\n<\/ul>\n\n\n\n<p>15 dakika i\u00e7inde Esenler Otogar\u0131'nda olacaks\u0131n\u0131z.<\/p>\n\n\n\n<h3 itemprop=\"alternateName\" class=\"wp-block-heading\"><strong>\u0130stanbul Havaliman\u0131'ndan Otogar otob\u00fcs terminaline metro bileti ne kadar?<\/strong><\/h3>\n\n\n\n<p>L\u00fctfen dikkat, metro hatlar\u0131nda \u00f6deme \u0130stanbulkart ile yap\u0131lmaktad\u0131r. Havaliman\u0131 uygulamas\u0131ndan sat\u0131n alabilir ve istedi\u011finiz yere seyahat etmek i\u00e7in y\u00fckleme yapabilirsiniz. Tek bir yolculu\u011fun \u00fccreti sadece 16,99 TL'dir.<\/p>\n\n\n\n<h2 itemprop=\"alternateName\" class=\"wp-block-heading\"><strong>\u0130stanbul Havaliman\u0131'ndan Esenler Otogar\u0131'na l\u00fcks \u00f6zel transfer<\/strong><\/h2>\n\n\n\n<p>\u0130stanbul Havaliman\u0131'ndan transfer se\u00e7ene\u011fi se\u00e7erken konfor ve g\u00fcvenlik bask\u0131n fakt\u00f6rlerse, \u00f6zel transfer servisi takdir edebilece\u011finiz bir se\u00e7enek olabilir. \u0130stanbul Havaliman\u0131'nda, Esenler Otogar\u0131'na do\u011frudan ula\u015f\u0131m dahil olmak \u00fczere \u015fehirde gezebilen bir\u00e7ok \u00f6zel transfer hizmeti sunulmaktad\u0131r.<\/p>\n\n\n\n<ul class=\"wp-block-list\">\n<li>Otel transferleri, \u0130stanbul'a seyahatinizden \u00f6nce rezerve edebilece\u011finiz en uygun se\u00e7enektir. Oteller genellikle \u00f6zel transfer rezervasyonu i\u00e7in e-posta veya telefon yoluyla \u00e7evrimi\u00e7i olarak onlarla ileti\u015fime ge\u00e7meyi teklif eder. Bu nedenle, oteliniz Bayrampa\u015fa civar\u0131nda ise, transferlerini tercih edebilir ve Esenler'e en y\u00fcksek konforla ula\u015fabilirsiniz.<\/li>\n\n\n\n<li>Otel transferlerine alternatif olarak ba\u011f\u0131ms\u0131z yerel ula\u015f\u0131m \u015firketleri taraf\u0131ndan sa\u011flanan \u00f6zel servisler bulunmaktad\u0131r. \u00d6rne\u011fin, bu hizmet bir ara\u00e7 i\u00e7in 50 Euro'dan ba\u015flayan \u00f6zel transferler sunmakta ve \u00fccretsiz kar\u015f\u0131lama, l\u00fcks ara\u00e7lar ve var\u0131\u015f\u0131n\u0131zdan 24 saat \u00f6ncesine kadar \u00fccretsiz iptal gibi iste\u011fe ba\u011fl\u0131 \u00f6zel hizmetler sa\u011flamaktad\u0131r.<\/li>\n<\/ul>\n\n\n\n<p>Her durumda, \u00f6zel bir servis taksiden veya herhangi bir toplu ta\u015f\u0131ma se\u00e7ene\u011finden daha pahal\u0131d\u0131r, ancak sundu\u011fu ola\u011fan\u00fcst\u00fc hizmet \u00f6zellikle y\u00fcksek konfor ve gizlilik arayan turist gruplar\u0131 ve aileler i\u00e7in onu pop\u00fcler k\u0131lmaktad\u0131r.<\/p>","protected":false},"excerpt":{"rendered":"<p>\u0130stanbul Havaliman\u0131'ndan Otogar'a nas\u0131l gidilir ve otob\u00fcsle seyahate devam edilir \u0130stanbul Havaliman\u0131'na gelen gezginler, seyahatlerine di\u011fer yerlere devam etmek i\u00e7in otob\u00fcs terminaline ula\u015fman\u0131n en basit yolunu bulmak isterler. Esenler Otogar\u0131, \u0130stanbul'daki en b\u00fcy\u00fck otob\u00fcs merkezidir ve do\u011fal olarak bu ikisini birbirine ba\u011flayan \u00e7e\u015fitli transferler bulunmaktad\u0131r [...]<\/p>","protected":false},"author":1,"featured_media":3734,"parent":0,"menu_order":0,"comment_status":"closed","ping_status":"closed","template":"home.php","meta":{"_acf_changed":false,"footnotes":""},"class_list":["post-3451","page","type-page","status-publish","has-post-thumbnail","hentry"],"acf":[],"yoast_head":"<!-- This site is optimized with the Yoast SEO plugin v27.4 - https:\/\/yoast.com\/product\/yoast-seo-wordpress\/ -->\n<title>Airport transfer from\/to Istanbul Airport to Esenler Otogar - Istanbul International Airport (IST) - Turkey&#039;s new airport<\/title>\n<meta name=\"robots\" content=\"index, follow, max-snippet:-1, max-image-preview:large, max-video-preview:-1\" \/>\n<link rel=\"canonical\" href=\"https:\/\/istanbul-ist-international-airport.com\/tr\/istanbul-airport-to-esenler-otogar\/\" \/>\n<meta property=\"og:locale\" content=\"tr_TR\" \/>\n<meta property=\"og:type\" content=\"article\" \/>\n<meta property=\"og:title\" content=\"Airport transfer from\/to Istanbul Airport to Esenler Otogar - Istanbul International Airport (IST) - Turkey&#039;s new airport\" \/>\n<meta property=\"og:description\" content=\"How to get from Istanbul Airport to Otogar to travel further by bus Travelers arriving at Istanbul Airport often want to find the simplest way to get to the bus station to continue their travel to other locations.Esenler Otocar is the biggest bus hub in Istanbul, and, naturally, there are various transfers connecting these two [&hellip;]\" \/>\n<meta property=\"og:url\" content=\"https:\/\/istanbul-ist-international-airport.com\/tr\/istanbul-airport-to-esenler-otogar\/\" \/>\n<meta property=\"og:site_name\" content=\"Istanbul International Airport (IST) - Turkey&#039;s new airport\" \/>\n<meta property=\"article:modified_time\" content=\"2025-09-13T11:12:44+00:00\" \/>\n<meta property=\"og:image\" content=\"https:\/\/istanbul-ist-international-airport.com\/wp-content\/uploads\/2025\/09\/esenler-otogar-scaled-1.jpg\" \/>\n\t<meta property=\"og:image:width\" content=\"2560\" \/>\n\t<meta property=\"og:image:height\" content=\"1393\" \/>\n\t<meta property=\"og:image:type\" content=\"image\/jpeg\" \/>\n<meta name=\"twitter:card\" content=\"summary_large_image\" \/>\n<meta name=\"twitter:label1\" content=\"Tahmini okuma s\u00fcresi\" \/>\n\t<meta name=\"twitter:data1\" content=\"4 dakika\" \/>\n<script type=\"application\/ld+json\" class=\"yoast-schema-graph\">{\"@context\":\"https:\\\/\\\/schema.org\",\"@graph\":[{\"@type\":\"WebPage\",\"@id\":\"https:\\\/\\\/istanbul-ist-international-airport.com\\\/tr\\\/istanbul-airport-to-esenler-otogar\\\/\",\"url\":\"https:\\\/\\\/istanbul-ist-international-airport.com\\\/tr\\\/istanbul-airport-to-esenler-otogar\\\/\",\"name\":\"Airport transfer from\\\/to Istanbul Airport to Esenler Otogar - Istanbul International Airport (IST) - Turkey&#039;s new airport\",\"isPartOf\":{\"@id\":\"https:\\\/\\\/istanbul-ist-international-airport.com\\\/tr\\\/#website\"},\"primaryImageOfPage\":{\"@id\":\"https:\\\/\\\/istanbul-ist-international-airport.com\\\/tr\\\/istanbul-airport-to-esenler-otogar\\\/#primaryimage\"},\"image\":{\"@id\":\"https:\\\/\\\/istanbul-ist-international-airport.com\\\/tr\\\/istanbul-airport-to-esenler-otogar\\\/#primaryimage\"},\"thumbnailUrl\":\"https:\\\/\\\/istanbul-ist-international-airport.com\\\/wp-content\\\/uploads\\\/2025\\\/09\\\/esenler-otogar-scaled-1.jpg\",\"datePublished\":\"2025-09-10T14:21:06+00:00\",\"dateModified\":\"2025-09-13T11:12:44+00:00\",\"breadcrumb\":{\"@id\":\"https:\\\/\\\/istanbul-ist-international-airport.com\\\/tr\\\/istanbul-airport-to-esenler-otogar\\\/#breadcrumb\"},\"inLanguage\":\"tr\",\"potentialAction\":[{\"@type\":\"ReadAction\",\"target\":[\"https:\\\/\\\/istanbul-ist-international-airport.com\\\/tr\\\/istanbul-airport-to-esenler-otogar\\\/\"]}]},{\"@type\":\"ImageObject\",\"inLanguage\":\"tr\",\"@id\":\"https:\\\/\\\/istanbul-ist-international-airport.com\\\/tr\\\/istanbul-airport-to-esenler-otogar\\\/#primaryimage\",\"url\":\"https:\\\/\\\/istanbul-ist-international-airport.com\\\/wp-content\\\/uploads\\\/2025\\\/09\\\/esenler-otogar-scaled-1.jpg\",\"contentUrl\":\"https:\\\/\\\/istanbul-ist-international-airport.com\\\/wp-content\\\/uploads\\\/2025\\\/09\\\/esenler-otogar-scaled-1.jpg\",\"width\":2560,\"height\":1393},{\"@type\":\"BreadcrumbList\",\"@id\":\"https:\\\/\\\/istanbul-ist-international-airport.com\\\/tr\\\/istanbul-airport-to-esenler-otogar\\\/#breadcrumb\",\"itemListElement\":[{\"@type\":\"ListItem\",\"position\":1,\"name\":\"Home\",\"item\":\"https:\\\/\\\/istanbul-ist-international-airport.com\\\/\"},{\"@type\":\"ListItem\",\"position\":2,\"name\":\"Airport transfer from\\\/to Istanbul Airport to Esenler Otogar\"}]},{\"@type\":\"WebSite\",\"@id\":\"https:\\\/\\\/istanbul-ist-international-airport.com\\\/tr\\\/#website\",\"url\":\"https:\\\/\\\/istanbul-ist-international-airport.com\\\/tr\\\/\",\"name\":\"Istanbul International Airport (IST) - Turkey&#039;s new airport\",\"description\":\"Navigating Istanbul International Airport: A Traveler\u2019s Guide.\",\"potentialAction\":[{\"@type\":\"SearchAction\",\"target\":{\"@type\":\"EntryPoint\",\"urlTemplate\":\"https:\\\/\\\/istanbul-ist-international-airport.com\\\/tr\\\/?s={search_term_string}\"},\"query-input\":{\"@type\":\"PropertyValueSpecification\",\"valueRequired\":true,\"valueName\":\"search_term_string\"}}],\"inLanguage\":\"tr\"}]}<\/script>\n<!-- \/ Yoast SEO plugin. -->","yoast_head_json":{"title":"\u0130stanbul Havaalan\u0131'ndan\/\u0130stanbul Havaalan\u0131'na Esenler Otogar\u0131'na transfer - \u0130stanbul Uluslararas\u0131 Havaalan\u0131 (IST) - T\u00fcrkiye'nin yeni havaalan\u0131","robots":{"index":"index","follow":"follow","max-snippet":"max-snippet:-1","max-image-preview":"max-image-preview:large","max-video-preview":"max-video-preview:-1"},"canonical":"https:\/\/istanbul-ist-international-airport.com\/tr\/istanbul-airport-to-esenler-otogar\/","og_locale":"tr_TR","og_type":"article","og_title":"Airport transfer from\/to Istanbul Airport to Esenler Otogar - Istanbul International Airport (IST) - Turkey&#039;s new airport","og_description":"How to get from Istanbul Airport to Otogar to travel further by bus Travelers arriving at Istanbul Airport often want to find the simplest way to get to the bus station to continue their travel to other locations.Esenler Otocar is the biggest bus hub in Istanbul, and, naturally, there are various transfers connecting these two [&hellip;]","og_url":"https:\/\/istanbul-ist-international-airport.com\/tr\/istanbul-airport-to-esenler-otogar\/","og_site_name":"Istanbul International Airport (IST) - Turkey&#039;s new airport","article_modified_time":"2025-09-13T11:12:44+00:00","og_image":[{"width":2560,"height":1393,"url":"https:\/\/istanbul-ist-international-airport.com\/wp-content\/uploads\/2025\/09\/esenler-otogar-scaled-1.jpg","type":"image\/jpeg"}],"twitter_card":"summary_large_image","twitter_misc":{"Tahmini okuma s\u00fcresi":"4 dakika"},"schema":{"@context":"https:\/\/schema.org","@graph":[{"@type":"WebPage","@id":"https:\/\/istanbul-ist-international-airport.com\/tr\/istanbul-airport-to-esenler-otogar\/","url":"https:\/\/istanbul-ist-international-airport.com\/tr\/istanbul-airport-to-esenler-otogar\/","name":"\u0130stanbul Havaalan\u0131'ndan\/\u0130stanbul Havaalan\u0131'na Esenler Otogar\u0131'na transfer - \u0130stanbul Uluslararas\u0131 Havaalan\u0131 (IST) - T\u00fcrkiye'nin yeni havaalan\u0131","isPartOf":{"@id":"https:\/\/istanbul-ist-international-airport.com\/tr\/#website"},"primaryImageOfPage":{"@id":"https:\/\/istanbul-ist-international-airport.com\/tr\/istanbul-airport-to-esenler-otogar\/#primaryimage"},"image":{"@id":"https:\/\/istanbul-ist-international-airport.com\/tr\/istanbul-airport-to-esenler-otogar\/#primaryimage"},"thumbnailUrl":"https:\/\/istanbul-ist-international-airport.com\/wp-content\/uploads\/2025\/09\/esenler-otogar-scaled-1.jpg","datePublished":"2025-09-10T14:21:06+00:00","dateModified":"2025-09-13T11:12:44+00:00","breadcrumb":{"@id":"https:\/\/istanbul-ist-international-airport.com\/tr\/istanbul-airport-to-esenler-otogar\/#breadcrumb"},"inLanguage":"tr","potentialAction":[{"@type":"ReadAction","target":["https:\/\/istanbul-ist-international-airport.com\/tr\/istanbul-airport-to-esenler-otogar\/"]}]},{"@type":"ImageObject","inLanguage":"tr","@id":"https:\/\/istanbul-ist-international-airport.com\/tr\/istanbul-airport-to-esenler-otogar\/#primaryimage","url":"https:\/\/istanbul-ist-international-airport.com\/wp-content\/uploads\/2025\/09\/esenler-otogar-scaled-1.jpg","contentUrl":"https:\/\/istanbul-ist-international-airport.com\/wp-content\/uploads\/2025\/09\/esenler-otogar-scaled-1.jpg","width":2560,"height":1393},{"@type":"BreadcrumbList","@id":"https:\/\/istanbul-ist-international-airport.com\/tr\/istanbul-airport-to-esenler-otogar\/#breadcrumb","itemListElement":[{"@type":"ListItem","position":1,"name":"Home","item":"https:\/\/istanbul-ist-international-airport.com\/"},{"@type":"ListItem","position":2,"name":"Airport transfer from\/to Istanbul Airport to Esenler Otogar"}]},{"@type":"WebSite","@id":"https:\/\/istanbul-ist-international-airport.com\/tr\/#website","url":"https:\/\/istanbul-ist-international-airport.com\/tr\/","name":"Istanbul International Airport (IST) - Turkey&#039;s new airport","description":"Navigating Istanbul International Airport: A Traveler\u2019s Guide.","potentialAction":[{"@type":"SearchAction","target":{"@type":"EntryPoint","urlTemplate":"https:\/\/istanbul-ist-international-airport.com\/tr\/?s={search_term_string}"},"query-input":{"@type":"PropertyValueSpecification","valueRequired":true,"valueName":"search_term_string"}}],"inLanguage":"tr"}]}},"_links":{"self":[{"href":"https:\/\/istanbul-ist-international-airport.com\/tr\/wp-json\/wp\/v2\/pages\/3451","targetHints":{"allow":["GET"]}}],"collection":[{"href":"https:\/\/istanbul-ist-international-airport.com\/tr\/wp-json\/wp\/v2\/pages"}],"about":[{"href":"https:\/\/istanbul-ist-international-airport.com\/tr\/wp-json\/wp\/v2\/types\/page"}],"author":[{"embeddable":true,"href":"https:\/\/istanbul-ist-international-airport.com\/tr\/wp-json\/wp\/v2\/users\/1"}],"replies":[{"embeddable":true,"href":"https:\/\/istanbul-ist-international-airport.com\/tr\/wp-json\/wp\/v2\/comments?post=3451"}],"version-history":[{"count":2,"href":"https:\/\/istanbul-ist-international-airport.com\/tr\/wp-json\/wp\/v2\/pages\/3451\/revisions"}],"predecessor-version":[{"id":3736,"href":"https:\/\/istanbul-ist-international-airport.com\/tr\/wp-json\/wp\/v2\/pages\/3451\/revisions\/3736"}],"wp:featuredmedia":[{"embeddable":true,"href":"https:\/\/istanbul-ist-international-airport.com\/tr\/wp-json\/wp\/v2\/media\/3734"}],"wp:attachment":[{"href":"https:\/\/istanbul-ist-international-airport.com\/tr\/wp-json\/wp\/v2\/media?parent=3451"}],"curies":[{"name":"wp","href":"https:\/\/api.w.org\/{rel}","templated":true}]}}