{"id":3467,"date":"2025-09-10T17:22:33","date_gmt":"2025-09-10T14:22:33","guid":{"rendered":"http:\/\/147.182.243.37\/?page_id=3467"},"modified":"2025-09-13T14:36:46","modified_gmt":"2025-09-13T11:36:46","slug":"istanbul-airport-terminal","status":"publish","type":"page","link":"https:\/\/istanbul-ist-international-airport.com\/tr\/istanbul-airport-terminal\/","title":{"rendered":"Istanbul Airport Terminal"},"content":{"rendered":"<h2 itemprop=\"alternateName\" class=\"wp-block-heading\"><strong>\u0130stanbul Yeni Havaliman\u0131'ndaki Terminale Genel Bak\u0131\u015f<\/strong><\/h2>\n\n\n\n<p>Muazzam&nbsp;<a href=\"https:\/\/istanbul-ist-international-airport.com\/\">\u0130stanbul havaalan\u0131<\/a>&nbsp;terminal, 1.440.000 metrekarelik geni\u015f bir alana yay\u0131l\u0131yor ve tek \u00e7at\u0131 alt\u0131nda d\u00fcnyan\u0131n en b\u00fcy\u00fck terminal binas\u0131 olarak biliniyor. Son teknoloji tasar\u0131m\u0131yla yepyeni terminal, bir kalk\u0131\u015f alan\u0131 ve bir var\u0131\u015f b\u00f6lgesi olarak ayr\u0131lm\u0131\u015ft\u0131r. Arabayla gelenlerin eri\u015fimini kolayla\u015ft\u0131rmak i\u00e7in turkuaz ve ye\u015fil otoparklar i\u00e7 hat u\u00e7u\u015flar\u0131 i\u00e7in ayr\u0131l\u0131rken, sar\u0131, k\u0131rm\u0131z\u0131 ve mavi otopark alanlar\u0131 d\u0131\u015f hat u\u00e7u\u015flar\u0131na hizmet vermektedir.<\/p>\n\n\n\n<p>Yolcular, kalk\u0131\u015f kat\u0131na yedi farkl\u0131 kap\u0131dan girebilirler. Genellikle, 1 ve 2 numaral\u0131 kap\u0131lar i\u00e7 hat u\u00e7u\u015flar\u0131 i\u00e7in daha uygunken, di\u011fer kap\u0131lar uluslararas\u0131 check-in kontuarlar\u0131na y\u00f6nlendirmektedir. \u0130\u00e7 hat yolcular\u0131, self-servis se\u00e7enekleri de i\u00e7eren D ve E check-in kontuarlar\u0131na gitmeli ve ard\u0131ndan D koridorunun yak\u0131n\u0131nda bulunan pasaport kontrol alan\u0131na devam etmelidir. \u00d6te yandan, yurt d\u0131\u015f\u0131na u\u00e7an yolcular E (self-servis check-in kontuar\u0131 bulunan), F, G, H ve J koridorlar\u0131na gitmelidir; ilgili pasaport kontrol alan\u0131 bu koridorlar\u0131n hemen kar\u015f\u0131s\u0131nda yer almaktad\u0131r. 5 numaral\u0131 giri\u015fin sadece uluslararas\u0131 u\u00e7u\u015fa binecek business class yolcular\u0131 ve Miles &amp; More \u00fcyeleri i\u00e7in oldu\u011funu belirtmek \u00f6nemlidir.<\/p>\n\n\n\n<p>Ayr\u0131ca, \u00f6zel yolcu kategorileri i\u00e7in belirli check-in bankolar\u0131 belirlenmi\u015ftir. B\u00fcy\u00fck seyahat gruplar\u0131 ve \u00f6zel ihtiya\u00e7lar\u0131 olan bireyler G koridorunda a\u011f\u0131rlan\u0131rken, K koridoru ailelere ayr\u0131lm\u0131\u015ft\u0131r. ABD, \u0130ngiltere ve Kanada'dan gelen yolcular K check-in bankosundan ge\u00e7melidir, Star Alliance Gold \u00fcyeleri ve T\u00fcrk Hava Yollar\u0131 business class yolcular\u0131 ise L koridoruna gitmelidir.<\/p>\n\n\n\n<p>Son olarak, yeni \u0130stanbul terminali be\u015f iskeleye sahip. A, B, D ve F iskeleleri uluslararas\u0131 bini\u015f kap\u0131lar\u0131na ayr\u0131l\u0131rken, G iskelesi ve F iskelesindeki \u00fc\u00e7 bini\u015f alan\u0131 i\u00e7 hat u\u00e7u\u015flar\u0131na hizmet vermektedir.<\/p>\n\n\n\n<p>\u0130stanbul Havaliman\u0131'n\u0131n \u015fu anda sadece bir terminal binas\u0131 olmas\u0131na ra\u011fmen, 2025'e kadar in\u015faat\u0131 tamamen tamamland\u0131\u011f\u0131nda, yeni havac\u0131l\u0131k merkezinin, aralar\u0131nda rahat hareketi kolayla\u015ft\u0131ran bir demiryolu sistemi ile birbirine ba\u011fl\u0131 d\u00f6rt terminale sahip olaca\u011f\u0131n\u0131 vurgulamakta fayda var.<\/p>\n\n\n\n<h2 itemprop=\"alternateName\" class=\"wp-block-heading\"><strong>Ola\u011fan\u00fcst\u00fc Yeni \u0130stanbul Havaliman\u0131 Terminali<\/strong><\/h2>\n\n\n\n<p>Yeni havaalan\u0131 terminali, \u00e7a\u011fda\u015f mimari ile ulusal tarih ve k\u00fclt\u00fcr\u00fcn dikkat \u00e7ekici bir birle\u015fimini temsil ediyor. Muazzam b\u00fcy\u00fckl\u00fc\u011f\u00fc, hayranl\u0131k uyand\u0131ran bir ihti\u015fam duygusu yayarak hemen herkesin dikkatini \u00e7ekiyor. Dahas\u0131, geni\u015f tavanlar, geni\u015f resim pencereleri ve tavan pencereleri canland\u0131r\u0131c\u0131 ve canl\u0131 bir ambiyans yarat\u0131yor. \u00d6zellikle terminal, check-in alanlar\u0131 gibi hayati b\u00f6lgeleri geli\u015fmi\u015f ayd\u0131nlatma ile vurgulayan ve \u00f6nemlerini ustaca vurgulayan ak\u0131ll\u0131 bir tasar\u0131m i\u00e7eriyor. Modern unsurlar\u0131na ek olarak, terminal, camilerden ilham alan \u0130slami esintili yaylar\u0131 ve k\u0131vr\u0131mlar\u0131 ile ana salonun \u00fcnl\u00fc Bo\u011faz'a b\u00fcy\u00fcleyici benzerli\u011fi arac\u0131l\u0131\u011f\u0131yla belirgin olan tarihe ve dine sayg\u0131 g\u00f6steriyor.<\/p>\n\n\n\n<p>Ancak havaliman\u0131n\u0131n as\u0131l pi\u00e8ce de r\u00e9sistance'\u0131, say\u0131s\u0131z \u00f6d\u00fcl ve takdir toplam\u0131\u015f ikonik hava trafik kontrol kulesinde yatmaktad\u0131r. 90 metrelik etkileyici bir y\u00fcksekli\u011fe sahip olan kule, \u0130stanbul'un tarihi miras\u0131nda derin k\u00f6kleri olan bir sembol olan laleye \u00e7arp\u0131c\u0131 bir \u015fekilde benzemektedir.<\/p>\n\n\n\n<h2 itemprop=\"alternateName\" class=\"wp-block-heading\"><strong>\u0130stanbul Havaliman\u0131 Terminalinin Temel Dezavantaj\u0131<\/strong><\/h2>\n\n\n\n<p>Yeni \u0130stanbul havaliman\u0131 etkileyici ve teknolojik olarak geli\u015fmi\u015f bir ortama sahip olsa da, dikkate de\u011fer bir dezavantaj\u0131 bulunmaktad\u0131r. Be\u015f ayr\u0131 salona b\u00f6l\u00fcnm\u00fc\u015f olmas\u0131na ra\u011fmen, i\u00e7 hat u\u00e7u\u015flar\u0131 i\u00e7in yaln\u0131zca bir havaliman\u0131 g\u00fcvenlik alan\u0131 ve uluslararas\u0131 yolcular i\u00e7in de bir tane bulunmaktad\u0131r. Bu durum, servis otob\u00fcsleri veya trenler gibi dahili bir transit sisteminin olmamas\u0131yla birle\u015fti\u011finde, potansiyel u\u00e7u\u015f gecikmeleri riskini art\u0131rmaktad\u0131r. Ek olarak, mevcut y\u00fcr\u00fcyen merdivenler, kap\u0131lar aras\u0131ndaki \u00f6nemli y\u00fcr\u00fcme mesafesini ve merkezi terminal b\u00f6lgesinden her bir iskeleye olan mesafeyi yeterince kar\u015f\u0131lamamakta, sonu\u00e7 olarak i\u00e7 hat aktarmalar\u0131n\u0131 zaman al\u0131c\u0131 ve zorlu hale getirmektedir.<\/p>\n\n\n\n<p>Sonu\u00e7 olarak, yolcular\u0131n ilgili kap\u0131lar\u0131na stressiz bir yolculuk sa\u011flamak i\u00e7in planlanan u\u00e7u\u015flar\u0131ndan en az 2,5-3 saat \u00f6nce \u0130stanbul Uluslararas\u0131 Havaliman\u0131'na varmalar\u0131 tavsiye edilir.<\/p>","protected":false},"excerpt":{"rendered":"<p>Yeni \u0130stanbul Havaliman\u0131 Terminaline Genel Bak\u0131\u015f Muazzam \u0130stanbul havaliman\u0131 terminali, 1.440.000 metrekarelik geni\u015f bir alana yay\u0131l\u0131yor ve tek bir \u00e7at\u0131 alt\u0131nda d\u00fcnyan\u0131n en b\u00fcy\u00fck terminal binas\u0131 olarak biliniyor. Son teknoloji tasar\u0131m\u0131yla yepyeni terminal, bir kalk\u0131\u015f alan\u0131 ve bir var\u0131\u015f b\u00f6lgesine ayr\u0131lm\u0131\u015ft\u0131r. Kolayl\u0131k sa\u011flamak i\u00e7in [...]<\/p>","protected":false},"author":1,"featured_media":3757,"parent":0,"menu_order":0,"comment_status":"closed","ping_status":"closed","template":"home.php","meta":{"_acf_changed":false,"footnotes":""},"class_list":["post-3467","page","type-page","status-publish","has-post-thumbnail","hentry"],"acf":[],"yoast_head":"<!-- This site is optimized with the Yoast SEO plugin v27.5 - https:\/\/yoast.com\/product\/yoast-seo-wordpress\/ -->\n<title>Istanbul Airport Terminal - Istanbul International Airport (IST) - Turkey&#039;s new airport<\/title>\n<meta name=\"robots\" content=\"index, follow, max-snippet:-1, max-image-preview:large, max-video-preview:-1\" \/>\n<link rel=\"canonical\" href=\"https:\/\/istanbul-ist-international-airport.com\/tr\/istanbul-airport-terminal\/\" \/>\n<meta property=\"og:locale\" content=\"tr_TR\" \/>\n<meta property=\"og:type\" content=\"article\" \/>\n<meta property=\"og:title\" content=\"Istanbul Airport Terminal - Istanbul International Airport (IST) - Turkey&#039;s new airport\" \/>\n<meta property=\"og:description\" content=\"An Overview of the Terminal at New Istanbul Aiport The immense&nbsp;Istanbul airport&nbsp;terminal stretches across a vast 1,440,000 square meter area and is renowned as the largest terminal building in the world, all under one roof. With its state-of-the-art design, the brand-new terminal is separated into a departure area and an arrival zone. To ensure ease [&hellip;]\" \/>\n<meta property=\"og:url\" content=\"https:\/\/istanbul-ist-international-airport.com\/tr\/istanbul-airport-terminal\/\" \/>\n<meta property=\"og:site_name\" content=\"Istanbul International Airport (IST) - Turkey&#039;s new airport\" \/>\n<meta property=\"article:modified_time\" content=\"2025-09-13T11:36:46+00:00\" \/>\n<meta property=\"og:image\" content=\"https:\/\/istanbul-ist-international-airport.com\/wp-content\/uploads\/2025\/09\/ist_1.jpg\" \/>\n\t<meta property=\"og:image:width\" content=\"2160\" \/>\n\t<meta property=\"og:image:height\" content=\"825\" \/>\n\t<meta property=\"og:image:type\" content=\"image\/jpeg\" \/>\n<meta name=\"twitter:card\" content=\"summary_large_image\" \/>\n<meta name=\"twitter:label1\" content=\"Tahmini okuma s\u00fcresi\" \/>\n\t<meta name=\"twitter:data1\" content=\"3 dakika\" \/>\n<script type=\"application\/ld+json\" class=\"yoast-schema-graph\">{\"@context\":\"https:\\\/\\\/schema.org\",\"@graph\":[{\"@type\":\"WebPage\",\"@id\":\"https:\\\/\\\/istanbul-ist-international-airport.com\\\/tr\\\/istanbul-airport-terminal\\\/\",\"url\":\"https:\\\/\\\/istanbul-ist-international-airport.com\\\/tr\\\/istanbul-airport-terminal\\\/\",\"name\":\"Istanbul Airport Terminal - Istanbul International Airport (IST) - Turkey&#039;s new airport\",\"isPartOf\":{\"@id\":\"https:\\\/\\\/istanbul-ist-international-airport.com\\\/tr\\\/#website\"},\"primaryImageOfPage\":{\"@id\":\"https:\\\/\\\/istanbul-ist-international-airport.com\\\/tr\\\/istanbul-airport-terminal\\\/#primaryimage\"},\"image\":{\"@id\":\"https:\\\/\\\/istanbul-ist-international-airport.com\\\/tr\\\/istanbul-airport-terminal\\\/#primaryimage\"},\"thumbnailUrl\":\"https:\\\/\\\/istanbul-ist-international-airport.com\\\/wp-content\\\/uploads\\\/2025\\\/09\\\/ist_1.jpg\",\"datePublished\":\"2025-09-10T14:22:33+00:00\",\"dateModified\":\"2025-09-13T11:36:46+00:00\",\"breadcrumb\":{\"@id\":\"https:\\\/\\\/istanbul-ist-international-airport.com\\\/tr\\\/istanbul-airport-terminal\\\/#breadcrumb\"},\"inLanguage\":\"tr\",\"potentialAction\":[{\"@type\":\"ReadAction\",\"target\":[\"https:\\\/\\\/istanbul-ist-international-airport.com\\\/tr\\\/istanbul-airport-terminal\\\/\"]}]},{\"@type\":\"ImageObject\",\"inLanguage\":\"tr\",\"@id\":\"https:\\\/\\\/istanbul-ist-international-airport.com\\\/tr\\\/istanbul-airport-terminal\\\/#primaryimage\",\"url\":\"https:\\\/\\\/istanbul-ist-international-airport.com\\\/wp-content\\\/uploads\\\/2025\\\/09\\\/ist_1.jpg\",\"contentUrl\":\"https:\\\/\\\/istanbul-ist-international-airport.com\\\/wp-content\\\/uploads\\\/2025\\\/09\\\/ist_1.jpg\",\"width\":2160,\"height\":825},{\"@type\":\"BreadcrumbList\",\"@id\":\"https:\\\/\\\/istanbul-ist-international-airport.com\\\/tr\\\/istanbul-airport-terminal\\\/#breadcrumb\",\"itemListElement\":[{\"@type\":\"ListItem\",\"position\":1,\"name\":\"Home\",\"item\":\"https:\\\/\\\/istanbul-ist-international-airport.com\\\/\"},{\"@type\":\"ListItem\",\"position\":2,\"name\":\"Istanbul Airport Terminal\"}]},{\"@type\":\"WebSite\",\"@id\":\"https:\\\/\\\/istanbul-ist-international-airport.com\\\/tr\\\/#website\",\"url\":\"https:\\\/\\\/istanbul-ist-international-airport.com\\\/tr\\\/\",\"name\":\"Istanbul International Airport (IST) - Turkey&#039;s new airport\",\"description\":\"Navigating Istanbul International Airport: A Traveler\u2019s Guide.\",\"potentialAction\":[{\"@type\":\"SearchAction\",\"target\":{\"@type\":\"EntryPoint\",\"urlTemplate\":\"https:\\\/\\\/istanbul-ist-international-airport.com\\\/tr\\\/?s={search_term_string}\"},\"query-input\":{\"@type\":\"PropertyValueSpecification\",\"valueRequired\":true,\"valueName\":\"search_term_string\"}}],\"inLanguage\":\"tr\"}]}<\/script>\n<!-- \/ Yoast SEO plugin. -->","yoast_head_json":{"title":"\u0130stanbul Havaliman\u0131 Terminali - \u0130stanbul Uluslararas\u0131 Havaliman\u0131 (IST) - T\u00fcrkiye'nin yeni havaliman\u0131","robots":{"index":"index","follow":"follow","max-snippet":"max-snippet:-1","max-image-preview":"max-image-preview:large","max-video-preview":"max-video-preview:-1"},"canonical":"https:\/\/istanbul-ist-international-airport.com\/tr\/istanbul-airport-terminal\/","og_locale":"tr_TR","og_type":"article","og_title":"Istanbul Airport Terminal - Istanbul International Airport (IST) - Turkey&#039;s new airport","og_description":"An Overview of the Terminal at New Istanbul Aiport The immense&nbsp;Istanbul airport&nbsp;terminal stretches across a vast 1,440,000 square meter area and is renowned as the largest terminal building in the world, all under one roof. With its state-of-the-art design, the brand-new terminal is separated into a departure area and an arrival zone. To ensure ease [&hellip;]","og_url":"https:\/\/istanbul-ist-international-airport.com\/tr\/istanbul-airport-terminal\/","og_site_name":"Istanbul International Airport (IST) - Turkey&#039;s new airport","article_modified_time":"2025-09-13T11:36:46+00:00","og_image":[{"width":2160,"height":825,"url":"https:\/\/istanbul-ist-international-airport.com\/wp-content\/uploads\/2025\/09\/ist_1.jpg","type":"image\/jpeg"}],"twitter_card":"summary_large_image","twitter_misc":{"Tahmini okuma s\u00fcresi":"3 dakika"},"schema":{"@context":"https:\/\/schema.org","@graph":[{"@type":"WebPage","@id":"https:\/\/istanbul-ist-international-airport.com\/tr\/istanbul-airport-terminal\/","url":"https:\/\/istanbul-ist-international-airport.com\/tr\/istanbul-airport-terminal\/","name":"\u0130stanbul Havaliman\u0131 Terminali - \u0130stanbul Uluslararas\u0131 Havaliman\u0131 (IST) - T\u00fcrkiye'nin yeni havaliman\u0131","isPartOf":{"@id":"https:\/\/istanbul-ist-international-airport.com\/tr\/#website"},"primaryImageOfPage":{"@id":"https:\/\/istanbul-ist-international-airport.com\/tr\/istanbul-airport-terminal\/#primaryimage"},"image":{"@id":"https:\/\/istanbul-ist-international-airport.com\/tr\/istanbul-airport-terminal\/#primaryimage"},"thumbnailUrl":"https:\/\/istanbul-ist-international-airport.com\/wp-content\/uploads\/2025\/09\/ist_1.jpg","datePublished":"2025-09-10T14:22:33+00:00","dateModified":"2025-09-13T11:36:46+00:00","breadcrumb":{"@id":"https:\/\/istanbul-ist-international-airport.com\/tr\/istanbul-airport-terminal\/#breadcrumb"},"inLanguage":"tr","potentialAction":[{"@type":"ReadAction","target":["https:\/\/istanbul-ist-international-airport.com\/tr\/istanbul-airport-terminal\/"]}]},{"@type":"ImageObject","inLanguage":"tr","@id":"https:\/\/istanbul-ist-international-airport.com\/tr\/istanbul-airport-terminal\/#primaryimage","url":"https:\/\/istanbul-ist-international-airport.com\/wp-content\/uploads\/2025\/09\/ist_1.jpg","contentUrl":"https:\/\/istanbul-ist-international-airport.com\/wp-content\/uploads\/2025\/09\/ist_1.jpg","width":2160,"height":825},{"@type":"BreadcrumbList","@id":"https:\/\/istanbul-ist-international-airport.com\/tr\/istanbul-airport-terminal\/#breadcrumb","itemListElement":[{"@type":"ListItem","position":1,"name":"Home","item":"https:\/\/istanbul-ist-international-airport.com\/"},{"@type":"ListItem","position":2,"name":"Istanbul Airport Terminal"}]},{"@type":"WebSite","@id":"https:\/\/istanbul-ist-international-airport.com\/tr\/#website","url":"https:\/\/istanbul-ist-international-airport.com\/tr\/","name":"Istanbul International Airport (IST) - Turkey&#039;s new airport","description":"Navigating Istanbul International Airport: A Traveler\u2019s Guide.","potentialAction":[{"@type":"SearchAction","target":{"@type":"EntryPoint","urlTemplate":"https:\/\/istanbul-ist-international-airport.com\/tr\/?s={search_term_string}"},"query-input":{"@type":"PropertyValueSpecification","valueRequired":true,"valueName":"search_term_string"}}],"inLanguage":"tr"}]}},"_links":{"self":[{"href":"https:\/\/istanbul-ist-international-airport.com\/tr\/wp-json\/wp\/v2\/pages\/3467","targetHints":{"allow":["GET"]}}],"collection":[{"href":"https:\/\/istanbul-ist-international-airport.com\/tr\/wp-json\/wp\/v2\/pages"}],"about":[{"href":"https:\/\/istanbul-ist-international-airport.com\/tr\/wp-json\/wp\/v2\/types\/page"}],"author":[{"embeddable":true,"href":"https:\/\/istanbul-ist-international-airport.com\/tr\/wp-json\/wp\/v2\/users\/1"}],"replies":[{"embeddable":true,"href":"https:\/\/istanbul-ist-international-airport.com\/tr\/wp-json\/wp\/v2\/comments?post=3467"}],"version-history":[{"count":2,"href":"https:\/\/istanbul-ist-international-airport.com\/tr\/wp-json\/wp\/v2\/pages\/3467\/revisions"}],"predecessor-version":[{"id":3759,"href":"https:\/\/istanbul-ist-international-airport.com\/tr\/wp-json\/wp\/v2\/pages\/3467\/revisions\/3759"}],"wp:featuredmedia":[{"embeddable":true,"href":"https:\/\/istanbul-ist-international-airport.com\/tr\/wp-json\/wp\/v2\/media\/3757"}],"wp:attachment":[{"href":"https:\/\/istanbul-ist-international-airport.com\/tr\/wp-json\/wp\/v2\/media?parent=3467"}],"curies":[{"name":"wp","href":"https:\/\/api.w.org\/{rel}","templated":true}]}}